{"id":7105,"date":"2021-08-17T14:13:30","date_gmt":"2021-08-17T14:13:30","guid":{"rendered":"https:\/\/enlarapita.com\/faqs\/"},"modified":"2021-08-17T14:13:30","modified_gmt":"2021-08-17T14:13:30","slug":"faqs","status":"publish","type":"page","link":"https:\/\/enlarapita.com\/fr\/faqs\/","title":{"rendered":"FAQ&rsquo;s"},"content":{"rendered":"\t\t<div data-elementor-type=\"wp-page\" data-elementor-id=\"7105\" class=\"elementor elementor-7105 elementor-4157\" data-elementor-post-type=\"page\">\n\t\t\t\t\t\t<section class=\"elementor-section elementor-top-section elementor-element elementor-element-acfad23 page__general elementor-section-boxed elementor-section-height-default elementor-section-height-default\" data-id=\"acfad23\" data-element_type=\"section\" data-e-type=\"section\">\n\t\t\t\t\t\t<div class=\"elementor-container elementor-column-gap-default\">\n\t\t\t\t\t<div class=\"elementor-column elementor-col-100 elementor-top-column elementor-element elementor-element-e55b83c\" data-id=\"e55b83c\" data-element_type=\"column\" data-e-type=\"column\">\n\t\t\t<div class=\"elementor-widget-wrap elementor-element-populated\">\n\t\t\t\t\t\t<div class=\"elementor-element elementor-element-17f56545 elementor-widget elementor-widget-heading\" data-id=\"17f56545\" data-element_type=\"widget\" data-e-type=\"widget\" data-widget_type=\"heading.default\">\n\t\t\t\t<div class=\"elementor-widget-container\">\n\t\t\t\t\t<h1 class=\"elementor-heading-title elementor-size-default\">FAQ's<\/h1>\t\t\t\t<\/div>\n\t\t\t\t<\/div>\n\t\t\t\t<div class=\"elementor-element elementor-element-d8e4422 elementor-widget elementor-widget-text-editor\" data-id=\"d8e4422\" data-element_type=\"widget\" data-e-type=\"widget\" data-widget_type=\"text-editor.default\">\n\t\t\t\t<div class=\"elementor-widget-container\">\n\t\t\t\t\t\t\t\t\t<p><strong>Quels sont les horaires d\u2019ouverture au public?<\/strong><br \/>Nous sommes \u00e0 votre disposition pour r\u00e9pondre \u00e0 vos demandes par t\u00e9l\u00e9phone ou en personne \u00e0 l\u2019office du tourisme de Sant Carles de la R\u00e0pita (Av. dels Alfacs, s\/n, Parc de Garb\u00ed):<\/p>\n<p>Horaires d\u2019ouverture au public, basse saison : du lundi apr\u00e8s la fin de la F\u00eate des Origines au dernier jeudi avant P\u00e2ques \/ vendredi avant le dimanche des Rameaux.<\/p>\n<p>Du lundi au vendredi de 9 h 30 \u00e0 14 h et de 15 h \u00e0 17 h 30<\/p>\n<p>Le samedi et dimanche de 9 h 30 \u00e0 14 h.<\/p>\n<p>Horaires d\u2019ouverture au public, moyenne saison : du vendredi avant le dimanche des Rameaux, P\u00e2ques, au deuxi\u00e8me dimanche de juin (inclus). Et du troisi\u00e8me lundi de septembre (juste apr\u00e8s le week-end de la F\u00eate de la Catalogne) au dimanche de la F\u00eate des Origines, le deuxi\u00e8me dimanche d\u2019octobre, inclus.<\/p>\n<p>Du lundi au samedi : de 9 h 30 \u00e0 14 h et de 16 h \u00e0 19 h<\/p>\n<p>Le dimanche de 9 h 30 \u00e0 14 h. Ferm\u00e9 l\u2019apr\u00e8s-midi.<\/p>\n<p>Horaires d\u2019ouverture au public, haute saison : du troisi\u00e8me lundi de juin au deuxi\u00e8me dimanche de septembre, le week-end de la F\u00eate de la Catalogne, inclus.<\/p>\n<p>Tous les jours de 9 h 30 \u00e0 14 h et de 17 h \u00e0 20 h<\/p>\n<p><strong>Les horaires pendant les jours f\u00e9ri\u00e9s et les longs week-ends<\/strong> seront \u00e0 temps complet et correspondront \u00e0 chaque saison, sauf le lundi de P\u00e2ques, le 12 octobre et le 8 d\u00e9cembre, o\u00f9 les horaires seront de 9 h 30 \u00e0 14 h.<\/p>\n<p>Le bureau sera ferm\u00e9 les 24, 25, 26 et 31 d\u00e9cembre, le premier et le 6 janvier.<\/p>\n<p>\u00a0<\/p>\n<p>Nous restons \u00e0 votre disposition, nous vous attendons!<\/p>\n<p>\u00a0<\/p>\n<p><strong>Quels sont les avantages d\u2019effectuer une r\u00e9servation \u00e0 la station nautique?<\/strong><\/p>\n<ul>\n<li>Conseils personnalis\u00e9s. Nous sommes amis des voyageurs. Nous vous mettons \u00e0 l\u2019aise!<\/li>\n<li>Nous sommes ouverts 7 jours sur 7 et 365 jours par an.<\/li>\n<li>Nous sommes experts dans notre m\u00e9tier : conna\u00eetre les attentes des clients et les satisfaire, pour \u00eatre de bons professionnels.<\/li>\n<li>Qualit\u00e9 et am\u00e9lioration continues<\/li>\n<li>Engagement envers l\u2019environnement<\/li>\n<li>Achats online en toute s\u00e9curit\u00e9<\/li>\n<li>Conseils pour \u00e9laborer un voyage sur mesure<\/li>\n<li>Vocation de territoire : transformation de la culture de la mer en source constante de prosp\u00e9rit\u00e9 et de bonheur.<\/li>\n<li>Toutes les activit\u00e9s que nous proposons dont coordonn\u00e9es et supervis\u00e9es par des moniteurs experts et des instructeurs professionnels, grands connaisseurs de la mer.<\/li>\n<li>En outre, si vous vous inscrivez \u00e0 notre club, vous pourrez b\u00e9n\u00e9ficier de remises, de recommandations personnalis\u00e9s et de bien d\u2019autres avantages. <\/li>\n<\/ul>\n<p>\u00a0<\/p>\n<p>Pour toutes vos questions et commentaires, \u00e9crivez \u00e0 info@enlarapita.com<\/p>\n<p><strong>Si je ne sais pas quelle activit\u00e9 et\/ou service choisir, pouvez-vous me conseiller?<\/strong> Oui, bien s\u00fbr. Vous pouvez nous contacter via Whatsapp, e-mail ou appel t\u00e9l\u00e9phonique. Si vous le pr\u00e9f\u00e9rez, vous pouvez venir nous rendre visite au bureau aux horaires d\u2019ouverture.<\/p>\n<p>\u00a0<\/p>\n<p><strong>Existe-t-il un chat online?<\/strong><\/p>\n<p>Oui, par Whatsapp au (+34) 678 48 70 53. <\/p>\n<p>\u00a0<\/p>\n<p><strong>Si j\u2019ai d\u00e9j\u00e0 effectu\u00e9 le paiement de la r\u00e9servation mais je me rends compte qu\u2019un minimum de personnes est n\u00e9cessaire pour r\u00e9aliser  l\u2019activit\u00e9, puis-je \u00eatre rembours\u00e9.e?<\/strong><br \/>Oui. Si l\u2019une de nos activit\u00e9s et\/ou services requiert un nombre minimum de personnes pour pouvoir garantir la r\u00e9servation, et que le paiement a \u00e9t\u00e9 effectu\u00e9 mais que le nombre minimum de personnes n\u2019a pas \u00e9t\u00e9 atteint, la station nautique contactera le client et lui remboursera la totalit\u00e9 du paiement ou lui offrira la possibilit\u00e9 de changer de date pour tenter d\u2019atteindre le minimum de personnes requis pour cette activit\u00e9 et\/ou service.<\/p>\n<p>\u00a0<\/p>\n<p><strong>Est-il possible d\u2019effectuer la r\u00e9servation directement dans vos bureaux ou doit-elle \u00eatre effectu\u00e9e uniquement online?<\/strong><br \/>La r\u00e9servation ne doit pas \u00eatre effectu\u00e9e obligatoirement online. Si vous n\u2019avez pas acc\u00e8s \u00e0 Internet ou si vous rencontrez des probl\u00e8mes, nous pouvons effectuer votre r\u00e9servation sur place.<\/p>\n<p>\u00a0<\/p>\n<p><strong>Le prix est-il le m\u00eame si je r\u00e9serve avec vous ou directement avec l\u2019entreprise prestataire de services?<\/strong><\/p>\n<p>Oui, le prix est le m\u00eame. Nos entreprises se sont engag\u00e9es \u00e0 maintenir les m\u00eames prix pour leurs ventes directes ou via la station nautique.<\/p>\n<p>\u00a0<\/p>\n<p><strong>Si je r\u00e9serve une activit\u00e9 aquatique et que les conditions m\u00e9t\u00e9o sont d\u00e9favorables, puis-je me faire rembourser?<\/strong><\/p>\n<p>L\u2019entreprise prestataire des services d\u00e9cide si l\u2019activit\u00e9 est annul\u00e9e en cas de conditions m\u00e9t\u00e9orologiques d\u00e9favorables. Dans ce cas, si l\u2019activit\u00e9 est annul\u00e9e, l\u2019entreprise peut reporter l\u2019activit\u00e9 ou rembourser le client.<\/p>\n<p>\u00a0<\/p>\n<p><strong>Quels moyens de paiement acceptez-vous?<\/strong><\/p>\n<p>Vous pouvez effectuer votre paiement par carte (de cr\u00e9dit ou de d\u00e9bit) ou par PayPal. Paiement par virement bancaire possible pour les groupes et les entreprises. Dans tous les cas, le paiement en esp\u00e8ces n\u2019est pas autoris\u00e9 pour des raisons de s\u00e9curit\u00e9.<\/p>\n<p>\u00a0<\/p>\n<p><strong>Proposez-vous des ch\u00e8ques-cadeaux?<\/strong><\/p>\n<p>Oui, pour toutes les activit\u00e9s. Pour obtenir votre ch\u00e8que-cadeau, il vous suffit de r\u00e9server l\u2019activit\u00e9, puis regardez sur la partie sup\u00e9rieure, sous le titre de l\u2019activit\u00e9. Vous verrez le menu acheter\/offrir\/changer. Cliquez sur offrir et envoyez le ch\u00e8que-cadeau \u00e0 la personne de votre choix.<\/p>\n<p>\u00a0<\/p>\n<p><strong>Quelle est la dur\u00e9e de validit\u00e9 des ch\u00e8ques-cadeaux?<\/strong><\/p>\n<p>Un an \u00e0 partir de la date de r\u00e9servation.<\/p>\n<p>\u00a0<\/p>\n<p><strong>Combien de jours \u00e0 l\u2019avance puis-je r\u00e9server?<\/strong><\/p>\n<p>Cela d\u00e9pend de chaque activit\u00e9 mais la r\u00e9servation s\u2019effectue g\u00e9n\u00e9ralement 24 h \u00e0 l\u2019avance. Vous pouvez trouver les informations n\u00e9cessaires en cliquant sur l\u2019activit\u00e9 souhait\u00e9e, dans la section \u00ab Plus de renseignements\u00bb<\/p>\n<p>\u00a0<\/p>\n<p><strong>Comment obtenir une facture pour l\u2019activit\u00e9 ou le service r\u00e9alis\u00e9?<\/strong><\/p>\n<p>La facture sera \u00e9mise s\u00e9par\u00e9ment par l\u2019entreprise prestataire du service. L\u2019Associaci\u00f3 Estaci\u00f3 N\u00e0utica (Association Station nautique) Sant Carles de la R\u00e0pita-Delta de l\u2019\u00c8bre assure les activit\u00e9s d\u2019information et de renseignements et fonctionne en tant que centrale d\u2019achats. Elle d\u00e9cline toute responsabilit\u00e9 d\u00e9riv\u00e9e de l\u2019activit\u00e9 r\u00e9alis\u00e9e par l\u2019entreprise prestataire de services. En cas de r\u00e9clamation, s\u2019adresser \u00e0 celle-ci. En cas de r\u00e9clamation, veuillez vous adresser \u00e0 l\u2019entreprise prestataire des services.<\/p>\n<p>\u00a0<\/p>\n<p><strong>O\u00f9 puis-je trouver la localisation des activit\u00e9s ou exp\u00e9riences que vous proposez?<\/strong><\/p>\n<p>Chaque activit\u00e9 poss\u00e8de sa propre localisation. Cliquez sur chaque exp\u00e9rience, vous verrez un plan appara\u00eetre avec la localisation exacte.<\/p>\n<p>\u00a0<\/p>\n<p><strong>Puis-je savoir quels \u00e9v\u00e9nements ont lieu lors de mon s\u00e9jour \u00e0 Sant Carles de la R\u00e0pita?<\/strong><\/p>\n<p>Consultez la section Agenda et d\u00e9couvrez les \u00e9v\u00e9nements pr\u00e9vus lors de votre s\u00e9jour. Vous pouvez \u00e9galement consulter l\u2019agenda des \u00e9v\u00e9nements dans les Terres de l\u2019\u00c8bre sur le site Internet terresdelebre.travel<\/p>\n<p>\u00a0<\/p>\n<p><strong>Quelles activit\u00e9s puis-je r\u00e9aliser avec mon animal de compagnie?<\/strong><\/p>\n<p>Consultez les exp\u00e9riences personnalis\u00e9es et choisissez \u00ab Le Delta avec des animaux de compagnie \u00bb. Vous y trouverez tous les renseignements n\u00e9cessaires!<\/p>\n\t\t\t\t\t\t\t\t<\/div>\n\t\t\t\t<\/div>\n\t\t\t\t\t<\/div>\n\t\t<\/div>\n\t\t\t\t\t<\/div>\n\t\t<\/section>\n\t\t\t\t<\/div>\n\t\t","protected":false},"excerpt":{"rendered":"<p>FAQ&rsquo;s Quels sont les horaires d\u2019ouverture au public?Nous sommes \u00e0 votre disposition pour r\u00e9pondre \u00e0 vos demandes par t\u00e9l\u00e9phone ou en personne \u00e0 l\u2019office du tourisme de La R\u00e0pita (Av. dels Alfacs, s\/n, Parc de Garb\u00ed): Horaires d\u2019ouverture au public, basse saison : du lundi apr\u00e8s la fin de la F\u00eate des Origines au dernier&hellip; <a class=\"more-link\" href=\"https:\/\/enlarapita.com\/fr\/faqs\/\">Poursuivre la lecture <span class=\"screen-reader-text\">FAQ&rsquo;s<\/span><\/a><\/p>\n","protected":false},"author":1,"featured_media":0,"parent":0,"menu_order":0,"comment_status":"closed","ping_status":"closed","template":"elementor_header_footer","meta":{"_acf_changed":false,"footnotes":""},"class_list":["post-7105","page","type-page","status-publish","hentry","entry"],"acf":[],"yoast_head":"<!-- This site is optimized with the Yoast SEO plugin v27.4 - https:\/\/yoast.com\/product\/yoast-seo-wordpress\/ -->\n<title>FAQ&#039;s - En la R\u00e0pita<\/title>\n<meta name=\"robots\" content=\"index, follow, max-snippet:-1, max-image-preview:large, max-video-preview:-1\" \/>\n<link rel=\"canonical\" href=\"https:\/\/enlarapita.com\/fr\/faqs\/\" \/>\n<meta property=\"og:locale\" content=\"fr_FR\" \/>\n<meta property=\"og:type\" content=\"article\" \/>\n<meta property=\"og:title\" content=\"FAQ&#039;s - En la R\u00e0pita\" \/>\n<meta property=\"og:description\" content=\"FAQ&rsquo;s Quels sont les horaires d\u2019ouverture au public?Nous sommes \u00e0 votre disposition pour r\u00e9pondre \u00e0 vos demandes par t\u00e9l\u00e9phone ou en personne \u00e0 l\u2019office du tourisme de La R\u00e0pita (Av. dels Alfacs, s\/n, Parc de Garb\u00ed): Horaires d\u2019ouverture au public, basse saison : du lundi apr\u00e8s la fin de la F\u00eate des Origines au dernier&hellip; Poursuivre la lecture FAQ&rsquo;s\" \/>\n<meta property=\"og:url\" content=\"https:\/\/enlarapita.com\/fr\/faqs\/\" \/>\n<meta property=\"og:site_name\" content=\"En la R\u00e0pita\" \/>\n<meta name=\"twitter:card\" content=\"summary_large_image\" \/>\n<meta name=\"twitter:label1\" content=\"Dur\u00e9e de lecture estim\u00e9e\" \/>\n\t<meta name=\"twitter:data1\" content=\"6 minutes\" \/>\n<script type=\"application\/ld+json\" class=\"yoast-schema-graph\">{\"@context\":\"https:\\\/\\\/schema.org\",\"@graph\":[{\"@type\":\"WebPage\",\"@id\":\"https:\\\/\\\/enlarapita.com\\\/fr\\\/faqs\\\/\",\"url\":\"https:\\\/\\\/enlarapita.com\\\/fr\\\/faqs\\\/\",\"name\":\"FAQ's - En la R\u00e0pita\",\"isPartOf\":{\"@id\":\"https:\\\/\\\/enlarapita.com\\\/fr\\\/#website\"},\"datePublished\":\"2021-08-17T14:13:30+00:00\",\"breadcrumb\":{\"@id\":\"https:\\\/\\\/enlarapita.com\\\/fr\\\/faqs\\\/#breadcrumb\"},\"inLanguage\":\"fr-FR\",\"potentialAction\":[{\"@type\":\"ReadAction\",\"target\":[\"https:\\\/\\\/enlarapita.com\\\/fr\\\/faqs\\\/\"]}]},{\"@type\":\"BreadcrumbList\",\"@id\":\"https:\\\/\\\/enlarapita.com\\\/fr\\\/faqs\\\/#breadcrumb\",\"itemListElement\":[{\"@type\":\"ListItem\",\"position\":1,\"name\":\"Portada\",\"item\":\"https:\\\/\\\/enlarapita.com\\\/fr\\\/\"},{\"@type\":\"ListItem\",\"position\":2,\"name\":\"FAQ&#8217;s\"}]},{\"@type\":\"WebSite\",\"@id\":\"https:\\\/\\\/enlarapita.com\\\/fr\\\/#website\",\"url\":\"https:\\\/\\\/enlarapita.com\\\/fr\\\/\",\"name\":\"En la R\u00e0pita\",\"description\":\"\",\"publisher\":{\"@id\":\"https:\\\/\\\/enlarapita.com\\\/fr\\\/#organization\"},\"potentialAction\":[{\"@type\":\"SearchAction\",\"target\":{\"@type\":\"EntryPoint\",\"urlTemplate\":\"https:\\\/\\\/enlarapita.com\\\/fr\\\/?s={search_term_string}\"},\"query-input\":{\"@type\":\"PropertyValueSpecification\",\"valueRequired\":true,\"valueName\":\"search_term_string\"}}],\"inLanguage\":\"fr-FR\"},{\"@type\":\"Organization\",\"@id\":\"https:\\\/\\\/enlarapita.com\\\/fr\\\/#organization\",\"name\":\"En la R\u00e0pita\",\"url\":\"https:\\\/\\\/enlarapita.com\\\/fr\\\/\",\"logo\":{\"@type\":\"ImageObject\",\"inLanguage\":\"fr-FR\",\"@id\":\"https:\\\/\\\/enlarapita.com\\\/fr\\\/#\\\/schema\\\/logo\\\/image\\\/\",\"url\":\"https:\\\/\\\/enlarapita.com\\\/wp-content\\\/uploads\\\/2021\\\/04\\\/cropped-logo-enlarapita-blau.png\",\"contentUrl\":\"https:\\\/\\\/enlarapita.com\\\/wp-content\\\/uploads\\\/2021\\\/04\\\/cropped-logo-enlarapita-blau.png\",\"width\":130,\"height\":19,\"caption\":\"En la R\u00e0pita\"},\"image\":{\"@id\":\"https:\\\/\\\/enlarapita.com\\\/fr\\\/#\\\/schema\\\/logo\\\/image\\\/\"}}]}<\/script>\n<!-- \/ Yoast SEO plugin. -->","yoast_head_json":{"title":"FAQ's - En la R\u00e0pita","robots":{"index":"index","follow":"follow","max-snippet":"max-snippet:-1","max-image-preview":"max-image-preview:large","max-video-preview":"max-video-preview:-1"},"canonical":"https:\/\/enlarapita.com\/fr\/faqs\/","og_locale":"fr_FR","og_type":"article","og_title":"FAQ's - En la R\u00e0pita","og_description":"FAQ&rsquo;s Quels sont les horaires d\u2019ouverture au public?Nous sommes \u00e0 votre disposition pour r\u00e9pondre \u00e0 vos demandes par t\u00e9l\u00e9phone ou en personne \u00e0 l\u2019office du tourisme de La R\u00e0pita (Av. dels Alfacs, s\/n, Parc de Garb\u00ed): Horaires d\u2019ouverture au public, basse saison : du lundi apr\u00e8s la fin de la F\u00eate des Origines au dernier&hellip; Poursuivre la lecture FAQ&rsquo;s","og_url":"https:\/\/enlarapita.com\/fr\/faqs\/","og_site_name":"En la R\u00e0pita","twitter_card":"summary_large_image","twitter_misc":{"Dur\u00e9e de lecture estim\u00e9e":"6 minutes"},"schema":{"@context":"https:\/\/schema.org","@graph":[{"@type":"WebPage","@id":"https:\/\/enlarapita.com\/fr\/faqs\/","url":"https:\/\/enlarapita.com\/fr\/faqs\/","name":"FAQ's - En la R\u00e0pita","isPartOf":{"@id":"https:\/\/enlarapita.com\/fr\/#website"},"datePublished":"2021-08-17T14:13:30+00:00","breadcrumb":{"@id":"https:\/\/enlarapita.com\/fr\/faqs\/#breadcrumb"},"inLanguage":"fr-FR","potentialAction":[{"@type":"ReadAction","target":["https:\/\/enlarapita.com\/fr\/faqs\/"]}]},{"@type":"BreadcrumbList","@id":"https:\/\/enlarapita.com\/fr\/faqs\/#breadcrumb","itemListElement":[{"@type":"ListItem","position":1,"name":"Portada","item":"https:\/\/enlarapita.com\/fr\/"},{"@type":"ListItem","position":2,"name":"FAQ&#8217;s"}]},{"@type":"WebSite","@id":"https:\/\/enlarapita.com\/fr\/#website","url":"https:\/\/enlarapita.com\/fr\/","name":"En la R\u00e0pita","description":"","publisher":{"@id":"https:\/\/enlarapita.com\/fr\/#organization"},"potentialAction":[{"@type":"SearchAction","target":{"@type":"EntryPoint","urlTemplate":"https:\/\/enlarapita.com\/fr\/?s={search_term_string}"},"query-input":{"@type":"PropertyValueSpecification","valueRequired":true,"valueName":"search_term_string"}}],"inLanguage":"fr-FR"},{"@type":"Organization","@id":"https:\/\/enlarapita.com\/fr\/#organization","name":"En la R\u00e0pita","url":"https:\/\/enlarapita.com\/fr\/","logo":{"@type":"ImageObject","inLanguage":"fr-FR","@id":"https:\/\/enlarapita.com\/fr\/#\/schema\/logo\/image\/","url":"https:\/\/enlarapita.com\/wp-content\/uploads\/2021\/04\/cropped-logo-enlarapita-blau.png","contentUrl":"https:\/\/enlarapita.com\/wp-content\/uploads\/2021\/04\/cropped-logo-enlarapita-blau.png","width":130,"height":19,"caption":"En la R\u00e0pita"},"image":{"@id":"https:\/\/enlarapita.com\/fr\/#\/schema\/logo\/image\/"}}]}},"_links":{"self":[{"href":"https:\/\/enlarapita.com\/fr\/wp-json\/wp\/v2\/pages\/7105","targetHints":{"allow":["GET"]}}],"collection":[{"href":"https:\/\/enlarapita.com\/fr\/wp-json\/wp\/v2\/pages"}],"about":[{"href":"https:\/\/enlarapita.com\/fr\/wp-json\/wp\/v2\/types\/page"}],"author":[{"embeddable":true,"href":"https:\/\/enlarapita.com\/fr\/wp-json\/wp\/v2\/users\/1"}],"replies":[{"embeddable":true,"href":"https:\/\/enlarapita.com\/fr\/wp-json\/wp\/v2\/comments?post=7105"}],"version-history":[{"count":0,"href":"https:\/\/enlarapita.com\/fr\/wp-json\/wp\/v2\/pages\/7105\/revisions"}],"wp:attachment":[{"href":"https:\/\/enlarapita.com\/fr\/wp-json\/wp\/v2\/media?parent=7105"}],"curies":[{"name":"wp","href":"https:\/\/api.w.org\/{rel}","templated":true}]}}