{"id":6962,"date":"2021-08-16T10:21:17","date_gmt":"2021-08-16T10:21:17","guid":{"rendered":"https:\/\/enlarapita.com\/avertissement-legal\/"},"modified":"2021-08-16T10:21:17","modified_gmt":"2021-08-16T10:21:17","slug":"avertissement-legal","status":"publish","type":"page","link":"https:\/\/enlarapita.com\/fr\/avertissement-legal\/","title":{"rendered":"Avertissement l\u00e9gal"},"content":{"rendered":"\t\t<div data-elementor-type=\"wp-page\" data-elementor-id=\"6962\" class=\"elementor elementor-6962 elementor-389\" data-elementor-post-type=\"page\">\n\t\t\t\t\t\t<section class=\"elementor-section elementor-top-section elementor-element elementor-element-93ad48c page__general elementor-section-boxed elementor-section-height-default elementor-section-height-default\" data-id=\"93ad48c\" data-element_type=\"section\" data-e-type=\"section\">\n\t\t\t\t\t\t<div class=\"elementor-container elementor-column-gap-default\">\n\t\t\t\t\t<div class=\"elementor-column elementor-col-100 elementor-top-column elementor-element elementor-element-9570b13\" data-id=\"9570b13\" data-element_type=\"column\" data-e-type=\"column\">\n\t\t\t<div class=\"elementor-widget-wrap elementor-element-populated\">\n\t\t\t\t\t\t<div class=\"elementor-element elementor-element-2dde311c elementor-widget elementor-widget-heading\" data-id=\"2dde311c\" data-element_type=\"widget\" data-e-type=\"widget\" data-widget_type=\"heading.default\">\n\t\t\t\t<div class=\"elementor-widget-container\">\n\t\t\t\t\t<h1 class=\"elementor-heading-title elementor-size-default\">Avertissement l\u00e9gal<\/h1>\t\t\t\t<\/div>\n\t\t\t\t<\/div>\n\t\t\t\t<div class=\"elementor-element elementor-element-a147d9d elementor-widget elementor-widget-heading\" data-id=\"a147d9d\" data-element_type=\"widget\" data-e-type=\"widget\" data-widget_type=\"heading.default\">\n\t\t\t\t<div class=\"elementor-widget-container\">\n\t\t\t\t\t<h2 class=\"elementor-heading-title elementor-size-default\">Llei dels serveis de la Societat de la Informaci\u00f3 (LSSI)<\/h2>\t\t\t\t<\/div>\n\t\t\t\t<\/div>\n\t\t\t\t<div class=\"elementor-element elementor-element-0709d3a elementor-widget elementor-widget-text-editor\" data-id=\"0709d3a\" data-element_type=\"widget\" data-e-type=\"widget\" data-widget_type=\"text-editor.default\">\n\t\t\t\t<div class=\"elementor-widget-container\">\n\t\t\t\t\t\t\t\t\t<p>ASSOCIACIO ESTACIO NAUTICA LA R\u00c0PITA &#8211; DELTA DE L&rsquo;EBRE, responsable del lloc web, d\u2019ara<br \/>\nendavant el RESPONSABLE, posa a disposici\u00f3 dels usuaris aquest document, amb el qual pret\u00e9n fer complir les<br \/>\nobligacions que estableix la Llei 34\/2002, de 11 de juliol, de Serveis de la Societat de la Informaci\u00f3 i de Comer\u00e7<br \/>\nElectr\u00f2nic (LSSICE), BOE N.\u00ba 166, aix\u00ed com informar tots els usuaris del lloc web sobre quines s\u00f3n les condicions<br \/>\nd\u2019\u00fas.<\/p>\n\t\t\t\t\t\t\t\t<\/div>\n\t\t\t\t<\/div>\n\t\t\t\t<div class=\"elementor-element elementor-element-8846ad2 elementor-widget elementor-widget-text-editor\" data-id=\"8846ad2\" data-element_type=\"widget\" data-e-type=\"widget\" data-widget_type=\"text-editor.default\">\n\t\t\t\t<div class=\"elementor-widget-container\">\n\t\t\t\t\t\t\t\t\t<p>Qualsevol persona que accedeixi a aquest lloc web assumeix el paper d\u2019usuari i es compromet a l\u2019observan\u00e7a i<br \/>\ncompliment rigor\u00f3s de les disposicions que s\u2019hi estableixen, aix\u00ed com a qualsevol altra disposici\u00f3 legal s\u2019hi apliqui.<\/p>\n\t\t\t\t\t\t\t\t<\/div>\n\t\t\t\t<\/div>\n\t\t\t\t<div class=\"elementor-element elementor-element-adf6f44 elementor-widget elementor-widget-text-editor\" data-id=\"adf6f44\" data-element_type=\"widget\" data-e-type=\"widget\" data-widget_type=\"text-editor.default\">\n\t\t\t\t<div class=\"elementor-widget-container\">\n\t\t\t\t\t\t\t\t\t<p>ASSOCIACIO ESTACIO NAUTICA LA R\u00c0PITA &#8211; DELTA DE L&rsquo;EBRE es reserva el dret de modificar<br \/>\nqualsevol tipus d\u2019informaci\u00f3 que pugui apar\u00e8ixer al lloc web, sense l\u2019obligaci\u00f3 de preavisar o assabentar els<br \/>\nusuaris d\u2019aquestes obligacions, at\u00e8s que es considera suficient la publicaci\u00f3 al lloc web de ASSOCIACIO ESTACIO<br \/>\nNAUTICA LA R\u00c0PITA &#8211; DELTA DE L&rsquo;EBRE.<\/p>\n\t\t\t\t\t\t\t\t<\/div>\n\t\t\t\t<\/div>\n\t\t\t\t<div class=\"elementor-element elementor-element-b6f4675 elementor-widget elementor-widget-heading\" data-id=\"b6f4675\" data-element_type=\"widget\" data-e-type=\"widget\" data-widget_type=\"heading.default\">\n\t\t\t\t<div class=\"elementor-widget-container\">\n\t\t\t\t\t<h3 class=\"elementor-heading-title elementor-size-default\">1. Dades identificadores<\/h3>\t\t\t\t<\/div>\n\t\t\t\t<\/div>\n\t\t\t\t<div class=\"elementor-element elementor-element-e795dd9 elementor-widget elementor-widget-text-editor\" data-id=\"e795dd9\" data-element_type=\"widget\" data-e-type=\"widget\" data-widget_type=\"text-editor.default\">\n\t\t\t\t<div class=\"elementor-widget-container\">\n\t\t\t\t\t\t\t\t\t<p>Nom del domini: enlarapita.com<\/p>\n<p>Nom comercial: ASSOCIACIO ESTACIO NAUTICA LA R\u00c0PITA &#8211; DELTA DE L&rsquo;EBRE<\/p>\n<p>Denominaci\u00f3 social: ASSOCIACIO ESTACIO NAUTICA LA R\u00c0PITA &#8211; DELTA DE L&rsquo;EBRE<\/p>\n<p>NIF: G43975226<\/p>\n<p>Domicili social: Av. dels Alfacs (Parc de Garb\u00ed, oficina de turisme) S\/N , 43540 LA R\u00c0PITA<br \/>(TARRAGONA)<\/p>\n<p>Tel\u00e8fon: +34 977 10 10 10<\/p>\n<p>e-mail: info@enlarapita.com<\/p>\n<p>Inscrita amb el n\u00famero 39110 de la secci\u00f3 1a del Registre de Terres de l&rsquo;Ebre.<\/p>\n\t\t\t\t\t\t\t\t<\/div>\n\t\t\t\t<\/div>\n\t\t\t\t<div class=\"elementor-element elementor-element-5c5a028 elementor-widget elementor-widget-heading\" data-id=\"5c5a028\" data-element_type=\"widget\" data-e-type=\"widget\" data-widget_type=\"heading.default\">\n\t\t\t\t<div class=\"elementor-widget-container\">\n\t\t\t\t\t<h3 class=\"elementor-heading-title elementor-size-default\">2. Drets de propietat intel\u00b7lectual i industrial<\/h3>\t\t\t\t<\/div>\n\t\t\t\t<\/div>\n\t\t\t\t<div class=\"elementor-element elementor-element-5cceec0 elementor-widget elementor-widget-text-editor\" data-id=\"5cceec0\" data-element_type=\"widget\" data-e-type=\"widget\" data-widget_type=\"text-editor.default\">\n\t\t\t\t<div class=\"elementor-widget-container\">\n\t\t\t\t\t\t\t\t\t<p>El lloc web, incloent a t\u00edtol enunciatiu per\u00f2 no limitatiu la seva programaci\u00f3, edici\u00f3, compilaci\u00f3 i altres elements<br \/>\nnecessaris per al seu funcionament, els dissenys, logotips, text i\/o gr\u00e0fics, s\u00f3n propietat del RESPONSABLE o, si<br \/>\n\u00e9s el cas, disposa de llic\u00e8ncia o autoritzaci\u00f3 expressa per part dels autors. Tots els continguts del lloc web es<br \/>\ntroben degudament protegits per la normativa de propietat intel\u00b7lectual i industrial, aix\u00ed com inscrits en els<br \/>\nregistres p\u00fablics corresponents.<\/p>\n\t\t\t\t\t\t\t\t<\/div>\n\t\t\t\t<\/div>\n\t\t\t\t<div class=\"elementor-element elementor-element-bdeb5e9 elementor-widget elementor-widget-text-editor\" data-id=\"bdeb5e9\" data-element_type=\"widget\" data-e-type=\"widget\" data-widget_type=\"text-editor.default\">\n\t\t\t\t<div class=\"elementor-widget-container\">\n\t\t\t\t\t\t\t\t\t<p>Independentment de la finalitat per a la qual fossin destinats, la reproducci\u00f3 total o parcial, \u00fas, explotaci\u00f3,<br \/>\ndistribuci\u00f3 i comercialitzaci\u00f3, requereix en tot cas l\u2019autoritzaci\u00f3 escrita pr\u00e8via per part del RESPONSABLE.<br \/>\nQualsevol \u00fas no autoritzat pr\u00e8viament es considera un incompliment greu dels drets de propietat intel\u00b7lectual o<br \/>\nindustrial de l\u2019autor.<\/p>\n\t\t\t\t\t\t\t\t<\/div>\n\t\t\t\t<\/div>\n\t\t\t\t<div class=\"elementor-element elementor-element-6247f3d elementor-widget elementor-widget-text-editor\" data-id=\"6247f3d\" data-element_type=\"widget\" data-e-type=\"widget\" data-widget_type=\"text-editor.default\">\n\t\t\t\t<div class=\"elementor-widget-container\">\n\t\t\t\t\t\t\t\t\t<p>Els dissenys, logotips, text i\/o gr\u00e0fics aliens al RESPONSABLE i que puguin apar\u00e8ixer al lloc web, pertanyen als seus respectius propietaris, els quals s\u00f3n responsables de qualsevol possible controv\u00e8rsia que se\u2019n pugui desprendre. El RESPONSABLE autoritza expressament que tercers puguin redirigir directament als continguts concrets del lloc web, i en tot cas redirigir al lloc web principal de enlarapita.com.<\/p>\n\t\t\t\t\t\t\t\t<\/div>\n\t\t\t\t<\/div>\n\t\t\t\t<div class=\"elementor-element elementor-element-128771b elementor-widget elementor-widget-text-editor\" data-id=\"128771b\" data-element_type=\"widget\" data-e-type=\"widget\" data-widget_type=\"text-editor.default\">\n\t\t\t\t<div class=\"elementor-widget-container\">\n\t\t\t\t\t\t\t\t\t<p>El RESPONSABLE reconeix a favor dels seus titulars els corresponents drets de propietat intel\u00b7lectual i industrial, sense implicar el seu sol esment o aparici\u00f3 al lloc web l\u2019exist\u00e8ncia de drets o responsabilitat sobre aquests, ni el suport, patrocini o recomanaci\u00f3 per part del RESPONSABLE.<\/p>\n\t\t\t\t\t\t\t\t<\/div>\n\t\t\t\t<\/div>\n\t\t\t\t<div class=\"elementor-element elementor-element-9dd6e30 elementor-widget elementor-widget-text-editor\" data-id=\"9dd6e30\" data-element_type=\"widget\" data-e-type=\"widget\" data-widget_type=\"text-editor.default\">\n\t\t\t\t<div class=\"elementor-widget-container\">\n\t\t\t\t\t\t\t\t\t<p>Per efectuar qualsevol tipus d\u2019observaci\u00f3 respecte a possibles incompliments dels drets de propietat intel\u00b7lectual o industrial, aix\u00ed com sobre qualsevol dels continguts del lloc web, pot fer-ho a trav\u00e9s del correu electr\u00f2nic coordinador@enlarapita.com.<\/p>\n\t\t\t\t\t\t\t\t<\/div>\n\t\t\t\t<\/div>\n\t\t\t\t<div class=\"elementor-element elementor-element-6a60bb5 elementor-widget elementor-widget-heading\" data-id=\"6a60bb5\" data-element_type=\"widget\" data-e-type=\"widget\" data-widget_type=\"heading.default\">\n\t\t\t\t<div class=\"elementor-widget-container\">\n\t\t\t\t\t<h3 class=\"elementor-heading-title elementor-size-default\">3. Exempci\u00f3 de responsabilitats<\/h3>\t\t\t\t<\/div>\n\t\t\t\t<\/div>\n\t\t\t\t<div class=\"elementor-element elementor-element-6453fd2 elementor-widget elementor-widget-text-editor\" data-id=\"6453fd2\" data-element_type=\"widget\" data-e-type=\"widget\" data-widget_type=\"text-editor.default\">\n\t\t\t\t<div class=\"elementor-widget-container\">\n\t\t\t\t\t\t\t\t\t<p>El RESPONSABLE s\u2019eximeix de qualsevol tipus de responsabilitat derivada de la informaci\u00f3 publicada al seu lloc<br \/>\nweb en cas que aquesta informaci\u00f3 hagi estat manipulada o introdu\u00efda per un tercer ali\u00e8 al RESPONSABLE.<\/p>\n\t\t\t\t\t\t\t\t<\/div>\n\t\t\t\t<\/div>\n\t\t\t\t<div class=\"elementor-element elementor-element-a6b9953 elementor-widget elementor-widget-text-editor\" data-id=\"a6b9953\" data-element_type=\"widget\" data-e-type=\"widget\" data-widget_type=\"text-editor.default\">\n\t\t\t\t<div class=\"elementor-widget-container\">\n\t\t\t\t\t\t\t\t\t<p><strong>\u00das de Cookies<\/strong><\/p>\n<p>Pot ser que aquest lloc web utilitzi cookies t\u00e8cniques (petits arxius d\u2019informaci\u00f3 que el servidor envia a l\u2019ordinador de qui accedeix a la p\u00e0gina) per dur a terme determinades funcions que es consideren imprescindibles per al correcte funcionament i visualitzaci\u00f3 del web. Les cookies utilitzades tenen, en qualsevol<br \/>cas, car\u00e0cter temporal, amb l\u2019\u00fanica finalitat de fer que la navegaci\u00f3 sigui m\u00e9s eficient, i desapareixen en finalitzar la sessi\u00f3 de l\u2019usuari. En cap cas, aquestes cookies proporcionen per si mateixes dades de car\u00e0cter personal i no s\u2019utilitzaran per recollir dades d\u2019aquest tipus.<br \/>Mitjan\u00e7ant l\u2019\u00fas de cookies tamb\u00e9 \u00e9s possible que el servidor on es troba la web reconegui el navegador que utilitza l\u2019usuari, amb la finalitat que la navegaci\u00f3 sigui m\u00e9s senzilla, tot permetent, per exemple, l\u2019acc\u00e9s dels usuaris que s\u2019hagin registrat pr\u00e8viament a les \u00e0rees, serveis, promocions o concursos reservats exclusivament a ells sense haver de registrar-se a cada visita. Tamb\u00e9 es poden utilitzar per mesurar l\u2019audi\u00e8ncia, par\u00e0metres de tr\u00e0nsit, controlar el progr\u00e9s i el nombre d\u2019entrades, etc. En aquests casos, les cookies s\u00f3n prescindibles t\u00e8cnicament per\u00f2 beneficioses per a l\u2019usuari. Aquest lloc web no instal\u00b7lar\u00e0 cookies prescindibles sense el consentiment previ de l\u2019usuari.<\/p>\n\t\t\t\t\t\t\t\t<\/div>\n\t\t\t\t<\/div>\n\t\t\t\t<div class=\"elementor-element elementor-element-b4fafe1 elementor-widget elementor-widget-text-editor\" data-id=\"b4fafe1\" data-element_type=\"widget\" data-e-type=\"widget\" data-widget_type=\"text-editor.default\">\n\t\t\t\t<div class=\"elementor-widget-container\">\n\t\t\t\t\t\t\t\t\t<p>Aquest lloc web utilitza cookies pr\u00f2pies i de tercers per a finalitats anal\u00edtiques i per mostrar-vos publicitat personalitzada segons un perfil elaborat a partir dels vostres h\u00e0bits de navegaci\u00f3 (per exemple, p\u00e0gines visitades). A tots els usuaris que visiten el web se\u2019ls informa de l\u2019\u00fas d\u2019aquestes cookies mitjan\u00e7ant un banner flotant. En cas d\u2019acceptar-ne l\u2019\u00fas, el banner desapareixer\u00e0, encara que en tot moment podran revocar el consentiment i obtenir m\u00e9s informaci\u00f3 tot consultant la nostra Pol\u00edtica de cookies.<\/p>\n<p>L\u2019usuari t\u00e9 la possibilitat de configurar el seu navegador per ser alertat de la recepci\u00f3 de cookies i per impedir-ne la instal\u00b7laci\u00f3 al seu equip. Si us plau, consulteu les instruccions del vostre navegador per ampliar aquesta informaci\u00f3.<\/p>\n\t\t\t\t\t\t\t\t<\/div>\n\t\t\t\t<\/div>\n\t\t\t\t<div class=\"elementor-element elementor-element-ebf36e8 elementor-widget elementor-widget-text-editor\" data-id=\"ebf36e8\" data-element_type=\"widget\" data-e-type=\"widget\" data-widget_type=\"text-editor.default\">\n\t\t\t\t<div class=\"elementor-widget-container\">\n\t\t\t\t\t\t\t\t\t<p><strong>Pol\u00edtica d\u2019enlla\u00e7os<\/strong><\/p>\n<p>Des del lloc web, \u00e9s possible que es redirigeixi a continguts de tercers llocs web. At\u00e8s que el RESPONSABLE no pot controlar sempre els continguts introdu\u00efts per tercers en els seus llocs web respectius, no assumeix cap tipus de responsabilitat respecte d\u2019aquests continguts. En qualsevol cas, retirar\u00e0 immediatament qualsevol contingut que pugui transgredir la legislaci\u00f3 nacional o internacional, la moral o l\u2019ordre p\u00fablic, tot retirant immediatament la redirecci\u00f3 a aquest lloc web i assabentant les autoritats competents del contingut en q\u00fcesti\u00f3.<br \/>El RESPONSABLE no es fa responsable de la informaci\u00f3 i continguts emmagatzemats, a t\u00edtol enunciatiu per\u00f2 no limitatiu, a f\u00f2rums, xats, generadors de blogs, comentaris, xarxes socials o qualsevol altre mitj\u00e0 que permeti a tercers publicar continguts de manera independent en la p\u00e0gina web del RESPONSABLE. Aix\u00f2 no obstant, i en compliment del que estableixen als articles 11 i 16 de la LSSICE, es posa a disposici\u00f3 de tots els usuaris, autoritats i forces de seguretat que col\u00b7laboren de manera activa en la retirada o, si escau, bloqueig de tots els continguts que puguin afectar o transgredir la legislaci\u00f3 nacional o internacional, els drets de tercers o la moral i l\u2019ordre p\u00fablic. En cas que l\u2019usuari consideri que el lloc web cont\u00e9 material que pugui ser susceptible d\u2019aquesta classificaci\u00f3, li preguem que ho notifiqui immediatament a l\u2019administrador del lloc web.<br \/>Aquest lloc web s\u2019ha revisat i provat perqu\u00e8 funcioni correctament. En principi, es pot garantir que funcionar\u00e0 correctament els 365 dies de l\u2019any i les 24 hores al dia. Aix\u00f2 no obstant, el RESPONSABLE no descarta la<br \/>possibilitat que es produeixin errors de programaci\u00f3, o que hi tinguin lloc causes de for\u00e7a major, cat\u00e0strofes naturals, vagues o circumst\u00e0ncies similars que facin impossible l\u2019acc\u00e9s a la p\u00e0gina web.<\/p>\n\t\t\t\t\t\t\t\t<\/div>\n\t\t\t\t<\/div>\n\t\t\t\t<div class=\"elementor-element elementor-element-066b033 elementor-widget elementor-widget-text-editor\" data-id=\"066b033\" data-element_type=\"widget\" data-e-type=\"widget\" data-widget_type=\"text-editor.default\">\n\t\t\t\t<div class=\"elementor-widget-container\">\n\t\t\t\t\t\t\t\t\t<p><strong>Adreces IP<\/strong><\/p>\n<p>Els servidors del lloc web podran detectar autom\u00e0ticament l\u2019adre\u00e7a IP i el nom del domini utilitzats per l\u2019usuari.<br \/>Una adre\u00e7a IP \u00e9s un n\u00famero assignat autom\u00e0ticament a un ordinador aix\u00ed que es connecta a Internet. Tota aquesta informaci\u00f3 queda registrada en un fitxer d\u2019activitat del servidor degudament inscrit que permet processar les dades posteriorment per tal d\u2019obtenir mesuratges \u00fanicament estad\u00edstics que permetin con\u00e8ixer el nombre d\u2019impressions de p\u00e0gines, el nombre de visites efectuades als servidors web, l\u2019ordre de visites, el punt d\u2019acc\u00e9s, etc.<\/p>\n\t\t\t\t\t\t\t\t<\/div>\n\t\t\t\t<\/div>\n\t\t\t\t<div class=\"elementor-element elementor-element-dc2aff9 elementor-widget elementor-widget-heading\" data-id=\"dc2aff9\" data-element_type=\"widget\" data-e-type=\"widget\" data-widget_type=\"heading.default\">\n\t\t\t\t<div class=\"elementor-widget-container\">\n\t\t\t\t\t<h3 class=\"elementor-heading-title elementor-size-default\">4. Llei aplicable i jurisdicci\u00f3<\/h3>\t\t\t\t<\/div>\n\t\t\t\t<\/div>\n\t\t\t\t<div class=\"elementor-element elementor-element-74fca6c elementor-widget elementor-widget-text-editor\" data-id=\"74fca6c\" data-element_type=\"widget\" data-e-type=\"widget\" data-widget_type=\"text-editor.default\">\n\t\t\t\t<div class=\"elementor-widget-container\">\n\t\t\t\t\t\t\t\t\t<p>Per a la resoluci\u00f3 de totes les controv\u00e8rsies o q\u00fcestions relacionades amb aquest lloc web o de les activitats que s\u2019hi duen a terme, s\u2019aplicar\u00e0 la legislaci\u00f3 espanyola, a la qual se sotmeten expressament les parts, els quals<br \/>\ntindran compet\u00e8ncia suficient per a la resoluci\u00f3 de tots els conflictes derivats o relacionats amb el seu \u00fas els Jutjats i Tribunals m\u00e9s propers a LA R\u00c0PITA.<\/p>\n\t\t\t\t\t\t\t\t<\/div>\n\t\t\t\t<\/div>\n\t\t\t\t\t<\/div>\n\t\t<\/div>\n\t\t\t\t\t<\/div>\n\t\t<\/section>\n\t\t\t\t<\/div>\n\t\t","protected":false},"excerpt":{"rendered":"<p>Avertissement l\u00e9gal Llei dels serveis de la Societat de la Informaci\u00f3 (LSSI) ASSOCIACIO ESTACIO NAUTICA LA R\u00c0PITA &#8211; DELTA DE L&rsquo;EBRE, responsable del lloc web, d\u2019ara endavant el RESPONSABLE, posa a disposici\u00f3 dels usuaris aquest document, amb el qual pret\u00e9n fer complir les obligacions que estableix la Llei 34\/2002, de 11 de juliol, de Serveis&hellip; <a class=\"more-link\" href=\"https:\/\/enlarapita.com\/fr\/avertissement-legal\/\">Poursuivre la lecture <span class=\"screen-reader-text\">Avertissement l\u00e9gal<\/span><\/a><\/p>\n","protected":false},"author":1,"featured_media":0,"parent":0,"menu_order":0,"comment_status":"closed","ping_status":"closed","template":"elementor_header_footer","meta":{"_acf_changed":false,"footnotes":""},"class_list":["post-6962","page","type-page","status-publish","hentry","entry"],"acf":[],"yoast_head":"<!-- This site is optimized with the Yoast SEO plugin v27.4 - https:\/\/yoast.com\/product\/yoast-seo-wordpress\/ -->\n<title>Avertissement l\u00e9gal - En la R\u00e0pita<\/title>\n<meta name=\"robots\" content=\"index, follow, max-snippet:-1, max-image-preview:large, max-video-preview:-1\" \/>\n<link rel=\"canonical\" href=\"https:\/\/enlarapita.com\/fr\/avertissement-legal\/\" \/>\n<meta property=\"og:locale\" content=\"fr_FR\" \/>\n<meta property=\"og:type\" content=\"article\" \/>\n<meta property=\"og:title\" content=\"Avertissement l\u00e9gal - En la R\u00e0pita\" \/>\n<meta property=\"og:description\" content=\"Avertissement l\u00e9gal Llei dels serveis de la Societat de la Informaci\u00f3 (LSSI) ASSOCIACIO ESTACIO NAUTICA LA R\u00c0PITA &#8211; DELTA DE L&rsquo;EBRE, responsable del lloc web, d\u2019ara endavant el RESPONSABLE, posa a disposici\u00f3 dels usuaris aquest document, amb el qual pret\u00e9n fer complir les obligacions que estableix la Llei 34\/2002, de 11 de juliol, de Serveis&hellip; Poursuivre la lecture Avertissement l\u00e9gal\" \/>\n<meta property=\"og:url\" content=\"https:\/\/enlarapita.com\/fr\/avertissement-legal\/\" \/>\n<meta property=\"og:site_name\" content=\"En la R\u00e0pita\" \/>\n<meta name=\"twitter:card\" content=\"summary_large_image\" \/>\n<meta name=\"twitter:label1\" content=\"Dur\u00e9e de lecture estim\u00e9e\" \/>\n\t<meta name=\"twitter:data1\" content=\"7 minutes\" \/>\n<script type=\"application\/ld+json\" class=\"yoast-schema-graph\">{\"@context\":\"https:\\\/\\\/schema.org\",\"@graph\":[{\"@type\":\"WebPage\",\"@id\":\"https:\\\/\\\/enlarapita.com\\\/fr\\\/avertissement-legal\\\/\",\"url\":\"https:\\\/\\\/enlarapita.com\\\/fr\\\/avertissement-legal\\\/\",\"name\":\"Avertissement l\u00e9gal - En la R\u00e0pita\",\"isPartOf\":{\"@id\":\"https:\\\/\\\/enlarapita.com\\\/fr\\\/#website\"},\"datePublished\":\"2021-08-16T10:21:17+00:00\",\"breadcrumb\":{\"@id\":\"https:\\\/\\\/enlarapita.com\\\/fr\\\/avertissement-legal\\\/#breadcrumb\"},\"inLanguage\":\"fr-FR\",\"potentialAction\":[{\"@type\":\"ReadAction\",\"target\":[\"https:\\\/\\\/enlarapita.com\\\/fr\\\/avertissement-legal\\\/\"]}]},{\"@type\":\"BreadcrumbList\",\"@id\":\"https:\\\/\\\/enlarapita.com\\\/fr\\\/avertissement-legal\\\/#breadcrumb\",\"itemListElement\":[{\"@type\":\"ListItem\",\"position\":1,\"name\":\"Portada\",\"item\":\"https:\\\/\\\/enlarapita.com\\\/fr\\\/\"},{\"@type\":\"ListItem\",\"position\":2,\"name\":\"Avertissement l\u00e9gal\"}]},{\"@type\":\"WebSite\",\"@id\":\"https:\\\/\\\/enlarapita.com\\\/fr\\\/#website\",\"url\":\"https:\\\/\\\/enlarapita.com\\\/fr\\\/\",\"name\":\"En la R\u00e0pita\",\"description\":\"\",\"publisher\":{\"@id\":\"https:\\\/\\\/enlarapita.com\\\/fr\\\/#organization\"},\"potentialAction\":[{\"@type\":\"SearchAction\",\"target\":{\"@type\":\"EntryPoint\",\"urlTemplate\":\"https:\\\/\\\/enlarapita.com\\\/fr\\\/?s={search_term_string}\"},\"query-input\":{\"@type\":\"PropertyValueSpecification\",\"valueRequired\":true,\"valueName\":\"search_term_string\"}}],\"inLanguage\":\"fr-FR\"},{\"@type\":\"Organization\",\"@id\":\"https:\\\/\\\/enlarapita.com\\\/fr\\\/#organization\",\"name\":\"En la R\u00e0pita\",\"url\":\"https:\\\/\\\/enlarapita.com\\\/fr\\\/\",\"logo\":{\"@type\":\"ImageObject\",\"inLanguage\":\"fr-FR\",\"@id\":\"https:\\\/\\\/enlarapita.com\\\/fr\\\/#\\\/schema\\\/logo\\\/image\\\/\",\"url\":\"https:\\\/\\\/enlarapita.com\\\/wp-content\\\/uploads\\\/2021\\\/04\\\/cropped-logo-enlarapita-blau.png\",\"contentUrl\":\"https:\\\/\\\/enlarapita.com\\\/wp-content\\\/uploads\\\/2021\\\/04\\\/cropped-logo-enlarapita-blau.png\",\"width\":130,\"height\":19,\"caption\":\"En la R\u00e0pita\"},\"image\":{\"@id\":\"https:\\\/\\\/enlarapita.com\\\/fr\\\/#\\\/schema\\\/logo\\\/image\\\/\"}}]}<\/script>\n<!-- \/ Yoast SEO plugin. -->","yoast_head_json":{"title":"Avertissement l\u00e9gal - En la R\u00e0pita","robots":{"index":"index","follow":"follow","max-snippet":"max-snippet:-1","max-image-preview":"max-image-preview:large","max-video-preview":"max-video-preview:-1"},"canonical":"https:\/\/enlarapita.com\/fr\/avertissement-legal\/","og_locale":"fr_FR","og_type":"article","og_title":"Avertissement l\u00e9gal - En la R\u00e0pita","og_description":"Avertissement l\u00e9gal Llei dels serveis de la Societat de la Informaci\u00f3 (LSSI) ASSOCIACIO ESTACIO NAUTICA LA R\u00c0PITA &#8211; DELTA DE L&rsquo;EBRE, responsable del lloc web, d\u2019ara endavant el RESPONSABLE, posa a disposici\u00f3 dels usuaris aquest document, amb el qual pret\u00e9n fer complir les obligacions que estableix la Llei 34\/2002, de 11 de juliol, de Serveis&hellip; Poursuivre la lecture Avertissement l\u00e9gal","og_url":"https:\/\/enlarapita.com\/fr\/avertissement-legal\/","og_site_name":"En la R\u00e0pita","twitter_card":"summary_large_image","twitter_misc":{"Dur\u00e9e de lecture estim\u00e9e":"7 minutes"},"schema":{"@context":"https:\/\/schema.org","@graph":[{"@type":"WebPage","@id":"https:\/\/enlarapita.com\/fr\/avertissement-legal\/","url":"https:\/\/enlarapita.com\/fr\/avertissement-legal\/","name":"Avertissement l\u00e9gal - En la R\u00e0pita","isPartOf":{"@id":"https:\/\/enlarapita.com\/fr\/#website"},"datePublished":"2021-08-16T10:21:17+00:00","breadcrumb":{"@id":"https:\/\/enlarapita.com\/fr\/avertissement-legal\/#breadcrumb"},"inLanguage":"fr-FR","potentialAction":[{"@type":"ReadAction","target":["https:\/\/enlarapita.com\/fr\/avertissement-legal\/"]}]},{"@type":"BreadcrumbList","@id":"https:\/\/enlarapita.com\/fr\/avertissement-legal\/#breadcrumb","itemListElement":[{"@type":"ListItem","position":1,"name":"Portada","item":"https:\/\/enlarapita.com\/fr\/"},{"@type":"ListItem","position":2,"name":"Avertissement l\u00e9gal"}]},{"@type":"WebSite","@id":"https:\/\/enlarapita.com\/fr\/#website","url":"https:\/\/enlarapita.com\/fr\/","name":"En la R\u00e0pita","description":"","publisher":{"@id":"https:\/\/enlarapita.com\/fr\/#organization"},"potentialAction":[{"@type":"SearchAction","target":{"@type":"EntryPoint","urlTemplate":"https:\/\/enlarapita.com\/fr\/?s={search_term_string}"},"query-input":{"@type":"PropertyValueSpecification","valueRequired":true,"valueName":"search_term_string"}}],"inLanguage":"fr-FR"},{"@type":"Organization","@id":"https:\/\/enlarapita.com\/fr\/#organization","name":"En la R\u00e0pita","url":"https:\/\/enlarapita.com\/fr\/","logo":{"@type":"ImageObject","inLanguage":"fr-FR","@id":"https:\/\/enlarapita.com\/fr\/#\/schema\/logo\/image\/","url":"https:\/\/enlarapita.com\/wp-content\/uploads\/2021\/04\/cropped-logo-enlarapita-blau.png","contentUrl":"https:\/\/enlarapita.com\/wp-content\/uploads\/2021\/04\/cropped-logo-enlarapita-blau.png","width":130,"height":19,"caption":"En la R\u00e0pita"},"image":{"@id":"https:\/\/enlarapita.com\/fr\/#\/schema\/logo\/image\/"}}]}},"_links":{"self":[{"href":"https:\/\/enlarapita.com\/fr\/wp-json\/wp\/v2\/pages\/6962","targetHints":{"allow":["GET"]}}],"collection":[{"href":"https:\/\/enlarapita.com\/fr\/wp-json\/wp\/v2\/pages"}],"about":[{"href":"https:\/\/enlarapita.com\/fr\/wp-json\/wp\/v2\/types\/page"}],"author":[{"embeddable":true,"href":"https:\/\/enlarapita.com\/fr\/wp-json\/wp\/v2\/users\/1"}],"replies":[{"embeddable":true,"href":"https:\/\/enlarapita.com\/fr\/wp-json\/wp\/v2\/comments?post=6962"}],"version-history":[{"count":0,"href":"https:\/\/enlarapita.com\/fr\/wp-json\/wp\/v2\/pages\/6962\/revisions"}],"wp:attachment":[{"href":"https:\/\/enlarapita.com\/fr\/wp-json\/wp\/v2\/media?parent=6962"}],"curies":[{"name":"wp","href":"https:\/\/api.w.org\/{rel}","templated":true}]}}