{"id":20759,"date":"2024-05-30T09:27:13","date_gmt":"2024-05-30T07:27:13","guid":{"rendered":"https:\/\/enlarapita.com\/que-faire-ou-voir\/activites-nautiques\/wakeboard-a-la-rapita\/"},"modified":"2024-05-30T09:27:14","modified_gmt":"2024-05-30T07:27:14","slug":"wakeboard-a-la-rapita","status":"publish","type":"page","link":"https:\/\/enlarapita.com\/fr\/que-faire-ou-voir\/activites-nautiques\/wakeboard-a-la-rapita\/","title":{"rendered":"Wakeboard \u00e0 la R\u00e0pita"},"content":{"rendered":"\t\t<div data-elementor-type=\"wp-page\" data-elementor-id=\"20759\" class=\"elementor elementor-20759 elementor-20710\" data-elementor-post-type=\"page\">\n\t\t\t\t\t\t<section class=\"elementor-section elementor-top-section elementor-element elementor-element-2583fde elementor-section-content-middle elementor-section-boxed elementor-section-height-default elementor-section-height-default\" data-id=\"2583fde\" data-element_type=\"section\" data-e-type=\"section\">\n\t\t\t\t\t\t<div class=\"elementor-container elementor-column-gap-default\">\n\t\t\t\t\t<div class=\"elementor-column elementor-col-50 elementor-top-column elementor-element elementor-element-50145d16\" data-id=\"50145d16\" data-element_type=\"column\" data-e-type=\"column\">\n\t\t\t<div class=\"elementor-widget-wrap elementor-element-populated\">\n\t\t\t\t\t\t<div class=\"elementor-element elementor-element-1981ff96 elementor-widget elementor-widget-heading\" data-id=\"1981ff96\" data-element_type=\"widget\" data-e-type=\"widget\" data-widget_type=\"heading.default\">\n\t\t\t\t<div class=\"elementor-widget-container\">\n\t\t\t\t\t<h2 class=\"elementor-heading-title elementor-size-default\">Venez surfer dans le Delta !<\/h2>\t\t\t\t<\/div>\n\t\t\t\t<\/div>\n\t\t\t\t<div class=\"elementor-element elementor-element-1d0df1f2 elementor-widget elementor-widget-text-editor\" data-id=\"1d0df1f2\" data-element_type=\"widget\" data-e-type=\"widget\" data-widget_type=\"text-editor.default\">\n\t\t\t\t<div class=\"elementor-widget-container\">\n\t\t\t\t\t\t\t\t\tLe wakeboard est un sport nautique qui consiste \u00e0 glisser sur l&rsquo;eau sur une planche, en \u00e9tant tir\u00e9 par une corde et un palonnier entre les mains.<br> L&rsquo;activit\u00e9 est une combinaison de ski nautique et de surf des neiges, et tire son nom de la tra\u00een\u00e9e laiss\u00e9e en naviguant (wake en anglais). La puissance du moteur permet de tracter une personne au-dessus de l&rsquo;eau pour pratiquer d&rsquo;autres sports nautiques tels que le ski nautique, le kneeboard, le wakeskate, l&rsquo;easyboard, les bou\u00e9es tract\u00e9es, le barefoot, etc.\t\t\t\t\t\t\t\t<\/div>\n\t\t\t\t<\/div>\n\t\t\t\t\t<\/div>\n\t\t<\/div>\n\t\t\t\t<div class=\"elementor-column elementor-col-50 elementor-top-column elementor-element elementor-element-28df5888\" data-id=\"28df5888\" data-element_type=\"column\" data-e-type=\"column\">\n\t\t\t<div class=\"elementor-widget-wrap elementor-element-populated\">\n\t\t\t\t\t\t<div class=\"elementor-element elementor-element-7e89c5e5 elementor-widget elementor-widget-image\" data-id=\"7e89c5e5\" data-element_type=\"widget\" data-e-type=\"widget\" data-widget_type=\"image.default\">\n\t\t\t\t<div class=\"elementor-widget-container\">\n\t\t\t\t\t\t\t\t\t\t\t\t\t\t\t<img fetchpriority=\"high\" decoding=\"async\" width=\"400\" height=\"290\" src=\"https:\/\/enlarapita.com\/wp-content\/uploads\/2024\/05\/wakepark-400-290.jpg\" class=\"attachment-full size-full wp-image-20687\" alt=\"wakepark\" srcset=\"https:\/\/enlarapita.com\/wp-content\/uploads\/2024\/05\/wakepark-400-290.jpg 400w, https:\/\/enlarapita.com\/wp-content\/uploads\/2024\/05\/wakepark-400-290-300x218.jpg 300w\" sizes=\"(max-width: 400px) 100vw, 400px\" style=\"width:100%;height:72.5%;max-width:400px\" \/>\t\t\t\t\t\t\t\t\t\t\t\t\t\t\t<\/div>\n\t\t\t\t<\/div>\n\t\t\t\t\t<\/div>\n\t\t<\/div>\n\t\t\t\t\t<\/div>\n\t\t<\/section>\n\t\t\t\t<\/div>\n\t\t","protected":false},"excerpt":{"rendered":"<p>Venez surfer dans le Delta ! Le wakeboard est un sport nautique qui consiste \u00e0 glisser sur l&rsquo;eau sur une planche, en \u00e9tant tir\u00e9 par une corde et un palonnier entre les mains. L&rsquo;activit\u00e9 est une combinaison de ski nautique et de surf des neiges, et tire son nom de la tra\u00een\u00e9e laiss\u00e9e en naviguant&hellip; <a class=\"more-link\" href=\"https:\/\/enlarapita.com\/fr\/que-faire-ou-voir\/activites-nautiques\/wakeboard-a-la-rapita\/\">Poursuivre la lecture <span class=\"screen-reader-text\">Wakeboard \u00e0 la R\u00e0pita<\/span><\/a><\/p>\n","protected":false},"author":1,"featured_media":20683,"parent":13452,"menu_order":0,"comment_status":"closed","ping_status":"closed","template":"page-categories.php","meta":{"_acf_changed":false,"footnotes":""},"class_list":["post-20759","page","type-page","status-publish","has-post-thumbnail","hentry","entry"],"acf":[],"yoast_head":"<!-- This site is optimized with the Yoast SEO plugin v27.4 - https:\/\/yoast.com\/product\/yoast-seo-wordpress\/ -->\n<title>Wakeboard \u00e0 La R\u00e0pita - Activit\u00e9s nautiques<\/title>\n<meta name=\"description\" content=\"Le wakeboard est un sport nautique qui consiste \u00e0 glisser sur l&#039;eau sur une planche, en \u00e9tant tir\u00e9 par une corde et un palonnier entre les mains.\" \/>\n<meta name=\"robots\" content=\"index, follow, max-snippet:-1, max-image-preview:large, max-video-preview:-1\" \/>\n<link rel=\"canonical\" href=\"https:\/\/enlarapita.com\/fr\/que-faire-ou-voir\/activites-nautiques\/wakeboard-a-la-rapita\/\" \/>\n<meta property=\"og:locale\" content=\"fr_FR\" \/>\n<meta property=\"og:type\" content=\"article\" \/>\n<meta property=\"og:title\" content=\"Wakeboard \u00e0 La R\u00e0pita - Activit\u00e9s nautiques\" \/>\n<meta property=\"og:description\" content=\"Le wakeboard est un sport nautique qui consiste \u00e0 glisser sur l&#039;eau sur une planche, en \u00e9tant tir\u00e9 par une corde et un palonnier entre les mains.\" \/>\n<meta property=\"og:url\" content=\"https:\/\/enlarapita.com\/fr\/que-faire-ou-voir\/activites-nautiques\/wakeboard-a-la-rapita\/\" \/>\n<meta property=\"og:site_name\" content=\"En la R\u00e0pita\" \/>\n<meta property=\"article:modified_time\" content=\"2024-05-30T07:27:14+00:00\" \/>\n<meta property=\"og:image\" content=\"https:\/\/enlarapita.com\/wp-content\/uploads\/2024\/05\/wakepark.jpg\" \/>\n\t<meta property=\"og:image:width\" content=\"1920\" \/>\n\t<meta property=\"og:image:height\" content=\"1277\" \/>\n\t<meta property=\"og:image:type\" content=\"image\/jpeg\" \/>\n<meta name=\"twitter:card\" content=\"summary_large_image\" \/>\n<script type=\"application\/ld+json\" class=\"yoast-schema-graph\">{\"@context\":\"https:\\\/\\\/schema.org\",\"@graph\":[{\"@type\":\"WebPage\",\"@id\":\"https:\\\/\\\/enlarapita.com\\\/fr\\\/que-faire-ou-voir\\\/activites-nautiques\\\/wakeboard-a-la-rapita\\\/\",\"url\":\"https:\\\/\\\/enlarapita.com\\\/fr\\\/que-faire-ou-voir\\\/activites-nautiques\\\/wakeboard-a-la-rapita\\\/\",\"name\":\"Wakeboard \u00e0 La R\u00e0pita - Activit\u00e9s nautiques\",\"isPartOf\":{\"@id\":\"https:\\\/\\\/enlarapita.com\\\/fr\\\/#website\"},\"primaryImageOfPage\":{\"@id\":\"https:\\\/\\\/enlarapita.com\\\/fr\\\/que-faire-ou-voir\\\/activites-nautiques\\\/wakeboard-a-la-rapita\\\/#primaryimage\"},\"image\":{\"@id\":\"https:\\\/\\\/enlarapita.com\\\/fr\\\/que-faire-ou-voir\\\/activites-nautiques\\\/wakeboard-a-la-rapita\\\/#primaryimage\"},\"thumbnailUrl\":\"https:\\\/\\\/enlarapita.com\\\/wp-content\\\/uploads\\\/2024\\\/05\\\/wakepark.jpg\",\"datePublished\":\"2024-05-30T07:27:13+00:00\",\"dateModified\":\"2024-05-30T07:27:14+00:00\",\"description\":\"Le wakeboard est un sport nautique qui consiste \u00e0 glisser sur l'eau sur une planche, en \u00e9tant tir\u00e9 par une corde et un palonnier entre les mains.\",\"breadcrumb\":{\"@id\":\"https:\\\/\\\/enlarapita.com\\\/fr\\\/que-faire-ou-voir\\\/activites-nautiques\\\/wakeboard-a-la-rapita\\\/#breadcrumb\"},\"inLanguage\":\"fr-FR\",\"potentialAction\":[{\"@type\":\"ReadAction\",\"target\":[\"https:\\\/\\\/enlarapita.com\\\/fr\\\/que-faire-ou-voir\\\/activites-nautiques\\\/wakeboard-a-la-rapita\\\/\"]}]},{\"@type\":\"ImageObject\",\"inLanguage\":\"fr-FR\",\"@id\":\"https:\\\/\\\/enlarapita.com\\\/fr\\\/que-faire-ou-voir\\\/activites-nautiques\\\/wakeboard-a-la-rapita\\\/#primaryimage\",\"url\":\"https:\\\/\\\/enlarapita.com\\\/wp-content\\\/uploads\\\/2024\\\/05\\\/wakepark.jpg\",\"contentUrl\":\"https:\\\/\\\/enlarapita.com\\\/wp-content\\\/uploads\\\/2024\\\/05\\\/wakepark.jpg\",\"width\":1920,\"height\":1277,\"caption\":\"wakepark\"},{\"@type\":\"BreadcrumbList\",\"@id\":\"https:\\\/\\\/enlarapita.com\\\/fr\\\/que-faire-ou-voir\\\/activites-nautiques\\\/wakeboard-a-la-rapita\\\/#breadcrumb\",\"itemListElement\":[{\"@type\":\"ListItem\",\"position\":1,\"name\":\"Portada\",\"item\":\"https:\\\/\\\/enlarapita.com\\\/fr\\\/\"},{\"@type\":\"ListItem\",\"position\":2,\"name\":\"Que faire ou voir \u00e0 La Rapita\",\"item\":\"https:\\\/\\\/enlarapita.com\\\/fr\\\/que-faire-ou-voir\\\/\"},{\"@type\":\"ListItem\",\"position\":3,\"name\":\"Activit\u00e9s nautiques \u00e0 la R\u00e0pita\",\"item\":\"https:\\\/\\\/enlarapita.com\\\/fr\\\/que-faire-ou-voir\\\/activites-nautiques\\\/\"},{\"@type\":\"ListItem\",\"position\":4,\"name\":\"Wakeboard \u00e0 la R\u00e0pita\"}]},{\"@type\":\"WebSite\",\"@id\":\"https:\\\/\\\/enlarapita.com\\\/fr\\\/#website\",\"url\":\"https:\\\/\\\/enlarapita.com\\\/fr\\\/\",\"name\":\"En la R\u00e0pita\",\"description\":\"\",\"publisher\":{\"@id\":\"https:\\\/\\\/enlarapita.com\\\/fr\\\/#organization\"},\"potentialAction\":[{\"@type\":\"SearchAction\",\"target\":{\"@type\":\"EntryPoint\",\"urlTemplate\":\"https:\\\/\\\/enlarapita.com\\\/fr\\\/?s={search_term_string}\"},\"query-input\":{\"@type\":\"PropertyValueSpecification\",\"valueRequired\":true,\"valueName\":\"search_term_string\"}}],\"inLanguage\":\"fr-FR\"},{\"@type\":\"Organization\",\"@id\":\"https:\\\/\\\/enlarapita.com\\\/fr\\\/#organization\",\"name\":\"En la R\u00e0pita\",\"url\":\"https:\\\/\\\/enlarapita.com\\\/fr\\\/\",\"logo\":{\"@type\":\"ImageObject\",\"inLanguage\":\"fr-FR\",\"@id\":\"https:\\\/\\\/enlarapita.com\\\/fr\\\/#\\\/schema\\\/logo\\\/image\\\/\",\"url\":\"https:\\\/\\\/enlarapita.com\\\/wp-content\\\/uploads\\\/2021\\\/04\\\/cropped-logo-enlarapita-blau.png\",\"contentUrl\":\"https:\\\/\\\/enlarapita.com\\\/wp-content\\\/uploads\\\/2021\\\/04\\\/cropped-logo-enlarapita-blau.png\",\"width\":130,\"height\":19,\"caption\":\"En la R\u00e0pita\"},\"image\":{\"@id\":\"https:\\\/\\\/enlarapita.com\\\/fr\\\/#\\\/schema\\\/logo\\\/image\\\/\"}}]}<\/script>\n<!-- \/ Yoast SEO plugin. -->","yoast_head_json":{"title":"Wakeboard \u00e0 La R\u00e0pita - Activit\u00e9s nautiques","description":"Le wakeboard est un sport nautique qui consiste \u00e0 glisser sur l'eau sur une planche, en \u00e9tant tir\u00e9 par une corde et un palonnier entre les mains.","robots":{"index":"index","follow":"follow","max-snippet":"max-snippet:-1","max-image-preview":"max-image-preview:large","max-video-preview":"max-video-preview:-1"},"canonical":"https:\/\/enlarapita.com\/fr\/que-faire-ou-voir\/activites-nautiques\/wakeboard-a-la-rapita\/","og_locale":"fr_FR","og_type":"article","og_title":"Wakeboard \u00e0 La R\u00e0pita - Activit\u00e9s nautiques","og_description":"Le wakeboard est un sport nautique qui consiste \u00e0 glisser sur l'eau sur une planche, en \u00e9tant tir\u00e9 par une corde et un palonnier entre les mains.","og_url":"https:\/\/enlarapita.com\/fr\/que-faire-ou-voir\/activites-nautiques\/wakeboard-a-la-rapita\/","og_site_name":"En la R\u00e0pita","article_modified_time":"2024-05-30T07:27:14+00:00","og_image":[{"width":1920,"height":1277,"url":"https:\/\/enlarapita.com\/wp-content\/uploads\/2024\/05\/wakepark.jpg","type":"image\/jpeg"}],"twitter_card":"summary_large_image","schema":{"@context":"https:\/\/schema.org","@graph":[{"@type":"WebPage","@id":"https:\/\/enlarapita.com\/fr\/que-faire-ou-voir\/activites-nautiques\/wakeboard-a-la-rapita\/","url":"https:\/\/enlarapita.com\/fr\/que-faire-ou-voir\/activites-nautiques\/wakeboard-a-la-rapita\/","name":"Wakeboard \u00e0 La R\u00e0pita - Activit\u00e9s nautiques","isPartOf":{"@id":"https:\/\/enlarapita.com\/fr\/#website"},"primaryImageOfPage":{"@id":"https:\/\/enlarapita.com\/fr\/que-faire-ou-voir\/activites-nautiques\/wakeboard-a-la-rapita\/#primaryimage"},"image":{"@id":"https:\/\/enlarapita.com\/fr\/que-faire-ou-voir\/activites-nautiques\/wakeboard-a-la-rapita\/#primaryimage"},"thumbnailUrl":"https:\/\/enlarapita.com\/wp-content\/uploads\/2024\/05\/wakepark.jpg","datePublished":"2024-05-30T07:27:13+00:00","dateModified":"2024-05-30T07:27:14+00:00","description":"Le wakeboard est un sport nautique qui consiste \u00e0 glisser sur l'eau sur une planche, en \u00e9tant tir\u00e9 par une corde et un palonnier entre les mains.","breadcrumb":{"@id":"https:\/\/enlarapita.com\/fr\/que-faire-ou-voir\/activites-nautiques\/wakeboard-a-la-rapita\/#breadcrumb"},"inLanguage":"fr-FR","potentialAction":[{"@type":"ReadAction","target":["https:\/\/enlarapita.com\/fr\/que-faire-ou-voir\/activites-nautiques\/wakeboard-a-la-rapita\/"]}]},{"@type":"ImageObject","inLanguage":"fr-FR","@id":"https:\/\/enlarapita.com\/fr\/que-faire-ou-voir\/activites-nautiques\/wakeboard-a-la-rapita\/#primaryimage","url":"https:\/\/enlarapita.com\/wp-content\/uploads\/2024\/05\/wakepark.jpg","contentUrl":"https:\/\/enlarapita.com\/wp-content\/uploads\/2024\/05\/wakepark.jpg","width":1920,"height":1277,"caption":"wakepark"},{"@type":"BreadcrumbList","@id":"https:\/\/enlarapita.com\/fr\/que-faire-ou-voir\/activites-nautiques\/wakeboard-a-la-rapita\/#breadcrumb","itemListElement":[{"@type":"ListItem","position":1,"name":"Portada","item":"https:\/\/enlarapita.com\/fr\/"},{"@type":"ListItem","position":2,"name":"Que faire ou voir \u00e0 La Rapita","item":"https:\/\/enlarapita.com\/fr\/que-faire-ou-voir\/"},{"@type":"ListItem","position":3,"name":"Activit\u00e9s nautiques \u00e0 la R\u00e0pita","item":"https:\/\/enlarapita.com\/fr\/que-faire-ou-voir\/activites-nautiques\/"},{"@type":"ListItem","position":4,"name":"Wakeboard \u00e0 la R\u00e0pita"}]},{"@type":"WebSite","@id":"https:\/\/enlarapita.com\/fr\/#website","url":"https:\/\/enlarapita.com\/fr\/","name":"En la R\u00e0pita","description":"","publisher":{"@id":"https:\/\/enlarapita.com\/fr\/#organization"},"potentialAction":[{"@type":"SearchAction","target":{"@type":"EntryPoint","urlTemplate":"https:\/\/enlarapita.com\/fr\/?s={search_term_string}"},"query-input":{"@type":"PropertyValueSpecification","valueRequired":true,"valueName":"search_term_string"}}],"inLanguage":"fr-FR"},{"@type":"Organization","@id":"https:\/\/enlarapita.com\/fr\/#organization","name":"En la R\u00e0pita","url":"https:\/\/enlarapita.com\/fr\/","logo":{"@type":"ImageObject","inLanguage":"fr-FR","@id":"https:\/\/enlarapita.com\/fr\/#\/schema\/logo\/image\/","url":"https:\/\/enlarapita.com\/wp-content\/uploads\/2021\/04\/cropped-logo-enlarapita-blau.png","contentUrl":"https:\/\/enlarapita.com\/wp-content\/uploads\/2021\/04\/cropped-logo-enlarapita-blau.png","width":130,"height":19,"caption":"En la R\u00e0pita"},"image":{"@id":"https:\/\/enlarapita.com\/fr\/#\/schema\/logo\/image\/"}}]}},"_links":{"self":[{"href":"https:\/\/enlarapita.com\/fr\/wp-json\/wp\/v2\/pages\/20759","targetHints":{"allow":["GET"]}}],"collection":[{"href":"https:\/\/enlarapita.com\/fr\/wp-json\/wp\/v2\/pages"}],"about":[{"href":"https:\/\/enlarapita.com\/fr\/wp-json\/wp\/v2\/types\/page"}],"author":[{"embeddable":true,"href":"https:\/\/enlarapita.com\/fr\/wp-json\/wp\/v2\/users\/1"}],"replies":[{"embeddable":true,"href":"https:\/\/enlarapita.com\/fr\/wp-json\/wp\/v2\/comments?post=20759"}],"version-history":[{"count":1,"href":"https:\/\/enlarapita.com\/fr\/wp-json\/wp\/v2\/pages\/20759\/revisions"}],"predecessor-version":[{"id":20760,"href":"https:\/\/enlarapita.com\/fr\/wp-json\/wp\/v2\/pages\/20759\/revisions\/20760"}],"up":[{"embeddable":true,"href":"https:\/\/enlarapita.com\/fr\/wp-json\/wp\/v2\/pages\/13452"}],"wp:featuredmedia":[{"embeddable":true,"href":"https:\/\/enlarapita.com\/fr\/wp-json\/wp\/v2\/media\/20683"}],"wp:attachment":[{"href":"https:\/\/enlarapita.com\/fr\/wp-json\/wp\/v2\/media?parent=20759"}],"curies":[{"name":"wp","href":"https:\/\/api.w.org\/{rel}","templated":true}]}}