{"id":20753,"date":"2024-05-30T09:13:12","date_gmt":"2024-05-30T07:13:12","guid":{"rendered":"https:\/\/enlarapita.com\/que-faire-ou-voir\/activites-nautiques\/hydro-pedalos-dans-les-parcs-moules\/"},"modified":"2024-05-30T09:13:13","modified_gmt":"2024-05-30T07:13:13","slug":"hydro-pedalos-dans-les-parcs-moules","status":"publish","type":"page","link":"https:\/\/enlarapita.com\/fr\/que-faire-ou-voir\/activites-nautiques\/hydro-pedalos-dans-les-parcs-moules\/","title":{"rendered":"Hydro-p\u00e9dalos \u00e0 la R\u00e0pita"},"content":{"rendered":"\t\t<div data-elementor-type=\"wp-page\" data-elementor-id=\"20753\" class=\"elementor elementor-20753 elementor-20704\" data-elementor-post-type=\"page\">\n\t\t\t\t\t\t<section class=\"elementor-section elementor-top-section elementor-element elementor-element-2583fde elementor-section-content-middle elementor-section-boxed elementor-section-height-default elementor-section-height-default\" data-id=\"2583fde\" data-element_type=\"section\" data-e-type=\"section\">\n\t\t\t\t\t\t<div class=\"elementor-container elementor-column-gap-default\">\n\t\t\t\t\t<div class=\"elementor-column elementor-col-50 elementor-top-column elementor-element elementor-element-50145d16\" data-id=\"50145d16\" data-element_type=\"column\" data-e-type=\"column\">\n\t\t\t<div class=\"elementor-widget-wrap elementor-element-populated\">\n\t\t\t\t\t\t<div class=\"elementor-element elementor-element-1981ff96 elementor-widget elementor-widget-heading\" data-id=\"1981ff96\" data-element_type=\"widget\" data-e-type=\"widget\" data-widget_type=\"heading.default\">\n\t\t\t\t<div class=\"elementor-widget-container\">\n\t\t\t\t\t<h2 class=\"elementor-heading-title elementor-size-default\">Le frisson de la glisse avec la fra\u00eecheur de l'eau<\/h2>\t\t\t\t<\/div>\n\t\t\t\t<\/div>\n\t\t\t\t<div class=\"elementor-element elementor-element-1d0df1f2 elementor-widget elementor-widget-text-editor\" data-id=\"1d0df1f2\" data-element_type=\"widget\" data-e-type=\"widget\" data-widget_type=\"text-editor.default\">\n\t\t\t\t<div class=\"elementor-widget-container\">\n\t\t\t\t\t\t\t\t\tCes dispositifs combinent le frisson de la glissade avec la fra\u00eecheur de l&rsquo;eau, cr\u00e9ant une exp\u00e9rience unique pour les personnes de tous \u00e2ges. Plongez dans le plaisir et ressentez l&rsquo;adr\u00e9naline en glissant sur les hydro-p\u00e9dalos avec toboggan, une exp\u00e9rience aquatique qui vous laissera des souvenirs durables et des sourires jusqu&rsquo;aux oreilles. Venez profiter de l&rsquo;excitation de l&rsquo;eau !\t\t\t\t\t\t\t\t<\/div>\n\t\t\t\t<\/div>\n\t\t\t\t\t<\/div>\n\t\t<\/div>\n\t\t\t\t<div class=\"elementor-column elementor-col-50 elementor-top-column elementor-element elementor-element-28df5888\" data-id=\"28df5888\" data-element_type=\"column\" data-e-type=\"column\">\n\t\t\t<div class=\"elementor-widget-wrap elementor-element-populated\">\n\t\t\t\t\t\t<div class=\"elementor-element elementor-element-7e89c5e5 elementor-widget elementor-widget-image\" data-id=\"7e89c5e5\" data-element_type=\"widget\" data-e-type=\"widget\" data-widget_type=\"image.default\">\n\t\t\t\t<div class=\"elementor-widget-container\">\n\t\t\t\t\t\t\t\t\t\t\t\t\t\t\t<img fetchpriority=\"high\" decoding=\"async\" width=\"400\" height=\"290\" src=\"https:\/\/enlarapita.com\/wp-content\/uploads\/2024\/05\/hidropedals-400-290.jpg\" class=\"attachment-full size-full wp-image-20679\" alt=\"Hidropedals\" srcset=\"https:\/\/enlarapita.com\/wp-content\/uploads\/2024\/05\/hidropedals-400-290.jpg 400w, https:\/\/enlarapita.com\/wp-content\/uploads\/2024\/05\/hidropedals-400-290-300x218.jpg 300w\" sizes=\"(max-width: 400px) 100vw, 400px\" style=\"width:100%;height:72.5%;max-width:400px\" \/>\t\t\t\t\t\t\t\t\t\t\t\t\t\t\t<\/div>\n\t\t\t\t<\/div>\n\t\t\t\t\t<\/div>\n\t\t<\/div>\n\t\t\t\t\t<\/div>\n\t\t<\/section>\n\t\t\t\t<\/div>\n\t\t","protected":false},"excerpt":{"rendered":"<p>Le frisson de la glisse avec la fra\u00eecheur de l&rsquo;eau Ces dispositifs combinent le frisson de la glissade avec la fra\u00eecheur de l&rsquo;eau, cr\u00e9ant une exp\u00e9rience unique pour les personnes de tous \u00e2ges. Plongez dans le plaisir et ressentez l&rsquo;adr\u00e9naline en glissant sur les hydro-p\u00e9dalos avec toboggan, une exp\u00e9rience aquatique qui vous laissera des souvenirs&hellip; <a class=\"more-link\" href=\"https:\/\/enlarapita.com\/fr\/que-faire-ou-voir\/activites-nautiques\/hydro-pedalos-dans-les-parcs-moules\/\">Poursuivre la lecture <span class=\"screen-reader-text\">Hydro-p\u00e9dalos \u00e0 la R\u00e0pita<\/span><\/a><\/p>\n","protected":false},"author":1,"featured_media":20593,"parent":13452,"menu_order":0,"comment_status":"closed","ping_status":"closed","template":"page-categories.php","meta":{"_acf_changed":false,"footnotes":""},"class_list":["post-20753","page","type-page","status-publish","has-post-thumbnail","hentry","entry"],"acf":[],"yoast_head":"<!-- This site is optimized with the Yoast SEO plugin v27.4 - https:\/\/yoast.com\/product\/yoast-seo-wordpress\/ -->\n<title>Hydrop\u00e9dalos \u00e0 La R\u00e0pita - Activit\u00e9s nautiques<\/title>\n<meta name=\"description\" content=\"Hydrop\u00e9dalos avec toboggan pour 4 personnes, tr\u00e8s ludiques pour un public jeune et familial.\" \/>\n<meta name=\"robots\" content=\"index, follow, max-snippet:-1, max-image-preview:large, max-video-preview:-1\" \/>\n<link rel=\"canonical\" href=\"https:\/\/enlarapita.com\/fr\/que-faire-ou-voir\/activites-nautiques\/hydro-pedalos-dans-les-parcs-moules\/\" \/>\n<meta property=\"og:locale\" content=\"fr_FR\" \/>\n<meta property=\"og:type\" content=\"article\" \/>\n<meta property=\"og:title\" content=\"Hydrop\u00e9dalos \u00e0 La R\u00e0pita - Activit\u00e9s nautiques\" \/>\n<meta property=\"og:description\" content=\"Hydrop\u00e9dalos avec toboggan pour 4 personnes, tr\u00e8s ludiques pour un public jeune et familial.\" \/>\n<meta property=\"og:url\" content=\"https:\/\/enlarapita.com\/fr\/que-faire-ou-voir\/activites-nautiques\/hydro-pedalos-dans-les-parcs-moules\/\" \/>\n<meta property=\"og:site_name\" content=\"En la R\u00e0pita\" \/>\n<meta property=\"article:modified_time\" content=\"2024-05-30T07:13:13+00:00\" \/>\n<meta property=\"og:image\" content=\"https:\/\/enlarapita.com\/wp-content\/uploads\/2024\/05\/20230629_121336-scaled.jpg\" \/>\n\t<meta property=\"og:image:width\" content=\"2560\" \/>\n\t<meta property=\"og:image:height\" content=\"1153\" \/>\n\t<meta property=\"og:image:type\" content=\"image\/jpeg\" \/>\n<meta name=\"twitter:card\" content=\"summary_large_image\" \/>\n<script type=\"application\/ld+json\" class=\"yoast-schema-graph\">{\"@context\":\"https:\\\/\\\/schema.org\",\"@graph\":[{\"@type\":\"WebPage\",\"@id\":\"https:\\\/\\\/enlarapita.com\\\/fr\\\/que-faire-ou-voir\\\/activites-nautiques\\\/hydro-pedalos-dans-les-parcs-moules\\\/\",\"url\":\"https:\\\/\\\/enlarapita.com\\\/fr\\\/que-faire-ou-voir\\\/activites-nautiques\\\/hydro-pedalos-dans-les-parcs-moules\\\/\",\"name\":\"Hydrop\u00e9dalos \u00e0 La R\u00e0pita - Activit\u00e9s nautiques\",\"isPartOf\":{\"@id\":\"https:\\\/\\\/enlarapita.com\\\/fr\\\/#website\"},\"primaryImageOfPage\":{\"@id\":\"https:\\\/\\\/enlarapita.com\\\/fr\\\/que-faire-ou-voir\\\/activites-nautiques\\\/hydro-pedalos-dans-les-parcs-moules\\\/#primaryimage\"},\"image\":{\"@id\":\"https:\\\/\\\/enlarapita.com\\\/fr\\\/que-faire-ou-voir\\\/activites-nautiques\\\/hydro-pedalos-dans-les-parcs-moules\\\/#primaryimage\"},\"thumbnailUrl\":\"https:\\\/\\\/enlarapita.com\\\/wp-content\\\/uploads\\\/2024\\\/05\\\/20230629_121336-scaled.jpg\",\"datePublished\":\"2024-05-30T07:13:12+00:00\",\"dateModified\":\"2024-05-30T07:13:13+00:00\",\"description\":\"Hydrop\u00e9dalos avec toboggan pour 4 personnes, tr\u00e8s ludiques pour un public jeune et familial.\",\"breadcrumb\":{\"@id\":\"https:\\\/\\\/enlarapita.com\\\/fr\\\/que-faire-ou-voir\\\/activites-nautiques\\\/hydro-pedalos-dans-les-parcs-moules\\\/#breadcrumb\"},\"inLanguage\":\"fr-FR\",\"potentialAction\":[{\"@type\":\"ReadAction\",\"target\":[\"https:\\\/\\\/enlarapita.com\\\/fr\\\/que-faire-ou-voir\\\/activites-nautiques\\\/hydro-pedalos-dans-les-parcs-moules\\\/\"]}]},{\"@type\":\"ImageObject\",\"inLanguage\":\"fr-FR\",\"@id\":\"https:\\\/\\\/enlarapita.com\\\/fr\\\/que-faire-ou-voir\\\/activites-nautiques\\\/hydro-pedalos-dans-les-parcs-moules\\\/#primaryimage\",\"url\":\"https:\\\/\\\/enlarapita.com\\\/wp-content\\\/uploads\\\/2024\\\/05\\\/20230629_121336-scaled.jpg\",\"contentUrl\":\"https:\\\/\\\/enlarapita.com\\\/wp-content\\\/uploads\\\/2024\\\/05\\\/20230629_121336-scaled.jpg\",\"width\":2560,\"height\":1153,\"caption\":\"Hidropedals\"},{\"@type\":\"BreadcrumbList\",\"@id\":\"https:\\\/\\\/enlarapita.com\\\/fr\\\/que-faire-ou-voir\\\/activites-nautiques\\\/hydro-pedalos-dans-les-parcs-moules\\\/#breadcrumb\",\"itemListElement\":[{\"@type\":\"ListItem\",\"position\":1,\"name\":\"Portada\",\"item\":\"https:\\\/\\\/enlarapita.com\\\/fr\\\/\"},{\"@type\":\"ListItem\",\"position\":2,\"name\":\"Que faire ou voir \u00e0 La Rapita\",\"item\":\"https:\\\/\\\/enlarapita.com\\\/fr\\\/que-faire-ou-voir\\\/\"},{\"@type\":\"ListItem\",\"position\":3,\"name\":\"Activit\u00e9s nautiques \u00e0 la R\u00e0pita\",\"item\":\"https:\\\/\\\/enlarapita.com\\\/fr\\\/que-faire-ou-voir\\\/activites-nautiques\\\/\"},{\"@type\":\"ListItem\",\"position\":4,\"name\":\"Hydro-p\u00e9dalos \u00e0 la R\u00e0pita\"}]},{\"@type\":\"WebSite\",\"@id\":\"https:\\\/\\\/enlarapita.com\\\/fr\\\/#website\",\"url\":\"https:\\\/\\\/enlarapita.com\\\/fr\\\/\",\"name\":\"En la R\u00e0pita\",\"description\":\"\",\"publisher\":{\"@id\":\"https:\\\/\\\/enlarapita.com\\\/fr\\\/#organization\"},\"potentialAction\":[{\"@type\":\"SearchAction\",\"target\":{\"@type\":\"EntryPoint\",\"urlTemplate\":\"https:\\\/\\\/enlarapita.com\\\/fr\\\/?s={search_term_string}\"},\"query-input\":{\"@type\":\"PropertyValueSpecification\",\"valueRequired\":true,\"valueName\":\"search_term_string\"}}],\"inLanguage\":\"fr-FR\"},{\"@type\":\"Organization\",\"@id\":\"https:\\\/\\\/enlarapita.com\\\/fr\\\/#organization\",\"name\":\"En la R\u00e0pita\",\"url\":\"https:\\\/\\\/enlarapita.com\\\/fr\\\/\",\"logo\":{\"@type\":\"ImageObject\",\"inLanguage\":\"fr-FR\",\"@id\":\"https:\\\/\\\/enlarapita.com\\\/fr\\\/#\\\/schema\\\/logo\\\/image\\\/\",\"url\":\"https:\\\/\\\/enlarapita.com\\\/wp-content\\\/uploads\\\/2021\\\/04\\\/cropped-logo-enlarapita-blau.png\",\"contentUrl\":\"https:\\\/\\\/enlarapita.com\\\/wp-content\\\/uploads\\\/2021\\\/04\\\/cropped-logo-enlarapita-blau.png\",\"width\":130,\"height\":19,\"caption\":\"En la R\u00e0pita\"},\"image\":{\"@id\":\"https:\\\/\\\/enlarapita.com\\\/fr\\\/#\\\/schema\\\/logo\\\/image\\\/\"}}]}<\/script>\n<!-- \/ Yoast SEO plugin. -->","yoast_head_json":{"title":"Hydrop\u00e9dalos \u00e0 La R\u00e0pita - Activit\u00e9s nautiques","description":"Hydrop\u00e9dalos avec toboggan pour 4 personnes, tr\u00e8s ludiques pour un public jeune et familial.","robots":{"index":"index","follow":"follow","max-snippet":"max-snippet:-1","max-image-preview":"max-image-preview:large","max-video-preview":"max-video-preview:-1"},"canonical":"https:\/\/enlarapita.com\/fr\/que-faire-ou-voir\/activites-nautiques\/hydro-pedalos-dans-les-parcs-moules\/","og_locale":"fr_FR","og_type":"article","og_title":"Hydrop\u00e9dalos \u00e0 La R\u00e0pita - Activit\u00e9s nautiques","og_description":"Hydrop\u00e9dalos avec toboggan pour 4 personnes, tr\u00e8s ludiques pour un public jeune et familial.","og_url":"https:\/\/enlarapita.com\/fr\/que-faire-ou-voir\/activites-nautiques\/hydro-pedalos-dans-les-parcs-moules\/","og_site_name":"En la R\u00e0pita","article_modified_time":"2024-05-30T07:13:13+00:00","og_image":[{"width":2560,"height":1153,"url":"https:\/\/enlarapita.com\/wp-content\/uploads\/2024\/05\/20230629_121336-scaled.jpg","type":"image\/jpeg"}],"twitter_card":"summary_large_image","schema":{"@context":"https:\/\/schema.org","@graph":[{"@type":"WebPage","@id":"https:\/\/enlarapita.com\/fr\/que-faire-ou-voir\/activites-nautiques\/hydro-pedalos-dans-les-parcs-moules\/","url":"https:\/\/enlarapita.com\/fr\/que-faire-ou-voir\/activites-nautiques\/hydro-pedalos-dans-les-parcs-moules\/","name":"Hydrop\u00e9dalos \u00e0 La R\u00e0pita - Activit\u00e9s nautiques","isPartOf":{"@id":"https:\/\/enlarapita.com\/fr\/#website"},"primaryImageOfPage":{"@id":"https:\/\/enlarapita.com\/fr\/que-faire-ou-voir\/activites-nautiques\/hydro-pedalos-dans-les-parcs-moules\/#primaryimage"},"image":{"@id":"https:\/\/enlarapita.com\/fr\/que-faire-ou-voir\/activites-nautiques\/hydro-pedalos-dans-les-parcs-moules\/#primaryimage"},"thumbnailUrl":"https:\/\/enlarapita.com\/wp-content\/uploads\/2024\/05\/20230629_121336-scaled.jpg","datePublished":"2024-05-30T07:13:12+00:00","dateModified":"2024-05-30T07:13:13+00:00","description":"Hydrop\u00e9dalos avec toboggan pour 4 personnes, tr\u00e8s ludiques pour un public jeune et familial.","breadcrumb":{"@id":"https:\/\/enlarapita.com\/fr\/que-faire-ou-voir\/activites-nautiques\/hydro-pedalos-dans-les-parcs-moules\/#breadcrumb"},"inLanguage":"fr-FR","potentialAction":[{"@type":"ReadAction","target":["https:\/\/enlarapita.com\/fr\/que-faire-ou-voir\/activites-nautiques\/hydro-pedalos-dans-les-parcs-moules\/"]}]},{"@type":"ImageObject","inLanguage":"fr-FR","@id":"https:\/\/enlarapita.com\/fr\/que-faire-ou-voir\/activites-nautiques\/hydro-pedalos-dans-les-parcs-moules\/#primaryimage","url":"https:\/\/enlarapita.com\/wp-content\/uploads\/2024\/05\/20230629_121336-scaled.jpg","contentUrl":"https:\/\/enlarapita.com\/wp-content\/uploads\/2024\/05\/20230629_121336-scaled.jpg","width":2560,"height":1153,"caption":"Hidropedals"},{"@type":"BreadcrumbList","@id":"https:\/\/enlarapita.com\/fr\/que-faire-ou-voir\/activites-nautiques\/hydro-pedalos-dans-les-parcs-moules\/#breadcrumb","itemListElement":[{"@type":"ListItem","position":1,"name":"Portada","item":"https:\/\/enlarapita.com\/fr\/"},{"@type":"ListItem","position":2,"name":"Que faire ou voir \u00e0 La Rapita","item":"https:\/\/enlarapita.com\/fr\/que-faire-ou-voir\/"},{"@type":"ListItem","position":3,"name":"Activit\u00e9s nautiques \u00e0 la R\u00e0pita","item":"https:\/\/enlarapita.com\/fr\/que-faire-ou-voir\/activites-nautiques\/"},{"@type":"ListItem","position":4,"name":"Hydro-p\u00e9dalos \u00e0 la R\u00e0pita"}]},{"@type":"WebSite","@id":"https:\/\/enlarapita.com\/fr\/#website","url":"https:\/\/enlarapita.com\/fr\/","name":"En la R\u00e0pita","description":"","publisher":{"@id":"https:\/\/enlarapita.com\/fr\/#organization"},"potentialAction":[{"@type":"SearchAction","target":{"@type":"EntryPoint","urlTemplate":"https:\/\/enlarapita.com\/fr\/?s={search_term_string}"},"query-input":{"@type":"PropertyValueSpecification","valueRequired":true,"valueName":"search_term_string"}}],"inLanguage":"fr-FR"},{"@type":"Organization","@id":"https:\/\/enlarapita.com\/fr\/#organization","name":"En la R\u00e0pita","url":"https:\/\/enlarapita.com\/fr\/","logo":{"@type":"ImageObject","inLanguage":"fr-FR","@id":"https:\/\/enlarapita.com\/fr\/#\/schema\/logo\/image\/","url":"https:\/\/enlarapita.com\/wp-content\/uploads\/2021\/04\/cropped-logo-enlarapita-blau.png","contentUrl":"https:\/\/enlarapita.com\/wp-content\/uploads\/2021\/04\/cropped-logo-enlarapita-blau.png","width":130,"height":19,"caption":"En la R\u00e0pita"},"image":{"@id":"https:\/\/enlarapita.com\/fr\/#\/schema\/logo\/image\/"}}]}},"_links":{"self":[{"href":"https:\/\/enlarapita.com\/fr\/wp-json\/wp\/v2\/pages\/20753","targetHints":{"allow":["GET"]}}],"collection":[{"href":"https:\/\/enlarapita.com\/fr\/wp-json\/wp\/v2\/pages"}],"about":[{"href":"https:\/\/enlarapita.com\/fr\/wp-json\/wp\/v2\/types\/page"}],"author":[{"embeddable":true,"href":"https:\/\/enlarapita.com\/fr\/wp-json\/wp\/v2\/users\/1"}],"replies":[{"embeddable":true,"href":"https:\/\/enlarapita.com\/fr\/wp-json\/wp\/v2\/comments?post=20753"}],"version-history":[{"count":1,"href":"https:\/\/enlarapita.com\/fr\/wp-json\/wp\/v2\/pages\/20753\/revisions"}],"predecessor-version":[{"id":20754,"href":"https:\/\/enlarapita.com\/fr\/wp-json\/wp\/v2\/pages\/20753\/revisions\/20754"}],"up":[{"embeddable":true,"href":"https:\/\/enlarapita.com\/fr\/wp-json\/wp\/v2\/pages\/13452"}],"wp:featuredmedia":[{"embeddable":true,"href":"https:\/\/enlarapita.com\/fr\/wp-json\/wp\/v2\/media\/20593"}],"wp:attachment":[{"href":"https:\/\/enlarapita.com\/fr\/wp-json\/wp\/v2\/media?parent=20753"}],"curies":[{"name":"wp","href":"https:\/\/api.w.org\/{rel}","templated":true}]}}