{"id":20747,"date":"2024-05-30T09:03:03","date_gmt":"2024-05-30T07:03:03","guid":{"rendered":"https:\/\/enlarapita.com\/que-faire-ou-voir\/nature-et-aventure\/randonne-cheval-dans-le-delta\/"},"modified":"2024-05-30T09:03:04","modified_gmt":"2024-05-30T07:03:04","slug":"randonne-cheval-dans-le-delta","status":"publish","type":"page","link":"https:\/\/enlarapita.com\/fr\/que-faire-ou-voir\/nature-et-aventure\/randonne-cheval-dans-le-delta\/","title":{"rendered":"Balade \u00e0 cheval dans le Delta"},"content":{"rendered":"\t\t<div data-elementor-type=\"wp-page\" data-elementor-id=\"20747\" class=\"elementor elementor-20747 elementor-20671\" data-elementor-post-type=\"page\">\n\t\t\t\t\t\t<section class=\"elementor-section elementor-top-section elementor-element elementor-element-11a12f9f elementor-section-content-middle elementor-section-boxed elementor-section-height-default elementor-section-height-default\" data-id=\"11a12f9f\" data-element_type=\"section\" data-e-type=\"section\">\n\t\t\t\t\t\t<div class=\"elementor-container elementor-column-gap-default\">\n\t\t\t\t\t<div class=\"elementor-column elementor-col-50 elementor-top-column elementor-element elementor-element-3bd87543\" data-id=\"3bd87543\" data-element_type=\"column\" data-e-type=\"column\">\n\t\t\t<div class=\"elementor-widget-wrap elementor-element-populated\">\n\t\t\t\t\t\t<div class=\"elementor-element elementor-element-7e323349 elementor-widget elementor-widget-heading\" data-id=\"7e323349\" data-element_type=\"widget\" data-e-type=\"widget\" data-widget_type=\"heading.default\">\n\t\t\t\t<div class=\"elementor-widget-container\">\n\t\t\t\t\t<h2 class=\"elementor-heading-title elementor-size-default\">Balade \u00e0 cheval dans le Delta<\/h2>\t\t\t\t<\/div>\n\t\t\t\t<\/div>\n\t\t\t\t<div class=\"elementor-element elementor-element-1cbfa581 elementor-widget elementor-widget-text-editor\" data-id=\"1cbfa581\" data-element_type=\"widget\" data-e-type=\"widget\" data-widget_type=\"text-editor.default\">\n\t\t\t\t<div class=\"elementor-widget-container\">\n\t\t\t\t\t\t\t\t\t<p>Plongez dans une excitante aventure \u00e0 cheval \u00e0 travers le Delta de l&rsquo;\u00c8bre, une exp\u00e9rience qui vous m\u00e8nera \u00e0 d\u00e9couvrir la beaut\u00e9 naturelle et culturelle de cette r\u00e9gion unique en M\u00e9diterran\u00e9e. En partant de notre cabane, nous vous invitons \u00e0 vous embarquer pour un voyage magique \u00e0 travers les champs de riz, o\u00f9 vous pourrez vous connecter avec la nature et d\u00e9couvrir la vie rurale tout en observant de pr\u00e8s la diversit\u00e9 de la faune locale et en apprenant sur la culture traditionnelle du riz.<\/p>\n\t\t\t\t\t\t\t\t<\/div>\n\t\t\t\t<\/div>\n\t\t\t\t<div class=\"elementor-element elementor-element-7a892653 elementor-widget elementor-widget-heading\" data-id=\"7a892653\" data-element_type=\"widget\" data-e-type=\"widget\" data-widget_type=\"heading.default\">\n\t\t\t\t<div class=\"elementor-widget-container\">\n\t\t\t\t\t<h2 class=\"elementor-heading-title elementor-size-default\">Immersion totale dans les charmes du Delta<\/h2>\t\t\t\t<\/div>\n\t\t\t\t<\/div>\n\t\t\t\t<div class=\"elementor-element elementor-element-7485a2ea elementor-widget elementor-widget-text-editor\" data-id=\"7485a2ea\" data-element_type=\"widget\" data-e-type=\"widget\" data-widget_type=\"text-editor.default\">\n\t\t\t\t<div class=\"elementor-widget-container\">\n\t\t\t\t\t\t\t\t\t<p>Mais cette balade n&rsquo;est pas seulement une simple excursion \u00e0 cheval ; c&rsquo;est une immersion totale dans les charmes du Delta. Avec nos guides experts, vous aurez l&rsquo;opportunit\u00e9 de vivre une activit\u00e9 unique : faire un tour dans l&rsquo;eau avec nos magnifiques chevaux. C&rsquo;est une exp\u00e9rience qui vous permettra de vous connecter avec la nature d&rsquo;une mani\u00e8re in\u00e9gal\u00e9e, une occasion de contempler le paysage d&rsquo;un tout nouveau point de vue et de vous laisser emporter par la magie du Delta.<\/p>\n\t\t\t\t\t\t\t\t<\/div>\n\t\t\t\t<\/div>\n\t\t\t\t\t<\/div>\n\t\t<\/div>\n\t\t\t\t<div class=\"elementor-column elementor-col-50 elementor-top-column elementor-element elementor-element-cb5ebe1\" data-id=\"cb5ebe1\" data-element_type=\"column\" data-e-type=\"column\">\n\t\t\t<div class=\"elementor-widget-wrap elementor-element-populated\">\n\t\t\t\t\t\t<div class=\"elementor-element elementor-element-e437ca7 elementor-widget elementor-widget-image\" data-id=\"e437ca7\" data-element_type=\"widget\" data-e-type=\"widget\" data-widget_type=\"image.default\">\n\t\t\t\t<div class=\"elementor-widget-container\">\n\t\t\t\t\t\t\t\t\t\t\t\t\t\t\t<img fetchpriority=\"high\" decoding=\"async\" width=\"800\" height=\"533\" src=\"https:\/\/enlarapita.com\/wp-content\/uploads\/2024\/05\/cavall7-1.jpg\" class=\"attachment-full size-full wp-image-20608\" alt=\"\" srcset=\"https:\/\/enlarapita.com\/wp-content\/uploads\/2024\/05\/cavall7-1.jpg 800w, https:\/\/enlarapita.com\/wp-content\/uploads\/2024\/05\/cavall7-1-300x200.jpg 300w, https:\/\/enlarapita.com\/wp-content\/uploads\/2024\/05\/cavall7-1-768x512.jpg 768w\" sizes=\"(max-width: 800px) 100vw, 800px\" style=\"width:100%;height:66.63%;max-width:800px\" \/>\t\t\t\t\t\t\t\t\t\t\t\t\t\t\t<\/div>\n\t\t\t\t<\/div>\n\t\t\t\t\t<\/div>\n\t\t<\/div>\n\t\t\t\t\t<\/div>\n\t\t<\/section>\n\t\t\t\t<\/div>\n\t\t","protected":false},"excerpt":{"rendered":"<p>Balade \u00e0 cheval dans le Delta Plongez dans une excitante aventure \u00e0 cheval \u00e0 travers le Delta de l&rsquo;\u00c8bre, une exp\u00e9rience qui vous m\u00e8nera \u00e0 d\u00e9couvrir la beaut\u00e9 naturelle et culturelle de cette r\u00e9gion unique en M\u00e9diterran\u00e9e. En partant de notre cabane, nous vous invitons \u00e0 vous embarquer pour un voyage magique \u00e0 travers les&hellip; <a class=\"more-link\" href=\"https:\/\/enlarapita.com\/fr\/que-faire-ou-voir\/nature-et-aventure\/randonne-cheval-dans-le-delta\/\">Poursuivre la lecture <span class=\"screen-reader-text\">Balade \u00e0 cheval dans le Delta<\/span><\/a><\/p>\n","protected":false},"author":1,"featured_media":20604,"parent":13591,"menu_order":0,"comment_status":"closed","ping_status":"closed","template":"page-categories.php","meta":{"_acf_changed":false,"footnotes":""},"class_list":["post-20747","page","type-page","status-publish","has-post-thumbnail","hentry","entry"],"acf":[],"yoast_head":"<!-- This site is optimized with the Yoast SEO plugin v27.4 - https:\/\/yoast.com\/product\/yoast-seo-wordpress\/ -->\n<title>Excursions \u00e0 la R\u00e0pita - Que voir<\/title>\n<meta name=\"description\" content=\"Si vous aimez la nature, respirer l&#039;air pur et faire du sport, inscrivez-vous aux excursions \u00e0 La R\u00e0pita pour d\u00e9couvrir des itin\u00e9raires dans ce paradis.\" \/>\n<meta name=\"robots\" content=\"index, follow, max-snippet:-1, max-image-preview:large, max-video-preview:-1\" \/>\n<link rel=\"canonical\" href=\"https:\/\/enlarapita.com\/fr\/que-faire-ou-voir\/nature-et-aventure\/randonne-cheval-dans-le-delta\/\" \/>\n<meta property=\"og:locale\" content=\"fr_FR\" \/>\n<meta property=\"og:type\" content=\"article\" \/>\n<meta property=\"og:title\" content=\"Excursions \u00e0 la R\u00e0pita - Que voir\" \/>\n<meta property=\"og:description\" content=\"Si vous aimez la nature, respirer l&#039;air pur et faire du sport, inscrivez-vous aux excursions \u00e0 La R\u00e0pita pour d\u00e9couvrir des itin\u00e9raires dans ce paradis.\" \/>\n<meta property=\"og:url\" content=\"https:\/\/enlarapita.com\/fr\/que-faire-ou-voir\/nature-et-aventure\/randonne-cheval-dans-le-delta\/\" \/>\n<meta property=\"og:site_name\" content=\"En la R\u00e0pita\" \/>\n<meta property=\"article:modified_time\" content=\"2024-05-30T07:03:04+00:00\" \/>\n<meta property=\"og:image\" content=\"https:\/\/enlarapita.com\/wp-content\/uploads\/2024\/05\/cavall6-1.jpg\" \/>\n\t<meta property=\"og:image:width\" content=\"1678\" \/>\n\t<meta property=\"og:image:height\" content=\"1119\" \/>\n\t<meta property=\"og:image:type\" content=\"image\/jpeg\" \/>\n<meta name=\"twitter:card\" content=\"summary_large_image\" \/>\n<meta name=\"twitter:label1\" content=\"Dur\u00e9e de lecture estim\u00e9e\" \/>\n\t<meta name=\"twitter:data1\" content=\"1 minute\" \/>\n<script type=\"application\/ld+json\" class=\"yoast-schema-graph\">{\"@context\":\"https:\\\/\\\/schema.org\",\"@graph\":[{\"@type\":\"WebPage\",\"@id\":\"https:\\\/\\\/enlarapita.com\\\/fr\\\/que-faire-ou-voir\\\/nature-et-aventure\\\/randonne-cheval-dans-le-delta\\\/\",\"url\":\"https:\\\/\\\/enlarapita.com\\\/fr\\\/que-faire-ou-voir\\\/nature-et-aventure\\\/randonne-cheval-dans-le-delta\\\/\",\"name\":\"Excursions \u00e0 la R\u00e0pita - Que voir\",\"isPartOf\":{\"@id\":\"https:\\\/\\\/enlarapita.com\\\/fr\\\/#website\"},\"primaryImageOfPage\":{\"@id\":\"https:\\\/\\\/enlarapita.com\\\/fr\\\/que-faire-ou-voir\\\/nature-et-aventure\\\/randonne-cheval-dans-le-delta\\\/#primaryimage\"},\"image\":{\"@id\":\"https:\\\/\\\/enlarapita.com\\\/fr\\\/que-faire-ou-voir\\\/nature-et-aventure\\\/randonne-cheval-dans-le-delta\\\/#primaryimage\"},\"thumbnailUrl\":\"https:\\\/\\\/enlarapita.com\\\/wp-content\\\/uploads\\\/2024\\\/05\\\/cavall6-1.jpg\",\"datePublished\":\"2024-05-30T07:03:03+00:00\",\"dateModified\":\"2024-05-30T07:03:04+00:00\",\"description\":\"Si vous aimez la nature, respirer l'air pur et faire du sport, inscrivez-vous aux excursions \u00e0 La R\u00e0pita pour d\u00e9couvrir des itin\u00e9raires dans ce paradis.\",\"breadcrumb\":{\"@id\":\"https:\\\/\\\/enlarapita.com\\\/fr\\\/que-faire-ou-voir\\\/nature-et-aventure\\\/randonne-cheval-dans-le-delta\\\/#breadcrumb\"},\"inLanguage\":\"fr-FR\",\"potentialAction\":[{\"@type\":\"ReadAction\",\"target\":[\"https:\\\/\\\/enlarapita.com\\\/fr\\\/que-faire-ou-voir\\\/nature-et-aventure\\\/randonne-cheval-dans-le-delta\\\/\"]}]},{\"@type\":\"ImageObject\",\"inLanguage\":\"fr-FR\",\"@id\":\"https:\\\/\\\/enlarapita.com\\\/fr\\\/que-faire-ou-voir\\\/nature-et-aventure\\\/randonne-cheval-dans-le-delta\\\/#primaryimage\",\"url\":\"https:\\\/\\\/enlarapita.com\\\/wp-content\\\/uploads\\\/2024\\\/05\\\/cavall6-1.jpg\",\"contentUrl\":\"https:\\\/\\\/enlarapita.com\\\/wp-content\\\/uploads\\\/2024\\\/05\\\/cavall6-1.jpg\",\"width\":1678,\"height\":1119,\"caption\":\"Cavalls\"},{\"@type\":\"BreadcrumbList\",\"@id\":\"https:\\\/\\\/enlarapita.com\\\/fr\\\/que-faire-ou-voir\\\/nature-et-aventure\\\/randonne-cheval-dans-le-delta\\\/#breadcrumb\",\"itemListElement\":[{\"@type\":\"ListItem\",\"position\":1,\"name\":\"Portada\",\"item\":\"https:\\\/\\\/enlarapita.com\\\/fr\\\/\"},{\"@type\":\"ListItem\",\"position\":2,\"name\":\"Que faire ou voir \u00e0 La Rapita\",\"item\":\"https:\\\/\\\/enlarapita.com\\\/fr\\\/que-faire-ou-voir\\\/\"},{\"@type\":\"ListItem\",\"position\":3,\"name\":\"Nature et aventure \u00e0 La R\u00e0pita\",\"item\":\"https:\\\/\\\/enlarapita.com\\\/fr\\\/que-faire-ou-voir\\\/nature-et-aventure\\\/\"},{\"@type\":\"ListItem\",\"position\":4,\"name\":\"Balade \u00e0 cheval dans le Delta\"}]},{\"@type\":\"WebSite\",\"@id\":\"https:\\\/\\\/enlarapita.com\\\/fr\\\/#website\",\"url\":\"https:\\\/\\\/enlarapita.com\\\/fr\\\/\",\"name\":\"En la R\u00e0pita\",\"description\":\"\",\"publisher\":{\"@id\":\"https:\\\/\\\/enlarapita.com\\\/fr\\\/#organization\"},\"potentialAction\":[{\"@type\":\"SearchAction\",\"target\":{\"@type\":\"EntryPoint\",\"urlTemplate\":\"https:\\\/\\\/enlarapita.com\\\/fr\\\/?s={search_term_string}\"},\"query-input\":{\"@type\":\"PropertyValueSpecification\",\"valueRequired\":true,\"valueName\":\"search_term_string\"}}],\"inLanguage\":\"fr-FR\"},{\"@type\":\"Organization\",\"@id\":\"https:\\\/\\\/enlarapita.com\\\/fr\\\/#organization\",\"name\":\"En la R\u00e0pita\",\"url\":\"https:\\\/\\\/enlarapita.com\\\/fr\\\/\",\"logo\":{\"@type\":\"ImageObject\",\"inLanguage\":\"fr-FR\",\"@id\":\"https:\\\/\\\/enlarapita.com\\\/fr\\\/#\\\/schema\\\/logo\\\/image\\\/\",\"url\":\"https:\\\/\\\/enlarapita.com\\\/wp-content\\\/uploads\\\/2021\\\/04\\\/cropped-logo-enlarapita-blau.png\",\"contentUrl\":\"https:\\\/\\\/enlarapita.com\\\/wp-content\\\/uploads\\\/2021\\\/04\\\/cropped-logo-enlarapita-blau.png\",\"width\":130,\"height\":19,\"caption\":\"En la R\u00e0pita\"},\"image\":{\"@id\":\"https:\\\/\\\/enlarapita.com\\\/fr\\\/#\\\/schema\\\/logo\\\/image\\\/\"}}]}<\/script>\n<!-- \/ Yoast SEO plugin. -->","yoast_head_json":{"title":"Excursions \u00e0 la R\u00e0pita - Que voir","description":"Si vous aimez la nature, respirer l'air pur et faire du sport, inscrivez-vous aux excursions \u00e0 La R\u00e0pita pour d\u00e9couvrir des itin\u00e9raires dans ce paradis.","robots":{"index":"index","follow":"follow","max-snippet":"max-snippet:-1","max-image-preview":"max-image-preview:large","max-video-preview":"max-video-preview:-1"},"canonical":"https:\/\/enlarapita.com\/fr\/que-faire-ou-voir\/nature-et-aventure\/randonne-cheval-dans-le-delta\/","og_locale":"fr_FR","og_type":"article","og_title":"Excursions \u00e0 la R\u00e0pita - Que voir","og_description":"Si vous aimez la nature, respirer l'air pur et faire du sport, inscrivez-vous aux excursions \u00e0 La R\u00e0pita pour d\u00e9couvrir des itin\u00e9raires dans ce paradis.","og_url":"https:\/\/enlarapita.com\/fr\/que-faire-ou-voir\/nature-et-aventure\/randonne-cheval-dans-le-delta\/","og_site_name":"En la R\u00e0pita","article_modified_time":"2024-05-30T07:03:04+00:00","og_image":[{"width":1678,"height":1119,"url":"https:\/\/enlarapita.com\/wp-content\/uploads\/2024\/05\/cavall6-1.jpg","type":"image\/jpeg"}],"twitter_card":"summary_large_image","twitter_misc":{"Dur\u00e9e de lecture estim\u00e9e":"1 minute"},"schema":{"@context":"https:\/\/schema.org","@graph":[{"@type":"WebPage","@id":"https:\/\/enlarapita.com\/fr\/que-faire-ou-voir\/nature-et-aventure\/randonne-cheval-dans-le-delta\/","url":"https:\/\/enlarapita.com\/fr\/que-faire-ou-voir\/nature-et-aventure\/randonne-cheval-dans-le-delta\/","name":"Excursions \u00e0 la R\u00e0pita - Que voir","isPartOf":{"@id":"https:\/\/enlarapita.com\/fr\/#website"},"primaryImageOfPage":{"@id":"https:\/\/enlarapita.com\/fr\/que-faire-ou-voir\/nature-et-aventure\/randonne-cheval-dans-le-delta\/#primaryimage"},"image":{"@id":"https:\/\/enlarapita.com\/fr\/que-faire-ou-voir\/nature-et-aventure\/randonne-cheval-dans-le-delta\/#primaryimage"},"thumbnailUrl":"https:\/\/enlarapita.com\/wp-content\/uploads\/2024\/05\/cavall6-1.jpg","datePublished":"2024-05-30T07:03:03+00:00","dateModified":"2024-05-30T07:03:04+00:00","description":"Si vous aimez la nature, respirer l'air pur et faire du sport, inscrivez-vous aux excursions \u00e0 La R\u00e0pita pour d\u00e9couvrir des itin\u00e9raires dans ce paradis.","breadcrumb":{"@id":"https:\/\/enlarapita.com\/fr\/que-faire-ou-voir\/nature-et-aventure\/randonne-cheval-dans-le-delta\/#breadcrumb"},"inLanguage":"fr-FR","potentialAction":[{"@type":"ReadAction","target":["https:\/\/enlarapita.com\/fr\/que-faire-ou-voir\/nature-et-aventure\/randonne-cheval-dans-le-delta\/"]}]},{"@type":"ImageObject","inLanguage":"fr-FR","@id":"https:\/\/enlarapita.com\/fr\/que-faire-ou-voir\/nature-et-aventure\/randonne-cheval-dans-le-delta\/#primaryimage","url":"https:\/\/enlarapita.com\/wp-content\/uploads\/2024\/05\/cavall6-1.jpg","contentUrl":"https:\/\/enlarapita.com\/wp-content\/uploads\/2024\/05\/cavall6-1.jpg","width":1678,"height":1119,"caption":"Cavalls"},{"@type":"BreadcrumbList","@id":"https:\/\/enlarapita.com\/fr\/que-faire-ou-voir\/nature-et-aventure\/randonne-cheval-dans-le-delta\/#breadcrumb","itemListElement":[{"@type":"ListItem","position":1,"name":"Portada","item":"https:\/\/enlarapita.com\/fr\/"},{"@type":"ListItem","position":2,"name":"Que faire ou voir \u00e0 La Rapita","item":"https:\/\/enlarapita.com\/fr\/que-faire-ou-voir\/"},{"@type":"ListItem","position":3,"name":"Nature et aventure \u00e0 La R\u00e0pita","item":"https:\/\/enlarapita.com\/fr\/que-faire-ou-voir\/nature-et-aventure\/"},{"@type":"ListItem","position":4,"name":"Balade \u00e0 cheval dans le Delta"}]},{"@type":"WebSite","@id":"https:\/\/enlarapita.com\/fr\/#website","url":"https:\/\/enlarapita.com\/fr\/","name":"En la R\u00e0pita","description":"","publisher":{"@id":"https:\/\/enlarapita.com\/fr\/#organization"},"potentialAction":[{"@type":"SearchAction","target":{"@type":"EntryPoint","urlTemplate":"https:\/\/enlarapita.com\/fr\/?s={search_term_string}"},"query-input":{"@type":"PropertyValueSpecification","valueRequired":true,"valueName":"search_term_string"}}],"inLanguage":"fr-FR"},{"@type":"Organization","@id":"https:\/\/enlarapita.com\/fr\/#organization","name":"En la R\u00e0pita","url":"https:\/\/enlarapita.com\/fr\/","logo":{"@type":"ImageObject","inLanguage":"fr-FR","@id":"https:\/\/enlarapita.com\/fr\/#\/schema\/logo\/image\/","url":"https:\/\/enlarapita.com\/wp-content\/uploads\/2021\/04\/cropped-logo-enlarapita-blau.png","contentUrl":"https:\/\/enlarapita.com\/wp-content\/uploads\/2021\/04\/cropped-logo-enlarapita-blau.png","width":130,"height":19,"caption":"En la R\u00e0pita"},"image":{"@id":"https:\/\/enlarapita.com\/fr\/#\/schema\/logo\/image\/"}}]}},"_links":{"self":[{"href":"https:\/\/enlarapita.com\/fr\/wp-json\/wp\/v2\/pages\/20747","targetHints":{"allow":["GET"]}}],"collection":[{"href":"https:\/\/enlarapita.com\/fr\/wp-json\/wp\/v2\/pages"}],"about":[{"href":"https:\/\/enlarapita.com\/fr\/wp-json\/wp\/v2\/types\/page"}],"author":[{"embeddable":true,"href":"https:\/\/enlarapita.com\/fr\/wp-json\/wp\/v2\/users\/1"}],"replies":[{"embeddable":true,"href":"https:\/\/enlarapita.com\/fr\/wp-json\/wp\/v2\/comments?post=20747"}],"version-history":[{"count":1,"href":"https:\/\/enlarapita.com\/fr\/wp-json\/wp\/v2\/pages\/20747\/revisions"}],"predecessor-version":[{"id":20748,"href":"https:\/\/enlarapita.com\/fr\/wp-json\/wp\/v2\/pages\/20747\/revisions\/20748"}],"up":[{"embeddable":true,"href":"https:\/\/enlarapita.com\/fr\/wp-json\/wp\/v2\/pages\/13591"}],"wp:featuredmedia":[{"embeddable":true,"href":"https:\/\/enlarapita.com\/fr\/wp-json\/wp\/v2\/media\/20604"}],"wp:attachment":[{"href":"https:\/\/enlarapita.com\/fr\/wp-json\/wp\/v2\/media?parent=20747"}],"curies":[{"name":"wp","href":"https:\/\/api.w.org\/{rel}","templated":true}]}}