{"id":16610,"date":"2023-04-03T17:23:59","date_gmt":"2023-04-03T15:23:59","guid":{"rendered":"https:\/\/enlarapita.com\/logements\/campings-a-la-rapita\/"},"modified":"2024-08-16T15:47:54","modified_gmt":"2024-08-16T13:47:54","slug":"campings-dans-le-delta-ebre","status":"publish","type":"page","link":"https:\/\/enlarapita.com\/fr\/logements\/campings-dans-le-delta-ebre\/","title":{"rendered":"Campings dans le Delta de l&rsquo;\u00c8bre"},"content":{"rendered":"\t\t<div data-elementor-type=\"wp-page\" data-elementor-id=\"16610\" class=\"elementor elementor-16610 elementor-16600\" data-elementor-post-type=\"page\">\n\t\t\t\t\t\t<section class=\"elementor-section elementor-top-section elementor-element elementor-element-1236ef35 elementor-section-content-middle elementor-section-boxed elementor-section-height-default elementor-section-height-default\" data-id=\"1236ef35\" data-element_type=\"section\" data-e-type=\"section\">\n\t\t\t\t\t\t<div class=\"elementor-container elementor-column-gap-default\">\n\t\t\t\t\t<div class=\"elementor-column elementor-col-100 elementor-top-column elementor-element elementor-element-5736ac5c\" data-id=\"5736ac5c\" data-element_type=\"column\" data-e-type=\"column\">\n\t\t\t<div class=\"elementor-widget-wrap elementor-element-populated\">\n\t\t\t\t\t\t<div class=\"elementor-element elementor-element-16500f68 elementor-widget elementor-widget-text-editor\" data-id=\"16500f68\" data-element_type=\"widget\" data-e-type=\"widget\" data-widget_type=\"text-editor.default\">\n\t\t\t\t<div class=\"elementor-widget-container\">\n\t\t\t\t\t\t\t\t\t<p>Les fans de camping disposeront de nombreux terrains o\u00f9 passer leurs vacances et connecter avec la nature de fa\u00e7on authentique. Des campings au bord de l\u2019eau, avec possibilit\u00e9 d\u2019installer un camping-car, une camionnette et des parcelles \u00e0 l\u2019ombre avec branchement \u00e9lectrique. Des campings qui satisfont tous vos besoins et qui sont enti\u00e8rement \u00e9quip\u00e9s, avec des supermarch\u00e9s et des restaurants.<\/p>\t\t\t\t\t\t\t\t<\/div>\n\t\t\t\t<\/div>\n\t\t\t\t\t<\/div>\n\t\t<\/div>\n\t\t\t\t\t<\/div>\n\t\t<\/section>\n\t\t\t\t<\/div>\n\t\t","protected":false},"excerpt":{"rendered":"<p>Les fans de camping disposeront de nombreux terrains o\u00f9 passer leurs vacances et connecter avec la nature de fa\u00e7on authentique. Des campings au bord de l\u2019eau, avec possibilit\u00e9 d\u2019installer un camping-car, une camionnette et des parcelles \u00e0 l\u2019ombre avec branchement \u00e9lectrique. Des campings qui satisfont tous vos besoins et qui sont enti\u00e8rement \u00e9quip\u00e9s, avec des&hellip; <a class=\"more-link\" href=\"https:\/\/enlarapita.com\/fr\/logements\/campings-dans-le-delta-ebre\/\">Poursuivre la lecture <span class=\"screen-reader-text\">Campings dans le Delta de l&rsquo;\u00c8bre<\/span><\/a><\/p>\n","protected":false},"author":1,"featured_media":32535,"parent":6961,"menu_order":0,"comment_status":"closed","ping_status":"closed","template":"page-categories.php","meta":{"_acf_changed":false,"footnotes":""},"class_list":["post-16610","page","type-page","status-publish","has-post-thumbnail","hentry","entry"],"acf":[],"yoast_head":"<!-- This site is optimized with the Yoast SEO plugin v27.4 - https:\/\/yoast.com\/product\/yoast-seo-wordpress\/ -->\n<title>Campings dans le Delta de l&#039;\u00c8bre - En la R\u00e0pita<\/title>\n<meta name=\"robots\" content=\"index, follow, max-snippet:-1, max-image-preview:large, max-video-preview:-1\" \/>\n<link rel=\"canonical\" href=\"https:\/\/enlarapita.com\/fr\/logements\/campings-dans-le-delta-ebre\/\" \/>\n<meta property=\"og:locale\" content=\"fr_FR\" \/>\n<meta property=\"og:type\" content=\"article\" \/>\n<meta property=\"og:title\" content=\"Campings dans le Delta de l&#039;\u00c8bre - En la R\u00e0pita\" \/>\n<meta property=\"og:description\" content=\"Les fans de camping disposeront de nombreux terrains o\u00f9 passer leurs vacances et connecter avec la nature de fa\u00e7on authentique. Des campings au bord de l\u2019eau, avec possibilit\u00e9 d\u2019installer un camping-car, une camionnette et des parcelles \u00e0 l\u2019ombre avec branchement \u00e9lectrique. Des campings qui satisfont tous vos besoins et qui sont enti\u00e8rement \u00e9quip\u00e9s, avec des&hellip; Poursuivre la lecture Campings dans le Delta de l&rsquo;\u00c8bre\" \/>\n<meta property=\"og:url\" content=\"https:\/\/enlarapita.com\/fr\/logements\/campings-dans-le-delta-ebre\/\" \/>\n<meta property=\"og:site_name\" content=\"En la R\u00e0pita\" \/>\n<meta property=\"article:modified_time\" content=\"2024-08-16T13:47:54+00:00\" \/>\n<meta property=\"og:image\" content=\"https:\/\/enlarapita.com\/wp-content\/uploads\/2023\/03\/1920-portada_campingalfacs.jpg\" \/>\n\t<meta property=\"og:image:width\" content=\"1920\" \/>\n\t<meta property=\"og:image:height\" content=\"400\" \/>\n\t<meta property=\"og:image:type\" content=\"image\/jpeg\" \/>\n<meta name=\"twitter:card\" content=\"summary_large_image\" \/>\n<meta name=\"twitter:label1\" content=\"Dur\u00e9e de lecture estim\u00e9e\" \/>\n\t<meta name=\"twitter:data1\" content=\"1 minute\" \/>\n<script type=\"application\/ld+json\" class=\"yoast-schema-graph\">{\"@context\":\"https:\\\/\\\/schema.org\",\"@graph\":[{\"@type\":\"WebPage\",\"@id\":\"https:\\\/\\\/enlarapita.com\\\/fr\\\/logements\\\/campings-dans-le-delta-ebre\\\/\",\"url\":\"https:\\\/\\\/enlarapita.com\\\/fr\\\/logements\\\/campings-dans-le-delta-ebre\\\/\",\"name\":\"Campings dans le Delta de l'\u00c8bre - En la R\u00e0pita\",\"isPartOf\":{\"@id\":\"https:\\\/\\\/enlarapita.com\\\/fr\\\/#website\"},\"primaryImageOfPage\":{\"@id\":\"https:\\\/\\\/enlarapita.com\\\/fr\\\/logements\\\/campings-dans-le-delta-ebre\\\/#primaryimage\"},\"image\":{\"@id\":\"https:\\\/\\\/enlarapita.com\\\/fr\\\/logements\\\/campings-dans-le-delta-ebre\\\/#primaryimage\"},\"thumbnailUrl\":\"https:\\\/\\\/enlarapita.com\\\/wp-content\\\/uploads\\\/2025\\\/01\\\/DSC9428-1-scaled.jpg\",\"datePublished\":\"2023-04-03T15:23:59+00:00\",\"dateModified\":\"2024-08-16T13:47:54+00:00\",\"breadcrumb\":{\"@id\":\"https:\\\/\\\/enlarapita.com\\\/fr\\\/logements\\\/campings-dans-le-delta-ebre\\\/#breadcrumb\"},\"inLanguage\":\"fr-FR\",\"potentialAction\":[{\"@type\":\"ReadAction\",\"target\":[\"https:\\\/\\\/enlarapita.com\\\/fr\\\/logements\\\/campings-dans-le-delta-ebre\\\/\"]}]},{\"@type\":\"ImageObject\",\"inLanguage\":\"fr-FR\",\"@id\":\"https:\\\/\\\/enlarapita.com\\\/fr\\\/logements\\\/campings-dans-le-delta-ebre\\\/#primaryimage\",\"url\":\"https:\\\/\\\/enlarapita.com\\\/wp-content\\\/uploads\\\/2025\\\/01\\\/DSC9428-1-scaled.jpg\",\"contentUrl\":\"https:\\\/\\\/enlarapita.com\\\/wp-content\\\/uploads\\\/2025\\\/01\\\/DSC9428-1-scaled.jpg\",\"width\":2560,\"height\":1707},{\"@type\":\"BreadcrumbList\",\"@id\":\"https:\\\/\\\/enlarapita.com\\\/fr\\\/logements\\\/campings-dans-le-delta-ebre\\\/#breadcrumb\",\"itemListElement\":[{\"@type\":\"ListItem\",\"position\":1,\"name\":\"Portada\",\"item\":\"https:\\\/\\\/enlarapita.com\\\/fr\\\/\"},{\"@type\":\"ListItem\",\"position\":2,\"name\":\"Logements\",\"item\":\"https:\\\/\\\/enlarapita.com\\\/fr\\\/logements\\\/\"},{\"@type\":\"ListItem\",\"position\":3,\"name\":\"Campings dans le Delta de l&#8217;\u00c8bre\"}]},{\"@type\":\"WebSite\",\"@id\":\"https:\\\/\\\/enlarapita.com\\\/fr\\\/#website\",\"url\":\"https:\\\/\\\/enlarapita.com\\\/fr\\\/\",\"name\":\"En la R\u00e0pita\",\"description\":\"\",\"publisher\":{\"@id\":\"https:\\\/\\\/enlarapita.com\\\/fr\\\/#organization\"},\"potentialAction\":[{\"@type\":\"SearchAction\",\"target\":{\"@type\":\"EntryPoint\",\"urlTemplate\":\"https:\\\/\\\/enlarapita.com\\\/fr\\\/?s={search_term_string}\"},\"query-input\":{\"@type\":\"PropertyValueSpecification\",\"valueRequired\":true,\"valueName\":\"search_term_string\"}}],\"inLanguage\":\"fr-FR\"},{\"@type\":\"Organization\",\"@id\":\"https:\\\/\\\/enlarapita.com\\\/fr\\\/#organization\",\"name\":\"En la R\u00e0pita\",\"url\":\"https:\\\/\\\/enlarapita.com\\\/fr\\\/\",\"logo\":{\"@type\":\"ImageObject\",\"inLanguage\":\"fr-FR\",\"@id\":\"https:\\\/\\\/enlarapita.com\\\/fr\\\/#\\\/schema\\\/logo\\\/image\\\/\",\"url\":\"https:\\\/\\\/enlarapita.com\\\/wp-content\\\/uploads\\\/2021\\\/04\\\/cropped-logo-enlarapita-blau.png\",\"contentUrl\":\"https:\\\/\\\/enlarapita.com\\\/wp-content\\\/uploads\\\/2021\\\/04\\\/cropped-logo-enlarapita-blau.png\",\"width\":130,\"height\":19,\"caption\":\"En la R\u00e0pita\"},\"image\":{\"@id\":\"https:\\\/\\\/enlarapita.com\\\/fr\\\/#\\\/schema\\\/logo\\\/image\\\/\"}}]}<\/script>\n<!-- \/ Yoast SEO plugin. -->","yoast_head_json":{"title":"Campings dans le Delta de l'\u00c8bre - En la R\u00e0pita","robots":{"index":"index","follow":"follow","max-snippet":"max-snippet:-1","max-image-preview":"max-image-preview:large","max-video-preview":"max-video-preview:-1"},"canonical":"https:\/\/enlarapita.com\/fr\/logements\/campings-dans-le-delta-ebre\/","og_locale":"fr_FR","og_type":"article","og_title":"Campings dans le Delta de l'\u00c8bre - En la R\u00e0pita","og_description":"Les fans de camping disposeront de nombreux terrains o\u00f9 passer leurs vacances et connecter avec la nature de fa\u00e7on authentique. Des campings au bord de l\u2019eau, avec possibilit\u00e9 d\u2019installer un camping-car, une camionnette et des parcelles \u00e0 l\u2019ombre avec branchement \u00e9lectrique. Des campings qui satisfont tous vos besoins et qui sont enti\u00e8rement \u00e9quip\u00e9s, avec des&hellip; Poursuivre la lecture Campings dans le Delta de l&rsquo;\u00c8bre","og_url":"https:\/\/enlarapita.com\/fr\/logements\/campings-dans-le-delta-ebre\/","og_site_name":"En la R\u00e0pita","article_modified_time":"2024-08-16T13:47:54+00:00","og_image":[{"width":1920,"height":400,"url":"https:\/\/enlarapita.com\/wp-content\/uploads\/2023\/03\/1920-portada_campingalfacs.jpg","type":"image\/jpeg"}],"twitter_card":"summary_large_image","twitter_misc":{"Dur\u00e9e de lecture estim\u00e9e":"1 minute"},"schema":{"@context":"https:\/\/schema.org","@graph":[{"@type":"WebPage","@id":"https:\/\/enlarapita.com\/fr\/logements\/campings-dans-le-delta-ebre\/","url":"https:\/\/enlarapita.com\/fr\/logements\/campings-dans-le-delta-ebre\/","name":"Campings dans le Delta de l'\u00c8bre - En la R\u00e0pita","isPartOf":{"@id":"https:\/\/enlarapita.com\/fr\/#website"},"primaryImageOfPage":{"@id":"https:\/\/enlarapita.com\/fr\/logements\/campings-dans-le-delta-ebre\/#primaryimage"},"image":{"@id":"https:\/\/enlarapita.com\/fr\/logements\/campings-dans-le-delta-ebre\/#primaryimage"},"thumbnailUrl":"https:\/\/enlarapita.com\/wp-content\/uploads\/2025\/01\/DSC9428-1-scaled.jpg","datePublished":"2023-04-03T15:23:59+00:00","dateModified":"2024-08-16T13:47:54+00:00","breadcrumb":{"@id":"https:\/\/enlarapita.com\/fr\/logements\/campings-dans-le-delta-ebre\/#breadcrumb"},"inLanguage":"fr-FR","potentialAction":[{"@type":"ReadAction","target":["https:\/\/enlarapita.com\/fr\/logements\/campings-dans-le-delta-ebre\/"]}]},{"@type":"ImageObject","inLanguage":"fr-FR","@id":"https:\/\/enlarapita.com\/fr\/logements\/campings-dans-le-delta-ebre\/#primaryimage","url":"https:\/\/enlarapita.com\/wp-content\/uploads\/2025\/01\/DSC9428-1-scaled.jpg","contentUrl":"https:\/\/enlarapita.com\/wp-content\/uploads\/2025\/01\/DSC9428-1-scaled.jpg","width":2560,"height":1707},{"@type":"BreadcrumbList","@id":"https:\/\/enlarapita.com\/fr\/logements\/campings-dans-le-delta-ebre\/#breadcrumb","itemListElement":[{"@type":"ListItem","position":1,"name":"Portada","item":"https:\/\/enlarapita.com\/fr\/"},{"@type":"ListItem","position":2,"name":"Logements","item":"https:\/\/enlarapita.com\/fr\/logements\/"},{"@type":"ListItem","position":3,"name":"Campings dans le Delta de l&#8217;\u00c8bre"}]},{"@type":"WebSite","@id":"https:\/\/enlarapita.com\/fr\/#website","url":"https:\/\/enlarapita.com\/fr\/","name":"En la R\u00e0pita","description":"","publisher":{"@id":"https:\/\/enlarapita.com\/fr\/#organization"},"potentialAction":[{"@type":"SearchAction","target":{"@type":"EntryPoint","urlTemplate":"https:\/\/enlarapita.com\/fr\/?s={search_term_string}"},"query-input":{"@type":"PropertyValueSpecification","valueRequired":true,"valueName":"search_term_string"}}],"inLanguage":"fr-FR"},{"@type":"Organization","@id":"https:\/\/enlarapita.com\/fr\/#organization","name":"En la R\u00e0pita","url":"https:\/\/enlarapita.com\/fr\/","logo":{"@type":"ImageObject","inLanguage":"fr-FR","@id":"https:\/\/enlarapita.com\/fr\/#\/schema\/logo\/image\/","url":"https:\/\/enlarapita.com\/wp-content\/uploads\/2021\/04\/cropped-logo-enlarapita-blau.png","contentUrl":"https:\/\/enlarapita.com\/wp-content\/uploads\/2021\/04\/cropped-logo-enlarapita-blau.png","width":130,"height":19,"caption":"En la R\u00e0pita"},"image":{"@id":"https:\/\/enlarapita.com\/fr\/#\/schema\/logo\/image\/"}}]}},"_links":{"self":[{"href":"https:\/\/enlarapita.com\/fr\/wp-json\/wp\/v2\/pages\/16610","targetHints":{"allow":["GET"]}}],"collection":[{"href":"https:\/\/enlarapita.com\/fr\/wp-json\/wp\/v2\/pages"}],"about":[{"href":"https:\/\/enlarapita.com\/fr\/wp-json\/wp\/v2\/types\/page"}],"author":[{"embeddable":true,"href":"https:\/\/enlarapita.com\/fr\/wp-json\/wp\/v2\/users\/1"}],"replies":[{"embeddable":true,"href":"https:\/\/enlarapita.com\/fr\/wp-json\/wp\/v2\/comments?post=16610"}],"version-history":[{"count":6,"href":"https:\/\/enlarapita.com\/fr\/wp-json\/wp\/v2\/pages\/16610\/revisions"}],"predecessor-version":[{"id":21687,"href":"https:\/\/enlarapita.com\/fr\/wp-json\/wp\/v2\/pages\/16610\/revisions\/21687"}],"up":[{"embeddable":true,"href":"https:\/\/enlarapita.com\/fr\/wp-json\/wp\/v2\/pages\/6961"}],"wp:featuredmedia":[{"embeddable":true,"href":"https:\/\/enlarapita.com\/fr\/wp-json\/wp\/v2\/media\/32535"}],"wp:attachment":[{"href":"https:\/\/enlarapita.com\/fr\/wp-json\/wp\/v2\/media?parent=16610"}],"curies":[{"name":"wp","href":"https:\/\/api.w.org\/{rel}","templated":true}]}}