{"id":13627,"date":"2023-02-16T11:46:36","date_gmt":"2023-02-16T10:46:36","guid":{"rendered":"https:\/\/globals.app\/enlarapita\/que-faire-ou-voir\/naviguer-badia-alfacs\/location-de-bateaux\/"},"modified":"2023-02-16T12:46:20","modified_gmt":"2023-02-16T11:46:20","slug":"location-de-bateaux","status":"publish","type":"page","link":"https:\/\/enlarapita.com\/fr\/que-faire-ou-voir\/naviguer-badia-alfacs\/location-de-bateaux\/","title":{"rendered":"Location d\u2019embarcations a la R\u00e0pita"},"content":{"rendered":"<p>La baie des Alfacs est id\u00e9ale pour naviguer sur ses eaux calmes pour profiter de cet espace naturel merveilleux. Nos embarcations sans permis vous permettront d\u2019explorer la mer de la baie \u00e0 votre rythme, avec la possibilit\u00e9 de faire une pause aux parcs \u00e0 moules, \u00e0 la Pointe de la Banya ou simplement de vous baigner au milieu de la baie.<\/p>\n","protected":false},"excerpt":{"rendered":"<p>La baie des Alfacs est id\u00e9ale pour naviguer sur ses eaux calmes pour profiter de cet espace naturel merveilleux. Nos embarcations sans permis vous permettront d\u2019explorer la mer de la baie \u00e0 votre rythme, avec la possibilit\u00e9 de faire une pause aux parcs \u00e0 moules, \u00e0 la Pointe de la Banya ou simplement de vous&hellip; <a class=\"more-link\" href=\"https:\/\/enlarapita.com\/fr\/que-faire-ou-voir\/naviguer-badia-alfacs\/location-de-bateaux\/\">Poursuivre la lecture <span class=\"screen-reader-text\">Location d\u2019embarcations a la R\u00e0pita<\/span><\/a><\/p>\n","protected":false},"author":1,"featured_media":14513,"parent":13620,"menu_order":0,"comment_status":"closed","ping_status":"closed","template":"page-categories.php","meta":{"_acf_changed":false,"footnotes":""},"class_list":["post-13627","page","type-page","status-publish","has-post-thumbnail","hentry","entry"],"acf":[],"yoast_head":"<!-- This site is optimized with the Yoast SEO plugin v27.4 - https:\/\/yoast.com\/product\/yoast-seo-wordpress\/ -->\n<title>Location d\u2019embarcations a la R\u00e0pita - En la R\u00e0pita<\/title>\n<meta name=\"robots\" content=\"index, follow, max-snippet:-1, max-image-preview:large, max-video-preview:-1\" \/>\n<link rel=\"canonical\" href=\"https:\/\/enlarapita.com\/fr\/que-faire-ou-voir\/naviguer-badia-alfacs\/location-de-bateaux\/\" \/>\n<meta property=\"og:locale\" content=\"fr_FR\" \/>\n<meta property=\"og:type\" content=\"article\" \/>\n<meta property=\"og:title\" content=\"Location d\u2019embarcations a la R\u00e0pita - En la R\u00e0pita\" \/>\n<meta property=\"og:description\" content=\"La baie des Alfacs est id\u00e9ale pour naviguer sur ses eaux calmes pour profiter de cet espace naturel merveilleux. Nos embarcations sans permis vous permettront d\u2019explorer la mer de la baie \u00e0 votre rythme, avec la possibilit\u00e9 de faire une pause aux parcs \u00e0 moules, \u00e0 la Pointe de la Banya ou simplement de vous&hellip; Poursuivre la lecture Location d\u2019embarcations a la R\u00e0pita\" \/>\n<meta property=\"og:url\" content=\"https:\/\/enlarapita.com\/fr\/que-faire-ou-voir\/naviguer-badia-alfacs\/location-de-bateaux\/\" \/>\n<meta property=\"og:site_name\" content=\"En la R\u00e0pita\" \/>\n<meta property=\"article:modified_time\" content=\"2023-02-16T11:46:20+00:00\" \/>\n<meta property=\"og:image\" content=\"https:\/\/enlarapita.com\/wp-content\/uploads\/2023\/02\/1920x400lloguer_emba.jpg\" \/>\n\t<meta property=\"og:image:width\" content=\"1920\" \/>\n\t<meta property=\"og:image:height\" content=\"400\" \/>\n\t<meta property=\"og:image:type\" content=\"image\/jpeg\" \/>\n<meta name=\"twitter:card\" content=\"summary_large_image\" \/>\n<script type=\"application\/ld+json\" class=\"yoast-schema-graph\">{\"@context\":\"https:\\\/\\\/schema.org\",\"@graph\":[{\"@type\":\"WebPage\",\"@id\":\"https:\\\/\\\/enlarapita.com\\\/fr\\\/que-faire-ou-voir\\\/naviguer-badia-alfacs\\\/location-de-bateaux\\\/\",\"url\":\"https:\\\/\\\/enlarapita.com\\\/fr\\\/que-faire-ou-voir\\\/naviguer-badia-alfacs\\\/location-de-bateaux\\\/\",\"name\":\"Location d\u2019embarcations a la R\u00e0pita - En la R\u00e0pita\",\"isPartOf\":{\"@id\":\"https:\\\/\\\/enlarapita.com\\\/fr\\\/#website\"},\"primaryImageOfPage\":{\"@id\":\"https:\\\/\\\/enlarapita.com\\\/fr\\\/que-faire-ou-voir\\\/naviguer-badia-alfacs\\\/location-de-bateaux\\\/#primaryimage\"},\"image\":{\"@id\":\"https:\\\/\\\/enlarapita.com\\\/fr\\\/que-faire-ou-voir\\\/naviguer-badia-alfacs\\\/location-de-bateaux\\\/#primaryimage\"},\"thumbnailUrl\":\"https:\\\/\\\/enlarapita.com\\\/wp-content\\\/uploads\\\/2023\\\/02\\\/1920x400lloguer_emba.jpg\",\"datePublished\":\"2023-02-16T10:46:36+00:00\",\"dateModified\":\"2023-02-16T11:46:20+00:00\",\"breadcrumb\":{\"@id\":\"https:\\\/\\\/enlarapita.com\\\/fr\\\/que-faire-ou-voir\\\/naviguer-badia-alfacs\\\/location-de-bateaux\\\/#breadcrumb\"},\"inLanguage\":\"fr-FR\",\"potentialAction\":[{\"@type\":\"ReadAction\",\"target\":[\"https:\\\/\\\/enlarapita.com\\\/fr\\\/que-faire-ou-voir\\\/naviguer-badia-alfacs\\\/location-de-bateaux\\\/\"]}]},{\"@type\":\"ImageObject\",\"inLanguage\":\"fr-FR\",\"@id\":\"https:\\\/\\\/enlarapita.com\\\/fr\\\/que-faire-ou-voir\\\/naviguer-badia-alfacs\\\/location-de-bateaux\\\/#primaryimage\",\"url\":\"https:\\\/\\\/enlarapita.com\\\/wp-content\\\/uploads\\\/2023\\\/02\\\/1920x400lloguer_emba.jpg\",\"contentUrl\":\"https:\\\/\\\/enlarapita.com\\\/wp-content\\\/uploads\\\/2023\\\/02\\\/1920x400lloguer_emba.jpg\",\"width\":1920,\"height\":400},{\"@type\":\"BreadcrumbList\",\"@id\":\"https:\\\/\\\/enlarapita.com\\\/fr\\\/que-faire-ou-voir\\\/naviguer-badia-alfacs\\\/location-de-bateaux\\\/#breadcrumb\",\"itemListElement\":[{\"@type\":\"ListItem\",\"position\":1,\"name\":\"Portada\",\"item\":\"https:\\\/\\\/enlarapita.com\\\/fr\\\/\"},{\"@type\":\"ListItem\",\"position\":2,\"name\":\"Que faire ou voir \u00e0 La Rapita\",\"item\":\"https:\\\/\\\/enlarapita.com\\\/fr\\\/que-faire-ou-voir\\\/\"},{\"@type\":\"ListItem\",\"position\":3,\"name\":\"Bateaux pour naviguer dans la baie des Alfacs\",\"item\":\"https:\\\/\\\/enlarapita.com\\\/fr\\\/que-faire-ou-voir\\\/naviguer-badia-alfacs\\\/\"},{\"@type\":\"ListItem\",\"position\":4,\"name\":\"Location d\u2019embarcations a la R\u00e0pita\"}]},{\"@type\":\"WebSite\",\"@id\":\"https:\\\/\\\/enlarapita.com\\\/fr\\\/#website\",\"url\":\"https:\\\/\\\/enlarapita.com\\\/fr\\\/\",\"name\":\"En la R\u00e0pita\",\"description\":\"\",\"publisher\":{\"@id\":\"https:\\\/\\\/enlarapita.com\\\/fr\\\/#organization\"},\"potentialAction\":[{\"@type\":\"SearchAction\",\"target\":{\"@type\":\"EntryPoint\",\"urlTemplate\":\"https:\\\/\\\/enlarapita.com\\\/fr\\\/?s={search_term_string}\"},\"query-input\":{\"@type\":\"PropertyValueSpecification\",\"valueRequired\":true,\"valueName\":\"search_term_string\"}}],\"inLanguage\":\"fr-FR\"},{\"@type\":\"Organization\",\"@id\":\"https:\\\/\\\/enlarapita.com\\\/fr\\\/#organization\",\"name\":\"En la R\u00e0pita\",\"url\":\"https:\\\/\\\/enlarapita.com\\\/fr\\\/\",\"logo\":{\"@type\":\"ImageObject\",\"inLanguage\":\"fr-FR\",\"@id\":\"https:\\\/\\\/enlarapita.com\\\/fr\\\/#\\\/schema\\\/logo\\\/image\\\/\",\"url\":\"https:\\\/\\\/enlarapita.com\\\/wp-content\\\/uploads\\\/2021\\\/04\\\/cropped-logo-enlarapita-blau.png\",\"contentUrl\":\"https:\\\/\\\/enlarapita.com\\\/wp-content\\\/uploads\\\/2021\\\/04\\\/cropped-logo-enlarapita-blau.png\",\"width\":130,\"height\":19,\"caption\":\"En la R\u00e0pita\"},\"image\":{\"@id\":\"https:\\\/\\\/enlarapita.com\\\/fr\\\/#\\\/schema\\\/logo\\\/image\\\/\"}}]}<\/script>\n<!-- \/ Yoast SEO plugin. -->","yoast_head_json":{"title":"Location d\u2019embarcations a la R\u00e0pita - En la R\u00e0pita","robots":{"index":"index","follow":"follow","max-snippet":"max-snippet:-1","max-image-preview":"max-image-preview:large","max-video-preview":"max-video-preview:-1"},"canonical":"https:\/\/enlarapita.com\/fr\/que-faire-ou-voir\/naviguer-badia-alfacs\/location-de-bateaux\/","og_locale":"fr_FR","og_type":"article","og_title":"Location d\u2019embarcations a la R\u00e0pita - En la R\u00e0pita","og_description":"La baie des Alfacs est id\u00e9ale pour naviguer sur ses eaux calmes pour profiter de cet espace naturel merveilleux. Nos embarcations sans permis vous permettront d\u2019explorer la mer de la baie \u00e0 votre rythme, avec la possibilit\u00e9 de faire une pause aux parcs \u00e0 moules, \u00e0 la Pointe de la Banya ou simplement de vous&hellip; Poursuivre la lecture Location d\u2019embarcations a la R\u00e0pita","og_url":"https:\/\/enlarapita.com\/fr\/que-faire-ou-voir\/naviguer-badia-alfacs\/location-de-bateaux\/","og_site_name":"En la R\u00e0pita","article_modified_time":"2023-02-16T11:46:20+00:00","og_image":[{"width":1920,"height":400,"url":"https:\/\/enlarapita.com\/wp-content\/uploads\/2023\/02\/1920x400lloguer_emba.jpg","type":"image\/jpeg"}],"twitter_card":"summary_large_image","schema":{"@context":"https:\/\/schema.org","@graph":[{"@type":"WebPage","@id":"https:\/\/enlarapita.com\/fr\/que-faire-ou-voir\/naviguer-badia-alfacs\/location-de-bateaux\/","url":"https:\/\/enlarapita.com\/fr\/que-faire-ou-voir\/naviguer-badia-alfacs\/location-de-bateaux\/","name":"Location d\u2019embarcations a la R\u00e0pita - En la R\u00e0pita","isPartOf":{"@id":"https:\/\/enlarapita.com\/fr\/#website"},"primaryImageOfPage":{"@id":"https:\/\/enlarapita.com\/fr\/que-faire-ou-voir\/naviguer-badia-alfacs\/location-de-bateaux\/#primaryimage"},"image":{"@id":"https:\/\/enlarapita.com\/fr\/que-faire-ou-voir\/naviguer-badia-alfacs\/location-de-bateaux\/#primaryimage"},"thumbnailUrl":"https:\/\/enlarapita.com\/wp-content\/uploads\/2023\/02\/1920x400lloguer_emba.jpg","datePublished":"2023-02-16T10:46:36+00:00","dateModified":"2023-02-16T11:46:20+00:00","breadcrumb":{"@id":"https:\/\/enlarapita.com\/fr\/que-faire-ou-voir\/naviguer-badia-alfacs\/location-de-bateaux\/#breadcrumb"},"inLanguage":"fr-FR","potentialAction":[{"@type":"ReadAction","target":["https:\/\/enlarapita.com\/fr\/que-faire-ou-voir\/naviguer-badia-alfacs\/location-de-bateaux\/"]}]},{"@type":"ImageObject","inLanguage":"fr-FR","@id":"https:\/\/enlarapita.com\/fr\/que-faire-ou-voir\/naviguer-badia-alfacs\/location-de-bateaux\/#primaryimage","url":"https:\/\/enlarapita.com\/wp-content\/uploads\/2023\/02\/1920x400lloguer_emba.jpg","contentUrl":"https:\/\/enlarapita.com\/wp-content\/uploads\/2023\/02\/1920x400lloguer_emba.jpg","width":1920,"height":400},{"@type":"BreadcrumbList","@id":"https:\/\/enlarapita.com\/fr\/que-faire-ou-voir\/naviguer-badia-alfacs\/location-de-bateaux\/#breadcrumb","itemListElement":[{"@type":"ListItem","position":1,"name":"Portada","item":"https:\/\/enlarapita.com\/fr\/"},{"@type":"ListItem","position":2,"name":"Que faire ou voir \u00e0 La Rapita","item":"https:\/\/enlarapita.com\/fr\/que-faire-ou-voir\/"},{"@type":"ListItem","position":3,"name":"Bateaux pour naviguer dans la baie des Alfacs","item":"https:\/\/enlarapita.com\/fr\/que-faire-ou-voir\/naviguer-badia-alfacs\/"},{"@type":"ListItem","position":4,"name":"Location d\u2019embarcations a la R\u00e0pita"}]},{"@type":"WebSite","@id":"https:\/\/enlarapita.com\/fr\/#website","url":"https:\/\/enlarapita.com\/fr\/","name":"En la R\u00e0pita","description":"","publisher":{"@id":"https:\/\/enlarapita.com\/fr\/#organization"},"potentialAction":[{"@type":"SearchAction","target":{"@type":"EntryPoint","urlTemplate":"https:\/\/enlarapita.com\/fr\/?s={search_term_string}"},"query-input":{"@type":"PropertyValueSpecification","valueRequired":true,"valueName":"search_term_string"}}],"inLanguage":"fr-FR"},{"@type":"Organization","@id":"https:\/\/enlarapita.com\/fr\/#organization","name":"En la R\u00e0pita","url":"https:\/\/enlarapita.com\/fr\/","logo":{"@type":"ImageObject","inLanguage":"fr-FR","@id":"https:\/\/enlarapita.com\/fr\/#\/schema\/logo\/image\/","url":"https:\/\/enlarapita.com\/wp-content\/uploads\/2021\/04\/cropped-logo-enlarapita-blau.png","contentUrl":"https:\/\/enlarapita.com\/wp-content\/uploads\/2021\/04\/cropped-logo-enlarapita-blau.png","width":130,"height":19,"caption":"En la R\u00e0pita"},"image":{"@id":"https:\/\/enlarapita.com\/fr\/#\/schema\/logo\/image\/"}}]}},"_links":{"self":[{"href":"https:\/\/enlarapita.com\/fr\/wp-json\/wp\/v2\/pages\/13627","targetHints":{"allow":["GET"]}}],"collection":[{"href":"https:\/\/enlarapita.com\/fr\/wp-json\/wp\/v2\/pages"}],"about":[{"href":"https:\/\/enlarapita.com\/fr\/wp-json\/wp\/v2\/types\/page"}],"author":[{"embeddable":true,"href":"https:\/\/enlarapita.com\/fr\/wp-json\/wp\/v2\/users\/1"}],"replies":[{"embeddable":true,"href":"https:\/\/enlarapita.com\/fr\/wp-json\/wp\/v2\/comments?post=13627"}],"version-history":[{"count":0,"href":"https:\/\/enlarapita.com\/fr\/wp-json\/wp\/v2\/pages\/13627\/revisions"}],"up":[{"embeddable":true,"href":"https:\/\/enlarapita.com\/fr\/wp-json\/wp\/v2\/pages\/13620"}],"wp:featuredmedia":[{"embeddable":true,"href":"https:\/\/enlarapita.com\/fr\/wp-json\/wp\/v2\/media\/14513"}],"wp:attachment":[{"href":"https:\/\/enlarapita.com\/fr\/wp-json\/wp\/v2\/media?parent=13627"}],"curies":[{"name":"wp","href":"https:\/\/api.w.org\/{rel}","templated":true}]}}