{"id":13592,"date":"2023-02-15T17:30:16","date_gmt":"2023-02-15T16:30:16","guid":{"rendered":"https:\/\/globals.app\/enlarapita\/que-faire-ou-voir\/nature-et-aventure\/location-de-velos\/"},"modified":"2023-02-15T17:30:16","modified_gmt":"2023-02-15T16:30:16","slug":"location-de-velos","status":"publish","type":"page","link":"https:\/\/enlarapita.com\/fr\/que-faire-ou-voir\/nature-et-aventure\/location-de-velos\/","title":{"rendered":"Location de v\u00e9los \u00e0 la R\u00e0pita"},"content":{"rendered":"<p>Le Delta de l\u2019\u00c8bre est l\u2019un des meilleurs espaces \u00e0 explorer \u00e0 v\u00e9lo, gr\u00e2ce \u00e0 son relief plat et \u00e0 son extension. Ses multiples chemins et pistes cyclables reli\u00e9s entre eux vous permettront d\u2019aller o\u00f9 vous voulez, en toute s\u00e9curit\u00e9. Le v\u00e9lo vous permettra de d\u00e9couvrir une infinit\u00e9 de circuits \u00e0 votre disposition : circuit des lagunes, de l\u2019embouchure de l\u2019\u00c8bre, etc. N\u2019h\u00e9sitez pas et p\u00e9dalez!<\/p>\n","protected":false},"excerpt":{"rendered":"<p>Le Delta de l\u2019\u00c8bre est l\u2019un des meilleurs espaces \u00e0 explorer \u00e0 v\u00e9lo, gr\u00e2ce \u00e0 son relief plat et \u00e0 son extension. Ses multiples chemins et pistes cyclables reli\u00e9s entre eux vous permettront d\u2019aller o\u00f9 vous voulez, en toute s\u00e9curit\u00e9. Le v\u00e9lo vous permettra de d\u00e9couvrir une infinit\u00e9 de circuits \u00e0 votre disposition : circuit&hellip; <a class=\"more-link\" href=\"https:\/\/enlarapita.com\/fr\/que-faire-ou-voir\/nature-et-aventure\/location-de-velos\/\">Poursuivre la lecture <span class=\"screen-reader-text\">Location de v\u00e9los \u00e0 la R\u00e0pita<\/span><\/a><\/p>\n","protected":false},"author":1,"featured_media":4729,"parent":13591,"menu_order":0,"comment_status":"closed","ping_status":"closed","template":"page-categories.php","meta":{"_acf_changed":false,"footnotes":""},"class_list":["post-13592","page","type-page","status-publish","has-post-thumbnail","hentry","entry"],"acf":[],"yoast_head":"<!-- This site is optimized with the Yoast SEO plugin v27.4 - https:\/\/yoast.com\/product\/yoast-seo-wordpress\/ -->\n<title>Location de v\u00e9los \u00e0 la R\u00e0pita - En la R\u00e0pita<\/title>\n<meta name=\"robots\" content=\"index, follow, max-snippet:-1, max-image-preview:large, max-video-preview:-1\" \/>\n<link rel=\"canonical\" href=\"https:\/\/enlarapita.com\/fr\/que-faire-ou-voir\/nature-et-aventure\/location-de-velos\/\" \/>\n<meta property=\"og:locale\" content=\"fr_FR\" \/>\n<meta property=\"og:type\" content=\"article\" \/>\n<meta property=\"og:title\" content=\"Location de v\u00e9los \u00e0 la R\u00e0pita - En la R\u00e0pita\" \/>\n<meta property=\"og:description\" content=\"Le Delta de l\u2019\u00c8bre est l\u2019un des meilleurs espaces \u00e0 explorer \u00e0 v\u00e9lo, gr\u00e2ce \u00e0 son relief plat et \u00e0 son extension. Ses multiples chemins et pistes cyclables reli\u00e9s entre eux vous permettront d\u2019aller o\u00f9 vous voulez, en toute s\u00e9curit\u00e9. Le v\u00e9lo vous permettra de d\u00e9couvrir une infinit\u00e9 de circuits \u00e0 votre disposition : circuit&hellip; Poursuivre la lecture Location de v\u00e9los \u00e0 la R\u00e0pita\" \/>\n<meta property=\"og:url\" content=\"https:\/\/enlarapita.com\/fr\/que-faire-ou-voir\/nature-et-aventure\/location-de-velos\/\" \/>\n<meta property=\"og:site_name\" content=\"En la R\u00e0pita\" \/>\n<meta property=\"og:image\" content=\"https:\/\/enlarapita.com\/wp-content\/uploads\/2021\/06\/5_1_rutes_bici.jpg\" \/>\n\t<meta property=\"og:image:width\" content=\"1920\" \/>\n\t<meta property=\"og:image:height\" content=\"1080\" \/>\n\t<meta property=\"og:image:type\" content=\"image\/jpeg\" \/>\n<meta name=\"twitter:card\" content=\"summary_large_image\" \/>\n<script type=\"application\/ld+json\" class=\"yoast-schema-graph\">{\"@context\":\"https:\\\/\\\/schema.org\",\"@graph\":[{\"@type\":\"WebPage\",\"@id\":\"https:\\\/\\\/enlarapita.com\\\/fr\\\/que-faire-ou-voir\\\/nature-et-aventure\\\/location-de-velos\\\/\",\"url\":\"https:\\\/\\\/enlarapita.com\\\/fr\\\/que-faire-ou-voir\\\/nature-et-aventure\\\/location-de-velos\\\/\",\"name\":\"Location de v\u00e9los \u00e0 la R\u00e0pita - En la R\u00e0pita\",\"isPartOf\":{\"@id\":\"https:\\\/\\\/enlarapita.com\\\/fr\\\/#website\"},\"primaryImageOfPage\":{\"@id\":\"https:\\\/\\\/enlarapita.com\\\/fr\\\/que-faire-ou-voir\\\/nature-et-aventure\\\/location-de-velos\\\/#primaryimage\"},\"image\":{\"@id\":\"https:\\\/\\\/enlarapita.com\\\/fr\\\/que-faire-ou-voir\\\/nature-et-aventure\\\/location-de-velos\\\/#primaryimage\"},\"thumbnailUrl\":\"https:\\\/\\\/enlarapita.com\\\/wp-content\\\/uploads\\\/2021\\\/06\\\/5_1_rutes_bici.jpg\",\"datePublished\":\"2023-02-15T16:30:16+00:00\",\"breadcrumb\":{\"@id\":\"https:\\\/\\\/enlarapita.com\\\/fr\\\/que-faire-ou-voir\\\/nature-et-aventure\\\/location-de-velos\\\/#breadcrumb\"},\"inLanguage\":\"fr-FR\",\"potentialAction\":[{\"@type\":\"ReadAction\",\"target\":[\"https:\\\/\\\/enlarapita.com\\\/fr\\\/que-faire-ou-voir\\\/nature-et-aventure\\\/location-de-velos\\\/\"]}]},{\"@type\":\"ImageObject\",\"inLanguage\":\"fr-FR\",\"@id\":\"https:\\\/\\\/enlarapita.com\\\/fr\\\/que-faire-ou-voir\\\/nature-et-aventure\\\/location-de-velos\\\/#primaryimage\",\"url\":\"https:\\\/\\\/enlarapita.com\\\/wp-content\\\/uploads\\\/2021\\\/06\\\/5_1_rutes_bici.jpg\",\"contentUrl\":\"https:\\\/\\\/enlarapita.com\\\/wp-content\\\/uploads\\\/2021\\\/06\\\/5_1_rutes_bici.jpg\",\"width\":1920,\"height\":1080,\"caption\":\"Alquiler de de bicis en La R\u00e0pita\"},{\"@type\":\"BreadcrumbList\",\"@id\":\"https:\\\/\\\/enlarapita.com\\\/fr\\\/que-faire-ou-voir\\\/nature-et-aventure\\\/location-de-velos\\\/#breadcrumb\",\"itemListElement\":[{\"@type\":\"ListItem\",\"position\":1,\"name\":\"Portada\",\"item\":\"https:\\\/\\\/enlarapita.com\\\/fr\\\/\"},{\"@type\":\"ListItem\",\"position\":2,\"name\":\"Que faire ou voir \u00e0 La Rapita\",\"item\":\"https:\\\/\\\/enlarapita.com\\\/fr\\\/que-faire-ou-voir\\\/\"},{\"@type\":\"ListItem\",\"position\":3,\"name\":\"Nature et aventure \u00e0 La R\u00e0pita\",\"item\":\"https:\\\/\\\/enlarapita.com\\\/fr\\\/que-faire-ou-voir\\\/nature-et-aventure\\\/\"},{\"@type\":\"ListItem\",\"position\":4,\"name\":\"Location de v\u00e9los \u00e0 la R\u00e0pita\"}]},{\"@type\":\"WebSite\",\"@id\":\"https:\\\/\\\/enlarapita.com\\\/fr\\\/#website\",\"url\":\"https:\\\/\\\/enlarapita.com\\\/fr\\\/\",\"name\":\"En la R\u00e0pita\",\"description\":\"\",\"publisher\":{\"@id\":\"https:\\\/\\\/enlarapita.com\\\/fr\\\/#organization\"},\"potentialAction\":[{\"@type\":\"SearchAction\",\"target\":{\"@type\":\"EntryPoint\",\"urlTemplate\":\"https:\\\/\\\/enlarapita.com\\\/fr\\\/?s={search_term_string}\"},\"query-input\":{\"@type\":\"PropertyValueSpecification\",\"valueRequired\":true,\"valueName\":\"search_term_string\"}}],\"inLanguage\":\"fr-FR\"},{\"@type\":\"Organization\",\"@id\":\"https:\\\/\\\/enlarapita.com\\\/fr\\\/#organization\",\"name\":\"En la R\u00e0pita\",\"url\":\"https:\\\/\\\/enlarapita.com\\\/fr\\\/\",\"logo\":{\"@type\":\"ImageObject\",\"inLanguage\":\"fr-FR\",\"@id\":\"https:\\\/\\\/enlarapita.com\\\/fr\\\/#\\\/schema\\\/logo\\\/image\\\/\",\"url\":\"https:\\\/\\\/enlarapita.com\\\/wp-content\\\/uploads\\\/2021\\\/04\\\/cropped-logo-enlarapita-blau.png\",\"contentUrl\":\"https:\\\/\\\/enlarapita.com\\\/wp-content\\\/uploads\\\/2021\\\/04\\\/cropped-logo-enlarapita-blau.png\",\"width\":130,\"height\":19,\"caption\":\"En la R\u00e0pita\"},\"image\":{\"@id\":\"https:\\\/\\\/enlarapita.com\\\/fr\\\/#\\\/schema\\\/logo\\\/image\\\/\"}}]}<\/script>\n<!-- \/ Yoast SEO plugin. -->","yoast_head_json":{"title":"Location de v\u00e9los \u00e0 la R\u00e0pita - En la R\u00e0pita","robots":{"index":"index","follow":"follow","max-snippet":"max-snippet:-1","max-image-preview":"max-image-preview:large","max-video-preview":"max-video-preview:-1"},"canonical":"https:\/\/enlarapita.com\/fr\/que-faire-ou-voir\/nature-et-aventure\/location-de-velos\/","og_locale":"fr_FR","og_type":"article","og_title":"Location de v\u00e9los \u00e0 la R\u00e0pita - En la R\u00e0pita","og_description":"Le Delta de l\u2019\u00c8bre est l\u2019un des meilleurs espaces \u00e0 explorer \u00e0 v\u00e9lo, gr\u00e2ce \u00e0 son relief plat et \u00e0 son extension. Ses multiples chemins et pistes cyclables reli\u00e9s entre eux vous permettront d\u2019aller o\u00f9 vous voulez, en toute s\u00e9curit\u00e9. Le v\u00e9lo vous permettra de d\u00e9couvrir une infinit\u00e9 de circuits \u00e0 votre disposition : circuit&hellip; Poursuivre la lecture Location de v\u00e9los \u00e0 la R\u00e0pita","og_url":"https:\/\/enlarapita.com\/fr\/que-faire-ou-voir\/nature-et-aventure\/location-de-velos\/","og_site_name":"En la R\u00e0pita","og_image":[{"width":1920,"height":1080,"url":"https:\/\/enlarapita.com\/wp-content\/uploads\/2021\/06\/5_1_rutes_bici.jpg","type":"image\/jpeg"}],"twitter_card":"summary_large_image","schema":{"@context":"https:\/\/schema.org","@graph":[{"@type":"WebPage","@id":"https:\/\/enlarapita.com\/fr\/que-faire-ou-voir\/nature-et-aventure\/location-de-velos\/","url":"https:\/\/enlarapita.com\/fr\/que-faire-ou-voir\/nature-et-aventure\/location-de-velos\/","name":"Location de v\u00e9los \u00e0 la R\u00e0pita - En la R\u00e0pita","isPartOf":{"@id":"https:\/\/enlarapita.com\/fr\/#website"},"primaryImageOfPage":{"@id":"https:\/\/enlarapita.com\/fr\/que-faire-ou-voir\/nature-et-aventure\/location-de-velos\/#primaryimage"},"image":{"@id":"https:\/\/enlarapita.com\/fr\/que-faire-ou-voir\/nature-et-aventure\/location-de-velos\/#primaryimage"},"thumbnailUrl":"https:\/\/enlarapita.com\/wp-content\/uploads\/2021\/06\/5_1_rutes_bici.jpg","datePublished":"2023-02-15T16:30:16+00:00","breadcrumb":{"@id":"https:\/\/enlarapita.com\/fr\/que-faire-ou-voir\/nature-et-aventure\/location-de-velos\/#breadcrumb"},"inLanguage":"fr-FR","potentialAction":[{"@type":"ReadAction","target":["https:\/\/enlarapita.com\/fr\/que-faire-ou-voir\/nature-et-aventure\/location-de-velos\/"]}]},{"@type":"ImageObject","inLanguage":"fr-FR","@id":"https:\/\/enlarapita.com\/fr\/que-faire-ou-voir\/nature-et-aventure\/location-de-velos\/#primaryimage","url":"https:\/\/enlarapita.com\/wp-content\/uploads\/2021\/06\/5_1_rutes_bici.jpg","contentUrl":"https:\/\/enlarapita.com\/wp-content\/uploads\/2021\/06\/5_1_rutes_bici.jpg","width":1920,"height":1080,"caption":"Alquiler de de bicis en La R\u00e0pita"},{"@type":"BreadcrumbList","@id":"https:\/\/enlarapita.com\/fr\/que-faire-ou-voir\/nature-et-aventure\/location-de-velos\/#breadcrumb","itemListElement":[{"@type":"ListItem","position":1,"name":"Portada","item":"https:\/\/enlarapita.com\/fr\/"},{"@type":"ListItem","position":2,"name":"Que faire ou voir \u00e0 La Rapita","item":"https:\/\/enlarapita.com\/fr\/que-faire-ou-voir\/"},{"@type":"ListItem","position":3,"name":"Nature et aventure \u00e0 La R\u00e0pita","item":"https:\/\/enlarapita.com\/fr\/que-faire-ou-voir\/nature-et-aventure\/"},{"@type":"ListItem","position":4,"name":"Location de v\u00e9los \u00e0 la R\u00e0pita"}]},{"@type":"WebSite","@id":"https:\/\/enlarapita.com\/fr\/#website","url":"https:\/\/enlarapita.com\/fr\/","name":"En la R\u00e0pita","description":"","publisher":{"@id":"https:\/\/enlarapita.com\/fr\/#organization"},"potentialAction":[{"@type":"SearchAction","target":{"@type":"EntryPoint","urlTemplate":"https:\/\/enlarapita.com\/fr\/?s={search_term_string}"},"query-input":{"@type":"PropertyValueSpecification","valueRequired":true,"valueName":"search_term_string"}}],"inLanguage":"fr-FR"},{"@type":"Organization","@id":"https:\/\/enlarapita.com\/fr\/#organization","name":"En la R\u00e0pita","url":"https:\/\/enlarapita.com\/fr\/","logo":{"@type":"ImageObject","inLanguage":"fr-FR","@id":"https:\/\/enlarapita.com\/fr\/#\/schema\/logo\/image\/","url":"https:\/\/enlarapita.com\/wp-content\/uploads\/2021\/04\/cropped-logo-enlarapita-blau.png","contentUrl":"https:\/\/enlarapita.com\/wp-content\/uploads\/2021\/04\/cropped-logo-enlarapita-blau.png","width":130,"height":19,"caption":"En la R\u00e0pita"},"image":{"@id":"https:\/\/enlarapita.com\/fr\/#\/schema\/logo\/image\/"}}]}},"_links":{"self":[{"href":"https:\/\/enlarapita.com\/fr\/wp-json\/wp\/v2\/pages\/13592","targetHints":{"allow":["GET"]}}],"collection":[{"href":"https:\/\/enlarapita.com\/fr\/wp-json\/wp\/v2\/pages"}],"about":[{"href":"https:\/\/enlarapita.com\/fr\/wp-json\/wp\/v2\/types\/page"}],"author":[{"embeddable":true,"href":"https:\/\/enlarapita.com\/fr\/wp-json\/wp\/v2\/users\/1"}],"replies":[{"embeddable":true,"href":"https:\/\/enlarapita.com\/fr\/wp-json\/wp\/v2\/comments?post=13592"}],"version-history":[{"count":0,"href":"https:\/\/enlarapita.com\/fr\/wp-json\/wp\/v2\/pages\/13592\/revisions"}],"up":[{"embeddable":true,"href":"https:\/\/enlarapita.com\/fr\/wp-json\/wp\/v2\/pages\/13591"}],"wp:featuredmedia":[{"embeddable":true,"href":"https:\/\/enlarapita.com\/fr\/wp-json\/wp\/v2\/media\/4729"}],"wp:attachment":[{"href":"https:\/\/enlarapita.com\/fr\/wp-json\/wp\/v2\/media?parent=13592"}],"curies":[{"name":"wp","href":"https:\/\/api.w.org\/{rel}","templated":true}]}}