{"id":13556,"date":"2023-02-15T16:20:09","date_gmt":"2023-02-15T15:20:09","guid":{"rendered":"https:\/\/globals.app\/enlarapita\/que-faire-ou-voir\/route-des-moules\/avi-agusti\/"},"modified":"2023-07-06T17:15:10","modified_gmt":"2023-07-06T15:15:10","slug":"avi-agusti","status":"publish","type":"page","link":"https:\/\/enlarapita.com\/fr\/que-faire-ou-voir\/route-des-moules\/avi-agusti\/","title":{"rendered":"Musclera de l&rsquo;Avi Agust\u00ed"},"content":{"rendered":"\t\t<div data-elementor-type=\"wp-page\" data-elementor-id=\"13556\" class=\"elementor elementor-13556 elementor-13370\" data-elementor-post-type=\"page\">\n\t\t\t\t\t\t<section class=\"elementor-section elementor-top-section elementor-element elementor-element-18682b13 elementor-section-boxed elementor-section-height-default elementor-section-height-default\" data-id=\"18682b13\" data-element_type=\"section\" data-e-type=\"section\">\n\t\t\t\t\t\t<div class=\"elementor-container elementor-column-gap-default\">\n\t\t\t\t\t<div class=\"elementor-column elementor-col-100 elementor-top-column elementor-element elementor-element-368dd72\" data-id=\"368dd72\" data-element_type=\"column\" data-e-type=\"column\">\n\t\t\t<div class=\"elementor-widget-wrap elementor-element-populated\">\n\t\t\t\t\t\t<div class=\"elementor-element elementor-element-56184f6e elementor-widget elementor-widget-text-editor\" data-id=\"56184f6e\" data-element_type=\"widget\" data-e-type=\"widget\" data-widget_type=\"text-editor.default\">\n\t\t\t\t<div class=\"elementor-widget-container\">\n\t\t\t\t\t\t\t\t\t<p>L&rsquo;Avi Agust\u00ed a \u00e9t\u00e9 un pionnier dans la promotion des moules de la Baie des Alfacs. Vous y trouverez l&rsquo;essence des meilleurs fruits de mer, dans une musclera traditionnelle qui a conserv\u00e9 son style rustique.<\/p><p>(Note: \u00ab\u00a0musclera\u00a0\u00bb est un mot catalan qui fait r\u00e9f\u00e9rence \u00e0 un \u00e9tablissement sp\u00e9cialis\u00e9 dans la production ou la vente de moules.)<\/p>\t\t\t\t\t\t\t\t<\/div>\n\t\t\t\t<\/div>\n\t\t\t\t\t<\/div>\n\t\t<\/div>\n\t\t\t\t\t<\/div>\n\t\t<\/section>\n\t\t\t\t<section class=\"elementor-section elementor-top-section elementor-element elementor-element-0a7bef7 elementor-section-boxed elementor-section-height-default elementor-section-height-default\" data-id=\"0a7bef7\" data-element_type=\"section\" data-e-type=\"section\">\n\t\t\t\t\t\t<div class=\"elementor-container elementor-column-gap-default\">\n\t\t\t\t\t<div class=\"elementor-column elementor-col-100 elementor-top-column elementor-element elementor-element-80af371\" data-id=\"80af371\" data-element_type=\"column\" data-e-type=\"column\">\n\t\t\t<div class=\"elementor-widget-wrap elementor-element-populated\">\n\t\t\t\t\t\t<div class=\"elementor-element elementor-element-8144b63 elementor-widget elementor-widget-heading\" data-id=\"8144b63\" data-element_type=\"widget\" data-e-type=\"widget\" data-widget_type=\"heading.default\">\n\t\t\t\t<div class=\"elementor-widget-container\">\n\t\t\t\t\t<h2 class=\"elementor-heading-title elementor-size-default\">Ajoutez votre titre ici<\/h2>\t\t\t\t<\/div>\n\t\t\t\t<\/div>\n\t\t\t\t\t<\/div>\n\t\t<\/div>\n\t\t\t\t\t<\/div>\n\t\t<\/section>\n\t\t\t\t<\/div>\n\t\t","protected":false},"excerpt":{"rendered":"<p>L&rsquo;Avi Agust\u00ed a \u00e9t\u00e9 un pionnier dans la promotion des moules de la Baie des Alfacs. Vous y trouverez l&rsquo;essence des meilleurs fruits de mer, dans une musclera traditionnelle qui a conserv\u00e9 son style rustique. (Note: \u00ab\u00a0musclera\u00a0\u00bb est un mot catalan qui fait r\u00e9f\u00e9rence \u00e0 un \u00e9tablissement sp\u00e9cialis\u00e9 dans la production ou la vente de&hellip; <a class=\"more-link\" href=\"https:\/\/enlarapita.com\/fr\/que-faire-ou-voir\/route-des-moules\/avi-agusti\/\">Poursuivre la lecture <span class=\"screen-reader-text\">Musclera de l&rsquo;Avi Agust\u00ed<\/span><\/a><\/p>\n","protected":false},"author":1,"featured_media":34399,"parent":13532,"menu_order":0,"comment_status":"closed","ping_status":"closed","template":"page-categories.php","meta":{"_acf_changed":false,"footnotes":""},"class_list":["post-13556","page","type-page","status-publish","has-post-thumbnail","hentry","entry"],"acf":[],"yoast_head":"<!-- This site is optimized with the Yoast SEO plugin v27.4 - https:\/\/yoast.com\/product\/yoast-seo-wordpress\/ -->\n<title>Musclera de l&#039;Avi Agust\u00ed - En la R\u00e0pita<\/title>\n<meta name=\"robots\" content=\"index, follow, max-snippet:-1, max-image-preview:large, max-video-preview:-1\" \/>\n<link rel=\"canonical\" href=\"https:\/\/enlarapita.com\/fr\/que-faire-ou-voir\/route-des-moules\/avi-agusti\/\" \/>\n<meta property=\"og:locale\" content=\"fr_FR\" \/>\n<meta property=\"og:type\" content=\"article\" \/>\n<meta property=\"og:title\" content=\"Musclera de l&#039;Avi Agust\u00ed - En la R\u00e0pita\" \/>\n<meta property=\"og:description\" content=\"L&rsquo;Avi Agust\u00ed a \u00e9t\u00e9 un pionnier dans la promotion des moules de la Baie des Alfacs. Vous y trouverez l&rsquo;essence des meilleurs fruits de mer, dans une musclera traditionnelle qui a conserv\u00e9 son style rustique. (Note: \u00ab\u00a0musclera\u00a0\u00bb est un mot catalan qui fait r\u00e9f\u00e9rence \u00e0 un \u00e9tablissement sp\u00e9cialis\u00e9 dans la production ou la vente de&hellip; Poursuivre la lecture Musclera de l&rsquo;Avi Agust\u00ed\" \/>\n<meta property=\"og:url\" content=\"https:\/\/enlarapita.com\/fr\/que-faire-ou-voir\/route-des-moules\/avi-agusti\/\" \/>\n<meta property=\"og:site_name\" content=\"En la R\u00e0pita\" \/>\n<meta property=\"article:modified_time\" content=\"2023-07-06T15:15:10+00:00\" \/>\n<meta property=\"og:image\" content=\"https:\/\/enlarapita.com\/wp-content\/uploads\/2023\/02\/1920x400visita_meji.jpg\" \/>\n\t<meta property=\"og:image:width\" content=\"1920\" \/>\n\t<meta property=\"og:image:height\" content=\"400\" \/>\n\t<meta property=\"og:image:type\" content=\"image\/jpeg\" \/>\n<meta name=\"twitter:card\" content=\"summary_large_image\" \/>\n<meta name=\"twitter:label1\" content=\"Dur\u00e9e de lecture estim\u00e9e\" \/>\n\t<meta name=\"twitter:data1\" content=\"1 minute\" \/>\n<script type=\"application\/ld+json\" class=\"yoast-schema-graph\">{\"@context\":\"https:\\\/\\\/schema.org\",\"@graph\":[{\"@type\":\"WebPage\",\"@id\":\"https:\\\/\\\/enlarapita.com\\\/fr\\\/que-faire-ou-voir\\\/route-des-moules\\\/avi-agusti\\\/\",\"url\":\"https:\\\/\\\/enlarapita.com\\\/fr\\\/que-faire-ou-voir\\\/route-des-moules\\\/avi-agusti\\\/\",\"name\":\"Musclera de l'Avi Agust\u00ed - En la R\u00e0pita\",\"isPartOf\":{\"@id\":\"https:\\\/\\\/enlarapita.com\\\/fr\\\/#website\"},\"primaryImageOfPage\":{\"@id\":\"https:\\\/\\\/enlarapita.com\\\/fr\\\/que-faire-ou-voir\\\/route-des-moules\\\/avi-agusti\\\/#primaryimage\"},\"image\":{\"@id\":\"https:\\\/\\\/enlarapita.com\\\/fr\\\/que-faire-ou-voir\\\/route-des-moules\\\/avi-agusti\\\/#primaryimage\"},\"thumbnailUrl\":\"https:\\\/\\\/enlarapita.com\\\/wp-content\\\/uploads\\\/2026\\\/03\\\/Avi-Agusti-en-sol.png\",\"datePublished\":\"2023-02-15T15:20:09+00:00\",\"dateModified\":\"2023-07-06T15:15:10+00:00\",\"breadcrumb\":{\"@id\":\"https:\\\/\\\/enlarapita.com\\\/fr\\\/que-faire-ou-voir\\\/route-des-moules\\\/avi-agusti\\\/#breadcrumb\"},\"inLanguage\":\"fr-FR\",\"potentialAction\":[{\"@type\":\"ReadAction\",\"target\":[\"https:\\\/\\\/enlarapita.com\\\/fr\\\/que-faire-ou-voir\\\/route-des-moules\\\/avi-agusti\\\/\"]}]},{\"@type\":\"ImageObject\",\"inLanguage\":\"fr-FR\",\"@id\":\"https:\\\/\\\/enlarapita.com\\\/fr\\\/que-faire-ou-voir\\\/route-des-moules\\\/avi-agusti\\\/#primaryimage\",\"url\":\"https:\\\/\\\/enlarapita.com\\\/wp-content\\\/uploads\\\/2026\\\/03\\\/Avi-Agusti-en-sol.png\",\"contentUrl\":\"https:\\\/\\\/enlarapita.com\\\/wp-content\\\/uploads\\\/2026\\\/03\\\/Avi-Agusti-en-sol.png\",\"width\":921,\"height\":1152},{\"@type\":\"BreadcrumbList\",\"@id\":\"https:\\\/\\\/enlarapita.com\\\/fr\\\/que-faire-ou-voir\\\/route-des-moules\\\/avi-agusti\\\/#breadcrumb\",\"itemListElement\":[{\"@type\":\"ListItem\",\"position\":1,\"name\":\"Portada\",\"item\":\"https:\\\/\\\/enlarapita.com\\\/fr\\\/\"},{\"@type\":\"ListItem\",\"position\":2,\"name\":\"Que faire ou voir \u00e0 La Rapita\",\"item\":\"https:\\\/\\\/enlarapita.com\\\/fr\\\/que-faire-ou-voir\\\/\"},{\"@type\":\"ListItem\",\"position\":3,\"name\":\"Circuit des parcs \u00e0 moules \u00e0 la R\u00e0pita\",\"item\":\"https:\\\/\\\/enlarapita.com\\\/fr\\\/que-faire-ou-voir\\\/route-des-moules\\\/\"},{\"@type\":\"ListItem\",\"position\":4,\"name\":\"Musclera de l&#8217;Avi Agust\u00ed\"}]},{\"@type\":\"WebSite\",\"@id\":\"https:\\\/\\\/enlarapita.com\\\/fr\\\/#website\",\"url\":\"https:\\\/\\\/enlarapita.com\\\/fr\\\/\",\"name\":\"En la R\u00e0pita\",\"description\":\"\",\"publisher\":{\"@id\":\"https:\\\/\\\/enlarapita.com\\\/fr\\\/#organization\"},\"potentialAction\":[{\"@type\":\"SearchAction\",\"target\":{\"@type\":\"EntryPoint\",\"urlTemplate\":\"https:\\\/\\\/enlarapita.com\\\/fr\\\/?s={search_term_string}\"},\"query-input\":{\"@type\":\"PropertyValueSpecification\",\"valueRequired\":true,\"valueName\":\"search_term_string\"}}],\"inLanguage\":\"fr-FR\"},{\"@type\":\"Organization\",\"@id\":\"https:\\\/\\\/enlarapita.com\\\/fr\\\/#organization\",\"name\":\"En la R\u00e0pita\",\"url\":\"https:\\\/\\\/enlarapita.com\\\/fr\\\/\",\"logo\":{\"@type\":\"ImageObject\",\"inLanguage\":\"fr-FR\",\"@id\":\"https:\\\/\\\/enlarapita.com\\\/fr\\\/#\\\/schema\\\/logo\\\/image\\\/\",\"url\":\"https:\\\/\\\/enlarapita.com\\\/wp-content\\\/uploads\\\/2021\\\/04\\\/cropped-logo-enlarapita-blau.png\",\"contentUrl\":\"https:\\\/\\\/enlarapita.com\\\/wp-content\\\/uploads\\\/2021\\\/04\\\/cropped-logo-enlarapita-blau.png\",\"width\":130,\"height\":19,\"caption\":\"En la R\u00e0pita\"},\"image\":{\"@id\":\"https:\\\/\\\/enlarapita.com\\\/fr\\\/#\\\/schema\\\/logo\\\/image\\\/\"}}]}<\/script>\n<!-- \/ Yoast SEO plugin. -->","yoast_head_json":{"title":"Musclera de l'Avi Agust\u00ed - En la R\u00e0pita","robots":{"index":"index","follow":"follow","max-snippet":"max-snippet:-1","max-image-preview":"max-image-preview:large","max-video-preview":"max-video-preview:-1"},"canonical":"https:\/\/enlarapita.com\/fr\/que-faire-ou-voir\/route-des-moules\/avi-agusti\/","og_locale":"fr_FR","og_type":"article","og_title":"Musclera de l'Avi Agust\u00ed - En la R\u00e0pita","og_description":"L&rsquo;Avi Agust\u00ed a \u00e9t\u00e9 un pionnier dans la promotion des moules de la Baie des Alfacs. Vous y trouverez l&rsquo;essence des meilleurs fruits de mer, dans une musclera traditionnelle qui a conserv\u00e9 son style rustique. (Note: \u00ab\u00a0musclera\u00a0\u00bb est un mot catalan qui fait r\u00e9f\u00e9rence \u00e0 un \u00e9tablissement sp\u00e9cialis\u00e9 dans la production ou la vente de&hellip; Poursuivre la lecture Musclera de l&rsquo;Avi Agust\u00ed","og_url":"https:\/\/enlarapita.com\/fr\/que-faire-ou-voir\/route-des-moules\/avi-agusti\/","og_site_name":"En la R\u00e0pita","article_modified_time":"2023-07-06T15:15:10+00:00","og_image":[{"width":1920,"height":400,"url":"https:\/\/enlarapita.com\/wp-content\/uploads\/2023\/02\/1920x400visita_meji.jpg","type":"image\/jpeg"}],"twitter_card":"summary_large_image","twitter_misc":{"Dur\u00e9e de lecture estim\u00e9e":"1 minute"},"schema":{"@context":"https:\/\/schema.org","@graph":[{"@type":"WebPage","@id":"https:\/\/enlarapita.com\/fr\/que-faire-ou-voir\/route-des-moules\/avi-agusti\/","url":"https:\/\/enlarapita.com\/fr\/que-faire-ou-voir\/route-des-moules\/avi-agusti\/","name":"Musclera de l'Avi Agust\u00ed - En la R\u00e0pita","isPartOf":{"@id":"https:\/\/enlarapita.com\/fr\/#website"},"primaryImageOfPage":{"@id":"https:\/\/enlarapita.com\/fr\/que-faire-ou-voir\/route-des-moules\/avi-agusti\/#primaryimage"},"image":{"@id":"https:\/\/enlarapita.com\/fr\/que-faire-ou-voir\/route-des-moules\/avi-agusti\/#primaryimage"},"thumbnailUrl":"https:\/\/enlarapita.com\/wp-content\/uploads\/2026\/03\/Avi-Agusti-en-sol.png","datePublished":"2023-02-15T15:20:09+00:00","dateModified":"2023-07-06T15:15:10+00:00","breadcrumb":{"@id":"https:\/\/enlarapita.com\/fr\/que-faire-ou-voir\/route-des-moules\/avi-agusti\/#breadcrumb"},"inLanguage":"fr-FR","potentialAction":[{"@type":"ReadAction","target":["https:\/\/enlarapita.com\/fr\/que-faire-ou-voir\/route-des-moules\/avi-agusti\/"]}]},{"@type":"ImageObject","inLanguage":"fr-FR","@id":"https:\/\/enlarapita.com\/fr\/que-faire-ou-voir\/route-des-moules\/avi-agusti\/#primaryimage","url":"https:\/\/enlarapita.com\/wp-content\/uploads\/2026\/03\/Avi-Agusti-en-sol.png","contentUrl":"https:\/\/enlarapita.com\/wp-content\/uploads\/2026\/03\/Avi-Agusti-en-sol.png","width":921,"height":1152},{"@type":"BreadcrumbList","@id":"https:\/\/enlarapita.com\/fr\/que-faire-ou-voir\/route-des-moules\/avi-agusti\/#breadcrumb","itemListElement":[{"@type":"ListItem","position":1,"name":"Portada","item":"https:\/\/enlarapita.com\/fr\/"},{"@type":"ListItem","position":2,"name":"Que faire ou voir \u00e0 La Rapita","item":"https:\/\/enlarapita.com\/fr\/que-faire-ou-voir\/"},{"@type":"ListItem","position":3,"name":"Circuit des parcs \u00e0 moules \u00e0 la R\u00e0pita","item":"https:\/\/enlarapita.com\/fr\/que-faire-ou-voir\/route-des-moules\/"},{"@type":"ListItem","position":4,"name":"Musclera de l&#8217;Avi Agust\u00ed"}]},{"@type":"WebSite","@id":"https:\/\/enlarapita.com\/fr\/#website","url":"https:\/\/enlarapita.com\/fr\/","name":"En la R\u00e0pita","description":"","publisher":{"@id":"https:\/\/enlarapita.com\/fr\/#organization"},"potentialAction":[{"@type":"SearchAction","target":{"@type":"EntryPoint","urlTemplate":"https:\/\/enlarapita.com\/fr\/?s={search_term_string}"},"query-input":{"@type":"PropertyValueSpecification","valueRequired":true,"valueName":"search_term_string"}}],"inLanguage":"fr-FR"},{"@type":"Organization","@id":"https:\/\/enlarapita.com\/fr\/#organization","name":"En la R\u00e0pita","url":"https:\/\/enlarapita.com\/fr\/","logo":{"@type":"ImageObject","inLanguage":"fr-FR","@id":"https:\/\/enlarapita.com\/fr\/#\/schema\/logo\/image\/","url":"https:\/\/enlarapita.com\/wp-content\/uploads\/2021\/04\/cropped-logo-enlarapita-blau.png","contentUrl":"https:\/\/enlarapita.com\/wp-content\/uploads\/2021\/04\/cropped-logo-enlarapita-blau.png","width":130,"height":19,"caption":"En la R\u00e0pita"},"image":{"@id":"https:\/\/enlarapita.com\/fr\/#\/schema\/logo\/image\/"}}]}},"_links":{"self":[{"href":"https:\/\/enlarapita.com\/fr\/wp-json\/wp\/v2\/pages\/13556","targetHints":{"allow":["GET"]}}],"collection":[{"href":"https:\/\/enlarapita.com\/fr\/wp-json\/wp\/v2\/pages"}],"about":[{"href":"https:\/\/enlarapita.com\/fr\/wp-json\/wp\/v2\/types\/page"}],"author":[{"embeddable":true,"href":"https:\/\/enlarapita.com\/fr\/wp-json\/wp\/v2\/users\/1"}],"replies":[{"embeddable":true,"href":"https:\/\/enlarapita.com\/fr\/wp-json\/wp\/v2\/comments?post=13556"}],"version-history":[{"count":6,"href":"https:\/\/enlarapita.com\/fr\/wp-json\/wp\/v2\/pages\/13556\/revisions"}],"predecessor-version":[{"id":17735,"href":"https:\/\/enlarapita.com\/fr\/wp-json\/wp\/v2\/pages\/13556\/revisions\/17735"}],"up":[{"embeddable":true,"href":"https:\/\/enlarapita.com\/fr\/wp-json\/wp\/v2\/pages\/13532"}],"wp:featuredmedia":[{"embeddable":true,"href":"https:\/\/enlarapita.com\/fr\/wp-json\/wp\/v2\/media\/34399"}],"wp:attachment":[{"href":"https:\/\/enlarapita.com\/fr\/wp-json\/wp\/v2\/media?parent=13556"}],"curies":[{"name":"wp","href":"https:\/\/api.w.org\/{rel}","templated":true}]}}