{"id":13486,"date":"2023-02-15T10:05:57","date_gmt":"2023-02-15T09:05:57","guid":{"rendered":"https:\/\/globals.app\/enlarapita\/que-faire-ou-voir\/activites-nautiques\/cours-de-planche-a-voile\/"},"modified":"2023-02-15T10:05:57","modified_gmt":"2023-02-15T09:05:57","slug":"cours-de-planche-a-voile","status":"publish","type":"page","link":"https:\/\/enlarapita.com\/fr\/que-faire-ou-voir\/activites-nautiques\/cours-de-planche-a-voile\/","title":{"rendered":"Cours de planche \u00e0 voile et voile l\u00e9g\u00e8re \u00e0 la R\u00e0pita"},"content":{"rendered":"<p>Vous voulez apprendre \u00e0 faire de la planche \u00e0 voile ? La baie des Alfacs est un endroit id\u00e9al pour pratiquer ce sport et glisser sur l\u2019eau en profitant de la puissance du vent et de la tranquillit\u00e9 de la mer ferm\u00e9e et prot\u00e9g\u00e9e par la Pointe de la Banya. Nous proposons des cours pour adultes et enfants qui souhaitent apprendre ce sport merveilleux avec des professionnels qualifi\u00e9s.<\/p>\n","protected":false},"excerpt":{"rendered":"<p>Vous voulez apprendre \u00e0 faire de la planche \u00e0 voile ? La baie des Alfacs est un endroit id\u00e9al pour pratiquer ce sport et glisser sur l\u2019eau en profitant de la puissance du vent et de la tranquillit\u00e9 de la mer ferm\u00e9e et prot\u00e9g\u00e9e par la Pointe de la Banya. Nous proposons des cours pour&hellip; <a class=\"more-link\" href=\"https:\/\/enlarapita.com\/fr\/que-faire-ou-voir\/activites-nautiques\/cours-de-planche-a-voile\/\">Poursuivre la lecture <span class=\"screen-reader-text\">Cours de planche \u00e0 voile et voile l\u00e9g\u00e8re \u00e0 la R\u00e0pita<\/span><\/a><\/p>\n","protected":false},"author":1,"featured_media":14458,"parent":13452,"menu_order":0,"comment_status":"closed","ping_status":"closed","template":"page-categories.php","meta":{"_acf_changed":false,"footnotes":""},"class_list":["post-13486","page","type-page","status-publish","has-post-thumbnail","hentry","entry"],"acf":[],"yoast_head":"<!-- This site is optimized with the Yoast SEO plugin v27.4 - https:\/\/yoast.com\/product\/yoast-seo-wordpress\/ -->\n<title>Cours de planche \u00e0 voile et voile l\u00e9g\u00e8re \u00e0 la R\u00e0pita - En la R\u00e0pita<\/title>\n<meta name=\"robots\" content=\"index, follow, max-snippet:-1, max-image-preview:large, max-video-preview:-1\" \/>\n<link rel=\"canonical\" href=\"https:\/\/enlarapita.com\/fr\/que-faire-ou-voir\/activites-nautiques\/cours-de-planche-a-voile\/\" \/>\n<meta property=\"og:locale\" content=\"fr_FR\" \/>\n<meta property=\"og:type\" content=\"article\" \/>\n<meta property=\"og:title\" content=\"Cours de planche \u00e0 voile et voile l\u00e9g\u00e8re \u00e0 la R\u00e0pita - En la R\u00e0pita\" \/>\n<meta property=\"og:description\" content=\"Vous voulez apprendre \u00e0 faire de la planche \u00e0 voile ? La baie des Alfacs est un endroit id\u00e9al pour pratiquer ce sport et glisser sur l\u2019eau en profitant de la puissance du vent et de la tranquillit\u00e9 de la mer ferm\u00e9e et prot\u00e9g\u00e9e par la Pointe de la Banya. Nous proposons des cours pour&hellip; Poursuivre la lecture Cours de planche \u00e0 voile et voile l\u00e9g\u00e8re \u00e0 la R\u00e0pita\" \/>\n<meta property=\"og:url\" content=\"https:\/\/enlarapita.com\/fr\/que-faire-ou-voir\/activites-nautiques\/cours-de-planche-a-voile\/\" \/>\n<meta property=\"og:site_name\" content=\"En la R\u00e0pita\" \/>\n<meta property=\"og:image\" content=\"https:\/\/enlarapita.com\/wp-content\/uploads\/2023\/02\/1920x400vela_wind.jpg\" \/>\n\t<meta property=\"og:image:width\" content=\"1920\" \/>\n\t<meta property=\"og:image:height\" content=\"400\" \/>\n\t<meta property=\"og:image:type\" content=\"image\/jpeg\" \/>\n<meta name=\"twitter:card\" content=\"summary_large_image\" \/>\n<script type=\"application\/ld+json\" class=\"yoast-schema-graph\">{\"@context\":\"https:\\\/\\\/schema.org\",\"@graph\":[{\"@type\":\"WebPage\",\"@id\":\"https:\\\/\\\/enlarapita.com\\\/fr\\\/que-faire-ou-voir\\\/activites-nautiques\\\/cours-de-planche-a-voile\\\/\",\"url\":\"https:\\\/\\\/enlarapita.com\\\/fr\\\/que-faire-ou-voir\\\/activites-nautiques\\\/cours-de-planche-a-voile\\\/\",\"name\":\"Cours de planche \u00e0 voile et voile l\u00e9g\u00e8re \u00e0 la R\u00e0pita - En la R\u00e0pita\",\"isPartOf\":{\"@id\":\"https:\\\/\\\/enlarapita.com\\\/fr\\\/#website\"},\"primaryImageOfPage\":{\"@id\":\"https:\\\/\\\/enlarapita.com\\\/fr\\\/que-faire-ou-voir\\\/activites-nautiques\\\/cours-de-planche-a-voile\\\/#primaryimage\"},\"image\":{\"@id\":\"https:\\\/\\\/enlarapita.com\\\/fr\\\/que-faire-ou-voir\\\/activites-nautiques\\\/cours-de-planche-a-voile\\\/#primaryimage\"},\"thumbnailUrl\":\"https:\\\/\\\/enlarapita.com\\\/wp-content\\\/uploads\\\/2023\\\/02\\\/1920x400vela_wind.jpg\",\"datePublished\":\"2023-02-15T09:05:57+00:00\",\"breadcrumb\":{\"@id\":\"https:\\\/\\\/enlarapita.com\\\/fr\\\/que-faire-ou-voir\\\/activites-nautiques\\\/cours-de-planche-a-voile\\\/#breadcrumb\"},\"inLanguage\":\"fr-FR\",\"potentialAction\":[{\"@type\":\"ReadAction\",\"target\":[\"https:\\\/\\\/enlarapita.com\\\/fr\\\/que-faire-ou-voir\\\/activites-nautiques\\\/cours-de-planche-a-voile\\\/\"]}]},{\"@type\":\"ImageObject\",\"inLanguage\":\"fr-FR\",\"@id\":\"https:\\\/\\\/enlarapita.com\\\/fr\\\/que-faire-ou-voir\\\/activites-nautiques\\\/cours-de-planche-a-voile\\\/#primaryimage\",\"url\":\"https:\\\/\\\/enlarapita.com\\\/wp-content\\\/uploads\\\/2023\\\/02\\\/1920x400vela_wind.jpg\",\"contentUrl\":\"https:\\\/\\\/enlarapita.com\\\/wp-content\\\/uploads\\\/2023\\\/02\\\/1920x400vela_wind.jpg\",\"width\":1920,\"height\":400,\"caption\":\"Cursos de windsurf i vela a la R\u00e0pita\"},{\"@type\":\"BreadcrumbList\",\"@id\":\"https:\\\/\\\/enlarapita.com\\\/fr\\\/que-faire-ou-voir\\\/activites-nautiques\\\/cours-de-planche-a-voile\\\/#breadcrumb\",\"itemListElement\":[{\"@type\":\"ListItem\",\"position\":1,\"name\":\"Portada\",\"item\":\"https:\\\/\\\/enlarapita.com\\\/fr\\\/\"},{\"@type\":\"ListItem\",\"position\":2,\"name\":\"Que faire ou voir \u00e0 La Rapita\",\"item\":\"https:\\\/\\\/enlarapita.com\\\/fr\\\/que-faire-ou-voir\\\/\"},{\"@type\":\"ListItem\",\"position\":3,\"name\":\"Activit\u00e9s nautiques \u00e0 la R\u00e0pita\",\"item\":\"https:\\\/\\\/enlarapita.com\\\/fr\\\/que-faire-ou-voir\\\/activites-nautiques\\\/\"},{\"@type\":\"ListItem\",\"position\":4,\"name\":\"Cours de planche \u00e0 voile et voile l\u00e9g\u00e8re \u00e0 la R\u00e0pita\"}]},{\"@type\":\"WebSite\",\"@id\":\"https:\\\/\\\/enlarapita.com\\\/fr\\\/#website\",\"url\":\"https:\\\/\\\/enlarapita.com\\\/fr\\\/\",\"name\":\"En la R\u00e0pita\",\"description\":\"\",\"publisher\":{\"@id\":\"https:\\\/\\\/enlarapita.com\\\/fr\\\/#organization\"},\"potentialAction\":[{\"@type\":\"SearchAction\",\"target\":{\"@type\":\"EntryPoint\",\"urlTemplate\":\"https:\\\/\\\/enlarapita.com\\\/fr\\\/?s={search_term_string}\"},\"query-input\":{\"@type\":\"PropertyValueSpecification\",\"valueRequired\":true,\"valueName\":\"search_term_string\"}}],\"inLanguage\":\"fr-FR\"},{\"@type\":\"Organization\",\"@id\":\"https:\\\/\\\/enlarapita.com\\\/fr\\\/#organization\",\"name\":\"En la R\u00e0pita\",\"url\":\"https:\\\/\\\/enlarapita.com\\\/fr\\\/\",\"logo\":{\"@type\":\"ImageObject\",\"inLanguage\":\"fr-FR\",\"@id\":\"https:\\\/\\\/enlarapita.com\\\/fr\\\/#\\\/schema\\\/logo\\\/image\\\/\",\"url\":\"https:\\\/\\\/enlarapita.com\\\/wp-content\\\/uploads\\\/2021\\\/04\\\/cropped-logo-enlarapita-blau.png\",\"contentUrl\":\"https:\\\/\\\/enlarapita.com\\\/wp-content\\\/uploads\\\/2021\\\/04\\\/cropped-logo-enlarapita-blau.png\",\"width\":130,\"height\":19,\"caption\":\"En la R\u00e0pita\"},\"image\":{\"@id\":\"https:\\\/\\\/enlarapita.com\\\/fr\\\/#\\\/schema\\\/logo\\\/image\\\/\"}}]}<\/script>\n<!-- \/ Yoast SEO plugin. -->","yoast_head_json":{"title":"Cours de planche \u00e0 voile et voile l\u00e9g\u00e8re \u00e0 la R\u00e0pita - En la R\u00e0pita","robots":{"index":"index","follow":"follow","max-snippet":"max-snippet:-1","max-image-preview":"max-image-preview:large","max-video-preview":"max-video-preview:-1"},"canonical":"https:\/\/enlarapita.com\/fr\/que-faire-ou-voir\/activites-nautiques\/cours-de-planche-a-voile\/","og_locale":"fr_FR","og_type":"article","og_title":"Cours de planche \u00e0 voile et voile l\u00e9g\u00e8re \u00e0 la R\u00e0pita - En la R\u00e0pita","og_description":"Vous voulez apprendre \u00e0 faire de la planche \u00e0 voile ? La baie des Alfacs est un endroit id\u00e9al pour pratiquer ce sport et glisser sur l\u2019eau en profitant de la puissance du vent et de la tranquillit\u00e9 de la mer ferm\u00e9e et prot\u00e9g\u00e9e par la Pointe de la Banya. Nous proposons des cours pour&hellip; Poursuivre la lecture Cours de planche \u00e0 voile et voile l\u00e9g\u00e8re \u00e0 la R\u00e0pita","og_url":"https:\/\/enlarapita.com\/fr\/que-faire-ou-voir\/activites-nautiques\/cours-de-planche-a-voile\/","og_site_name":"En la R\u00e0pita","og_image":[{"width":1920,"height":400,"url":"https:\/\/enlarapita.com\/wp-content\/uploads\/2023\/02\/1920x400vela_wind.jpg","type":"image\/jpeg"}],"twitter_card":"summary_large_image","schema":{"@context":"https:\/\/schema.org","@graph":[{"@type":"WebPage","@id":"https:\/\/enlarapita.com\/fr\/que-faire-ou-voir\/activites-nautiques\/cours-de-planche-a-voile\/","url":"https:\/\/enlarapita.com\/fr\/que-faire-ou-voir\/activites-nautiques\/cours-de-planche-a-voile\/","name":"Cours de planche \u00e0 voile et voile l\u00e9g\u00e8re \u00e0 la R\u00e0pita - En la R\u00e0pita","isPartOf":{"@id":"https:\/\/enlarapita.com\/fr\/#website"},"primaryImageOfPage":{"@id":"https:\/\/enlarapita.com\/fr\/que-faire-ou-voir\/activites-nautiques\/cours-de-planche-a-voile\/#primaryimage"},"image":{"@id":"https:\/\/enlarapita.com\/fr\/que-faire-ou-voir\/activites-nautiques\/cours-de-planche-a-voile\/#primaryimage"},"thumbnailUrl":"https:\/\/enlarapita.com\/wp-content\/uploads\/2023\/02\/1920x400vela_wind.jpg","datePublished":"2023-02-15T09:05:57+00:00","breadcrumb":{"@id":"https:\/\/enlarapita.com\/fr\/que-faire-ou-voir\/activites-nautiques\/cours-de-planche-a-voile\/#breadcrumb"},"inLanguage":"fr-FR","potentialAction":[{"@type":"ReadAction","target":["https:\/\/enlarapita.com\/fr\/que-faire-ou-voir\/activites-nautiques\/cours-de-planche-a-voile\/"]}]},{"@type":"ImageObject","inLanguage":"fr-FR","@id":"https:\/\/enlarapita.com\/fr\/que-faire-ou-voir\/activites-nautiques\/cours-de-planche-a-voile\/#primaryimage","url":"https:\/\/enlarapita.com\/wp-content\/uploads\/2023\/02\/1920x400vela_wind.jpg","contentUrl":"https:\/\/enlarapita.com\/wp-content\/uploads\/2023\/02\/1920x400vela_wind.jpg","width":1920,"height":400,"caption":"Cursos de windsurf i vela a la R\u00e0pita"},{"@type":"BreadcrumbList","@id":"https:\/\/enlarapita.com\/fr\/que-faire-ou-voir\/activites-nautiques\/cours-de-planche-a-voile\/#breadcrumb","itemListElement":[{"@type":"ListItem","position":1,"name":"Portada","item":"https:\/\/enlarapita.com\/fr\/"},{"@type":"ListItem","position":2,"name":"Que faire ou voir \u00e0 La Rapita","item":"https:\/\/enlarapita.com\/fr\/que-faire-ou-voir\/"},{"@type":"ListItem","position":3,"name":"Activit\u00e9s nautiques \u00e0 la R\u00e0pita","item":"https:\/\/enlarapita.com\/fr\/que-faire-ou-voir\/activites-nautiques\/"},{"@type":"ListItem","position":4,"name":"Cours de planche \u00e0 voile et voile l\u00e9g\u00e8re \u00e0 la R\u00e0pita"}]},{"@type":"WebSite","@id":"https:\/\/enlarapita.com\/fr\/#website","url":"https:\/\/enlarapita.com\/fr\/","name":"En la R\u00e0pita","description":"","publisher":{"@id":"https:\/\/enlarapita.com\/fr\/#organization"},"potentialAction":[{"@type":"SearchAction","target":{"@type":"EntryPoint","urlTemplate":"https:\/\/enlarapita.com\/fr\/?s={search_term_string}"},"query-input":{"@type":"PropertyValueSpecification","valueRequired":true,"valueName":"search_term_string"}}],"inLanguage":"fr-FR"},{"@type":"Organization","@id":"https:\/\/enlarapita.com\/fr\/#organization","name":"En la R\u00e0pita","url":"https:\/\/enlarapita.com\/fr\/","logo":{"@type":"ImageObject","inLanguage":"fr-FR","@id":"https:\/\/enlarapita.com\/fr\/#\/schema\/logo\/image\/","url":"https:\/\/enlarapita.com\/wp-content\/uploads\/2021\/04\/cropped-logo-enlarapita-blau.png","contentUrl":"https:\/\/enlarapita.com\/wp-content\/uploads\/2021\/04\/cropped-logo-enlarapita-blau.png","width":130,"height":19,"caption":"En la R\u00e0pita"},"image":{"@id":"https:\/\/enlarapita.com\/fr\/#\/schema\/logo\/image\/"}}]}},"_links":{"self":[{"href":"https:\/\/enlarapita.com\/fr\/wp-json\/wp\/v2\/pages\/13486","targetHints":{"allow":["GET"]}}],"collection":[{"href":"https:\/\/enlarapita.com\/fr\/wp-json\/wp\/v2\/pages"}],"about":[{"href":"https:\/\/enlarapita.com\/fr\/wp-json\/wp\/v2\/types\/page"}],"author":[{"embeddable":true,"href":"https:\/\/enlarapita.com\/fr\/wp-json\/wp\/v2\/users\/1"}],"replies":[{"embeddable":true,"href":"https:\/\/enlarapita.com\/fr\/wp-json\/wp\/v2\/comments?post=13486"}],"version-history":[{"count":0,"href":"https:\/\/enlarapita.com\/fr\/wp-json\/wp\/v2\/pages\/13486\/revisions"}],"up":[{"embeddable":true,"href":"https:\/\/enlarapita.com\/fr\/wp-json\/wp\/v2\/pages\/13452"}],"wp:featuredmedia":[{"embeddable":true,"href":"https:\/\/enlarapita.com\/fr\/wp-json\/wp\/v2\/media\/14458"}],"wp:attachment":[{"href":"https:\/\/enlarapita.com\/fr\/wp-json\/wp\/v2\/media?parent=13486"}],"curies":[{"name":"wp","href":"https:\/\/api.w.org\/{rel}","templated":true}]}}