{"id":13430,"date":"2023-02-14T16:02:15","date_gmt":"2023-02-14T15:02:15","guid":{"rendered":"https:\/\/globals.app\/enlarapita\/que-faire-ou-voir\/pres-de-la-rapita\/routes-le-long-de-lebre\/"},"modified":"2023-02-14T16:02:15","modified_gmt":"2023-02-14T15:02:15","slug":"routes-le-long-de-lebre","status":"publish","type":"page","link":"https:\/\/enlarapita.com\/fr\/que-faire-ou-voir\/pres-de-la-rapita\/routes-le-long-de-lebre\/","title":{"rendered":"Routes le long de l&rsquo;\u00c8bre"},"content":{"rendered":"<p>Naviguez sur le fleuve \u00c8bre d\u2019une fa\u00e7on \u00e0 la fois classique et originale avec la barque Lo Sirgador. La barque Lo Sirgador est une embarcation classique du fleuve \u00c8bre, r\u00e9alis\u00e9 en bois et avec une voile latine, motoris\u00e9 pour effectuer les visites de Tortosa, de l\u2019\u00eele de Xiquina et du bois de Ribera dans le calme et de fa\u00e7on traditionnelle tout en \u00e9coutant un concert, en d\u00e9gustant un ap\u00e9ritif ou en admirant le coucher du soleil.<\/p>\n","protected":false},"excerpt":{"rendered":"<p>Naviguez sur le fleuve \u00c8bre d\u2019une fa\u00e7on \u00e0 la fois classique et originale avec la barque Lo Sirgador. La barque Lo Sirgador est une embarcation classique du fleuve \u00c8bre, r\u00e9alis\u00e9 en bois et avec une voile latine, motoris\u00e9 pour effectuer les visites de Tortosa, de l\u2019\u00eele de Xiquina et du bois de Ribera dans le&hellip; <a class=\"more-link\" href=\"https:\/\/enlarapita.com\/fr\/que-faire-ou-voir\/pres-de-la-rapita\/routes-le-long-de-lebre\/\">Poursuivre la lecture <span class=\"screen-reader-text\">Routes le long de l&rsquo;\u00c8bre<\/span><\/a><\/p>\n","protected":false},"author":1,"featured_media":4592,"parent":13176,"menu_order":0,"comment_status":"closed","ping_status":"closed","template":"page-categories.php","meta":{"_acf_changed":false,"footnotes":""},"class_list":["post-13430","page","type-page","status-publish","has-post-thumbnail","hentry","entry"],"acf":[],"yoast_head":"<!-- This site is optimized with the Yoast SEO plugin v27.4 - https:\/\/yoast.com\/product\/yoast-seo-wordpress\/ -->\n<title>Routes le long de l&#039;\u00c8bre - En la R\u00e0pita<\/title>\n<meta name=\"robots\" content=\"index, follow, max-snippet:-1, max-image-preview:large, max-video-preview:-1\" \/>\n<link rel=\"canonical\" href=\"https:\/\/enlarapita.com\/fr\/que-faire-ou-voir\/pres-de-la-rapita\/routes-le-long-de-lebre\/\" \/>\n<meta property=\"og:locale\" content=\"fr_FR\" \/>\n<meta property=\"og:type\" content=\"article\" \/>\n<meta property=\"og:title\" content=\"Routes le long de l&#039;\u00c8bre - En la R\u00e0pita\" \/>\n<meta property=\"og:description\" content=\"Naviguez sur le fleuve \u00c8bre d\u2019une fa\u00e7on \u00e0 la fois classique et originale avec la barque Lo Sirgador. La barque Lo Sirgador est une embarcation classique du fleuve \u00c8bre, r\u00e9alis\u00e9 en bois et avec une voile latine, motoris\u00e9 pour effectuer les visites de Tortosa, de l\u2019\u00eele de Xiquina et du bois de Ribera dans le&hellip; Poursuivre la lecture Routes le long de l&rsquo;\u00c8bre\" \/>\n<meta property=\"og:url\" content=\"https:\/\/enlarapita.com\/fr\/que-faire-ou-voir\/pres-de-la-rapita\/routes-le-long-de-lebre\/\" \/>\n<meta property=\"og:site_name\" content=\"En la R\u00e0pita\" \/>\n<meta property=\"og:image\" content=\"https:\/\/enlarapita.com\/wp-content\/uploads\/2021\/06\/3_RUTES-PER-LOCOEBRE.jpg\" \/>\n\t<meta property=\"og:image:width\" content=\"1920\" \/>\n\t<meta property=\"og:image:height\" content=\"1080\" \/>\n\t<meta property=\"og:image:type\" content=\"image\/jpeg\" \/>\n<meta name=\"twitter:card\" content=\"summary_large_image\" \/>\n<script type=\"application\/ld+json\" class=\"yoast-schema-graph\">{\"@context\":\"https:\\\/\\\/schema.org\",\"@graph\":[{\"@type\":\"WebPage\",\"@id\":\"https:\\\/\\\/enlarapita.com\\\/fr\\\/que-faire-ou-voir\\\/pres-de-la-rapita\\\/routes-le-long-de-lebre\\\/\",\"url\":\"https:\\\/\\\/enlarapita.com\\\/fr\\\/que-faire-ou-voir\\\/pres-de-la-rapita\\\/routes-le-long-de-lebre\\\/\",\"name\":\"Routes le long de l'\u00c8bre - En la R\u00e0pita\",\"isPartOf\":{\"@id\":\"https:\\\/\\\/enlarapita.com\\\/fr\\\/#website\"},\"primaryImageOfPage\":{\"@id\":\"https:\\\/\\\/enlarapita.com\\\/fr\\\/que-faire-ou-voir\\\/pres-de-la-rapita\\\/routes-le-long-de-lebre\\\/#primaryimage\"},\"image\":{\"@id\":\"https:\\\/\\\/enlarapita.com\\\/fr\\\/que-faire-ou-voir\\\/pres-de-la-rapita\\\/routes-le-long-de-lebre\\\/#primaryimage\"},\"thumbnailUrl\":\"https:\\\/\\\/enlarapita.com\\\/wp-content\\\/uploads\\\/2021\\\/06\\\/3_RUTES-PER-LOCOEBRE.jpg\",\"datePublished\":\"2023-02-14T15:02:15+00:00\",\"breadcrumb\":{\"@id\":\"https:\\\/\\\/enlarapita.com\\\/fr\\\/que-faire-ou-voir\\\/pres-de-la-rapita\\\/routes-le-long-de-lebre\\\/#breadcrumb\"},\"inLanguage\":\"fr-FR\",\"potentialAction\":[{\"@type\":\"ReadAction\",\"target\":[\"https:\\\/\\\/enlarapita.com\\\/fr\\\/que-faire-ou-voir\\\/pres-de-la-rapita\\\/routes-le-long-de-lebre\\\/\"]}]},{\"@type\":\"ImageObject\",\"inLanguage\":\"fr-FR\",\"@id\":\"https:\\\/\\\/enlarapita.com\\\/fr\\\/que-faire-ou-voir\\\/pres-de-la-rapita\\\/routes-le-long-de-lebre\\\/#primaryimage\",\"url\":\"https:\\\/\\\/enlarapita.com\\\/wp-content\\\/uploads\\\/2021\\\/06\\\/3_RUTES-PER-LOCOEBRE.jpg\",\"contentUrl\":\"https:\\\/\\\/enlarapita.com\\\/wp-content\\\/uploads\\\/2021\\\/06\\\/3_RUTES-PER-LOCOEBRE.jpg\",\"width\":1920,\"height\":1080},{\"@type\":\"BreadcrumbList\",\"@id\":\"https:\\\/\\\/enlarapita.com\\\/fr\\\/que-faire-ou-voir\\\/pres-de-la-rapita\\\/routes-le-long-de-lebre\\\/#breadcrumb\",\"itemListElement\":[{\"@type\":\"ListItem\",\"position\":1,\"name\":\"Portada\",\"item\":\"https:\\\/\\\/enlarapita.com\\\/fr\\\/\"},{\"@type\":\"ListItem\",\"position\":2,\"name\":\"Que faire ou voir \u00e0 La Rapita\",\"item\":\"https:\\\/\\\/enlarapita.com\\\/fr\\\/que-faire-ou-voir\\\/\"},{\"@type\":\"ListItem\",\"position\":3,\"name\":\"Que voir pr\u00e8s de la R\u00e0pita\",\"item\":\"https:\\\/\\\/enlarapita.com\\\/fr\\\/que-fer-o-veure\\\/prop-de-la-rapita\\\/\"},{\"@type\":\"ListItem\",\"position\":4,\"name\":\"Routes le long de l&#8217;\u00c8bre\"}]},{\"@type\":\"WebSite\",\"@id\":\"https:\\\/\\\/enlarapita.com\\\/fr\\\/#website\",\"url\":\"https:\\\/\\\/enlarapita.com\\\/fr\\\/\",\"name\":\"En la R\u00e0pita\",\"description\":\"\",\"publisher\":{\"@id\":\"https:\\\/\\\/enlarapita.com\\\/fr\\\/#organization\"},\"potentialAction\":[{\"@type\":\"SearchAction\",\"target\":{\"@type\":\"EntryPoint\",\"urlTemplate\":\"https:\\\/\\\/enlarapita.com\\\/fr\\\/?s={search_term_string}\"},\"query-input\":{\"@type\":\"PropertyValueSpecification\",\"valueRequired\":true,\"valueName\":\"search_term_string\"}}],\"inLanguage\":\"fr-FR\"},{\"@type\":\"Organization\",\"@id\":\"https:\\\/\\\/enlarapita.com\\\/fr\\\/#organization\",\"name\":\"En la R\u00e0pita\",\"url\":\"https:\\\/\\\/enlarapita.com\\\/fr\\\/\",\"logo\":{\"@type\":\"ImageObject\",\"inLanguage\":\"fr-FR\",\"@id\":\"https:\\\/\\\/enlarapita.com\\\/fr\\\/#\\\/schema\\\/logo\\\/image\\\/\",\"url\":\"https:\\\/\\\/enlarapita.com\\\/wp-content\\\/uploads\\\/2021\\\/04\\\/cropped-logo-enlarapita-blau.png\",\"contentUrl\":\"https:\\\/\\\/enlarapita.com\\\/wp-content\\\/uploads\\\/2021\\\/04\\\/cropped-logo-enlarapita-blau.png\",\"width\":130,\"height\":19,\"caption\":\"En la R\u00e0pita\"},\"image\":{\"@id\":\"https:\\\/\\\/enlarapita.com\\\/fr\\\/#\\\/schema\\\/logo\\\/image\\\/\"}}]}<\/script>\n<!-- \/ Yoast SEO plugin. -->","yoast_head_json":{"title":"Routes le long de l'\u00c8bre - En la R\u00e0pita","robots":{"index":"index","follow":"follow","max-snippet":"max-snippet:-1","max-image-preview":"max-image-preview:large","max-video-preview":"max-video-preview:-1"},"canonical":"https:\/\/enlarapita.com\/fr\/que-faire-ou-voir\/pres-de-la-rapita\/routes-le-long-de-lebre\/","og_locale":"fr_FR","og_type":"article","og_title":"Routes le long de l'\u00c8bre - En la R\u00e0pita","og_description":"Naviguez sur le fleuve \u00c8bre d\u2019une fa\u00e7on \u00e0 la fois classique et originale avec la barque Lo Sirgador. La barque Lo Sirgador est une embarcation classique du fleuve \u00c8bre, r\u00e9alis\u00e9 en bois et avec une voile latine, motoris\u00e9 pour effectuer les visites de Tortosa, de l\u2019\u00eele de Xiquina et du bois de Ribera dans le&hellip; Poursuivre la lecture Routes le long de l&rsquo;\u00c8bre","og_url":"https:\/\/enlarapita.com\/fr\/que-faire-ou-voir\/pres-de-la-rapita\/routes-le-long-de-lebre\/","og_site_name":"En la R\u00e0pita","og_image":[{"width":1920,"height":1080,"url":"https:\/\/enlarapita.com\/wp-content\/uploads\/2021\/06\/3_RUTES-PER-LOCOEBRE.jpg","type":"image\/jpeg"}],"twitter_card":"summary_large_image","schema":{"@context":"https:\/\/schema.org","@graph":[{"@type":"WebPage","@id":"https:\/\/enlarapita.com\/fr\/que-faire-ou-voir\/pres-de-la-rapita\/routes-le-long-de-lebre\/","url":"https:\/\/enlarapita.com\/fr\/que-faire-ou-voir\/pres-de-la-rapita\/routes-le-long-de-lebre\/","name":"Routes le long de l'\u00c8bre - En la R\u00e0pita","isPartOf":{"@id":"https:\/\/enlarapita.com\/fr\/#website"},"primaryImageOfPage":{"@id":"https:\/\/enlarapita.com\/fr\/que-faire-ou-voir\/pres-de-la-rapita\/routes-le-long-de-lebre\/#primaryimage"},"image":{"@id":"https:\/\/enlarapita.com\/fr\/que-faire-ou-voir\/pres-de-la-rapita\/routes-le-long-de-lebre\/#primaryimage"},"thumbnailUrl":"https:\/\/enlarapita.com\/wp-content\/uploads\/2021\/06\/3_RUTES-PER-LOCOEBRE.jpg","datePublished":"2023-02-14T15:02:15+00:00","breadcrumb":{"@id":"https:\/\/enlarapita.com\/fr\/que-faire-ou-voir\/pres-de-la-rapita\/routes-le-long-de-lebre\/#breadcrumb"},"inLanguage":"fr-FR","potentialAction":[{"@type":"ReadAction","target":["https:\/\/enlarapita.com\/fr\/que-faire-ou-voir\/pres-de-la-rapita\/routes-le-long-de-lebre\/"]}]},{"@type":"ImageObject","inLanguage":"fr-FR","@id":"https:\/\/enlarapita.com\/fr\/que-faire-ou-voir\/pres-de-la-rapita\/routes-le-long-de-lebre\/#primaryimage","url":"https:\/\/enlarapita.com\/wp-content\/uploads\/2021\/06\/3_RUTES-PER-LOCOEBRE.jpg","contentUrl":"https:\/\/enlarapita.com\/wp-content\/uploads\/2021\/06\/3_RUTES-PER-LOCOEBRE.jpg","width":1920,"height":1080},{"@type":"BreadcrumbList","@id":"https:\/\/enlarapita.com\/fr\/que-faire-ou-voir\/pres-de-la-rapita\/routes-le-long-de-lebre\/#breadcrumb","itemListElement":[{"@type":"ListItem","position":1,"name":"Portada","item":"https:\/\/enlarapita.com\/fr\/"},{"@type":"ListItem","position":2,"name":"Que faire ou voir \u00e0 La Rapita","item":"https:\/\/enlarapita.com\/fr\/que-faire-ou-voir\/"},{"@type":"ListItem","position":3,"name":"Que voir pr\u00e8s de la R\u00e0pita","item":"https:\/\/enlarapita.com\/fr\/que-fer-o-veure\/prop-de-la-rapita\/"},{"@type":"ListItem","position":4,"name":"Routes le long de l&#8217;\u00c8bre"}]},{"@type":"WebSite","@id":"https:\/\/enlarapita.com\/fr\/#website","url":"https:\/\/enlarapita.com\/fr\/","name":"En la R\u00e0pita","description":"","publisher":{"@id":"https:\/\/enlarapita.com\/fr\/#organization"},"potentialAction":[{"@type":"SearchAction","target":{"@type":"EntryPoint","urlTemplate":"https:\/\/enlarapita.com\/fr\/?s={search_term_string}"},"query-input":{"@type":"PropertyValueSpecification","valueRequired":true,"valueName":"search_term_string"}}],"inLanguage":"fr-FR"},{"@type":"Organization","@id":"https:\/\/enlarapita.com\/fr\/#organization","name":"En la R\u00e0pita","url":"https:\/\/enlarapita.com\/fr\/","logo":{"@type":"ImageObject","inLanguage":"fr-FR","@id":"https:\/\/enlarapita.com\/fr\/#\/schema\/logo\/image\/","url":"https:\/\/enlarapita.com\/wp-content\/uploads\/2021\/04\/cropped-logo-enlarapita-blau.png","contentUrl":"https:\/\/enlarapita.com\/wp-content\/uploads\/2021\/04\/cropped-logo-enlarapita-blau.png","width":130,"height":19,"caption":"En la R\u00e0pita"},"image":{"@id":"https:\/\/enlarapita.com\/fr\/#\/schema\/logo\/image\/"}}]}},"_links":{"self":[{"href":"https:\/\/enlarapita.com\/fr\/wp-json\/wp\/v2\/pages\/13430","targetHints":{"allow":["GET"]}}],"collection":[{"href":"https:\/\/enlarapita.com\/fr\/wp-json\/wp\/v2\/pages"}],"about":[{"href":"https:\/\/enlarapita.com\/fr\/wp-json\/wp\/v2\/types\/page"}],"author":[{"embeddable":true,"href":"https:\/\/enlarapita.com\/fr\/wp-json\/wp\/v2\/users\/1"}],"replies":[{"embeddable":true,"href":"https:\/\/enlarapita.com\/fr\/wp-json\/wp\/v2\/comments?post=13430"}],"version-history":[{"count":0,"href":"https:\/\/enlarapita.com\/fr\/wp-json\/wp\/v2\/pages\/13430\/revisions"}],"up":[{"embeddable":true,"href":"https:\/\/enlarapita.com\/fr\/wp-json\/wp\/v2\/pages\/13176"}],"wp:featuredmedia":[{"embeddable":true,"href":"https:\/\/enlarapita.com\/fr\/wp-json\/wp\/v2\/media\/4592"}],"wp:attachment":[{"href":"https:\/\/enlarapita.com\/fr\/wp-json\/wp\/v2\/media?parent=13430"}],"curies":[{"name":"wp","href":"https:\/\/api.w.org\/{rel}","templated":true}]}}