{"id":13176,"date":"2023-02-08T12:02:20","date_gmt":"2023-02-08T11:02:20","guid":{"rendered":"https:\/\/globals.app\/enlarapita\/terres-de-lebre\/"},"modified":"2025-05-13T18:14:19","modified_gmt":"2025-05-13T16:14:19","slug":"pres-de-la-rapita","status":"publish","type":"page","link":"https:\/\/enlarapita.com\/fr\/que-faire-ou-voir\/pres-de-la-rapita\/","title":{"rendered":"Que voir pr\u00e8s de la R\u00e0pita"},"content":{"rendered":"\t\t<div data-elementor-type=\"wp-page\" data-elementor-id=\"13176\" class=\"elementor elementor-13176 elementor-13146\" data-elementor-post-type=\"page\">\n\t\t\t\t\t\t<section class=\"elementor-section elementor-top-section elementor-element elementor-element-4373006b elementor-section-content-middle elementor-section-boxed elementor-section-height-default elementor-section-height-default\" data-id=\"4373006b\" data-element_type=\"section\" data-e-type=\"section\">\n\t\t\t\t\t\t<div class=\"elementor-container elementor-column-gap-default\">\n\t\t\t\t\t<div class=\"elementor-column elementor-col-50 elementor-top-column elementor-element elementor-element-4c27d071\" data-id=\"4c27d071\" data-element_type=\"column\" data-e-type=\"column\">\n\t\t\t<div class=\"elementor-widget-wrap elementor-element-populated\">\n\t\t\t\t\t\t<div class=\"elementor-element elementor-element-2574a508 elementor-widget elementor-widget-heading\" data-id=\"2574a508\" data-element_type=\"widget\" data-e-type=\"widget\" data-widget_type=\"heading.default\">\n\t\t\t\t<div class=\"elementor-widget-container\">\n\t\t\t\t\t<h2 class=\"elementor-heading-title elementor-size-default\">Lieux embl\u00e9matiques \u00e0 voir pr\u00e8s de La R\u00e0pita<\/h2>\t\t\t\t<\/div>\n\t\t\t\t<\/div>\n\t\t\t\t<div class=\"elementor-element elementor-element-7a98a1af elementor-widget elementor-widget-text-editor\" data-id=\"7a98a1af\" data-element_type=\"widget\" data-e-type=\"widget\" data-widget_type=\"text-editor.default\">\n\t\t\t\t<div class=\"elementor-widget-container\">\n\t\t\t\t\t\t\t\t\t<p>Si vous cherchez quoi faire ou quoi voir pr\u00e8s de La R\u00e0pita, nous vous pr\u00e9sentons diverses activit\u00e9s et exp\u00e9riences pour d\u00e9couvrir la trajectoire historique et culturelle de certaines des municipalit\u00e9s les plus proches. Des itin\u00e9raires et des activit\u00e9s qui vous permettront de d\u00e9couvrir d&rsquo;o\u00f9 viennent les habitants de l&rsquo;\u00c8bre et de vous faire une id\u00e9e de l&rsquo;identit\u00e9 de l&rsquo;\u00c8bre, comme visiter le patrimoine monumental de Tortosa ou respirer parmi les champs d&rsquo;oliviers centenaires d&rsquo;Ulldecona.<\/p>\n\t\t\t\t\t\t\t\t<\/div>\n\t\t\t\t<\/div>\n\t\t\t\t\t<\/div>\n\t\t<\/div>\n\t\t\t\t<div class=\"elementor-column elementor-col-50 elementor-top-column elementor-element elementor-element-599c2d0e\" data-id=\"599c2d0e\" data-element_type=\"column\" data-e-type=\"column\">\n\t\t\t<div class=\"elementor-widget-wrap elementor-element-populated\">\n\t\t\t\t\t\t<div class=\"elementor-element elementor-element-2bca8017 elementor-widget elementor-widget-image\" data-id=\"2bca8017\" data-element_type=\"widget\" data-e-type=\"widget\" data-widget_type=\"image.default\">\n\t\t\t\t<div class=\"elementor-widget-container\">\n\t\t\t\t\t\t\t\t\t\t\t\t\t\t\t<img fetchpriority=\"high\" decoding=\"async\" width=\"960\" height=\"720\" src=\"https:\/\/enlarapita.com\/wp-content\/uploads\/2025\/05\/Tortosa_-_La_Suda.jpg\" class=\"attachment-full size-full wp-image-33359\" alt=\"Castell de la Suda, Tortosa\" srcset=\"https:\/\/enlarapita.com\/wp-content\/uploads\/2025\/05\/Tortosa_-_La_Suda.jpg 960w, https:\/\/enlarapita.com\/wp-content\/uploads\/2025\/05\/Tortosa_-_La_Suda-300x225.jpg 300w, https:\/\/enlarapita.com\/wp-content\/uploads\/2025\/05\/Tortosa_-_La_Suda-768x576.jpg 768w\" sizes=\"(max-width: 960px) 100vw, 960px\" style=\"width:100%;height:75%;max-width:960px\" \/>\t\t\t\t\t\t\t\t\t\t\t\t\t\t\t<\/div>\n\t\t\t\t<\/div>\n\t\t\t\t\t<\/div>\n\t\t<\/div>\n\t\t\t\t\t<\/div>\n\t\t<\/section>\n\t\t\t\t<section class=\"elementor-section elementor-top-section elementor-element elementor-element-3a311dfa elementor-section-content-middle elementor-reverse-tablet elementor-reverse-mobile elementor-section-boxed elementor-section-height-default elementor-section-height-default\" data-id=\"3a311dfa\" data-element_type=\"section\" data-e-type=\"section\">\n\t\t\t\t\t\t<div class=\"elementor-container elementor-column-gap-default\">\n\t\t\t\t\t<div class=\"elementor-column elementor-col-50 elementor-top-column elementor-element elementor-element-4699378\" data-id=\"4699378\" data-element_type=\"column\" data-e-type=\"column\">\n\t\t\t<div class=\"elementor-widget-wrap elementor-element-populated\">\n\t\t\t\t\t\t<div class=\"elementor-element elementor-element-218330cb elementor-widget elementor-widget-image\" data-id=\"218330cb\" data-element_type=\"widget\" data-e-type=\"widget\" data-widget_type=\"image.default\">\n\t\t\t\t<div class=\"elementor-widget-container\">\n\t\t\t\t\t\t\t\t\t\t\t\t\t\t\t<img decoding=\"async\" width=\"1200\" height=\"675\" src=\"https:\/\/enlarapita.com\/wp-content\/uploads\/2023\/04\/TortosaWEB.jpg\" class=\"attachment-full size-full wp-image-17188\" alt=\"\" srcset=\"https:\/\/enlarapita.com\/wp-content\/uploads\/2023\/04\/TortosaWEB.jpg 1200w, https:\/\/enlarapita.com\/wp-content\/uploads\/2023\/04\/TortosaWEB-300x169.jpg 300w, https:\/\/enlarapita.com\/wp-content\/uploads\/2023\/04\/TortosaWEB-1024x576.jpg 1024w, https:\/\/enlarapita.com\/wp-content\/uploads\/2023\/04\/TortosaWEB-768x432.jpg 768w\" sizes=\"(max-width: 1200px) 100vw, 1200px\" style=\"width:100%;height:56.25%;max-width:1200px\" \/>\t\t\t\t\t\t\t\t\t\t\t\t\t\t\t<\/div>\n\t\t\t\t<\/div>\n\t\t\t\t\t<\/div>\n\t\t<\/div>\n\t\t\t\t<div class=\"elementor-column elementor-col-50 elementor-top-column elementor-element elementor-element-6cd4ce0e\" data-id=\"6cd4ce0e\" data-element_type=\"column\" data-e-type=\"column\">\n\t\t\t<div class=\"elementor-widget-wrap elementor-element-populated\">\n\t\t\t\t\t\t<div class=\"elementor-element elementor-element-3a5198ed elementor-widget elementor-widget-heading\" data-id=\"3a5198ed\" data-element_type=\"widget\" data-e-type=\"widget\" data-widget_type=\"heading.default\">\n\t\t\t\t<div class=\"elementor-widget-container\">\n\t\t\t\t\t<h2 class=\"elementor-heading-title elementor-size-default\">Visitez la ville bimill\u00e9naire de Tortosa<\/h2>\t\t\t\t<\/div>\n\t\t\t\t<\/div>\n\t\t\t\t<div class=\"elementor-element elementor-element-57c3d9ce elementor-widget elementor-widget-text-editor\" data-id=\"57c3d9ce\" data-element_type=\"widget\" data-e-type=\"widget\" data-widget_type=\"text-editor.default\">\n\t\t\t\t<div class=\"elementor-widget-container\">\n\t\t\t\t\t\t\t\t\t<p>Parmi les lieux \u00e0 voir pr\u00e8s de La R\u00e0pita, nous vous proposons des visites guid\u00e9es pour d\u00e9couvrir le patrimoine historique de la capitale des Terres de l&rsquo;Ebre, Tortosa. Des b\u00e2timents embl\u00e9matiques comme le ch\u00e2teau de la Suda, o\u00f9 se trouve actuellement un parador national, ou toute la cath\u00e9drale de Tortosa. Vous pouvez \u00e9galement naviguer sur l&rsquo;\u00c8bre sur un luth classique, <i>Lo Sirgador<\/i>, fabriqu\u00e9 en bois et avec une voile latine, qui a \u00e9t\u00e9 motoris\u00e9 pour que vous puissiez vous d\u00e9tendre et d\u00e9couvrir d&rsquo;autres coins de Tortosa accompagn\u00e9s de performances musicales ou d&rsquo;une collation.<\/p>\n\t\t\t\t\t\t\t\t<\/div>\n\t\t\t\t<\/div>\n\t\t\t\t\t<\/div>\n\t\t<\/div>\n\t\t\t\t\t<\/div>\n\t\t<\/section>\n\t\t\t\t<section class=\"elementor-section elementor-top-section elementor-element elementor-element-8b78961 elementor-section-content-middle elementor-section-boxed elementor-section-height-default elementor-section-height-default\" data-id=\"8b78961\" data-element_type=\"section\" data-e-type=\"section\">\n\t\t\t\t\t\t<div class=\"elementor-container elementor-column-gap-default\">\n\t\t\t\t\t<div class=\"elementor-column elementor-col-50 elementor-top-column elementor-element elementor-element-166a149\" data-id=\"166a149\" data-element_type=\"column\" data-e-type=\"column\">\n\t\t\t<div class=\"elementor-widget-wrap elementor-element-populated\">\n\t\t\t\t\t\t<div class=\"elementor-element elementor-element-6f09a812 elementor-widget elementor-widget-heading\" data-id=\"6f09a812\" data-element_type=\"widget\" data-e-type=\"widget\" data-widget_type=\"heading.default\">\n\t\t\t\t<div class=\"elementor-widget-container\">\n\t\t\t\t\t<h2 class=\"elementor-heading-title elementor-size-default\">Vivez l'histoire d'Ulldecona<\/h2>\t\t\t\t<\/div>\n\t\t\t\t<\/div>\n\t\t\t\t<div class=\"elementor-element elementor-element-d813e5c elementor-widget elementor-widget-text-editor\" data-id=\"d813e5c\" data-element_type=\"widget\" data-e-type=\"widget\" data-widget_type=\"text-editor.default\">\n\t\t\t\t<div class=\"elementor-widget-container\">\n\t\t\t\t\t\t\t\t\t<p>\u00c0 Ulldecona, nous vous proposons plusieurs activit\u00e9s sur ce qu&rsquo;il faut voir pr\u00e8s de La R\u00e0pita car sa riche histoire vous permettra de revenir aux origines avec l&rsquo;ensemble des peintures rupestres de la Serra de Godall dans l&rsquo;Ermitage de La Pietat, d\u00e9clar\u00e9 patrimoine mondial par l&rsquo;UNESCO en 1998, d\u00e9couvrez l&rsquo;\u00e9poque m\u00e9di\u00e9vale et les vestiges arabes dans le ch\u00e2teau et d\u00e9couvrez le pass\u00e9 plus r\u00e9cent au Mus\u00e9e Naturel des Oliviers Mill\u00e9naires \u00e0 Arion. Un ensemble de visites guid\u00e9es pr\u00e8s de La R\u00e0pita pour parcourir l&rsquo;histoire d&rsquo;Ulldecona.<\/p>\n\t\t\t\t\t\t\t\t<\/div>\n\t\t\t\t<\/div>\n\t\t\t\t<div class=\"elementor-element elementor-element-5845d84 elementor-widget elementor-widget-text-editor\" data-id=\"5845d84\" data-element_type=\"widget\" data-e-type=\"widget\" data-widget_type=\"text-editor.default\">\n\t\t\t\t<div class=\"elementor-widget-container\">\n\t\t\t\t\t\t\t\t\t<p>\u00c0 la Station Nautique La R\u00e0pita \u2013 Delta de l&rsquo;\u00c8bre, nous sommes convaincus que nous pouvons devenir votre destination touristique pr\u00e9f\u00e9r\u00e9e et nous pensons \u00e0 tout ce qui rendra votre s\u00e9jour parfait, avec des visites guid\u00e9es, des activit\u00e9s et des exp\u00e9riences pour que vous puissiez choisir et combiner ce qu&rsquo;il faut faire \u00e0 La R\u00e0pita et aussi ce qu&rsquo;il faut visiter pr\u00e8s de La R\u00e0pita.<\/p>\n\t\t\t\t\t\t\t\t<\/div>\n\t\t\t\t<\/div>\n\t\t\t\t\t<\/div>\n\t\t<\/div>\n\t\t\t\t<div class=\"elementor-column elementor-col-50 elementor-top-column elementor-element elementor-element-0a19fc1\" data-id=\"0a19fc1\" data-element_type=\"column\" data-e-type=\"column\">\n\t\t\t<div class=\"elementor-widget-wrap elementor-element-populated\">\n\t\t\t\t\t\t<div class=\"elementor-element elementor-element-4ef552d elementor-widget elementor-widget-image\" data-id=\"4ef552d\" data-element_type=\"widget\" data-e-type=\"widget\" data-widget_type=\"image.default\">\n\t\t\t\t<div class=\"elementor-widget-container\">\n\t\t\t\t\t\t\t\t\t\t\t\t\t\t\t<img decoding=\"async\" width=\"1200\" height=\"583\" src=\"https:\/\/enlarapita.com\/wp-content\/uploads\/2023\/04\/oliveres.jpg\" class=\"attachment-full size-full wp-image-17195\" alt=\"\" srcset=\"https:\/\/enlarapita.com\/wp-content\/uploads\/2023\/04\/oliveres.jpg 1200w, https:\/\/enlarapita.com\/wp-content\/uploads\/2023\/04\/oliveres-300x146.jpg 300w, https:\/\/enlarapita.com\/wp-content\/uploads\/2023\/04\/oliveres-1024x497.jpg 1024w, https:\/\/enlarapita.com\/wp-content\/uploads\/2023\/04\/oliveres-768x373.jpg 768w\" sizes=\"(max-width: 1200px) 100vw, 1200px\" style=\"width:100%;height:48.58%;max-width:1200px\" \/>\t\t\t\t\t\t\t\t\t\t\t\t\t\t\t<\/div>\n\t\t\t\t<\/div>\n\t\t\t\t\t<\/div>\n\t\t<\/div>\n\t\t\t\t\t<\/div>\n\t\t<\/section>\n\t\t\t\t<\/div>\n\t\t","protected":false},"excerpt":{"rendered":"<p>Lieux embl\u00e9matiques \u00e0 voir pr\u00e8s de La R\u00e0pita Si vous cherchez quoi faire ou quoi voir pr\u00e8s de La R\u00e0pita, nous vous pr\u00e9sentons diverses activit\u00e9s et exp\u00e9riences pour d\u00e9couvrir la trajectoire historique et culturelle de certaines des municipalit\u00e9s les plus proches. Des itin\u00e9raires et des activit\u00e9s qui vous permettront de d\u00e9couvrir d&rsquo;o\u00f9 viennent les habitants&hellip; <a class=\"more-link\" href=\"https:\/\/enlarapita.com\/fr\/que-faire-ou-voir\/pres-de-la-rapita\/\">Poursuivre la lecture <span class=\"screen-reader-text\">Que voir pr\u00e8s de la R\u00e0pita<\/span><\/a><\/p>\n","protected":false},"author":1,"featured_media":17188,"parent":6971,"menu_order":0,"comment_status":"closed","ping_status":"closed","template":"page-categories.php","meta":{"_acf_changed":false,"footnotes":""},"class_list":["post-13176","page","type-page","status-publish","has-post-thumbnail","hentry","entry"],"acf":[],"yoast_head":"<!-- This site is optimized with the Yoast SEO plugin v27.4 - https:\/\/yoast.com\/product\/yoast-seo-wordpress\/ -->\n<title>\u00c0 voir \u00e0 proximit\u00e9 de La R\u00e0pita - Terres de l&#039;Ebre<\/title>\n<meta name=\"description\" content=\"Nous vous sugg\u00e9rons ce qu&#039;il faut voir pr\u00e8s de La R\u00e0pita pour que vous puissiez d\u00e9couvrir les traditions, la culture, l&#039;histoire et le patrimoine des Terres de l&#039;Ebre.\" \/>\n<meta name=\"robots\" content=\"index, follow, max-snippet:-1, max-image-preview:large, max-video-preview:-1\" \/>\n<link rel=\"canonical\" href=\"https:\/\/enlarapita.com\/fr\/que-faire-ou-voir\/pres-de-la-rapita\/\" \/>\n<meta property=\"og:locale\" content=\"fr_FR\" \/>\n<meta property=\"og:type\" content=\"article\" \/>\n<meta property=\"og:title\" content=\"\u00c0 voir \u00e0 proximit\u00e9 de La R\u00e0pita - Terres de l&#039;Ebre\" \/>\n<meta property=\"og:description\" content=\"Nous vous sugg\u00e9rons ce qu&#039;il faut voir pr\u00e8s de La R\u00e0pita pour que vous puissiez d\u00e9couvrir les traditions, la culture, l&#039;histoire et le patrimoine des Terres de l&#039;Ebre.\" \/>\n<meta property=\"og:url\" content=\"https:\/\/enlarapita.com\/fr\/que-faire-ou-voir\/pres-de-la-rapita\/\" \/>\n<meta property=\"og:site_name\" content=\"En la R\u00e0pita\" \/>\n<meta property=\"article:modified_time\" content=\"2025-05-13T16:14:19+00:00\" \/>\n<meta property=\"og:image\" content=\"https:\/\/enlarapita.com\/wp-content\/uploads\/2023\/04\/TortosaWEB.jpg\" \/>\n\t<meta property=\"og:image:width\" content=\"1200\" \/>\n\t<meta property=\"og:image:height\" content=\"675\" \/>\n\t<meta property=\"og:image:type\" content=\"image\/jpeg\" \/>\n<meta name=\"twitter:card\" content=\"summary_large_image\" \/>\n<meta name=\"twitter:label1\" content=\"Dur\u00e9e de lecture estim\u00e9e\" \/>\n\t<meta name=\"twitter:data1\" content=\"1 minute\" \/>\n<script type=\"application\/ld+json\" class=\"yoast-schema-graph\">{\"@context\":\"https:\\\/\\\/schema.org\",\"@graph\":[{\"@type\":\"WebPage\",\"@id\":\"https:\\\/\\\/enlarapita.com\\\/fr\\\/que-faire-ou-voir\\\/pres-de-la-rapita\\\/\",\"url\":\"https:\\\/\\\/enlarapita.com\\\/fr\\\/que-faire-ou-voir\\\/pres-de-la-rapita\\\/\",\"name\":\"\u00c0 voir \u00e0 proximit\u00e9 de La R\u00e0pita - Terres de l'Ebre\",\"isPartOf\":{\"@id\":\"https:\\\/\\\/enlarapita.com\\\/fr\\\/#website\"},\"primaryImageOfPage\":{\"@id\":\"https:\\\/\\\/enlarapita.com\\\/fr\\\/que-faire-ou-voir\\\/pres-de-la-rapita\\\/#primaryimage\"},\"image\":{\"@id\":\"https:\\\/\\\/enlarapita.com\\\/fr\\\/que-faire-ou-voir\\\/pres-de-la-rapita\\\/#primaryimage\"},\"thumbnailUrl\":\"https:\\\/\\\/enlarapita.com\\\/wp-content\\\/uploads\\\/2023\\\/04\\\/TortosaWEB.jpg\",\"datePublished\":\"2023-02-08T11:02:20+00:00\",\"dateModified\":\"2025-05-13T16:14:19+00:00\",\"description\":\"Nous vous sugg\u00e9rons ce qu'il faut voir pr\u00e8s de La R\u00e0pita pour que vous puissiez d\u00e9couvrir les traditions, la culture, l'histoire et le patrimoine des Terres de l'Ebre.\",\"breadcrumb\":{\"@id\":\"https:\\\/\\\/enlarapita.com\\\/fr\\\/que-faire-ou-voir\\\/pres-de-la-rapita\\\/#breadcrumb\"},\"inLanguage\":\"fr-FR\",\"potentialAction\":[{\"@type\":\"ReadAction\",\"target\":[\"https:\\\/\\\/enlarapita.com\\\/fr\\\/que-faire-ou-voir\\\/pres-de-la-rapita\\\/\"]}]},{\"@type\":\"ImageObject\",\"inLanguage\":\"fr-FR\",\"@id\":\"https:\\\/\\\/enlarapita.com\\\/fr\\\/que-faire-ou-voir\\\/pres-de-la-rapita\\\/#primaryimage\",\"url\":\"https:\\\/\\\/enlarapita.com\\\/wp-content\\\/uploads\\\/2023\\\/04\\\/TortosaWEB.jpg\",\"contentUrl\":\"https:\\\/\\\/enlarapita.com\\\/wp-content\\\/uploads\\\/2023\\\/04\\\/TortosaWEB.jpg\",\"width\":1200,\"height\":675},{\"@type\":\"BreadcrumbList\",\"@id\":\"https:\\\/\\\/enlarapita.com\\\/fr\\\/que-faire-ou-voir\\\/pres-de-la-rapita\\\/#breadcrumb\",\"itemListElement\":[{\"@type\":\"ListItem\",\"position\":1,\"name\":\"Portada\",\"item\":\"https:\\\/\\\/enlarapita.com\\\/fr\\\/\"},{\"@type\":\"ListItem\",\"position\":2,\"name\":\"Que faire ou voir \u00e0 La Rapita\",\"item\":\"https:\\\/\\\/enlarapita.com\\\/fr\\\/que-faire-ou-voir\\\/\"},{\"@type\":\"ListItem\",\"position\":3,\"name\":\"Que voir pr\u00e8s de la R\u00e0pita\"}]},{\"@type\":\"WebSite\",\"@id\":\"https:\\\/\\\/enlarapita.com\\\/fr\\\/#website\",\"url\":\"https:\\\/\\\/enlarapita.com\\\/fr\\\/\",\"name\":\"En la R\u00e0pita\",\"description\":\"\",\"publisher\":{\"@id\":\"https:\\\/\\\/enlarapita.com\\\/fr\\\/#organization\"},\"potentialAction\":[{\"@type\":\"SearchAction\",\"target\":{\"@type\":\"EntryPoint\",\"urlTemplate\":\"https:\\\/\\\/enlarapita.com\\\/fr\\\/?s={search_term_string}\"},\"query-input\":{\"@type\":\"PropertyValueSpecification\",\"valueRequired\":true,\"valueName\":\"search_term_string\"}}],\"inLanguage\":\"fr-FR\"},{\"@type\":\"Organization\",\"@id\":\"https:\\\/\\\/enlarapita.com\\\/fr\\\/#organization\",\"name\":\"En la R\u00e0pita\",\"url\":\"https:\\\/\\\/enlarapita.com\\\/fr\\\/\",\"logo\":{\"@type\":\"ImageObject\",\"inLanguage\":\"fr-FR\",\"@id\":\"https:\\\/\\\/enlarapita.com\\\/fr\\\/#\\\/schema\\\/logo\\\/image\\\/\",\"url\":\"https:\\\/\\\/enlarapita.com\\\/wp-content\\\/uploads\\\/2021\\\/04\\\/cropped-logo-enlarapita-blau.png\",\"contentUrl\":\"https:\\\/\\\/enlarapita.com\\\/wp-content\\\/uploads\\\/2021\\\/04\\\/cropped-logo-enlarapita-blau.png\",\"width\":130,\"height\":19,\"caption\":\"En la R\u00e0pita\"},\"image\":{\"@id\":\"https:\\\/\\\/enlarapita.com\\\/fr\\\/#\\\/schema\\\/logo\\\/image\\\/\"}}]}<\/script>\n<!-- \/ Yoast SEO plugin. -->","yoast_head_json":{"title":"\u00c0 voir \u00e0 proximit\u00e9 de La R\u00e0pita - Terres de l'Ebre","description":"Nous vous sugg\u00e9rons ce qu'il faut voir pr\u00e8s de La R\u00e0pita pour que vous puissiez d\u00e9couvrir les traditions, la culture, l'histoire et le patrimoine des Terres de l'Ebre.","robots":{"index":"index","follow":"follow","max-snippet":"max-snippet:-1","max-image-preview":"max-image-preview:large","max-video-preview":"max-video-preview:-1"},"canonical":"https:\/\/enlarapita.com\/fr\/que-faire-ou-voir\/pres-de-la-rapita\/","og_locale":"fr_FR","og_type":"article","og_title":"\u00c0 voir \u00e0 proximit\u00e9 de La R\u00e0pita - Terres de l'Ebre","og_description":"Nous vous sugg\u00e9rons ce qu'il faut voir pr\u00e8s de La R\u00e0pita pour que vous puissiez d\u00e9couvrir les traditions, la culture, l'histoire et le patrimoine des Terres de l'Ebre.","og_url":"https:\/\/enlarapita.com\/fr\/que-faire-ou-voir\/pres-de-la-rapita\/","og_site_name":"En la R\u00e0pita","article_modified_time":"2025-05-13T16:14:19+00:00","og_image":[{"width":1200,"height":675,"url":"https:\/\/enlarapita.com\/wp-content\/uploads\/2023\/04\/TortosaWEB.jpg","type":"image\/jpeg"}],"twitter_card":"summary_large_image","twitter_misc":{"Dur\u00e9e de lecture estim\u00e9e":"1 minute"},"schema":{"@context":"https:\/\/schema.org","@graph":[{"@type":"WebPage","@id":"https:\/\/enlarapita.com\/fr\/que-faire-ou-voir\/pres-de-la-rapita\/","url":"https:\/\/enlarapita.com\/fr\/que-faire-ou-voir\/pres-de-la-rapita\/","name":"\u00c0 voir \u00e0 proximit\u00e9 de La R\u00e0pita - Terres de l'Ebre","isPartOf":{"@id":"https:\/\/enlarapita.com\/fr\/#website"},"primaryImageOfPage":{"@id":"https:\/\/enlarapita.com\/fr\/que-faire-ou-voir\/pres-de-la-rapita\/#primaryimage"},"image":{"@id":"https:\/\/enlarapita.com\/fr\/que-faire-ou-voir\/pres-de-la-rapita\/#primaryimage"},"thumbnailUrl":"https:\/\/enlarapita.com\/wp-content\/uploads\/2023\/04\/TortosaWEB.jpg","datePublished":"2023-02-08T11:02:20+00:00","dateModified":"2025-05-13T16:14:19+00:00","description":"Nous vous sugg\u00e9rons ce qu'il faut voir pr\u00e8s de La R\u00e0pita pour que vous puissiez d\u00e9couvrir les traditions, la culture, l'histoire et le patrimoine des Terres de l'Ebre.","breadcrumb":{"@id":"https:\/\/enlarapita.com\/fr\/que-faire-ou-voir\/pres-de-la-rapita\/#breadcrumb"},"inLanguage":"fr-FR","potentialAction":[{"@type":"ReadAction","target":["https:\/\/enlarapita.com\/fr\/que-faire-ou-voir\/pres-de-la-rapita\/"]}]},{"@type":"ImageObject","inLanguage":"fr-FR","@id":"https:\/\/enlarapita.com\/fr\/que-faire-ou-voir\/pres-de-la-rapita\/#primaryimage","url":"https:\/\/enlarapita.com\/wp-content\/uploads\/2023\/04\/TortosaWEB.jpg","contentUrl":"https:\/\/enlarapita.com\/wp-content\/uploads\/2023\/04\/TortosaWEB.jpg","width":1200,"height":675},{"@type":"BreadcrumbList","@id":"https:\/\/enlarapita.com\/fr\/que-faire-ou-voir\/pres-de-la-rapita\/#breadcrumb","itemListElement":[{"@type":"ListItem","position":1,"name":"Portada","item":"https:\/\/enlarapita.com\/fr\/"},{"@type":"ListItem","position":2,"name":"Que faire ou voir \u00e0 La Rapita","item":"https:\/\/enlarapita.com\/fr\/que-faire-ou-voir\/"},{"@type":"ListItem","position":3,"name":"Que voir pr\u00e8s de la R\u00e0pita"}]},{"@type":"WebSite","@id":"https:\/\/enlarapita.com\/fr\/#website","url":"https:\/\/enlarapita.com\/fr\/","name":"En la R\u00e0pita","description":"","publisher":{"@id":"https:\/\/enlarapita.com\/fr\/#organization"},"potentialAction":[{"@type":"SearchAction","target":{"@type":"EntryPoint","urlTemplate":"https:\/\/enlarapita.com\/fr\/?s={search_term_string}"},"query-input":{"@type":"PropertyValueSpecification","valueRequired":true,"valueName":"search_term_string"}}],"inLanguage":"fr-FR"},{"@type":"Organization","@id":"https:\/\/enlarapita.com\/fr\/#organization","name":"En la R\u00e0pita","url":"https:\/\/enlarapita.com\/fr\/","logo":{"@type":"ImageObject","inLanguage":"fr-FR","@id":"https:\/\/enlarapita.com\/fr\/#\/schema\/logo\/image\/","url":"https:\/\/enlarapita.com\/wp-content\/uploads\/2021\/04\/cropped-logo-enlarapita-blau.png","contentUrl":"https:\/\/enlarapita.com\/wp-content\/uploads\/2021\/04\/cropped-logo-enlarapita-blau.png","width":130,"height":19,"caption":"En la R\u00e0pita"},"image":{"@id":"https:\/\/enlarapita.com\/fr\/#\/schema\/logo\/image\/"}}]}},"_links":{"self":[{"href":"https:\/\/enlarapita.com\/fr\/wp-json\/wp\/v2\/pages\/13176","targetHints":{"allow":["GET"]}}],"collection":[{"href":"https:\/\/enlarapita.com\/fr\/wp-json\/wp\/v2\/pages"}],"about":[{"href":"https:\/\/enlarapita.com\/fr\/wp-json\/wp\/v2\/types\/page"}],"author":[{"embeddable":true,"href":"https:\/\/enlarapita.com\/fr\/wp-json\/wp\/v2\/users\/1"}],"replies":[{"embeddable":true,"href":"https:\/\/enlarapita.com\/fr\/wp-json\/wp\/v2\/comments?post=13176"}],"version-history":[{"count":2,"href":"https:\/\/enlarapita.com\/fr\/wp-json\/wp\/v2\/pages\/13176\/revisions"}],"predecessor-version":[{"id":33400,"href":"https:\/\/enlarapita.com\/fr\/wp-json\/wp\/v2\/pages\/13176\/revisions\/33400"}],"up":[{"embeddable":true,"href":"https:\/\/enlarapita.com\/fr\/wp-json\/wp\/v2\/pages\/6971"}],"wp:featuredmedia":[{"embeddable":true,"href":"https:\/\/enlarapita.com\/fr\/wp-json\/wp\/v2\/media\/17188"}],"wp:attachment":[{"href":"https:\/\/enlarapita.com\/fr\/wp-json\/wp\/v2\/media?parent=13176"}],"curies":[{"name":"wp","href":"https:\/\/api.w.org\/{rel}","templated":true}]}}