{"id":12945,"date":"2023-02-06T18:24:42","date_gmt":"2023-02-06T17:24:42","guid":{"rendered":"https:\/\/globals.app\/enlarapita\/logements\/appartements\/"},"modified":"2026-03-08T22:12:30","modified_gmt":"2026-03-08T21:12:30","slug":"appartements","status":"publish","type":"page","link":"https:\/\/enlarapita.com\/fr\/logements\/appartements\/","title":{"rendered":"Appartements"},"content":{"rendered":"\t\t<div data-elementor-type=\"wp-page\" data-elementor-id=\"12945\" class=\"elementor elementor-12945 elementor-12773\" data-elementor-post-type=\"page\">\n\t\t\t\t\t\t<section class=\"elementor-section elementor-top-section elementor-element elementor-element-70d6f1f5 elementor-section-content-middle elementor-section-boxed elementor-section-height-default elementor-section-height-default\" data-id=\"70d6f1f5\" data-element_type=\"section\" data-e-type=\"section\">\n\t\t\t\t\t\t<div class=\"elementor-container elementor-column-gap-default\">\n\t\t\t\t\t<div class=\"elementor-column elementor-col-50 elementor-top-column elementor-element elementor-element-796af685\" data-id=\"796af685\" data-element_type=\"column\" data-e-type=\"column\">\n\t\t\t<div class=\"elementor-widget-wrap elementor-element-populated\">\n\t\t\t\t\t\t<div class=\"elementor-element elementor-element-38497a8c elementor-widget elementor-widget-text-editor\" data-id=\"38497a8c\" data-element_type=\"widget\" data-e-type=\"widget\" data-widget_type=\"text-editor.default\">\n\t\t\t\t<div class=\"elementor-widget-container\">\n\t\t\t\t\t\t\t\t\t<p>Si ce que vous cherchez est de profiter librement de votre s\u00e9jour au Delta de l\u2019\u00c8bre ou \u00e0 La R\u00e0pita, nos appartements totalement \u00e9quip\u00e9s vous permettront de vivre chaque seconde \u00e0 votre mani\u00e8re. Des appartements proches des plages, avec tous les \u00e9quipements n\u00e9cessaires et m\u00eame avec piscine, pour faire de votre exp\u00e9rience parmi nous une exp\u00e9rience compl\u00e8te.<\/p>\n\t\t\t\t\t\t\t\t<\/div>\n\t\t\t\t<\/div>\n\t\t\t\t\t<\/div>\n\t\t<\/div>\n\t\t\t\t<div class=\"elementor-column elementor-col-50 elementor-top-column elementor-element elementor-element-7e67df54\" data-id=\"7e67df54\" data-element_type=\"column\" data-e-type=\"column\">\n\t\t\t<div class=\"elementor-widget-wrap elementor-element-populated\">\n\t\t\t\t\t\t<div class=\"elementor-element elementor-element-2c60d837 elementor-widget elementor-widget-image\" data-id=\"2c60d837\" data-element_type=\"widget\" data-e-type=\"widget\" data-widget_type=\"image.default\">\n\t\t\t\t<div class=\"elementor-widget-container\">\n\t\t\t\t\t\t\t\t\t\t\t\t\t\t\t<img decoding=\"async\" src=\"https:\/\/enlarapita.com\/wp-content\/uploads\/elementor\/thumbs\/Apartament-voramar-11_comprimida-e1773004277926-rk82dlttw38asccwa2lnd7tdjj25b0tjlmztqkhljc.jpg\" title=\"Apartament voramar 11_comprimida\" alt=\"Apartament voramar 11_comprimida\" loading=\"lazy\" \/>\t\t\t\t\t\t\t\t\t\t\t\t\t\t\t<\/div>\n\t\t\t\t<\/div>\n\t\t\t\t\t<\/div>\n\t\t<\/div>\n\t\t\t\t\t<\/div>\n\t\t<\/section>\n\t\t\t\t<\/div>\n\t\t","protected":false},"excerpt":{"rendered":"<p>Si ce que vous cherchez est de profiter librement de votre s\u00e9jour au Delta de l\u2019\u00c8bre ou \u00e0 La R\u00e0pita, nos appartements totalement \u00e9quip\u00e9s vous permettront de vivre chaque seconde \u00e0 votre mani\u00e8re. Des appartements proches des plages, avec tous les \u00e9quipements n\u00e9cessaires et m\u00eame avec piscine, pour faire de votre exp\u00e9rience parmi nous une&hellip; <a class=\"more-link\" href=\"https:\/\/enlarapita.com\/fr\/logements\/appartements\/\">Poursuivre la lecture <span class=\"screen-reader-text\">Appartements<\/span><\/a><\/p>\n","protected":false},"author":1,"featured_media":34307,"parent":6961,"menu_order":0,"comment_status":"closed","ping_status":"closed","template":"page-categories.php","meta":{"_acf_changed":false,"footnotes":""},"class_list":["post-12945","page","type-page","status-publish","has-post-thumbnail","hentry","entry"],"acf":[],"yoast_head":"<!-- This site is optimized with the Yoast SEO plugin v27.4 - https:\/\/yoast.com\/product\/yoast-seo-wordpress\/ -->\n<title>Appartements - En la R\u00e0pita<\/title>\n<meta name=\"robots\" content=\"index, follow, max-snippet:-1, max-image-preview:large, max-video-preview:-1\" \/>\n<link rel=\"canonical\" href=\"https:\/\/enlarapita.com\/fr\/logements\/appartements\/\" \/>\n<meta property=\"og:locale\" content=\"fr_FR\" \/>\n<meta property=\"og:type\" content=\"article\" \/>\n<meta property=\"og:title\" content=\"Appartements - En la R\u00e0pita\" \/>\n<meta property=\"og:description\" content=\"Si ce que vous cherchez est de profiter librement de votre s\u00e9jour au Delta de l\u2019\u00c8bre ou \u00e0 La R\u00e0pita, nos appartements totalement \u00e9quip\u00e9s vous permettront de vivre chaque seconde \u00e0 votre mani\u00e8re. Des appartements proches des plages, avec tous les \u00e9quipements n\u00e9cessaires et m\u00eame avec piscine, pour faire de votre exp\u00e9rience parmi nous une&hellip; Poursuivre la lecture Appartements\" \/>\n<meta property=\"og:url\" content=\"https:\/\/enlarapita.com\/fr\/logements\/appartements\/\" \/>\n<meta property=\"og:site_name\" content=\"En la R\u00e0pita\" \/>\n<meta property=\"article:modified_time\" content=\"2026-03-08T21:12:30+00:00\" \/>\n<meta property=\"og:image\" content=\"https:\/\/enlarapita.com\/wp-content\/uploads\/2026\/03\/Apartament-voramar-11_comprimida-e1773004277926.jpg\" \/>\n\t<meta property=\"og:image:width\" content=\"1533\" \/>\n\t<meta property=\"og:image:height\" content=\"1314\" \/>\n\t<meta property=\"og:image:type\" content=\"image\/jpeg\" \/>\n<meta name=\"twitter:card\" content=\"summary_large_image\" \/>\n<meta name=\"twitter:label1\" content=\"Dur\u00e9e de lecture estim\u00e9e\" \/>\n\t<meta name=\"twitter:data1\" content=\"1 minute\" \/>\n<script type=\"application\/ld+json\" class=\"yoast-schema-graph\">{\"@context\":\"https:\\\/\\\/schema.org\",\"@graph\":[{\"@type\":\"WebPage\",\"@id\":\"https:\\\/\\\/enlarapita.com\\\/fr\\\/logements\\\/appartements\\\/\",\"url\":\"https:\\\/\\\/enlarapita.com\\\/fr\\\/logements\\\/appartements\\\/\",\"name\":\"Appartements - En la R\u00e0pita\",\"isPartOf\":{\"@id\":\"https:\\\/\\\/enlarapita.com\\\/fr\\\/#website\"},\"primaryImageOfPage\":{\"@id\":\"https:\\\/\\\/enlarapita.com\\\/fr\\\/logements\\\/appartements\\\/#primaryimage\"},\"image\":{\"@id\":\"https:\\\/\\\/enlarapita.com\\\/fr\\\/logements\\\/appartements\\\/#primaryimage\"},\"thumbnailUrl\":\"https:\\\/\\\/enlarapita.com\\\/wp-content\\\/uploads\\\/2026\\\/03\\\/Apartament-voramar-11_comprimida-e1773004277926.jpg\",\"datePublished\":\"2023-02-06T17:24:42+00:00\",\"dateModified\":\"2026-03-08T21:12:30+00:00\",\"breadcrumb\":{\"@id\":\"https:\\\/\\\/enlarapita.com\\\/fr\\\/logements\\\/appartements\\\/#breadcrumb\"},\"inLanguage\":\"fr-FR\",\"potentialAction\":[{\"@type\":\"ReadAction\",\"target\":[\"https:\\\/\\\/enlarapita.com\\\/fr\\\/logements\\\/appartements\\\/\"]}]},{\"@type\":\"ImageObject\",\"inLanguage\":\"fr-FR\",\"@id\":\"https:\\\/\\\/enlarapita.com\\\/fr\\\/logements\\\/appartements\\\/#primaryimage\",\"url\":\"https:\\\/\\\/enlarapita.com\\\/wp-content\\\/uploads\\\/2026\\\/03\\\/Apartament-voramar-11_comprimida-e1773004277926.jpg\",\"contentUrl\":\"https:\\\/\\\/enlarapita.com\\\/wp-content\\\/uploads\\\/2026\\\/03\\\/Apartament-voramar-11_comprimida-e1773004277926.jpg\",\"width\":1533,\"height\":1314},{\"@type\":\"BreadcrumbList\",\"@id\":\"https:\\\/\\\/enlarapita.com\\\/fr\\\/logements\\\/appartements\\\/#breadcrumb\",\"itemListElement\":[{\"@type\":\"ListItem\",\"position\":1,\"name\":\"Portada\",\"item\":\"https:\\\/\\\/enlarapita.com\\\/fr\\\/\"},{\"@type\":\"ListItem\",\"position\":2,\"name\":\"Logements\",\"item\":\"https:\\\/\\\/enlarapita.com\\\/fr\\\/logements\\\/\"},{\"@type\":\"ListItem\",\"position\":3,\"name\":\"Appartements\"}]},{\"@type\":\"WebSite\",\"@id\":\"https:\\\/\\\/enlarapita.com\\\/fr\\\/#website\",\"url\":\"https:\\\/\\\/enlarapita.com\\\/fr\\\/\",\"name\":\"En la R\u00e0pita\",\"description\":\"\",\"publisher\":{\"@id\":\"https:\\\/\\\/enlarapita.com\\\/fr\\\/#organization\"},\"potentialAction\":[{\"@type\":\"SearchAction\",\"target\":{\"@type\":\"EntryPoint\",\"urlTemplate\":\"https:\\\/\\\/enlarapita.com\\\/fr\\\/?s={search_term_string}\"},\"query-input\":{\"@type\":\"PropertyValueSpecification\",\"valueRequired\":true,\"valueName\":\"search_term_string\"}}],\"inLanguage\":\"fr-FR\"},{\"@type\":\"Organization\",\"@id\":\"https:\\\/\\\/enlarapita.com\\\/fr\\\/#organization\",\"name\":\"En la R\u00e0pita\",\"url\":\"https:\\\/\\\/enlarapita.com\\\/fr\\\/\",\"logo\":{\"@type\":\"ImageObject\",\"inLanguage\":\"fr-FR\",\"@id\":\"https:\\\/\\\/enlarapita.com\\\/fr\\\/#\\\/schema\\\/logo\\\/image\\\/\",\"url\":\"https:\\\/\\\/enlarapita.com\\\/wp-content\\\/uploads\\\/2021\\\/04\\\/cropped-logo-enlarapita-blau.png\",\"contentUrl\":\"https:\\\/\\\/enlarapita.com\\\/wp-content\\\/uploads\\\/2021\\\/04\\\/cropped-logo-enlarapita-blau.png\",\"width\":130,\"height\":19,\"caption\":\"En la R\u00e0pita\"},\"image\":{\"@id\":\"https:\\\/\\\/enlarapita.com\\\/fr\\\/#\\\/schema\\\/logo\\\/image\\\/\"}}]}<\/script>\n<!-- \/ Yoast SEO plugin. -->","yoast_head_json":{"title":"Appartements - En la R\u00e0pita","robots":{"index":"index","follow":"follow","max-snippet":"max-snippet:-1","max-image-preview":"max-image-preview:large","max-video-preview":"max-video-preview:-1"},"canonical":"https:\/\/enlarapita.com\/fr\/logements\/appartements\/","og_locale":"fr_FR","og_type":"article","og_title":"Appartements - En la R\u00e0pita","og_description":"Si ce que vous cherchez est de profiter librement de votre s\u00e9jour au Delta de l\u2019\u00c8bre ou \u00e0 La R\u00e0pita, nos appartements totalement \u00e9quip\u00e9s vous permettront de vivre chaque seconde \u00e0 votre mani\u00e8re. Des appartements proches des plages, avec tous les \u00e9quipements n\u00e9cessaires et m\u00eame avec piscine, pour faire de votre exp\u00e9rience parmi nous une&hellip; Poursuivre la lecture Appartements","og_url":"https:\/\/enlarapita.com\/fr\/logements\/appartements\/","og_site_name":"En la R\u00e0pita","article_modified_time":"2026-03-08T21:12:30+00:00","og_image":[{"width":1533,"height":1314,"url":"https:\/\/enlarapita.com\/wp-content\/uploads\/2026\/03\/Apartament-voramar-11_comprimida-e1773004277926.jpg","type":"image\/jpeg"}],"twitter_card":"summary_large_image","twitter_misc":{"Dur\u00e9e de lecture estim\u00e9e":"1 minute"},"schema":{"@context":"https:\/\/schema.org","@graph":[{"@type":"WebPage","@id":"https:\/\/enlarapita.com\/fr\/logements\/appartements\/","url":"https:\/\/enlarapita.com\/fr\/logements\/appartements\/","name":"Appartements - En la R\u00e0pita","isPartOf":{"@id":"https:\/\/enlarapita.com\/fr\/#website"},"primaryImageOfPage":{"@id":"https:\/\/enlarapita.com\/fr\/logements\/appartements\/#primaryimage"},"image":{"@id":"https:\/\/enlarapita.com\/fr\/logements\/appartements\/#primaryimage"},"thumbnailUrl":"https:\/\/enlarapita.com\/wp-content\/uploads\/2026\/03\/Apartament-voramar-11_comprimida-e1773004277926.jpg","datePublished":"2023-02-06T17:24:42+00:00","dateModified":"2026-03-08T21:12:30+00:00","breadcrumb":{"@id":"https:\/\/enlarapita.com\/fr\/logements\/appartements\/#breadcrumb"},"inLanguage":"fr-FR","potentialAction":[{"@type":"ReadAction","target":["https:\/\/enlarapita.com\/fr\/logements\/appartements\/"]}]},{"@type":"ImageObject","inLanguage":"fr-FR","@id":"https:\/\/enlarapita.com\/fr\/logements\/appartements\/#primaryimage","url":"https:\/\/enlarapita.com\/wp-content\/uploads\/2026\/03\/Apartament-voramar-11_comprimida-e1773004277926.jpg","contentUrl":"https:\/\/enlarapita.com\/wp-content\/uploads\/2026\/03\/Apartament-voramar-11_comprimida-e1773004277926.jpg","width":1533,"height":1314},{"@type":"BreadcrumbList","@id":"https:\/\/enlarapita.com\/fr\/logements\/appartements\/#breadcrumb","itemListElement":[{"@type":"ListItem","position":1,"name":"Portada","item":"https:\/\/enlarapita.com\/fr\/"},{"@type":"ListItem","position":2,"name":"Logements","item":"https:\/\/enlarapita.com\/fr\/logements\/"},{"@type":"ListItem","position":3,"name":"Appartements"}]},{"@type":"WebSite","@id":"https:\/\/enlarapita.com\/fr\/#website","url":"https:\/\/enlarapita.com\/fr\/","name":"En la R\u00e0pita","description":"","publisher":{"@id":"https:\/\/enlarapita.com\/fr\/#organization"},"potentialAction":[{"@type":"SearchAction","target":{"@type":"EntryPoint","urlTemplate":"https:\/\/enlarapita.com\/fr\/?s={search_term_string}"},"query-input":{"@type":"PropertyValueSpecification","valueRequired":true,"valueName":"search_term_string"}}],"inLanguage":"fr-FR"},{"@type":"Organization","@id":"https:\/\/enlarapita.com\/fr\/#organization","name":"En la R\u00e0pita","url":"https:\/\/enlarapita.com\/fr\/","logo":{"@type":"ImageObject","inLanguage":"fr-FR","@id":"https:\/\/enlarapita.com\/fr\/#\/schema\/logo\/image\/","url":"https:\/\/enlarapita.com\/wp-content\/uploads\/2021\/04\/cropped-logo-enlarapita-blau.png","contentUrl":"https:\/\/enlarapita.com\/wp-content\/uploads\/2021\/04\/cropped-logo-enlarapita-blau.png","width":130,"height":19,"caption":"En la R\u00e0pita"},"image":{"@id":"https:\/\/enlarapita.com\/fr\/#\/schema\/logo\/image\/"}}]}},"_links":{"self":[{"href":"https:\/\/enlarapita.com\/fr\/wp-json\/wp\/v2\/pages\/12945","targetHints":{"allow":["GET"]}}],"collection":[{"href":"https:\/\/enlarapita.com\/fr\/wp-json\/wp\/v2\/pages"}],"about":[{"href":"https:\/\/enlarapita.com\/fr\/wp-json\/wp\/v2\/types\/page"}],"author":[{"embeddable":true,"href":"https:\/\/enlarapita.com\/fr\/wp-json\/wp\/v2\/users\/1"}],"replies":[{"embeddable":true,"href":"https:\/\/enlarapita.com\/fr\/wp-json\/wp\/v2\/comments?post=12945"}],"version-history":[{"count":3,"href":"https:\/\/enlarapita.com\/fr\/wp-json\/wp\/v2\/pages\/12945\/revisions"}],"predecessor-version":[{"id":34323,"href":"https:\/\/enlarapita.com\/fr\/wp-json\/wp\/v2\/pages\/12945\/revisions\/34323"}],"up":[{"embeddable":true,"href":"https:\/\/enlarapita.com\/fr\/wp-json\/wp\/v2\/pages\/6961"}],"wp:featuredmedia":[{"embeddable":true,"href":"https:\/\/enlarapita.com\/fr\/wp-json\/wp\/v2\/media\/34307"}],"wp:attachment":[{"href":"https:\/\/enlarapita.com\/fr\/wp-json\/wp\/v2\/media?parent=12945"}],"curies":[{"name":"wp","href":"https:\/\/api.w.org\/{rel}","templated":true}]}}