{"id":12685,"date":"2023-01-30T16:46:06","date_gmt":"2023-01-30T15:46:06","guid":{"rendered":"https:\/\/globals.app\/enlarapita\/restaurants-a-la-rapita\/"},"modified":"2024-07-20T09:55:45","modified_gmt":"2024-07-20T07:55:45","slug":"restaurants","status":"publish","type":"page","link":"https:\/\/enlarapita.com\/fr\/restaurants\/","title":{"rendered":"Restaurants \u00e0 la R\u00e0pita"},"content":{"rendered":"\t\t<div data-elementor-type=\"wp-page\" data-elementor-id=\"12685\" class=\"elementor elementor-12685 elementor-12665\" data-elementor-post-type=\"page\">\n\t\t\t\t\t\t<section class=\"elementor-section elementor-top-section elementor-element elementor-element-dd62755 elementor-section-boxed elementor-section-height-default elementor-section-height-default\" data-id=\"dd62755\" data-element_type=\"section\" data-e-type=\"section\">\n\t\t\t\t\t\t<div class=\"elementor-container elementor-column-gap-default\">\n\t\t\t\t\t<div class=\"elementor-column elementor-col-100 elementor-top-column elementor-element elementor-element-e1c2522\" data-id=\"e1c2522\" data-element_type=\"column\" data-e-type=\"column\">\n\t\t\t<div class=\"elementor-widget-wrap elementor-element-populated\">\n\t\t\t\t\t\t<div class=\"elementor-element elementor-element-1ddb10c elementor-widget elementor-widget-text-editor\" data-id=\"1ddb10c\" data-element_type=\"widget\" data-e-type=\"widget\" data-widget_type=\"text-editor.default\">\n\t\t\t\t<div class=\"elementor-widget-container\">\n\t\t\t\t\t\t\t\t\tLes Terres de l\u2019\u00c8bre, le Delta et La R\u00e0pita vous proposent tous les restaurants et bars \u00e0 tapas que vous pouvez imaginer. Notre grande vari\u00e9t\u00e9 de menus et de produits de la terre vous permettra de faire votre choix facilement, vous ne pouvez pas vous tromper ! N\u2019h\u00e9sitez pas, nos cuisines vous surprendront avec notre large gamme de produits.\t\t\t\t\t\t\t\t<\/div>\n\t\t\t\t<\/div>\n\t\t\t\t\t<\/div>\n\t\t<\/div>\n\t\t\t\t\t<\/div>\n\t\t<\/section>\n\t\t\t\t<\/div>\n\t\t","protected":false},"excerpt":{"rendered":"<p>Les Terres de l\u2019\u00c8bre, le Delta et La R\u00e0pita vous proposent tous les restaurants et bars \u00e0 tapas que vous pouvez imaginer. Notre grande vari\u00e9t\u00e9 de menus et de produits de la terre vous permettra de faire votre choix facilement, vous ne pouvez pas vous tromper ! N\u2019h\u00e9sitez pas, nos cuisines vous surprendront avec notre&hellip; <a class=\"more-link\" href=\"https:\/\/enlarapita.com\/fr\/restaurants\/\">Poursuivre la lecture <span class=\"screen-reader-text\">Restaurants \u00e0 la R\u00e0pita<\/span><\/a><\/p>\n","protected":false},"author":1,"featured_media":14261,"parent":0,"menu_order":0,"comment_status":"closed","ping_status":"closed","template":"page-categories.php","meta":{"_acf_changed":false,"footnotes":""},"class_list":["post-12685","page","type-page","status-publish","has-post-thumbnail","hentry","entry"],"acf":[],"yoast_head":"<!-- This site is optimized with the Yoast SEO plugin v27.4 - https:\/\/yoast.com\/product\/yoast-seo-wordpress\/ -->\n<title>Restaurants \u00e0 la R\u00e0pita - En la R\u00e0pita<\/title>\n<meta name=\"robots\" content=\"index, follow, max-snippet:-1, max-image-preview:large, max-video-preview:-1\" \/>\n<link rel=\"canonical\" href=\"https:\/\/enlarapita.com\/fr\/restaurants\/\" \/>\n<meta property=\"og:locale\" content=\"fr_FR\" \/>\n<meta property=\"og:type\" content=\"article\" \/>\n<meta property=\"og:title\" content=\"Restaurants \u00e0 la R\u00e0pita - En la R\u00e0pita\" \/>\n<meta property=\"og:description\" content=\"Les Terres de l\u2019\u00c8bre, le Delta et La R\u00e0pita vous proposent tous les restaurants et bars \u00e0 tapas que vous pouvez imaginer. Notre grande vari\u00e9t\u00e9 de menus et de produits de la terre vous permettra de faire votre choix facilement, vous ne pouvez pas vous tromper ! N\u2019h\u00e9sitez pas, nos cuisines vous surprendront avec notre&hellip; Poursuivre la lecture Restaurants \u00e0 la R\u00e0pita\" \/>\n<meta property=\"og:url\" content=\"https:\/\/enlarapita.com\/fr\/restaurants\/\" \/>\n<meta property=\"og:site_name\" content=\"En la R\u00e0pita\" \/>\n<meta property=\"article:modified_time\" content=\"2024-07-20T07:55:45+00:00\" \/>\n<meta property=\"og:image\" content=\"https:\/\/enlarapita.com\/wp-content\/uploads\/2023\/02\/1920x400restaurants.jpg\" \/>\n\t<meta property=\"og:image:width\" content=\"1920\" \/>\n\t<meta property=\"og:image:height\" content=\"400\" \/>\n\t<meta property=\"og:image:type\" content=\"image\/jpeg\" \/>\n<meta name=\"twitter:card\" content=\"summary_large_image\" \/>\n<meta name=\"twitter:label1\" content=\"Dur\u00e9e de lecture estim\u00e9e\" \/>\n\t<meta name=\"twitter:data1\" content=\"1 minute\" \/>\n<script type=\"application\/ld+json\" class=\"yoast-schema-graph\">{\"@context\":\"https:\\\/\\\/schema.org\",\"@graph\":[{\"@type\":\"WebPage\",\"@id\":\"https:\\\/\\\/enlarapita.com\\\/fr\\\/restaurants\\\/\",\"url\":\"https:\\\/\\\/enlarapita.com\\\/fr\\\/restaurants\\\/\",\"name\":\"Restaurants \u00e0 la R\u00e0pita - En la R\u00e0pita\",\"isPartOf\":{\"@id\":\"https:\\\/\\\/enlarapita.com\\\/fr\\\/#website\"},\"primaryImageOfPage\":{\"@id\":\"https:\\\/\\\/enlarapita.com\\\/fr\\\/restaurants\\\/#primaryimage\"},\"image\":{\"@id\":\"https:\\\/\\\/enlarapita.com\\\/fr\\\/restaurants\\\/#primaryimage\"},\"thumbnailUrl\":\"https:\\\/\\\/enlarapita.com\\\/wp-content\\\/uploads\\\/2023\\\/02\\\/1920x400restaurants.jpg\",\"datePublished\":\"2023-01-30T15:46:06+00:00\",\"dateModified\":\"2024-07-20T07:55:45+00:00\",\"breadcrumb\":{\"@id\":\"https:\\\/\\\/enlarapita.com\\\/fr\\\/restaurants\\\/#breadcrumb\"},\"inLanguage\":\"fr-FR\",\"potentialAction\":[{\"@type\":\"ReadAction\",\"target\":[\"https:\\\/\\\/enlarapita.com\\\/fr\\\/restaurants\\\/\"]}]},{\"@type\":\"ImageObject\",\"inLanguage\":\"fr-FR\",\"@id\":\"https:\\\/\\\/enlarapita.com\\\/fr\\\/restaurants\\\/#primaryimage\",\"url\":\"https:\\\/\\\/enlarapita.com\\\/wp-content\\\/uploads\\\/2023\\\/02\\\/1920x400restaurants.jpg\",\"contentUrl\":\"https:\\\/\\\/enlarapita.com\\\/wp-content\\\/uploads\\\/2023\\\/02\\\/1920x400restaurants.jpg\",\"width\":1920,\"height\":400},{\"@type\":\"BreadcrumbList\",\"@id\":\"https:\\\/\\\/enlarapita.com\\\/fr\\\/restaurants\\\/#breadcrumb\",\"itemListElement\":[{\"@type\":\"ListItem\",\"position\":1,\"name\":\"Portada\",\"item\":\"https:\\\/\\\/enlarapita.com\\\/fr\\\/\"},{\"@type\":\"ListItem\",\"position\":2,\"name\":\"Restaurants \u00e0 la R\u00e0pita\"}]},{\"@type\":\"WebSite\",\"@id\":\"https:\\\/\\\/enlarapita.com\\\/fr\\\/#website\",\"url\":\"https:\\\/\\\/enlarapita.com\\\/fr\\\/\",\"name\":\"En la R\u00e0pita\",\"description\":\"\",\"publisher\":{\"@id\":\"https:\\\/\\\/enlarapita.com\\\/fr\\\/#organization\"},\"potentialAction\":[{\"@type\":\"SearchAction\",\"target\":{\"@type\":\"EntryPoint\",\"urlTemplate\":\"https:\\\/\\\/enlarapita.com\\\/fr\\\/?s={search_term_string}\"},\"query-input\":{\"@type\":\"PropertyValueSpecification\",\"valueRequired\":true,\"valueName\":\"search_term_string\"}}],\"inLanguage\":\"fr-FR\"},{\"@type\":\"Organization\",\"@id\":\"https:\\\/\\\/enlarapita.com\\\/fr\\\/#organization\",\"name\":\"En la R\u00e0pita\",\"url\":\"https:\\\/\\\/enlarapita.com\\\/fr\\\/\",\"logo\":{\"@type\":\"ImageObject\",\"inLanguage\":\"fr-FR\",\"@id\":\"https:\\\/\\\/enlarapita.com\\\/fr\\\/#\\\/schema\\\/logo\\\/image\\\/\",\"url\":\"https:\\\/\\\/enlarapita.com\\\/wp-content\\\/uploads\\\/2021\\\/04\\\/cropped-logo-enlarapita-blau.png\",\"contentUrl\":\"https:\\\/\\\/enlarapita.com\\\/wp-content\\\/uploads\\\/2021\\\/04\\\/cropped-logo-enlarapita-blau.png\",\"width\":130,\"height\":19,\"caption\":\"En la R\u00e0pita\"},\"image\":{\"@id\":\"https:\\\/\\\/enlarapita.com\\\/fr\\\/#\\\/schema\\\/logo\\\/image\\\/\"}}]}<\/script>\n<!-- \/ Yoast SEO plugin. -->","yoast_head_json":{"title":"Restaurants \u00e0 la R\u00e0pita - En la R\u00e0pita","robots":{"index":"index","follow":"follow","max-snippet":"max-snippet:-1","max-image-preview":"max-image-preview:large","max-video-preview":"max-video-preview:-1"},"canonical":"https:\/\/enlarapita.com\/fr\/restaurants\/","og_locale":"fr_FR","og_type":"article","og_title":"Restaurants \u00e0 la R\u00e0pita - En la R\u00e0pita","og_description":"Les Terres de l\u2019\u00c8bre, le Delta et La R\u00e0pita vous proposent tous les restaurants et bars \u00e0 tapas que vous pouvez imaginer. Notre grande vari\u00e9t\u00e9 de menus et de produits de la terre vous permettra de faire votre choix facilement, vous ne pouvez pas vous tromper ! N\u2019h\u00e9sitez pas, nos cuisines vous surprendront avec notre&hellip; Poursuivre la lecture Restaurants \u00e0 la R\u00e0pita","og_url":"https:\/\/enlarapita.com\/fr\/restaurants\/","og_site_name":"En la R\u00e0pita","article_modified_time":"2024-07-20T07:55:45+00:00","og_image":[{"width":1920,"height":400,"url":"https:\/\/enlarapita.com\/wp-content\/uploads\/2023\/02\/1920x400restaurants.jpg","type":"image\/jpeg"}],"twitter_card":"summary_large_image","twitter_misc":{"Dur\u00e9e de lecture estim\u00e9e":"1 minute"},"schema":{"@context":"https:\/\/schema.org","@graph":[{"@type":"WebPage","@id":"https:\/\/enlarapita.com\/fr\/restaurants\/","url":"https:\/\/enlarapita.com\/fr\/restaurants\/","name":"Restaurants \u00e0 la R\u00e0pita - En la R\u00e0pita","isPartOf":{"@id":"https:\/\/enlarapita.com\/fr\/#website"},"primaryImageOfPage":{"@id":"https:\/\/enlarapita.com\/fr\/restaurants\/#primaryimage"},"image":{"@id":"https:\/\/enlarapita.com\/fr\/restaurants\/#primaryimage"},"thumbnailUrl":"https:\/\/enlarapita.com\/wp-content\/uploads\/2023\/02\/1920x400restaurants.jpg","datePublished":"2023-01-30T15:46:06+00:00","dateModified":"2024-07-20T07:55:45+00:00","breadcrumb":{"@id":"https:\/\/enlarapita.com\/fr\/restaurants\/#breadcrumb"},"inLanguage":"fr-FR","potentialAction":[{"@type":"ReadAction","target":["https:\/\/enlarapita.com\/fr\/restaurants\/"]}]},{"@type":"ImageObject","inLanguage":"fr-FR","@id":"https:\/\/enlarapita.com\/fr\/restaurants\/#primaryimage","url":"https:\/\/enlarapita.com\/wp-content\/uploads\/2023\/02\/1920x400restaurants.jpg","contentUrl":"https:\/\/enlarapita.com\/wp-content\/uploads\/2023\/02\/1920x400restaurants.jpg","width":1920,"height":400},{"@type":"BreadcrumbList","@id":"https:\/\/enlarapita.com\/fr\/restaurants\/#breadcrumb","itemListElement":[{"@type":"ListItem","position":1,"name":"Portada","item":"https:\/\/enlarapita.com\/fr\/"},{"@type":"ListItem","position":2,"name":"Restaurants \u00e0 la R\u00e0pita"}]},{"@type":"WebSite","@id":"https:\/\/enlarapita.com\/fr\/#website","url":"https:\/\/enlarapita.com\/fr\/","name":"En la R\u00e0pita","description":"","publisher":{"@id":"https:\/\/enlarapita.com\/fr\/#organization"},"potentialAction":[{"@type":"SearchAction","target":{"@type":"EntryPoint","urlTemplate":"https:\/\/enlarapita.com\/fr\/?s={search_term_string}"},"query-input":{"@type":"PropertyValueSpecification","valueRequired":true,"valueName":"search_term_string"}}],"inLanguage":"fr-FR"},{"@type":"Organization","@id":"https:\/\/enlarapita.com\/fr\/#organization","name":"En la R\u00e0pita","url":"https:\/\/enlarapita.com\/fr\/","logo":{"@type":"ImageObject","inLanguage":"fr-FR","@id":"https:\/\/enlarapita.com\/fr\/#\/schema\/logo\/image\/","url":"https:\/\/enlarapita.com\/wp-content\/uploads\/2021\/04\/cropped-logo-enlarapita-blau.png","contentUrl":"https:\/\/enlarapita.com\/wp-content\/uploads\/2021\/04\/cropped-logo-enlarapita-blau.png","width":130,"height":19,"caption":"En la R\u00e0pita"},"image":{"@id":"https:\/\/enlarapita.com\/fr\/#\/schema\/logo\/image\/"}}]}},"_links":{"self":[{"href":"https:\/\/enlarapita.com\/fr\/wp-json\/wp\/v2\/pages\/12685","targetHints":{"allow":["GET"]}}],"collection":[{"href":"https:\/\/enlarapita.com\/fr\/wp-json\/wp\/v2\/pages"}],"about":[{"href":"https:\/\/enlarapita.com\/fr\/wp-json\/wp\/v2\/types\/page"}],"author":[{"embeddable":true,"href":"https:\/\/enlarapita.com\/fr\/wp-json\/wp\/v2\/users\/1"}],"replies":[{"embeddable":true,"href":"https:\/\/enlarapita.com\/fr\/wp-json\/wp\/v2\/comments?post=12685"}],"version-history":[{"count":2,"href":"https:\/\/enlarapita.com\/fr\/wp-json\/wp\/v2\/pages\/12685\/revisions"}],"predecessor-version":[{"id":21370,"href":"https:\/\/enlarapita.com\/fr\/wp-json\/wp\/v2\/pages\/12685\/revisions\/21370"}],"wp:featuredmedia":[{"embeddable":true,"href":"https:\/\/enlarapita.com\/fr\/wp-json\/wp\/v2\/media\/14261"}],"wp:attachment":[{"href":"https:\/\/enlarapita.com\/fr\/wp-json\/wp\/v2\/media?parent=12685"}],"curies":[{"name":"wp","href":"https:\/\/api.w.org\/{rel}","templated":true}]}}