{"id":4225,"date":"2021-06-16T15:24:08","date_gmt":"2021-06-16T15:24:08","guid":{"rendered":"https:\/\/enlarapita.com\/transparencia\/"},"modified":"2024-08-14T16:47:56","modified_gmt":"2024-08-14T14:47:56","slug":"transparencia","status":"publish","type":"page","link":"https:\/\/enlarapita.com\/es\/transparencia\/","title":{"rendered":"Transparencia"},"content":{"rendered":"\t\t<div data-elementor-type=\"wp-page\" data-elementor-id=\"4225\" class=\"elementor elementor-4225 elementor-394\" data-elementor-post-type=\"page\">\n\t\t\t\t\t\t<section class=\"elementor-section elementor-top-section elementor-element elementor-element-bba269a page__general elementor-section-boxed elementor-section-height-default elementor-section-height-default\" data-id=\"bba269a\" data-element_type=\"section\" data-e-type=\"section\">\n\t\t\t\t\t\t<div class=\"elementor-container elementor-column-gap-default\">\n\t\t\t\t\t<div class=\"elementor-column elementor-col-100 elementor-top-column elementor-element elementor-element-dbf8227\" data-id=\"dbf8227\" data-element_type=\"column\" data-e-type=\"column\">\n\t\t\t<div class=\"elementor-widget-wrap elementor-element-populated\">\n\t\t\t\t\t\t<div class=\"elementor-element elementor-element-58a8d453 elementor-widget elementor-widget-heading\" data-id=\"58a8d453\" data-element_type=\"widget\" data-e-type=\"widget\" data-widget_type=\"heading.default\">\n\t\t\t\t<div class=\"elementor-widget-container\">\n\t\t\t\t\t<h1 class=\"elementor-heading-title elementor-size-default\">Transparencia<\/h1>\t\t\t\t<\/div>\n\t\t\t\t<\/div>\n\t\t\t\t<div class=\"elementor-element elementor-element-3a39c95 elementor-widget elementor-widget-text-editor\" data-id=\"3a39c95\" data-element_type=\"widget\" data-e-type=\"widget\" data-widget_type=\"text-editor.default\">\n\t\t\t\t<div class=\"elementor-widget-container\">\n\t\t\t\t\t\t\t\t\t<p>La Estaci\u00f3n N\u00e1utica da publicidad de las informaciones relativas al funcionamiento de la entidad. Por este motivo pod\u00e9is consultar en este portal los siguientes puntos:<\/p>\n\t\t\t\t\t\t\t\t<\/div>\n\t\t\t\t<\/div>\n\t\t\t\t<div class=\"elementor-element elementor-element-c35d05a elementor-widget elementor-widget-heading\" data-id=\"c35d05a\" data-element_type=\"widget\" data-e-type=\"widget\" data-widget_type=\"heading.default\">\n\t\t\t\t<div class=\"elementor-widget-container\">\n\t\t\t\t\t<h3 class=\"elementor-heading-title elementor-size-default\">1. Informaci\u00f3n institucional y organizativa<\/h3>\t\t\t\t<\/div>\n\t\t\t\t<\/div>\n\t\t\t\t<div class=\"elementor-element elementor-element-d8dd301 elementor-widget elementor-widget-text-editor\" data-id=\"d8dd301\" data-element_type=\"widget\" data-e-type=\"widget\" data-widget_type=\"text-editor.default\">\n\t\t\t\t<div class=\"elementor-widget-container\">\n\t\t\t\t\t\t\t\t\t<ul><li>Consultad en <a href=\"https:\/\/enlarapita.com\/wp-content\/uploads\/2023\/04\/13528017_Estatuts_diligenciats_2022.pdf\" target=\"_blank\" rel=\"noopener\">este link los estatutos de la entidad<\/a>, d\u00f3nde encontrar\u00e1s:<ul><li>La misi\u00f3n y las actividades que se desarrollan<\/li><li>La normativa aplicable<\/li><\/ul><\/li><li>Consultad en <a href=\"https:\/\/enlarapita.com\/wp-content\/uploads\/2024\/08\/composicio-junta-directiva2024.pdf\" target=\"_blank\" rel=\"noopener\">este link la composici\u00f3n de la Junta directiva<\/a> de la entidad, d\u00f3nde encontrar\u00e1s:<ul><li>El n\u00famero de registro de la entidad<\/li><li>La composici\u00f3n del \u00f3rgano de gobierno con identificaci\u00f3n nominativa de los miembros y el organigrama de los responsables de direcci\u00f3n.<\/li><\/ul><\/li><\/ul>\t\t\t\t\t\t\t\t<\/div>\n\t\t\t\t<\/div>\n\t\t\t\t<div class=\"elementor-element elementor-element-4ef11e4 elementor-widget elementor-widget-heading\" data-id=\"4ef11e4\" data-element_type=\"widget\" data-e-type=\"widget\" data-widget_type=\"heading.default\">\n\t\t\t\t<div class=\"elementor-widget-container\">\n\t\t\t\t\t<h3 class=\"elementor-heading-title elementor-size-default\">2. Gesti\u00f3n econ\u00f3mica, presupuestaria y patrimonial<\/h3>\t\t\t\t<\/div>\n\t\t\t\t<\/div>\n\t\t\t\t<div class=\"elementor-element elementor-element-01296ad elementor-widget elementor-widget-text-editor\" data-id=\"01296ad\" data-element_type=\"widget\" data-e-type=\"widget\" data-widget_type=\"text-editor.default\">\n\t\t\t\t<div class=\"elementor-widget-container\">\n\t\t\t\t\t\t\t\t\t<ul><li>Consultad <a href=\"https:\/\/enlarapita.com\/wp-content\/uploads\/2024\/08\/Pla-anual-activitats-2024-1.pdf\" target=\"_blank\" rel=\"noopener\">aqu\u00ed el Plan Anual de actividades<\/a><\/li><li>Consultad <a href=\"https:\/\/enlarapita.com\/wp-content\/uploads\/2024\/08\/Cuenta-de-perdidas-y-ganancias-2023-1.pdf\" target=\"_blank\" rel=\"noopener\">las cuentas anuales<\/a> generadas por la gestor\u00eda externa de la Asociaci\u00f3n<\/li><li>Consultad <a href=\"https:\/\/enlarapita.com\/wp-content\/uploads\/2024\/08\/Declaracio_retribucions_2023.pdf\" target=\"_blank\" rel=\"noopener\">aqu\u00ed la retribuci\u00f3n de los \u00f3rganos de direcci\u00f3n -miembros de la Junta Directiva<\/a>&#8211; (cargos no remunerados)<\/li><li>Consultad el <a href=\"https:\/\/enlarapita.com\/wp-content\/uploads\/2024\/08\/Inventari-Patrimoni-2023.pdf\" target=\"_blank\" rel=\"noopener\">inventario del patrimonio de la entidad aqu\u00ed<\/a><\/li><\/ul>\t\t\t\t\t\t\t\t<\/div>\n\t\t\t\t<\/div>\n\t\t\t\t<div class=\"elementor-element elementor-element-b3d4442 elementor-widget elementor-widget-heading\" data-id=\"b3d4442\" data-element_type=\"widget\" data-e-type=\"widget\" data-widget_type=\"heading.default\">\n\t\t\t\t<div class=\"elementor-widget-container\">\n\t\t\t\t\t<h3 class=\"elementor-heading-title elementor-size-default\">3. Gesti\u00f3n administrativa<\/h3>\t\t\t\t<\/div>\n\t\t\t\t<\/div>\n\t\t\t\t<div class=\"elementor-element elementor-element-cdd6226 elementor-widget elementor-widget-text-editor\" data-id=\"cdd6226\" data-element_type=\"widget\" data-e-type=\"widget\" data-widget_type=\"text-editor.default\">\n\t\t\t\t<div class=\"elementor-widget-container\">\n\t\t\t\t\t\t\t\t\t<p>Contratos: el \u00f3rgano responsable de la entidad en materia de contrataci\u00f3n es la Junta Directiva de la entidad<\/p><ul><li>No existen contratos suscritos con administraciones p\u00fablicas hasta la fecha<\/li><li>Convenios: La Estaci\u00f3n N\u00e1utica tiene vigente el siguiente convenio: Convenio de colaboraci\u00f3n con el Ayuntamiento de\u00a0 la R\u00e1pita.<ul><li>Fecha y per\u00edodo de vigencia: del 1 de enero de 2021 al 31 de diciembre de 2025<\/li><li>Partes que lo firman: Ayuntamiento de\u00a0 la R\u00e1pita y Asociaci\u00f3n Estaci\u00f3n N\u00e1utica<\/li><li>Objeto: medidas para la ejecuci\u00f3n y funcionamiento de la Estaci\u00f3n N\u00e1utica<\/li><li>Derechos y obligaciones: el Ayuntamiento aportar\u00e1 la asistencia t\u00e9cnica y las infraestructuras de trabajo, y la Estaci\u00f3n N\u00e1utica realizar\u00e1 acciones de promoci\u00f3n, dinamizaci\u00f3n y desarrollo en el \u00e1mbito del turismo.<\/li><\/ul><\/li><\/ul><ul><li>Ayudas y subvenciones 2021:<ul><li style=\"list-style-type: none;\"><ul><li>Patronato de Turismo de la Diputaci\u00f3n de Tarragona. Promoci\u00f3n y dinamizaci\u00f3n del turismo n\u00e1utico. Importe: 20.000 \u20ac<\/li><li>Ayuntamiento de la R\u00e1pita. Acciones de la campa\u00f1a 2021: 15.000 \u20ac<\/li><li>Generalitat de Catalunya. Consorcio de formaci\u00f3n continua de Catalunya. Medidas de apoyo a las microempresas y personas trabajadoras aut\u00f3nomas para el impulso de proyectos de transformaci\u00f3n digital y de nuevos modelos de negocio y su formaci\u00f3n asociada (en ejecuci\u00f3n 2021). Importe: 54.493,85\u20ac<\/li><li>Generalitat de Catalunya. Consorcio de comercio, artesan\u00eda y moda de Catalunya. Programa de apoyo a la red asociativa de comercio, servicios, artesan\u00eda y moda 2021. Importe: 5.600\u20ac<\/li><\/ul><\/li><\/ul><\/li><li>Ayudas y subvenciones 2022:<ul><li style=\"list-style-type: none;\"><ul><li>Patronato de Turismo de la Diputaci\u00f3n de Tarragona. Promoci\u00f3n y dinamizaci\u00f3n del turismo n\u00e1utico. Importe: 20.000 \u20ac<\/li><li>Ayuntamiento de la R\u00e1pita. Acciones de la campa\u00f1a 2022: 15.000 \u20ac<\/li><li>Generalitat de Catalunya. SOC. Fomento a la contrataci\u00f3n de personas j\u00f3venes en situaci\u00f3n de desempleo. Convocatoria 2021 (en ejecuci\u00f3n 2022-2023). Importe: 17.684,52\u20ac<\/li><li>Patronato de Turismo de la Diputaci\u00f3n de Tarragona. Promoci\u00f3n y dinamizaci\u00f3n del turismo n\u00e1utico. Importe: 20.000 \u20ac<\/li><li>Generalitat de Catalunya. Consorcio de comercio, artesan\u00eda y moda de Catalu\u00f1a. Programa de apoyo a la red asociativa de comercio, servicios, artesan\u00eda y moda 2022. Importe: 9.621,50\u20ac<\/li><\/ul><\/li><\/ul><\/li><\/ul>\t\t\t\t\t\t\t\t<\/div>\n\t\t\t\t<\/div>\n\t\t\t\t<div class=\"elementor-element elementor-element-cd19b81 elementor-widget elementor-widget-text-editor\" data-id=\"cd19b81\" data-element_type=\"widget\" data-e-type=\"widget\" data-widget_type=\"text-editor.default\">\n\t\t\t\t<div class=\"elementor-widget-container\">\n\t\t\t\t\t\t\t\t\t<ul><li>Ayudas y subvenciones 2023:<ul><li style=\"list-style-type: none;\"><ul><li>Patronato de Turismo de la Diputaci\u00f3n de Tarragona. Promoci\u00f3n y dinamizaci\u00f3n del turismo n\u00e1utico. Importe: 20.000\u20ac<\/li><li>\u00a0Ayuntamiento de La R\u00e0pita. Acciones de la campa\u00f1a 2023: 15.000\u20ac\u00a0<\/li><li>Generalitat de Catalu\u00f1a. Consorcio de comercio, artesan\u00eda y moda de Catalu\u00f1a. Programa de apoyo a la red asociativa de comercio, servicios, artesan\u00eda y moda 2023. Importe: 3.271,91\u20ac<\/li><\/ul><\/li><\/ul><\/li><\/ul>\t\t\t\t\t\t\t\t<\/div>\n\t\t\t\t<\/div>\n\t\t\t\t\t<\/div>\n\t\t<\/div>\n\t\t\t\t\t<\/div>\n\t\t<\/section>\n\t\t\t\t<\/div>\n\t\t","protected":false},"excerpt":{"rendered":"<p>Transparencia La Estaci\u00f3n N\u00e1utica da publicidad de las informaciones relativas al funcionamiento de la entidad. Por este motivo pod\u00e9is consultar en este portal los siguientes puntos: 1. Informaci\u00f3n institucional y organizativa Consultad en este link los estatutos de la entidad, d\u00f3nde encontrar\u00e1s: La misi\u00f3n y las actividades que se desarrollan La normativa aplicable Consultad en&hellip; <a class=\"more-link\" href=\"https:\/\/enlarapita.com\/es\/transparencia\/\">Seguir leyendo <span class=\"screen-reader-text\">Transparencia<\/span><\/a><\/p>\n","protected":false},"author":1,"featured_media":0,"parent":0,"menu_order":0,"comment_status":"closed","ping_status":"closed","template":"elementor_header_footer","meta":{"_acf_changed":false,"footnotes":""},"class_list":["post-4225","page","type-page","status-publish","hentry","entry"],"acf":[],"yoast_head":"<!-- This site is optimized with the Yoast SEO plugin v27.3 - https:\/\/yoast.com\/product\/yoast-seo-wordpress\/ -->\n<title>Transparencia - En la R\u00e0pita<\/title>\n<meta name=\"robots\" content=\"index, follow, max-snippet:-1, max-image-preview:large, max-video-preview:-1\" \/>\n<link rel=\"canonical\" href=\"https:\/\/enlarapita.com\/es\/transparencia\/\" \/>\n<meta property=\"og:locale\" content=\"es_ES\" \/>\n<meta property=\"og:type\" content=\"article\" \/>\n<meta property=\"og:title\" content=\"Transparencia - En la R\u00e0pita\" \/>\n<meta property=\"og:description\" content=\"Transparencia La Estaci\u00f3n N\u00e1utica da publicidad de las informaciones relativas al funcionamiento de la entidad. Por este motivo pod\u00e9is consultar en este portal los siguientes puntos: 1. Informaci\u00f3n institucional y organizativa Consultad en este link los estatutos de la entidad, d\u00f3nde encontrar\u00e1s: La misi\u00f3n y las actividades que se desarrollan La normativa aplicable Consultad en&hellip; Seguir leyendo Transparencia\" \/>\n<meta property=\"og:url\" content=\"https:\/\/enlarapita.com\/es\/transparencia\/\" \/>\n<meta property=\"og:site_name\" content=\"En la R\u00e0pita\" \/>\n<meta property=\"article:modified_time\" content=\"2024-08-14T14:47:56+00:00\" \/>\n<meta name=\"twitter:card\" content=\"summary_large_image\" \/>\n<meta name=\"twitter:label1\" content=\"Tiempo de lectura\" \/>\n\t<meta name=\"twitter:data1\" content=\"3 minutos\" \/>\n<script type=\"application\/ld+json\" class=\"yoast-schema-graph\">{\"@context\":\"https:\\\/\\\/schema.org\",\"@graph\":[{\"@type\":\"WebPage\",\"@id\":\"https:\\\/\\\/enlarapita.com\\\/es\\\/transparencia\\\/\",\"url\":\"https:\\\/\\\/enlarapita.com\\\/es\\\/transparencia\\\/\",\"name\":\"Transparencia - En la R\u00e0pita\",\"isPartOf\":{\"@id\":\"https:\\\/\\\/enlarapita.com\\\/es\\\/#website\"},\"datePublished\":\"2021-06-16T15:24:08+00:00\",\"dateModified\":\"2024-08-14T14:47:56+00:00\",\"breadcrumb\":{\"@id\":\"https:\\\/\\\/enlarapita.com\\\/es\\\/transparencia\\\/#breadcrumb\"},\"inLanguage\":\"es\",\"potentialAction\":[{\"@type\":\"ReadAction\",\"target\":[\"https:\\\/\\\/enlarapita.com\\\/es\\\/transparencia\\\/\"]}]},{\"@type\":\"BreadcrumbList\",\"@id\":\"https:\\\/\\\/enlarapita.com\\\/es\\\/transparencia\\\/#breadcrumb\",\"itemListElement\":[{\"@type\":\"ListItem\",\"position\":1,\"name\":\"Portada\",\"item\":\"https:\\\/\\\/enlarapita.com\\\/es\\\/\"},{\"@type\":\"ListItem\",\"position\":2,\"name\":\"Transparencia\"}]},{\"@type\":\"WebSite\",\"@id\":\"https:\\\/\\\/enlarapita.com\\\/es\\\/#website\",\"url\":\"https:\\\/\\\/enlarapita.com\\\/es\\\/\",\"name\":\"En la R\u00e0pita\",\"description\":\"\",\"publisher\":{\"@id\":\"https:\\\/\\\/enlarapita.com\\\/es\\\/#organization\"},\"potentialAction\":[{\"@type\":\"SearchAction\",\"target\":{\"@type\":\"EntryPoint\",\"urlTemplate\":\"https:\\\/\\\/enlarapita.com\\\/es\\\/?s={search_term_string}\"},\"query-input\":{\"@type\":\"PropertyValueSpecification\",\"valueRequired\":true,\"valueName\":\"search_term_string\"}}],\"inLanguage\":\"es\"},{\"@type\":\"Organization\",\"@id\":\"https:\\\/\\\/enlarapita.com\\\/es\\\/#organization\",\"name\":\"En la R\u00e0pita\",\"url\":\"https:\\\/\\\/enlarapita.com\\\/es\\\/\",\"logo\":{\"@type\":\"ImageObject\",\"inLanguage\":\"es\",\"@id\":\"https:\\\/\\\/enlarapita.com\\\/es\\\/#\\\/schema\\\/logo\\\/image\\\/\",\"url\":\"https:\\\/\\\/enlarapita.com\\\/wp-content\\\/uploads\\\/2021\\\/04\\\/cropped-logo-enlarapita-blau.png\",\"contentUrl\":\"https:\\\/\\\/enlarapita.com\\\/wp-content\\\/uploads\\\/2021\\\/04\\\/cropped-logo-enlarapita-blau.png\",\"width\":130,\"height\":19,\"caption\":\"En la R\u00e0pita\"},\"image\":{\"@id\":\"https:\\\/\\\/enlarapita.com\\\/es\\\/#\\\/schema\\\/logo\\\/image\\\/\"}}]}<\/script>\n<!-- \/ Yoast SEO plugin. -->","yoast_head_json":{"title":"Transparencia - En la R\u00e0pita","robots":{"index":"index","follow":"follow","max-snippet":"max-snippet:-1","max-image-preview":"max-image-preview:large","max-video-preview":"max-video-preview:-1"},"canonical":"https:\/\/enlarapita.com\/es\/transparencia\/","og_locale":"es_ES","og_type":"article","og_title":"Transparencia - En la R\u00e0pita","og_description":"Transparencia La Estaci\u00f3n N\u00e1utica da publicidad de las informaciones relativas al funcionamiento de la entidad. Por este motivo pod\u00e9is consultar en este portal los siguientes puntos: 1. Informaci\u00f3n institucional y organizativa Consultad en este link los estatutos de la entidad, d\u00f3nde encontrar\u00e1s: La misi\u00f3n y las actividades que se desarrollan La normativa aplicable Consultad en&hellip; Seguir leyendo Transparencia","og_url":"https:\/\/enlarapita.com\/es\/transparencia\/","og_site_name":"En la R\u00e0pita","article_modified_time":"2024-08-14T14:47:56+00:00","twitter_card":"summary_large_image","twitter_misc":{"Tiempo de lectura":"3 minutos"},"schema":{"@context":"https:\/\/schema.org","@graph":[{"@type":"WebPage","@id":"https:\/\/enlarapita.com\/es\/transparencia\/","url":"https:\/\/enlarapita.com\/es\/transparencia\/","name":"Transparencia - En la R\u00e0pita","isPartOf":{"@id":"https:\/\/enlarapita.com\/es\/#website"},"datePublished":"2021-06-16T15:24:08+00:00","dateModified":"2024-08-14T14:47:56+00:00","breadcrumb":{"@id":"https:\/\/enlarapita.com\/es\/transparencia\/#breadcrumb"},"inLanguage":"es","potentialAction":[{"@type":"ReadAction","target":["https:\/\/enlarapita.com\/es\/transparencia\/"]}]},{"@type":"BreadcrumbList","@id":"https:\/\/enlarapita.com\/es\/transparencia\/#breadcrumb","itemListElement":[{"@type":"ListItem","position":1,"name":"Portada","item":"https:\/\/enlarapita.com\/es\/"},{"@type":"ListItem","position":2,"name":"Transparencia"}]},{"@type":"WebSite","@id":"https:\/\/enlarapita.com\/es\/#website","url":"https:\/\/enlarapita.com\/es\/","name":"En la R\u00e0pita","description":"","publisher":{"@id":"https:\/\/enlarapita.com\/es\/#organization"},"potentialAction":[{"@type":"SearchAction","target":{"@type":"EntryPoint","urlTemplate":"https:\/\/enlarapita.com\/es\/?s={search_term_string}"},"query-input":{"@type":"PropertyValueSpecification","valueRequired":true,"valueName":"search_term_string"}}],"inLanguage":"es"},{"@type":"Organization","@id":"https:\/\/enlarapita.com\/es\/#organization","name":"En la R\u00e0pita","url":"https:\/\/enlarapita.com\/es\/","logo":{"@type":"ImageObject","inLanguage":"es","@id":"https:\/\/enlarapita.com\/es\/#\/schema\/logo\/image\/","url":"https:\/\/enlarapita.com\/wp-content\/uploads\/2021\/04\/cropped-logo-enlarapita-blau.png","contentUrl":"https:\/\/enlarapita.com\/wp-content\/uploads\/2021\/04\/cropped-logo-enlarapita-blau.png","width":130,"height":19,"caption":"En la R\u00e0pita"},"image":{"@id":"https:\/\/enlarapita.com\/es\/#\/schema\/logo\/image\/"}}]}},"_links":{"self":[{"href":"https:\/\/enlarapita.com\/es\/wp-json\/wp\/v2\/pages\/4225","targetHints":{"allow":["GET"]}}],"collection":[{"href":"https:\/\/enlarapita.com\/es\/wp-json\/wp\/v2\/pages"}],"about":[{"href":"https:\/\/enlarapita.com\/es\/wp-json\/wp\/v2\/types\/page"}],"author":[{"embeddable":true,"href":"https:\/\/enlarapita.com\/es\/wp-json\/wp\/v2\/users\/1"}],"replies":[{"embeddable":true,"href":"https:\/\/enlarapita.com\/es\/wp-json\/wp\/v2\/comments?post=4225"}],"version-history":[{"count":30,"href":"https:\/\/enlarapita.com\/es\/wp-json\/wp\/v2\/pages\/4225\/revisions"}],"predecessor-version":[{"id":21670,"href":"https:\/\/enlarapita.com\/es\/wp-json\/wp\/v2\/pages\/4225\/revisions\/21670"}],"wp:attachment":[{"href":"https:\/\/enlarapita.com\/es\/wp-json\/wp\/v2\/media?parent=4225"}],"curies":[{"name":"wp","href":"https:\/\/api.w.org\/{rel}","templated":true}]}}