{"id":4190,"date":"2021-06-16T14:04:29","date_gmt":"2021-06-16T14:04:29","guid":{"rendered":"https:\/\/enlarapita.com\/sostenibilidad\/"},"modified":"2021-06-18T15:27:37","modified_gmt":"2021-06-18T15:27:37","slug":"sostenibilidad","status":"publish","type":"page","link":"https:\/\/enlarapita.com\/es\/sostenibilidad\/","title":{"rendered":"Sostenibilidad"},"content":{"rendered":"\t\t<div data-elementor-type=\"wp-page\" data-elementor-id=\"4190\" class=\"elementor elementor-4190 elementor-4174\" data-elementor-post-type=\"page\">\n\t\t\t\t\t\t<section class=\"elementor-section elementor-top-section elementor-element elementor-element-dd255be page__general elementor-section-boxed elementor-section-height-default elementor-section-height-default\" data-id=\"dd255be\" data-element_type=\"section\" data-e-type=\"section\">\n\t\t\t\t\t\t<div class=\"elementor-container elementor-column-gap-default\">\n\t\t\t\t\t<div class=\"elementor-column elementor-col-100 elementor-top-column elementor-element elementor-element-01a1c73\" data-id=\"01a1c73\" data-element_type=\"column\" data-e-type=\"column\">\n\t\t\t<div class=\"elementor-widget-wrap elementor-element-populated\">\n\t\t\t\t\t\t<div class=\"elementor-element elementor-element-66e7d6d0 elementor-widget elementor-widget-heading\" data-id=\"66e7d6d0\" data-element_type=\"widget\" data-e-type=\"widget\" data-widget_type=\"heading.default\">\n\t\t\t\t<div class=\"elementor-widget-container\">\n\t\t\t\t\t<h1 class=\"elementor-heading-title elementor-size-default\">Sostenibilidad<\/h1>\t\t\t\t<\/div>\n\t\t\t\t<\/div>\n\t\t\t\t<div class=\"elementor-element elementor-element-3f28062 elementor-widget elementor-widget-heading\" data-id=\"3f28062\" data-element_type=\"widget\" data-e-type=\"widget\" data-widget_type=\"heading.default\">\n\t\t\t\t<div class=\"elementor-widget-container\">\n\t\t\t\t\t<h2 class=\"elementor-heading-title elementor-size-default\">Disfruta y reduce tu huella ecol\u00f3gica<\/h2>\t\t\t\t<\/div>\n\t\t\t\t<\/div>\n\t\t\t\t<div class=\"elementor-element elementor-element-bba9165 elementor-widget elementor-widget-heading\" data-id=\"bba9165\" data-element_type=\"widget\" data-e-type=\"widget\" data-widget_type=\"heading.default\">\n\t\t\t\t<div class=\"elementor-widget-container\">\n\t\t\t\t\t<h3 class=\"elementor-heading-title elementor-size-default\">Con tu reserva invierte en sostenibilidad en el Delta de l'Ebre<\/h3>\t\t\t\t<\/div>\n\t\t\t\t<\/div>\n\t\t\t\t<div class=\"elementor-element elementor-element-6f6d045 elementor-widget elementor-widget-text-editor\" data-id=\"6f6d045\" data-element_type=\"widget\" data-e-type=\"widget\" data-widget_type=\"text-editor.default\">\n\t\t\t\t<div class=\"elementor-widget-container\">\n\t\t\t\t\t\t\t\t\t<p>Este es el compromiso de los empresarios asociados a la estaci\u00f3n n\u00e1utica!<\/p>\n\t\t\t\t\t\t\t\t<\/div>\n\t\t\t\t<\/div>\n\t\t\t\t<div class=\"elementor-element elementor-element-8cdd4d4 elementor-widget elementor-widget-text-editor\" data-id=\"8cdd4d4\" data-element_type=\"widget\" data-e-type=\"widget\" data-widget_type=\"text-editor.default\">\n\t\t\t\t<div class=\"elementor-widget-container\">\n\t\t\t\t\t\t\t\t\t<p>Desde el a\u00f1o 2009, y gracias a las personas que han confiado sus reservas tur\u00edsticas a la Estaci\u00f3n N\u00e1utica, llevamos a cabo proyectos con un objetivo doble: la mejora del medio ambiente y la educaci\u00f3n ambiental. Proyectos que trabajamos juntos con las entidades sociales y ambientales del delta del Ebro: el parque Natural, la Universidad Rovira y Virgili, l\u2019IES dels Alfacs i la Asociaci\u00f3n de Voluntarios del Parque Natural, entre otros.<\/p>\n\t\t\t\t\t\t\t\t<\/div>\n\t\t\t\t<\/div>\n\t\t\t\t<div class=\"elementor-element elementor-element-d97a721 elementor-widget elementor-widget-text-editor\" data-id=\"d97a721\" data-element_type=\"widget\" data-e-type=\"widget\" data-widget_type=\"text-editor.default\">\n\t\t\t\t<div class=\"elementor-widget-container\">\n\t\t\t\t\t\t\t\t\t<p><strong>A\u00f1o 2016<\/strong>: Limpieza con entrada v\u00eda mar\u00edtima de las playas a la Punta de la Banya (Zona exterior Punta Corballera), con los voluntarios del parque natural.<\/p>\n<p><strong>A\u00f1o 2015<\/strong>: Limpieza con entrada v\u00eda mar\u00edtima de las playas a la Punta de la Banya (Zona exterior Punta Corbellera), con voluntarios del parque Natural.<\/p>\n<p><strong>A\u00f1o 2014<\/strong>: Plantada de lirios amarillos en los entornos del mirador de Patrau, laguna de la Encanyissada.<\/p>\n<p><strong>A\u00f1o 2013<\/strong>: Gincana de educaci\u00f3n ambiental por la R\u00e0pita y plantada de \u00e1rboles aut\u00f3ctonos al entorno portuario.<\/p>\n<p><strong>A\u00f1o 2012<\/strong>: Plantada de \u00e1rboles aut\u00f3ctonos al entorno de la laguna de l&#8217;Encanyissada.<\/p>\n<p><strong>A\u00f1o 2011<\/strong>: Plantada de \u00e1rboles aut\u00f2ctonos a la zona de Patrau<\/p>\n<p><strong>A\u00f1o 2010<\/strong>: Jornada divulgativa de Medio Ambiente, instalaci\u00f3n de paneles divulgativos, obtenci\u00f3n certificaci\u00f3n punto de informaci\u00f3n del Parque Natural del Delta.<\/p>\n<p><strong>A\u00f1o 2009<\/strong>: Signatura del Compromiso por el Turismo Sostenible de la Estaci\u00f3n N\u00e1utica i I Jornada Ambiental.<\/p>\n\t\t\t\t\t\t\t\t<\/div>\n\t\t\t\t<\/div>\n\t\t\t\t\t<\/div>\n\t\t<\/div>\n\t\t\t\t\t<\/div>\n\t\t<\/section>\n\t\t\t\t<\/div>\n\t\t","protected":false},"excerpt":{"rendered":"<p>Sostenibilidad Disfruta y reduce tu huella ecol\u00f3gica Con tu reserva invierte en sostenibilidad en el Delta de l&#8217;Ebre Este es el compromiso de los empresarios asociados a la estaci\u00f3n n\u00e1utica! Desde el a\u00f1o 2009, y gracias a las personas que han confiado sus reservas tur\u00edsticas a la Estaci\u00f3n N\u00e1utica, llevamos a cabo proyectos con un&hellip; <a class=\"more-link\" href=\"https:\/\/enlarapita.com\/es\/sostenibilidad\/\">Seguir leyendo <span class=\"screen-reader-text\">Sostenibilidad<\/span><\/a><\/p>\n","protected":false},"author":1,"featured_media":0,"parent":0,"menu_order":0,"comment_status":"closed","ping_status":"closed","template":"elementor_header_footer","meta":{"_acf_changed":false,"footnotes":""},"class_list":["post-4190","page","type-page","status-publish","hentry","entry"],"acf":[],"yoast_head":"<!-- This site is optimized with the Yoast SEO plugin v27.4 - https:\/\/yoast.com\/product\/yoast-seo-wordpress\/ -->\n<title>Sostenibilidad - En la R\u00e0pita<\/title>\n<meta name=\"robots\" content=\"index, follow, max-snippet:-1, max-image-preview:large, max-video-preview:-1\" \/>\n<link rel=\"canonical\" href=\"https:\/\/enlarapita.com\/es\/sostenibilidad\/\" \/>\n<meta property=\"og:locale\" content=\"es_ES\" \/>\n<meta property=\"og:type\" content=\"article\" \/>\n<meta property=\"og:title\" content=\"Sostenibilidad - En la R\u00e0pita\" \/>\n<meta property=\"og:description\" content=\"Sostenibilidad Disfruta y reduce tu huella ecol\u00f3gica Con tu reserva invierte en sostenibilidad en el Delta de l&#8217;Ebre Este es el compromiso de los empresarios asociados a la estaci\u00f3n n\u00e1utica! Desde el a\u00f1o 2009, y gracias a las personas que han confiado sus reservas tur\u00edsticas a la Estaci\u00f3n N\u00e1utica, llevamos a cabo proyectos con un&hellip; Seguir leyendo Sostenibilidad\" \/>\n<meta property=\"og:url\" content=\"https:\/\/enlarapita.com\/es\/sostenibilidad\/\" \/>\n<meta property=\"og:site_name\" content=\"En la R\u00e0pita\" \/>\n<meta property=\"article:modified_time\" content=\"2021-06-18T15:27:37+00:00\" \/>\n<meta name=\"twitter:card\" content=\"summary_large_image\" \/>\n<meta name=\"twitter:label1\" content=\"Tiempo de lectura\" \/>\n\t<meta name=\"twitter:data1\" content=\"1 minuto\" \/>\n<script type=\"application\/ld+json\" class=\"yoast-schema-graph\">{\"@context\":\"https:\\\/\\\/schema.org\",\"@graph\":[{\"@type\":\"WebPage\",\"@id\":\"https:\\\/\\\/enlarapita.com\\\/es\\\/sostenibilidad\\\/\",\"url\":\"https:\\\/\\\/enlarapita.com\\\/es\\\/sostenibilidad\\\/\",\"name\":\"Sostenibilidad - En la R\u00e0pita\",\"isPartOf\":{\"@id\":\"https:\\\/\\\/enlarapita.com\\\/es\\\/#website\"},\"datePublished\":\"2021-06-16T14:04:29+00:00\",\"dateModified\":\"2021-06-18T15:27:37+00:00\",\"breadcrumb\":{\"@id\":\"https:\\\/\\\/enlarapita.com\\\/es\\\/sostenibilidad\\\/#breadcrumb\"},\"inLanguage\":\"es\",\"potentialAction\":[{\"@type\":\"ReadAction\",\"target\":[\"https:\\\/\\\/enlarapita.com\\\/es\\\/sostenibilidad\\\/\"]}]},{\"@type\":\"BreadcrumbList\",\"@id\":\"https:\\\/\\\/enlarapita.com\\\/es\\\/sostenibilidad\\\/#breadcrumb\",\"itemListElement\":[{\"@type\":\"ListItem\",\"position\":1,\"name\":\"Portada\",\"item\":\"https:\\\/\\\/enlarapita.com\\\/es\\\/\"},{\"@type\":\"ListItem\",\"position\":2,\"name\":\"Sostenibilidad\"}]},{\"@type\":\"WebSite\",\"@id\":\"https:\\\/\\\/enlarapita.com\\\/es\\\/#website\",\"url\":\"https:\\\/\\\/enlarapita.com\\\/es\\\/\",\"name\":\"En la R\u00e0pita\",\"description\":\"\",\"publisher\":{\"@id\":\"https:\\\/\\\/enlarapita.com\\\/es\\\/#organization\"},\"potentialAction\":[{\"@type\":\"SearchAction\",\"target\":{\"@type\":\"EntryPoint\",\"urlTemplate\":\"https:\\\/\\\/enlarapita.com\\\/es\\\/?s={search_term_string}\"},\"query-input\":{\"@type\":\"PropertyValueSpecification\",\"valueRequired\":true,\"valueName\":\"search_term_string\"}}],\"inLanguage\":\"es\"},{\"@type\":\"Organization\",\"@id\":\"https:\\\/\\\/enlarapita.com\\\/es\\\/#organization\",\"name\":\"En la R\u00e0pita\",\"url\":\"https:\\\/\\\/enlarapita.com\\\/es\\\/\",\"logo\":{\"@type\":\"ImageObject\",\"inLanguage\":\"es\",\"@id\":\"https:\\\/\\\/enlarapita.com\\\/es\\\/#\\\/schema\\\/logo\\\/image\\\/\",\"url\":\"https:\\\/\\\/enlarapita.com\\\/wp-content\\\/uploads\\\/2021\\\/04\\\/cropped-logo-enlarapita-blau.png\",\"contentUrl\":\"https:\\\/\\\/enlarapita.com\\\/wp-content\\\/uploads\\\/2021\\\/04\\\/cropped-logo-enlarapita-blau.png\",\"width\":130,\"height\":19,\"caption\":\"En la R\u00e0pita\"},\"image\":{\"@id\":\"https:\\\/\\\/enlarapita.com\\\/es\\\/#\\\/schema\\\/logo\\\/image\\\/\"}}]}<\/script>\n<!-- \/ Yoast SEO plugin. -->","yoast_head_json":{"title":"Sostenibilidad - En la R\u00e0pita","robots":{"index":"index","follow":"follow","max-snippet":"max-snippet:-1","max-image-preview":"max-image-preview:large","max-video-preview":"max-video-preview:-1"},"canonical":"https:\/\/enlarapita.com\/es\/sostenibilidad\/","og_locale":"es_ES","og_type":"article","og_title":"Sostenibilidad - En la R\u00e0pita","og_description":"Sostenibilidad Disfruta y reduce tu huella ecol\u00f3gica Con tu reserva invierte en sostenibilidad en el Delta de l&#8217;Ebre Este es el compromiso de los empresarios asociados a la estaci\u00f3n n\u00e1utica! Desde el a\u00f1o 2009, y gracias a las personas que han confiado sus reservas tur\u00edsticas a la Estaci\u00f3n N\u00e1utica, llevamos a cabo proyectos con un&hellip; Seguir leyendo Sostenibilidad","og_url":"https:\/\/enlarapita.com\/es\/sostenibilidad\/","og_site_name":"En la R\u00e0pita","article_modified_time":"2021-06-18T15:27:37+00:00","twitter_card":"summary_large_image","twitter_misc":{"Tiempo de lectura":"1 minuto"},"schema":{"@context":"https:\/\/schema.org","@graph":[{"@type":"WebPage","@id":"https:\/\/enlarapita.com\/es\/sostenibilidad\/","url":"https:\/\/enlarapita.com\/es\/sostenibilidad\/","name":"Sostenibilidad - En la R\u00e0pita","isPartOf":{"@id":"https:\/\/enlarapita.com\/es\/#website"},"datePublished":"2021-06-16T14:04:29+00:00","dateModified":"2021-06-18T15:27:37+00:00","breadcrumb":{"@id":"https:\/\/enlarapita.com\/es\/sostenibilidad\/#breadcrumb"},"inLanguage":"es","potentialAction":[{"@type":"ReadAction","target":["https:\/\/enlarapita.com\/es\/sostenibilidad\/"]}]},{"@type":"BreadcrumbList","@id":"https:\/\/enlarapita.com\/es\/sostenibilidad\/#breadcrumb","itemListElement":[{"@type":"ListItem","position":1,"name":"Portada","item":"https:\/\/enlarapita.com\/es\/"},{"@type":"ListItem","position":2,"name":"Sostenibilidad"}]},{"@type":"WebSite","@id":"https:\/\/enlarapita.com\/es\/#website","url":"https:\/\/enlarapita.com\/es\/","name":"En la R\u00e0pita","description":"","publisher":{"@id":"https:\/\/enlarapita.com\/es\/#organization"},"potentialAction":[{"@type":"SearchAction","target":{"@type":"EntryPoint","urlTemplate":"https:\/\/enlarapita.com\/es\/?s={search_term_string}"},"query-input":{"@type":"PropertyValueSpecification","valueRequired":true,"valueName":"search_term_string"}}],"inLanguage":"es"},{"@type":"Organization","@id":"https:\/\/enlarapita.com\/es\/#organization","name":"En la R\u00e0pita","url":"https:\/\/enlarapita.com\/es\/","logo":{"@type":"ImageObject","inLanguage":"es","@id":"https:\/\/enlarapita.com\/es\/#\/schema\/logo\/image\/","url":"https:\/\/enlarapita.com\/wp-content\/uploads\/2021\/04\/cropped-logo-enlarapita-blau.png","contentUrl":"https:\/\/enlarapita.com\/wp-content\/uploads\/2021\/04\/cropped-logo-enlarapita-blau.png","width":130,"height":19,"caption":"En la R\u00e0pita"},"image":{"@id":"https:\/\/enlarapita.com\/es\/#\/schema\/logo\/image\/"}}]}},"_links":{"self":[{"href":"https:\/\/enlarapita.com\/es\/wp-json\/wp\/v2\/pages\/4190","targetHints":{"allow":["GET"]}}],"collection":[{"href":"https:\/\/enlarapita.com\/es\/wp-json\/wp\/v2\/pages"}],"about":[{"href":"https:\/\/enlarapita.com\/es\/wp-json\/wp\/v2\/types\/page"}],"author":[{"embeddable":true,"href":"https:\/\/enlarapita.com\/es\/wp-json\/wp\/v2\/users\/1"}],"replies":[{"embeddable":true,"href":"https:\/\/enlarapita.com\/es\/wp-json\/wp\/v2\/comments?post=4190"}],"version-history":[{"count":0,"href":"https:\/\/enlarapita.com\/es\/wp-json\/wp\/v2\/pages\/4190\/revisions"}],"wp:attachment":[{"href":"https:\/\/enlarapita.com\/es\/wp-json\/wp\/v2\/media?parent=4190"}],"curies":[{"name":"wp","href":"https:\/\/api.w.org\/{rel}","templated":true}]}}