{"id":4147,"date":"2021-06-16T10:12:33","date_gmt":"2021-06-16T10:12:33","guid":{"rendered":"https:\/\/enlarapita.com\/covid-19\/"},"modified":"2024-09-09T09:47:49","modified_gmt":"2024-09-09T07:47:49","slug":"covid-19","status":"publish","type":"page","link":"https:\/\/enlarapita.com\/es\/covid-19\/","title":{"rendered":"Covid-19"},"content":{"rendered":"\t\t<div data-elementor-type=\"wp-page\" data-elementor-id=\"4147\" class=\"elementor elementor-4147 elementor-4127\" data-elementor-post-type=\"page\">\n\t\t\t\t\t\t<section class=\"elementor-section elementor-top-section elementor-element elementor-element-b252042 page__general elementor-section-boxed elementor-section-height-default elementor-section-height-default\" data-id=\"b252042\" data-element_type=\"section\" data-e-type=\"section\">\n\t\t\t\t\t\t<div class=\"elementor-container elementor-column-gap-default\">\n\t\t\t\t\t<div class=\"elementor-column elementor-col-100 elementor-top-column elementor-element elementor-element-71e68c3\" data-id=\"71e68c3\" data-element_type=\"column\" data-e-type=\"column\">\n\t\t\t<div class=\"elementor-widget-wrap elementor-element-populated\">\n\t\t\t\t\t\t<div class=\"elementor-element elementor-element-6d6ffd4 elementor-widget elementor-widget-heading\" data-id=\"6d6ffd4\" data-element_type=\"widget\" data-e-type=\"widget\" data-widget_type=\"heading.default\">\n\t\t\t\t<div class=\"elementor-widget-container\">\n\t\t\t\t\t<h1 class=\"elementor-heading-title elementor-size-default\">Covid-19<\/h1>\t\t\t\t<\/div>\n\t\t\t\t<\/div>\n\t\t\t\t<div class=\"elementor-element elementor-element-933db72 elementor-widget elementor-widget-text-editor\" data-id=\"933db72\" data-element_type=\"widget\" data-e-type=\"widget\" data-widget_type=\"text-editor.default\">\n\t\t\t\t<div class=\"elementor-widget-container\">\n\t\t\t\t\t\t\t\t\t<p><strong>Consejos de viaje frente al Covid-19<\/strong><\/p><p>Trabajamos para que vuestro viaje sea un \u00e9xito de principio a fin. Es por ello que adem\u00e1s de preocuparnos de que vuestra estancia en nuestro territorio sea inolvidable, tambi\u00e9n nos preocupamos de que se cumplan todas las garant\u00edas de salud y seguridad para que no os teng\u00e1is que preocupar por nada.<\/p><p><strong>Disfrutemos de los espacios p\u00fablicos con seguridad<\/strong><br \/>En la R\u00e0pita, disfrutamos de playas extensas que pueden acoger numerosas personas manteniendo la distancia social. Adem\u00e1s velaremos para que los usuarios de las playas mantengan la distancia de seguridad y no se sobrepase la capacidad de aforo de las playas. Hay que a\u00f1adir que disponemos de las inmensas y v\u00edrgenes playas del delta del Ebro, ya conocidas por los grandes espacios que hay entre los ba\u00f1istas. La bah\u00eda de los Alfacs tambi\u00e9n os permitir\u00e1 realizar paseos en barca y practicar infinidad de deportes n\u00e1uticos de todos los niveles en la intimidad de vuestra familia y amigos, o con grupos de personas muy reducidos.<\/p><p>Adem\u00e1s, las Terres de l\u2019Ebre son un territorio rural con grandes espacios abiertos y poca densidad de poblaci\u00f3n que os permitir\u00e1 el disfrute de la naturaleza y la cultura, la observaci\u00f3n de aves, la degustaci\u00f3n de gastronom\u00eda y la pr\u00e1ctica de deportes sin entrar en contacto con muchas personas.<\/p><p><strong>Unos servicios y espacios seguros<\/strong><br \/>Los bares y restaurantes siguen estrictos protocolos de limpieza y seguridad. Adem\u00e1s, los espacios de uso p\u00fablico de los locales y sus elementos son limpiados y desinfectados con mucha frecuencia, siguiendo la normativa de prevenci\u00f3n del Covid-19.<\/p><p>Del mismo modo, los alojamientos del municipio han incrementado las medidas de higiene para garantizar que tanto los espacios privados como los comunes sean seguros.<\/p><p>Los comercios\u00a0 la R\u00e0pita han recibido formaci\u00f3n sobre medidas de prevenci\u00f3n del Covid-19. El espacio interior de los locales se ha adaptado para que los clientes puedan mantener la distancia c\u00f3modamente. Adem\u00e1s los locales deben respetar el aforo m\u00e1ximo y disponen de geles desinfectantes para el uso de sus clientes.<\/p><p>Los servicios p\u00fablicos ofrecidos en el municipio de la R\u00e0pita, tales como la oficina de turismo, la biblioteca, correos, el ayuntamiento, etc., cumplen con unos protocolos estrictos de distanciamiento social y limpieza constante para que los ciudadanos puedan hacer uso de estos servicios con total seguridad. Adem\u00e1s se han puesto en marcha una serie de facilidades para poder hacer demandas y tr\u00e1mites online:<\/p><p>Servicio de informaci\u00f3n tur\u00edstica por WhatsApp: 607 08 01 38<\/p><p><a href=\"https:\/\/tramits.larapita.cat\/Carpeta\/\" target=\"_blank\" rel=\"noopener\">Tr\u00e1mites online en el ayuntamiento con y sin certificado<\/a><\/p><p><a href=\"https:\/\/www.correos.es\/ss\/Satellite\/site\/pagina-online_cartas_documentos\/sidioma=ca_ES\" target=\"_blank\" rel=\"noopener\">Servicios de correos online<\/a><\/p><p>\u00a0<\/p>\t\t\t\t\t\t\t\t<\/div>\n\t\t\t\t<\/div>\n\t\t\t\t\t<\/div>\n\t\t<\/div>\n\t\t\t\t\t<\/div>\n\t\t<\/section>\n\t\t\t\t<\/div>\n\t\t","protected":false},"excerpt":{"rendered":"<p>Covid-19 Consejos de viaje frente al Covid-19 Trabajamos para que vuestro viaje sea un \u00e9xito de principio a fin. Es por ello que adem\u00e1s de preocuparnos de que vuestra estancia en nuestro territorio sea inolvidable, tambi\u00e9n nos preocupamos de que se cumplan todas las garant\u00edas de salud y seguridad para que no os teng\u00e1is que&hellip; <a class=\"more-link\" href=\"https:\/\/enlarapita.com\/es\/covid-19\/\">Seguir leyendo <span class=\"screen-reader-text\">Covid-19<\/span><\/a><\/p>\n","protected":false},"author":1,"featured_media":0,"parent":0,"menu_order":0,"comment_status":"closed","ping_status":"closed","template":"elementor_header_footer","meta":{"_acf_changed":false,"footnotes":""},"class_list":["post-4147","page","type-page","status-publish","hentry","entry"],"acf":[],"yoast_head":"<!-- This site is optimized with the Yoast SEO plugin v27.4 - https:\/\/yoast.com\/product\/yoast-seo-wordpress\/ -->\n<title>Covid-19 - En la R\u00e0pita<\/title>\n<meta name=\"robots\" content=\"index, follow, max-snippet:-1, max-image-preview:large, max-video-preview:-1\" \/>\n<link rel=\"canonical\" href=\"https:\/\/enlarapita.com\/es\/covid-19\/\" \/>\n<meta property=\"og:locale\" content=\"es_ES\" \/>\n<meta property=\"og:type\" content=\"article\" \/>\n<meta property=\"og:title\" content=\"Covid-19 - En la R\u00e0pita\" \/>\n<meta property=\"og:description\" content=\"Covid-19 Consejos de viaje frente al Covid-19 Trabajamos para que vuestro viaje sea un \u00e9xito de principio a fin. Es por ello que adem\u00e1s de preocuparnos de que vuestra estancia en nuestro territorio sea inolvidable, tambi\u00e9n nos preocupamos de que se cumplan todas las garant\u00edas de salud y seguridad para que no os teng\u00e1is que&hellip; Seguir leyendo Covid-19\" \/>\n<meta property=\"og:url\" content=\"https:\/\/enlarapita.com\/es\/covid-19\/\" \/>\n<meta property=\"og:site_name\" content=\"En la R\u00e0pita\" \/>\n<meta property=\"article:modified_time\" content=\"2024-09-09T07:47:49+00:00\" \/>\n<meta name=\"twitter:card\" content=\"summary_large_image\" \/>\n<meta name=\"twitter:label1\" content=\"Tiempo de lectura\" \/>\n\t<meta name=\"twitter:data1\" content=\"2 minutos\" \/>\n<script type=\"application\/ld+json\" class=\"yoast-schema-graph\">{\"@context\":\"https:\\\/\\\/schema.org\",\"@graph\":[{\"@type\":\"WebPage\",\"@id\":\"https:\\\/\\\/enlarapita.com\\\/es\\\/covid-19\\\/\",\"url\":\"https:\\\/\\\/enlarapita.com\\\/es\\\/covid-19\\\/\",\"name\":\"Covid-19 - En la R\u00e0pita\",\"isPartOf\":{\"@id\":\"https:\\\/\\\/enlarapita.com\\\/es\\\/#website\"},\"datePublished\":\"2021-06-16T10:12:33+00:00\",\"dateModified\":\"2024-09-09T07:47:49+00:00\",\"breadcrumb\":{\"@id\":\"https:\\\/\\\/enlarapita.com\\\/es\\\/covid-19\\\/#breadcrumb\"},\"inLanguage\":\"es\",\"potentialAction\":[{\"@type\":\"ReadAction\",\"target\":[\"https:\\\/\\\/enlarapita.com\\\/es\\\/covid-19\\\/\"]}]},{\"@type\":\"BreadcrumbList\",\"@id\":\"https:\\\/\\\/enlarapita.com\\\/es\\\/covid-19\\\/#breadcrumb\",\"itemListElement\":[{\"@type\":\"ListItem\",\"position\":1,\"name\":\"Portada\",\"item\":\"https:\\\/\\\/enlarapita.com\\\/es\\\/\"},{\"@type\":\"ListItem\",\"position\":2,\"name\":\"Covid-19\"}]},{\"@type\":\"WebSite\",\"@id\":\"https:\\\/\\\/enlarapita.com\\\/es\\\/#website\",\"url\":\"https:\\\/\\\/enlarapita.com\\\/es\\\/\",\"name\":\"En la R\u00e0pita\",\"description\":\"\",\"publisher\":{\"@id\":\"https:\\\/\\\/enlarapita.com\\\/es\\\/#organization\"},\"potentialAction\":[{\"@type\":\"SearchAction\",\"target\":{\"@type\":\"EntryPoint\",\"urlTemplate\":\"https:\\\/\\\/enlarapita.com\\\/es\\\/?s={search_term_string}\"},\"query-input\":{\"@type\":\"PropertyValueSpecification\",\"valueRequired\":true,\"valueName\":\"search_term_string\"}}],\"inLanguage\":\"es\"},{\"@type\":\"Organization\",\"@id\":\"https:\\\/\\\/enlarapita.com\\\/es\\\/#organization\",\"name\":\"En la R\u00e0pita\",\"url\":\"https:\\\/\\\/enlarapita.com\\\/es\\\/\",\"logo\":{\"@type\":\"ImageObject\",\"inLanguage\":\"es\",\"@id\":\"https:\\\/\\\/enlarapita.com\\\/es\\\/#\\\/schema\\\/logo\\\/image\\\/\",\"url\":\"https:\\\/\\\/enlarapita.com\\\/wp-content\\\/uploads\\\/2021\\\/04\\\/cropped-logo-enlarapita-blau.png\",\"contentUrl\":\"https:\\\/\\\/enlarapita.com\\\/wp-content\\\/uploads\\\/2021\\\/04\\\/cropped-logo-enlarapita-blau.png\",\"width\":130,\"height\":19,\"caption\":\"En la R\u00e0pita\"},\"image\":{\"@id\":\"https:\\\/\\\/enlarapita.com\\\/es\\\/#\\\/schema\\\/logo\\\/image\\\/\"}}]}<\/script>\n<!-- \/ Yoast SEO plugin. -->","yoast_head_json":{"title":"Covid-19 - En la R\u00e0pita","robots":{"index":"index","follow":"follow","max-snippet":"max-snippet:-1","max-image-preview":"max-image-preview:large","max-video-preview":"max-video-preview:-1"},"canonical":"https:\/\/enlarapita.com\/es\/covid-19\/","og_locale":"es_ES","og_type":"article","og_title":"Covid-19 - En la R\u00e0pita","og_description":"Covid-19 Consejos de viaje frente al Covid-19 Trabajamos para que vuestro viaje sea un \u00e9xito de principio a fin. Es por ello que adem\u00e1s de preocuparnos de que vuestra estancia en nuestro territorio sea inolvidable, tambi\u00e9n nos preocupamos de que se cumplan todas las garant\u00edas de salud y seguridad para que no os teng\u00e1is que&hellip; Seguir leyendo Covid-19","og_url":"https:\/\/enlarapita.com\/es\/covid-19\/","og_site_name":"En la R\u00e0pita","article_modified_time":"2024-09-09T07:47:49+00:00","twitter_card":"summary_large_image","twitter_misc":{"Tiempo de lectura":"2 minutos"},"schema":{"@context":"https:\/\/schema.org","@graph":[{"@type":"WebPage","@id":"https:\/\/enlarapita.com\/es\/covid-19\/","url":"https:\/\/enlarapita.com\/es\/covid-19\/","name":"Covid-19 - En la R\u00e0pita","isPartOf":{"@id":"https:\/\/enlarapita.com\/es\/#website"},"datePublished":"2021-06-16T10:12:33+00:00","dateModified":"2024-09-09T07:47:49+00:00","breadcrumb":{"@id":"https:\/\/enlarapita.com\/es\/covid-19\/#breadcrumb"},"inLanguage":"es","potentialAction":[{"@type":"ReadAction","target":["https:\/\/enlarapita.com\/es\/covid-19\/"]}]},{"@type":"BreadcrumbList","@id":"https:\/\/enlarapita.com\/es\/covid-19\/#breadcrumb","itemListElement":[{"@type":"ListItem","position":1,"name":"Portada","item":"https:\/\/enlarapita.com\/es\/"},{"@type":"ListItem","position":2,"name":"Covid-19"}]},{"@type":"WebSite","@id":"https:\/\/enlarapita.com\/es\/#website","url":"https:\/\/enlarapita.com\/es\/","name":"En la R\u00e0pita","description":"","publisher":{"@id":"https:\/\/enlarapita.com\/es\/#organization"},"potentialAction":[{"@type":"SearchAction","target":{"@type":"EntryPoint","urlTemplate":"https:\/\/enlarapita.com\/es\/?s={search_term_string}"},"query-input":{"@type":"PropertyValueSpecification","valueRequired":true,"valueName":"search_term_string"}}],"inLanguage":"es"},{"@type":"Organization","@id":"https:\/\/enlarapita.com\/es\/#organization","name":"En la R\u00e0pita","url":"https:\/\/enlarapita.com\/es\/","logo":{"@type":"ImageObject","inLanguage":"es","@id":"https:\/\/enlarapita.com\/es\/#\/schema\/logo\/image\/","url":"https:\/\/enlarapita.com\/wp-content\/uploads\/2021\/04\/cropped-logo-enlarapita-blau.png","contentUrl":"https:\/\/enlarapita.com\/wp-content\/uploads\/2021\/04\/cropped-logo-enlarapita-blau.png","width":130,"height":19,"caption":"En la R\u00e0pita"},"image":{"@id":"https:\/\/enlarapita.com\/es\/#\/schema\/logo\/image\/"}}]}},"_links":{"self":[{"href":"https:\/\/enlarapita.com\/es\/wp-json\/wp\/v2\/pages\/4147","targetHints":{"allow":["GET"]}}],"collection":[{"href":"https:\/\/enlarapita.com\/es\/wp-json\/wp\/v2\/pages"}],"about":[{"href":"https:\/\/enlarapita.com\/es\/wp-json\/wp\/v2\/types\/page"}],"author":[{"embeddable":true,"href":"https:\/\/enlarapita.com\/es\/wp-json\/wp\/v2\/users\/1"}],"replies":[{"embeddable":true,"href":"https:\/\/enlarapita.com\/es\/wp-json\/wp\/v2\/comments?post=4147"}],"version-history":[{"count":8,"href":"https:\/\/enlarapita.com\/es\/wp-json\/wp\/v2\/pages\/4147\/revisions"}],"predecessor-version":[{"id":23783,"href":"https:\/\/enlarapita.com\/es\/wp-json\/wp\/v2\/pages\/4147\/revisions\/23783"}],"wp:attachment":[{"href":"https:\/\/enlarapita.com\/es\/wp-json\/wp\/v2\/media?parent=4147"}],"curies":[{"name":"wp","href":"https:\/\/api.w.org\/{rel}","templated":true}]}}