{"id":2687,"date":"2021-06-07T09:38:05","date_gmt":"2021-06-07T09:38:05","guid":{"rendered":"https:\/\/enlarapita.com\/alojamientos\/"},"modified":"2026-03-03T16:38:40","modified_gmt":"2026-03-03T15:38:40","slug":"alojamientos","status":"publish","type":"page","link":"https:\/\/enlarapita.com\/es\/alojamientos\/","title":{"rendered":"Alojamientos en La R\u00e0pita"},"content":{"rendered":"\t\t<div data-elementor-type=\"wp-page\" data-elementor-id=\"2687\" class=\"elementor elementor-2687 elementor-2679\" data-elementor-post-type=\"page\">\n\t\t\t\t\t\t<section class=\"elementor-section elementor-top-section elementor-element elementor-element-6612445 elementor-section-content-middle elementor-section-boxed elementor-section-height-default elementor-section-height-default\" data-id=\"6612445\" data-element_type=\"section\" data-e-type=\"section\">\n\t\t\t\t\t\t<div class=\"elementor-container elementor-column-gap-default\">\n\t\t\t\t\t<div class=\"elementor-column elementor-col-50 elementor-top-column elementor-element elementor-element-729e040\" data-id=\"729e040\" data-element_type=\"column\" data-e-type=\"column\">\n\t\t\t<div class=\"elementor-widget-wrap elementor-element-populated\">\n\t\t\t\t\t\t<div class=\"elementor-element elementor-element-0cf5a5b elementor-widget elementor-widget-heading\" data-id=\"0cf5a5b\" data-element_type=\"widget\" data-e-type=\"widget\" data-widget_type=\"heading.default\">\n\t\t\t\t<div class=\"elementor-widget-container\">\n\t\t\t\t\t<h2 class=\"elementor-heading-title elementor-size-default\">Tu alojamiento ideal en la R\u00e0pita: campings, hoteles, hostales y m\u00e1s<\/h2>\t\t\t\t<\/div>\n\t\t\t\t<\/div>\n\t\t\t\t<div class=\"elementor-element elementor-element-e090a40 elementor-widget elementor-widget-text-editor\" data-id=\"e090a40\" data-element_type=\"widget\" data-e-type=\"widget\" data-widget_type=\"text-editor.default\">\n\t\t\t\t<div class=\"elementor-widget-container\">\n\t\t\t\t\t\t\t\t\t<p>Tenemos desde campings hasta hoteles, hostales, apartamentos tur\u00edsticos, casas rurales, una gran oferta que se ajustar\u00e1 a lo que est\u00e1s buscando y a tus necesidades. Alojamientos de todas las categor\u00edas y toda la calidad en servicios que garantizan unos d\u00edas de vacaciones o una escapada de fin de semana en las mejores condiciones.<\/p>\n\t\t\t\t\t\t\t\t<\/div>\n\t\t\t\t<\/div>\n\t\t\t\t<div class=\"elementor-element elementor-element-76b747c elementor-widget elementor-widget-text-editor\" data-id=\"76b747c\" data-element_type=\"widget\" data-e-type=\"widget\" data-widget_type=\"text-editor.default\">\n\t\t\t\t<div class=\"elementor-widget-container\">\n\t\t\t\t\t\t\t\t\t<p>Vivir las experiencias n\u00e1uticas en la bah\u00eda dels Alfacs, pasear por los espacios naturales del delta del Ebro, degustar los productos de proximidad y conocer nuestro pasado recorriendo los pueblos ebrenses se merece la recompensa de un descanso perfecto en alojamientos de La R\u00e0pita.<\/p>\n\t\t\t\t\t\t\t\t<\/div>\n\t\t\t\t<\/div>\n\t\t\t\t\t<\/div>\n\t\t<\/div>\n\t\t\t\t<div class=\"elementor-column elementor-col-50 elementor-top-column elementor-element elementor-element-3978952\" data-id=\"3978952\" data-element_type=\"column\" data-e-type=\"column\">\n\t\t\t<div class=\"elementor-widget-wrap elementor-element-populated\">\n\t\t\t\t\t\t<div class=\"elementor-element elementor-element-0e112c1 elementor-widget elementor-widget-image\" data-id=\"0e112c1\" data-element_type=\"widget\" data-e-type=\"widget\" data-widget_type=\"image.default\">\n\t\t\t\t<div class=\"elementor-widget-container\">\n\t\t\t\t\t\t\t\t\t\t\t\t\t\t\t<img decoding=\"async\" src=\"https:\/\/enlarapita.com\/wp-content\/uploads\/elementor\/thumbs\/Llansola-LaRapita-050-rebamm88lrp0gg3j4ylv5gwfbrtsebxp2sgz0x2ig0.jpg\" title=\"Llansola LaRapita-050\" alt=\"Llansola LaRapita-050\" loading=\"lazy\" \/>\t\t\t\t\t\t\t\t\t\t\t\t\t\t\t<\/div>\n\t\t\t\t<\/div>\n\t\t\t\t\t<\/div>\n\t\t<\/div>\n\t\t\t\t\t<\/div>\n\t\t<\/section>\n\t\t\t\t<section class=\"elementor-section elementor-top-section elementor-element elementor-element-65b8e8d elementor-section-content-middle elementor-reverse-tablet elementor-reverse-mobile elementor-section-boxed elementor-section-height-default elementor-section-height-default\" data-id=\"65b8e8d\" data-element_type=\"section\" data-e-type=\"section\">\n\t\t\t\t\t\t<div class=\"elementor-container elementor-column-gap-default\">\n\t\t\t\t\t<div class=\"elementor-column elementor-col-50 elementor-top-column elementor-element elementor-element-b5dc53d\" data-id=\"b5dc53d\" data-element_type=\"column\" data-e-type=\"column\">\n\t\t\t<div class=\"elementor-widget-wrap elementor-element-populated\">\n\t\t\t\t\t\t<div class=\"elementor-element elementor-element-a705116 elementor-widget elementor-widget-image\" data-id=\"a705116\" data-element_type=\"widget\" data-e-type=\"widget\" data-widget_type=\"image.default\">\n\t\t\t\t<div class=\"elementor-widget-container\">\n\t\t\t\t\t\t\t\t\t\t\t\t\t\t\t<img decoding=\"async\" src=\"https:\/\/enlarapita.com\/wp-content\/uploads\/elementor\/thumbs\/DSC9428-1-scaled-r0o1696sgprnqhdm96bbmmz7cn1010vysv4aqlzh6w.jpg\" title=\"_DSC9428\" alt=\"_DSC9428\" loading=\"lazy\" \/>\t\t\t\t\t\t\t\t\t\t\t\t\t\t\t<\/div>\n\t\t\t\t<\/div>\n\t\t\t\t\t<\/div>\n\t\t<\/div>\n\t\t\t\t<div class=\"elementor-column elementor-col-50 elementor-top-column elementor-element elementor-element-22f5644\" data-id=\"22f5644\" data-element_type=\"column\" data-e-type=\"column\">\n\t\t\t<div class=\"elementor-widget-wrap elementor-element-populated\">\n\t\t\t\t\t\t<div class=\"elementor-element elementor-element-51091d6 elementor-widget elementor-widget-heading\" data-id=\"51091d6\" data-element_type=\"widget\" data-e-type=\"widget\" data-widget_type=\"heading.default\">\n\t\t\t\t<div class=\"elementor-widget-container\">\n\t\t\t\t\t<h2 class=\"elementor-heading-title elementor-size-default\">\u00bfBuscas d\u00f3nde dormir en La R\u00e0pita?<\/h2>\t\t\t\t<\/div>\n\t\t\t\t<\/div>\n\t\t\t\t<div class=\"elementor-element elementor-element-cd0fc1c elementor-widget elementor-widget-text-editor\" data-id=\"cd0fc1c\" data-element_type=\"widget\" data-e-type=\"widget\" data-widget_type=\"text-editor.default\">\n\t\t\t\t<div class=\"elementor-widget-container\">\n\t\t\t\t\t\t\t\t\t<p>Dormir en La R\u00e0pita ser\u00e1 un lujo en cualquiera de las opciones de alojamiento que escojas. Descansar es uno de los objetivos cu\u00e1ndo hacemos turismo y los alojamientos de La R\u00e0pita son ideales para disfrutar de las horas de relax que necesitas. Ponemos a tu disposici\u00f3n una gran variedad de alojamientos tur\u00edsticos de todas las categor\u00edas que completar\u00e1n tu estancia a la perfecci\u00f3n.<\/p>\n\t\t\t\t\t\t\t\t<\/div>\n\t\t\t\t<\/div>\n\t\t\t\t<div class=\"elementor-element elementor-element-696a030 elementor-widget elementor-widget-heading\" data-id=\"696a030\" data-element_type=\"widget\" data-e-type=\"widget\" data-widget_type=\"heading.default\">\n\t\t\t\t<div class=\"elementor-widget-container\">\n\t\t\t\t\t<h3 class=\"elementor-heading-title elementor-size-default\">\u00bfTu opci\u00f3n es el camping?<\/h3>\t\t\t\t<\/div>\n\t\t\t\t<\/div>\n\t\t\t\t<div class=\"elementor-element elementor-element-97bbc8b elementor-widget elementor-widget-text-editor\" data-id=\"97bbc8b\" data-element_type=\"widget\" data-e-type=\"widget\" data-widget_type=\"text-editor.default\">\n\t\t\t\t<div class=\"elementor-widget-container\">\n\t\t\t\t\t\t\t\t\t<p>\u00bfTienes un esp\u00edritu aventurero y buscas el contacto directo con la naturaleza? \u00bfTienes familia y buscas espacios abiertos y seguros para los ni\u00f1os? Tu opci\u00f3n es un camping. Campings con todas las comodidades y servicios a tu disposici\u00f3n, zona de acampada, zona de caravanas y bungalows. Una forma fant\u00e1stica de viajar y de vivir experiencias \u00fanicas.<\/p>\n\t\t\t\t\t\t\t\t<\/div>\n\t\t\t\t<\/div>\n\t\t\t\t\t<\/div>\n\t\t<\/div>\n\t\t\t\t\t<\/div>\n\t\t<\/section>\n\t\t\t\t<section class=\"elementor-section elementor-top-section elementor-element elementor-element-df391eb elementor-section-content-middle elementor-section-boxed elementor-section-height-default elementor-section-height-default\" data-id=\"df391eb\" data-element_type=\"section\" data-e-type=\"section\">\n\t\t\t\t\t\t<div class=\"elementor-container elementor-column-gap-default\">\n\t\t\t\t\t<div class=\"elementor-column elementor-col-50 elementor-top-column elementor-element elementor-element-e729aae\" data-id=\"e729aae\" data-element_type=\"column\" data-e-type=\"column\">\n\t\t\t<div class=\"elementor-widget-wrap elementor-element-populated\">\n\t\t\t\t\t\t<div class=\"elementor-element elementor-element-26913df elementor-widget elementor-widget-heading\" data-id=\"26913df\" data-element_type=\"widget\" data-e-type=\"widget\" data-widget_type=\"heading.default\">\n\t\t\t\t<div class=\"elementor-widget-container\">\n\t\t\t\t\t<h3 class=\"elementor-heading-title elementor-size-default\">\u00bfPrefieres un hotel o hostal?<\/h3>\t\t\t\t<\/div>\n\t\t\t\t<\/div>\n\t\t\t\t<div class=\"elementor-element elementor-element-acee6d4 elementor-widget elementor-widget-text-editor\" data-id=\"acee6d4\" data-element_type=\"widget\" data-e-type=\"widget\" data-widget_type=\"text-editor.default\">\n\t\t\t\t<div class=\"elementor-widget-container\">\n\t\t\t\t\t\t\t\t\t<p>Para desconectar, para hacerte un regalo, para una escapada rom\u00e1ntica con tu pareja, para compartir momentos con amigos y compa\u00f1eros, los hoteles de La R\u00e0pita son geniales. Situados en primera l\u00ednea de mar o en el centro hist\u00f3rico del pueblo, encontrar\u00e1s la mejor atenci\u00f3n y profesionalidad en el servicio y gran calidad en sus instalaciones.<\/p>\n\t\t\t\t\t\t\t\t<\/div>\n\t\t\t\t<\/div>\n\t\t\t\t<div class=\"elementor-element elementor-element-ebd8300 elementor-widget elementor-widget-heading\" data-id=\"ebd8300\" data-element_type=\"widget\" data-e-type=\"widget\" data-widget_type=\"heading.default\">\n\t\t\t\t<div class=\"elementor-widget-container\">\n\t\t\t\t\t<h3 class=\"elementor-heading-title elementor-size-default\">\u00bfMejor un apartamento?<\/h3>\t\t\t\t<\/div>\n\t\t\t\t<\/div>\n\t\t\t\t<div class=\"elementor-element elementor-element-bddb789 elementor-widget elementor-widget-text-editor\" data-id=\"bddb789\" data-element_type=\"widget\" data-e-type=\"widget\" data-widget_type=\"text-editor.default\">\n\t\t\t\t<div class=\"elementor-widget-container\">\n\t\t\t\t\t\t\t\t\t<p>Los apartamentos y alojamientos de uso tur\u00edstico tambi\u00e9n son una opci\u00f3n ideal para vivir cada segundo de tu estancia a tu manera. Si vienes con familia, con pareja o con amigos estos alojamientos cuentan con todo el equipamiento para que te sientas como en casa y puedas disfrutar libremente de tus vivencias.<\/p>\n\t\t\t\t\t\t\t\t<\/div>\n\t\t\t\t<\/div>\n\t\t\t\t<div class=\"elementor-element elementor-element-653ecca elementor-widget elementor-widget-text-editor\" data-id=\"653ecca\" data-element_type=\"widget\" data-e-type=\"widget\" data-widget_type=\"text-editor.default\">\n\t\t\t\t<div class=\"elementor-widget-container\">\n\t\t\t\t\t\t\t\t\t<p>La oferta de alojamientos en la Estaci\u00f3n N\u00e1utica La R\u00e0pita &#8211; Delta del Ebro es cuantiosa y variada, en calidad y en cantidad y, aunque no sea f\u00e1cil, es hora de decidir cu\u00e1l es tu mejor opci\u00f3n d\u00f3nde dormir.<\/p>\n\t\t\t\t\t\t\t\t<\/div>\n\t\t\t\t<\/div>\n\t\t\t\t\t<\/div>\n\t\t<\/div>\n\t\t\t\t<div class=\"elementor-column elementor-col-50 elementor-top-column elementor-element elementor-element-e2c78be\" data-id=\"e2c78be\" data-element_type=\"column\" data-e-type=\"column\">\n\t\t\t<div class=\"elementor-widget-wrap elementor-element-populated\">\n\t\t\t\t\t\t<div class=\"elementor-element elementor-element-30837f7 elementor-widget elementor-widget-image\" data-id=\"30837f7\" data-element_type=\"widget\" data-e-type=\"widget\" data-widget_type=\"image.default\">\n\t\t\t\t<div class=\"elementor-widget-container\">\n\t\t\t\t\t\t\t\t\t\t\t\t\t\t\t<img fetchpriority=\"high\" decoding=\"async\" width=\"1536\" height=\"2048\" src=\"https:\/\/enlarapita.com\/wp-content\/uploads\/2026\/03\/Apartament-delicies-4.jpg\" class=\"attachment-full size-full wp-image-34281\" alt=\"\" srcset=\"https:\/\/enlarapita.com\/wp-content\/uploads\/2026\/03\/Apartament-delicies-4.jpg 1536w, https:\/\/enlarapita.com\/wp-content\/uploads\/2026\/03\/Apartament-delicies-4-225x300.jpg 225w, https:\/\/enlarapita.com\/wp-content\/uploads\/2026\/03\/Apartament-delicies-4-768x1024.jpg 768w, https:\/\/enlarapita.com\/wp-content\/uploads\/2026\/03\/Apartament-delicies-4-1152x1536.jpg 1152w\" sizes=\"(max-width: 1536px) 100vw, 1536px\" style=\"width:100%;height:133.33%;max-width:1536px\" \/>\t\t\t\t\t\t\t\t\t\t\t\t\t\t\t<\/div>\n\t\t\t\t<\/div>\n\t\t\t\t\t<\/div>\n\t\t<\/div>\n\t\t\t\t\t<\/div>\n\t\t<\/section>\n\t\t\t\t<\/div>\n\t\t","protected":false},"excerpt":{"rendered":"<p>Tu alojamiento ideal en la R\u00e0pita: campings, hoteles, hostales y m\u00e1s Tenemos desde campings hasta hoteles, hostales, apartamentos tur\u00edsticos, casas rurales, una gran oferta que se ajustar\u00e1 a lo que est\u00e1s buscando y a tus necesidades. Alojamientos de todas las categor\u00edas y toda la calidad en servicios que garantizan unos d\u00edas de vacaciones o una&hellip; <a class=\"more-link\" href=\"https:\/\/enlarapita.com\/es\/alojamientos\/\">Seguir leyendo <span class=\"screen-reader-text\">Alojamientos en La R\u00e0pita<\/span><\/a><\/p>\n","protected":false},"author":1,"featured_media":18099,"parent":0,"menu_order":0,"comment_status":"closed","ping_status":"closed","template":"page-categories.php","meta":{"_acf_changed":false,"footnotes":""},"class_list":["post-2687","page","type-page","status-publish","has-post-thumbnail","hentry","entry"],"acf":[],"yoast_head":"<!-- This site is optimized with the Yoast SEO plugin v27.4 - https:\/\/yoast.com\/product\/yoast-seo-wordpress\/ -->\n<title>Alojamientos en La R\u00e0pita \u2013 D\u00f3nde dormir<\/title>\n<meta name=\"description\" content=\"Campings, hoteles, hostales, apartamentos tur\u00edsticos, casas rurales... elige entre los alojamientos en La R\u00e0pita donde dormir.\" \/>\n<meta name=\"robots\" content=\"index, follow, max-snippet:-1, max-image-preview:large, max-video-preview:-1\" \/>\n<link rel=\"canonical\" href=\"https:\/\/enlarapita.com\/es\/alojamientos\/\" \/>\n<meta property=\"og:locale\" content=\"es_ES\" \/>\n<meta property=\"og:type\" content=\"article\" \/>\n<meta property=\"og:title\" content=\"Alojamientos en La R\u00e0pita \u2013 D\u00f3nde dormir\" \/>\n<meta property=\"og:description\" content=\"Campings, hoteles, hostales, apartamentos tur\u00edsticos, casas rurales... elige entre los alojamientos en La R\u00e0pita donde dormir.\" \/>\n<meta property=\"og:url\" content=\"https:\/\/enlarapita.com\/es\/alojamientos\/\" \/>\n<meta property=\"og:site_name\" content=\"En la R\u00e0pita\" \/>\n<meta property=\"article:modified_time\" content=\"2026-03-03T15:38:40+00:00\" \/>\n<meta property=\"og:image\" content=\"https:\/\/enlarapita.com\/wp-content\/uploads\/2021\/06\/DSC6401.jpg\" \/>\n\t<meta property=\"og:image:width\" content=\"1200\" \/>\n\t<meta property=\"og:image:height\" content=\"800\" \/>\n\t<meta property=\"og:image:type\" content=\"image\/jpeg\" \/>\n<meta name=\"twitter:card\" content=\"summary_large_image\" \/>\n<meta name=\"twitter:label1\" content=\"Tiempo de lectura\" \/>\n\t<meta name=\"twitter:data1\" content=\"3 minutos\" \/>\n<script type=\"application\/ld+json\" class=\"yoast-schema-graph\">{\"@context\":\"https:\\\/\\\/schema.org\",\"@graph\":[{\"@type\":\"WebPage\",\"@id\":\"https:\\\/\\\/enlarapita.com\\\/es\\\/alojamientos\\\/\",\"url\":\"https:\\\/\\\/enlarapita.com\\\/es\\\/alojamientos\\\/\",\"name\":\"Alojamientos en La R\u00e0pita \u2013 D\u00f3nde dormir\",\"isPartOf\":{\"@id\":\"https:\\\/\\\/enlarapita.com\\\/es\\\/#website\"},\"primaryImageOfPage\":{\"@id\":\"https:\\\/\\\/enlarapita.com\\\/es\\\/alojamientos\\\/#primaryimage\"},\"image\":{\"@id\":\"https:\\\/\\\/enlarapita.com\\\/es\\\/alojamientos\\\/#primaryimage\"},\"thumbnailUrl\":\"https:\\\/\\\/enlarapita.com\\\/wp-content\\\/uploads\\\/2021\\\/06\\\/DSC6401.jpg\",\"datePublished\":\"2021-06-07T09:38:05+00:00\",\"dateModified\":\"2026-03-03T15:38:40+00:00\",\"description\":\"Campings, hoteles, hostales, apartamentos tur\u00edsticos, casas rurales... elige entre los alojamientos en La R\u00e0pita donde dormir.\",\"breadcrumb\":{\"@id\":\"https:\\\/\\\/enlarapita.com\\\/es\\\/alojamientos\\\/#breadcrumb\"},\"inLanguage\":\"es\",\"potentialAction\":[{\"@type\":\"ReadAction\",\"target\":[\"https:\\\/\\\/enlarapita.com\\\/es\\\/alojamientos\\\/\"]}]},{\"@type\":\"ImageObject\",\"inLanguage\":\"es\",\"@id\":\"https:\\\/\\\/enlarapita.com\\\/es\\\/alojamientos\\\/#primaryimage\",\"url\":\"https:\\\/\\\/enlarapita.com\\\/wp-content\\\/uploads\\\/2021\\\/06\\\/DSC6401.jpg\",\"contentUrl\":\"https:\\\/\\\/enlarapita.com\\\/wp-content\\\/uploads\\\/2021\\\/06\\\/DSC6401.jpg\",\"width\":1200,\"height\":800},{\"@type\":\"BreadcrumbList\",\"@id\":\"https:\\\/\\\/enlarapita.com\\\/es\\\/alojamientos\\\/#breadcrumb\",\"itemListElement\":[{\"@type\":\"ListItem\",\"position\":1,\"name\":\"Portada\",\"item\":\"https:\\\/\\\/enlarapita.com\\\/es\\\/\"},{\"@type\":\"ListItem\",\"position\":2,\"name\":\"Alojamientos en La R\u00e0pita\"}]},{\"@type\":\"WebSite\",\"@id\":\"https:\\\/\\\/enlarapita.com\\\/es\\\/#website\",\"url\":\"https:\\\/\\\/enlarapita.com\\\/es\\\/\",\"name\":\"En la R\u00e0pita\",\"description\":\"\",\"publisher\":{\"@id\":\"https:\\\/\\\/enlarapita.com\\\/es\\\/#organization\"},\"potentialAction\":[{\"@type\":\"SearchAction\",\"target\":{\"@type\":\"EntryPoint\",\"urlTemplate\":\"https:\\\/\\\/enlarapita.com\\\/es\\\/?s={search_term_string}\"},\"query-input\":{\"@type\":\"PropertyValueSpecification\",\"valueRequired\":true,\"valueName\":\"search_term_string\"}}],\"inLanguage\":\"es\"},{\"@type\":\"Organization\",\"@id\":\"https:\\\/\\\/enlarapita.com\\\/es\\\/#organization\",\"name\":\"En la R\u00e0pita\",\"url\":\"https:\\\/\\\/enlarapita.com\\\/es\\\/\",\"logo\":{\"@type\":\"ImageObject\",\"inLanguage\":\"es\",\"@id\":\"https:\\\/\\\/enlarapita.com\\\/es\\\/#\\\/schema\\\/logo\\\/image\\\/\",\"url\":\"https:\\\/\\\/enlarapita.com\\\/wp-content\\\/uploads\\\/2021\\\/04\\\/cropped-logo-enlarapita-blau.png\",\"contentUrl\":\"https:\\\/\\\/enlarapita.com\\\/wp-content\\\/uploads\\\/2021\\\/04\\\/cropped-logo-enlarapita-blau.png\",\"width\":130,\"height\":19,\"caption\":\"En la R\u00e0pita\"},\"image\":{\"@id\":\"https:\\\/\\\/enlarapita.com\\\/es\\\/#\\\/schema\\\/logo\\\/image\\\/\"}}]}<\/script>\n<!-- \/ Yoast SEO plugin. -->","yoast_head_json":{"title":"Alojamientos en La R\u00e0pita \u2013 D\u00f3nde dormir","description":"Campings, hoteles, hostales, apartamentos tur\u00edsticos, casas rurales... elige entre los alojamientos en La R\u00e0pita donde dormir.","robots":{"index":"index","follow":"follow","max-snippet":"max-snippet:-1","max-image-preview":"max-image-preview:large","max-video-preview":"max-video-preview:-1"},"canonical":"https:\/\/enlarapita.com\/es\/alojamientos\/","og_locale":"es_ES","og_type":"article","og_title":"Alojamientos en La R\u00e0pita \u2013 D\u00f3nde dormir","og_description":"Campings, hoteles, hostales, apartamentos tur\u00edsticos, casas rurales... elige entre los alojamientos en La R\u00e0pita donde dormir.","og_url":"https:\/\/enlarapita.com\/es\/alojamientos\/","og_site_name":"En la R\u00e0pita","article_modified_time":"2026-03-03T15:38:40+00:00","og_image":[{"width":1200,"height":800,"url":"https:\/\/enlarapita.com\/wp-content\/uploads\/2021\/06\/DSC6401.jpg","type":"image\/jpeg"}],"twitter_card":"summary_large_image","twitter_misc":{"Tiempo de lectura":"3 minutos"},"schema":{"@context":"https:\/\/schema.org","@graph":[{"@type":"WebPage","@id":"https:\/\/enlarapita.com\/es\/alojamientos\/","url":"https:\/\/enlarapita.com\/es\/alojamientos\/","name":"Alojamientos en La R\u00e0pita \u2013 D\u00f3nde dormir","isPartOf":{"@id":"https:\/\/enlarapita.com\/es\/#website"},"primaryImageOfPage":{"@id":"https:\/\/enlarapita.com\/es\/alojamientos\/#primaryimage"},"image":{"@id":"https:\/\/enlarapita.com\/es\/alojamientos\/#primaryimage"},"thumbnailUrl":"https:\/\/enlarapita.com\/wp-content\/uploads\/2021\/06\/DSC6401.jpg","datePublished":"2021-06-07T09:38:05+00:00","dateModified":"2026-03-03T15:38:40+00:00","description":"Campings, hoteles, hostales, apartamentos tur\u00edsticos, casas rurales... elige entre los alojamientos en La R\u00e0pita donde dormir.","breadcrumb":{"@id":"https:\/\/enlarapita.com\/es\/alojamientos\/#breadcrumb"},"inLanguage":"es","potentialAction":[{"@type":"ReadAction","target":["https:\/\/enlarapita.com\/es\/alojamientos\/"]}]},{"@type":"ImageObject","inLanguage":"es","@id":"https:\/\/enlarapita.com\/es\/alojamientos\/#primaryimage","url":"https:\/\/enlarapita.com\/wp-content\/uploads\/2021\/06\/DSC6401.jpg","contentUrl":"https:\/\/enlarapita.com\/wp-content\/uploads\/2021\/06\/DSC6401.jpg","width":1200,"height":800},{"@type":"BreadcrumbList","@id":"https:\/\/enlarapita.com\/es\/alojamientos\/#breadcrumb","itemListElement":[{"@type":"ListItem","position":1,"name":"Portada","item":"https:\/\/enlarapita.com\/es\/"},{"@type":"ListItem","position":2,"name":"Alojamientos en La R\u00e0pita"}]},{"@type":"WebSite","@id":"https:\/\/enlarapita.com\/es\/#website","url":"https:\/\/enlarapita.com\/es\/","name":"En la R\u00e0pita","description":"","publisher":{"@id":"https:\/\/enlarapita.com\/es\/#organization"},"potentialAction":[{"@type":"SearchAction","target":{"@type":"EntryPoint","urlTemplate":"https:\/\/enlarapita.com\/es\/?s={search_term_string}"},"query-input":{"@type":"PropertyValueSpecification","valueRequired":true,"valueName":"search_term_string"}}],"inLanguage":"es"},{"@type":"Organization","@id":"https:\/\/enlarapita.com\/es\/#organization","name":"En la R\u00e0pita","url":"https:\/\/enlarapita.com\/es\/","logo":{"@type":"ImageObject","inLanguage":"es","@id":"https:\/\/enlarapita.com\/es\/#\/schema\/logo\/image\/","url":"https:\/\/enlarapita.com\/wp-content\/uploads\/2021\/04\/cropped-logo-enlarapita-blau.png","contentUrl":"https:\/\/enlarapita.com\/wp-content\/uploads\/2021\/04\/cropped-logo-enlarapita-blau.png","width":130,"height":19,"caption":"En la R\u00e0pita"},"image":{"@id":"https:\/\/enlarapita.com\/es\/#\/schema\/logo\/image\/"}}]}},"_links":{"self":[{"href":"https:\/\/enlarapita.com\/es\/wp-json\/wp\/v2\/pages\/2687","targetHints":{"allow":["GET"]}}],"collection":[{"href":"https:\/\/enlarapita.com\/es\/wp-json\/wp\/v2\/pages"}],"about":[{"href":"https:\/\/enlarapita.com\/es\/wp-json\/wp\/v2\/types\/page"}],"author":[{"embeddable":true,"href":"https:\/\/enlarapita.com\/es\/wp-json\/wp\/v2\/users\/1"}],"replies":[{"embeddable":true,"href":"https:\/\/enlarapita.com\/es\/wp-json\/wp\/v2\/comments?post=2687"}],"version-history":[{"count":4,"href":"https:\/\/enlarapita.com\/es\/wp-json\/wp\/v2\/pages\/2687\/revisions"}],"predecessor-version":[{"id":34284,"href":"https:\/\/enlarapita.com\/es\/wp-json\/wp\/v2\/pages\/2687\/revisions\/34284"}],"wp:featuredmedia":[{"embeddable":true,"href":"https:\/\/enlarapita.com\/es\/wp-json\/wp\/v2\/media\/18099"}],"wp:attachment":[{"href":"https:\/\/enlarapita.com\/es\/wp-json\/wp\/v2\/media?parent=2687"}],"curies":[{"name":"wp","href":"https:\/\/api.w.org\/{rel}","templated":true}]}}