{"id":20757,"date":"2024-05-30T09:23:20","date_gmt":"2024-05-30T07:23:20","guid":{"rendered":"https:\/\/enlarapita.com\/que-hacer-o-ver\/actividades-acuaticas\/wakeboard-en-la-rapita\/"},"modified":"2024-05-30T09:23:21","modified_gmt":"2024-05-30T07:23:21","slug":"wakeboard-en-la-rapita","status":"publish","type":"page","link":"https:\/\/enlarapita.com\/es\/que-hacer-o-ver\/actividades-acuaticas\/wakeboard-en-la-rapita\/","title":{"rendered":"Wakeboard en la R\u00e0pita"},"content":{"rendered":"\t\t<div data-elementor-type=\"wp-page\" data-elementor-id=\"20757\" class=\"elementor elementor-20757 elementor-20710\" data-elementor-post-type=\"page\">\n\t\t\t\t\t\t<section class=\"elementor-section elementor-top-section elementor-element elementor-element-2583fde elementor-section-content-middle elementor-section-boxed elementor-section-height-default elementor-section-height-default\" data-id=\"2583fde\" data-element_type=\"section\" data-e-type=\"section\">\n\t\t\t\t\t\t<div class=\"elementor-container elementor-column-gap-default\">\n\t\t\t\t\t<div class=\"elementor-column elementor-col-50 elementor-top-column elementor-element elementor-element-50145d16\" data-id=\"50145d16\" data-element_type=\"column\" data-e-type=\"column\">\n\t\t\t<div class=\"elementor-widget-wrap elementor-element-populated\">\n\t\t\t\t\t\t<div class=\"elementor-element elementor-element-1981ff96 elementor-widget elementor-widget-heading\" data-id=\"1981ff96\" data-element_type=\"widget\" data-e-type=\"widget\" data-widget_type=\"heading.default\">\n\t\t\t\t<div class=\"elementor-widget-container\">\n\t\t\t\t\t<h2 class=\"elementor-heading-title elementor-size-default\">\u00a1Ven a surfear en el Delta!<\/h2>\t\t\t\t<\/div>\n\t\t\t\t<\/div>\n\t\t\t\t<div class=\"elementor-element elementor-element-1d0df1f2 elementor-widget elementor-widget-text-editor\" data-id=\"1d0df1f2\" data-element_type=\"widget\" data-e-type=\"widget\" data-widget_type=\"text-editor.default\">\n\t\t\t\t<div class=\"elementor-widget-container\">\n\t\t\t\t\t\t\t\t\tEl wakeboard es un deporte acu\u00e1tico que consiste en deslizarse sobre el agua sobre una tabla, siendo arrastrado por una cuerda y un palonier entre las manos.<br>\r\nLa actividad es una combinaci\u00f3n entre esqu\u00ed acu\u00e1tico y surf de nieve y recibe su nombre por la estela que se deja al navegar (wake en ingl\u00e9s). La potencia del motor permite arrastrar a una persona por encima del agua para la pr\u00e1ctica de otros deportes acu\u00e1ticos como el esqu\u00ed n\u00e1utico, kneeboard, wakeskate, easyboard, donuts, barefoot, etc.\t\t\t\t\t\t\t\t<\/div>\n\t\t\t\t<\/div>\n\t\t\t\t\t<\/div>\n\t\t<\/div>\n\t\t\t\t<div class=\"elementor-column elementor-col-50 elementor-top-column elementor-element elementor-element-28df5888\" data-id=\"28df5888\" data-element_type=\"column\" data-e-type=\"column\">\n\t\t\t<div class=\"elementor-widget-wrap elementor-element-populated\">\n\t\t\t\t\t\t<div class=\"elementor-element elementor-element-7e89c5e5 elementor-widget elementor-widget-image\" data-id=\"7e89c5e5\" data-element_type=\"widget\" data-e-type=\"widget\" data-widget_type=\"image.default\">\n\t\t\t\t<div class=\"elementor-widget-container\">\n\t\t\t\t\t\t\t\t\t\t\t\t\t\t\t<img fetchpriority=\"high\" decoding=\"async\" width=\"400\" height=\"290\" src=\"https:\/\/enlarapita.com\/wp-content\/uploads\/2024\/05\/wakepark-400-290.jpg\" class=\"attachment-full size-full wp-image-20688\" alt=\"wakepark\" srcset=\"https:\/\/enlarapita.com\/wp-content\/uploads\/2024\/05\/wakepark-400-290.jpg 400w, https:\/\/enlarapita.com\/wp-content\/uploads\/2024\/05\/wakepark-400-290-300x218.jpg 300w\" sizes=\"(max-width: 400px) 100vw, 400px\" style=\"width:100%;height:72.5%;max-width:400px\" \/>\t\t\t\t\t\t\t\t\t\t\t\t\t\t\t<\/div>\n\t\t\t\t<\/div>\n\t\t\t\t\t<\/div>\n\t\t<\/div>\n\t\t\t\t\t<\/div>\n\t\t<\/section>\n\t\t\t\t<\/div>\n\t\t","protected":false},"excerpt":{"rendered":"<p>\u00a1Ven a surfear en el Delta! El wakeboard es un deporte acu\u00e1tico que consiste en deslizarse sobre el agua sobre una tabla, siendo arrastrado por una cuerda y un palonier entre las manos. La actividad es una combinaci\u00f3n entre esqu\u00ed acu\u00e1tico y surf de nieve y recibe su nombre por la estela que se deja&hellip; <a class=\"more-link\" href=\"https:\/\/enlarapita.com\/es\/que-hacer-o-ver\/actividades-acuaticas\/wakeboard-en-la-rapita\/\">Seguir leyendo <span class=\"screen-reader-text\">Wakeboard en la R\u00e0pita<\/span><\/a><\/p>\n","protected":false},"author":1,"featured_media":20684,"parent":13447,"menu_order":0,"comment_status":"closed","ping_status":"closed","template":"page-categories.php","meta":{"_acf_changed":false,"footnotes":""},"class_list":["post-20757","page","type-page","status-publish","has-post-thumbnail","hentry","entry"],"acf":[],"yoast_head":"<!-- This site is optimized with the Yoast SEO plugin v27.4 - https:\/\/yoast.com\/product\/yoast-seo-wordpress\/ -->\n<title>Wakeboard en la R\u00e0pita - Actividades acu\u00e1ticas<\/title>\n<meta name=\"description\" content=\"El wakeboard es un deporte acu\u00e1tico que consiste en deslizarse sobre el agua sobre una tabla, siendo arrastrado por una cuerda y un palonier entre las manos\" \/>\n<meta name=\"robots\" content=\"index, follow, max-snippet:-1, max-image-preview:large, max-video-preview:-1\" \/>\n<link rel=\"canonical\" href=\"https:\/\/enlarapita.com\/es\/que-hacer-o-ver\/actividades-acuaticas\/wakeboard-en-la-rapita\/\" \/>\n<meta property=\"og:locale\" content=\"es_ES\" \/>\n<meta property=\"og:type\" content=\"article\" \/>\n<meta property=\"og:title\" content=\"Wakeboard en la R\u00e0pita - Actividades acu\u00e1ticas\" \/>\n<meta property=\"og:description\" content=\"El wakeboard es un deporte acu\u00e1tico que consiste en deslizarse sobre el agua sobre una tabla, siendo arrastrado por una cuerda y un palonier entre las manos\" \/>\n<meta property=\"og:url\" content=\"https:\/\/enlarapita.com\/es\/que-hacer-o-ver\/actividades-acuaticas\/wakeboard-en-la-rapita\/\" \/>\n<meta property=\"og:site_name\" content=\"En la R\u00e0pita\" \/>\n<meta property=\"article:modified_time\" content=\"2024-05-30T07:23:21+00:00\" \/>\n<meta property=\"og:image\" content=\"https:\/\/enlarapita.com\/wp-content\/uploads\/2024\/05\/wakepark.jpg\" \/>\n\t<meta property=\"og:image:width\" content=\"1920\" \/>\n\t<meta property=\"og:image:height\" content=\"1277\" \/>\n\t<meta property=\"og:image:type\" content=\"image\/jpeg\" \/>\n<meta name=\"twitter:card\" content=\"summary_large_image\" \/>\n<script type=\"application\/ld+json\" class=\"yoast-schema-graph\">{\"@context\":\"https:\\\/\\\/schema.org\",\"@graph\":[{\"@type\":\"WebPage\",\"@id\":\"https:\\\/\\\/enlarapita.com\\\/es\\\/que-hacer-o-ver\\\/actividades-acuaticas\\\/wakeboard-en-la-rapita\\\/\",\"url\":\"https:\\\/\\\/enlarapita.com\\\/es\\\/que-hacer-o-ver\\\/actividades-acuaticas\\\/wakeboard-en-la-rapita\\\/\",\"name\":\"Wakeboard en la R\u00e0pita - Actividades acu\u00e1ticas\",\"isPartOf\":{\"@id\":\"https:\\\/\\\/enlarapita.com\\\/es\\\/#website\"},\"primaryImageOfPage\":{\"@id\":\"https:\\\/\\\/enlarapita.com\\\/es\\\/que-hacer-o-ver\\\/actividades-acuaticas\\\/wakeboard-en-la-rapita\\\/#primaryimage\"},\"image\":{\"@id\":\"https:\\\/\\\/enlarapita.com\\\/es\\\/que-hacer-o-ver\\\/actividades-acuaticas\\\/wakeboard-en-la-rapita\\\/#primaryimage\"},\"thumbnailUrl\":\"https:\\\/\\\/enlarapita.com\\\/wp-content\\\/uploads\\\/2024\\\/05\\\/wakepark.jpg\",\"datePublished\":\"2024-05-30T07:23:20+00:00\",\"dateModified\":\"2024-05-30T07:23:21+00:00\",\"description\":\"El wakeboard es un deporte acu\u00e1tico que consiste en deslizarse sobre el agua sobre una tabla, siendo arrastrado por una cuerda y un palonier entre las manos\",\"breadcrumb\":{\"@id\":\"https:\\\/\\\/enlarapita.com\\\/es\\\/que-hacer-o-ver\\\/actividades-acuaticas\\\/wakeboard-en-la-rapita\\\/#breadcrumb\"},\"inLanguage\":\"es\",\"potentialAction\":[{\"@type\":\"ReadAction\",\"target\":[\"https:\\\/\\\/enlarapita.com\\\/es\\\/que-hacer-o-ver\\\/actividades-acuaticas\\\/wakeboard-en-la-rapita\\\/\"]}]},{\"@type\":\"ImageObject\",\"inLanguage\":\"es\",\"@id\":\"https:\\\/\\\/enlarapita.com\\\/es\\\/que-hacer-o-ver\\\/actividades-acuaticas\\\/wakeboard-en-la-rapita\\\/#primaryimage\",\"url\":\"https:\\\/\\\/enlarapita.com\\\/wp-content\\\/uploads\\\/2024\\\/05\\\/wakepark.jpg\",\"contentUrl\":\"https:\\\/\\\/enlarapita.com\\\/wp-content\\\/uploads\\\/2024\\\/05\\\/wakepark.jpg\",\"width\":1920,\"height\":1277,\"caption\":\"wakepark\"},{\"@type\":\"BreadcrumbList\",\"@id\":\"https:\\\/\\\/enlarapita.com\\\/es\\\/que-hacer-o-ver\\\/actividades-acuaticas\\\/wakeboard-en-la-rapita\\\/#breadcrumb\",\"itemListElement\":[{\"@type\":\"ListItem\",\"position\":1,\"name\":\"Portada\",\"item\":\"https:\\\/\\\/enlarapita.com\\\/es\\\/\"},{\"@type\":\"ListItem\",\"position\":2,\"name\":\"Qu\u00e9 hacer o ver en La R\u00e0pita\",\"item\":\"https:\\\/\\\/enlarapita.com\\\/es\\\/que-hacer-o-ver\\\/\"},{\"@type\":\"ListItem\",\"position\":3,\"name\":\"Actividades acu\u00e1ticas en La R\u00e0pita\",\"item\":\"https:\\\/\\\/enlarapita.com\\\/es\\\/que-hacer-o-ver\\\/actividades-acuaticas\\\/\"},{\"@type\":\"ListItem\",\"position\":4,\"name\":\"Wakeboard en la R\u00e0pita\"}]},{\"@type\":\"WebSite\",\"@id\":\"https:\\\/\\\/enlarapita.com\\\/es\\\/#website\",\"url\":\"https:\\\/\\\/enlarapita.com\\\/es\\\/\",\"name\":\"En la R\u00e0pita\",\"description\":\"\",\"publisher\":{\"@id\":\"https:\\\/\\\/enlarapita.com\\\/es\\\/#organization\"},\"potentialAction\":[{\"@type\":\"SearchAction\",\"target\":{\"@type\":\"EntryPoint\",\"urlTemplate\":\"https:\\\/\\\/enlarapita.com\\\/es\\\/?s={search_term_string}\"},\"query-input\":{\"@type\":\"PropertyValueSpecification\",\"valueRequired\":true,\"valueName\":\"search_term_string\"}}],\"inLanguage\":\"es\"},{\"@type\":\"Organization\",\"@id\":\"https:\\\/\\\/enlarapita.com\\\/es\\\/#organization\",\"name\":\"En la R\u00e0pita\",\"url\":\"https:\\\/\\\/enlarapita.com\\\/es\\\/\",\"logo\":{\"@type\":\"ImageObject\",\"inLanguage\":\"es\",\"@id\":\"https:\\\/\\\/enlarapita.com\\\/es\\\/#\\\/schema\\\/logo\\\/image\\\/\",\"url\":\"https:\\\/\\\/enlarapita.com\\\/wp-content\\\/uploads\\\/2021\\\/04\\\/cropped-logo-enlarapita-blau.png\",\"contentUrl\":\"https:\\\/\\\/enlarapita.com\\\/wp-content\\\/uploads\\\/2021\\\/04\\\/cropped-logo-enlarapita-blau.png\",\"width\":130,\"height\":19,\"caption\":\"En la R\u00e0pita\"},\"image\":{\"@id\":\"https:\\\/\\\/enlarapita.com\\\/es\\\/#\\\/schema\\\/logo\\\/image\\\/\"}}]}<\/script>\n<!-- \/ Yoast SEO plugin. -->","yoast_head_json":{"title":"Wakeboard en la R\u00e0pita - Actividades acu\u00e1ticas","description":"El wakeboard es un deporte acu\u00e1tico que consiste en deslizarse sobre el agua sobre una tabla, siendo arrastrado por una cuerda y un palonier entre las manos","robots":{"index":"index","follow":"follow","max-snippet":"max-snippet:-1","max-image-preview":"max-image-preview:large","max-video-preview":"max-video-preview:-1"},"canonical":"https:\/\/enlarapita.com\/es\/que-hacer-o-ver\/actividades-acuaticas\/wakeboard-en-la-rapita\/","og_locale":"es_ES","og_type":"article","og_title":"Wakeboard en la R\u00e0pita - Actividades acu\u00e1ticas","og_description":"El wakeboard es un deporte acu\u00e1tico que consiste en deslizarse sobre el agua sobre una tabla, siendo arrastrado por una cuerda y un palonier entre las manos","og_url":"https:\/\/enlarapita.com\/es\/que-hacer-o-ver\/actividades-acuaticas\/wakeboard-en-la-rapita\/","og_site_name":"En la R\u00e0pita","article_modified_time":"2024-05-30T07:23:21+00:00","og_image":[{"width":1920,"height":1277,"url":"https:\/\/enlarapita.com\/wp-content\/uploads\/2024\/05\/wakepark.jpg","type":"image\/jpeg"}],"twitter_card":"summary_large_image","schema":{"@context":"https:\/\/schema.org","@graph":[{"@type":"WebPage","@id":"https:\/\/enlarapita.com\/es\/que-hacer-o-ver\/actividades-acuaticas\/wakeboard-en-la-rapita\/","url":"https:\/\/enlarapita.com\/es\/que-hacer-o-ver\/actividades-acuaticas\/wakeboard-en-la-rapita\/","name":"Wakeboard en la R\u00e0pita - Actividades acu\u00e1ticas","isPartOf":{"@id":"https:\/\/enlarapita.com\/es\/#website"},"primaryImageOfPage":{"@id":"https:\/\/enlarapita.com\/es\/que-hacer-o-ver\/actividades-acuaticas\/wakeboard-en-la-rapita\/#primaryimage"},"image":{"@id":"https:\/\/enlarapita.com\/es\/que-hacer-o-ver\/actividades-acuaticas\/wakeboard-en-la-rapita\/#primaryimage"},"thumbnailUrl":"https:\/\/enlarapita.com\/wp-content\/uploads\/2024\/05\/wakepark.jpg","datePublished":"2024-05-30T07:23:20+00:00","dateModified":"2024-05-30T07:23:21+00:00","description":"El wakeboard es un deporte acu\u00e1tico que consiste en deslizarse sobre el agua sobre una tabla, siendo arrastrado por una cuerda y un palonier entre las manos","breadcrumb":{"@id":"https:\/\/enlarapita.com\/es\/que-hacer-o-ver\/actividades-acuaticas\/wakeboard-en-la-rapita\/#breadcrumb"},"inLanguage":"es","potentialAction":[{"@type":"ReadAction","target":["https:\/\/enlarapita.com\/es\/que-hacer-o-ver\/actividades-acuaticas\/wakeboard-en-la-rapita\/"]}]},{"@type":"ImageObject","inLanguage":"es","@id":"https:\/\/enlarapita.com\/es\/que-hacer-o-ver\/actividades-acuaticas\/wakeboard-en-la-rapita\/#primaryimage","url":"https:\/\/enlarapita.com\/wp-content\/uploads\/2024\/05\/wakepark.jpg","contentUrl":"https:\/\/enlarapita.com\/wp-content\/uploads\/2024\/05\/wakepark.jpg","width":1920,"height":1277,"caption":"wakepark"},{"@type":"BreadcrumbList","@id":"https:\/\/enlarapita.com\/es\/que-hacer-o-ver\/actividades-acuaticas\/wakeboard-en-la-rapita\/#breadcrumb","itemListElement":[{"@type":"ListItem","position":1,"name":"Portada","item":"https:\/\/enlarapita.com\/es\/"},{"@type":"ListItem","position":2,"name":"Qu\u00e9 hacer o ver en La R\u00e0pita","item":"https:\/\/enlarapita.com\/es\/que-hacer-o-ver\/"},{"@type":"ListItem","position":3,"name":"Actividades acu\u00e1ticas en La R\u00e0pita","item":"https:\/\/enlarapita.com\/es\/que-hacer-o-ver\/actividades-acuaticas\/"},{"@type":"ListItem","position":4,"name":"Wakeboard en la R\u00e0pita"}]},{"@type":"WebSite","@id":"https:\/\/enlarapita.com\/es\/#website","url":"https:\/\/enlarapita.com\/es\/","name":"En la R\u00e0pita","description":"","publisher":{"@id":"https:\/\/enlarapita.com\/es\/#organization"},"potentialAction":[{"@type":"SearchAction","target":{"@type":"EntryPoint","urlTemplate":"https:\/\/enlarapita.com\/es\/?s={search_term_string}"},"query-input":{"@type":"PropertyValueSpecification","valueRequired":true,"valueName":"search_term_string"}}],"inLanguage":"es"},{"@type":"Organization","@id":"https:\/\/enlarapita.com\/es\/#organization","name":"En la R\u00e0pita","url":"https:\/\/enlarapita.com\/es\/","logo":{"@type":"ImageObject","inLanguage":"es","@id":"https:\/\/enlarapita.com\/es\/#\/schema\/logo\/image\/","url":"https:\/\/enlarapita.com\/wp-content\/uploads\/2021\/04\/cropped-logo-enlarapita-blau.png","contentUrl":"https:\/\/enlarapita.com\/wp-content\/uploads\/2021\/04\/cropped-logo-enlarapita-blau.png","width":130,"height":19,"caption":"En la R\u00e0pita"},"image":{"@id":"https:\/\/enlarapita.com\/es\/#\/schema\/logo\/image\/"}}]}},"_links":{"self":[{"href":"https:\/\/enlarapita.com\/es\/wp-json\/wp\/v2\/pages\/20757","targetHints":{"allow":["GET"]}}],"collection":[{"href":"https:\/\/enlarapita.com\/es\/wp-json\/wp\/v2\/pages"}],"about":[{"href":"https:\/\/enlarapita.com\/es\/wp-json\/wp\/v2\/types\/page"}],"author":[{"embeddable":true,"href":"https:\/\/enlarapita.com\/es\/wp-json\/wp\/v2\/users\/1"}],"replies":[{"embeddable":true,"href":"https:\/\/enlarapita.com\/es\/wp-json\/wp\/v2\/comments?post=20757"}],"version-history":[{"count":1,"href":"https:\/\/enlarapita.com\/es\/wp-json\/wp\/v2\/pages\/20757\/revisions"}],"predecessor-version":[{"id":20758,"href":"https:\/\/enlarapita.com\/es\/wp-json\/wp\/v2\/pages\/20757\/revisions\/20758"}],"up":[{"embeddable":true,"href":"https:\/\/enlarapita.com\/es\/wp-json\/wp\/v2\/pages\/13447"}],"wp:featuredmedia":[{"embeddable":true,"href":"https:\/\/enlarapita.com\/es\/wp-json\/wp\/v2\/media\/20684"}],"wp:attachment":[{"href":"https:\/\/enlarapita.com\/es\/wp-json\/wp\/v2\/media?parent=20757"}],"curies":[{"name":"wp","href":"https:\/\/api.w.org\/{rel}","templated":true}]}}