{"id":20743,"date":"2024-05-30T08:55:07","date_gmt":"2024-05-30T06:55:07","guid":{"rendered":"https:\/\/enlarapita.com\/que-hacer-o-ver\/naturaleza-y-aventura\/ruta-a-caballo-por-el-delta\/"},"modified":"2024-05-30T08:55:08","modified_gmt":"2024-05-30T06:55:08","slug":"ruta-a-caballo-por-el-delta","status":"publish","type":"page","link":"https:\/\/enlarapita.com\/es\/que-hacer-o-ver\/naturaleza-y-aventura\/ruta-a-caballo-por-el-delta\/","title":{"rendered":"Paseo a Caballo por el Delta"},"content":{"rendered":"\t\t<div data-elementor-type=\"wp-page\" data-elementor-id=\"20743\" class=\"elementor elementor-20743 elementor-20671\" data-elementor-post-type=\"page\">\n\t\t\t\t\t\t<section class=\"elementor-section elementor-top-section elementor-element elementor-element-11a12f9f elementor-section-content-middle elementor-section-boxed elementor-section-height-default elementor-section-height-default\" data-id=\"11a12f9f\" data-element_type=\"section\" data-e-type=\"section\">\n\t\t\t\t\t\t<div class=\"elementor-container elementor-column-gap-default\">\n\t\t\t\t\t<div class=\"elementor-column elementor-col-50 elementor-top-column elementor-element elementor-element-3bd87543\" data-id=\"3bd87543\" data-element_type=\"column\" data-e-type=\"column\">\n\t\t\t<div class=\"elementor-widget-wrap elementor-element-populated\">\n\t\t\t\t\t\t<div class=\"elementor-element elementor-element-7e323349 elementor-widget elementor-widget-heading\" data-id=\"7e323349\" data-element_type=\"widget\" data-e-type=\"widget\" data-widget_type=\"heading.default\">\n\t\t\t\t<div class=\"elementor-widget-container\">\n\t\t\t\t\t<h2 class=\"elementor-heading-title elementor-size-default\">Paseo a Caballo por el Delta<\/h2>\t\t\t\t<\/div>\n\t\t\t\t<\/div>\n\t\t\t\t<div class=\"elementor-element elementor-element-1cbfa581 elementor-widget elementor-widget-text-editor\" data-id=\"1cbfa581\" data-element_type=\"widget\" data-e-type=\"widget\" data-widget_type=\"text-editor.default\">\n\t\t\t\t<div class=\"elementor-widget-container\">\n\t\t\t\t\t\t\t\t\t<p>Sum\u00e9rgete en una emocionante aventura a caballo por el Delta del Ebro, una experiencia que te llevar\u00e1 a descubrir la belleza natural y cultural de esta regi\u00f3n \u00fanica en el Mediterr\u00e1neo. Partiendo desde nuestra caba\u00f1a, te invitamos a embarcarte en un viaje m\u00e1gico a trav\u00e9s de los campos de arroz, donde podr\u00e1s conectar con la naturaleza y experimentar la vida rural mientras observamos de cerca la diversa fauna local y aprendemos sobre el cultivo tradicional del arroz.<\/p>\n\t\t\t\t\t\t\t\t<\/div>\n\t\t\t\t<\/div>\n\t\t\t\t<div class=\"elementor-element elementor-element-7a892653 elementor-widget elementor-widget-heading\" data-id=\"7a892653\" data-element_type=\"widget\" data-e-type=\"widget\" data-widget_type=\"heading.default\">\n\t\t\t\t<div class=\"elementor-widget-container\">\n\t\t\t\t\t<h2 class=\"elementor-heading-title elementor-size-default\">Inmersi\u00f3n total en los encantos del Delta<\/h2>\t\t\t\t<\/div>\n\t\t\t\t<\/div>\n\t\t\t\t<div class=\"elementor-element elementor-element-7485a2ea elementor-widget elementor-widget-text-editor\" data-id=\"7485a2ea\" data-element_type=\"widget\" data-e-type=\"widget\" data-widget_type=\"text-editor.default\">\n\t\t\t\t<div class=\"elementor-widget-container\">\n\t\t\t\t\t\t\t\t\t<p>Pero este paseo no es solo una simple excursi\u00f3n a caballo; es una inmersi\u00f3n total en los encantos del Delta. Con nuestros gu\u00edas expertos, tendr\u00e1s la oportunidad de experimentar una actividad \u00fanica: dar una vuelta dentro del agua con nuestros magn\u00edficos caballos. Es una experiencia que te permitir\u00e1 conectar con la naturaleza de una manera inigualable, una oportunidad para contemplar el paisaje desde una perspectiva totalmente nueva y dejarte llevar por la magia del Delta.<\/p>\n\t\t\t\t\t\t\t\t<\/div>\n\t\t\t\t<\/div>\n\t\t\t\t\t<\/div>\n\t\t<\/div>\n\t\t\t\t<div class=\"elementor-column elementor-col-50 elementor-top-column elementor-element elementor-element-cb5ebe1\" data-id=\"cb5ebe1\" data-element_type=\"column\" data-e-type=\"column\">\n\t\t\t<div class=\"elementor-widget-wrap elementor-element-populated\">\n\t\t\t\t\t\t<div class=\"elementor-element elementor-element-e437ca7 elementor-widget elementor-widget-image\" data-id=\"e437ca7\" data-element_type=\"widget\" data-e-type=\"widget\" data-widget_type=\"image.default\">\n\t\t\t\t<div class=\"elementor-widget-container\">\n\t\t\t\t\t\t\t\t\t\t\t\t\t\t\t<img fetchpriority=\"high\" decoding=\"async\" width=\"800\" height=\"533\" src=\"https:\/\/enlarapita.com\/wp-content\/uploads\/2024\/05\/cavall7-1.jpg\" class=\"attachment-full size-full wp-image-20609\" alt=\"\" srcset=\"https:\/\/enlarapita.com\/wp-content\/uploads\/2024\/05\/cavall7-1.jpg 800w, https:\/\/enlarapita.com\/wp-content\/uploads\/2024\/05\/cavall7-1-300x200.jpg 300w, https:\/\/enlarapita.com\/wp-content\/uploads\/2024\/05\/cavall7-1-768x512.jpg 768w\" sizes=\"(max-width: 800px) 100vw, 800px\" style=\"width:100%;height:66.63%;max-width:800px\" \/>\t\t\t\t\t\t\t\t\t\t\t\t\t\t\t<\/div>\n\t\t\t\t<\/div>\n\t\t\t\t\t<\/div>\n\t\t<\/div>\n\t\t\t\t\t<\/div>\n\t\t<\/section>\n\t\t\t\t<\/div>\n\t\t","protected":false},"excerpt":{"rendered":"<p>Paseo a Caballo por el Delta Sum\u00e9rgete en una emocionante aventura a caballo por el Delta del Ebro, una experiencia que te llevar\u00e1 a descubrir la belleza natural y cultural de esta regi\u00f3n \u00fanica en el Mediterr\u00e1neo. Partiendo desde nuestra caba\u00f1a, te invitamos a embarcarte en un viaje m\u00e1gico a trav\u00e9s de los campos de&hellip; <a class=\"more-link\" href=\"https:\/\/enlarapita.com\/es\/que-hacer-o-ver\/naturaleza-y-aventura\/ruta-a-caballo-por-el-delta\/\">Seguir leyendo <span class=\"screen-reader-text\">Paseo a Caballo por el Delta<\/span><\/a><\/p>\n","protected":false},"author":1,"featured_media":20605,"parent":13589,"menu_order":0,"comment_status":"closed","ping_status":"closed","template":"page-categories.php","meta":{"_acf_changed":false,"footnotes":""},"class_list":["post-20743","page","type-page","status-publish","has-post-thumbnail","hentry","entry"],"acf":[],"yoast_head":"<!-- This site is optimized with the Yoast SEO plugin v27.4 - https:\/\/yoast.com\/product\/yoast-seo-wordpress\/ -->\n<title>Excursiones en la R\u00e0pita - Qu\u00e9 ver<\/title>\n<meta name=\"description\" content=\"Si te gusta la naturaleza, respirar aire libre y hacer deporte, ap\u00fantate a hacer excursiones a la R\u00e1pita para descubrir rutas en este para\u00edso.\" \/>\n<meta name=\"robots\" content=\"index, follow, max-snippet:-1, max-image-preview:large, max-video-preview:-1\" \/>\n<link rel=\"canonical\" href=\"https:\/\/enlarapita.com\/es\/que-hacer-o-ver\/naturaleza-y-aventura\/ruta-a-caballo-por-el-delta\/\" \/>\n<meta property=\"og:locale\" content=\"es_ES\" \/>\n<meta property=\"og:type\" content=\"article\" \/>\n<meta property=\"og:title\" content=\"Excursiones en la R\u00e0pita - Qu\u00e9 ver\" \/>\n<meta property=\"og:description\" content=\"Si te gusta la naturaleza, respirar aire libre y hacer deporte, ap\u00fantate a hacer excursiones a la R\u00e1pita para descubrir rutas en este para\u00edso.\" \/>\n<meta property=\"og:url\" content=\"https:\/\/enlarapita.com\/es\/que-hacer-o-ver\/naturaleza-y-aventura\/ruta-a-caballo-por-el-delta\/\" \/>\n<meta property=\"og:site_name\" content=\"En la R\u00e0pita\" \/>\n<meta property=\"article:modified_time\" content=\"2024-05-30T06:55:08+00:00\" \/>\n<meta property=\"og:image\" content=\"https:\/\/enlarapita.com\/wp-content\/uploads\/2024\/05\/cavall6-1.jpg\" \/>\n\t<meta property=\"og:image:width\" content=\"1678\" \/>\n\t<meta property=\"og:image:height\" content=\"1119\" \/>\n\t<meta property=\"og:image:type\" content=\"image\/jpeg\" \/>\n<meta name=\"twitter:card\" content=\"summary_large_image\" \/>\n<meta name=\"twitter:label1\" content=\"Tiempo de lectura\" \/>\n\t<meta name=\"twitter:data1\" content=\"1 minuto\" \/>\n<script type=\"application\/ld+json\" class=\"yoast-schema-graph\">{\"@context\":\"https:\\\/\\\/schema.org\",\"@graph\":[{\"@type\":\"WebPage\",\"@id\":\"https:\\\/\\\/enlarapita.com\\\/es\\\/que-hacer-o-ver\\\/naturaleza-y-aventura\\\/ruta-a-caballo-por-el-delta\\\/\",\"url\":\"https:\\\/\\\/enlarapita.com\\\/es\\\/que-hacer-o-ver\\\/naturaleza-y-aventura\\\/ruta-a-caballo-por-el-delta\\\/\",\"name\":\"Excursiones en la R\u00e0pita - Qu\u00e9 ver\",\"isPartOf\":{\"@id\":\"https:\\\/\\\/enlarapita.com\\\/es\\\/#website\"},\"primaryImageOfPage\":{\"@id\":\"https:\\\/\\\/enlarapita.com\\\/es\\\/que-hacer-o-ver\\\/naturaleza-y-aventura\\\/ruta-a-caballo-por-el-delta\\\/#primaryimage\"},\"image\":{\"@id\":\"https:\\\/\\\/enlarapita.com\\\/es\\\/que-hacer-o-ver\\\/naturaleza-y-aventura\\\/ruta-a-caballo-por-el-delta\\\/#primaryimage\"},\"thumbnailUrl\":\"https:\\\/\\\/enlarapita.com\\\/wp-content\\\/uploads\\\/2024\\\/05\\\/cavall6-1.jpg\",\"datePublished\":\"2024-05-30T06:55:07+00:00\",\"dateModified\":\"2024-05-30T06:55:08+00:00\",\"description\":\"Si te gusta la naturaleza, respirar aire libre y hacer deporte, ap\u00fantate a hacer excursiones a la R\u00e1pita para descubrir rutas en este para\u00edso.\",\"breadcrumb\":{\"@id\":\"https:\\\/\\\/enlarapita.com\\\/es\\\/que-hacer-o-ver\\\/naturaleza-y-aventura\\\/ruta-a-caballo-por-el-delta\\\/#breadcrumb\"},\"inLanguage\":\"es\",\"potentialAction\":[{\"@type\":\"ReadAction\",\"target\":[\"https:\\\/\\\/enlarapita.com\\\/es\\\/que-hacer-o-ver\\\/naturaleza-y-aventura\\\/ruta-a-caballo-por-el-delta\\\/\"]}]},{\"@type\":\"ImageObject\",\"inLanguage\":\"es\",\"@id\":\"https:\\\/\\\/enlarapita.com\\\/es\\\/que-hacer-o-ver\\\/naturaleza-y-aventura\\\/ruta-a-caballo-por-el-delta\\\/#primaryimage\",\"url\":\"https:\\\/\\\/enlarapita.com\\\/wp-content\\\/uploads\\\/2024\\\/05\\\/cavall6-1.jpg\",\"contentUrl\":\"https:\\\/\\\/enlarapita.com\\\/wp-content\\\/uploads\\\/2024\\\/05\\\/cavall6-1.jpg\",\"width\":1678,\"height\":1119,\"caption\":\"Cavalls\"},{\"@type\":\"BreadcrumbList\",\"@id\":\"https:\\\/\\\/enlarapita.com\\\/es\\\/que-hacer-o-ver\\\/naturaleza-y-aventura\\\/ruta-a-caballo-por-el-delta\\\/#breadcrumb\",\"itemListElement\":[{\"@type\":\"ListItem\",\"position\":1,\"name\":\"Portada\",\"item\":\"https:\\\/\\\/enlarapita.com\\\/es\\\/\"},{\"@type\":\"ListItem\",\"position\":2,\"name\":\"Qu\u00e9 hacer o ver en La R\u00e0pita\",\"item\":\"https:\\\/\\\/enlarapita.com\\\/es\\\/que-hacer-o-ver\\\/\"},{\"@type\":\"ListItem\",\"position\":3,\"name\":\"Naturaleza y aventura en La R\u00e0pita\",\"item\":\"https:\\\/\\\/enlarapita.com\\\/es\\\/que-hacer-o-ver\\\/naturaleza-y-aventura\\\/\"},{\"@type\":\"ListItem\",\"position\":4,\"name\":\"Paseo a Caballo por el Delta\"}]},{\"@type\":\"WebSite\",\"@id\":\"https:\\\/\\\/enlarapita.com\\\/es\\\/#website\",\"url\":\"https:\\\/\\\/enlarapita.com\\\/es\\\/\",\"name\":\"En la R\u00e0pita\",\"description\":\"\",\"publisher\":{\"@id\":\"https:\\\/\\\/enlarapita.com\\\/es\\\/#organization\"},\"potentialAction\":[{\"@type\":\"SearchAction\",\"target\":{\"@type\":\"EntryPoint\",\"urlTemplate\":\"https:\\\/\\\/enlarapita.com\\\/es\\\/?s={search_term_string}\"},\"query-input\":{\"@type\":\"PropertyValueSpecification\",\"valueRequired\":true,\"valueName\":\"search_term_string\"}}],\"inLanguage\":\"es\"},{\"@type\":\"Organization\",\"@id\":\"https:\\\/\\\/enlarapita.com\\\/es\\\/#organization\",\"name\":\"En la R\u00e0pita\",\"url\":\"https:\\\/\\\/enlarapita.com\\\/es\\\/\",\"logo\":{\"@type\":\"ImageObject\",\"inLanguage\":\"es\",\"@id\":\"https:\\\/\\\/enlarapita.com\\\/es\\\/#\\\/schema\\\/logo\\\/image\\\/\",\"url\":\"https:\\\/\\\/enlarapita.com\\\/wp-content\\\/uploads\\\/2021\\\/04\\\/cropped-logo-enlarapita-blau.png\",\"contentUrl\":\"https:\\\/\\\/enlarapita.com\\\/wp-content\\\/uploads\\\/2021\\\/04\\\/cropped-logo-enlarapita-blau.png\",\"width\":130,\"height\":19,\"caption\":\"En la R\u00e0pita\"},\"image\":{\"@id\":\"https:\\\/\\\/enlarapita.com\\\/es\\\/#\\\/schema\\\/logo\\\/image\\\/\"}}]}<\/script>\n<!-- \/ Yoast SEO plugin. -->","yoast_head_json":{"title":"Excursiones en la R\u00e0pita - Qu\u00e9 ver","description":"Si te gusta la naturaleza, respirar aire libre y hacer deporte, ap\u00fantate a hacer excursiones a la R\u00e1pita para descubrir rutas en este para\u00edso.","robots":{"index":"index","follow":"follow","max-snippet":"max-snippet:-1","max-image-preview":"max-image-preview:large","max-video-preview":"max-video-preview:-1"},"canonical":"https:\/\/enlarapita.com\/es\/que-hacer-o-ver\/naturaleza-y-aventura\/ruta-a-caballo-por-el-delta\/","og_locale":"es_ES","og_type":"article","og_title":"Excursiones en la R\u00e0pita - Qu\u00e9 ver","og_description":"Si te gusta la naturaleza, respirar aire libre y hacer deporte, ap\u00fantate a hacer excursiones a la R\u00e1pita para descubrir rutas en este para\u00edso.","og_url":"https:\/\/enlarapita.com\/es\/que-hacer-o-ver\/naturaleza-y-aventura\/ruta-a-caballo-por-el-delta\/","og_site_name":"En la R\u00e0pita","article_modified_time":"2024-05-30T06:55:08+00:00","og_image":[{"width":1678,"height":1119,"url":"https:\/\/enlarapita.com\/wp-content\/uploads\/2024\/05\/cavall6-1.jpg","type":"image\/jpeg"}],"twitter_card":"summary_large_image","twitter_misc":{"Tiempo de lectura":"1 minuto"},"schema":{"@context":"https:\/\/schema.org","@graph":[{"@type":"WebPage","@id":"https:\/\/enlarapita.com\/es\/que-hacer-o-ver\/naturaleza-y-aventura\/ruta-a-caballo-por-el-delta\/","url":"https:\/\/enlarapita.com\/es\/que-hacer-o-ver\/naturaleza-y-aventura\/ruta-a-caballo-por-el-delta\/","name":"Excursiones en la R\u00e0pita - Qu\u00e9 ver","isPartOf":{"@id":"https:\/\/enlarapita.com\/es\/#website"},"primaryImageOfPage":{"@id":"https:\/\/enlarapita.com\/es\/que-hacer-o-ver\/naturaleza-y-aventura\/ruta-a-caballo-por-el-delta\/#primaryimage"},"image":{"@id":"https:\/\/enlarapita.com\/es\/que-hacer-o-ver\/naturaleza-y-aventura\/ruta-a-caballo-por-el-delta\/#primaryimage"},"thumbnailUrl":"https:\/\/enlarapita.com\/wp-content\/uploads\/2024\/05\/cavall6-1.jpg","datePublished":"2024-05-30T06:55:07+00:00","dateModified":"2024-05-30T06:55:08+00:00","description":"Si te gusta la naturaleza, respirar aire libre y hacer deporte, ap\u00fantate a hacer excursiones a la R\u00e1pita para descubrir rutas en este para\u00edso.","breadcrumb":{"@id":"https:\/\/enlarapita.com\/es\/que-hacer-o-ver\/naturaleza-y-aventura\/ruta-a-caballo-por-el-delta\/#breadcrumb"},"inLanguage":"es","potentialAction":[{"@type":"ReadAction","target":["https:\/\/enlarapita.com\/es\/que-hacer-o-ver\/naturaleza-y-aventura\/ruta-a-caballo-por-el-delta\/"]}]},{"@type":"ImageObject","inLanguage":"es","@id":"https:\/\/enlarapita.com\/es\/que-hacer-o-ver\/naturaleza-y-aventura\/ruta-a-caballo-por-el-delta\/#primaryimage","url":"https:\/\/enlarapita.com\/wp-content\/uploads\/2024\/05\/cavall6-1.jpg","contentUrl":"https:\/\/enlarapita.com\/wp-content\/uploads\/2024\/05\/cavall6-1.jpg","width":1678,"height":1119,"caption":"Cavalls"},{"@type":"BreadcrumbList","@id":"https:\/\/enlarapita.com\/es\/que-hacer-o-ver\/naturaleza-y-aventura\/ruta-a-caballo-por-el-delta\/#breadcrumb","itemListElement":[{"@type":"ListItem","position":1,"name":"Portada","item":"https:\/\/enlarapita.com\/es\/"},{"@type":"ListItem","position":2,"name":"Qu\u00e9 hacer o ver en La R\u00e0pita","item":"https:\/\/enlarapita.com\/es\/que-hacer-o-ver\/"},{"@type":"ListItem","position":3,"name":"Naturaleza y aventura en La R\u00e0pita","item":"https:\/\/enlarapita.com\/es\/que-hacer-o-ver\/naturaleza-y-aventura\/"},{"@type":"ListItem","position":4,"name":"Paseo a Caballo por el Delta"}]},{"@type":"WebSite","@id":"https:\/\/enlarapita.com\/es\/#website","url":"https:\/\/enlarapita.com\/es\/","name":"En la R\u00e0pita","description":"","publisher":{"@id":"https:\/\/enlarapita.com\/es\/#organization"},"potentialAction":[{"@type":"SearchAction","target":{"@type":"EntryPoint","urlTemplate":"https:\/\/enlarapita.com\/es\/?s={search_term_string}"},"query-input":{"@type":"PropertyValueSpecification","valueRequired":true,"valueName":"search_term_string"}}],"inLanguage":"es"},{"@type":"Organization","@id":"https:\/\/enlarapita.com\/es\/#organization","name":"En la R\u00e0pita","url":"https:\/\/enlarapita.com\/es\/","logo":{"@type":"ImageObject","inLanguage":"es","@id":"https:\/\/enlarapita.com\/es\/#\/schema\/logo\/image\/","url":"https:\/\/enlarapita.com\/wp-content\/uploads\/2021\/04\/cropped-logo-enlarapita-blau.png","contentUrl":"https:\/\/enlarapita.com\/wp-content\/uploads\/2021\/04\/cropped-logo-enlarapita-blau.png","width":130,"height":19,"caption":"En la R\u00e0pita"},"image":{"@id":"https:\/\/enlarapita.com\/es\/#\/schema\/logo\/image\/"}}]}},"_links":{"self":[{"href":"https:\/\/enlarapita.com\/es\/wp-json\/wp\/v2\/pages\/20743","targetHints":{"allow":["GET"]}}],"collection":[{"href":"https:\/\/enlarapita.com\/es\/wp-json\/wp\/v2\/pages"}],"about":[{"href":"https:\/\/enlarapita.com\/es\/wp-json\/wp\/v2\/types\/page"}],"author":[{"embeddable":true,"href":"https:\/\/enlarapita.com\/es\/wp-json\/wp\/v2\/users\/1"}],"replies":[{"embeddable":true,"href":"https:\/\/enlarapita.com\/es\/wp-json\/wp\/v2\/comments?post=20743"}],"version-history":[{"count":1,"href":"https:\/\/enlarapita.com\/es\/wp-json\/wp\/v2\/pages\/20743\/revisions"}],"predecessor-version":[{"id":20744,"href":"https:\/\/enlarapita.com\/es\/wp-json\/wp\/v2\/pages\/20743\/revisions\/20744"}],"up":[{"embeddable":true,"href":"https:\/\/enlarapita.com\/es\/wp-json\/wp\/v2\/pages\/13589"}],"wp:featuredmedia":[{"embeddable":true,"href":"https:\/\/enlarapita.com\/es\/wp-json\/wp\/v2\/media\/20605"}],"wp:attachment":[{"href":"https:\/\/enlarapita.com\/es\/wp-json\/wp\/v2\/media?parent=20743"}],"curies":[{"name":"wp","href":"https:\/\/api.w.org\/{rel}","templated":true}]}}