{"id":20357,"date":"2024-03-26T09:53:37","date_gmt":"2024-03-26T08:53:37","guid":{"rendered":"https:\/\/enlarapita.com\/politica-de-privacidad-redes-sociales-2\/"},"modified":"2024-03-26T10:04:38","modified_gmt":"2024-03-26T09:04:38","slug":"politica-de-privacidad-redes-sociales","status":"publish","type":"page","link":"https:\/\/enlarapita.com\/es\/politica-de-privacidad-redes-sociales\/","title":{"rendered":"Pol\u00edtica de privacidad redes sociales"},"content":{"rendered":"\t\t<div data-elementor-type=\"wp-page\" data-elementor-id=\"20357\" class=\"elementor elementor-20357 elementor-19884\" data-elementor-post-type=\"page\">\n\t\t\t\t\t\t<section class=\"elementor-section elementor-top-section elementor-element elementor-element-59e1527 page__general elementor-section-boxed elementor-section-height-default elementor-section-height-default\" data-id=\"59e1527\" data-element_type=\"section\" data-e-type=\"section\">\n\t\t\t\t\t\t<div class=\"elementor-container elementor-column-gap-default\">\n\t\t\t\t\t<div class=\"elementor-column elementor-col-100 elementor-top-column elementor-element elementor-element-caf2d7c\" data-id=\"caf2d7c\" data-element_type=\"column\" data-e-type=\"column\">\n\t\t\t<div class=\"elementor-widget-wrap elementor-element-populated\">\n\t\t\t\t\t\t<div class=\"elementor-element elementor-element-744a574e elementor-widget elementor-widget-heading\" data-id=\"744a574e\" data-element_type=\"widget\" data-e-type=\"widget\" data-widget_type=\"heading.default\">\n\t\t\t\t<div class=\"elementor-widget-container\">\n\t\t\t\t\t<h1 class=\"elementor-heading-title elementor-size-default\">POL\u00cdTICA DE PRIVACIDAD REDES SOCIALES<\/h1>\t\t\t\t<\/div>\n\t\t\t\t<\/div>\n\t\t\t\t<div class=\"elementor-element elementor-element-a9f8178 elementor-widget elementor-widget-heading\" data-id=\"a9f8178\" data-element_type=\"widget\" data-e-type=\"widget\" data-widget_type=\"heading.default\">\n\t\t\t\t<div class=\"elementor-widget-container\">\n\t\t\t\t\t<h2 class=\"elementor-heading-title elementor-size-default\">1. Informaci\u00f3n al usuario<\/h2>\t\t\t\t<\/div>\n\t\t\t\t<\/div>\n\t\t\t\t<div class=\"elementor-element elementor-element-d3f652e elementor-widget elementor-widget-heading\" data-id=\"d3f652e\" data-element_type=\"widget\" data-e-type=\"widget\" data-widget_type=\"heading.default\">\n\t\t\t\t<div class=\"elementor-widget-container\">\n\t\t\t\t\t<h3 class=\"elementor-heading-title elementor-size-default\">\u00bfQui\u00e9n es el responsable del tratamiento de tus datos personales?<\/h3>\t\t\t\t<\/div>\n\t\t\t\t<\/div>\n\t\t\t\t<div class=\"elementor-element elementor-element-e8f24a1 elementor-widget elementor-widget-text-editor\" data-id=\"e8f24a1\" data-element_type=\"widget\" data-e-type=\"widget\" data-widget_type=\"text-editor.default\">\n\t\t\t\t<div class=\"elementor-widget-container\">\n\t\t\t\t\t\t\t\t\tASOCIACION ESTACION NAUTICA LA RAPITA &#8211; DELTA DEL EBRO, en adelante, el RESPONSABLE, informa el USUARIO\r\n\r\nque ha procedido a crear un perfil en las redes sociales Facebook, Instagram, Twitter, LinkedIn, Youtube, Vimeo y Google+, que es el responsable del tratamiento de los datos personales del usuario que se lleve a cabo en estas redes sociales y informa que estos datos se tratar\u00e1n de conformidad con lo dispuesto en el Reglamento (UE) 2016\/679, de 27 de abril (GDPR), y la Ley Org\u00e1nica 3\/2018, de 5 de diciembre (LOPDGDD), por la que cosa se le facilita la siguiente informaci\u00f3n del tratamiento:\t\t\t\t\t\t\t\t<\/div>\n\t\t\t\t<\/div>\n\t\t\t\t<div class=\"elementor-element elementor-element-f1a576f elementor-widget elementor-widget-heading\" data-id=\"f1a576f\" data-element_type=\"widget\" data-e-type=\"widget\" data-widget_type=\"heading.default\">\n\t\t\t\t<div class=\"elementor-widget-container\">\n\t\t\t\t\t<h3 class=\"elementor-heading-title elementor-size-default\">\u00bfPor qu\u00e9 tratamos tus datos personales?<\/h3>\t\t\t\t<\/div>\n\t\t\t\t<\/div>\n\t\t\t\t<div class=\"elementor-element elementor-element-c82e395 elementor-widget__width-initial elementor-widget elementor-widget-text-editor\" data-id=\"c82e395\" data-element_type=\"widget\" data-e-type=\"widget\" data-widget_type=\"text-editor.default\">\n\t\t\t\t<div class=\"elementor-widget-container\">\n\t\t\t\t\t\t\t\t\t<p>Finalidad del tratamiento: mantener una relaci\u00f3n entre el USUARIO y el RESPONSABLE que puede incluir las siguientes operaciones:<\/p>\n<ul>\n<li>Tramitar solicitudes y consultas planteadas al responsable<\/li>\n<li>Informar sobre actividades y eventos organizados por el responsable<\/li>\n<li>Informar sobre productos o servicios ofrecidos por el responsable<\/li>\n<li>Interactuar a trav\u00e9s de los perfiles oficiales<\/li>\n<\/ul>\n\t\t\t\t\t\t\t\t<\/div>\n\t\t\t\t<\/div>\n\t\t\t\t<div class=\"elementor-element elementor-element-fc62b53 elementor-widget elementor-widget-heading\" data-id=\"fc62b53\" data-element_type=\"widget\" data-e-type=\"widget\" data-widget_type=\"heading.default\">\n\t\t\t\t<div class=\"elementor-widget-container\">\n\t\t\t\t\t<h3 class=\"elementor-heading-title elementor-size-default\">\u00bfPor qu\u00e9 podemos tratar tus datos personales?<\/h3>\t\t\t\t<\/div>\n\t\t\t\t<\/div>\n\t\t\t\t<div class=\"elementor-element elementor-element-3b4ea16 elementor-widget elementor-widget-text-editor\" data-id=\"3b4ea16\" data-element_type=\"widget\" data-e-type=\"widget\" data-widget_type=\"text-editor.default\">\n\t\t\t\t<div class=\"elementor-widget-container\">\n\t\t\t\t\t\t\t\t\t<strong>Base jur\u00eddica del tratamiento:<\/strong> art\u00edculo 6.1.a GDPR, el interesado ha dado su consentimiento para el tratamiento de sus datos personales para una o varias finalidades espec\u00edficas. El usuario dispone de un perfil en la misma red social y ha decidido unirse a la red social del RESPONSABLE, mostrando inter\u00e9s en la informaci\u00f3n que se publique, por tanto, a la hora de solicitar seguir nuestros perfiles oficiales nos facilita el consentimiento para el tratamiento de los datos personales publicados en su perfil.\r\n\r\nEl USUARIO puede acceder en cualquier momento a las pol\u00edticas de privacidad de la propia red social, y configurar su perfil para garantizar su privacidad.\r\n\r\nEl RESPONSABLE tiene acceso y trata la informaci\u00f3n p\u00fablica del USUARIO, en especial, su nombre de contacto. Estos datos s\u00f3lo se utilizan dentro de la propia red social \u00fanicamente se incorporar\u00e1n a un fichero de RESPONSABLE cuando sea necesario para tramitar la solicitud del USUARIO.\t\t\t\t\t\t\t\t<\/div>\n\t\t\t\t<\/div>\n\t\t\t\t<div class=\"elementor-element elementor-element-7e8492c elementor-widget elementor-widget-heading\" data-id=\"7e8492c\" data-element_type=\"widget\" data-e-type=\"widget\" data-widget_type=\"heading.default\">\n\t\t\t\t<div class=\"elementor-widget-container\">\n\t\t\t\t\t<h3 class=\"elementor-heading-title elementor-size-default\">\u00bfDurante cu\u00e1nto tiempo guardaremos tus datos personales?<\/h3>\t\t\t\t<\/div>\n\t\t\t\t<\/div>\n\t\t\t\t<div class=\"elementor-element elementor-element-3c46b2d elementor-widget elementor-widget-text-editor\" data-id=\"3c46b2d\" data-element_type=\"widget\" data-e-type=\"widget\" data-widget_type=\"text-editor.default\">\n\t\t\t\t<div class=\"elementor-widget-container\">\n\t\t\t\t\t\t\t\t\t<p><strong>Criterios de conservaci\u00f3n de los datos:<\/strong> se conservar\u00e1n mientras el USUARIO no revoque el consentimiento prestado tal y como se indica en esta pol\u00edtica de privacidad.<\/p>\n\t\t\t\t\t\t\t\t<\/div>\n\t\t\t\t<\/div>\n\t\t\t\t<div class=\"elementor-element elementor-element-7495053 elementor-widget elementor-widget-heading\" data-id=\"7495053\" data-element_type=\"widget\" data-e-type=\"widget\" data-widget_type=\"heading.default\">\n\t\t\t\t<div class=\"elementor-widget-container\">\n\t\t\t\t\t<h3 class=\"elementor-heading-title elementor-size-default\">\u00bfA qui\u00e9n facilitamos tus datos personales?<\/h3>\t\t\t\t<\/div>\n\t\t\t\t<\/div>\n\t\t\t\t<div class=\"elementor-element elementor-element-00be055 elementor-widget elementor-widget-text-editor\" data-id=\"00be055\" data-element_type=\"widget\" data-e-type=\"widget\" data-widget_type=\"text-editor.default\">\n\t\t\t\t<div class=\"elementor-widget-container\">\n\t\t\t\t\t\t\t\t\t<p>Comunicaci\u00f3n de los datos: la informaci\u00f3n facilitada por el usuario a trav\u00e9s de las redes sociales del RESPONSABLE, incluidos sus datos personales, puede ser publicada, siempre en funci\u00f3n de los servicios que el USUARIO utilice, de modo que podr\u00e1 quedar a disposici\u00f3n p\u00fablica de otros terceros usuarios de las redes sociales. Desde el perfil de cada red social, el USUARIO puede configurar la informaci\u00f3n que quiera hacer p\u00fablica en cada caso, ver los permisos concedidos, eliminarlos o desactivarlos, como cualquier aplicaci\u00f3n de un tercero que ya no se quiera utilizar.<br \/>No est\u00e1 prevista ninguna comunicaci\u00f3n de datos personales a terceros fuera de la red social excepto, si fuera imprescindible para el desarrollo y ejecuci\u00f3n de las finalidades del tratamiento, a nuestros proveedores de servicios relacionados con comunicaciones, con los cuales el RESPONSABLE ha formalizado los contratos de confidencialidad y encargado de tratamiento exigidos por la normativa vigente de privacidad.<\/p>\n\t\t\t\t\t\t\t\t<\/div>\n\t\t\t\t<\/div>\n\t\t\t\t<div class=\"elementor-element elementor-element-4dd2776 elementor-widget elementor-widget-heading\" data-id=\"4dd2776\" data-element_type=\"widget\" data-e-type=\"widget\" data-widget_type=\"heading.default\">\n\t\t\t\t<div class=\"elementor-widget-container\">\n\t\t\t\t\t<h3 class=\"elementor-heading-title elementor-size-default\">\u00bfCu\u00e1les son tus derechos?<\/h3>\t\t\t\t<\/div>\n\t\t\t\t<\/div>\n\t\t\t\t<div class=\"elementor-element elementor-element-43e2d6e elementor-widget elementor-widget-text-editor\" data-id=\"43e2d6e\" data-element_type=\"widget\" data-e-type=\"widget\" data-widget_type=\"text-editor.default\">\n\t\t\t\t<div class=\"elementor-widget-container\">\n\t\t\t\t\t\t\t\t\t<p>Derechos que tiene el usuario: s\u00f3lo se podr\u00e1n ejercer en relaci\u00f3n a la informaci\u00f3n que se encuentre bajo el control del RESPONSABLE.<\/p>\n<ol>\n<li>Derecho a retirar el consentimiento en cualquier momento<\/li>\n<li>Derecho de acceso, rectificaci\u00f3n, portabilidad y supresi\u00f3n de sus datos y de limitaci\u00f3n u oposici\u00f3n a su tratamiento<\/li>\n<li>Derecho a presentar una reclamaci\u00f3n ante la autoridad de control (www.aepd.es) si considera que el tratamiento no se ajusta a la normativa vigente<\/li>\n<\/ol>\n<p><strong>Datos de contacto para ejercer sus derechos:<\/strong><\/p>\n<p>ASOCIACION ESTACION NAUTICA LA RAPITA &#8211; DELTA DEL EBRO. Av. de los Alfacs (Parque de Garb\u00ed, oficina de turismo), S\/N &#8211; 43540 LA R\u00c1PITA (Tarragona). E-mail: info@enlarapita.com<\/p>\n\t\t\t\t\t\t\t\t<\/div>\n\t\t\t\t<\/div>\n\t\t\t\t<div class=\"elementor-element elementor-element-4247313 elementor-widget elementor-widget-heading\" data-id=\"4247313\" data-element_type=\"widget\" data-e-type=\"widget\" data-widget_type=\"heading.default\">\n\t\t\t\t<div class=\"elementor-widget-container\">\n\t\t\t\t\t<h2 class=\"elementor-heading-title elementor-size-default\">2. USO DEL PERFIL<\/h2>\t\t\t\t<\/div>\n\t\t\t\t<\/div>\n\t\t\t\t<div class=\"elementor-element elementor-element-73798c2 elementor-widget elementor-widget-text-editor\" data-id=\"73798c2\" data-element_type=\"widget\" data-e-type=\"widget\" data-widget_type=\"text-editor.default\">\n\t\t\t\t<div class=\"elementor-widget-container\">\n\t\t\t\t\t\t\t\t\t<p>El RESPONSABLE realizar\u00e1 las siguientes acciones:<\/p>\n<ul>\n<li>Acceso a la informaci\u00f3n p\u00fablica del perfil<\/li>\n<li>Publicaci\u00f3n en el perfil del USUARIO de toda aquella informaci\u00f3n ya publicada en la red social del RESPONSABLE<\/li>\n<li>Enviar mensajes personales e individuales a trav\u00e9s de los canales de la red social<\/li>\n<li>Actualizaciones del estado de la p\u00e1gina que se publicar\u00e1n en el perfil del USUARIO< \/li><\/ul>\n<div>\u00a0<\/div>\n<div>El USUARIO siempre puede controlar sus conexiones, eliminar los contenidos que dejen de interesarle y restringir con quien comparte sus conexiones; por eso tendr\u00e1 que acceder a su configuraci\u00f3n de privacidad.<\/div>\n\t\t\t\t\t\t\t\t<\/div>\n\t\t\t\t<\/div>\n\t\t\t\t<div class=\"elementor-element elementor-element-4d9ee12 elementor-widget elementor-widget-heading\" data-id=\"4d9ee12\" data-element_type=\"widget\" data-e-type=\"widget\" data-widget_type=\"heading.default\">\n\t\t\t\t<div class=\"elementor-widget-container\">\n\t\t\t\t\t<h2 class=\"elementor-heading-title elementor-size-default\">3. PUBLICACIONES<\/h2>\t\t\t\t<\/div>\n\t\t\t\t<\/div>\n\t\t\t\t<div class=\"elementor-element elementor-element-c230b23 elementor-widget elementor-widget-text-editor\" data-id=\"c230b23\" data-element_type=\"widget\" data-e-type=\"widget\" data-widget_type=\"text-editor.default\">\n\t\t\t\t<div class=\"elementor-widget-container\">\n\t\t\t\t\t\t\t\t\t<p>El USUARIO, una vez sea seguidor o se haya unido a la red social del RESPONSABLE, podr\u00e1 publicar comentarios, enlaces, im\u00e1genes, fotograf\u00edas o cualquier otro tipo de contenido multimedia admitido por la red. El USUARIO, en todos los casos, debe ser el titular del contenido publicado, gozar de los derechos de autor y de propiedad intelectual o contar con el consentimiento de los terceros afectados.<\/p>\n<p>Queda expresamente prohibida cualquier publicaci\u00f3n en la red social, ya sean textos, gr\u00e1ficos, fotograf\u00edas, v\u00eddeos, etc. que atenten\u00a0<span style=\"color: var(--fuente-color);\">o sean susceptibles de atentar contra la moral, la \u00e9tica, el buen gusto o el decoro, y\/o que infrinjan o violen los derechos de propiedad\u00a0<\/span><span style=\"color: var(--font-color);\">intelectual o industrial, el derecho a la imagen o la Ley.<\/span><\/p>\n<p><span style=\"color: var(--font-color);\">\u00a0<\/span><\/p>\n<p>En estos casos, el RESPONSABLE se reserva el derecho a retirar inmediatamente el contenido, sin comunicaci\u00f3n previa, y puede\u00a0<span style=\"color: var(--font-color);\">solicitar el bloqueo permanente del USUARIO.<\/span><\/p>\n<p><span style=\"color: var( --font-color);\">\u00a0<\/span><\/p>\n<p>El RESPONSABLE no se har\u00e1 responsable de los contenidos que ha publicado libremente un USUARIO.<\/p>\n<p>L &#8216;USUARIO debe tener presente que sus publicaciones ser\u00e1n visualizadas por los dem\u00e1s usuarios, de modo que \u00e9l mismo es el principal responsable de su privacidad.<\/p>\n<p>Las im\u00e1genes que puedan publicarse en la red social no es almacenar\u00e1n en ning\u00fan fichero por parte del RESPONSABLE, pero s\u00ed permanecer\u00e1n en la red social.<\/p>\n\t\t\t\t\t\t\t\t<\/div>\n\t\t\t\t<\/div>\n\t\t\t\t<div class=\"elementor-element elementor-element-f3ac95c elementor-widget elementor-widget-heading\" data-id=\"f3ac95c\" data-element_type=\"widget\" data-e-type=\"widget\" data-widget_type=\"heading.default\">\n\t\t\t\t<div class=\"elementor-widget-container\">\n\t\t\t\t\t<h2 class=\"elementor-heading-title elementor-size-default\">4. DATOS DE MENORES DE EDAD O PERSONAS CON CAPACIDADES ESPECIALES<\/h2>\t\t\t\t<\/div>\n\t\t\t\t<\/div>\n\t\t\t\t<div class=\"elementor-element elementor-element-05d224e elementor-widget elementor-widget-text-editor\" data-id=\"05d224e\" data-element_type=\"widget\" data-e-type=\"widget\" data-widget_type=\"text-editor.default\">\n\t\t\t\t<div class=\"elementor-widget-container\">\n\t\t\t\t\t\t\t\t\t<p>Se proh\u00edbe a los menores de 14 a\u00f1os acceder y registrarse en las redes sociales del RESPONSABLE. Por su parte, si el USUARIO tiene capacidades especiales, ser\u00e1 necesaria la intervenci\u00f3n del titular de su patria potestad o tutela, o de su representante legal mediante documento v\u00e1lido que acredite la representaci\u00f3n.<\/p>\n<p>EL RESPONSABLE queda expresamente exonerado de cualquier responsabilidad que pudiera derivarse del uso de las redes sociales por parte de menores o personas con capacidades especiales. Las redes sociales del RESPONSABLE no recogen conscientemente ninguna informaci\u00f3n personal de menores de edad, por eso, si el USUARIO es menor de edad, no debe registrarse, ni utilizar las redes sociales del RESPONSABLE ni tampoco proporcionar ninguna informaci\u00f3n personal .<\/p>\n\t\t\t\t\t\t\t\t<\/div>\n\t\t\t\t<\/div>\n\t\t\t\t\t<\/div>\n\t\t<\/div>\n\t\t\t\t\t<\/div>\n\t\t<\/section>\n\t\t\t\t<\/div>\n\t\t","protected":false},"excerpt":{"rendered":"<p>POL\u00cdTICA DE PRIVACIDAD REDES SOCIALES 1. Informaci\u00f3n al usuario \u00bfQui\u00e9n es el responsable del tratamiento de tus datos personales? ASOCIACION ESTACION NAUTICA LA RAPITA &#8211; DELTA DEL EBRO, en adelante, el RESPONSABLE, informa el USUARIO que ha procedido a crear un perfil en las redes sociales Facebook, Instagram, Twitter, LinkedIn, Youtube, Vimeo y Google+, que&hellip; <a class=\"more-link\" href=\"https:\/\/enlarapita.com\/es\/politica-de-privacidad-redes-sociales\/\">Seguir leyendo <span class=\"screen-reader-text\">Pol\u00edtica de privacidad redes sociales<\/span><\/a><\/p>\n","protected":false},"author":1,"featured_media":0,"parent":0,"menu_order":0,"comment_status":"closed","ping_status":"closed","template":"elementor_header_footer","meta":{"_acf_changed":false,"footnotes":""},"class_list":["post-20357","page","type-page","status-publish","hentry","entry"],"acf":[],"yoast_head":"<!-- This site is optimized with the Yoast SEO plugin v27.4 - https:\/\/yoast.com\/product\/yoast-seo-wordpress\/ -->\n<title>Pol\u00edtica de privacidad redes sociales - En la R\u00e0pita<\/title>\n<meta name=\"robots\" content=\"index, follow, max-snippet:-1, max-image-preview:large, max-video-preview:-1\" \/>\n<link rel=\"canonical\" href=\"https:\/\/enlarapita.com\/es\/politica-de-privacidad-redes-sociales\/\" \/>\n<meta property=\"og:locale\" content=\"es_ES\" \/>\n<meta property=\"og:type\" content=\"article\" \/>\n<meta property=\"og:title\" content=\"Pol\u00edtica de privacidad redes sociales - En la R\u00e0pita\" \/>\n<meta property=\"og:description\" content=\"POL\u00cdTICA DE PRIVACIDAD REDES SOCIALES 1. Informaci\u00f3n al usuario \u00bfQui\u00e9n es el responsable del tratamiento de tus datos personales? ASOCIACION ESTACION NAUTICA LA RAPITA &#8211; DELTA DEL EBRO, en adelante, el RESPONSABLE, informa el USUARIO que ha procedido a crear un perfil en las redes sociales Facebook, Instagram, Twitter, LinkedIn, Youtube, Vimeo y Google+, que&hellip; Seguir leyendo Pol\u00edtica de privacidad redes sociales\" \/>\n<meta property=\"og:url\" content=\"https:\/\/enlarapita.com\/es\/politica-de-privacidad-redes-sociales\/\" \/>\n<meta property=\"og:site_name\" content=\"En la R\u00e0pita\" \/>\n<meta property=\"article:modified_time\" content=\"2024-03-26T09:04:38+00:00\" \/>\n<meta name=\"twitter:card\" content=\"summary_large_image\" \/>\n<meta name=\"twitter:label1\" content=\"Tiempo de lectura\" \/>\n\t<meta name=\"twitter:data1\" content=\"6 minutos\" \/>\n<script type=\"application\/ld+json\" class=\"yoast-schema-graph\">{\"@context\":\"https:\\\/\\\/schema.org\",\"@graph\":[{\"@type\":\"WebPage\",\"@id\":\"https:\\\/\\\/enlarapita.com\\\/es\\\/politica-de-privacidad-redes-sociales\\\/\",\"url\":\"https:\\\/\\\/enlarapita.com\\\/es\\\/politica-de-privacidad-redes-sociales\\\/\",\"name\":\"Pol\u00edtica de privacidad redes sociales - En la R\u00e0pita\",\"isPartOf\":{\"@id\":\"https:\\\/\\\/enlarapita.com\\\/es\\\/#website\"},\"datePublished\":\"2024-03-26T08:53:37+00:00\",\"dateModified\":\"2024-03-26T09:04:38+00:00\",\"breadcrumb\":{\"@id\":\"https:\\\/\\\/enlarapita.com\\\/es\\\/politica-de-privacidad-redes-sociales\\\/#breadcrumb\"},\"inLanguage\":\"es\",\"potentialAction\":[{\"@type\":\"ReadAction\",\"target\":[\"https:\\\/\\\/enlarapita.com\\\/es\\\/politica-de-privacidad-redes-sociales\\\/\"]}]},{\"@type\":\"BreadcrumbList\",\"@id\":\"https:\\\/\\\/enlarapita.com\\\/es\\\/politica-de-privacidad-redes-sociales\\\/#breadcrumb\",\"itemListElement\":[{\"@type\":\"ListItem\",\"position\":1,\"name\":\"Portada\",\"item\":\"https:\\\/\\\/enlarapita.com\\\/es\\\/\"},{\"@type\":\"ListItem\",\"position\":2,\"name\":\"Pol\u00edtica de privacidad redes sociales\"}]},{\"@type\":\"WebSite\",\"@id\":\"https:\\\/\\\/enlarapita.com\\\/es\\\/#website\",\"url\":\"https:\\\/\\\/enlarapita.com\\\/es\\\/\",\"name\":\"En la R\u00e0pita\",\"description\":\"\",\"publisher\":{\"@id\":\"https:\\\/\\\/enlarapita.com\\\/es\\\/#organization\"},\"potentialAction\":[{\"@type\":\"SearchAction\",\"target\":{\"@type\":\"EntryPoint\",\"urlTemplate\":\"https:\\\/\\\/enlarapita.com\\\/es\\\/?s={search_term_string}\"},\"query-input\":{\"@type\":\"PropertyValueSpecification\",\"valueRequired\":true,\"valueName\":\"search_term_string\"}}],\"inLanguage\":\"es\"},{\"@type\":\"Organization\",\"@id\":\"https:\\\/\\\/enlarapita.com\\\/es\\\/#organization\",\"name\":\"En la R\u00e0pita\",\"url\":\"https:\\\/\\\/enlarapita.com\\\/es\\\/\",\"logo\":{\"@type\":\"ImageObject\",\"inLanguage\":\"es\",\"@id\":\"https:\\\/\\\/enlarapita.com\\\/es\\\/#\\\/schema\\\/logo\\\/image\\\/\",\"url\":\"https:\\\/\\\/enlarapita.com\\\/wp-content\\\/uploads\\\/2021\\\/04\\\/cropped-logo-enlarapita-blau.png\",\"contentUrl\":\"https:\\\/\\\/enlarapita.com\\\/wp-content\\\/uploads\\\/2021\\\/04\\\/cropped-logo-enlarapita-blau.png\",\"width\":130,\"height\":19,\"caption\":\"En la R\u00e0pita\"},\"image\":{\"@id\":\"https:\\\/\\\/enlarapita.com\\\/es\\\/#\\\/schema\\\/logo\\\/image\\\/\"}}]}<\/script>\n<!-- \/ Yoast SEO plugin. -->","yoast_head_json":{"title":"Pol\u00edtica de privacidad redes sociales - En la R\u00e0pita","robots":{"index":"index","follow":"follow","max-snippet":"max-snippet:-1","max-image-preview":"max-image-preview:large","max-video-preview":"max-video-preview:-1"},"canonical":"https:\/\/enlarapita.com\/es\/politica-de-privacidad-redes-sociales\/","og_locale":"es_ES","og_type":"article","og_title":"Pol\u00edtica de privacidad redes sociales - En la R\u00e0pita","og_description":"POL\u00cdTICA DE PRIVACIDAD REDES SOCIALES 1. Informaci\u00f3n al usuario \u00bfQui\u00e9n es el responsable del tratamiento de tus datos personales? ASOCIACION ESTACION NAUTICA LA RAPITA &#8211; DELTA DEL EBRO, en adelante, el RESPONSABLE, informa el USUARIO que ha procedido a crear un perfil en las redes sociales Facebook, Instagram, Twitter, LinkedIn, Youtube, Vimeo y Google+, que&hellip; Seguir leyendo Pol\u00edtica de privacidad redes sociales","og_url":"https:\/\/enlarapita.com\/es\/politica-de-privacidad-redes-sociales\/","og_site_name":"En la R\u00e0pita","article_modified_time":"2024-03-26T09:04:38+00:00","twitter_card":"summary_large_image","twitter_misc":{"Tiempo de lectura":"6 minutos"},"schema":{"@context":"https:\/\/schema.org","@graph":[{"@type":"WebPage","@id":"https:\/\/enlarapita.com\/es\/politica-de-privacidad-redes-sociales\/","url":"https:\/\/enlarapita.com\/es\/politica-de-privacidad-redes-sociales\/","name":"Pol\u00edtica de privacidad redes sociales - En la R\u00e0pita","isPartOf":{"@id":"https:\/\/enlarapita.com\/es\/#website"},"datePublished":"2024-03-26T08:53:37+00:00","dateModified":"2024-03-26T09:04:38+00:00","breadcrumb":{"@id":"https:\/\/enlarapita.com\/es\/politica-de-privacidad-redes-sociales\/#breadcrumb"},"inLanguage":"es","potentialAction":[{"@type":"ReadAction","target":["https:\/\/enlarapita.com\/es\/politica-de-privacidad-redes-sociales\/"]}]},{"@type":"BreadcrumbList","@id":"https:\/\/enlarapita.com\/es\/politica-de-privacidad-redes-sociales\/#breadcrumb","itemListElement":[{"@type":"ListItem","position":1,"name":"Portada","item":"https:\/\/enlarapita.com\/es\/"},{"@type":"ListItem","position":2,"name":"Pol\u00edtica de privacidad redes sociales"}]},{"@type":"WebSite","@id":"https:\/\/enlarapita.com\/es\/#website","url":"https:\/\/enlarapita.com\/es\/","name":"En la R\u00e0pita","description":"","publisher":{"@id":"https:\/\/enlarapita.com\/es\/#organization"},"potentialAction":[{"@type":"SearchAction","target":{"@type":"EntryPoint","urlTemplate":"https:\/\/enlarapita.com\/es\/?s={search_term_string}"},"query-input":{"@type":"PropertyValueSpecification","valueRequired":true,"valueName":"search_term_string"}}],"inLanguage":"es"},{"@type":"Organization","@id":"https:\/\/enlarapita.com\/es\/#organization","name":"En la R\u00e0pita","url":"https:\/\/enlarapita.com\/es\/","logo":{"@type":"ImageObject","inLanguage":"es","@id":"https:\/\/enlarapita.com\/es\/#\/schema\/logo\/image\/","url":"https:\/\/enlarapita.com\/wp-content\/uploads\/2021\/04\/cropped-logo-enlarapita-blau.png","contentUrl":"https:\/\/enlarapita.com\/wp-content\/uploads\/2021\/04\/cropped-logo-enlarapita-blau.png","width":130,"height":19,"caption":"En la R\u00e0pita"},"image":{"@id":"https:\/\/enlarapita.com\/es\/#\/schema\/logo\/image\/"}}]}},"_links":{"self":[{"href":"https:\/\/enlarapita.com\/es\/wp-json\/wp\/v2\/pages\/20357","targetHints":{"allow":["GET"]}}],"collection":[{"href":"https:\/\/enlarapita.com\/es\/wp-json\/wp\/v2\/pages"}],"about":[{"href":"https:\/\/enlarapita.com\/es\/wp-json\/wp\/v2\/types\/page"}],"author":[{"embeddable":true,"href":"https:\/\/enlarapita.com\/es\/wp-json\/wp\/v2\/users\/1"}],"replies":[{"embeddable":true,"href":"https:\/\/enlarapita.com\/es\/wp-json\/wp\/v2\/comments?post=20357"}],"version-history":[{"count":4,"href":"https:\/\/enlarapita.com\/es\/wp-json\/wp\/v2\/pages\/20357\/revisions"}],"predecessor-version":[{"id":20368,"href":"https:\/\/enlarapita.com\/es\/wp-json\/wp\/v2\/pages\/20357\/revisions\/20368"}],"wp:attachment":[{"href":"https:\/\/enlarapita.com\/es\/wp-json\/wp\/v2\/media?parent=20357"}],"curies":[{"name":"wp","href":"https:\/\/api.w.org\/{rel}","templated":true}]}}