{"id":16608,"date":"2023-04-03T17:12:15","date_gmt":"2023-04-03T15:12:15","guid":{"rendered":"https:\/\/enlarapita.com\/alojamientos\/campings-en-la-rapita\/"},"modified":"2024-08-16T15:44:04","modified_gmt":"2024-08-16T13:44:04","slug":"campings-en-el-delta-del-ebro","status":"publish","type":"page","link":"https:\/\/enlarapita.com\/es\/alojamientos\/campings-en-el-delta-del-ebro\/","title":{"rendered":"Campings en el Delta del Ebro"},"content":{"rendered":"\t\t<div data-elementor-type=\"wp-page\" data-elementor-id=\"16608\" class=\"elementor elementor-16608 elementor-16600\" data-elementor-post-type=\"page\">\n\t\t\t\t\t\t<section class=\"elementor-section elementor-top-section elementor-element elementor-element-1236ef35 elementor-section-content-middle elementor-section-boxed elementor-section-height-default elementor-section-height-default\" data-id=\"1236ef35\" data-element_type=\"section\" data-e-type=\"section\">\n\t\t\t\t\t\t<div class=\"elementor-container elementor-column-gap-default\">\n\t\t\t\t\t<div class=\"elementor-column elementor-col-50 elementor-top-column elementor-element elementor-element-5736ac5c\" data-id=\"5736ac5c\" data-element_type=\"column\" data-e-type=\"column\">\n\t\t\t<div class=\"elementor-widget-wrap elementor-element-populated\">\n\t\t\t\t\t\t<div class=\"elementor-element elementor-element-2de1029a elementor-widget elementor-widget-heading\" data-id=\"2de1029a\" data-element_type=\"widget\" data-e-type=\"widget\" data-widget_type=\"heading.default\">\n\t\t\t\t<div class=\"elementor-widget-container\">\n\t\t\t\t\t<h2 class=\"elementor-heading-title elementor-size-default\">Disfruta de las vacaciones en plena naturaleza <\/h2>\t\t\t\t<\/div>\n\t\t\t\t<\/div>\n\t\t\t\t<div class=\"elementor-element elementor-element-16500f68 elementor-widget elementor-widget-text-editor\" data-id=\"16500f68\" data-element_type=\"widget\" data-e-type=\"widget\" data-widget_type=\"text-editor.default\">\n\t\t\t\t<div class=\"elementor-widget-container\">\n\t\t\t\t\t\t\t\t\t<p>Los campings de La R\u00e0pita son ideales para disfrutar de las vacaciones en plena naturaleza. Dormir bajo un manto de estrellas, despertar con la salida del sol, relajarse con el sonido del mar del Ebro son experiencias \u00fanicas para regalarte, si optas por pasar las vacaciones en los campings de La R\u00e0pita.<\/p>\n\t\t\t\t\t\t\t\t<\/div>\n\t\t\t\t<\/div>\n\t\t\t\t\t<\/div>\n\t\t<\/div>\n\t\t\t\t<div class=\"elementor-column elementor-col-50 elementor-top-column elementor-element elementor-element-5dbbea30\" data-id=\"5dbbea30\" data-element_type=\"column\" data-e-type=\"column\">\n\t\t\t<div class=\"elementor-widget-wrap elementor-element-populated\">\n\t\t\t\t\t\t<div class=\"elementor-element elementor-element-2e7e3391 elementor-widget elementor-widget-image\" data-id=\"2e7e3391\" data-element_type=\"widget\" data-e-type=\"widget\" data-widget_type=\"image.default\">\n\t\t\t\t<div class=\"elementor-widget-container\">\n\t\t\t\t\t\t\t\t\t\t\t\t\t\t\t<img fetchpriority=\"high\" decoding=\"async\" width=\"880\" height=\"903\" src=\"https:\/\/enlarapita.com\/wp-content\/uploads\/2023\/03\/880-1-1W6A5150.jpg\" class=\"attachment-full size-full wp-image-15750\" alt=\"\" srcset=\"https:\/\/enlarapita.com\/wp-content\/uploads\/2023\/03\/880-1-1W6A5150.jpg 880w, https:\/\/enlarapita.com\/wp-content\/uploads\/2023\/03\/880-1-1W6A5150-292x300.jpg 292w, https:\/\/enlarapita.com\/wp-content\/uploads\/2023\/03\/880-1-1W6A5150-768x788.jpg 768w\" sizes=\"(max-width: 880px) 100vw, 880px\" style=\"width:100%;height:102.61%;max-width:880px\" \/>\t\t\t\t\t\t\t\t\t\t\t\t\t\t\t<\/div>\n\t\t\t\t<\/div>\n\t\t\t\t\t<\/div>\n\t\t<\/div>\n\t\t\t\t\t<\/div>\n\t\t<\/section>\n\t\t\t\t<section class=\"elementor-section elementor-top-section elementor-element elementor-element-242324ac elementor-section-content-middle elementor-reverse-tablet elementor-reverse-mobile elementor-section-boxed elementor-section-height-default elementor-section-height-default\" data-id=\"242324ac\" data-element_type=\"section\" data-e-type=\"section\">\n\t\t\t\t\t\t<div class=\"elementor-container elementor-column-gap-default\">\n\t\t\t\t\t<div class=\"elementor-column elementor-col-50 elementor-top-column elementor-element elementor-element-18773fae\" data-id=\"18773fae\" data-element_type=\"column\" data-e-type=\"column\">\n\t\t\t<div class=\"elementor-widget-wrap elementor-element-populated\">\n\t\t\t\t\t\t<div class=\"elementor-element elementor-element-485d18ee elementor-widget elementor-widget-image\" data-id=\"485d18ee\" data-element_type=\"widget\" data-e-type=\"widget\" data-widget_type=\"image.default\">\n\t\t\t\t<div class=\"elementor-widget-container\">\n\t\t\t\t\t\t\t\t\t\t\t\t\t\t\t<img decoding=\"async\" width=\"880\" height=\"903\" src=\"https:\/\/enlarapita.com\/wp-content\/uploads\/2023\/03\/880-2-1W6A5038.jpg\" class=\"attachment-full size-full wp-image-15754\" alt=\"\" srcset=\"https:\/\/enlarapita.com\/wp-content\/uploads\/2023\/03\/880-2-1W6A5038.jpg 880w, https:\/\/enlarapita.com\/wp-content\/uploads\/2023\/03\/880-2-1W6A5038-292x300.jpg 292w, https:\/\/enlarapita.com\/wp-content\/uploads\/2023\/03\/880-2-1W6A5038-768x788.jpg 768w\" sizes=\"(max-width: 880px) 100vw, 880px\" style=\"width:100%;height:102.61%;max-width:880px\" \/>\t\t\t\t\t\t\t\t\t\t\t\t\t\t\t<\/div>\n\t\t\t\t<\/div>\n\t\t\t\t\t<\/div>\n\t\t<\/div>\n\t\t\t\t<div class=\"elementor-column elementor-col-50 elementor-top-column elementor-element elementor-element-69348fd3\" data-id=\"69348fd3\" data-element_type=\"column\" data-e-type=\"column\">\n\t\t\t<div class=\"elementor-widget-wrap elementor-element-populated\">\n\t\t\t\t\t\t<div class=\"elementor-element elementor-element-1d121af2 elementor-widget elementor-widget-heading\" data-id=\"1d121af2\" data-element_type=\"widget\" data-e-type=\"widget\" data-widget_type=\"heading.default\">\n\t\t\t\t<div class=\"elementor-widget-container\">\n\t\t\t\t\t<h2 class=\"elementor-heading-title elementor-size-default\">El alojamiento ideal para todas las edades<\/h2>\t\t\t\t<\/div>\n\t\t\t\t<\/div>\n\t\t\t\t<div class=\"elementor-element elementor-element-5bf764ae elementor-widget elementor-widget-text-editor\" data-id=\"5bf764ae\" data-element_type=\"widget\" data-e-type=\"widget\" data-widget_type=\"text-editor.default\">\n\t\t\t\t<div class=\"elementor-widget-container\">\n\t\t\t\t\t\t\t\t\t<p>Las instalaciones de los campings de La R\u00e0pita cubren todas tus necesidades y se convierten en el alojamiento ideal para todas las edades. Ponen a tu disposici\u00f3n todos los servicios para que te sientas como en tu casa en plena naturaleza. Si vienes con la familia, tendr\u00e1s espacios abiertos y zonas de ocio para los m\u00e1s peque\u00f1os; si vienes con la pareja, encontrar\u00e1s la tranquilidad que buscas, y si vienes con amigos y compa\u00f1eros tienes la aventura asegurada.<\/p>\n\t\t\t\t\t\t\t\t<\/div>\n\t\t\t\t<\/div>\n\t\t\t\t<div class=\"elementor-element elementor-element-5ccec28d elementor-widget elementor-widget-text-editor\" data-id=\"5ccec28d\" data-element_type=\"widget\" data-e-type=\"widget\" data-widget_type=\"text-editor.default\">\n\t\t\t\t<div class=\"elementor-widget-container\">\n\t\t\t\t\t\t\t\t\t<p>En la Estaci\u00f3n N\u00e1utica La R\u00e0pita &#8211; Delta del Ebro ponemos a tu alcance la oferta de campings de La R\u00e0pita para que disfrutes con las personas que desees de unos d\u00edas inolvidables en plena naturaleza y recuerdes tu estancia entre nosotros como una experiencia \u00fanica.<\/p>\n\t\t\t\t\t\t\t\t<\/div>\n\t\t\t\t<\/div>\n\t\t\t\t\t<\/div>\n\t\t<\/div>\n\t\t\t\t\t<\/div>\n\t\t<\/section>\n\t\t\t\t<\/div>\n\t\t","protected":false},"excerpt":{"rendered":"<p>Disfruta de las vacaciones en plena naturaleza Los campings de La R\u00e0pita son ideales para disfrutar de las vacaciones en plena naturaleza. Dormir bajo un manto de estrellas, despertar con la salida del sol, relajarse con el sonido del mar del Ebro son experiencias \u00fanicas para regalarte, si optas por pasar las vacaciones en los&hellip; <a class=\"more-link\" href=\"https:\/\/enlarapita.com\/es\/alojamientos\/campings-en-el-delta-del-ebro\/\">Seguir leyendo <span class=\"screen-reader-text\">Campings en el Delta del Ebro<\/span><\/a><\/p>\n","protected":false},"author":1,"featured_media":32536,"parent":2687,"menu_order":0,"comment_status":"closed","ping_status":"closed","template":"page-categories.php","meta":{"_acf_changed":false,"footnotes":""},"class_list":["post-16608","page","type-page","status-publish","has-post-thumbnail","hentry","entry"],"acf":[],"yoast_head":"<!-- This site is optimized with the Yoast SEO plugin v27.4 - https:\/\/yoast.com\/product\/yoast-seo-wordpress\/ -->\n<title>Campings en el Delta del Ebro\u2013 D\u00f3nde dormir<\/title>\n<meta name=\"description\" content=\"Descubre campings en el Delta del Ebro donde dormir en tienda, caravana o bungalow para unas vacaciones en contacto con la naturaleza.\" \/>\n<meta name=\"robots\" content=\"index, follow, max-snippet:-1, max-image-preview:large, max-video-preview:-1\" \/>\n<link rel=\"canonical\" href=\"https:\/\/enlarapita.com\/es\/alojamientos\/campings-en-el-delta-del-ebro\/\" \/>\n<meta property=\"og:locale\" content=\"es_ES\" \/>\n<meta property=\"og:type\" content=\"article\" \/>\n<meta property=\"og:title\" content=\"Campings en el Delta del Ebro\u2013 D\u00f3nde dormir\" \/>\n<meta property=\"og:description\" content=\"Descubre campings en el Delta del Ebro donde dormir en tienda, caravana o bungalow para unas vacaciones en contacto con la naturaleza.\" \/>\n<meta property=\"og:url\" content=\"https:\/\/enlarapita.com\/es\/alojamientos\/campings-en-el-delta-del-ebro\/\" \/>\n<meta property=\"og:site_name\" content=\"En la R\u00e0pita\" \/>\n<meta property=\"article:modified_time\" content=\"2024-08-16T13:44:04+00:00\" \/>\n<meta property=\"og:image\" content=\"https:\/\/enlarapita.com\/wp-content\/uploads\/2023\/03\/1920-portada_campingalfacs.jpg\" \/>\n\t<meta property=\"og:image:width\" content=\"1920\" \/>\n\t<meta property=\"og:image:height\" content=\"400\" \/>\n\t<meta property=\"og:image:type\" content=\"image\/jpeg\" \/>\n<meta name=\"twitter:card\" content=\"summary_large_image\" \/>\n<meta name=\"twitter:label1\" content=\"Tiempo de lectura\" \/>\n\t<meta name=\"twitter:data1\" content=\"2 minutos\" \/>\n<script type=\"application\/ld+json\" class=\"yoast-schema-graph\">{\"@context\":\"https:\\\/\\\/schema.org\",\"@graph\":[{\"@type\":\"WebPage\",\"@id\":\"https:\\\/\\\/enlarapita.com\\\/es\\\/alojamientos\\\/campings-en-el-delta-del-ebro\\\/\",\"url\":\"https:\\\/\\\/enlarapita.com\\\/es\\\/alojamientos\\\/campings-en-el-delta-del-ebro\\\/\",\"name\":\"Campings en el Delta del Ebro\u2013 D\u00f3nde dormir\",\"isPartOf\":{\"@id\":\"https:\\\/\\\/enlarapita.com\\\/es\\\/#website\"},\"primaryImageOfPage\":{\"@id\":\"https:\\\/\\\/enlarapita.com\\\/es\\\/alojamientos\\\/campings-en-el-delta-del-ebro\\\/#primaryimage\"},\"image\":{\"@id\":\"https:\\\/\\\/enlarapita.com\\\/es\\\/alojamientos\\\/campings-en-el-delta-del-ebro\\\/#primaryimage\"},\"thumbnailUrl\":\"https:\\\/\\\/enlarapita.com\\\/wp-content\\\/uploads\\\/2025\\\/01\\\/DSC9428-1-scaled.jpg\",\"datePublished\":\"2023-04-03T15:12:15+00:00\",\"dateModified\":\"2024-08-16T13:44:04+00:00\",\"description\":\"Descubre campings en el Delta del Ebro donde dormir en tienda, caravana o bungalow para unas vacaciones en contacto con la naturaleza.\",\"breadcrumb\":{\"@id\":\"https:\\\/\\\/enlarapita.com\\\/es\\\/alojamientos\\\/campings-en-el-delta-del-ebro\\\/#breadcrumb\"},\"inLanguage\":\"es\",\"potentialAction\":[{\"@type\":\"ReadAction\",\"target\":[\"https:\\\/\\\/enlarapita.com\\\/es\\\/alojamientos\\\/campings-en-el-delta-del-ebro\\\/\"]}]},{\"@type\":\"ImageObject\",\"inLanguage\":\"es\",\"@id\":\"https:\\\/\\\/enlarapita.com\\\/es\\\/alojamientos\\\/campings-en-el-delta-del-ebro\\\/#primaryimage\",\"url\":\"https:\\\/\\\/enlarapita.com\\\/wp-content\\\/uploads\\\/2025\\\/01\\\/DSC9428-1-scaled.jpg\",\"contentUrl\":\"https:\\\/\\\/enlarapita.com\\\/wp-content\\\/uploads\\\/2025\\\/01\\\/DSC9428-1-scaled.jpg\",\"width\":2560,\"height\":1707},{\"@type\":\"BreadcrumbList\",\"@id\":\"https:\\\/\\\/enlarapita.com\\\/es\\\/alojamientos\\\/campings-en-el-delta-del-ebro\\\/#breadcrumb\",\"itemListElement\":[{\"@type\":\"ListItem\",\"position\":1,\"name\":\"Portada\",\"item\":\"https:\\\/\\\/enlarapita.com\\\/es\\\/\"},{\"@type\":\"ListItem\",\"position\":2,\"name\":\"Alojamientos en La R\u00e0pita\",\"item\":\"https:\\\/\\\/enlarapita.com\\\/es\\\/allotjaments\\\/\"},{\"@type\":\"ListItem\",\"position\":3,\"name\":\"Campings en el Delta del Ebro\"}]},{\"@type\":\"WebSite\",\"@id\":\"https:\\\/\\\/enlarapita.com\\\/es\\\/#website\",\"url\":\"https:\\\/\\\/enlarapita.com\\\/es\\\/\",\"name\":\"En la R\u00e0pita\",\"description\":\"\",\"publisher\":{\"@id\":\"https:\\\/\\\/enlarapita.com\\\/es\\\/#organization\"},\"potentialAction\":[{\"@type\":\"SearchAction\",\"target\":{\"@type\":\"EntryPoint\",\"urlTemplate\":\"https:\\\/\\\/enlarapita.com\\\/es\\\/?s={search_term_string}\"},\"query-input\":{\"@type\":\"PropertyValueSpecification\",\"valueRequired\":true,\"valueName\":\"search_term_string\"}}],\"inLanguage\":\"es\"},{\"@type\":\"Organization\",\"@id\":\"https:\\\/\\\/enlarapita.com\\\/es\\\/#organization\",\"name\":\"En la R\u00e0pita\",\"url\":\"https:\\\/\\\/enlarapita.com\\\/es\\\/\",\"logo\":{\"@type\":\"ImageObject\",\"inLanguage\":\"es\",\"@id\":\"https:\\\/\\\/enlarapita.com\\\/es\\\/#\\\/schema\\\/logo\\\/image\\\/\",\"url\":\"https:\\\/\\\/enlarapita.com\\\/wp-content\\\/uploads\\\/2021\\\/04\\\/cropped-logo-enlarapita-blau.png\",\"contentUrl\":\"https:\\\/\\\/enlarapita.com\\\/wp-content\\\/uploads\\\/2021\\\/04\\\/cropped-logo-enlarapita-blau.png\",\"width\":130,\"height\":19,\"caption\":\"En la R\u00e0pita\"},\"image\":{\"@id\":\"https:\\\/\\\/enlarapita.com\\\/es\\\/#\\\/schema\\\/logo\\\/image\\\/\"}}]}<\/script>\n<!-- \/ Yoast SEO plugin. -->","yoast_head_json":{"title":"Campings en el Delta del Ebro\u2013 D\u00f3nde dormir","description":"Descubre campings en el Delta del Ebro donde dormir en tienda, caravana o bungalow para unas vacaciones en contacto con la naturaleza.","robots":{"index":"index","follow":"follow","max-snippet":"max-snippet:-1","max-image-preview":"max-image-preview:large","max-video-preview":"max-video-preview:-1"},"canonical":"https:\/\/enlarapita.com\/es\/alojamientos\/campings-en-el-delta-del-ebro\/","og_locale":"es_ES","og_type":"article","og_title":"Campings en el Delta del Ebro\u2013 D\u00f3nde dormir","og_description":"Descubre campings en el Delta del Ebro donde dormir en tienda, caravana o bungalow para unas vacaciones en contacto con la naturaleza.","og_url":"https:\/\/enlarapita.com\/es\/alojamientos\/campings-en-el-delta-del-ebro\/","og_site_name":"En la R\u00e0pita","article_modified_time":"2024-08-16T13:44:04+00:00","og_image":[{"width":1920,"height":400,"url":"https:\/\/enlarapita.com\/wp-content\/uploads\/2023\/03\/1920-portada_campingalfacs.jpg","type":"image\/jpeg"}],"twitter_card":"summary_large_image","twitter_misc":{"Tiempo de lectura":"2 minutos"},"schema":{"@context":"https:\/\/schema.org","@graph":[{"@type":"WebPage","@id":"https:\/\/enlarapita.com\/es\/alojamientos\/campings-en-el-delta-del-ebro\/","url":"https:\/\/enlarapita.com\/es\/alojamientos\/campings-en-el-delta-del-ebro\/","name":"Campings en el Delta del Ebro\u2013 D\u00f3nde dormir","isPartOf":{"@id":"https:\/\/enlarapita.com\/es\/#website"},"primaryImageOfPage":{"@id":"https:\/\/enlarapita.com\/es\/alojamientos\/campings-en-el-delta-del-ebro\/#primaryimage"},"image":{"@id":"https:\/\/enlarapita.com\/es\/alojamientos\/campings-en-el-delta-del-ebro\/#primaryimage"},"thumbnailUrl":"https:\/\/enlarapita.com\/wp-content\/uploads\/2025\/01\/DSC9428-1-scaled.jpg","datePublished":"2023-04-03T15:12:15+00:00","dateModified":"2024-08-16T13:44:04+00:00","description":"Descubre campings en el Delta del Ebro donde dormir en tienda, caravana o bungalow para unas vacaciones en contacto con la naturaleza.","breadcrumb":{"@id":"https:\/\/enlarapita.com\/es\/alojamientos\/campings-en-el-delta-del-ebro\/#breadcrumb"},"inLanguage":"es","potentialAction":[{"@type":"ReadAction","target":["https:\/\/enlarapita.com\/es\/alojamientos\/campings-en-el-delta-del-ebro\/"]}]},{"@type":"ImageObject","inLanguage":"es","@id":"https:\/\/enlarapita.com\/es\/alojamientos\/campings-en-el-delta-del-ebro\/#primaryimage","url":"https:\/\/enlarapita.com\/wp-content\/uploads\/2025\/01\/DSC9428-1-scaled.jpg","contentUrl":"https:\/\/enlarapita.com\/wp-content\/uploads\/2025\/01\/DSC9428-1-scaled.jpg","width":2560,"height":1707},{"@type":"BreadcrumbList","@id":"https:\/\/enlarapita.com\/es\/alojamientos\/campings-en-el-delta-del-ebro\/#breadcrumb","itemListElement":[{"@type":"ListItem","position":1,"name":"Portada","item":"https:\/\/enlarapita.com\/es\/"},{"@type":"ListItem","position":2,"name":"Alojamientos en La R\u00e0pita","item":"https:\/\/enlarapita.com\/es\/allotjaments\/"},{"@type":"ListItem","position":3,"name":"Campings en el Delta del Ebro"}]},{"@type":"WebSite","@id":"https:\/\/enlarapita.com\/es\/#website","url":"https:\/\/enlarapita.com\/es\/","name":"En la R\u00e0pita","description":"","publisher":{"@id":"https:\/\/enlarapita.com\/es\/#organization"},"potentialAction":[{"@type":"SearchAction","target":{"@type":"EntryPoint","urlTemplate":"https:\/\/enlarapita.com\/es\/?s={search_term_string}"},"query-input":{"@type":"PropertyValueSpecification","valueRequired":true,"valueName":"search_term_string"}}],"inLanguage":"es"},{"@type":"Organization","@id":"https:\/\/enlarapita.com\/es\/#organization","name":"En la R\u00e0pita","url":"https:\/\/enlarapita.com\/es\/","logo":{"@type":"ImageObject","inLanguage":"es","@id":"https:\/\/enlarapita.com\/es\/#\/schema\/logo\/image\/","url":"https:\/\/enlarapita.com\/wp-content\/uploads\/2021\/04\/cropped-logo-enlarapita-blau.png","contentUrl":"https:\/\/enlarapita.com\/wp-content\/uploads\/2021\/04\/cropped-logo-enlarapita-blau.png","width":130,"height":19,"caption":"En la R\u00e0pita"},"image":{"@id":"https:\/\/enlarapita.com\/es\/#\/schema\/logo\/image\/"}}]}},"_links":{"self":[{"href":"https:\/\/enlarapita.com\/es\/wp-json\/wp\/v2\/pages\/16608","targetHints":{"allow":["GET"]}}],"collection":[{"href":"https:\/\/enlarapita.com\/es\/wp-json\/wp\/v2\/pages"}],"about":[{"href":"https:\/\/enlarapita.com\/es\/wp-json\/wp\/v2\/types\/page"}],"author":[{"embeddable":true,"href":"https:\/\/enlarapita.com\/es\/wp-json\/wp\/v2\/users\/1"}],"replies":[{"embeddable":true,"href":"https:\/\/enlarapita.com\/es\/wp-json\/wp\/v2\/comments?post=16608"}],"version-history":[{"count":2,"href":"https:\/\/enlarapita.com\/es\/wp-json\/wp\/v2\/pages\/16608\/revisions"}],"predecessor-version":[{"id":21682,"href":"https:\/\/enlarapita.com\/es\/wp-json\/wp\/v2\/pages\/16608\/revisions\/21682"}],"up":[{"embeddable":true,"href":"https:\/\/enlarapita.com\/es\/wp-json\/wp\/v2\/pages\/2687"}],"wp:featuredmedia":[{"embeddable":true,"href":"https:\/\/enlarapita.com\/es\/wp-json\/wp\/v2\/media\/32536"}],"wp:attachment":[{"href":"https:\/\/enlarapita.com\/es\/wp-json\/wp\/v2\/media?parent=16608"}],"curies":[{"name":"wp","href":"https:\/\/api.w.org\/{rel}","templated":true}]}}