{"id":15238,"date":"2023-03-03T18:17:24","date_gmt":"2023-03-03T17:17:24","guid":{"rendered":"https:\/\/globals.app\/enlarapita\/delta-del-ebro\/que-hacer-o-ver\/visitas-guiadas\/"},"modified":"2024-09-09T09:36:07","modified_gmt":"2024-09-09T07:36:07","slug":"visitas-guiadas","status":"publish","type":"page","link":"https:\/\/enlarapita.com\/es\/delta-del-ebro\/que-hacer-o-ver\/visitas-guiadas\/","title":{"rendered":"Visitas guiadas en el delta del Ebro"},"content":{"rendered":"\t\t<div data-elementor-type=\"wp-page\" data-elementor-id=\"15238\" class=\"elementor elementor-15238 elementor-13950\" data-elementor-post-type=\"page\">\n\t\t\t\t\t\t<section class=\"elementor-section elementor-top-section elementor-element elementor-element-60dfb885 elementor-section-content-middle elementor-section-boxed elementor-section-height-default elementor-section-height-default\" data-id=\"60dfb885\" data-element_type=\"section\" data-e-type=\"section\">\n\t\t\t\t\t\t<div class=\"elementor-container elementor-column-gap-default\">\n\t\t\t\t\t<div class=\"elementor-column elementor-col-50 elementor-top-column elementor-element elementor-element-2b11aa58\" data-id=\"2b11aa58\" data-element_type=\"column\" data-e-type=\"column\">\n\t\t\t<div class=\"elementor-widget-wrap elementor-element-populated\">\n\t\t\t\t\t\t<div class=\"elementor-element elementor-element-421c34fc elementor-widget elementor-widget-heading\" data-id=\"421c34fc\" data-element_type=\"widget\" data-e-type=\"widget\" data-widget_type=\"heading.default\">\n\t\t\t\t<div class=\"elementor-widget-container\">\n\t\t\t\t\t<h2 class=\"elementor-heading-title elementor-size-default\">Rutas guiadas para conocer el delta del Ebro<\/h2>\t\t\t\t<\/div>\n\t\t\t\t<\/div>\n\t\t\t\t<div class=\"elementor-element elementor-element-22031480 elementor-widget elementor-widget-text-editor\" data-id=\"22031480\" data-element_type=\"widget\" data-e-type=\"widget\" data-widget_type=\"text-editor.default\">\n\t\t\t\t<div class=\"elementor-widget-container\">\n\t\t\t\t\t\t\t\t\t<p>Si quieres vivir unos d\u00edas inolvidables con la familia, la pareja o los amigos, te ofrecemos una gran variedad de visitas guiadas por el delta del Ebro para que descubras los lugares m\u00e1s emblem\u00e1ticos. Rutas guiadas en las que recorrer el mar y el r\u00edo Ebro, las lagunas y las playas del Delta, visitar los campos de arroz y conocer su proceso de elaboraci\u00f3n, degustar los productos t\u00edpicos de la zona y descubrir la historia y el patrimonio locales.<\/p>\n\t\t\t\t\t\t\t\t<\/div>\n\t\t\t\t<\/div>\n\t\t\t\t\t<\/div>\n\t\t<\/div>\n\t\t\t\t<div class=\"elementor-column elementor-col-50 elementor-top-column elementor-element elementor-element-4a3cb94e\" data-id=\"4a3cb94e\" data-element_type=\"column\" data-e-type=\"column\">\n\t\t\t<div class=\"elementor-widget-wrap elementor-element-populated\">\n\t\t\t\t\t\t<div class=\"elementor-element elementor-element-1953f2fa elementor-widget elementor-widget-image\" data-id=\"1953f2fa\" data-element_type=\"widget\" data-e-type=\"widget\" data-widget_type=\"image.default\">\n\t\t\t\t<div class=\"elementor-widget-container\">\n\t\t\t\t\t\t\t\t\t\t\t\t\t\t\t<img fetchpriority=\"high\" decoding=\"async\" width=\"1200\" height=\"675\" src=\"https:\/\/enlarapita.com\/wp-content\/uploads\/2023\/04\/TortosaWEB.jpg\" class=\"attachment-full size-full wp-image-17189\" alt=\"\" srcset=\"https:\/\/enlarapita.com\/wp-content\/uploads\/2023\/04\/TortosaWEB.jpg 1200w, https:\/\/enlarapita.com\/wp-content\/uploads\/2023\/04\/TortosaWEB-300x169.jpg 300w, https:\/\/enlarapita.com\/wp-content\/uploads\/2023\/04\/TortosaWEB-1024x576.jpg 1024w, https:\/\/enlarapita.com\/wp-content\/uploads\/2023\/04\/TortosaWEB-768x432.jpg 768w\" sizes=\"(max-width: 1200px) 100vw, 1200px\" style=\"width:100%;height:56.25%;max-width:1200px\" \/>\t\t\t\t\t\t\t\t\t\t\t\t\t\t\t<\/div>\n\t\t\t\t<\/div>\n\t\t\t\t\t<\/div>\n\t\t<\/div>\n\t\t\t\t\t<\/div>\n\t\t<\/section>\n\t\t\t\t<section class=\"elementor-section elementor-top-section elementor-element elementor-element-66805966 elementor-section-content-middle elementor-reverse-tablet elementor-reverse-mobile elementor-section-boxed elementor-section-height-default elementor-section-height-default\" data-id=\"66805966\" data-element_type=\"section\" data-e-type=\"section\">\n\t\t\t\t\t\t<div class=\"elementor-container elementor-column-gap-default\">\n\t\t\t\t\t<div class=\"elementor-column elementor-col-50 elementor-top-column elementor-element elementor-element-2b75bb64\" data-id=\"2b75bb64\" data-element_type=\"column\" data-e-type=\"column\">\n\t\t\t<div class=\"elementor-widget-wrap elementor-element-populated\">\n\t\t\t\t\t\t<div class=\"elementor-element elementor-element-3dd06fb7 elementor-widget elementor-widget-image\" data-id=\"3dd06fb7\" data-element_type=\"widget\" data-e-type=\"widget\" data-widget_type=\"image.default\">\n\t\t\t\t<div class=\"elementor-widget-container\">\n\t\t\t\t\t\t\t\t\t\t\t\t\t\t\t<img decoding=\"async\" width=\"880\" height=\"1050\" src=\"https:\/\/enlarapita.com\/wp-content\/uploads\/2023\/03\/880-6.jpg\" class=\"attachment-full size-full wp-image-15552\" alt=\"\" srcset=\"https:\/\/enlarapita.com\/wp-content\/uploads\/2023\/03\/880-6.jpg 880w, https:\/\/enlarapita.com\/wp-content\/uploads\/2023\/03\/880-6-251x300.jpg 251w, https:\/\/enlarapita.com\/wp-content\/uploads\/2023\/03\/880-6-858x1024.jpg 858w, https:\/\/enlarapita.com\/wp-content\/uploads\/2023\/03\/880-6-768x916.jpg 768w\" sizes=\"(max-width: 880px) 100vw, 880px\" style=\"width:100%;height:119.32%;max-width:880px\" \/>\t\t\t\t\t\t\t\t\t\t\t\t\t\t\t<\/div>\n\t\t\t\t<\/div>\n\t\t\t\t\t<\/div>\n\t\t<\/div>\n\t\t\t\t<div class=\"elementor-column elementor-col-50 elementor-top-column elementor-element elementor-element-7ea4113a\" data-id=\"7ea4113a\" data-element_type=\"column\" data-e-type=\"column\">\n\t\t\t<div class=\"elementor-widget-wrap elementor-element-populated\">\n\t\t\t\t\t\t<div class=\"elementor-element elementor-element-1adb9c3 elementor-widget elementor-widget-heading\" data-id=\"1adb9c3\" data-element_type=\"widget\" data-e-type=\"widget\" data-widget_type=\"heading.default\">\n\t\t\t\t<div class=\"elementor-widget-container\">\n\t\t\t\t\t<h2 class=\"elementor-heading-title elementor-size-default\">Excursiones al alcance de todo el mundo<\/h2>\t\t\t\t<\/div>\n\t\t\t\t<\/div>\n\t\t\t\t<div class=\"elementor-element elementor-element-12c5390b elementor-widget elementor-widget-text-editor\" data-id=\"12c5390b\" data-element_type=\"widget\" data-e-type=\"widget\" data-widget_type=\"text-editor.default\">\n\t\t\t\t<div class=\"elementor-widget-container\">\n\t\t\t\t\t\t\t\t\t<p>Disfrutar de unos d\u00edas de vacaciones en el delta del Ebro est\u00e1 al alcance de todo el mundo porque los medios y accesos a los espacios son id\u00f3neos para cualquier persona. Solo tienes que escoger con qui\u00e9n venir y nosotros ponemos la ruta guiada por el delta del Ebro que desees. Te paseamos por la bah\u00eda de Els Alfacs en cualquier tipo de embarcaci\u00f3n, a motor, sin motor o a vela, te llevamos hasta las mejilloneras para degustar los exquisitos moluscos del Delta, te descubrimos todo este espacio natural en un \u00fanico sitio, M\u00f3nNatura, recorremos el r\u00edo Ebro en el la\u00fad tradicional Lo Sirgador en Tortosa y muchas m\u00e1s experiencias que te encantaran.<\/p>\n\t\t\t\t\t\t\t\t<\/div>\n\t\t\t\t<\/div>\n\t\t\t\t<div class=\"elementor-element elementor-element-aeef0f5 elementor-widget elementor-widget-text-editor\" data-id=\"aeef0f5\" data-element_type=\"widget\" data-e-type=\"widget\" data-widget_type=\"text-editor.default\">\n\t\t\t\t<div class=\"elementor-widget-container\">\n\t\t\t\t\t\t\t\t\t<p>Si quieres descubrir todos los rincones del delta del Ebro y no perderte ninguna experiencia, en la Estaci\u00f3n N\u00e1utica La R\u00e0pita &#8211; Delta del Ebro ponemos a tu disposici\u00f3n una gran variedad de visitas guiadas por el delta del Ebro para que puedas vivir este para\u00edso natural con la m\u00e1xima intensidad y lo recuerdes siempre.<\/p>\n\t\t\t\t\t\t\t\t<\/div>\n\t\t\t\t<\/div>\n\t\t\t\t\t<\/div>\n\t\t<\/div>\n\t\t\t\t\t<\/div>\n\t\t<\/section>\n\t\t\t\t<\/div>\n\t\t","protected":false},"excerpt":{"rendered":"<p>Rutas guiadas para conocer el delta del Ebro Si quieres vivir unos d\u00edas inolvidables con la familia, la pareja o los amigos, te ofrecemos una gran variedad de visitas guiadas por el delta del Ebro para que descubras los lugares m\u00e1s emblem\u00e1ticos. Rutas guiadas en las que recorrer el mar y el r\u00edo Ebro, las&hellip; <a class=\"more-link\" href=\"https:\/\/enlarapita.com\/es\/delta-del-ebro\/que-hacer-o-ver\/visitas-guiadas\/\">Seguir leyendo <span class=\"screen-reader-text\">Visitas guiadas en el delta del Ebro<\/span><\/a><\/p>\n","protected":false},"author":1,"featured_media":0,"parent":13124,"menu_order":0,"comment_status":"closed","ping_status":"closed","template":"page-categories.php","meta":{"_acf_changed":false,"footnotes":""},"class_list":["post-15238","page","type-page","status-publish","hentry","entry"],"acf":[],"yoast_head":"<!-- This site is optimized with the Yoast SEO plugin v27.4 - https:\/\/yoast.com\/product\/yoast-seo-wordpress\/ -->\n<title>Visitas guiadas en el delta del Ebro - Qu\u00e9 ver<\/title>\n<meta name=\"description\" content=\"D\u00e9jate llevar por las visitas guiadas en el delta de Ebro y descubre los rincones m\u00e1s ocultos de este parque natural \u00fanico.\" \/>\n<meta name=\"robots\" content=\"index, follow, max-snippet:-1, max-image-preview:large, max-video-preview:-1\" \/>\n<link rel=\"canonical\" href=\"https:\/\/enlarapita.com\/es\/delta-del-ebro\/que-hacer-o-ver\/visitas-guiadas\/\" \/>\n<meta property=\"og:locale\" content=\"es_ES\" \/>\n<meta property=\"og:type\" content=\"article\" \/>\n<meta property=\"og:title\" content=\"Visitas guiadas en el delta del Ebro - Qu\u00e9 ver\" \/>\n<meta property=\"og:description\" content=\"D\u00e9jate llevar por las visitas guiadas en el delta de Ebro y descubre los rincones m\u00e1s ocultos de este parque natural \u00fanico.\" \/>\n<meta property=\"og:url\" content=\"https:\/\/enlarapita.com\/es\/delta-del-ebro\/que-hacer-o-ver\/visitas-guiadas\/\" \/>\n<meta property=\"og:site_name\" content=\"En la R\u00e0pita\" \/>\n<meta property=\"article:modified_time\" content=\"2024-09-09T07:36:07+00:00\" \/>\n<meta property=\"og:image\" content=\"https:\/\/enlarapita.com\/wp-content\/uploads\/2024\/04\/1407-127-scaled.jpg\" \/>\n\t<meta property=\"og:image:width\" content=\"2560\" \/>\n\t<meta property=\"og:image:height\" content=\"1707\" \/>\n\t<meta property=\"og:image:type\" content=\"image\/jpeg\" \/>\n<meta name=\"twitter:card\" content=\"summary_large_image\" \/>\n<meta name=\"twitter:label1\" content=\"Tiempo de lectura\" \/>\n\t<meta name=\"twitter:data1\" content=\"2 minutos\" \/>\n<script type=\"application\/ld+json\" class=\"yoast-schema-graph\">{\"@context\":\"https:\\\/\\\/schema.org\",\"@graph\":[{\"@type\":\"WebPage\",\"@id\":\"https:\\\/\\\/enlarapita.com\\\/es\\\/delta-del-ebro\\\/que-hacer-o-ver\\\/visitas-guiadas\\\/\",\"url\":\"https:\\\/\\\/enlarapita.com\\\/es\\\/delta-del-ebro\\\/que-hacer-o-ver\\\/visitas-guiadas\\\/\",\"name\":\"Visitas guiadas en el delta del Ebro - Qu\u00e9 ver\",\"isPartOf\":{\"@id\":\"https:\\\/\\\/enlarapita.com\\\/es\\\/#website\"},\"primaryImageOfPage\":{\"@id\":\"https:\\\/\\\/enlarapita.com\\\/es\\\/delta-del-ebro\\\/que-hacer-o-ver\\\/visitas-guiadas\\\/#primaryimage\"},\"image\":{\"@id\":\"https:\\\/\\\/enlarapita.com\\\/es\\\/delta-del-ebro\\\/que-hacer-o-ver\\\/visitas-guiadas\\\/#primaryimage\"},\"thumbnailUrl\":\"https:\\\/\\\/enlarapita.com\\\/wp-content\\\/uploads\\\/2023\\\/04\\\/TortosaWEB.jpg\",\"datePublished\":\"2023-03-03T17:17:24+00:00\",\"dateModified\":\"2024-09-09T07:36:07+00:00\",\"description\":\"D\u00e9jate llevar por las visitas guiadas en el delta de Ebro y descubre los rincones m\u00e1s ocultos de este parque natural \u00fanico.\",\"breadcrumb\":{\"@id\":\"https:\\\/\\\/enlarapita.com\\\/es\\\/delta-del-ebro\\\/que-hacer-o-ver\\\/visitas-guiadas\\\/#breadcrumb\"},\"inLanguage\":\"es\",\"potentialAction\":[{\"@type\":\"ReadAction\",\"target\":[\"https:\\\/\\\/enlarapita.com\\\/es\\\/delta-del-ebro\\\/que-hacer-o-ver\\\/visitas-guiadas\\\/\"]}]},{\"@type\":\"ImageObject\",\"inLanguage\":\"es\",\"@id\":\"https:\\\/\\\/enlarapita.com\\\/es\\\/delta-del-ebro\\\/que-hacer-o-ver\\\/visitas-guiadas\\\/#primaryimage\",\"url\":\"https:\\\/\\\/enlarapita.com\\\/wp-content\\\/uploads\\\/2023\\\/04\\\/TortosaWEB.jpg\",\"contentUrl\":\"https:\\\/\\\/enlarapita.com\\\/wp-content\\\/uploads\\\/2023\\\/04\\\/TortosaWEB.jpg\"},{\"@type\":\"BreadcrumbList\",\"@id\":\"https:\\\/\\\/enlarapita.com\\\/es\\\/delta-del-ebro\\\/que-hacer-o-ver\\\/visitas-guiadas\\\/#breadcrumb\",\"itemListElement\":[{\"@type\":\"ListItem\",\"position\":1,\"name\":\"Portada\",\"item\":\"https:\\\/\\\/enlarapita.com\\\/es\\\/\"},{\"@type\":\"ListItem\",\"position\":2,\"name\":\"Delta del Ebro\",\"item\":\"https:\\\/\\\/enlarapita.com\\\/es\\\/delta-del-ebro\\\/\"},{\"@type\":\"ListItem\",\"position\":3,\"name\":\"Qu\u00e9 hacer o ver en el delta del Ebro\",\"item\":\"https:\\\/\\\/enlarapita.com\\\/es\\\/delta-del-ebro\\\/que-hacer-o-ver\\\/\"},{\"@type\":\"ListItem\",\"position\":4,\"name\":\"Visitas guiadas en el delta del Ebro\"}]},{\"@type\":\"WebSite\",\"@id\":\"https:\\\/\\\/enlarapita.com\\\/es\\\/#website\",\"url\":\"https:\\\/\\\/enlarapita.com\\\/es\\\/\",\"name\":\"En la R\u00e0pita\",\"description\":\"\",\"publisher\":{\"@id\":\"https:\\\/\\\/enlarapita.com\\\/es\\\/#organization\"},\"potentialAction\":[{\"@type\":\"SearchAction\",\"target\":{\"@type\":\"EntryPoint\",\"urlTemplate\":\"https:\\\/\\\/enlarapita.com\\\/es\\\/?s={search_term_string}\"},\"query-input\":{\"@type\":\"PropertyValueSpecification\",\"valueRequired\":true,\"valueName\":\"search_term_string\"}}],\"inLanguage\":\"es\"},{\"@type\":\"Organization\",\"@id\":\"https:\\\/\\\/enlarapita.com\\\/es\\\/#organization\",\"name\":\"En la R\u00e0pita\",\"url\":\"https:\\\/\\\/enlarapita.com\\\/es\\\/\",\"logo\":{\"@type\":\"ImageObject\",\"inLanguage\":\"es\",\"@id\":\"https:\\\/\\\/enlarapita.com\\\/es\\\/#\\\/schema\\\/logo\\\/image\\\/\",\"url\":\"https:\\\/\\\/enlarapita.com\\\/wp-content\\\/uploads\\\/2021\\\/04\\\/cropped-logo-enlarapita-blau.png\",\"contentUrl\":\"https:\\\/\\\/enlarapita.com\\\/wp-content\\\/uploads\\\/2021\\\/04\\\/cropped-logo-enlarapita-blau.png\",\"width\":130,\"height\":19,\"caption\":\"En la R\u00e0pita\"},\"image\":{\"@id\":\"https:\\\/\\\/enlarapita.com\\\/es\\\/#\\\/schema\\\/logo\\\/image\\\/\"}}]}<\/script>\n<!-- \/ Yoast SEO plugin. -->","yoast_head_json":{"title":"Visitas guiadas en el delta del Ebro - Qu\u00e9 ver","description":"D\u00e9jate llevar por las visitas guiadas en el delta de Ebro y descubre los rincones m\u00e1s ocultos de este parque natural \u00fanico.","robots":{"index":"index","follow":"follow","max-snippet":"max-snippet:-1","max-image-preview":"max-image-preview:large","max-video-preview":"max-video-preview:-1"},"canonical":"https:\/\/enlarapita.com\/es\/delta-del-ebro\/que-hacer-o-ver\/visitas-guiadas\/","og_locale":"es_ES","og_type":"article","og_title":"Visitas guiadas en el delta del Ebro - Qu\u00e9 ver","og_description":"D\u00e9jate llevar por las visitas guiadas en el delta de Ebro y descubre los rincones m\u00e1s ocultos de este parque natural \u00fanico.","og_url":"https:\/\/enlarapita.com\/es\/delta-del-ebro\/que-hacer-o-ver\/visitas-guiadas\/","og_site_name":"En la R\u00e0pita","article_modified_time":"2024-09-09T07:36:07+00:00","og_image":[{"width":2560,"height":1707,"url":"https:\/\/enlarapita.com\/wp-content\/uploads\/2024\/04\/1407-127-scaled.jpg","type":"image\/jpeg"}],"twitter_card":"summary_large_image","twitter_misc":{"Tiempo de lectura":"2 minutos"},"schema":{"@context":"https:\/\/schema.org","@graph":[{"@type":"WebPage","@id":"https:\/\/enlarapita.com\/es\/delta-del-ebro\/que-hacer-o-ver\/visitas-guiadas\/","url":"https:\/\/enlarapita.com\/es\/delta-del-ebro\/que-hacer-o-ver\/visitas-guiadas\/","name":"Visitas guiadas en el delta del Ebro - Qu\u00e9 ver","isPartOf":{"@id":"https:\/\/enlarapita.com\/es\/#website"},"primaryImageOfPage":{"@id":"https:\/\/enlarapita.com\/es\/delta-del-ebro\/que-hacer-o-ver\/visitas-guiadas\/#primaryimage"},"image":{"@id":"https:\/\/enlarapita.com\/es\/delta-del-ebro\/que-hacer-o-ver\/visitas-guiadas\/#primaryimage"},"thumbnailUrl":"https:\/\/enlarapita.com\/wp-content\/uploads\/2023\/04\/TortosaWEB.jpg","datePublished":"2023-03-03T17:17:24+00:00","dateModified":"2024-09-09T07:36:07+00:00","description":"D\u00e9jate llevar por las visitas guiadas en el delta de Ebro y descubre los rincones m\u00e1s ocultos de este parque natural \u00fanico.","breadcrumb":{"@id":"https:\/\/enlarapita.com\/es\/delta-del-ebro\/que-hacer-o-ver\/visitas-guiadas\/#breadcrumb"},"inLanguage":"es","potentialAction":[{"@type":"ReadAction","target":["https:\/\/enlarapita.com\/es\/delta-del-ebro\/que-hacer-o-ver\/visitas-guiadas\/"]}]},{"@type":"ImageObject","inLanguage":"es","@id":"https:\/\/enlarapita.com\/es\/delta-del-ebro\/que-hacer-o-ver\/visitas-guiadas\/#primaryimage","url":"https:\/\/enlarapita.com\/wp-content\/uploads\/2023\/04\/TortosaWEB.jpg","contentUrl":"https:\/\/enlarapita.com\/wp-content\/uploads\/2023\/04\/TortosaWEB.jpg"},{"@type":"BreadcrumbList","@id":"https:\/\/enlarapita.com\/es\/delta-del-ebro\/que-hacer-o-ver\/visitas-guiadas\/#breadcrumb","itemListElement":[{"@type":"ListItem","position":1,"name":"Portada","item":"https:\/\/enlarapita.com\/es\/"},{"@type":"ListItem","position":2,"name":"Delta del Ebro","item":"https:\/\/enlarapita.com\/es\/delta-del-ebro\/"},{"@type":"ListItem","position":3,"name":"Qu\u00e9 hacer o ver en el delta del Ebro","item":"https:\/\/enlarapita.com\/es\/delta-del-ebro\/que-hacer-o-ver\/"},{"@type":"ListItem","position":4,"name":"Visitas guiadas en el delta del Ebro"}]},{"@type":"WebSite","@id":"https:\/\/enlarapita.com\/es\/#website","url":"https:\/\/enlarapita.com\/es\/","name":"En la R\u00e0pita","description":"","publisher":{"@id":"https:\/\/enlarapita.com\/es\/#organization"},"potentialAction":[{"@type":"SearchAction","target":{"@type":"EntryPoint","urlTemplate":"https:\/\/enlarapita.com\/es\/?s={search_term_string}"},"query-input":{"@type":"PropertyValueSpecification","valueRequired":true,"valueName":"search_term_string"}}],"inLanguage":"es"},{"@type":"Organization","@id":"https:\/\/enlarapita.com\/es\/#organization","name":"En la R\u00e0pita","url":"https:\/\/enlarapita.com\/es\/","logo":{"@type":"ImageObject","inLanguage":"es","@id":"https:\/\/enlarapita.com\/es\/#\/schema\/logo\/image\/","url":"https:\/\/enlarapita.com\/wp-content\/uploads\/2021\/04\/cropped-logo-enlarapita-blau.png","contentUrl":"https:\/\/enlarapita.com\/wp-content\/uploads\/2021\/04\/cropped-logo-enlarapita-blau.png","width":130,"height":19,"caption":"En la R\u00e0pita"},"image":{"@id":"https:\/\/enlarapita.com\/es\/#\/schema\/logo\/image\/"}}]}},"_links":{"self":[{"href":"https:\/\/enlarapita.com\/es\/wp-json\/wp\/v2\/pages\/15238","targetHints":{"allow":["GET"]}}],"collection":[{"href":"https:\/\/enlarapita.com\/es\/wp-json\/wp\/v2\/pages"}],"about":[{"href":"https:\/\/enlarapita.com\/es\/wp-json\/wp\/v2\/types\/page"}],"author":[{"embeddable":true,"href":"https:\/\/enlarapita.com\/es\/wp-json\/wp\/v2\/users\/1"}],"replies":[{"embeddable":true,"href":"https:\/\/enlarapita.com\/es\/wp-json\/wp\/v2\/comments?post=15238"}],"version-history":[{"count":3,"href":"https:\/\/enlarapita.com\/es\/wp-json\/wp\/v2\/pages\/15238\/revisions"}],"predecessor-version":[{"id":23781,"href":"https:\/\/enlarapita.com\/es\/wp-json\/wp\/v2\/pages\/15238\/revisions\/23781"}],"up":[{"embeddable":true,"href":"https:\/\/enlarapita.com\/es\/wp-json\/wp\/v2\/pages\/13124"}],"wp:attachment":[{"href":"https:\/\/enlarapita.com\/es\/wp-json\/wp\/v2\/media?parent=15238"}],"curies":[{"name":"wp","href":"https:\/\/api.w.org\/{rel}","templated":true}]}}