{"id":15236,"date":"2023-03-03T18:15:04","date_gmt":"2023-03-03T17:15:04","guid":{"rendered":"https:\/\/globals.app\/enlarapita\/delta-del-ebro\/que-hacer-o-ver\/naturaleza-aventura\/playa-del-trabucador\/"},"modified":"2023-03-17T16:31:57","modified_gmt":"2023-03-17T15:31:57","slug":"playa-del-trabucador","status":"publish","type":"page","link":"https:\/\/enlarapita.com\/es\/delta-del-ebro\/que-hacer-o-ver\/naturaleza-aventura\/playa-del-trabucador\/","title":{"rendered":"La playa del Trabucador en el delta del Ebro"},"content":{"rendered":"\t\t<div data-elementor-type=\"wp-page\" data-elementor-id=\"15236\" class=\"elementor elementor-15236 elementor-14052\" data-elementor-post-type=\"page\">\n\t\t\t\t\t\t<section class=\"elementor-section elementor-top-section elementor-element elementor-element-32317df6 elementor-section-content-middle elementor-section-boxed elementor-section-height-default elementor-section-height-default\" data-id=\"32317df6\" data-element_type=\"section\" data-e-type=\"section\">\n\t\t\t\t\t\t<div class=\"elementor-container elementor-column-gap-default\">\n\t\t\t\t\t<div class=\"elementor-column elementor-col-50 elementor-top-column elementor-element elementor-element-1d842964\" data-id=\"1d842964\" data-element_type=\"column\" data-e-type=\"column\">\n\t\t\t<div class=\"elementor-widget-wrap elementor-element-populated\">\n\t\t\t\t\t\t<div class=\"elementor-element elementor-element-6920fa21 elementor-widget elementor-widget-heading\" data-id=\"6920fa21\" data-element_type=\"widget\" data-e-type=\"widget\" data-widget_type=\"heading.default\">\n\t\t\t\t<div class=\"elementor-widget-container\">\n\t\t\t\t\t<h2 class=\"elementor-heading-title elementor-size-default\">La playa para los amantes de la naturaleza<\/h2>\t\t\t\t<\/div>\n\t\t\t\t<\/div>\n\t\t\t\t<div class=\"elementor-element elementor-element-5ea31a5 elementor-widget elementor-widget-text-editor\" data-id=\"5ea31a5\" data-element_type=\"widget\" data-e-type=\"widget\" data-widget_type=\"text-editor.default\">\n\t\t\t\t<div class=\"elementor-widget-container\">\n\t\t\t\t\t\t\t\t\t<p>La playa del Trabucador es un aut\u00e9ntico oasis para los amantes de la naturaleza. Es el espacio natural m\u00e1s incre\u00edble de este para\u00edso que es el delta del Ebro. En el Trabucador podr\u00e1s desconectar, es el espacio ideal para hacer yoga o meditar, sentir\u00e1s las emociones de las albadas y los ocasos, podr\u00e1s pasear a tu ritmo sin prisas ni estr\u00e9s, llegar a la punta de la Banya seg\u00fan la \u00e9poca del a\u00f1o y visitar las salinas de la Trinitat. Es t\u00fa lugar para vivir la paz y la tranquilidad y experimentar la esencia del delta del Ebro.<\/p>\n\t\t\t\t\t\t\t\t<\/div>\n\t\t\t\t<\/div>\n\t\t\t\t\t<\/div>\n\t\t<\/div>\n\t\t\t\t<div class=\"elementor-column elementor-col-50 elementor-top-column elementor-element elementor-element-6bb97090\" data-id=\"6bb97090\" data-element_type=\"column\" data-e-type=\"column\">\n\t\t\t<div class=\"elementor-widget-wrap elementor-element-populated\">\n\t\t\t\t\t\t<div class=\"elementor-element elementor-element-74265278 elementor-widget elementor-widget-image\" data-id=\"74265278\" data-element_type=\"widget\" data-e-type=\"widget\" data-widget_type=\"image.default\">\n\t\t\t\t<div class=\"elementor-widget-container\">\n\t\t\t\t\t\t\t\t\t\t\t\t\t\t\t<img fetchpriority=\"high\" decoding=\"async\" width=\"880\" height=\"1098\" src=\"https:\/\/enlarapita.com\/wp-content\/uploads\/2023\/03\/880-LaRapita_15.jpg\" class=\"attachment-full size-full wp-image-15615\" alt=\"\" srcset=\"https:\/\/enlarapita.com\/wp-content\/uploads\/2023\/03\/880-LaRapita_15.jpg 880w, https:\/\/enlarapita.com\/wp-content\/uploads\/2023\/03\/880-LaRapita_15-240x300.jpg 240w, https:\/\/enlarapita.com\/wp-content\/uploads\/2023\/03\/880-LaRapita_15-821x1024.jpg 821w, https:\/\/enlarapita.com\/wp-content\/uploads\/2023\/03\/880-LaRapita_15-768x958.jpg 768w\" sizes=\"(max-width: 880px) 100vw, 880px\" style=\"width:100%;height:124.77%;max-width:880px\" \/>\t\t\t\t\t\t\t\t\t\t\t\t\t\t\t<\/div>\n\t\t\t\t<\/div>\n\t\t\t\t\t<\/div>\n\t\t<\/div>\n\t\t\t\t\t<\/div>\n\t\t<\/section>\n\t\t\t\t<section class=\"elementor-section elementor-top-section elementor-element elementor-element-29fe4f85 elementor-section-content-middle elementor-reverse-tablet elementor-reverse-mobile elementor-section-boxed elementor-section-height-default elementor-section-height-default\" data-id=\"29fe4f85\" data-element_type=\"section\" data-e-type=\"section\">\n\t\t\t\t\t\t<div class=\"elementor-container elementor-column-gap-default\">\n\t\t\t\t\t<div class=\"elementor-column elementor-col-50 elementor-top-column elementor-element elementor-element-5b6c7a4e\" data-id=\"5b6c7a4e\" data-element_type=\"column\" data-e-type=\"column\">\n\t\t\t<div class=\"elementor-widget-wrap elementor-element-populated\">\n\t\t\t\t\t\t<div class=\"elementor-element elementor-element-36160907 elementor-widget elementor-widget-image\" data-id=\"36160907\" data-element_type=\"widget\" data-e-type=\"widget\" data-widget_type=\"image.default\">\n\t\t\t\t<div class=\"elementor-widget-container\">\n\t\t\t\t\t\t\t\t\t\t\t\t\t\t\t<img decoding=\"async\" width=\"793\" height=\"800\" src=\"https:\/\/enlarapita.com\/wp-content\/uploads\/2023\/03\/880-trabucador2.jpg\" class=\"attachment-full size-full wp-image-15619\" alt=\"\" srcset=\"https:\/\/enlarapita.com\/wp-content\/uploads\/2023\/03\/880-trabucador2.jpg 793w, https:\/\/enlarapita.com\/wp-content\/uploads\/2023\/03\/880-trabucador2-297x300.jpg 297w, https:\/\/enlarapita.com\/wp-content\/uploads\/2023\/03\/880-trabucador2-150x150.jpg 150w, https:\/\/enlarapita.com\/wp-content\/uploads\/2023\/03\/880-trabucador2-768x775.jpg 768w\" sizes=\"(max-width: 793px) 100vw, 793px\" style=\"width:100%;height:100.88%;max-width:793px\" \/>\t\t\t\t\t\t\t\t\t\t\t\t\t\t\t<\/div>\n\t\t\t\t<\/div>\n\t\t\t\t\t<\/div>\n\t\t<\/div>\n\t\t\t\t<div class=\"elementor-column elementor-col-50 elementor-top-column elementor-element elementor-element-7754c1a4\" data-id=\"7754c1a4\" data-element_type=\"column\" data-e-type=\"column\">\n\t\t\t<div class=\"elementor-widget-wrap elementor-element-populated\">\n\t\t\t\t\t\t<div class=\"elementor-element elementor-element-5773dcb0 elementor-widget elementor-widget-heading\" data-id=\"5773dcb0\" data-element_type=\"widget\" data-e-type=\"widget\" data-widget_type=\"heading.default\">\n\t\t\t\t<div class=\"elementor-widget-container\">\n\t\t\t\t\t<h2 class=\"elementor-heading-title elementor-size-default\">Ideal para los amantes de la aventura y las actividades acu\u00e1ticas<\/h2>\t\t\t\t<\/div>\n\t\t\t\t<\/div>\n\t\t\t\t<div class=\"elementor-element elementor-element-348367c8 elementor-widget elementor-widget-text-editor\" data-id=\"348367c8\" data-element_type=\"widget\" data-e-type=\"widget\" data-widget_type=\"text-editor.default\">\n\t\t\t\t<div class=\"elementor-widget-container\">\n\t\t\t\t\t\t\t\t\t<p>Si necesitas un lugar donde vivir aventuras y practicar las actividades acu\u00e1ticas m\u00e1s top en el delta del Ebro, tu paraje id\u00f3neo es la playa del Trabucador. Si vienes solo, con pareja, con la familia o los amigos, encontrar\u00e1s la actividad ideal para ti. Tenemos un buen surtido de propuestas para que disfrutes al m\u00e1ximo de tus vacaciones o escapadas con nosotros. Si ya has practicado, podr\u00e1s volar en kitesurf, patinar por la bah\u00eda de Els Alfacs en kayak, tabla de surf o bicicleta de agua y, si no, puedes aprender con nuestros profesionales.<\/p>\n\t\t\t\t\t\t\t\t<\/div>\n\t\t\t\t<\/div>\n\t\t\t\t<div class=\"elementor-element elementor-element-19bc7957 elementor-widget elementor-widget-text-editor\" data-id=\"19bc7957\" data-element_type=\"widget\" data-e-type=\"widget\" data-widget_type=\"text-editor.default\">\n\t\t\t\t<div class=\"elementor-widget-container\">\n\t\t\t\t\t\t\t\t\t<p>La playa del Trabucador es visita obligada durante tu estancia en el delta del Ebro y, desde la Estaci\u00f3n N\u00e1utica La R\u00e0pita &#8211; Delta del Ebro ponemos a tu alcance una larga serie de propuestas que te encantar\u00e1n y har\u00e1n que vuelvas muchas m\u00e1s veces.<\/p>\n\t\t\t\t\t\t\t\t<\/div>\n\t\t\t\t<\/div>\n\t\t\t\t\t<\/div>\n\t\t<\/div>\n\t\t\t\t\t<\/div>\n\t\t<\/section>\n\t\t\t\t<\/div>\n\t\t","protected":false},"excerpt":{"rendered":"<p>La playa para los amantes de la naturaleza La playa del Trabucador es un aut\u00e9ntico oasis para los amantes de la naturaleza. Es el espacio natural m\u00e1s incre\u00edble de este para\u00edso que es el delta del Ebro. En el Trabucador podr\u00e1s desconectar, es el espacio ideal para hacer yoga o meditar, sentir\u00e1s las emociones de&hellip; <a class=\"more-link\" href=\"https:\/\/enlarapita.com\/es\/delta-del-ebro\/que-hacer-o-ver\/naturaleza-aventura\/playa-del-trabucador\/\">Seguir leyendo <span class=\"screen-reader-text\">La playa del Trabucador en el delta del Ebro<\/span><\/a><\/p>\n","protected":false},"author":1,"featured_media":15630,"parent":15224,"menu_order":0,"comment_status":"closed","ping_status":"closed","template":"page-categories.php","meta":{"_acf_changed":false,"footnotes":""},"class_list":["post-15236","page","type-page","status-publish","has-post-thumbnail","hentry","entry"],"acf":[],"yoast_head":"<!-- This site is optimized with the Yoast SEO plugin v27.4 - https:\/\/yoast.com\/product\/yoast-seo-wordpress\/ -->\n<title>La playa del Trabucador en el delta del Ebro<\/title>\n<meta name=\"description\" content=\"La playa del Trabucador es la m\u00e1s virgen y larga del Delta, ideal para pasear, contemplar atardeceres y hacer actividades acu\u00e1ticas.\" \/>\n<meta name=\"robots\" content=\"index, follow, max-snippet:-1, max-image-preview:large, max-video-preview:-1\" \/>\n<link rel=\"canonical\" href=\"https:\/\/enlarapita.com\/es\/delta-del-ebro\/que-hacer-o-ver\/naturaleza-aventura\/playa-del-trabucador\/\" \/>\n<meta property=\"og:locale\" content=\"es_ES\" \/>\n<meta property=\"og:type\" content=\"article\" \/>\n<meta property=\"og:title\" content=\"La playa del Trabucador en el delta del Ebro\" \/>\n<meta property=\"og:description\" content=\"La playa del Trabucador es la m\u00e1s virgen y larga del Delta, ideal para pasear, contemplar atardeceres y hacer actividades acu\u00e1ticas.\" \/>\n<meta property=\"og:url\" content=\"https:\/\/enlarapita.com\/es\/delta-del-ebro\/que-hacer-o-ver\/naturaleza-aventura\/playa-del-trabucador\/\" \/>\n<meta property=\"og:site_name\" content=\"En la R\u00e0pita\" \/>\n<meta property=\"article:modified_time\" content=\"2023-03-17T15:31:57+00:00\" \/>\n<meta property=\"og:image\" content=\"https:\/\/enlarapita.com\/wp-content\/uploads\/2023\/03\/1920-trabucador.jpg\" \/>\n\t<meta property=\"og:image:width\" content=\"1920\" \/>\n\t<meta property=\"og:image:height\" content=\"400\" \/>\n\t<meta property=\"og:image:type\" content=\"image\/jpeg\" \/>\n<meta name=\"twitter:card\" content=\"summary_large_image\" \/>\n<meta name=\"twitter:label1\" content=\"Tiempo de lectura\" \/>\n\t<meta name=\"twitter:data1\" content=\"2 minutos\" \/>\n<script type=\"application\/ld+json\" class=\"yoast-schema-graph\">{\"@context\":\"https:\\\/\\\/schema.org\",\"@graph\":[{\"@type\":\"WebPage\",\"@id\":\"https:\\\/\\\/enlarapita.com\\\/es\\\/delta-del-ebro\\\/que-hacer-o-ver\\\/naturaleza-aventura\\\/playa-del-trabucador\\\/\",\"url\":\"https:\\\/\\\/enlarapita.com\\\/es\\\/delta-del-ebro\\\/que-hacer-o-ver\\\/naturaleza-aventura\\\/playa-del-trabucador\\\/\",\"name\":\"La playa del Trabucador en el delta del Ebro\",\"isPartOf\":{\"@id\":\"https:\\\/\\\/enlarapita.com\\\/es\\\/#website\"},\"primaryImageOfPage\":{\"@id\":\"https:\\\/\\\/enlarapita.com\\\/es\\\/delta-del-ebro\\\/que-hacer-o-ver\\\/naturaleza-aventura\\\/playa-del-trabucador\\\/#primaryimage\"},\"image\":{\"@id\":\"https:\\\/\\\/enlarapita.com\\\/es\\\/delta-del-ebro\\\/que-hacer-o-ver\\\/naturaleza-aventura\\\/playa-del-trabucador\\\/#primaryimage\"},\"thumbnailUrl\":\"https:\\\/\\\/enlarapita.com\\\/wp-content\\\/uploads\\\/2023\\\/03\\\/1920-trabucador.jpg\",\"datePublished\":\"2023-03-03T17:15:04+00:00\",\"dateModified\":\"2023-03-17T15:31:57+00:00\",\"description\":\"La playa del Trabucador es la m\u00e1s virgen y larga del Delta, ideal para pasear, contemplar atardeceres y hacer actividades acu\u00e1ticas.\",\"breadcrumb\":{\"@id\":\"https:\\\/\\\/enlarapita.com\\\/es\\\/delta-del-ebro\\\/que-hacer-o-ver\\\/naturaleza-aventura\\\/playa-del-trabucador\\\/#breadcrumb\"},\"inLanguage\":\"es\",\"potentialAction\":[{\"@type\":\"ReadAction\",\"target\":[\"https:\\\/\\\/enlarapita.com\\\/es\\\/delta-del-ebro\\\/que-hacer-o-ver\\\/naturaleza-aventura\\\/playa-del-trabucador\\\/\"]}]},{\"@type\":\"ImageObject\",\"inLanguage\":\"es\",\"@id\":\"https:\\\/\\\/enlarapita.com\\\/es\\\/delta-del-ebro\\\/que-hacer-o-ver\\\/naturaleza-aventura\\\/playa-del-trabucador\\\/#primaryimage\",\"url\":\"https:\\\/\\\/enlarapita.com\\\/wp-content\\\/uploads\\\/2023\\\/03\\\/1920-trabucador.jpg\",\"contentUrl\":\"https:\\\/\\\/enlarapita.com\\\/wp-content\\\/uploads\\\/2023\\\/03\\\/1920-trabucador.jpg\",\"width\":1920,\"height\":400},{\"@type\":\"BreadcrumbList\",\"@id\":\"https:\\\/\\\/enlarapita.com\\\/es\\\/delta-del-ebro\\\/que-hacer-o-ver\\\/naturaleza-aventura\\\/playa-del-trabucador\\\/#breadcrumb\",\"itemListElement\":[{\"@type\":\"ListItem\",\"position\":1,\"name\":\"Portada\",\"item\":\"https:\\\/\\\/enlarapita.com\\\/es\\\/\"},{\"@type\":\"ListItem\",\"position\":2,\"name\":\"Delta del Ebro\",\"item\":\"https:\\\/\\\/enlarapita.com\\\/es\\\/delta-del-ebro\\\/\"},{\"@type\":\"ListItem\",\"position\":3,\"name\":\"Qu\u00e9 hacer o ver en el delta del Ebro\",\"item\":\"https:\\\/\\\/enlarapita.com\\\/es\\\/delta-del-ebro\\\/que-hacer-o-ver\\\/\"},{\"@type\":\"ListItem\",\"position\":4,\"name\":\"Naturaleza y aventura en el delta del Ebro\",\"item\":\"https:\\\/\\\/enlarapita.com\\\/es\\\/delta-del-ebro\\\/que-hacer-o-ver\\\/naturaleza-aventura\\\/\"},{\"@type\":\"ListItem\",\"position\":5,\"name\":\"La playa del Trabucador en el delta del Ebro\"}]},{\"@type\":\"WebSite\",\"@id\":\"https:\\\/\\\/enlarapita.com\\\/es\\\/#website\",\"url\":\"https:\\\/\\\/enlarapita.com\\\/es\\\/\",\"name\":\"En la R\u00e0pita\",\"description\":\"\",\"publisher\":{\"@id\":\"https:\\\/\\\/enlarapita.com\\\/es\\\/#organization\"},\"potentialAction\":[{\"@type\":\"SearchAction\",\"target\":{\"@type\":\"EntryPoint\",\"urlTemplate\":\"https:\\\/\\\/enlarapita.com\\\/es\\\/?s={search_term_string}\"},\"query-input\":{\"@type\":\"PropertyValueSpecification\",\"valueRequired\":true,\"valueName\":\"search_term_string\"}}],\"inLanguage\":\"es\"},{\"@type\":\"Organization\",\"@id\":\"https:\\\/\\\/enlarapita.com\\\/es\\\/#organization\",\"name\":\"En la R\u00e0pita\",\"url\":\"https:\\\/\\\/enlarapita.com\\\/es\\\/\",\"logo\":{\"@type\":\"ImageObject\",\"inLanguage\":\"es\",\"@id\":\"https:\\\/\\\/enlarapita.com\\\/es\\\/#\\\/schema\\\/logo\\\/image\\\/\",\"url\":\"https:\\\/\\\/enlarapita.com\\\/wp-content\\\/uploads\\\/2021\\\/04\\\/cropped-logo-enlarapita-blau.png\",\"contentUrl\":\"https:\\\/\\\/enlarapita.com\\\/wp-content\\\/uploads\\\/2021\\\/04\\\/cropped-logo-enlarapita-blau.png\",\"width\":130,\"height\":19,\"caption\":\"En la R\u00e0pita\"},\"image\":{\"@id\":\"https:\\\/\\\/enlarapita.com\\\/es\\\/#\\\/schema\\\/logo\\\/image\\\/\"}}]}<\/script>\n<!-- \/ Yoast SEO plugin. -->","yoast_head_json":{"title":"La playa del Trabucador en el delta del Ebro","description":"La playa del Trabucador es la m\u00e1s virgen y larga del Delta, ideal para pasear, contemplar atardeceres y hacer actividades acu\u00e1ticas.","robots":{"index":"index","follow":"follow","max-snippet":"max-snippet:-1","max-image-preview":"max-image-preview:large","max-video-preview":"max-video-preview:-1"},"canonical":"https:\/\/enlarapita.com\/es\/delta-del-ebro\/que-hacer-o-ver\/naturaleza-aventura\/playa-del-trabucador\/","og_locale":"es_ES","og_type":"article","og_title":"La playa del Trabucador en el delta del Ebro","og_description":"La playa del Trabucador es la m\u00e1s virgen y larga del Delta, ideal para pasear, contemplar atardeceres y hacer actividades acu\u00e1ticas.","og_url":"https:\/\/enlarapita.com\/es\/delta-del-ebro\/que-hacer-o-ver\/naturaleza-aventura\/playa-del-trabucador\/","og_site_name":"En la R\u00e0pita","article_modified_time":"2023-03-17T15:31:57+00:00","og_image":[{"width":1920,"height":400,"url":"https:\/\/enlarapita.com\/wp-content\/uploads\/2023\/03\/1920-trabucador.jpg","type":"image\/jpeg"}],"twitter_card":"summary_large_image","twitter_misc":{"Tiempo de lectura":"2 minutos"},"schema":{"@context":"https:\/\/schema.org","@graph":[{"@type":"WebPage","@id":"https:\/\/enlarapita.com\/es\/delta-del-ebro\/que-hacer-o-ver\/naturaleza-aventura\/playa-del-trabucador\/","url":"https:\/\/enlarapita.com\/es\/delta-del-ebro\/que-hacer-o-ver\/naturaleza-aventura\/playa-del-trabucador\/","name":"La playa del Trabucador en el delta del Ebro","isPartOf":{"@id":"https:\/\/enlarapita.com\/es\/#website"},"primaryImageOfPage":{"@id":"https:\/\/enlarapita.com\/es\/delta-del-ebro\/que-hacer-o-ver\/naturaleza-aventura\/playa-del-trabucador\/#primaryimage"},"image":{"@id":"https:\/\/enlarapita.com\/es\/delta-del-ebro\/que-hacer-o-ver\/naturaleza-aventura\/playa-del-trabucador\/#primaryimage"},"thumbnailUrl":"https:\/\/enlarapita.com\/wp-content\/uploads\/2023\/03\/1920-trabucador.jpg","datePublished":"2023-03-03T17:15:04+00:00","dateModified":"2023-03-17T15:31:57+00:00","description":"La playa del Trabucador es la m\u00e1s virgen y larga del Delta, ideal para pasear, contemplar atardeceres y hacer actividades acu\u00e1ticas.","breadcrumb":{"@id":"https:\/\/enlarapita.com\/es\/delta-del-ebro\/que-hacer-o-ver\/naturaleza-aventura\/playa-del-trabucador\/#breadcrumb"},"inLanguage":"es","potentialAction":[{"@type":"ReadAction","target":["https:\/\/enlarapita.com\/es\/delta-del-ebro\/que-hacer-o-ver\/naturaleza-aventura\/playa-del-trabucador\/"]}]},{"@type":"ImageObject","inLanguage":"es","@id":"https:\/\/enlarapita.com\/es\/delta-del-ebro\/que-hacer-o-ver\/naturaleza-aventura\/playa-del-trabucador\/#primaryimage","url":"https:\/\/enlarapita.com\/wp-content\/uploads\/2023\/03\/1920-trabucador.jpg","contentUrl":"https:\/\/enlarapita.com\/wp-content\/uploads\/2023\/03\/1920-trabucador.jpg","width":1920,"height":400},{"@type":"BreadcrumbList","@id":"https:\/\/enlarapita.com\/es\/delta-del-ebro\/que-hacer-o-ver\/naturaleza-aventura\/playa-del-trabucador\/#breadcrumb","itemListElement":[{"@type":"ListItem","position":1,"name":"Portada","item":"https:\/\/enlarapita.com\/es\/"},{"@type":"ListItem","position":2,"name":"Delta del Ebro","item":"https:\/\/enlarapita.com\/es\/delta-del-ebro\/"},{"@type":"ListItem","position":3,"name":"Qu\u00e9 hacer o ver en el delta del Ebro","item":"https:\/\/enlarapita.com\/es\/delta-del-ebro\/que-hacer-o-ver\/"},{"@type":"ListItem","position":4,"name":"Naturaleza y aventura en el delta del Ebro","item":"https:\/\/enlarapita.com\/es\/delta-del-ebro\/que-hacer-o-ver\/naturaleza-aventura\/"},{"@type":"ListItem","position":5,"name":"La playa del Trabucador en el delta del Ebro"}]},{"@type":"WebSite","@id":"https:\/\/enlarapita.com\/es\/#website","url":"https:\/\/enlarapita.com\/es\/","name":"En la R\u00e0pita","description":"","publisher":{"@id":"https:\/\/enlarapita.com\/es\/#organization"},"potentialAction":[{"@type":"SearchAction","target":{"@type":"EntryPoint","urlTemplate":"https:\/\/enlarapita.com\/es\/?s={search_term_string}"},"query-input":{"@type":"PropertyValueSpecification","valueRequired":true,"valueName":"search_term_string"}}],"inLanguage":"es"},{"@type":"Organization","@id":"https:\/\/enlarapita.com\/es\/#organization","name":"En la R\u00e0pita","url":"https:\/\/enlarapita.com\/es\/","logo":{"@type":"ImageObject","inLanguage":"es","@id":"https:\/\/enlarapita.com\/es\/#\/schema\/logo\/image\/","url":"https:\/\/enlarapita.com\/wp-content\/uploads\/2021\/04\/cropped-logo-enlarapita-blau.png","contentUrl":"https:\/\/enlarapita.com\/wp-content\/uploads\/2021\/04\/cropped-logo-enlarapita-blau.png","width":130,"height":19,"caption":"En la R\u00e0pita"},"image":{"@id":"https:\/\/enlarapita.com\/es\/#\/schema\/logo\/image\/"}}]}},"_links":{"self":[{"href":"https:\/\/enlarapita.com\/es\/wp-json\/wp\/v2\/pages\/15236","targetHints":{"allow":["GET"]}}],"collection":[{"href":"https:\/\/enlarapita.com\/es\/wp-json\/wp\/v2\/pages"}],"about":[{"href":"https:\/\/enlarapita.com\/es\/wp-json\/wp\/v2\/types\/page"}],"author":[{"embeddable":true,"href":"https:\/\/enlarapita.com\/es\/wp-json\/wp\/v2\/users\/1"}],"replies":[{"embeddable":true,"href":"https:\/\/enlarapita.com\/es\/wp-json\/wp\/v2\/comments?post=15236"}],"version-history":[{"count":0,"href":"https:\/\/enlarapita.com\/es\/wp-json\/wp\/v2\/pages\/15236\/revisions"}],"up":[{"embeddable":true,"href":"https:\/\/enlarapita.com\/es\/wp-json\/wp\/v2\/pages\/15224"}],"wp:featuredmedia":[{"embeddable":true,"href":"https:\/\/enlarapita.com\/es\/wp-json\/wp\/v2\/media\/15630"}],"wp:attachment":[{"href":"https:\/\/enlarapita.com\/es\/wp-json\/wp\/v2\/media?parent=15236"}],"curies":[{"name":"wp","href":"https:\/\/api.w.org\/{rel}","templated":true}]}}