{"id":15234,"date":"2023-03-03T18:12:25","date_gmt":"2023-03-03T17:12:25","guid":{"rendered":"https:\/\/globals.app\/enlarapita\/delta-del-ebro\/que-hacer-o-ver\/naturaleza-aventura\/parque-natural\/"},"modified":"2023-03-17T21:30:49","modified_gmt":"2023-03-17T20:30:49","slug":"parque-natural","status":"publish","type":"page","link":"https:\/\/enlarapita.com\/es\/delta-del-ebro\/que-hacer-o-ver\/naturaleza-aventura\/parque-natural\/","title":{"rendered":"Parque Natural del Delta del Ebro"},"content":{"rendered":"\t\t<div data-elementor-type=\"wp-page\" data-elementor-id=\"15234\" class=\"elementor elementor-15234 elementor-14046\" data-elementor-post-type=\"page\">\n\t\t\t\t\t\t<section class=\"elementor-section elementor-top-section elementor-element elementor-element-4ae6b5f6 elementor-section-content-middle elementor-section-boxed elementor-section-height-default elementor-section-height-default\" data-id=\"4ae6b5f6\" data-element_type=\"section\" data-e-type=\"section\">\n\t\t\t\t\t\t<div class=\"elementor-container elementor-column-gap-default\">\n\t\t\t\t\t<div class=\"elementor-column elementor-col-50 elementor-top-column elementor-element elementor-element-60b637\" data-id=\"60b637\" data-element_type=\"column\" data-e-type=\"column\">\n\t\t\t<div class=\"elementor-widget-wrap elementor-element-populated\">\n\t\t\t\t\t\t<div class=\"elementor-element elementor-element-32b36552 elementor-widget elementor-widget-heading\" data-id=\"32b36552\" data-element_type=\"widget\" data-e-type=\"widget\" data-widget_type=\"heading.default\">\n\t\t\t\t<div class=\"elementor-widget-container\">\n\t\t\t\t\t<h2 class=\"elementor-heading-title elementor-size-default\">Experimenta la naturaleza en el delta del Ebro<\/h2>\t\t\t\t<\/div>\n\t\t\t\t<\/div>\n\t\t\t\t<div class=\"elementor-element elementor-element-4999a004 elementor-widget elementor-widget-text-editor\" data-id=\"4999a004\" data-element_type=\"widget\" data-e-type=\"widget\" data-widget_type=\"text-editor.default\">\n\t\t\t\t<div class=\"elementor-widget-container\">\n\t\t\t\t\t\t\t\t\t<p>La constituci\u00f3n el a\u00f1o 1986 del Parque Natural del Delta del Ebro lo convirti\u00f3 en el espacio acu\u00e1tico m\u00e1s grande de Catalu\u00f1a y uno de los espacios m\u00e1s singulares donde experimentar hasta la m\u00e9dula la naturaleza m\u00e1s pura. Para facilitarte su descubrimiento, los centros de informaci\u00f3n del Ecomuseu en Deltebre y la Casa de Fusta en Amposta te ofrecen un mundo de actividades.<\/p>\n\t\t\t\t\t\t\t\t<\/div>\n\t\t\t\t<\/div>\n\t\t\t\t<div class=\"elementor-element elementor-element-34d038f5 elementor-widget elementor-widget-heading\" data-id=\"34d038f5\" data-element_type=\"widget\" data-e-type=\"widget\" data-widget_type=\"heading.default\">\n\t\t\t\t<div class=\"elementor-widget-container\">\n\t\t\t\t\t<h2 class=\"elementor-heading-title elementor-size-default\">El delta del Ebro y t\u00fa<\/h2>\t\t\t\t<\/div>\n\t\t\t\t<\/div>\n\t\t\t\t<div class=\"elementor-element elementor-element-508d5b1 elementor-widget elementor-widget-text-editor\" data-id=\"508d5b1\" data-element_type=\"widget\" data-e-type=\"widget\" data-widget_type=\"text-editor.default\">\n\t\t\t\t<div class=\"elementor-widget-container\">\n\t\t\t\t\t\t\t\t\t<p>Si quieres saber qu\u00e9 hacer y qu\u00e9 ver en el delta del Ebro tenemos las propuestas m\u00e1s estimulantes para tus vacaciones o escapadas en este para\u00edso natural cerca de tu casa. Tenemos todo lo imprescindible para que descubras los lugares m\u00e1s emblem\u00e1ticos, para que vivas sus colores, sabores, texturas, la esencia del delta del Ebro.<\/p>\n\t\t\t\t\t\t\t\t<\/div>\n\t\t\t\t<\/div>\n\t\t\t\t\t<\/div>\n\t\t<\/div>\n\t\t\t\t<div class=\"elementor-column elementor-col-50 elementor-top-column elementor-element elementor-element-78d4ac7f\" data-id=\"78d4ac7f\" data-element_type=\"column\" data-e-type=\"column\">\n\t\t\t<div class=\"elementor-widget-wrap elementor-element-populated\">\n\t\t\t\t\t\t<div class=\"elementor-element elementor-element-102b1640 elementor-widget elementor-widget-image\" data-id=\"102b1640\" data-element_type=\"widget\" data-e-type=\"widget\" data-widget_type=\"image.default\">\n\t\t\t\t<div class=\"elementor-widget-container\">\n\t\t\t\t\t\t\t\t\t\t\t\t\t\t\t<img fetchpriority=\"high\" decoding=\"async\" width=\"880\" height=\"880\" src=\"https:\/\/enlarapita.com\/wp-content\/uploads\/2023\/03\/880-1-3-1.jpg\" class=\"attachment-full size-full wp-image-15858\" alt=\"\" srcset=\"https:\/\/enlarapita.com\/wp-content\/uploads\/2023\/03\/880-1-3-1.jpg 880w, https:\/\/enlarapita.com\/wp-content\/uploads\/2023\/03\/880-1-3-1-300x300.jpg 300w, https:\/\/enlarapita.com\/wp-content\/uploads\/2023\/03\/880-1-3-1-150x150.jpg 150w, https:\/\/enlarapita.com\/wp-content\/uploads\/2023\/03\/880-1-3-1-768x768.jpg 768w\" sizes=\"(max-width: 880px) 100vw, 880px\" style=\"width:100%;height:100%;max-width:880px\" \/>\t\t\t\t\t\t\t\t\t\t\t\t\t\t\t<\/div>\n\t\t\t\t<\/div>\n\t\t\t\t\t<\/div>\n\t\t<\/div>\n\t\t\t\t\t<\/div>\n\t\t<\/section>\n\t\t\t\t<section class=\"elementor-section elementor-top-section elementor-element elementor-element-71de4152 elementor-section-content-middle elementor-reverse-tablet elementor-reverse-mobile elementor-section-boxed elementor-section-height-default elementor-section-height-default\" data-id=\"71de4152\" data-element_type=\"section\" data-e-type=\"section\">\n\t\t\t\t\t\t<div class=\"elementor-container elementor-column-gap-default\">\n\t\t\t\t\t<div class=\"elementor-column elementor-col-50 elementor-top-column elementor-element elementor-element-590ffb91\" data-id=\"590ffb91\" data-element_type=\"column\" data-e-type=\"column\">\n\t\t\t<div class=\"elementor-widget-wrap elementor-element-populated\">\n\t\t\t\t\t\t<div class=\"elementor-element elementor-element-4097b229 elementor-widget elementor-widget-image\" data-id=\"4097b229\" data-element_type=\"widget\" data-e-type=\"widget\" data-widget_type=\"image.default\">\n\t\t\t\t<div class=\"elementor-widget-container\">\n\t\t\t\t\t\t\t\t\t\t\t\t\t\t\t<img decoding=\"async\" width=\"880\" height=\"880\" src=\"https:\/\/enlarapita.com\/wp-content\/uploads\/2023\/03\/880-2-7.1.jpg\" class=\"attachment-full size-full wp-image-15862\" alt=\"\" srcset=\"https:\/\/enlarapita.com\/wp-content\/uploads\/2023\/03\/880-2-7.1.jpg 880w, https:\/\/enlarapita.com\/wp-content\/uploads\/2023\/03\/880-2-7.1-300x300.jpg 300w, https:\/\/enlarapita.com\/wp-content\/uploads\/2023\/03\/880-2-7.1-150x150.jpg 150w, https:\/\/enlarapita.com\/wp-content\/uploads\/2023\/03\/880-2-7.1-768x768.jpg 768w\" sizes=\"(max-width: 880px) 100vw, 880px\" style=\"width:100%;height:100%;max-width:880px\" \/>\t\t\t\t\t\t\t\t\t\t\t\t\t\t\t<\/div>\n\t\t\t\t<\/div>\n\t\t\t\t\t<\/div>\n\t\t<\/div>\n\t\t\t\t<div class=\"elementor-column elementor-col-50 elementor-top-column elementor-element elementor-element-374d845e\" data-id=\"374d845e\" data-element_type=\"column\" data-e-type=\"column\">\n\t\t\t<div class=\"elementor-widget-wrap elementor-element-populated\">\n\t\t\t\t\t\t<div class=\"elementor-element elementor-element-547bb25a elementor-widget elementor-widget-heading\" data-id=\"547bb25a\" data-element_type=\"widget\" data-e-type=\"widget\" data-widget_type=\"heading.default\">\n\t\t\t\t<div class=\"elementor-widget-container\">\n\t\t\t\t\t<h2 class=\"elementor-heading-title elementor-size-default\">Recorre el Parque Natural del Delta del Ebro<\/h2>\t\t\t\t<\/div>\n\t\t\t\t<\/div>\n\t\t\t\t<div class=\"elementor-element elementor-element-14c5395e elementor-widget elementor-widget-text-editor\" data-id=\"14c5395e\" data-element_type=\"widget\" data-e-type=\"widget\" data-widget_type=\"text-editor.default\">\n\t\t\t\t<div class=\"elementor-widget-container\">\n\t\t\t\t\t\t\t\t\t<p>Para descubrir este para\u00edso natural ponemos a tu alcance todas las actividades que podr\u00e1s hacer y te guiamos para que tu estancia sea inolvidable. Tenemos excursiones y rutas a pie, a caballo, en bici o en coche para que llegues a los lugares m\u00e1s rec\u00f3nditos, te proponemos actividades para que vivas al m\u00e1ximo la naturaleza y la aventura y te proporcionamos una gran variedad de alojamientos y restaurantes para completar tu estancia con nosotros.<\/p>\n\t\t\t\t\t\t\t\t<\/div>\n\t\t\t\t<\/div>\n\t\t\t\t<div class=\"elementor-element elementor-element-15e768da elementor-widget elementor-widget-text-editor\" data-id=\"15e768da\" data-element_type=\"widget\" data-e-type=\"widget\" data-widget_type=\"text-editor.default\">\n\t\t\t\t<div class=\"elementor-widget-container\">\n\t\t\t\t\t\t\t\t\t<p>El Parque Natural del Delta del Ebro y el Parque Natural de Els Ports son las dos zonas naturales m\u00e1s importantes de las Terres de l&#8217;Ebre y uno de los motivos que seamos Reserva de la Biosfera. Desde la Estaci\u00f3n N\u00e1utica La R\u00e0pita &#8211; Delta del Ebro estamos orgullosos de este distintivo que nos posiciona como una destinaci\u00f3n tur\u00edstica sostenible de alto nivel y trabajamos incansablemente para que t\u00fa puedas disfrutarla al m\u00e1ximo.<\/p>\n\t\t\t\t\t\t\t\t<\/div>\n\t\t\t\t<\/div>\n\t\t\t\t\t<\/div>\n\t\t<\/div>\n\t\t\t\t\t<\/div>\n\t\t<\/section>\n\t\t\t\t<\/div>\n\t\t","protected":false},"excerpt":{"rendered":"<p>Experimenta la naturaleza en el delta del Ebro La constituci\u00f3n el a\u00f1o 1986 del Parque Natural del Delta del Ebro lo convirti\u00f3 en el espacio acu\u00e1tico m\u00e1s grande de Catalu\u00f1a y uno de los espacios m\u00e1s singulares donde experimentar hasta la m\u00e9dula la naturaleza m\u00e1s pura. Para facilitarte su descubrimiento, los centros de informaci\u00f3n del&hellip; <a class=\"more-link\" href=\"https:\/\/enlarapita.com\/es\/delta-del-ebro\/que-hacer-o-ver\/naturaleza-aventura\/parque-natural\/\">Seguir leyendo <span class=\"screen-reader-text\">Parque Natural del Delta del Ebro<\/span><\/a><\/p>\n","protected":false},"author":1,"featured_media":15873,"parent":15224,"menu_order":0,"comment_status":"closed","ping_status":"closed","template":"page-categories.php","meta":{"_acf_changed":false,"footnotes":""},"class_list":["post-15234","page","type-page","status-publish","has-post-thumbnail","hentry","entry"],"acf":[],"yoast_head":"<!-- This site is optimized with the Yoast SEO plugin v27.4 - https:\/\/yoast.com\/product\/yoast-seo-wordpress\/ -->\n<title>Parque Natural del Delta del Ebro - Naturaleza y aventura<\/title>\n<meta name=\"description\" content=\"Para descubrir el Parque Natural del Delta del Ebro ponemos a tu alcance todas las actividades de naturaleza y aventura que puedes realizar.\" \/>\n<meta name=\"robots\" content=\"index, follow, max-snippet:-1, max-image-preview:large, max-video-preview:-1\" \/>\n<link rel=\"canonical\" href=\"https:\/\/enlarapita.com\/es\/delta-del-ebro\/que-hacer-o-ver\/naturaleza-aventura\/parque-natural\/\" \/>\n<meta property=\"og:locale\" content=\"es_ES\" \/>\n<meta property=\"og:type\" content=\"article\" \/>\n<meta property=\"og:title\" content=\"Parque Natural del Delta del Ebro - Naturaleza y aventura\" \/>\n<meta property=\"og:description\" content=\"Para descubrir el Parque Natural del Delta del Ebro ponemos a tu alcance todas las actividades de naturaleza y aventura que puedes realizar.\" \/>\n<meta property=\"og:url\" content=\"https:\/\/enlarapita.com\/es\/delta-del-ebro\/que-hacer-o-ver\/naturaleza-aventura\/parque-natural\/\" \/>\n<meta property=\"og:site_name\" content=\"En la R\u00e0pita\" \/>\n<meta property=\"article:modified_time\" content=\"2023-03-17T20:30:49+00:00\" \/>\n<meta property=\"og:image\" content=\"https:\/\/enlarapita.com\/wp-content\/uploads\/2023\/03\/1920-6.jpg\" \/>\n\t<meta property=\"og:image:width\" content=\"1920\" \/>\n\t<meta property=\"og:image:height\" content=\"400\" \/>\n\t<meta property=\"og:image:type\" content=\"image\/jpeg\" \/>\n<meta name=\"twitter:card\" content=\"summary_large_image\" \/>\n<meta name=\"twitter:label1\" content=\"Tiempo de lectura\" \/>\n\t<meta name=\"twitter:data1\" content=\"2 minutos\" \/>\n<script type=\"application\/ld+json\" class=\"yoast-schema-graph\">{\"@context\":\"https:\\\/\\\/schema.org\",\"@graph\":[{\"@type\":\"WebPage\",\"@id\":\"https:\\\/\\\/enlarapita.com\\\/es\\\/delta-del-ebro\\\/que-hacer-o-ver\\\/naturaleza-aventura\\\/parque-natural\\\/\",\"url\":\"https:\\\/\\\/enlarapita.com\\\/es\\\/delta-del-ebro\\\/que-hacer-o-ver\\\/naturaleza-aventura\\\/parque-natural\\\/\",\"name\":\"Parque Natural del Delta del Ebro - Naturaleza y aventura\",\"isPartOf\":{\"@id\":\"https:\\\/\\\/enlarapita.com\\\/es\\\/#website\"},\"primaryImageOfPage\":{\"@id\":\"https:\\\/\\\/enlarapita.com\\\/es\\\/delta-del-ebro\\\/que-hacer-o-ver\\\/naturaleza-aventura\\\/parque-natural\\\/#primaryimage\"},\"image\":{\"@id\":\"https:\\\/\\\/enlarapita.com\\\/es\\\/delta-del-ebro\\\/que-hacer-o-ver\\\/naturaleza-aventura\\\/parque-natural\\\/#primaryimage\"},\"thumbnailUrl\":\"https:\\\/\\\/enlarapita.com\\\/wp-content\\\/uploads\\\/2023\\\/03\\\/1920-6.jpg\",\"datePublished\":\"2023-03-03T17:12:25+00:00\",\"dateModified\":\"2023-03-17T20:30:49+00:00\",\"description\":\"Para descubrir el Parque Natural del Delta del Ebro ponemos a tu alcance todas las actividades de naturaleza y aventura que puedes realizar.\",\"breadcrumb\":{\"@id\":\"https:\\\/\\\/enlarapita.com\\\/es\\\/delta-del-ebro\\\/que-hacer-o-ver\\\/naturaleza-aventura\\\/parque-natural\\\/#breadcrumb\"},\"inLanguage\":\"es\",\"potentialAction\":[{\"@type\":\"ReadAction\",\"target\":[\"https:\\\/\\\/enlarapita.com\\\/es\\\/delta-del-ebro\\\/que-hacer-o-ver\\\/naturaleza-aventura\\\/parque-natural\\\/\"]}]},{\"@type\":\"ImageObject\",\"inLanguage\":\"es\",\"@id\":\"https:\\\/\\\/enlarapita.com\\\/es\\\/delta-del-ebro\\\/que-hacer-o-ver\\\/naturaleza-aventura\\\/parque-natural\\\/#primaryimage\",\"url\":\"https:\\\/\\\/enlarapita.com\\\/wp-content\\\/uploads\\\/2023\\\/03\\\/1920-6.jpg\",\"contentUrl\":\"https:\\\/\\\/enlarapita.com\\\/wp-content\\\/uploads\\\/2023\\\/03\\\/1920-6.jpg\",\"width\":1920,\"height\":400},{\"@type\":\"BreadcrumbList\",\"@id\":\"https:\\\/\\\/enlarapita.com\\\/es\\\/delta-del-ebro\\\/que-hacer-o-ver\\\/naturaleza-aventura\\\/parque-natural\\\/#breadcrumb\",\"itemListElement\":[{\"@type\":\"ListItem\",\"position\":1,\"name\":\"Portada\",\"item\":\"https:\\\/\\\/enlarapita.com\\\/es\\\/\"},{\"@type\":\"ListItem\",\"position\":2,\"name\":\"Delta del Ebro\",\"item\":\"https:\\\/\\\/enlarapita.com\\\/es\\\/delta-del-ebro\\\/\"},{\"@type\":\"ListItem\",\"position\":3,\"name\":\"Qu\u00e9 hacer o ver en el delta del Ebro\",\"item\":\"https:\\\/\\\/enlarapita.com\\\/es\\\/delta-del-ebro\\\/que-hacer-o-ver\\\/\"},{\"@type\":\"ListItem\",\"position\":4,\"name\":\"Naturaleza y aventura en el delta del Ebro\",\"item\":\"https:\\\/\\\/enlarapita.com\\\/es\\\/delta-del-ebro\\\/que-hacer-o-ver\\\/naturaleza-aventura\\\/\"},{\"@type\":\"ListItem\",\"position\":5,\"name\":\"Parque Natural del Delta del Ebro\"}]},{\"@type\":\"WebSite\",\"@id\":\"https:\\\/\\\/enlarapita.com\\\/es\\\/#website\",\"url\":\"https:\\\/\\\/enlarapita.com\\\/es\\\/\",\"name\":\"En la R\u00e0pita\",\"description\":\"\",\"publisher\":{\"@id\":\"https:\\\/\\\/enlarapita.com\\\/es\\\/#organization\"},\"potentialAction\":[{\"@type\":\"SearchAction\",\"target\":{\"@type\":\"EntryPoint\",\"urlTemplate\":\"https:\\\/\\\/enlarapita.com\\\/es\\\/?s={search_term_string}\"},\"query-input\":{\"@type\":\"PropertyValueSpecification\",\"valueRequired\":true,\"valueName\":\"search_term_string\"}}],\"inLanguage\":\"es\"},{\"@type\":\"Organization\",\"@id\":\"https:\\\/\\\/enlarapita.com\\\/es\\\/#organization\",\"name\":\"En la R\u00e0pita\",\"url\":\"https:\\\/\\\/enlarapita.com\\\/es\\\/\",\"logo\":{\"@type\":\"ImageObject\",\"inLanguage\":\"es\",\"@id\":\"https:\\\/\\\/enlarapita.com\\\/es\\\/#\\\/schema\\\/logo\\\/image\\\/\",\"url\":\"https:\\\/\\\/enlarapita.com\\\/wp-content\\\/uploads\\\/2021\\\/04\\\/cropped-logo-enlarapita-blau.png\",\"contentUrl\":\"https:\\\/\\\/enlarapita.com\\\/wp-content\\\/uploads\\\/2021\\\/04\\\/cropped-logo-enlarapita-blau.png\",\"width\":130,\"height\":19,\"caption\":\"En la R\u00e0pita\"},\"image\":{\"@id\":\"https:\\\/\\\/enlarapita.com\\\/es\\\/#\\\/schema\\\/logo\\\/image\\\/\"}}]}<\/script>\n<!-- \/ Yoast SEO plugin. -->","yoast_head_json":{"title":"Parque Natural del Delta del Ebro - Naturaleza y aventura","description":"Para descubrir el Parque Natural del Delta del Ebro ponemos a tu alcance todas las actividades de naturaleza y aventura que puedes realizar.","robots":{"index":"index","follow":"follow","max-snippet":"max-snippet:-1","max-image-preview":"max-image-preview:large","max-video-preview":"max-video-preview:-1"},"canonical":"https:\/\/enlarapita.com\/es\/delta-del-ebro\/que-hacer-o-ver\/naturaleza-aventura\/parque-natural\/","og_locale":"es_ES","og_type":"article","og_title":"Parque Natural del Delta del Ebro - Naturaleza y aventura","og_description":"Para descubrir el Parque Natural del Delta del Ebro ponemos a tu alcance todas las actividades de naturaleza y aventura que puedes realizar.","og_url":"https:\/\/enlarapita.com\/es\/delta-del-ebro\/que-hacer-o-ver\/naturaleza-aventura\/parque-natural\/","og_site_name":"En la R\u00e0pita","article_modified_time":"2023-03-17T20:30:49+00:00","og_image":[{"width":1920,"height":400,"url":"https:\/\/enlarapita.com\/wp-content\/uploads\/2023\/03\/1920-6.jpg","type":"image\/jpeg"}],"twitter_card":"summary_large_image","twitter_misc":{"Tiempo de lectura":"2 minutos"},"schema":{"@context":"https:\/\/schema.org","@graph":[{"@type":"WebPage","@id":"https:\/\/enlarapita.com\/es\/delta-del-ebro\/que-hacer-o-ver\/naturaleza-aventura\/parque-natural\/","url":"https:\/\/enlarapita.com\/es\/delta-del-ebro\/que-hacer-o-ver\/naturaleza-aventura\/parque-natural\/","name":"Parque Natural del Delta del Ebro - Naturaleza y aventura","isPartOf":{"@id":"https:\/\/enlarapita.com\/es\/#website"},"primaryImageOfPage":{"@id":"https:\/\/enlarapita.com\/es\/delta-del-ebro\/que-hacer-o-ver\/naturaleza-aventura\/parque-natural\/#primaryimage"},"image":{"@id":"https:\/\/enlarapita.com\/es\/delta-del-ebro\/que-hacer-o-ver\/naturaleza-aventura\/parque-natural\/#primaryimage"},"thumbnailUrl":"https:\/\/enlarapita.com\/wp-content\/uploads\/2023\/03\/1920-6.jpg","datePublished":"2023-03-03T17:12:25+00:00","dateModified":"2023-03-17T20:30:49+00:00","description":"Para descubrir el Parque Natural del Delta del Ebro ponemos a tu alcance todas las actividades de naturaleza y aventura que puedes realizar.","breadcrumb":{"@id":"https:\/\/enlarapita.com\/es\/delta-del-ebro\/que-hacer-o-ver\/naturaleza-aventura\/parque-natural\/#breadcrumb"},"inLanguage":"es","potentialAction":[{"@type":"ReadAction","target":["https:\/\/enlarapita.com\/es\/delta-del-ebro\/que-hacer-o-ver\/naturaleza-aventura\/parque-natural\/"]}]},{"@type":"ImageObject","inLanguage":"es","@id":"https:\/\/enlarapita.com\/es\/delta-del-ebro\/que-hacer-o-ver\/naturaleza-aventura\/parque-natural\/#primaryimage","url":"https:\/\/enlarapita.com\/wp-content\/uploads\/2023\/03\/1920-6.jpg","contentUrl":"https:\/\/enlarapita.com\/wp-content\/uploads\/2023\/03\/1920-6.jpg","width":1920,"height":400},{"@type":"BreadcrumbList","@id":"https:\/\/enlarapita.com\/es\/delta-del-ebro\/que-hacer-o-ver\/naturaleza-aventura\/parque-natural\/#breadcrumb","itemListElement":[{"@type":"ListItem","position":1,"name":"Portada","item":"https:\/\/enlarapita.com\/es\/"},{"@type":"ListItem","position":2,"name":"Delta del Ebro","item":"https:\/\/enlarapita.com\/es\/delta-del-ebro\/"},{"@type":"ListItem","position":3,"name":"Qu\u00e9 hacer o ver en el delta del Ebro","item":"https:\/\/enlarapita.com\/es\/delta-del-ebro\/que-hacer-o-ver\/"},{"@type":"ListItem","position":4,"name":"Naturaleza y aventura en el delta del Ebro","item":"https:\/\/enlarapita.com\/es\/delta-del-ebro\/que-hacer-o-ver\/naturaleza-aventura\/"},{"@type":"ListItem","position":5,"name":"Parque Natural del Delta del Ebro"}]},{"@type":"WebSite","@id":"https:\/\/enlarapita.com\/es\/#website","url":"https:\/\/enlarapita.com\/es\/","name":"En la R\u00e0pita","description":"","publisher":{"@id":"https:\/\/enlarapita.com\/es\/#organization"},"potentialAction":[{"@type":"SearchAction","target":{"@type":"EntryPoint","urlTemplate":"https:\/\/enlarapita.com\/es\/?s={search_term_string}"},"query-input":{"@type":"PropertyValueSpecification","valueRequired":true,"valueName":"search_term_string"}}],"inLanguage":"es"},{"@type":"Organization","@id":"https:\/\/enlarapita.com\/es\/#organization","name":"En la R\u00e0pita","url":"https:\/\/enlarapita.com\/es\/","logo":{"@type":"ImageObject","inLanguage":"es","@id":"https:\/\/enlarapita.com\/es\/#\/schema\/logo\/image\/","url":"https:\/\/enlarapita.com\/wp-content\/uploads\/2021\/04\/cropped-logo-enlarapita-blau.png","contentUrl":"https:\/\/enlarapita.com\/wp-content\/uploads\/2021\/04\/cropped-logo-enlarapita-blau.png","width":130,"height":19,"caption":"En la R\u00e0pita"},"image":{"@id":"https:\/\/enlarapita.com\/es\/#\/schema\/logo\/image\/"}}]}},"_links":{"self":[{"href":"https:\/\/enlarapita.com\/es\/wp-json\/wp\/v2\/pages\/15234","targetHints":{"allow":["GET"]}}],"collection":[{"href":"https:\/\/enlarapita.com\/es\/wp-json\/wp\/v2\/pages"}],"about":[{"href":"https:\/\/enlarapita.com\/es\/wp-json\/wp\/v2\/types\/page"}],"author":[{"embeddable":true,"href":"https:\/\/enlarapita.com\/es\/wp-json\/wp\/v2\/users\/1"}],"replies":[{"embeddable":true,"href":"https:\/\/enlarapita.com\/es\/wp-json\/wp\/v2\/comments?post=15234"}],"version-history":[{"count":0,"href":"https:\/\/enlarapita.com\/es\/wp-json\/wp\/v2\/pages\/15234\/revisions"}],"up":[{"embeddable":true,"href":"https:\/\/enlarapita.com\/es\/wp-json\/wp\/v2\/pages\/15224"}],"wp:featuredmedia":[{"embeddable":true,"href":"https:\/\/enlarapita.com\/es\/wp-json\/wp\/v2\/media\/15873"}],"wp:attachment":[{"href":"https:\/\/enlarapita.com\/es\/wp-json\/wp\/v2\/media?parent=15234"}],"curies":[{"name":"wp","href":"https:\/\/api.w.org\/{rel}","templated":true}]}}