{"id":15212,"date":"2023-03-03T17:50:06","date_gmt":"2023-03-03T16:50:06","guid":{"rendered":"https:\/\/globals.app\/enlarapita\/delta-del-ebro\/que-hacer-o-ver\/paseo-barco\/"},"modified":"2023-03-06T09:11:04","modified_gmt":"2023-03-06T08:11:04","slug":"paseo-barco","status":"publish","type":"page","link":"https:\/\/enlarapita.com\/es\/delta-del-ebro\/que-hacer-o-ver\/paseo-barco\/","title":{"rendered":"Paseo en barco por el delta del Ebro"},"content":{"rendered":"\t\t<div data-elementor-type=\"wp-page\" data-elementor-id=\"15212\" class=\"elementor elementor-15212 elementor-13928\" data-elementor-post-type=\"page\">\n\t\t\t\t\t\t<section class=\"elementor-section elementor-top-section elementor-element elementor-element-41247a11 elementor-section-content-middle elementor-section-boxed elementor-section-height-default elementor-section-height-default\" data-id=\"41247a11\" data-element_type=\"section\" data-e-type=\"section\">\n\t\t\t\t\t\t<div class=\"elementor-container elementor-column-gap-default\">\n\t\t\t\t\t<div class=\"elementor-column elementor-col-50 elementor-top-column elementor-element elementor-element-1a30a1b1\" data-id=\"1a30a1b1\" data-element_type=\"column\" data-e-type=\"column\">\n\t\t\t<div class=\"elementor-widget-wrap elementor-element-populated\">\n\t\t\t\t\t\t<div class=\"elementor-element elementor-element-7930f922 elementor-widget elementor-widget-heading\" data-id=\"7930f922\" data-element_type=\"widget\" data-e-type=\"widget\" data-widget_type=\"heading.default\">\n\t\t\t\t<div class=\"elementor-widget-container\">\n\t\t\t\t\t<h2 class=\"elementor-heading-title elementor-size-default\">Disfruta de un crucero por el delta del Ebro<\/h2>\t\t\t\t<\/div>\n\t\t\t\t<\/div>\n\t\t\t\t<div class=\"elementor-element elementor-element-47223606 elementor-widget elementor-widget-text-editor\" data-id=\"47223606\" data-element_type=\"widget\" data-e-type=\"widget\" data-widget_type=\"text-editor.default\">\n\t\t\t\t<div class=\"elementor-widget-container\">\n\t\t\t\t\t\t\t\t\t<p>Si quieres pasar una jornada de descanso y bienestar navegando por aguas calmadas, te proponemos una salida en crucero por el delta del Ebro. Descubrir\u00e1s los parajes naturales que solo son accesibles con las excursiones en barco y conocer\u00e1s el delta del Ebro desde todos los lados.<\/p>\n\t\t\t\t\t\t\t\t<\/div>\n\t\t\t\t<\/div>\n\t\t\t\t<div class=\"elementor-element elementor-element-4aac7fb5 elementor-widget elementor-widget-heading\" data-id=\"4aac7fb5\" data-element_type=\"widget\" data-e-type=\"widget\" data-widget_type=\"heading.default\">\n\t\t\t\t<div class=\"elementor-widget-container\">\n\t\t\t\t\t<h2 class=\"elementor-heading-title elementor-size-default\">Excursiones en barco en el delta del Ebro<\/h2>\t\t\t\t<\/div>\n\t\t\t\t<\/div>\n\t\t\t\t<div class=\"elementor-element elementor-element-48748557 elementor-widget elementor-widget-text-editor\" data-id=\"48748557\" data-element_type=\"widget\" data-e-type=\"widget\" data-widget_type=\"text-editor.default\">\n\t\t\t\t<div class=\"elementor-widget-container\">\n\t\t\t\t\t\t\t\t\t<p>Las excursiones en barco en el delta del Ebro que te ofrecemos te permitir\u00e1n navegar y descubrir los rincones m\u00e1s escondidos del parque natural. Podr\u00e1s pasear en barco por los alrededores de la hist\u00f3rica isla de Buda y la gola de Migjorn, podr\u00e1s ir en crucero hasta la desembocadura del r\u00edo Ebro y observar la gran cantidad de aves acu\u00e1ticas que te acompa\u00f1ar\u00e1n e incluso podr\u00e1s degustar los productos t\u00edpicos de la zona en algunos de los cruceros del delta del Ebro.<\/p>\n\t\t\t\t\t\t\t\t<\/div>\n\t\t\t\t<\/div>\n\t\t\t\t\t<\/div>\n\t\t<\/div>\n\t\t\t\t<div class=\"elementor-column elementor-col-50 elementor-top-column elementor-element elementor-element-5faa374e\" data-id=\"5faa374e\" data-element_type=\"column\" data-e-type=\"column\">\n\t\t\t<div class=\"elementor-widget-wrap elementor-element-populated\">\n\t\t\t\t\t\t<div class=\"elementor-element elementor-element-14aedc41 elementor-widget elementor-widget-image\" data-id=\"14aedc41\" data-element_type=\"widget\" data-e-type=\"widget\" data-widget_type=\"image.default\">\n\t\t\t\t<div class=\"elementor-widget-container\">\n\t\t\t\t\t\t\t\t\t\t\t\t\t\t\t<img fetchpriority=\"high\" decoding=\"async\" width=\"880\" height=\"640\" src=\"https:\/\/enlarapita.com\/wp-content\/uploads\/2023\/02\/880x640rutes_veler-1.jpg\" class=\"attachment-full size-full wp-image-14545\" alt=\"\" srcset=\"https:\/\/enlarapita.com\/wp-content\/uploads\/2023\/02\/880x640rutes_veler-1.jpg 880w, https:\/\/enlarapita.com\/wp-content\/uploads\/2023\/02\/880x640rutes_veler-1-300x218.jpg 300w, https:\/\/enlarapita.com\/wp-content\/uploads\/2023\/02\/880x640rutes_veler-1-768x559.jpg 768w\" sizes=\"(max-width: 880px) 100vw, 880px\" style=\"width:100%;height:72.73%;max-width:880px\" \/>\t\t\t\t\t\t\t\t\t\t\t\t\t\t\t<\/div>\n\t\t\t\t<\/div>\n\t\t\t\t\t<\/div>\n\t\t<\/div>\n\t\t\t\t\t<\/div>\n\t\t<\/section>\n\t\t\t\t<section class=\"elementor-section elementor-top-section elementor-element elementor-element-682b8c3a elementor-section-content-middle elementor-reverse-tablet elementor-reverse-mobile elementor-section-boxed elementor-section-height-default elementor-section-height-default\" data-id=\"682b8c3a\" data-element_type=\"section\" data-e-type=\"section\">\n\t\t\t\t\t\t<div class=\"elementor-container elementor-column-gap-default\">\n\t\t\t\t\t<div class=\"elementor-column elementor-col-50 elementor-top-column elementor-element elementor-element-13011822\" data-id=\"13011822\" data-element_type=\"column\" data-e-type=\"column\">\n\t\t\t<div class=\"elementor-widget-wrap elementor-element-populated\">\n\t\t\t\t\t\t<div class=\"elementor-element elementor-element-1a4487a6 elementor-widget elementor-widget-image\" data-id=\"1a4487a6\" data-element_type=\"widget\" data-e-type=\"widget\" data-widget_type=\"image.default\">\n\t\t\t\t<div class=\"elementor-widget-container\">\n\t\t\t\t\t\t\t\t\t\t\t\t\t\t\t<img decoding=\"async\" width=\"880\" height=\"640\" src=\"https:\/\/enlarapita.com\/wp-content\/uploads\/2023\/02\/880x640_3rutes_veler.jpg\" class=\"attachment-full size-full wp-image-14553\" alt=\"\" srcset=\"https:\/\/enlarapita.com\/wp-content\/uploads\/2023\/02\/880x640_3rutes_veler.jpg 880w, https:\/\/enlarapita.com\/wp-content\/uploads\/2023\/02\/880x640_3rutes_veler-300x218.jpg 300w, https:\/\/enlarapita.com\/wp-content\/uploads\/2023\/02\/880x640_3rutes_veler-768x559.jpg 768w\" sizes=\"(max-width: 880px) 100vw, 880px\" style=\"width:100%;height:72.73%;max-width:880px\" \/>\t\t\t\t\t\t\t\t\t\t\t\t\t\t\t<\/div>\n\t\t\t\t<\/div>\n\t\t\t\t\t<\/div>\n\t\t<\/div>\n\t\t\t\t<div class=\"elementor-column elementor-col-50 elementor-top-column elementor-element elementor-element-2244eb0b\" data-id=\"2244eb0b\" data-element_type=\"column\" data-e-type=\"column\">\n\t\t\t<div class=\"elementor-widget-wrap elementor-element-populated\">\n\t\t\t\t\t\t<div class=\"elementor-element elementor-element-3acd0f48 elementor-widget elementor-widget-heading\" data-id=\"3acd0f48\" data-element_type=\"widget\" data-e-type=\"widget\" data-widget_type=\"heading.default\">\n\t\t\t\t<div class=\"elementor-widget-container\">\n\t\t\t\t\t<h2 class=\"elementor-heading-title elementor-size-default\">Descubre todos los tramos del Ebro<\/h2>\t\t\t\t<\/div>\n\t\t\t\t<\/div>\n\t\t\t\t<div class=\"elementor-element elementor-element-cd3cce2 elementor-widget elementor-widget-text-editor\" data-id=\"cd3cce2\" data-element_type=\"widget\" data-e-type=\"widget\" data-widget_type=\"text-editor.default\">\n\t\t\t\t<div class=\"elementor-widget-container\">\n\t\t\t\t\t\t\t\t\t<p>\u00bfSab\u00edas que la navegabilidad en el r\u00edo Ebro es una de las actividades m\u00e1s apreciadas por nuestros visitantes? Una excursi\u00f3n en barco por el delta del Ebro es una experiencia que no te puedes perder si nos visitas. Te ofrecemos la posibilidad de adentrarte con varios tipos de embarcaciones, con o sin motor, para que disfrutes de un paseo en barco y descubras los bosques de ribera, la fauna, la flora y el paisaje humano de este espacio natural.<\/p>\n\t\t\t\t\t\t\t\t<\/div>\n\t\t\t\t<\/div>\n\t\t\t\t<div class=\"elementor-element elementor-element-2177c50d elementor-widget elementor-widget-text-editor\" data-id=\"2177c50d\" data-element_type=\"widget\" data-e-type=\"widget\" data-widget_type=\"text-editor.default\">\n\t\t\t\t<div class=\"elementor-widget-container\">\n\t\t\t\t\t\t\t\t\t<p>Desde la Estaci\u00f3n N\u00e1utica La R\u00e0pita &#8211; Delta del Ebro te proponemos una amplia oferta de excursiones en barco por el delta del Ebro para que descubras los lugares m\u00e1s emblem\u00e1ticos de este parque natural desde la tranquilidad y la seguridad que ofrecen nuestros profesionales. T\u00fa solo tendr\u00e1s que escoger la ruta en barco por el Delta que m\u00e1s desees.<\/p>\n\t\t\t\t\t\t\t\t<\/div>\n\t\t\t\t<\/div>\n\t\t\t\t\t<\/div>\n\t\t<\/div>\n\t\t\t\t\t<\/div>\n\t\t<\/section>\n\t\t\t\t<\/div>\n\t\t","protected":false},"excerpt":{"rendered":"<p>Disfruta de un crucero por el delta del Ebro Si quieres pasar una jornada de descanso y bienestar navegando por aguas calmadas, te proponemos una salida en crucero por el delta del Ebro. Descubrir\u00e1s los parajes naturales que solo son accesibles con las excursiones en barco y conocer\u00e1s el delta del Ebro desde todos los&hellip; <a class=\"more-link\" href=\"https:\/\/enlarapita.com\/es\/delta-del-ebro\/que-hacer-o-ver\/paseo-barco\/\">Seguir leyendo <span class=\"screen-reader-text\">Paseo en barco por el delta del Ebro<\/span><\/a><\/p>\n","protected":false},"author":1,"featured_media":14492,"parent":13124,"menu_order":0,"comment_status":"closed","ping_status":"closed","template":"page-categories.php","meta":{"_acf_changed":false,"footnotes":""},"class_list":["post-15212","page","type-page","status-publish","has-post-thumbnail","hentry","entry"],"acf":[],"yoast_head":"<!-- This site is optimized with the Yoast SEO plugin v27.4 - https:\/\/yoast.com\/product\/yoast-seo-wordpress\/ -->\n<title>Paseo en barco por el delta del Ebro - Qu\u00e9 hacer<\/title>\n<meta name=\"description\" content=\"\u00bfQuieres dar un paseo en barco por el delta del Ebro? Aqu\u00ed te ofrecemos rutas en golondrina, excursiones en barca, lanchas o cruceros.\" \/>\n<meta name=\"robots\" content=\"index, follow, max-snippet:-1, max-image-preview:large, max-video-preview:-1\" \/>\n<link rel=\"canonical\" href=\"https:\/\/enlarapita.com\/es\/delta-del-ebro\/que-hacer-o-ver\/paseo-barco\/\" \/>\n<meta property=\"og:locale\" content=\"es_ES\" \/>\n<meta property=\"og:type\" content=\"article\" \/>\n<meta property=\"og:title\" content=\"Paseo en barco por el delta del Ebro - Qu\u00e9 hacer\" \/>\n<meta property=\"og:description\" content=\"\u00bfQuieres dar un paseo en barco por el delta del Ebro? Aqu\u00ed te ofrecemos rutas en golondrina, excursiones en barca, lanchas o cruceros.\" \/>\n<meta property=\"og:url\" content=\"https:\/\/enlarapita.com\/es\/delta-del-ebro\/que-hacer-o-ver\/paseo-barco\/\" \/>\n<meta property=\"og:site_name\" content=\"En la R\u00e0pita\" \/>\n<meta property=\"article:modified_time\" content=\"2023-03-06T08:11:04+00:00\" \/>\n<meta property=\"og:image\" content=\"https:\/\/enlarapita.com\/wp-content\/uploads\/2023\/02\/1920x400rutes_veler.jpg\" \/>\n\t<meta property=\"og:image:width\" content=\"1920\" \/>\n\t<meta property=\"og:image:height\" content=\"400\" \/>\n\t<meta property=\"og:image:type\" content=\"image\/jpeg\" \/>\n<meta name=\"twitter:card\" content=\"summary_large_image\" \/>\n<meta name=\"twitter:label1\" content=\"Tiempo de lectura\" \/>\n\t<meta name=\"twitter:data1\" content=\"2 minutos\" \/>\n<script type=\"application\/ld+json\" class=\"yoast-schema-graph\">{\"@context\":\"https:\\\/\\\/schema.org\",\"@graph\":[{\"@type\":\"WebPage\",\"@id\":\"https:\\\/\\\/enlarapita.com\\\/es\\\/delta-del-ebro\\\/que-hacer-o-ver\\\/paseo-barco\\\/\",\"url\":\"https:\\\/\\\/enlarapita.com\\\/es\\\/delta-del-ebro\\\/que-hacer-o-ver\\\/paseo-barco\\\/\",\"name\":\"Paseo en barco por el delta del Ebro - Qu\u00e9 hacer\",\"isPartOf\":{\"@id\":\"https:\\\/\\\/enlarapita.com\\\/es\\\/#website\"},\"primaryImageOfPage\":{\"@id\":\"https:\\\/\\\/enlarapita.com\\\/es\\\/delta-del-ebro\\\/que-hacer-o-ver\\\/paseo-barco\\\/#primaryimage\"},\"image\":{\"@id\":\"https:\\\/\\\/enlarapita.com\\\/es\\\/delta-del-ebro\\\/que-hacer-o-ver\\\/paseo-barco\\\/#primaryimage\"},\"thumbnailUrl\":\"https:\\\/\\\/enlarapita.com\\\/wp-content\\\/uploads\\\/2023\\\/02\\\/1920x400rutes_veler.jpg\",\"datePublished\":\"2023-03-03T16:50:06+00:00\",\"dateModified\":\"2023-03-06T08:11:04+00:00\",\"description\":\"\u00bfQuieres dar un paseo en barco por el delta del Ebro? Aqu\u00ed te ofrecemos rutas en golondrina, excursiones en barca, lanchas o cruceros.\",\"breadcrumb\":{\"@id\":\"https:\\\/\\\/enlarapita.com\\\/es\\\/delta-del-ebro\\\/que-hacer-o-ver\\\/paseo-barco\\\/#breadcrumb\"},\"inLanguage\":\"es\",\"potentialAction\":[{\"@type\":\"ReadAction\",\"target\":[\"https:\\\/\\\/enlarapita.com\\\/es\\\/delta-del-ebro\\\/que-hacer-o-ver\\\/paseo-barco\\\/\"]}]},{\"@type\":\"ImageObject\",\"inLanguage\":\"es\",\"@id\":\"https:\\\/\\\/enlarapita.com\\\/es\\\/delta-del-ebro\\\/que-hacer-o-ver\\\/paseo-barco\\\/#primaryimage\",\"url\":\"https:\\\/\\\/enlarapita.com\\\/wp-content\\\/uploads\\\/2023\\\/02\\\/1920x400rutes_veler.jpg\",\"contentUrl\":\"https:\\\/\\\/enlarapita.com\\\/wp-content\\\/uploads\\\/2023\\\/02\\\/1920x400rutes_veler.jpg\",\"width\":1920,\"height\":400,\"caption\":\"En barco en La R\u00e0pita y el delta del Ebro\"},{\"@type\":\"BreadcrumbList\",\"@id\":\"https:\\\/\\\/enlarapita.com\\\/es\\\/delta-del-ebro\\\/que-hacer-o-ver\\\/paseo-barco\\\/#breadcrumb\",\"itemListElement\":[{\"@type\":\"ListItem\",\"position\":1,\"name\":\"Portada\",\"item\":\"https:\\\/\\\/enlarapita.com\\\/es\\\/\"},{\"@type\":\"ListItem\",\"position\":2,\"name\":\"Delta del Ebro\",\"item\":\"https:\\\/\\\/enlarapita.com\\\/es\\\/delta-del-ebro\\\/\"},{\"@type\":\"ListItem\",\"position\":3,\"name\":\"Qu\u00e9 hacer o ver en el delta del Ebro\",\"item\":\"https:\\\/\\\/enlarapita.com\\\/es\\\/delta-del-ebro\\\/que-hacer-o-ver\\\/\"},{\"@type\":\"ListItem\",\"position\":4,\"name\":\"Paseo en barco por el delta del Ebro\"}]},{\"@type\":\"WebSite\",\"@id\":\"https:\\\/\\\/enlarapita.com\\\/es\\\/#website\",\"url\":\"https:\\\/\\\/enlarapita.com\\\/es\\\/\",\"name\":\"En la R\u00e0pita\",\"description\":\"\",\"publisher\":{\"@id\":\"https:\\\/\\\/enlarapita.com\\\/es\\\/#organization\"},\"potentialAction\":[{\"@type\":\"SearchAction\",\"target\":{\"@type\":\"EntryPoint\",\"urlTemplate\":\"https:\\\/\\\/enlarapita.com\\\/es\\\/?s={search_term_string}\"},\"query-input\":{\"@type\":\"PropertyValueSpecification\",\"valueRequired\":true,\"valueName\":\"search_term_string\"}}],\"inLanguage\":\"es\"},{\"@type\":\"Organization\",\"@id\":\"https:\\\/\\\/enlarapita.com\\\/es\\\/#organization\",\"name\":\"En la R\u00e0pita\",\"url\":\"https:\\\/\\\/enlarapita.com\\\/es\\\/\",\"logo\":{\"@type\":\"ImageObject\",\"inLanguage\":\"es\",\"@id\":\"https:\\\/\\\/enlarapita.com\\\/es\\\/#\\\/schema\\\/logo\\\/image\\\/\",\"url\":\"https:\\\/\\\/enlarapita.com\\\/wp-content\\\/uploads\\\/2021\\\/04\\\/cropped-logo-enlarapita-blau.png\",\"contentUrl\":\"https:\\\/\\\/enlarapita.com\\\/wp-content\\\/uploads\\\/2021\\\/04\\\/cropped-logo-enlarapita-blau.png\",\"width\":130,\"height\":19,\"caption\":\"En la R\u00e0pita\"},\"image\":{\"@id\":\"https:\\\/\\\/enlarapita.com\\\/es\\\/#\\\/schema\\\/logo\\\/image\\\/\"}}]}<\/script>\n<!-- \/ Yoast SEO plugin. -->","yoast_head_json":{"title":"Paseo en barco por el delta del Ebro - Qu\u00e9 hacer","description":"\u00bfQuieres dar un paseo en barco por el delta del Ebro? Aqu\u00ed te ofrecemos rutas en golondrina, excursiones en barca, lanchas o cruceros.","robots":{"index":"index","follow":"follow","max-snippet":"max-snippet:-1","max-image-preview":"max-image-preview:large","max-video-preview":"max-video-preview:-1"},"canonical":"https:\/\/enlarapita.com\/es\/delta-del-ebro\/que-hacer-o-ver\/paseo-barco\/","og_locale":"es_ES","og_type":"article","og_title":"Paseo en barco por el delta del Ebro - Qu\u00e9 hacer","og_description":"\u00bfQuieres dar un paseo en barco por el delta del Ebro? Aqu\u00ed te ofrecemos rutas en golondrina, excursiones en barca, lanchas o cruceros.","og_url":"https:\/\/enlarapita.com\/es\/delta-del-ebro\/que-hacer-o-ver\/paseo-barco\/","og_site_name":"En la R\u00e0pita","article_modified_time":"2023-03-06T08:11:04+00:00","og_image":[{"width":1920,"height":400,"url":"https:\/\/enlarapita.com\/wp-content\/uploads\/2023\/02\/1920x400rutes_veler.jpg","type":"image\/jpeg"}],"twitter_card":"summary_large_image","twitter_misc":{"Tiempo de lectura":"2 minutos"},"schema":{"@context":"https:\/\/schema.org","@graph":[{"@type":"WebPage","@id":"https:\/\/enlarapita.com\/es\/delta-del-ebro\/que-hacer-o-ver\/paseo-barco\/","url":"https:\/\/enlarapita.com\/es\/delta-del-ebro\/que-hacer-o-ver\/paseo-barco\/","name":"Paseo en barco por el delta del Ebro - Qu\u00e9 hacer","isPartOf":{"@id":"https:\/\/enlarapita.com\/es\/#website"},"primaryImageOfPage":{"@id":"https:\/\/enlarapita.com\/es\/delta-del-ebro\/que-hacer-o-ver\/paseo-barco\/#primaryimage"},"image":{"@id":"https:\/\/enlarapita.com\/es\/delta-del-ebro\/que-hacer-o-ver\/paseo-barco\/#primaryimage"},"thumbnailUrl":"https:\/\/enlarapita.com\/wp-content\/uploads\/2023\/02\/1920x400rutes_veler.jpg","datePublished":"2023-03-03T16:50:06+00:00","dateModified":"2023-03-06T08:11:04+00:00","description":"\u00bfQuieres dar un paseo en barco por el delta del Ebro? Aqu\u00ed te ofrecemos rutas en golondrina, excursiones en barca, lanchas o cruceros.","breadcrumb":{"@id":"https:\/\/enlarapita.com\/es\/delta-del-ebro\/que-hacer-o-ver\/paseo-barco\/#breadcrumb"},"inLanguage":"es","potentialAction":[{"@type":"ReadAction","target":["https:\/\/enlarapita.com\/es\/delta-del-ebro\/que-hacer-o-ver\/paseo-barco\/"]}]},{"@type":"ImageObject","inLanguage":"es","@id":"https:\/\/enlarapita.com\/es\/delta-del-ebro\/que-hacer-o-ver\/paseo-barco\/#primaryimage","url":"https:\/\/enlarapita.com\/wp-content\/uploads\/2023\/02\/1920x400rutes_veler.jpg","contentUrl":"https:\/\/enlarapita.com\/wp-content\/uploads\/2023\/02\/1920x400rutes_veler.jpg","width":1920,"height":400,"caption":"En barco en La R\u00e0pita y el delta del Ebro"},{"@type":"BreadcrumbList","@id":"https:\/\/enlarapita.com\/es\/delta-del-ebro\/que-hacer-o-ver\/paseo-barco\/#breadcrumb","itemListElement":[{"@type":"ListItem","position":1,"name":"Portada","item":"https:\/\/enlarapita.com\/es\/"},{"@type":"ListItem","position":2,"name":"Delta del Ebro","item":"https:\/\/enlarapita.com\/es\/delta-del-ebro\/"},{"@type":"ListItem","position":3,"name":"Qu\u00e9 hacer o ver en el delta del Ebro","item":"https:\/\/enlarapita.com\/es\/delta-del-ebro\/que-hacer-o-ver\/"},{"@type":"ListItem","position":4,"name":"Paseo en barco por el delta del Ebro"}]},{"@type":"WebSite","@id":"https:\/\/enlarapita.com\/es\/#website","url":"https:\/\/enlarapita.com\/es\/","name":"En la R\u00e0pita","description":"","publisher":{"@id":"https:\/\/enlarapita.com\/es\/#organization"},"potentialAction":[{"@type":"SearchAction","target":{"@type":"EntryPoint","urlTemplate":"https:\/\/enlarapita.com\/es\/?s={search_term_string}"},"query-input":{"@type":"PropertyValueSpecification","valueRequired":true,"valueName":"search_term_string"}}],"inLanguage":"es"},{"@type":"Organization","@id":"https:\/\/enlarapita.com\/es\/#organization","name":"En la R\u00e0pita","url":"https:\/\/enlarapita.com\/es\/","logo":{"@type":"ImageObject","inLanguage":"es","@id":"https:\/\/enlarapita.com\/es\/#\/schema\/logo\/image\/","url":"https:\/\/enlarapita.com\/wp-content\/uploads\/2021\/04\/cropped-logo-enlarapita-blau.png","contentUrl":"https:\/\/enlarapita.com\/wp-content\/uploads\/2021\/04\/cropped-logo-enlarapita-blau.png","width":130,"height":19,"caption":"En la R\u00e0pita"},"image":{"@id":"https:\/\/enlarapita.com\/es\/#\/schema\/logo\/image\/"}}]}},"_links":{"self":[{"href":"https:\/\/enlarapita.com\/es\/wp-json\/wp\/v2\/pages\/15212","targetHints":{"allow":["GET"]}}],"collection":[{"href":"https:\/\/enlarapita.com\/es\/wp-json\/wp\/v2\/pages"}],"about":[{"href":"https:\/\/enlarapita.com\/es\/wp-json\/wp\/v2\/types\/page"}],"author":[{"embeddable":true,"href":"https:\/\/enlarapita.com\/es\/wp-json\/wp\/v2\/users\/1"}],"replies":[{"embeddable":true,"href":"https:\/\/enlarapita.com\/es\/wp-json\/wp\/v2\/comments?post=15212"}],"version-history":[{"count":0,"href":"https:\/\/enlarapita.com\/es\/wp-json\/wp\/v2\/pages\/15212\/revisions"}],"up":[{"embeddable":true,"href":"https:\/\/enlarapita.com\/es\/wp-json\/wp\/v2\/pages\/13124"}],"wp:featuredmedia":[{"embeddable":true,"href":"https:\/\/enlarapita.com\/es\/wp-json\/wp\/v2\/media\/14492"}],"wp:attachment":[{"href":"https:\/\/enlarapita.com\/es\/wp-json\/wp\/v2\/media?parent=15212"}],"curies":[{"name":"wp","href":"https:\/\/api.w.org\/{rel}","templated":true}]}}