{"id":15197,"date":"2023-03-02T18:05:46","date_gmt":"2023-03-02T17:05:46","guid":{"rendered":"https:\/\/globals.app\/enlarapita\/delta-del-ebro\/que-hacer-o-ver\/alquiler-barcas\/"},"modified":"2023-03-06T09:20:01","modified_gmt":"2023-03-06T08:20:01","slug":"alquiler-barcas","status":"publish","type":"page","link":"https:\/\/enlarapita.com\/es\/delta-del-ebro\/que-hacer-o-ver\/alquiler-barcas\/","title":{"rendered":"Alquiler de barcas en el delta del Ebro"},"content":{"rendered":"\t\t<div data-elementor-type=\"wp-page\" data-elementor-id=\"15197\" class=\"elementor elementor-15197 elementor-13941\" data-elementor-post-type=\"page\">\n\t\t\t\t\t\t<section class=\"elementor-section elementor-top-section elementor-element elementor-element-3f66eb83 elementor-section-content-middle elementor-section-boxed elementor-section-height-default elementor-section-height-default\" data-id=\"3f66eb83\" data-element_type=\"section\" data-e-type=\"section\">\n\t\t\t\t\t\t<div class=\"elementor-container elementor-column-gap-default\">\n\t\t\t\t\t<div class=\"elementor-column elementor-col-50 elementor-top-column elementor-element elementor-element-6daed054\" data-id=\"6daed054\" data-element_type=\"column\" data-e-type=\"column\">\n\t\t\t<div class=\"elementor-widget-wrap elementor-element-populated\">\n\t\t\t\t\t\t<div class=\"elementor-element elementor-element-22238fa5 elementor-widget elementor-widget-heading\" data-id=\"22238fa5\" data-element_type=\"widget\" data-e-type=\"widget\" data-widget_type=\"heading.default\">\n\t\t\t\t<div class=\"elementor-widget-container\">\n\t\t\t\t\t<h2 class=\"elementor-heading-title elementor-size-default\">Navega por la aguas del delta del Ebro<\/h2>\t\t\t\t<\/div>\n\t\t\t\t<\/div>\n\t\t\t\t<div class=\"elementor-element elementor-element-4c071aee elementor-widget elementor-widget-text-editor\" data-id=\"4c071aee\" data-element_type=\"widget\" data-e-type=\"widget\" data-widget_type=\"text-editor.default\">\n\t\t\t\t<div class=\"elementor-widget-container\">\n\t\t\t\t\t\t\t\t\t<p>\u00bfEres un experto navegante? Te alquilamos la barca que necesitas para disfrutar de una jornada en el mar del delta del Ebro. \u00bfQuieres ser capit\u00e1n por un d\u00eda? Te alquilamos una barca sin titulaci\u00f3n para que disfrutes de una experiencia memorable. Si tu deseo es embarcarte y disfrutar, podemos alquilarte la embarcaci\u00f3n que mejor se adecua a tu nivel, disponibilidad y deseos. Descubrir en barca, lancha o cualquier otro tipo de embarcaci\u00f3n este para\u00edso natural es una experiencia \u00fanica para recordar pasados tus d\u00edas de vacaciones o escapadas.<\/p>\n\t\t\t\t\t\t\t\t<\/div>\n\t\t\t\t<\/div>\n\t\t\t\t\t<\/div>\n\t\t<\/div>\n\t\t\t\t<div class=\"elementor-column elementor-col-50 elementor-top-column elementor-element elementor-element-7115ee5c\" data-id=\"7115ee5c\" data-element_type=\"column\" data-e-type=\"column\">\n\t\t\t<div class=\"elementor-widget-wrap elementor-element-populated\">\n\t\t\t\t\t\t<div class=\"elementor-element elementor-element-502d35f8 elementor-widget elementor-widget-image\" data-id=\"502d35f8\" data-element_type=\"widget\" data-e-type=\"widget\" data-widget_type=\"image.default\">\n\t\t\t\t<div class=\"elementor-widget-container\">\n\t\t\t\t\t\t\t\t\t\t\t\t\t\t\t<img fetchpriority=\"high\" decoding=\"async\" width=\"880\" height=\"640\" src=\"https:\/\/enlarapita.com\/wp-content\/uploads\/2023\/02\/880x640lloguer_emba-1.jpg\" class=\"attachment-full size-full wp-image-14561\" alt=\"\" srcset=\"https:\/\/enlarapita.com\/wp-content\/uploads\/2023\/02\/880x640lloguer_emba-1.jpg 880w, https:\/\/enlarapita.com\/wp-content\/uploads\/2023\/02\/880x640lloguer_emba-1-300x218.jpg 300w, https:\/\/enlarapita.com\/wp-content\/uploads\/2023\/02\/880x640lloguer_emba-1-768x559.jpg 768w\" sizes=\"(max-width: 880px) 100vw, 880px\" style=\"width:100%;height:72.73%;max-width:880px\" \/>\t\t\t\t\t\t\t\t\t\t\t\t\t\t\t<\/div>\n\t\t\t\t<\/div>\n\t\t\t\t\t<\/div>\n\t\t<\/div>\n\t\t\t\t\t<\/div>\n\t\t<\/section>\n\t\t\t\t<section class=\"elementor-section elementor-top-section elementor-element elementor-element-5017c10e elementor-section-content-middle elementor-reverse-tablet elementor-reverse-mobile elementor-section-boxed elementor-section-height-default elementor-section-height-default\" data-id=\"5017c10e\" data-element_type=\"section\" data-e-type=\"section\">\n\t\t\t\t\t\t<div class=\"elementor-container elementor-column-gap-default\">\n\t\t\t\t\t<div class=\"elementor-column elementor-col-50 elementor-top-column elementor-element elementor-element-64198312\" data-id=\"64198312\" data-element_type=\"column\" data-e-type=\"column\">\n\t\t\t<div class=\"elementor-widget-wrap elementor-element-populated\">\n\t\t\t\t\t\t<div class=\"elementor-element elementor-element-b9e10e1 elementor-widget elementor-widget-image\" data-id=\"b9e10e1\" data-element_type=\"widget\" data-e-type=\"widget\" data-widget_type=\"image.default\">\n\t\t\t\t<div class=\"elementor-widget-container\">\n\t\t\t\t\t\t\t\t\t\t\t\t\t\t\t<img decoding=\"async\" width=\"880\" height=\"640\" src=\"https:\/\/enlarapita.com\/wp-content\/uploads\/2023\/02\/880x640_2lloguer_emba.jpg\" class=\"attachment-full size-full wp-image-14565\" alt=\"\" srcset=\"https:\/\/enlarapita.com\/wp-content\/uploads\/2023\/02\/880x640_2lloguer_emba.jpg 880w, https:\/\/enlarapita.com\/wp-content\/uploads\/2023\/02\/880x640_2lloguer_emba-300x218.jpg 300w, https:\/\/enlarapita.com\/wp-content\/uploads\/2023\/02\/880x640_2lloguer_emba-768x559.jpg 768w\" sizes=\"(max-width: 880px) 100vw, 880px\" style=\"width:100%;height:72.73%;max-width:880px\" \/>\t\t\t\t\t\t\t\t\t\t\t\t\t\t\t<\/div>\n\t\t\t\t<\/div>\n\t\t\t\t\t<\/div>\n\t\t<\/div>\n\t\t\t\t<div class=\"elementor-column elementor-col-50 elementor-top-column elementor-element elementor-element-12a026b2\" data-id=\"12a026b2\" data-element_type=\"column\" data-e-type=\"column\">\n\t\t\t<div class=\"elementor-widget-wrap elementor-element-populated\">\n\t\t\t\t\t\t<div class=\"elementor-element elementor-element-248b407a elementor-widget elementor-widget-heading\" data-id=\"248b407a\" data-element_type=\"widget\" data-e-type=\"widget\" data-widget_type=\"heading.default\">\n\t\t\t\t<div class=\"elementor-widget-container\">\n\t\t\t\t\t<h2 class=\"elementor-heading-title elementor-size-default\">Alquila una barca para recorrer el delta del Ebro<\/h2>\t\t\t\t<\/div>\n\t\t\t\t<\/div>\n\t\t\t\t<div class=\"elementor-element elementor-element-4aba2197 elementor-widget elementor-widget-text-editor\" data-id=\"4aba2197\" data-element_type=\"widget\" data-e-type=\"widget\" data-widget_type=\"text-editor.default\">\n\t\t\t\t<div class=\"elementor-widget-container\">\n\t\t\t\t\t\t\t\t\t<p>La experiencia de navegar por las tranquilas aguas del delta del Ebro est\u00e1 en tus manos con la oferta de alquiler de embarcaciones que te ofrecemos. Tenemos alquiler de barcas, lanchas, menorquinas, a motor, a vela, con titulaci\u00f3n y sin titulaci\u00f3n, kayak, planchas de paddle surf, planchas de windsurf, bicicletas de agua, para ir solo, con pareja, familia o amigos. T\u00fa escoges qu\u00e9 experiencia deseas.<\/p>\n\t\t\t\t\t\t\t\t<\/div>\n\t\t\t\t<\/div>\n\t\t\t\t\t<\/div>\n\t\t<\/div>\n\t\t\t\t\t<\/div>\n\t\t<\/section>\n\t\t\t\t<section class=\"elementor-section elementor-top-section elementor-element elementor-element-601b55d elementor-section-content-middle elementor-section-boxed elementor-section-height-default elementor-section-height-default\" data-id=\"601b55d\" data-element_type=\"section\" data-e-type=\"section\">\n\t\t\t\t\t\t<div class=\"elementor-container elementor-column-gap-default\">\n\t\t\t\t\t<div class=\"elementor-column elementor-col-50 elementor-top-column elementor-element elementor-element-8a263c6\" data-id=\"8a263c6\" data-element_type=\"column\" data-e-type=\"column\">\n\t\t\t<div class=\"elementor-widget-wrap elementor-element-populated\">\n\t\t\t\t\t\t<div class=\"elementor-element elementor-element-716f3fe4 elementor-widget elementor-widget-heading\" data-id=\"716f3fe4\" data-element_type=\"widget\" data-e-type=\"widget\" data-widget_type=\"heading.default\">\n\t\t\t\t<div class=\"elementor-widget-container\">\n\t\t\t\t\t<h2 class=\"elementor-heading-title elementor-size-default\">Explora todos los rincones del Delta<\/h2>\t\t\t\t<\/div>\n\t\t\t\t<\/div>\n\t\t\t\t<div class=\"elementor-element elementor-element-5e4ace79 elementor-widget elementor-widget-text-editor\" data-id=\"5e4ace79\" data-element_type=\"widget\" data-e-type=\"widget\" data-widget_type=\"text-editor.default\">\n\t\t\t\t<div class=\"elementor-widget-container\">\n\t\t\t\t\t\t\t\t\t<p>El servicio de alquiler de barcas en el delta del Ebro te permitir\u00e1 llegar a los rincones m\u00e1s escondidos de este parque natural. Las embarcaciones de alquiler son ideales para descubrir en cualquier \u00e9poca del a\u00f1o los lugares m\u00e1s emblem\u00e1ticos de la bah\u00eda de Els Alfacs, son id\u00f3neas para recorrer tramos del r\u00edo Ebro y llegar a la desembocadura, y son estrat\u00e9gicas para adentrarte en las lagunas del delta del Ebro. Emb\u00e1rcate y descubre los colores, texturas y sabores del Delta, que var\u00edan seg\u00fan las diferentes estaciones.<\/p>\n\t\t\t\t\t\t\t\t<\/div>\n\t\t\t\t<\/div>\n\t\t\t\t<div class=\"elementor-element elementor-element-119c7852 elementor-widget elementor-widget-text-editor\" data-id=\"119c7852\" data-element_type=\"widget\" data-e-type=\"widget\" data-widget_type=\"text-editor.default\">\n\t\t\t\t<div class=\"elementor-widget-container\">\n\t\t\t\t\t\t\t\t\t<p>Experimentar las sensaciones que te aporta la navegaci\u00f3n es imprescindible para que tu estancia con nosotros sea perfecta, y desde la Estaci\u00f3n N\u00e1utica La R\u00e0pita &#8211; Delta del Ebro tenemos una oferta extensa y variada de alquiler de barcos en el delta del Ebro para que disfrutes de la navegaci\u00f3n en cualquier \u00e9poca del a\u00f1o.<\/p>\n\t\t\t\t\t\t\t\t<\/div>\n\t\t\t\t<\/div>\n\t\t\t\t\t<\/div>\n\t\t<\/div>\n\t\t\t\t<div class=\"elementor-column elementor-col-50 elementor-top-column elementor-element elementor-element-ac7cac7\" data-id=\"ac7cac7\" data-element_type=\"column\" data-e-type=\"column\">\n\t\t\t<div class=\"elementor-widget-wrap elementor-element-populated\">\n\t\t\t\t\t\t<div class=\"elementor-element elementor-element-f8cf2ec elementor-widget elementor-widget-image\" data-id=\"f8cf2ec\" data-element_type=\"widget\" data-e-type=\"widget\" data-widget_type=\"image.default\">\n\t\t\t\t<div class=\"elementor-widget-container\">\n\t\t\t\t\t\t\t\t\t\t\t\t\t\t\t<img decoding=\"async\" width=\"880\" height=\"640\" src=\"https:\/\/enlarapita.com\/wp-content\/uploads\/2023\/02\/880x640_3lloguer_emba-1.jpg\" class=\"attachment-full size-full wp-image-14570\" alt=\"\" srcset=\"https:\/\/enlarapita.com\/wp-content\/uploads\/2023\/02\/880x640_3lloguer_emba-1.jpg 880w, https:\/\/enlarapita.com\/wp-content\/uploads\/2023\/02\/880x640_3lloguer_emba-1-300x218.jpg 300w, https:\/\/enlarapita.com\/wp-content\/uploads\/2023\/02\/880x640_3lloguer_emba-1-768x559.jpg 768w\" sizes=\"(max-width: 880px) 100vw, 880px\" style=\"width:100%;height:72.73%;max-width:880px\" \/>\t\t\t\t\t\t\t\t\t\t\t\t\t\t\t<\/div>\n\t\t\t\t<\/div>\n\t\t\t\t\t<\/div>\n\t\t<\/div>\n\t\t\t\t\t<\/div>\n\t\t<\/section>\n\t\t\t\t<\/div>\n\t\t","protected":false},"excerpt":{"rendered":"<p>Navega por la aguas del delta del Ebro \u00bfEres un experto navegante? Te alquilamos la barca que necesitas para disfrutar de una jornada en el mar del delta del Ebro. \u00bfQuieres ser capit\u00e1n por un d\u00eda? Te alquilamos una barca sin titulaci\u00f3n para que disfrutes de una experiencia memorable. Si tu deseo es embarcarte y&hellip; <a class=\"more-link\" href=\"https:\/\/enlarapita.com\/es\/delta-del-ebro\/que-hacer-o-ver\/alquiler-barcas\/\">Seguir leyendo <span class=\"screen-reader-text\">Alquiler de barcas en el delta del Ebro<\/span><\/a><\/p>\n","protected":false},"author":1,"featured_media":14514,"parent":13124,"menu_order":0,"comment_status":"closed","ping_status":"closed","template":"page-categories.php","meta":{"_acf_changed":false,"footnotes":""},"class_list":["post-15197","page","type-page","status-publish","has-post-thumbnail","hentry","entry"],"acf":[],"yoast_head":"<!-- This site is optimized with the Yoast SEO plugin v27.4 - https:\/\/yoast.com\/product\/yoast-seo-wordpress\/ -->\n<title>Alquiler de barcas en el delta del Ebro - Qu\u00e9 hacer<\/title>\n<meta name=\"description\" content=\"Navegar en embarcaciones a motor o a vela es una experiencia incre\u00edble con nuestros servicios de alquiler de barcas en el delta del Ebro.\" \/>\n<meta name=\"robots\" content=\"index, follow, max-snippet:-1, max-image-preview:large, max-video-preview:-1\" \/>\n<link rel=\"canonical\" href=\"https:\/\/enlarapita.com\/es\/delta-del-ebro\/que-hacer-o-ver\/alquiler-barcas\/\" \/>\n<meta property=\"og:locale\" content=\"es_ES\" \/>\n<meta property=\"og:type\" content=\"article\" \/>\n<meta property=\"og:title\" content=\"Alquiler de barcas en el delta del Ebro - Qu\u00e9 hacer\" \/>\n<meta property=\"og:description\" content=\"Navegar en embarcaciones a motor o a vela es una experiencia incre\u00edble con nuestros servicios de alquiler de barcas en el delta del Ebro.\" \/>\n<meta property=\"og:url\" content=\"https:\/\/enlarapita.com\/es\/delta-del-ebro\/que-hacer-o-ver\/alquiler-barcas\/\" \/>\n<meta property=\"og:site_name\" content=\"En la R\u00e0pita\" \/>\n<meta property=\"article:modified_time\" content=\"2023-03-06T08:20:01+00:00\" \/>\n<meta property=\"og:image\" content=\"https:\/\/enlarapita.com\/wp-content\/uploads\/2023\/02\/1920x400lloguer_emba.jpg\" \/>\n\t<meta property=\"og:image:width\" content=\"1920\" \/>\n\t<meta property=\"og:image:height\" content=\"400\" \/>\n\t<meta property=\"og:image:type\" content=\"image\/jpeg\" \/>\n<meta name=\"twitter:card\" content=\"summary_large_image\" \/>\n<meta name=\"twitter:label1\" content=\"Tiempo de lectura\" \/>\n\t<meta name=\"twitter:data1\" content=\"3 minutos\" \/>\n<script type=\"application\/ld+json\" class=\"yoast-schema-graph\">{\"@context\":\"https:\\\/\\\/schema.org\",\"@graph\":[{\"@type\":\"WebPage\",\"@id\":\"https:\\\/\\\/enlarapita.com\\\/es\\\/delta-del-ebro\\\/que-hacer-o-ver\\\/alquiler-barcas\\\/\",\"url\":\"https:\\\/\\\/enlarapita.com\\\/es\\\/delta-del-ebro\\\/que-hacer-o-ver\\\/alquiler-barcas\\\/\",\"name\":\"Alquiler de barcas en el delta del Ebro - Qu\u00e9 hacer\",\"isPartOf\":{\"@id\":\"https:\\\/\\\/enlarapita.com\\\/es\\\/#website\"},\"primaryImageOfPage\":{\"@id\":\"https:\\\/\\\/enlarapita.com\\\/es\\\/delta-del-ebro\\\/que-hacer-o-ver\\\/alquiler-barcas\\\/#primaryimage\"},\"image\":{\"@id\":\"https:\\\/\\\/enlarapita.com\\\/es\\\/delta-del-ebro\\\/que-hacer-o-ver\\\/alquiler-barcas\\\/#primaryimage\"},\"thumbnailUrl\":\"https:\\\/\\\/enlarapita.com\\\/wp-content\\\/uploads\\\/2023\\\/02\\\/1920x400lloguer_emba.jpg\",\"datePublished\":\"2023-03-02T17:05:46+00:00\",\"dateModified\":\"2023-03-06T08:20:01+00:00\",\"description\":\"Navegar en embarcaciones a motor o a vela es una experiencia incre\u00edble con nuestros servicios de alquiler de barcas en el delta del Ebro.\",\"breadcrumb\":{\"@id\":\"https:\\\/\\\/enlarapita.com\\\/es\\\/delta-del-ebro\\\/que-hacer-o-ver\\\/alquiler-barcas\\\/#breadcrumb\"},\"inLanguage\":\"es\",\"potentialAction\":[{\"@type\":\"ReadAction\",\"target\":[\"https:\\\/\\\/enlarapita.com\\\/es\\\/delta-del-ebro\\\/que-hacer-o-ver\\\/alquiler-barcas\\\/\"]}]},{\"@type\":\"ImageObject\",\"inLanguage\":\"es\",\"@id\":\"https:\\\/\\\/enlarapita.com\\\/es\\\/delta-del-ebro\\\/que-hacer-o-ver\\\/alquiler-barcas\\\/#primaryimage\",\"url\":\"https:\\\/\\\/enlarapita.com\\\/wp-content\\\/uploads\\\/2023\\\/02\\\/1920x400lloguer_emba.jpg\",\"contentUrl\":\"https:\\\/\\\/enlarapita.com\\\/wp-content\\\/uploads\\\/2023\\\/02\\\/1920x400lloguer_emba.jpg\",\"width\":1920,\"height\":400},{\"@type\":\"BreadcrumbList\",\"@id\":\"https:\\\/\\\/enlarapita.com\\\/es\\\/delta-del-ebro\\\/que-hacer-o-ver\\\/alquiler-barcas\\\/#breadcrumb\",\"itemListElement\":[{\"@type\":\"ListItem\",\"position\":1,\"name\":\"Portada\",\"item\":\"https:\\\/\\\/enlarapita.com\\\/es\\\/\"},{\"@type\":\"ListItem\",\"position\":2,\"name\":\"Delta del Ebro\",\"item\":\"https:\\\/\\\/enlarapita.com\\\/es\\\/delta-del-ebro\\\/\"},{\"@type\":\"ListItem\",\"position\":3,\"name\":\"Qu\u00e9 hacer o ver en el delta del Ebro\",\"item\":\"https:\\\/\\\/enlarapita.com\\\/es\\\/delta-del-ebro\\\/que-hacer-o-ver\\\/\"},{\"@type\":\"ListItem\",\"position\":4,\"name\":\"Alquiler de barcas en el delta del Ebro\"}]},{\"@type\":\"WebSite\",\"@id\":\"https:\\\/\\\/enlarapita.com\\\/es\\\/#website\",\"url\":\"https:\\\/\\\/enlarapita.com\\\/es\\\/\",\"name\":\"En la R\u00e0pita\",\"description\":\"\",\"publisher\":{\"@id\":\"https:\\\/\\\/enlarapita.com\\\/es\\\/#organization\"},\"potentialAction\":[{\"@type\":\"SearchAction\",\"target\":{\"@type\":\"EntryPoint\",\"urlTemplate\":\"https:\\\/\\\/enlarapita.com\\\/es\\\/?s={search_term_string}\"},\"query-input\":{\"@type\":\"PropertyValueSpecification\",\"valueRequired\":true,\"valueName\":\"search_term_string\"}}],\"inLanguage\":\"es\"},{\"@type\":\"Organization\",\"@id\":\"https:\\\/\\\/enlarapita.com\\\/es\\\/#organization\",\"name\":\"En la R\u00e0pita\",\"url\":\"https:\\\/\\\/enlarapita.com\\\/es\\\/\",\"logo\":{\"@type\":\"ImageObject\",\"inLanguage\":\"es\",\"@id\":\"https:\\\/\\\/enlarapita.com\\\/es\\\/#\\\/schema\\\/logo\\\/image\\\/\",\"url\":\"https:\\\/\\\/enlarapita.com\\\/wp-content\\\/uploads\\\/2021\\\/04\\\/cropped-logo-enlarapita-blau.png\",\"contentUrl\":\"https:\\\/\\\/enlarapita.com\\\/wp-content\\\/uploads\\\/2021\\\/04\\\/cropped-logo-enlarapita-blau.png\",\"width\":130,\"height\":19,\"caption\":\"En la R\u00e0pita\"},\"image\":{\"@id\":\"https:\\\/\\\/enlarapita.com\\\/es\\\/#\\\/schema\\\/logo\\\/image\\\/\"}}]}<\/script>\n<!-- \/ Yoast SEO plugin. -->","yoast_head_json":{"title":"Alquiler de barcas en el delta del Ebro - Qu\u00e9 hacer","description":"Navegar en embarcaciones a motor o a vela es una experiencia incre\u00edble con nuestros servicios de alquiler de barcas en el delta del Ebro.","robots":{"index":"index","follow":"follow","max-snippet":"max-snippet:-1","max-image-preview":"max-image-preview:large","max-video-preview":"max-video-preview:-1"},"canonical":"https:\/\/enlarapita.com\/es\/delta-del-ebro\/que-hacer-o-ver\/alquiler-barcas\/","og_locale":"es_ES","og_type":"article","og_title":"Alquiler de barcas en el delta del Ebro - Qu\u00e9 hacer","og_description":"Navegar en embarcaciones a motor o a vela es una experiencia incre\u00edble con nuestros servicios de alquiler de barcas en el delta del Ebro.","og_url":"https:\/\/enlarapita.com\/es\/delta-del-ebro\/que-hacer-o-ver\/alquiler-barcas\/","og_site_name":"En la R\u00e0pita","article_modified_time":"2023-03-06T08:20:01+00:00","og_image":[{"width":1920,"height":400,"url":"https:\/\/enlarapita.com\/wp-content\/uploads\/2023\/02\/1920x400lloguer_emba.jpg","type":"image\/jpeg"}],"twitter_card":"summary_large_image","twitter_misc":{"Tiempo de lectura":"3 minutos"},"schema":{"@context":"https:\/\/schema.org","@graph":[{"@type":"WebPage","@id":"https:\/\/enlarapita.com\/es\/delta-del-ebro\/que-hacer-o-ver\/alquiler-barcas\/","url":"https:\/\/enlarapita.com\/es\/delta-del-ebro\/que-hacer-o-ver\/alquiler-barcas\/","name":"Alquiler de barcas en el delta del Ebro - Qu\u00e9 hacer","isPartOf":{"@id":"https:\/\/enlarapita.com\/es\/#website"},"primaryImageOfPage":{"@id":"https:\/\/enlarapita.com\/es\/delta-del-ebro\/que-hacer-o-ver\/alquiler-barcas\/#primaryimage"},"image":{"@id":"https:\/\/enlarapita.com\/es\/delta-del-ebro\/que-hacer-o-ver\/alquiler-barcas\/#primaryimage"},"thumbnailUrl":"https:\/\/enlarapita.com\/wp-content\/uploads\/2023\/02\/1920x400lloguer_emba.jpg","datePublished":"2023-03-02T17:05:46+00:00","dateModified":"2023-03-06T08:20:01+00:00","description":"Navegar en embarcaciones a motor o a vela es una experiencia incre\u00edble con nuestros servicios de alquiler de barcas en el delta del Ebro.","breadcrumb":{"@id":"https:\/\/enlarapita.com\/es\/delta-del-ebro\/que-hacer-o-ver\/alquiler-barcas\/#breadcrumb"},"inLanguage":"es","potentialAction":[{"@type":"ReadAction","target":["https:\/\/enlarapita.com\/es\/delta-del-ebro\/que-hacer-o-ver\/alquiler-barcas\/"]}]},{"@type":"ImageObject","inLanguage":"es","@id":"https:\/\/enlarapita.com\/es\/delta-del-ebro\/que-hacer-o-ver\/alquiler-barcas\/#primaryimage","url":"https:\/\/enlarapita.com\/wp-content\/uploads\/2023\/02\/1920x400lloguer_emba.jpg","contentUrl":"https:\/\/enlarapita.com\/wp-content\/uploads\/2023\/02\/1920x400lloguer_emba.jpg","width":1920,"height":400},{"@type":"BreadcrumbList","@id":"https:\/\/enlarapita.com\/es\/delta-del-ebro\/que-hacer-o-ver\/alquiler-barcas\/#breadcrumb","itemListElement":[{"@type":"ListItem","position":1,"name":"Portada","item":"https:\/\/enlarapita.com\/es\/"},{"@type":"ListItem","position":2,"name":"Delta del Ebro","item":"https:\/\/enlarapita.com\/es\/delta-del-ebro\/"},{"@type":"ListItem","position":3,"name":"Qu\u00e9 hacer o ver en el delta del Ebro","item":"https:\/\/enlarapita.com\/es\/delta-del-ebro\/que-hacer-o-ver\/"},{"@type":"ListItem","position":4,"name":"Alquiler de barcas en el delta del Ebro"}]},{"@type":"WebSite","@id":"https:\/\/enlarapita.com\/es\/#website","url":"https:\/\/enlarapita.com\/es\/","name":"En la R\u00e0pita","description":"","publisher":{"@id":"https:\/\/enlarapita.com\/es\/#organization"},"potentialAction":[{"@type":"SearchAction","target":{"@type":"EntryPoint","urlTemplate":"https:\/\/enlarapita.com\/es\/?s={search_term_string}"},"query-input":{"@type":"PropertyValueSpecification","valueRequired":true,"valueName":"search_term_string"}}],"inLanguage":"es"},{"@type":"Organization","@id":"https:\/\/enlarapita.com\/es\/#organization","name":"En la R\u00e0pita","url":"https:\/\/enlarapita.com\/es\/","logo":{"@type":"ImageObject","inLanguage":"es","@id":"https:\/\/enlarapita.com\/es\/#\/schema\/logo\/image\/","url":"https:\/\/enlarapita.com\/wp-content\/uploads\/2021\/04\/cropped-logo-enlarapita-blau.png","contentUrl":"https:\/\/enlarapita.com\/wp-content\/uploads\/2021\/04\/cropped-logo-enlarapita-blau.png","width":130,"height":19,"caption":"En la R\u00e0pita"},"image":{"@id":"https:\/\/enlarapita.com\/es\/#\/schema\/logo\/image\/"}}]}},"_links":{"self":[{"href":"https:\/\/enlarapita.com\/es\/wp-json\/wp\/v2\/pages\/15197","targetHints":{"allow":["GET"]}}],"collection":[{"href":"https:\/\/enlarapita.com\/es\/wp-json\/wp\/v2\/pages"}],"about":[{"href":"https:\/\/enlarapita.com\/es\/wp-json\/wp\/v2\/types\/page"}],"author":[{"embeddable":true,"href":"https:\/\/enlarapita.com\/es\/wp-json\/wp\/v2\/users\/1"}],"replies":[{"embeddable":true,"href":"https:\/\/enlarapita.com\/es\/wp-json\/wp\/v2\/comments?post=15197"}],"version-history":[{"count":0,"href":"https:\/\/enlarapita.com\/es\/wp-json\/wp\/v2\/pages\/15197\/revisions"}],"up":[{"embeddable":true,"href":"https:\/\/enlarapita.com\/es\/wp-json\/wp\/v2\/pages\/13124"}],"wp:featuredmedia":[{"embeddable":true,"href":"https:\/\/enlarapita.com\/es\/wp-json\/wp\/v2\/media\/14514"}],"wp:attachment":[{"href":"https:\/\/enlarapita.com\/es\/wp-json\/wp\/v2\/media?parent=15197"}],"curies":[{"name":"wp","href":"https:\/\/api.w.org\/{rel}","templated":true}]}}