{"id":13670,"date":"2023-02-16T13:19:02","date_gmt":"2023-02-16T12:19:02","guid":{"rendered":"https:\/\/globals.app\/enlarapita\/que-hacer-o-ver\/en-el-trabucador\/"},"modified":"2025-07-29T11:51:49","modified_gmt":"2025-07-29T09:51:49","slug":"en-el-trabucador","status":"publish","type":"page","link":"https:\/\/enlarapita.com\/es\/que-hacer-o-ver\/en-el-trabucador\/","title":{"rendered":"Qu\u00e9 hacer en el Trabucador"},"content":{"rendered":"\t\t<div data-elementor-type=\"wp-page\" data-elementor-id=\"13670\" class=\"elementor elementor-13670 elementor-13381\" data-elementor-post-type=\"page\">\n\t\t\t\t\t\t<section class=\"elementor-section elementor-top-section elementor-element elementor-element-46bbabe2 elementor-section-content-middle elementor-section-boxed elementor-section-height-default elementor-section-height-default\" data-id=\"46bbabe2\" data-element_type=\"section\" data-e-type=\"section\">\n\t\t\t\t\t\t<div class=\"elementor-container elementor-column-gap-default\">\n\t\t\t\t\t<div class=\"elementor-column elementor-col-50 elementor-top-column elementor-element elementor-element-196e30aa\" data-id=\"196e30aa\" data-element_type=\"column\" data-e-type=\"column\">\n\t\t\t<div class=\"elementor-widget-wrap elementor-element-populated\">\n\t\t\t\t\t\t<div class=\"elementor-element elementor-element-1c364e8f elementor-widget elementor-widget-heading\" data-id=\"1c364e8f\" data-element_type=\"widget\" data-e-type=\"widget\" data-widget_type=\"heading.default\">\n\t\t\t\t<div class=\"elementor-widget-container\">\n\t\t\t\t\t<h2 class=\"elementor-heading-title elementor-size-default\">Vive la naturaleza m\u00e1s pura en el Trabucador<\/h2>\t\t\t\t<\/div>\n\t\t\t\t<\/div>\n\t\t\t\t<div class=\"elementor-element elementor-element-8d29931 elementor-widget elementor-widget-text-editor\" data-id=\"8d29931\" data-element_type=\"widget\" data-e-type=\"widget\" data-widget_type=\"text-editor.default\">\n\t\t\t\t<div class=\"elementor-widget-container\">\n\t\t\t\t\t\t\t\t\t<p>Si buscas aventuras, si quieres vivir la naturaleza m\u00e1s pura, si necesitas desconectar, si vienes solo, con pareja, con la familia o los amigos, sin duda, el lugar que est\u00e1s buscando es el Trabucador en La R\u00e0pita. En uno de los sitios m\u00e1s emblem\u00e1ticos del delta del Ebro podr\u00e1s vivir y sentir la naturaleza en su esencia m\u00e1s pura con cualquiera de las actividades que te puedas imaginar.<\/p>\n\t\t\t\t\t\t\t\t<\/div>\n\t\t\t\t<\/div>\n\t\t\t\t<div class=\"elementor-element elementor-element-5b381eb3 elementor-widget elementor-widget-heading\" data-id=\"5b381eb3\" data-element_type=\"widget\" data-e-type=\"widget\" data-widget_type=\"heading.default\">\n\t\t\t\t<div class=\"elementor-widget-container\">\n\t\t\t\t\t<h3 class=\"elementor-heading-title elementor-size-default\">Vuela con el kitesurf en el Trabucador<\/h3>\t\t\t\t<\/div>\n\t\t\t\t<\/div>\n\t\t\t\t<div class=\"elementor-element elementor-element-21d4bfe6 elementor-widget elementor-widget-text-editor\" data-id=\"21d4bfe6\" data-element_type=\"widget\" data-e-type=\"widget\" data-widget_type=\"text-editor.default\">\n\t\t\t\t<div class=\"elementor-widget-container\">\n\t\t\t\t\t\t\t\t\t<p>El Trabucador de La R\u00e0pita es el lugar id\u00f3neo para practicar kitesurf gracias a la combinaci\u00f3n perfecta de vientos y aguas de la bah\u00eda y es considerado por expertos y aficionados como el sitio ideal para practicar este deporte. Si te gusta la aventura, te proponemos que levantes el vuelo con la tabla de surf desde el Trabucador de La R\u00e0pita.<\/p>\n\t\t\t\t\t\t\t\t<\/div>\n\t\t\t\t<\/div>\n\t\t\t\t<div class=\"elementor-element elementor-element-21fa8d96 elementor-widget elementor-widget-heading\" data-id=\"21fa8d96\" data-element_type=\"widget\" data-e-type=\"widget\" data-widget_type=\"heading.default\">\n\t\t\t\t<div class=\"elementor-widget-container\">\n\t\t\t\t\t<h3 class=\"elementor-heading-title elementor-size-default\">Ad\u00e9ntrate en la bah\u00eda dels Alfacs<\/h3>\t\t\t\t<\/div>\n\t\t\t\t<\/div>\n\t\t\t\t<div class=\"elementor-element elementor-element-47858478 elementor-widget elementor-widget-text-editor\" data-id=\"47858478\" data-element_type=\"widget\" data-e-type=\"widget\" data-widget_type=\"text-editor.default\">\n\t\t\t\t<div class=\"elementor-widget-container\">\n\t\t\t\t\t\t\t\t\t<p>Las actividades acu\u00e1ticas para conocer la bah\u00eda dels Alfacs desde el puerto de La R\u00e0pita tambi\u00e9n te las ofrecemos en el Trabucador. Subir a un kayak, a una tabla de surf o a una bicicleta de agua (<em>sea bike<\/em>) y adentrarte en la bah\u00eda desde el Trabucador es toda una experiencia porqu\u00e9 podr\u00e1s visitar otros espacios naturales.<\/p>\n\t\t\t\t\t\t\t\t<\/div>\n\t\t\t\t<\/div>\n\t\t\t\t\t<\/div>\n\t\t<\/div>\n\t\t\t\t<div class=\"elementor-column elementor-col-50 elementor-top-column elementor-element elementor-element-65932f4a\" data-id=\"65932f4a\" data-element_type=\"column\" data-e-type=\"column\">\n\t\t\t<div class=\"elementor-widget-wrap elementor-element-populated\">\n\t\t\t\t\t\t<div class=\"elementor-element elementor-element-6b1d46fb elementor-widget elementor-widget-image\" data-id=\"6b1d46fb\" data-element_type=\"widget\" data-e-type=\"widget\" data-widget_type=\"image.default\">\n\t\t\t\t<div class=\"elementor-widget-container\">\n\t\t\t\t\t\t\t\t\t\t\t\t\t\t\t<img fetchpriority=\"high\" decoding=\"async\" width=\"880\" height=\"1098\" src=\"https:\/\/enlarapita.com\/wp-content\/uploads\/2023\/03\/880-LaRapita_15.jpg\" class=\"attachment-full size-full wp-image-15615\" alt=\"\" srcset=\"https:\/\/enlarapita.com\/wp-content\/uploads\/2023\/03\/880-LaRapita_15.jpg 880w, https:\/\/enlarapita.com\/wp-content\/uploads\/2023\/03\/880-LaRapita_15-240x300.jpg 240w, https:\/\/enlarapita.com\/wp-content\/uploads\/2023\/03\/880-LaRapita_15-821x1024.jpg 821w, https:\/\/enlarapita.com\/wp-content\/uploads\/2023\/03\/880-LaRapita_15-768x958.jpg 768w\" sizes=\"(max-width: 880px) 100vw, 880px\" style=\"width:100%;height:124.77%;max-width:880px\" \/>\t\t\t\t\t\t\t\t\t\t\t\t\t\t\t<\/div>\n\t\t\t\t<\/div>\n\t\t\t\t\t<\/div>\n\t\t<\/div>\n\t\t\t\t\t<\/div>\n\t\t<\/section>\n\t\t\t\t<section class=\"elementor-section elementor-top-section elementor-element elementor-element-401dcf42 elementor-section-content-middle elementor-reverse-tablet elementor-reverse-mobile elementor-section-boxed elementor-section-height-default elementor-section-height-default\" data-id=\"401dcf42\" data-element_type=\"section\" data-e-type=\"section\">\n\t\t\t\t\t\t<div class=\"elementor-container elementor-column-gap-default\">\n\t\t\t\t\t<div class=\"elementor-column elementor-col-50 elementor-top-column elementor-element elementor-element-697688af\" data-id=\"697688af\" data-element_type=\"column\" data-e-type=\"column\">\n\t\t\t<div class=\"elementor-widget-wrap elementor-element-populated\">\n\t\t\t\t\t\t<div class=\"elementor-element elementor-element-107eaa01 elementor-widget elementor-widget-image\" data-id=\"107eaa01\" data-element_type=\"widget\" data-e-type=\"widget\" data-widget_type=\"image.default\">\n\t\t\t\t<div class=\"elementor-widget-container\">\n\t\t\t\t\t\t\t\t\t\t\t\t\t\t\t<img decoding=\"async\" width=\"793\" height=\"800\" src=\"https:\/\/enlarapita.com\/wp-content\/uploads\/2023\/03\/880-trabucador2.jpg\" class=\"attachment-full size-full wp-image-15619\" alt=\"\" srcset=\"https:\/\/enlarapita.com\/wp-content\/uploads\/2023\/03\/880-trabucador2.jpg 793w, https:\/\/enlarapita.com\/wp-content\/uploads\/2023\/03\/880-trabucador2-297x300.jpg 297w, https:\/\/enlarapita.com\/wp-content\/uploads\/2023\/03\/880-trabucador2-150x150.jpg 150w, https:\/\/enlarapita.com\/wp-content\/uploads\/2023\/03\/880-trabucador2-768x775.jpg 768w\" sizes=\"(max-width: 793px) 100vw, 793px\" style=\"width:100%;height:100.88%;max-width:793px\" \/>\t\t\t\t\t\t\t\t\t\t\t\t\t\t\t<\/div>\n\t\t\t\t<\/div>\n\t\t\t\t\t<\/div>\n\t\t<\/div>\n\t\t\t\t<div class=\"elementor-column elementor-col-50 elementor-top-column elementor-element elementor-element-7c30dc6b\" data-id=\"7c30dc6b\" data-element_type=\"column\" data-e-type=\"column\">\n\t\t\t<div class=\"elementor-widget-wrap elementor-element-populated\">\n\t\t\t\t\t\t<div class=\"elementor-element elementor-element-4ce47a69 elementor-widget elementor-widget-heading\" data-id=\"4ce47a69\" data-element_type=\"widget\" data-e-type=\"widget\" data-widget_type=\"heading.default\">\n\t\t\t\t<div class=\"elementor-widget-container\">\n\t\t\t\t\t<h3 class=\"elementor-heading-title elementor-size-default\">Emoci\u00f3nate con los espectaculares atardeceres<\/h3>\t\t\t\t<\/div>\n\t\t\t\t<\/div>\n\t\t\t\t<div class=\"elementor-element elementor-element-3865ed86 elementor-widget__width-initial elementor-widget elementor-widget-text-editor\" data-id=\"3865ed86\" data-element_type=\"widget\" data-e-type=\"widget\" data-widget_type=\"text-editor.default\">\n\t\t\t\t<div class=\"elementor-widget-container\">\n\t\t\t\t\t\t\t\t\t<p>Las sensaciones que te provocar\u00e1n los amaneceres y atardeceres desde el Trabucador de La R\u00e0pita dif\u00edcilmente las experimentar\u00e1s en otro destino tur\u00edstico. La fina l\u00ednea que se desvela entre el mar Mediterr\u00e1neo y el cielo durante la salida del sol y los colores que aparecen en el cielo cuando el sol se esconde por la sierra del Montsi\u00e0 son experiencias que solo podr\u00e1s vivir aqu\u00ed.<\/p>\t\t\t\t\t\t\t\t<\/div>\n\t\t\t\t<\/div>\n\t\t\t\t<div class=\"elementor-element elementor-element-31c20f2c elementor-widget elementor-widget-heading\" data-id=\"31c20f2c\" data-element_type=\"widget\" data-e-type=\"widget\" data-widget_type=\"heading.default\">\n\t\t\t\t<div class=\"elementor-widget-container\">\n\t\t\t\t\t<h3 class=\"elementor-heading-title elementor-size-default\">Respeta la sostenibilidad ambiental del Trabucador<\/h3>\t\t\t\t<\/div>\n\t\t\t\t<\/div>\n\t\t\t\t<div class=\"elementor-element elementor-element-32070815 elementor-widget elementor-widget-text-editor\" data-id=\"32070815\" data-element_type=\"widget\" data-e-type=\"widget\" data-widget_type=\"text-editor.default\">\n\t\t\t\t<div class=\"elementor-widget-container\">\n\t\t\t\t\t\t\t\t\t<p>El Trabucador de La R\u00e0pita es el espacio m\u00e1s natural y m\u00e1s fr\u00e1gil del delta del Ebro y debemos preservar su sostenibilidad para que contin\u00fae siendo un lugar de ensue\u00f1o para todos. Si tu opci\u00f3n es el turismo sostenible, debes respetar en todo momento las normas de este lugar.<\/p>\t\t\t\t\t\t\t\t<\/div>\n\t\t\t\t<\/div>\n\t\t\t\t<div class=\"elementor-element elementor-element-53c92175 elementor-widget elementor-widget-text-editor\" data-id=\"53c92175\" data-element_type=\"widget\" data-e-type=\"widget\" data-widget_type=\"text-editor.default\">\n\t\t\t\t<div class=\"elementor-widget-container\">\n\t\t\t\t\t\t\t\t\t<p>Desde la Estaci\u00f3n N\u00e1utica La R\u00e0pita \u2013 Delta del Ebro ponemos a tu disposici\u00f3n una gran variedad de actividades acu\u00e1ticas que completaran las visitas que puedas hacer a tu aire y que garantizaran que tu estancia en el Trabucador sea de ensue\u00f1o.<\/p>\n\t\t\t\t\t\t\t\t<\/div>\n\t\t\t\t<\/div>\n\t\t\t\t\t<\/div>\n\t\t<\/div>\n\t\t\t\t\t<\/div>\n\t\t<\/section>\n\t\t\t\t<\/div>\n\t\t","protected":false},"excerpt":{"rendered":"<p>Vive la naturaleza m\u00e1s pura en el Trabucador Si buscas aventuras, si quieres vivir la naturaleza m\u00e1s pura, si necesitas desconectar, si vienes solo, con pareja, con la familia o los amigos, sin duda, el lugar que est\u00e1s buscando es el Trabucador en La R\u00e0pita. En uno de los sitios m\u00e1s emblem\u00e1ticos del delta del&hellip; <a class=\"more-link\" href=\"https:\/\/enlarapita.com\/es\/que-hacer-o-ver\/en-el-trabucador\/\">Seguir leyendo <span class=\"screen-reader-text\">Qu\u00e9 hacer en el Trabucador<\/span><\/a><\/p>\n","protected":false},"author":1,"featured_media":15630,"parent":2686,"menu_order":0,"comment_status":"closed","ping_status":"closed","template":"page-categories.php","meta":{"_acf_changed":false,"footnotes":""},"class_list":["post-13670","page","type-page","status-publish","has-post-thumbnail","hentry","entry"],"acf":[],"yoast_head":"<!-- This site is optimized with the Yoast SEO plugin v27.4 - https:\/\/yoast.com\/product\/yoast-seo-wordpress\/ -->\n<title>Qu\u00e9 hacer en el Trabucador en La R\u00e0pita<\/title>\n<meta name=\"description\" content=\"Si quieres vivir la naturaleza m\u00e1s pura, si necesitas desconectar, sin duda el sitio que est\u00e1s buscando es el Trabucador en La R\u00e0pita.\" \/>\n<meta name=\"robots\" content=\"index, follow, max-snippet:-1, max-image-preview:large, max-video-preview:-1\" \/>\n<link rel=\"canonical\" href=\"https:\/\/enlarapita.com\/es\/que-hacer-o-ver\/en-el-trabucador\/\" \/>\n<meta property=\"og:locale\" content=\"es_ES\" \/>\n<meta property=\"og:type\" content=\"article\" \/>\n<meta property=\"og:title\" content=\"Qu\u00e9 hacer en el Trabucador en La R\u00e0pita\" \/>\n<meta property=\"og:description\" content=\"Si quieres vivir la naturaleza m\u00e1s pura, si necesitas desconectar, sin duda el sitio que est\u00e1s buscando es el Trabucador en La R\u00e0pita.\" \/>\n<meta property=\"og:url\" content=\"https:\/\/enlarapita.com\/es\/que-hacer-o-ver\/en-el-trabucador\/\" \/>\n<meta property=\"og:site_name\" content=\"En la R\u00e0pita\" \/>\n<meta property=\"article:modified_time\" content=\"2025-07-29T09:51:49+00:00\" \/>\n<meta property=\"og:image\" content=\"https:\/\/enlarapita.com\/wp-content\/uploads\/2023\/03\/1920-trabucador.jpg\" \/>\n\t<meta property=\"og:image:width\" content=\"1920\" \/>\n\t<meta property=\"og:image:height\" content=\"400\" \/>\n\t<meta property=\"og:image:type\" content=\"image\/jpeg\" \/>\n<meta name=\"twitter:card\" content=\"summary_large_image\" \/>\n<meta name=\"twitter:label1\" content=\"Tiempo de lectura\" \/>\n\t<meta name=\"twitter:data1\" content=\"3 minutos\" \/>\n<script type=\"application\/ld+json\" class=\"yoast-schema-graph\">{\"@context\":\"https:\\\/\\\/schema.org\",\"@graph\":[{\"@type\":\"WebPage\",\"@id\":\"https:\\\/\\\/enlarapita.com\\\/es\\\/que-hacer-o-ver\\\/en-el-trabucador\\\/\",\"url\":\"https:\\\/\\\/enlarapita.com\\\/es\\\/que-hacer-o-ver\\\/en-el-trabucador\\\/\",\"name\":\"Qu\u00e9 hacer en el Trabucador en La R\u00e0pita\",\"isPartOf\":{\"@id\":\"https:\\\/\\\/enlarapita.com\\\/es\\\/#website\"},\"primaryImageOfPage\":{\"@id\":\"https:\\\/\\\/enlarapita.com\\\/es\\\/que-hacer-o-ver\\\/en-el-trabucador\\\/#primaryimage\"},\"image\":{\"@id\":\"https:\\\/\\\/enlarapita.com\\\/es\\\/que-hacer-o-ver\\\/en-el-trabucador\\\/#primaryimage\"},\"thumbnailUrl\":\"https:\\\/\\\/enlarapita.com\\\/wp-content\\\/uploads\\\/2023\\\/03\\\/1920-trabucador.jpg\",\"datePublished\":\"2023-02-16T12:19:02+00:00\",\"dateModified\":\"2025-07-29T09:51:49+00:00\",\"description\":\"Si quieres vivir la naturaleza m\u00e1s pura, si necesitas desconectar, sin duda el sitio que est\u00e1s buscando es el Trabucador en La R\u00e0pita.\",\"breadcrumb\":{\"@id\":\"https:\\\/\\\/enlarapita.com\\\/es\\\/que-hacer-o-ver\\\/en-el-trabucador\\\/#breadcrumb\"},\"inLanguage\":\"es\",\"potentialAction\":[{\"@type\":\"ReadAction\",\"target\":[\"https:\\\/\\\/enlarapita.com\\\/es\\\/que-hacer-o-ver\\\/en-el-trabucador\\\/\"]}]},{\"@type\":\"ImageObject\",\"inLanguage\":\"es\",\"@id\":\"https:\\\/\\\/enlarapita.com\\\/es\\\/que-hacer-o-ver\\\/en-el-trabucador\\\/#primaryimage\",\"url\":\"https:\\\/\\\/enlarapita.com\\\/wp-content\\\/uploads\\\/2023\\\/03\\\/1920-trabucador.jpg\",\"contentUrl\":\"https:\\\/\\\/enlarapita.com\\\/wp-content\\\/uploads\\\/2023\\\/03\\\/1920-trabucador.jpg\",\"width\":1920,\"height\":400},{\"@type\":\"BreadcrumbList\",\"@id\":\"https:\\\/\\\/enlarapita.com\\\/es\\\/que-hacer-o-ver\\\/en-el-trabucador\\\/#breadcrumb\",\"itemListElement\":[{\"@type\":\"ListItem\",\"position\":1,\"name\":\"Portada\",\"item\":\"https:\\\/\\\/enlarapita.com\\\/es\\\/\"},{\"@type\":\"ListItem\",\"position\":2,\"name\":\"Qu\u00e9 hacer o ver en La R\u00e0pita\",\"item\":\"https:\\\/\\\/enlarapita.com\\\/es\\\/que-hacer-o-ver\\\/\"},{\"@type\":\"ListItem\",\"position\":3,\"name\":\"Qu\u00e9 hacer en el Trabucador\"}]},{\"@type\":\"WebSite\",\"@id\":\"https:\\\/\\\/enlarapita.com\\\/es\\\/#website\",\"url\":\"https:\\\/\\\/enlarapita.com\\\/es\\\/\",\"name\":\"En la R\u00e0pita\",\"description\":\"\",\"publisher\":{\"@id\":\"https:\\\/\\\/enlarapita.com\\\/es\\\/#organization\"},\"potentialAction\":[{\"@type\":\"SearchAction\",\"target\":{\"@type\":\"EntryPoint\",\"urlTemplate\":\"https:\\\/\\\/enlarapita.com\\\/es\\\/?s={search_term_string}\"},\"query-input\":{\"@type\":\"PropertyValueSpecification\",\"valueRequired\":true,\"valueName\":\"search_term_string\"}}],\"inLanguage\":\"es\"},{\"@type\":\"Organization\",\"@id\":\"https:\\\/\\\/enlarapita.com\\\/es\\\/#organization\",\"name\":\"En la R\u00e0pita\",\"url\":\"https:\\\/\\\/enlarapita.com\\\/es\\\/\",\"logo\":{\"@type\":\"ImageObject\",\"inLanguage\":\"es\",\"@id\":\"https:\\\/\\\/enlarapita.com\\\/es\\\/#\\\/schema\\\/logo\\\/image\\\/\",\"url\":\"https:\\\/\\\/enlarapita.com\\\/wp-content\\\/uploads\\\/2021\\\/04\\\/cropped-logo-enlarapita-blau.png\",\"contentUrl\":\"https:\\\/\\\/enlarapita.com\\\/wp-content\\\/uploads\\\/2021\\\/04\\\/cropped-logo-enlarapita-blau.png\",\"width\":130,\"height\":19,\"caption\":\"En la R\u00e0pita\"},\"image\":{\"@id\":\"https:\\\/\\\/enlarapita.com\\\/es\\\/#\\\/schema\\\/logo\\\/image\\\/\"}}]}<\/script>\n<!-- \/ Yoast SEO plugin. -->","yoast_head_json":{"title":"Qu\u00e9 hacer en el Trabucador en La R\u00e0pita","description":"Si quieres vivir la naturaleza m\u00e1s pura, si necesitas desconectar, sin duda el sitio que est\u00e1s buscando es el Trabucador en La R\u00e0pita.","robots":{"index":"index","follow":"follow","max-snippet":"max-snippet:-1","max-image-preview":"max-image-preview:large","max-video-preview":"max-video-preview:-1"},"canonical":"https:\/\/enlarapita.com\/es\/que-hacer-o-ver\/en-el-trabucador\/","og_locale":"es_ES","og_type":"article","og_title":"Qu\u00e9 hacer en el Trabucador en La R\u00e0pita","og_description":"Si quieres vivir la naturaleza m\u00e1s pura, si necesitas desconectar, sin duda el sitio que est\u00e1s buscando es el Trabucador en La R\u00e0pita.","og_url":"https:\/\/enlarapita.com\/es\/que-hacer-o-ver\/en-el-trabucador\/","og_site_name":"En la R\u00e0pita","article_modified_time":"2025-07-29T09:51:49+00:00","og_image":[{"width":1920,"height":400,"url":"https:\/\/enlarapita.com\/wp-content\/uploads\/2023\/03\/1920-trabucador.jpg","type":"image\/jpeg"}],"twitter_card":"summary_large_image","twitter_misc":{"Tiempo de lectura":"3 minutos"},"schema":{"@context":"https:\/\/schema.org","@graph":[{"@type":"WebPage","@id":"https:\/\/enlarapita.com\/es\/que-hacer-o-ver\/en-el-trabucador\/","url":"https:\/\/enlarapita.com\/es\/que-hacer-o-ver\/en-el-trabucador\/","name":"Qu\u00e9 hacer en el Trabucador en La R\u00e0pita","isPartOf":{"@id":"https:\/\/enlarapita.com\/es\/#website"},"primaryImageOfPage":{"@id":"https:\/\/enlarapita.com\/es\/que-hacer-o-ver\/en-el-trabucador\/#primaryimage"},"image":{"@id":"https:\/\/enlarapita.com\/es\/que-hacer-o-ver\/en-el-trabucador\/#primaryimage"},"thumbnailUrl":"https:\/\/enlarapita.com\/wp-content\/uploads\/2023\/03\/1920-trabucador.jpg","datePublished":"2023-02-16T12:19:02+00:00","dateModified":"2025-07-29T09:51:49+00:00","description":"Si quieres vivir la naturaleza m\u00e1s pura, si necesitas desconectar, sin duda el sitio que est\u00e1s buscando es el Trabucador en La R\u00e0pita.","breadcrumb":{"@id":"https:\/\/enlarapita.com\/es\/que-hacer-o-ver\/en-el-trabucador\/#breadcrumb"},"inLanguage":"es","potentialAction":[{"@type":"ReadAction","target":["https:\/\/enlarapita.com\/es\/que-hacer-o-ver\/en-el-trabucador\/"]}]},{"@type":"ImageObject","inLanguage":"es","@id":"https:\/\/enlarapita.com\/es\/que-hacer-o-ver\/en-el-trabucador\/#primaryimage","url":"https:\/\/enlarapita.com\/wp-content\/uploads\/2023\/03\/1920-trabucador.jpg","contentUrl":"https:\/\/enlarapita.com\/wp-content\/uploads\/2023\/03\/1920-trabucador.jpg","width":1920,"height":400},{"@type":"BreadcrumbList","@id":"https:\/\/enlarapita.com\/es\/que-hacer-o-ver\/en-el-trabucador\/#breadcrumb","itemListElement":[{"@type":"ListItem","position":1,"name":"Portada","item":"https:\/\/enlarapita.com\/es\/"},{"@type":"ListItem","position":2,"name":"Qu\u00e9 hacer o ver en La R\u00e0pita","item":"https:\/\/enlarapita.com\/es\/que-hacer-o-ver\/"},{"@type":"ListItem","position":3,"name":"Qu\u00e9 hacer en el Trabucador"}]},{"@type":"WebSite","@id":"https:\/\/enlarapita.com\/es\/#website","url":"https:\/\/enlarapita.com\/es\/","name":"En la R\u00e0pita","description":"","publisher":{"@id":"https:\/\/enlarapita.com\/es\/#organization"},"potentialAction":[{"@type":"SearchAction","target":{"@type":"EntryPoint","urlTemplate":"https:\/\/enlarapita.com\/es\/?s={search_term_string}"},"query-input":{"@type":"PropertyValueSpecification","valueRequired":true,"valueName":"search_term_string"}}],"inLanguage":"es"},{"@type":"Organization","@id":"https:\/\/enlarapita.com\/es\/#organization","name":"En la R\u00e0pita","url":"https:\/\/enlarapita.com\/es\/","logo":{"@type":"ImageObject","inLanguage":"es","@id":"https:\/\/enlarapita.com\/es\/#\/schema\/logo\/image\/","url":"https:\/\/enlarapita.com\/wp-content\/uploads\/2021\/04\/cropped-logo-enlarapita-blau.png","contentUrl":"https:\/\/enlarapita.com\/wp-content\/uploads\/2021\/04\/cropped-logo-enlarapita-blau.png","width":130,"height":19,"caption":"En la R\u00e0pita"},"image":{"@id":"https:\/\/enlarapita.com\/es\/#\/schema\/logo\/image\/"}}]}},"_links":{"self":[{"href":"https:\/\/enlarapita.com\/es\/wp-json\/wp\/v2\/pages\/13670","targetHints":{"allow":["GET"]}}],"collection":[{"href":"https:\/\/enlarapita.com\/es\/wp-json\/wp\/v2\/pages"}],"about":[{"href":"https:\/\/enlarapita.com\/es\/wp-json\/wp\/v2\/types\/page"}],"author":[{"embeddable":true,"href":"https:\/\/enlarapita.com\/es\/wp-json\/wp\/v2\/users\/1"}],"replies":[{"embeddable":true,"href":"https:\/\/enlarapita.com\/es\/wp-json\/wp\/v2\/comments?post=13670"}],"version-history":[{"count":8,"href":"https:\/\/enlarapita.com\/es\/wp-json\/wp\/v2\/pages\/13670\/revisions"}],"predecessor-version":[{"id":33723,"href":"https:\/\/enlarapita.com\/es\/wp-json\/wp\/v2\/pages\/13670\/revisions\/33723"}],"up":[{"embeddable":true,"href":"https:\/\/enlarapita.com\/es\/wp-json\/wp\/v2\/pages\/2686"}],"wp:featuredmedia":[{"embeddable":true,"href":"https:\/\/enlarapita.com\/es\/wp-json\/wp\/v2\/media\/15630"}],"wp:attachment":[{"href":"https:\/\/enlarapita.com\/es\/wp-json\/wp\/v2\/media?parent=13670"}],"curies":[{"name":"wp","href":"https:\/\/api.w.org\/{rel}","templated":true}]}}