{"id":13656,"date":"2023-02-16T12:54:16","date_gmt":"2023-02-16T11:54:16","guid":{"rendered":"https:\/\/globals.app\/enlarapita\/que-hacer-o-ver\/naturaleza-y-aventura\/la-pantena-de-la-encanyissada\/"},"modified":"2023-03-15T18:39:06","modified_gmt":"2023-03-15T17:39:06","slug":"excursiones","status":"publish","type":"page","link":"https:\/\/enlarapita.com\/es\/que-hacer-o-ver\/naturaleza-y-aventura\/excursiones\/","title":{"rendered":"Excursiones en La R\u00e0pita"},"content":{"rendered":"\t\t<div data-elementor-type=\"wp-page\" data-elementor-id=\"13656\" class=\"elementor elementor-13656 elementor-13652\" data-elementor-post-type=\"page\">\n\t\t\t\t\t\t<section class=\"elementor-section elementor-top-section elementor-element elementor-element-11a12f9f elementor-section-content-middle elementor-section-boxed elementor-section-height-default elementor-section-height-default\" data-id=\"11a12f9f\" data-element_type=\"section\" data-e-type=\"section\">\n\t\t\t\t\t\t<div class=\"elementor-container elementor-column-gap-default\">\n\t\t\t\t\t<div class=\"elementor-column elementor-col-50 elementor-top-column elementor-element elementor-element-3bd87543\" data-id=\"3bd87543\" data-element_type=\"column\" data-e-type=\"column\">\n\t\t\t<div class=\"elementor-widget-wrap elementor-element-populated\">\n\t\t\t\t\t\t<div class=\"elementor-element elementor-element-7e323349 elementor-widget elementor-widget-heading\" data-id=\"7e323349\" data-element_type=\"widget\" data-e-type=\"widget\" data-widget_type=\"heading.default\">\n\t\t\t\t<div class=\"elementor-widget-container\">\n\t\t\t\t\t<h2 class=\"elementor-heading-title elementor-size-default\">Viu aventures amb les excursions a la R\u00e0pita<\/h2>\t\t\t\t<\/div>\n\t\t\t\t<\/div>\n\t\t\t\t<div class=\"elementor-element elementor-element-1cbfa581 elementor-widget elementor-widget-text-editor\" data-id=\"1cbfa581\" data-element_type=\"widget\" data-e-type=\"widget\" data-widget_type=\"text-editor.default\">\n\t\t\t\t<div class=\"elementor-widget-container\">\n\t\t\t\t\t\t\t\t\t<p>Si busques activitats de natura i aventura a la R\u00e0pita, aqu\u00ed trobar\u00e0s propostes per viure grans aventures. Tenim una gran varietat de rutes per camins naturals, vies verdes, platges i muntanyes per rec\u00f3rrer a peu, a cavall, en bici, tant si hi est\u00e0s avesat com si ho fas per diversi\u00f3. Amb les espectaculars excursions a la R\u00e0pita podr\u00e0s experimentar sensacions incre\u00efbles.<\/p>\n\t\t\t\t\t\t\t\t<\/div>\n\t\t\t\t<\/div>\n\t\t\t\t<div class=\"elementor-element elementor-element-7a892653 elementor-widget elementor-widget-heading\" data-id=\"7a892653\" data-element_type=\"widget\" data-e-type=\"widget\" data-widget_type=\"heading.default\">\n\t\t\t\t<div class=\"elementor-widget-container\">\n\t\t\t\t\t<h2 class=\"elementor-heading-title elementor-size-default\">Camins per rec\u00f3rrer la badia dels Alfacs<\/h2>\t\t\t\t<\/div>\n\t\t\t\t<\/div>\n\t\t\t\t<div class=\"elementor-element elementor-element-7485a2ea elementor-widget elementor-widget-text-editor\" data-id=\"7485a2ea\" data-element_type=\"widget\" data-e-type=\"widget\" data-widget_type=\"text-editor.default\">\n\t\t\t\t<div class=\"elementor-widget-container\">\n\t\t\t\t\t\t\t\t\t<p>Gaudir de la natura i l\u2019aventura a la R\u00e0pita \u00e9s un plaer a trav\u00e9s dels camins que recorren la badia dels Alfacs. El tram del GR-92 sender blau o Lligallo del Mar \u00e9s un cam\u00ed f\u00e0cil que podr\u00e0s fer a peu o en bici, sol o acompanyat, i que et portar\u00e0 de la R\u00e0pita a Alcanar dibuixant la silueta interior de la badia dels Alfacs.<\/p>\n\t\t\t\t\t\t\t\t<\/div>\n\t\t\t\t<\/div>\n\t\t\t\t\t<\/div>\n\t\t<\/div>\n\t\t\t\t<div class=\"elementor-column elementor-col-50 elementor-top-column elementor-element elementor-element-cb5ebe1\" data-id=\"cb5ebe1\" data-element_type=\"column\" data-e-type=\"column\">\n\t\t\t<div class=\"elementor-widget-wrap elementor-element-populated\">\n\t\t\t\t\t\t<div class=\"elementor-element elementor-element-e437ca7 elementor-widget elementor-widget-image\" data-id=\"e437ca7\" data-element_type=\"widget\" data-e-type=\"widget\" data-widget_type=\"image.default\">\n\t\t\t\t<div class=\"elementor-widget-container\">\n\t\t\t\t\t\t\t\t\t\t\t\t\t\t\t<img fetchpriority=\"high\" decoding=\"async\" width=\"880\" height=\"1053\" src=\"https:\/\/enlarapita.com\/wp-content\/uploads\/2023\/03\/880-1-3.jpg\" class=\"attachment-full size-full wp-image-15584\" alt=\"\" srcset=\"https:\/\/enlarapita.com\/wp-content\/uploads\/2023\/03\/880-1-3.jpg 880w, https:\/\/enlarapita.com\/wp-content\/uploads\/2023\/03\/880-1-3-251x300.jpg 251w, https:\/\/enlarapita.com\/wp-content\/uploads\/2023\/03\/880-1-3-856x1024.jpg 856w, https:\/\/enlarapita.com\/wp-content\/uploads\/2023\/03\/880-1-3-768x919.jpg 768w\" sizes=\"(max-width: 880px) 100vw, 880px\" style=\"width:100%;height:119.66%;max-width:880px\" \/>\t\t\t\t\t\t\t\t\t\t\t\t\t\t\t<\/div>\n\t\t\t\t<\/div>\n\t\t\t\t\t<\/div>\n\t\t<\/div>\n\t\t\t\t\t<\/div>\n\t\t<\/section>\n\t\t\t\t<section class=\"elementor-section elementor-top-section elementor-element elementor-element-2548c52c elementor-section-content-middle elementor-reverse-tablet elementor-reverse-mobile elementor-section-boxed elementor-section-height-default elementor-section-height-default\" data-id=\"2548c52c\" data-element_type=\"section\" data-e-type=\"section\">\n\t\t\t\t\t\t<div class=\"elementor-container elementor-column-gap-default\">\n\t\t\t\t\t<div class=\"elementor-column elementor-col-50 elementor-top-column elementor-element elementor-element-42585039\" data-id=\"42585039\" data-element_type=\"column\" data-e-type=\"column\">\n\t\t\t<div class=\"elementor-widget-wrap elementor-element-populated\">\n\t\t\t\t\t\t<div class=\"elementor-element elementor-element-70193144 elementor-widget elementor-widget-image\" data-id=\"70193144\" data-element_type=\"widget\" data-e-type=\"widget\" data-widget_type=\"image.default\">\n\t\t\t\t<div class=\"elementor-widget-container\">\n\t\t\t\t\t\t\t\t\t\t\t\t\t\t\t<img decoding=\"async\" width=\"880\" height=\"880\" src=\"https:\/\/enlarapita.com\/wp-content\/uploads\/2023\/03\/880-2-0C2A3713.jpg\" class=\"attachment-full size-full wp-image-15588\" alt=\"\" srcset=\"https:\/\/enlarapita.com\/wp-content\/uploads\/2023\/03\/880-2-0C2A3713.jpg 880w, https:\/\/enlarapita.com\/wp-content\/uploads\/2023\/03\/880-2-0C2A3713-300x300.jpg 300w, https:\/\/enlarapita.com\/wp-content\/uploads\/2023\/03\/880-2-0C2A3713-150x150.jpg 150w, https:\/\/enlarapita.com\/wp-content\/uploads\/2023\/03\/880-2-0C2A3713-768x768.jpg 768w\" sizes=\"(max-width: 880px) 100vw, 880px\" style=\"width:100%;height:100%;max-width:880px\" \/>\t\t\t\t\t\t\t\t\t\t\t\t\t\t\t<\/div>\n\t\t\t\t<\/div>\n\t\t\t\t\t<\/div>\n\t\t<\/div>\n\t\t\t\t<div class=\"elementor-column elementor-col-50 elementor-top-column elementor-element elementor-element-3a69f873\" data-id=\"3a69f873\" data-element_type=\"column\" data-e-type=\"column\">\n\t\t\t<div class=\"elementor-widget-wrap elementor-element-populated\">\n\t\t\t\t\t\t<div class=\"elementor-element elementor-element-1a5e7665 elementor-widget elementor-widget-heading\" data-id=\"1a5e7665\" data-element_type=\"widget\" data-e-type=\"widget\" data-widget_type=\"heading.default\">\n\t\t\t\t<div class=\"elementor-widget-container\">\n\t\t\t\t\t<h2 class=\"elementor-heading-title elementor-size-default\">Rutes a la R\u00e0pita per camins de muntanya<\/h2>\t\t\t\t<\/div>\n\t\t\t\t<\/div>\n\t\t\t\t<div class=\"elementor-element elementor-element-7d69f9c7 elementor-widget elementor-widget-text-editor\" data-id=\"7d69f9c7\" data-element_type=\"widget\" data-e-type=\"widget\" data-widget_type=\"text-editor.default\">\n\t\t\t\t<div class=\"elementor-widget-container\">\n\t\t\t\t\t\t\t\t\t<p>Des de la falda de la serra del Montsi\u00e0 fins al pic de la Foradada podr\u00e0s fer excursions a la R\u00e0pita en qu\u00e8 descobrir\u00e0s trossets d\u2019hist\u00f2ria i patrimoni. A peu i en bici, una ruta f\u00e0cil \u00e9s el Cam\u00ed dels Bandolers, que et portar\u00e0 per les tres torres de vigil\u00e0ncia de l\u2019\u00e8poca \u00e0rab de la R\u00e0pita i Alcanar. Per\u00f2 la ruta imprescindible on gaudir de les impressionants vistes de la badia dels Alfacs i en un dia clar visualitzar fins a l\u2019illa de Mallorca \u00e9s la pujada a la Foradada, amb una mica m\u00e9s de nivell per\u00f2 apta per a tothom.<\/p>\n\t\t\t\t\t\t\t\t<\/div>\n\t\t\t\t<\/div>\n\t\t\t\t<div class=\"elementor-element elementor-element-50f35a48 elementor-widget elementor-widget-text-editor\" data-id=\"50f35a48\" data-element_type=\"widget\" data-e-type=\"widget\" data-widget_type=\"text-editor.default\">\n\t\t\t\t<div class=\"elementor-widget-container\">\n\t\t\t\t\t\t\t\t\t<p>En una destinaci\u00f3 de turisme sostenible com aquesta les excursions a la R\u00e0pita s\u00f3n una de les joies que et faran gaudir al m\u00e0xim de la natura i l\u2019aventura amb tota la fam\u00edlia, i a l\u2019Estaci\u00f3 N\u00e0utica la R\u00e0pita &#8211; Delta de l\u2019Ebre et proposem un seguit de rutes a peu, a cavall i en bicicleta que podr\u00e0s fer de la m\u00e0 dels nostres guies o al teu aire.<\/p>\n\t\t\t\t\t\t\t\t<\/div>\n\t\t\t\t<\/div>\n\t\t\t\t\t<\/div>\n\t\t<\/div>\n\t\t\t\t\t<\/div>\n\t\t<\/section>\n\t\t\t\t<\/div>\n\t\t","protected":false},"excerpt":{"rendered":"<p>Viu aventures amb les excursions a la R\u00e0pita Si busques activitats de natura i aventura a la R\u00e0pita, aqu\u00ed trobar\u00e0s propostes per viure grans aventures. Tenim una gran varietat de rutes per camins naturals, vies verdes, platges i muntanyes per rec\u00f3rrer a peu, a cavall, en bici, tant si hi est\u00e0s avesat com si ho&hellip; <a class=\"more-link\" href=\"https:\/\/enlarapita.com\/es\/que-hacer-o-ver\/naturaleza-y-aventura\/excursiones\/\">Seguir leyendo <span class=\"screen-reader-text\">Excursiones en La R\u00e0pita<\/span><\/a><\/p>\n","protected":false},"author":1,"featured_media":15599,"parent":13589,"menu_order":0,"comment_status":"closed","ping_status":"closed","template":"page-categories.php","meta":{"_acf_changed":false,"footnotes":""},"class_list":["post-13656","page","type-page","status-publish","has-post-thumbnail","hentry","entry"],"acf":[],"yoast_head":"<!-- This site is optimized with the Yoast SEO plugin v27.4 - https:\/\/yoast.com\/product\/yoast-seo-wordpress\/ -->\n<title>Excursiones en La R\u00e0pita - Qu\u00e9 hacer<\/title>\n<meta name=\"description\" content=\"Si te gusta la naturaleza, respirar aire fresco y hacer deporte, ap\u00fantate a hacer excursiones en La R\u00e0pita para descubrir rutas incre\u00edbles.\" \/>\n<meta name=\"robots\" content=\"index, follow, max-snippet:-1, max-image-preview:large, max-video-preview:-1\" \/>\n<link rel=\"canonical\" href=\"https:\/\/enlarapita.com\/es\/que-hacer-o-ver\/naturaleza-y-aventura\/excursiones\/\" \/>\n<meta property=\"og:locale\" content=\"es_ES\" \/>\n<meta property=\"og:type\" content=\"article\" \/>\n<meta property=\"og:title\" content=\"Excursiones en La R\u00e0pita - Qu\u00e9 hacer\" \/>\n<meta property=\"og:description\" content=\"Si te gusta la naturaleza, respirar aire fresco y hacer deporte, ap\u00fantate a hacer excursiones en La R\u00e0pita para descubrir rutas incre\u00edbles.\" \/>\n<meta property=\"og:url\" content=\"https:\/\/enlarapita.com\/es\/que-hacer-o-ver\/naturaleza-y-aventura\/excursiones\/\" \/>\n<meta property=\"og:site_name\" content=\"En la R\u00e0pita\" \/>\n<meta property=\"article:modified_time\" content=\"2023-03-15T17:39:06+00:00\" \/>\n<meta property=\"og:image\" content=\"https:\/\/enlarapita.com\/wp-content\/uploads\/2023\/03\/1920-0C2A3026.jpg\" \/>\n\t<meta property=\"og:image:width\" content=\"1920\" \/>\n\t<meta property=\"og:image:height\" content=\"400\" \/>\n\t<meta property=\"og:image:type\" content=\"image\/jpeg\" \/>\n<meta name=\"twitter:card\" content=\"summary_large_image\" \/>\n<meta name=\"twitter:label1\" content=\"Tiempo de lectura\" \/>\n\t<meta name=\"twitter:data1\" content=\"2 minutos\" \/>\n<script type=\"application\/ld+json\" class=\"yoast-schema-graph\">{\"@context\":\"https:\\\/\\\/schema.org\",\"@graph\":[{\"@type\":\"WebPage\",\"@id\":\"https:\\\/\\\/enlarapita.com\\\/es\\\/que-hacer-o-ver\\\/naturaleza-y-aventura\\\/excursiones\\\/\",\"url\":\"https:\\\/\\\/enlarapita.com\\\/es\\\/que-hacer-o-ver\\\/naturaleza-y-aventura\\\/excursiones\\\/\",\"name\":\"Excursiones en La R\u00e0pita - Qu\u00e9 hacer\",\"isPartOf\":{\"@id\":\"https:\\\/\\\/enlarapita.com\\\/es\\\/#website\"},\"primaryImageOfPage\":{\"@id\":\"https:\\\/\\\/enlarapita.com\\\/es\\\/que-hacer-o-ver\\\/naturaleza-y-aventura\\\/excursiones\\\/#primaryimage\"},\"image\":{\"@id\":\"https:\\\/\\\/enlarapita.com\\\/es\\\/que-hacer-o-ver\\\/naturaleza-y-aventura\\\/excursiones\\\/#primaryimage\"},\"thumbnailUrl\":\"https:\\\/\\\/enlarapita.com\\\/wp-content\\\/uploads\\\/2023\\\/03\\\/1920-0C2A3026.jpg\",\"datePublished\":\"2023-02-16T11:54:16+00:00\",\"dateModified\":\"2023-03-15T17:39:06+00:00\",\"description\":\"Si te gusta la naturaleza, respirar aire fresco y hacer deporte, ap\u00fantate a hacer excursiones en La R\u00e0pita para descubrir rutas incre\u00edbles.\",\"breadcrumb\":{\"@id\":\"https:\\\/\\\/enlarapita.com\\\/es\\\/que-hacer-o-ver\\\/naturaleza-y-aventura\\\/excursiones\\\/#breadcrumb\"},\"inLanguage\":\"es\",\"potentialAction\":[{\"@type\":\"ReadAction\",\"target\":[\"https:\\\/\\\/enlarapita.com\\\/es\\\/que-hacer-o-ver\\\/naturaleza-y-aventura\\\/excursiones\\\/\"]}]},{\"@type\":\"ImageObject\",\"inLanguage\":\"es\",\"@id\":\"https:\\\/\\\/enlarapita.com\\\/es\\\/que-hacer-o-ver\\\/naturaleza-y-aventura\\\/excursiones\\\/#primaryimage\",\"url\":\"https:\\\/\\\/enlarapita.com\\\/wp-content\\\/uploads\\\/2023\\\/03\\\/1920-0C2A3026.jpg\",\"contentUrl\":\"https:\\\/\\\/enlarapita.com\\\/wp-content\\\/uploads\\\/2023\\\/03\\\/1920-0C2A3026.jpg\",\"width\":1920,\"height\":400},{\"@type\":\"BreadcrumbList\",\"@id\":\"https:\\\/\\\/enlarapita.com\\\/es\\\/que-hacer-o-ver\\\/naturaleza-y-aventura\\\/excursiones\\\/#breadcrumb\",\"itemListElement\":[{\"@type\":\"ListItem\",\"position\":1,\"name\":\"Portada\",\"item\":\"https:\\\/\\\/enlarapita.com\\\/es\\\/\"},{\"@type\":\"ListItem\",\"position\":2,\"name\":\"Qu\u00e9 hacer o ver en La R\u00e0pita\",\"item\":\"https:\\\/\\\/enlarapita.com\\\/es\\\/que-hacer-o-ver\\\/\"},{\"@type\":\"ListItem\",\"position\":3,\"name\":\"Naturaleza y aventura en La R\u00e0pita\",\"item\":\"https:\\\/\\\/enlarapita.com\\\/es\\\/que-hacer-o-ver\\\/naturaleza-y-aventura\\\/\"},{\"@type\":\"ListItem\",\"position\":4,\"name\":\"Excursiones en La R\u00e0pita\"}]},{\"@type\":\"WebSite\",\"@id\":\"https:\\\/\\\/enlarapita.com\\\/es\\\/#website\",\"url\":\"https:\\\/\\\/enlarapita.com\\\/es\\\/\",\"name\":\"En la R\u00e0pita\",\"description\":\"\",\"publisher\":{\"@id\":\"https:\\\/\\\/enlarapita.com\\\/es\\\/#organization\"},\"potentialAction\":[{\"@type\":\"SearchAction\",\"target\":{\"@type\":\"EntryPoint\",\"urlTemplate\":\"https:\\\/\\\/enlarapita.com\\\/es\\\/?s={search_term_string}\"},\"query-input\":{\"@type\":\"PropertyValueSpecification\",\"valueRequired\":true,\"valueName\":\"search_term_string\"}}],\"inLanguage\":\"es\"},{\"@type\":\"Organization\",\"@id\":\"https:\\\/\\\/enlarapita.com\\\/es\\\/#organization\",\"name\":\"En la R\u00e0pita\",\"url\":\"https:\\\/\\\/enlarapita.com\\\/es\\\/\",\"logo\":{\"@type\":\"ImageObject\",\"inLanguage\":\"es\",\"@id\":\"https:\\\/\\\/enlarapita.com\\\/es\\\/#\\\/schema\\\/logo\\\/image\\\/\",\"url\":\"https:\\\/\\\/enlarapita.com\\\/wp-content\\\/uploads\\\/2021\\\/04\\\/cropped-logo-enlarapita-blau.png\",\"contentUrl\":\"https:\\\/\\\/enlarapita.com\\\/wp-content\\\/uploads\\\/2021\\\/04\\\/cropped-logo-enlarapita-blau.png\",\"width\":130,\"height\":19,\"caption\":\"En la R\u00e0pita\"},\"image\":{\"@id\":\"https:\\\/\\\/enlarapita.com\\\/es\\\/#\\\/schema\\\/logo\\\/image\\\/\"}}]}<\/script>\n<!-- \/ Yoast SEO plugin. -->","yoast_head_json":{"title":"Excursiones en La R\u00e0pita - Qu\u00e9 hacer","description":"Si te gusta la naturaleza, respirar aire fresco y hacer deporte, ap\u00fantate a hacer excursiones en La R\u00e0pita para descubrir rutas incre\u00edbles.","robots":{"index":"index","follow":"follow","max-snippet":"max-snippet:-1","max-image-preview":"max-image-preview:large","max-video-preview":"max-video-preview:-1"},"canonical":"https:\/\/enlarapita.com\/es\/que-hacer-o-ver\/naturaleza-y-aventura\/excursiones\/","og_locale":"es_ES","og_type":"article","og_title":"Excursiones en La R\u00e0pita - Qu\u00e9 hacer","og_description":"Si te gusta la naturaleza, respirar aire fresco y hacer deporte, ap\u00fantate a hacer excursiones en La R\u00e0pita para descubrir rutas incre\u00edbles.","og_url":"https:\/\/enlarapita.com\/es\/que-hacer-o-ver\/naturaleza-y-aventura\/excursiones\/","og_site_name":"En la R\u00e0pita","article_modified_time":"2023-03-15T17:39:06+00:00","og_image":[{"width":1920,"height":400,"url":"https:\/\/enlarapita.com\/wp-content\/uploads\/2023\/03\/1920-0C2A3026.jpg","type":"image\/jpeg"}],"twitter_card":"summary_large_image","twitter_misc":{"Tiempo de lectura":"2 minutos"},"schema":{"@context":"https:\/\/schema.org","@graph":[{"@type":"WebPage","@id":"https:\/\/enlarapita.com\/es\/que-hacer-o-ver\/naturaleza-y-aventura\/excursiones\/","url":"https:\/\/enlarapita.com\/es\/que-hacer-o-ver\/naturaleza-y-aventura\/excursiones\/","name":"Excursiones en La R\u00e0pita - Qu\u00e9 hacer","isPartOf":{"@id":"https:\/\/enlarapita.com\/es\/#website"},"primaryImageOfPage":{"@id":"https:\/\/enlarapita.com\/es\/que-hacer-o-ver\/naturaleza-y-aventura\/excursiones\/#primaryimage"},"image":{"@id":"https:\/\/enlarapita.com\/es\/que-hacer-o-ver\/naturaleza-y-aventura\/excursiones\/#primaryimage"},"thumbnailUrl":"https:\/\/enlarapita.com\/wp-content\/uploads\/2023\/03\/1920-0C2A3026.jpg","datePublished":"2023-02-16T11:54:16+00:00","dateModified":"2023-03-15T17:39:06+00:00","description":"Si te gusta la naturaleza, respirar aire fresco y hacer deporte, ap\u00fantate a hacer excursiones en La R\u00e0pita para descubrir rutas incre\u00edbles.","breadcrumb":{"@id":"https:\/\/enlarapita.com\/es\/que-hacer-o-ver\/naturaleza-y-aventura\/excursiones\/#breadcrumb"},"inLanguage":"es","potentialAction":[{"@type":"ReadAction","target":["https:\/\/enlarapita.com\/es\/que-hacer-o-ver\/naturaleza-y-aventura\/excursiones\/"]}]},{"@type":"ImageObject","inLanguage":"es","@id":"https:\/\/enlarapita.com\/es\/que-hacer-o-ver\/naturaleza-y-aventura\/excursiones\/#primaryimage","url":"https:\/\/enlarapita.com\/wp-content\/uploads\/2023\/03\/1920-0C2A3026.jpg","contentUrl":"https:\/\/enlarapita.com\/wp-content\/uploads\/2023\/03\/1920-0C2A3026.jpg","width":1920,"height":400},{"@type":"BreadcrumbList","@id":"https:\/\/enlarapita.com\/es\/que-hacer-o-ver\/naturaleza-y-aventura\/excursiones\/#breadcrumb","itemListElement":[{"@type":"ListItem","position":1,"name":"Portada","item":"https:\/\/enlarapita.com\/es\/"},{"@type":"ListItem","position":2,"name":"Qu\u00e9 hacer o ver en La R\u00e0pita","item":"https:\/\/enlarapita.com\/es\/que-hacer-o-ver\/"},{"@type":"ListItem","position":3,"name":"Naturaleza y aventura en La R\u00e0pita","item":"https:\/\/enlarapita.com\/es\/que-hacer-o-ver\/naturaleza-y-aventura\/"},{"@type":"ListItem","position":4,"name":"Excursiones en La R\u00e0pita"}]},{"@type":"WebSite","@id":"https:\/\/enlarapita.com\/es\/#website","url":"https:\/\/enlarapita.com\/es\/","name":"En la R\u00e0pita","description":"","publisher":{"@id":"https:\/\/enlarapita.com\/es\/#organization"},"potentialAction":[{"@type":"SearchAction","target":{"@type":"EntryPoint","urlTemplate":"https:\/\/enlarapita.com\/es\/?s={search_term_string}"},"query-input":{"@type":"PropertyValueSpecification","valueRequired":true,"valueName":"search_term_string"}}],"inLanguage":"es"},{"@type":"Organization","@id":"https:\/\/enlarapita.com\/es\/#organization","name":"En la R\u00e0pita","url":"https:\/\/enlarapita.com\/es\/","logo":{"@type":"ImageObject","inLanguage":"es","@id":"https:\/\/enlarapita.com\/es\/#\/schema\/logo\/image\/","url":"https:\/\/enlarapita.com\/wp-content\/uploads\/2021\/04\/cropped-logo-enlarapita-blau.png","contentUrl":"https:\/\/enlarapita.com\/wp-content\/uploads\/2021\/04\/cropped-logo-enlarapita-blau.png","width":130,"height":19,"caption":"En la R\u00e0pita"},"image":{"@id":"https:\/\/enlarapita.com\/es\/#\/schema\/logo\/image\/"}}]}},"_links":{"self":[{"href":"https:\/\/enlarapita.com\/es\/wp-json\/wp\/v2\/pages\/13656","targetHints":{"allow":["GET"]}}],"collection":[{"href":"https:\/\/enlarapita.com\/es\/wp-json\/wp\/v2\/pages"}],"about":[{"href":"https:\/\/enlarapita.com\/es\/wp-json\/wp\/v2\/types\/page"}],"author":[{"embeddable":true,"href":"https:\/\/enlarapita.com\/es\/wp-json\/wp\/v2\/users\/1"}],"replies":[{"embeddable":true,"href":"https:\/\/enlarapita.com\/es\/wp-json\/wp\/v2\/comments?post=13656"}],"version-history":[{"count":0,"href":"https:\/\/enlarapita.com\/es\/wp-json\/wp\/v2\/pages\/13656\/revisions"}],"up":[{"embeddable":true,"href":"https:\/\/enlarapita.com\/es\/wp-json\/wp\/v2\/pages\/13589"}],"wp:featuredmedia":[{"embeddable":true,"href":"https:\/\/enlarapita.com\/es\/wp-json\/wp\/v2\/media\/15599"}],"wp:attachment":[{"href":"https:\/\/enlarapita.com\/es\/wp-json\/wp\/v2\/media?parent=13656"}],"curies":[{"name":"wp","href":"https:\/\/api.w.org\/{rel}","templated":true}]}}