{"id":13624,"date":"2023-02-16T11:41:16","date_gmt":"2023-02-16T10:41:16","guid":{"rendered":"https:\/\/globals.app\/enlarapita\/que-hacer-o-ver\/navega-badia-alfacs\/en-barco\/"},"modified":"2025-05-03T11:47:01","modified_gmt":"2025-05-03T09:47:01","slug":"en-barco","status":"publish","type":"page","link":"https:\/\/enlarapita.com\/es\/que-hacer-o-ver\/navega-bahia-alfacs\/en-barco\/","title":{"rendered":"Excursiones en barco en La R\u00e0pita"},"content":{"rendered":"\t\t<div data-elementor-type=\"wp-page\" data-elementor-id=\"13624\" class=\"elementor elementor-13624 elementor-13310\" data-elementor-post-type=\"page\">\n\t\t\t\t\t\t<section class=\"elementor-section elementor-top-section elementor-element elementor-element-631373c elementor-section-content-middle elementor-section-boxed elementor-section-height-default elementor-section-height-default\" data-id=\"631373c\" data-element_type=\"section\" data-e-type=\"section\">\n\t\t\t\t\t\t<div class=\"elementor-container elementor-column-gap-default\">\n\t\t\t\t\t<div class=\"elementor-column elementor-col-50 elementor-top-column elementor-element elementor-element-403e9b8d\" data-id=\"403e9b8d\" data-element_type=\"column\" data-e-type=\"column\">\n\t\t\t<div class=\"elementor-widget-wrap elementor-element-populated\">\n\t\t\t\t\t\t<div class=\"elementor-element elementor-element-10dc2e57 elementor-widget elementor-widget-heading\" data-id=\"10dc2e57\" data-element_type=\"widget\" data-e-type=\"widget\" data-widget_type=\"heading.default\">\n\t\t\t\t<div class=\"elementor-widget-container\">\n\t\t\t\t\t<h2 class=\"elementor-heading-title elementor-size-default\">Recorre la bah\u00eda de Els Alfacs en barco<\/h2>\t\t\t\t<\/div>\n\t\t\t\t<\/div>\n\t\t\t\t<div class=\"elementor-element elementor-element-9a133e9 elementor-widget elementor-widget-text-editor\" data-id=\"9a133e9\" data-element_type=\"widget\" data-e-type=\"widget\" data-widget_type=\"text-editor.default\">\n\t\t\t\t<div class=\"elementor-widget-container\">\n\t\t\t\t\t\t\t\t\t<p>La bah\u00eda de Els Alfacs es un espacio natural \u00fanico en el Mediterr\u00e1neo que se tiene que vivir navegando por \u00e9l. Aprovecha los d\u00edas de vacaciones y de escapada con la pareja, la familia y los amigos para hacer rutas y excursiones en barco en La R\u00e0pita.<\/p>\t\t\t\t\t\t\t\t<\/div>\n\t\t\t\t<\/div>\n\t\t\t\t<div class=\"elementor-element elementor-element-54d28f51 elementor-widget elementor-widget-heading\" data-id=\"54d28f51\" data-element_type=\"widget\" data-e-type=\"widget\" data-widget_type=\"heading.default\">\n\t\t\t\t<div class=\"elementor-widget-container\">\n\t\t\t\t\t<h2 class=\"elementor-heading-title elementor-size-default\">Descubre los tesoros de la bah\u00eda de Els Alfacs<\/h2>\t\t\t\t<\/div>\n\t\t\t\t<\/div>\n\t\t\t\t<div class=\"elementor-element elementor-element-106043c6 elementor-widget elementor-widget-text-editor\" data-id=\"106043c6\" data-element_type=\"widget\" data-e-type=\"widget\" data-widget_type=\"text-editor.default\">\n\t\t\t\t<div class=\"elementor-widget-container\">\n\t\t\t\t\t\t\t\t\t<p>Para conocer los tesoros que se esconden en la bah\u00eda de Els Alfacs ponemos a tu disposici\u00f3n rutas guiadas en golondrina, lancha o velero que te llevar\u00e1n por los espacios m\u00e1s emblem\u00e1ticos, como la punta de la Banya, las salinas de la Trinitat o la torre de Sant Joan, donde tendr\u00e1s la oportunidad de ba\u00f1arte en medio del mar y al mismo tiempo te contar\u00e1n el cultivo de los exquisitos moluscos de la bah\u00eda que podr\u00e1s degustar en las mismas mejilloneras.<\/p>\t\t\t\t\t\t\t\t<\/div>\n\t\t\t\t<\/div>\n\t\t\t\t\t<\/div>\n\t\t<\/div>\n\t\t\t\t<div class=\"elementor-column elementor-col-50 elementor-top-column elementor-element elementor-element-5eba6149\" data-id=\"5eba6149\" data-element_type=\"column\" data-e-type=\"column\">\n\t\t\t<div class=\"elementor-widget-wrap elementor-element-populated\">\n\t\t\t\t\t\t<div class=\"elementor-element elementor-element-11dcc8a9 elementor-widget elementor-widget-image\" data-id=\"11dcc8a9\" data-element_type=\"widget\" data-e-type=\"widget\" data-widget_type=\"image.default\">\n\t\t\t\t<div class=\"elementor-widget-container\">\n\t\t\t\t\t\t\t\t\t\t\t\t\t\t\t<img fetchpriority=\"high\" decoding=\"async\" width=\"1000\" height=\"667\" src=\"https:\/\/enlarapita.com\/wp-content\/uploads\/2025\/05\/comprimit_DSC1064-majoni35-vermut-1.jpg\" class=\"attachment-full size-full wp-image-33307\" alt=\"\" srcset=\"https:\/\/enlarapita.com\/wp-content\/uploads\/2025\/05\/comprimit_DSC1064-majoni35-vermut-1.jpg 1000w, https:\/\/enlarapita.com\/wp-content\/uploads\/2025\/05\/comprimit_DSC1064-majoni35-vermut-1-300x200.jpg 300w, https:\/\/enlarapita.com\/wp-content\/uploads\/2025\/05\/comprimit_DSC1064-majoni35-vermut-1-768x512.jpg 768w\" sizes=\"(max-width: 1000px) 100vw, 1000px\" style=\"width:100%;height:66.7%;max-width:1000px\" \/>\t\t\t\t\t\t\t\t\t\t\t\t\t\t\t<\/div>\n\t\t\t\t<\/div>\n\t\t\t\t\t<\/div>\n\t\t<\/div>\n\t\t\t\t\t<\/div>\n\t\t<\/section>\n\t\t\t\t<section class=\"elementor-section elementor-top-section elementor-element elementor-element-61e7f6b2 elementor-section-content-middle elementor-reverse-tablet elementor-reverse-mobile elementor-section-boxed elementor-section-height-default elementor-section-height-default\" data-id=\"61e7f6b2\" data-element_type=\"section\" data-e-type=\"section\">\n\t\t\t\t\t\t<div class=\"elementor-container elementor-column-gap-default\">\n\t\t\t\t\t<div class=\"elementor-column elementor-col-50 elementor-top-column elementor-element elementor-element-a6f464f\" data-id=\"a6f464f\" data-element_type=\"column\" data-e-type=\"column\">\n\t\t\t<div class=\"elementor-widget-wrap elementor-element-populated\">\n\t\t\t\t\t\t<div class=\"elementor-element elementor-element-5350ccbc elementor-widget elementor-widget-image\" data-id=\"5350ccbc\" data-element_type=\"widget\" data-e-type=\"widget\" data-widget_type=\"image.default\">\n\t\t\t\t<div class=\"elementor-widget-container\">\n\t\t\t\t\t\t\t\t\t\t\t\t\t\t\t<img decoding=\"async\" width=\"1200\" height=\"800\" src=\"https:\/\/enlarapita.com\/wp-content\/uploads\/2025\/05\/DSC1915.jpg\" class=\"attachment-full size-full wp-image-33312\" alt=\"\" srcset=\"https:\/\/enlarapita.com\/wp-content\/uploads\/2025\/05\/DSC1915.jpg 1200w, https:\/\/enlarapita.com\/wp-content\/uploads\/2025\/05\/DSC1915-300x200.jpg 300w, https:\/\/enlarapita.com\/wp-content\/uploads\/2025\/05\/DSC1915-1024x683.jpg 1024w, https:\/\/enlarapita.com\/wp-content\/uploads\/2025\/05\/DSC1915-768x512.jpg 768w\" sizes=\"(max-width: 1200px) 100vw, 1200px\" style=\"width:100%;height:66.67%;max-width:1200px\" \/>\t\t\t\t\t\t\t\t\t\t\t\t\t\t\t<\/div>\n\t\t\t\t<\/div>\n\t\t\t\t\t<\/div>\n\t\t<\/div>\n\t\t\t\t<div class=\"elementor-column elementor-col-50 elementor-top-column elementor-element elementor-element-4cb53600\" data-id=\"4cb53600\" data-element_type=\"column\" data-e-type=\"column\">\n\t\t\t<div class=\"elementor-widget-wrap elementor-element-populated\">\n\t\t\t\t\t\t<div class=\"elementor-element elementor-element-6324afd elementor-widget elementor-widget-heading\" data-id=\"6324afd\" data-element_type=\"widget\" data-e-type=\"widget\" data-widget_type=\"heading.default\">\n\t\t\t\t<div class=\"elementor-widget-container\">\n\t\t\t\t\t<h2 class=\"elementor-heading-title elementor-size-default\">Salidas en barco para todos<\/h2>\t\t\t\t<\/div>\n\t\t\t\t<\/div>\n\t\t\t\t<div class=\"elementor-element elementor-element-656fe323 elementor-widget elementor-widget-text-editor\" data-id=\"656fe323\" data-element_type=\"widget\" data-e-type=\"widget\" data-widget_type=\"text-editor.default\">\n\t\t\t\t<div class=\"elementor-widget-container\">\n\t\t\t\t\t\t\t\t\t<p>La bah\u00eda de Els Alfacs es un espacio \u00fanico en el mundo por su ecosistema que podr\u00e1s vivir plenamente con las excursiones en barco en La R\u00e0pita. Su mar llana, la riqueza en flora y fauna y el patrimonio natural y cultural que encontramos hace que sea una experiencia que debe vivir todo el mundo una vez en la vida.<\/p>\t\t\t\t\t\t\t\t<\/div>\n\t\t\t\t<\/div>\n\t\t\t\t<div class=\"elementor-element elementor-element-6fa8e94e elementor-widget elementor-widget-text-editor\" data-id=\"6fa8e94e\" data-element_type=\"widget\" data-e-type=\"widget\" data-widget_type=\"text-editor.default\">\n\t\t\t\t<div class=\"elementor-widget-container\">\n\t\t\t\t\t\t\t\t\t<p>Desde la Estaci\u00f3n N\u00e1utica La R\u00e0pita &#8211; Delta del Ebro te ofrecemos una gran variedad de excursiones en barco en La R\u00e0pita para que no desaproveches la oportunidad de descubrir un espacio natural \u00fanico, la bah\u00eda de Els Alfacs, donde vivir\u00e1s experiencias inolvidables durante unas vacaciones o unos d\u00edas de descanso.<\/p>\t\t\t\t\t\t\t\t<\/div>\n\t\t\t\t<\/div>\n\t\t\t\t\t<\/div>\n\t\t<\/div>\n\t\t\t\t\t<\/div>\n\t\t<\/section>\n\t\t\t\t<\/div>\n\t\t","protected":false},"excerpt":{"rendered":"<p>Recorre la bah\u00eda de Els Alfacs en barco La bah\u00eda de Els Alfacs es un espacio natural \u00fanico en el Mediterr\u00e1neo que se tiene que vivir navegando por \u00e9l. Aprovecha los d\u00edas de vacaciones y de escapada con la pareja, la familia y los amigos para hacer rutas y excursiones en barco en La R\u00e0pita.&hellip; <a class=\"more-link\" href=\"https:\/\/enlarapita.com\/es\/que-hacer-o-ver\/navega-bahia-alfacs\/en-barco\/\">Seguir leyendo <span class=\"screen-reader-text\">Excursiones en barco en La R\u00e0pita<\/span><\/a><\/p>\n","protected":false},"author":1,"featured_media":14492,"parent":13616,"menu_order":0,"comment_status":"closed","ping_status":"closed","template":"page-categories.php","meta":{"_acf_changed":false,"footnotes":""},"class_list":["post-13624","page","type-page","status-publish","has-post-thumbnail","hentry","entry"],"acf":[],"yoast_head":"<!-- This site is optimized with the Yoast SEO plugin v27.4 - https:\/\/yoast.com\/product\/yoast-seo-wordpress\/ -->\n<title>Excursiones en barco en La R\u00e0pita<\/title>\n<meta name=\"description\" content=\"Aprovecha los d\u00edas de vacaciones y de escapada en pareja, en familia o con amigos para realizar rutas y excursiones en barco en La R\u00e0pita.\" \/>\n<meta name=\"robots\" content=\"index, follow, max-snippet:-1, max-image-preview:large, max-video-preview:-1\" \/>\n<link rel=\"canonical\" href=\"https:\/\/enlarapita.com\/es\/que-hacer-o-ver\/navega-bahia-alfacs\/en-barco\/\" \/>\n<meta property=\"og:locale\" content=\"es_ES\" \/>\n<meta property=\"og:type\" content=\"article\" \/>\n<meta property=\"og:title\" content=\"Excursiones en barco en La R\u00e0pita\" \/>\n<meta property=\"og:description\" content=\"Aprovecha los d\u00edas de vacaciones y de escapada en pareja, en familia o con amigos para realizar rutas y excursiones en barco en La R\u00e0pita.\" \/>\n<meta property=\"og:url\" content=\"https:\/\/enlarapita.com\/es\/que-hacer-o-ver\/navega-bahia-alfacs\/en-barco\/\" \/>\n<meta property=\"og:site_name\" content=\"En la R\u00e0pita\" \/>\n<meta property=\"article:modified_time\" content=\"2025-05-03T09:47:01+00:00\" \/>\n<meta property=\"og:image\" content=\"https:\/\/enlarapita.com\/wp-content\/uploads\/2023\/02\/1920x400rutes_veler.jpg\" \/>\n\t<meta property=\"og:image:width\" content=\"1920\" \/>\n\t<meta property=\"og:image:height\" content=\"400\" \/>\n\t<meta property=\"og:image:type\" content=\"image\/jpeg\" \/>\n<meta name=\"twitter:card\" content=\"summary_large_image\" \/>\n<meta name=\"twitter:label1\" content=\"Tiempo de lectura\" \/>\n\t<meta name=\"twitter:data1\" content=\"2 minutos\" \/>\n<script type=\"application\/ld+json\" class=\"yoast-schema-graph\">{\"@context\":\"https:\\\/\\\/schema.org\",\"@graph\":[{\"@type\":\"WebPage\",\"@id\":\"https:\\\/\\\/enlarapita.com\\\/es\\\/que-hacer-o-ver\\\/navega-bahia-alfacs\\\/en-barco\\\/\",\"url\":\"https:\\\/\\\/enlarapita.com\\\/es\\\/que-hacer-o-ver\\\/navega-bahia-alfacs\\\/en-barco\\\/\",\"name\":\"Excursiones en barco en La R\u00e0pita\",\"isPartOf\":{\"@id\":\"https:\\\/\\\/enlarapita.com\\\/es\\\/#website\"},\"primaryImageOfPage\":{\"@id\":\"https:\\\/\\\/enlarapita.com\\\/es\\\/que-hacer-o-ver\\\/navega-bahia-alfacs\\\/en-barco\\\/#primaryimage\"},\"image\":{\"@id\":\"https:\\\/\\\/enlarapita.com\\\/es\\\/que-hacer-o-ver\\\/navega-bahia-alfacs\\\/en-barco\\\/#primaryimage\"},\"thumbnailUrl\":\"https:\\\/\\\/enlarapita.com\\\/wp-content\\\/uploads\\\/2023\\\/02\\\/1920x400rutes_veler.jpg\",\"datePublished\":\"2023-02-16T10:41:16+00:00\",\"dateModified\":\"2025-05-03T09:47:01+00:00\",\"description\":\"Aprovecha los d\u00edas de vacaciones y de escapada en pareja, en familia o con amigos para realizar rutas y excursiones en barco en La R\u00e0pita.\",\"breadcrumb\":{\"@id\":\"https:\\\/\\\/enlarapita.com\\\/es\\\/que-hacer-o-ver\\\/navega-bahia-alfacs\\\/en-barco\\\/#breadcrumb\"},\"inLanguage\":\"es\",\"potentialAction\":[{\"@type\":\"ReadAction\",\"target\":[\"https:\\\/\\\/enlarapita.com\\\/es\\\/que-hacer-o-ver\\\/navega-bahia-alfacs\\\/en-barco\\\/\"]}]},{\"@type\":\"ImageObject\",\"inLanguage\":\"es\",\"@id\":\"https:\\\/\\\/enlarapita.com\\\/es\\\/que-hacer-o-ver\\\/navega-bahia-alfacs\\\/en-barco\\\/#primaryimage\",\"url\":\"https:\\\/\\\/enlarapita.com\\\/wp-content\\\/uploads\\\/2023\\\/02\\\/1920x400rutes_veler.jpg\",\"contentUrl\":\"https:\\\/\\\/enlarapita.com\\\/wp-content\\\/uploads\\\/2023\\\/02\\\/1920x400rutes_veler.jpg\",\"width\":1920,\"height\":400,\"caption\":\"En barco en La R\u00e0pita y el delta del Ebro\"},{\"@type\":\"BreadcrumbList\",\"@id\":\"https:\\\/\\\/enlarapita.com\\\/es\\\/que-hacer-o-ver\\\/navega-bahia-alfacs\\\/en-barco\\\/#breadcrumb\",\"itemListElement\":[{\"@type\":\"ListItem\",\"position\":1,\"name\":\"Portada\",\"item\":\"https:\\\/\\\/enlarapita.com\\\/es\\\/\"},{\"@type\":\"ListItem\",\"position\":2,\"name\":\"Qu\u00e9 hacer o ver en La R\u00e0pita\",\"item\":\"https:\\\/\\\/enlarapita.com\\\/es\\\/que-hacer-o-ver\\\/\"},{\"@type\":\"ListItem\",\"position\":3,\"name\":\"Embarcaciones para navegar por la bah\u00eda de Els Alfacs\",\"item\":\"https:\\\/\\\/enlarapita.com\\\/es\\\/que-hacer-o-ver\\\/navega-bahia-alfacs\\\/\"},{\"@type\":\"ListItem\",\"position\":4,\"name\":\"Excursiones en barco en La R\u00e0pita\"}]},{\"@type\":\"WebSite\",\"@id\":\"https:\\\/\\\/enlarapita.com\\\/es\\\/#website\",\"url\":\"https:\\\/\\\/enlarapita.com\\\/es\\\/\",\"name\":\"En la R\u00e0pita\",\"description\":\"\",\"publisher\":{\"@id\":\"https:\\\/\\\/enlarapita.com\\\/es\\\/#organization\"},\"potentialAction\":[{\"@type\":\"SearchAction\",\"target\":{\"@type\":\"EntryPoint\",\"urlTemplate\":\"https:\\\/\\\/enlarapita.com\\\/es\\\/?s={search_term_string}\"},\"query-input\":{\"@type\":\"PropertyValueSpecification\",\"valueRequired\":true,\"valueName\":\"search_term_string\"}}],\"inLanguage\":\"es\"},{\"@type\":\"Organization\",\"@id\":\"https:\\\/\\\/enlarapita.com\\\/es\\\/#organization\",\"name\":\"En la R\u00e0pita\",\"url\":\"https:\\\/\\\/enlarapita.com\\\/es\\\/\",\"logo\":{\"@type\":\"ImageObject\",\"inLanguage\":\"es\",\"@id\":\"https:\\\/\\\/enlarapita.com\\\/es\\\/#\\\/schema\\\/logo\\\/image\\\/\",\"url\":\"https:\\\/\\\/enlarapita.com\\\/wp-content\\\/uploads\\\/2021\\\/04\\\/cropped-logo-enlarapita-blau.png\",\"contentUrl\":\"https:\\\/\\\/enlarapita.com\\\/wp-content\\\/uploads\\\/2021\\\/04\\\/cropped-logo-enlarapita-blau.png\",\"width\":130,\"height\":19,\"caption\":\"En la R\u00e0pita\"},\"image\":{\"@id\":\"https:\\\/\\\/enlarapita.com\\\/es\\\/#\\\/schema\\\/logo\\\/image\\\/\"}}]}<\/script>\n<!-- \/ Yoast SEO plugin. -->","yoast_head_json":{"title":"Excursiones en barco en La R\u00e0pita","description":"Aprovecha los d\u00edas de vacaciones y de escapada en pareja, en familia o con amigos para realizar rutas y excursiones en barco en La R\u00e0pita.","robots":{"index":"index","follow":"follow","max-snippet":"max-snippet:-1","max-image-preview":"max-image-preview:large","max-video-preview":"max-video-preview:-1"},"canonical":"https:\/\/enlarapita.com\/es\/que-hacer-o-ver\/navega-bahia-alfacs\/en-barco\/","og_locale":"es_ES","og_type":"article","og_title":"Excursiones en barco en La R\u00e0pita","og_description":"Aprovecha los d\u00edas de vacaciones y de escapada en pareja, en familia o con amigos para realizar rutas y excursiones en barco en La R\u00e0pita.","og_url":"https:\/\/enlarapita.com\/es\/que-hacer-o-ver\/navega-bahia-alfacs\/en-barco\/","og_site_name":"En la R\u00e0pita","article_modified_time":"2025-05-03T09:47:01+00:00","og_image":[{"width":1920,"height":400,"url":"https:\/\/enlarapita.com\/wp-content\/uploads\/2023\/02\/1920x400rutes_veler.jpg","type":"image\/jpeg"}],"twitter_card":"summary_large_image","twitter_misc":{"Tiempo de lectura":"2 minutos"},"schema":{"@context":"https:\/\/schema.org","@graph":[{"@type":"WebPage","@id":"https:\/\/enlarapita.com\/es\/que-hacer-o-ver\/navega-bahia-alfacs\/en-barco\/","url":"https:\/\/enlarapita.com\/es\/que-hacer-o-ver\/navega-bahia-alfacs\/en-barco\/","name":"Excursiones en barco en La R\u00e0pita","isPartOf":{"@id":"https:\/\/enlarapita.com\/es\/#website"},"primaryImageOfPage":{"@id":"https:\/\/enlarapita.com\/es\/que-hacer-o-ver\/navega-bahia-alfacs\/en-barco\/#primaryimage"},"image":{"@id":"https:\/\/enlarapita.com\/es\/que-hacer-o-ver\/navega-bahia-alfacs\/en-barco\/#primaryimage"},"thumbnailUrl":"https:\/\/enlarapita.com\/wp-content\/uploads\/2023\/02\/1920x400rutes_veler.jpg","datePublished":"2023-02-16T10:41:16+00:00","dateModified":"2025-05-03T09:47:01+00:00","description":"Aprovecha los d\u00edas de vacaciones y de escapada en pareja, en familia o con amigos para realizar rutas y excursiones en barco en La R\u00e0pita.","breadcrumb":{"@id":"https:\/\/enlarapita.com\/es\/que-hacer-o-ver\/navega-bahia-alfacs\/en-barco\/#breadcrumb"},"inLanguage":"es","potentialAction":[{"@type":"ReadAction","target":["https:\/\/enlarapita.com\/es\/que-hacer-o-ver\/navega-bahia-alfacs\/en-barco\/"]}]},{"@type":"ImageObject","inLanguage":"es","@id":"https:\/\/enlarapita.com\/es\/que-hacer-o-ver\/navega-bahia-alfacs\/en-barco\/#primaryimage","url":"https:\/\/enlarapita.com\/wp-content\/uploads\/2023\/02\/1920x400rutes_veler.jpg","contentUrl":"https:\/\/enlarapita.com\/wp-content\/uploads\/2023\/02\/1920x400rutes_veler.jpg","width":1920,"height":400,"caption":"En barco en La R\u00e0pita y el delta del Ebro"},{"@type":"BreadcrumbList","@id":"https:\/\/enlarapita.com\/es\/que-hacer-o-ver\/navega-bahia-alfacs\/en-barco\/#breadcrumb","itemListElement":[{"@type":"ListItem","position":1,"name":"Portada","item":"https:\/\/enlarapita.com\/es\/"},{"@type":"ListItem","position":2,"name":"Qu\u00e9 hacer o ver en La R\u00e0pita","item":"https:\/\/enlarapita.com\/es\/que-hacer-o-ver\/"},{"@type":"ListItem","position":3,"name":"Embarcaciones para navegar por la bah\u00eda de Els Alfacs","item":"https:\/\/enlarapita.com\/es\/que-hacer-o-ver\/navega-bahia-alfacs\/"},{"@type":"ListItem","position":4,"name":"Excursiones en barco en La R\u00e0pita"}]},{"@type":"WebSite","@id":"https:\/\/enlarapita.com\/es\/#website","url":"https:\/\/enlarapita.com\/es\/","name":"En la R\u00e0pita","description":"","publisher":{"@id":"https:\/\/enlarapita.com\/es\/#organization"},"potentialAction":[{"@type":"SearchAction","target":{"@type":"EntryPoint","urlTemplate":"https:\/\/enlarapita.com\/es\/?s={search_term_string}"},"query-input":{"@type":"PropertyValueSpecification","valueRequired":true,"valueName":"search_term_string"}}],"inLanguage":"es"},{"@type":"Organization","@id":"https:\/\/enlarapita.com\/es\/#organization","name":"En la R\u00e0pita","url":"https:\/\/enlarapita.com\/es\/","logo":{"@type":"ImageObject","inLanguage":"es","@id":"https:\/\/enlarapita.com\/es\/#\/schema\/logo\/image\/","url":"https:\/\/enlarapita.com\/wp-content\/uploads\/2021\/04\/cropped-logo-enlarapita-blau.png","contentUrl":"https:\/\/enlarapita.com\/wp-content\/uploads\/2021\/04\/cropped-logo-enlarapita-blau.png","width":130,"height":19,"caption":"En la R\u00e0pita"},"image":{"@id":"https:\/\/enlarapita.com\/es\/#\/schema\/logo\/image\/"}}]}},"_links":{"self":[{"href":"https:\/\/enlarapita.com\/es\/wp-json\/wp\/v2\/pages\/13624","targetHints":{"allow":["GET"]}}],"collection":[{"href":"https:\/\/enlarapita.com\/es\/wp-json\/wp\/v2\/pages"}],"about":[{"href":"https:\/\/enlarapita.com\/es\/wp-json\/wp\/v2\/types\/page"}],"author":[{"embeddable":true,"href":"https:\/\/enlarapita.com\/es\/wp-json\/wp\/v2\/users\/1"}],"replies":[{"embeddable":true,"href":"https:\/\/enlarapita.com\/es\/wp-json\/wp\/v2\/comments?post=13624"}],"version-history":[{"count":4,"href":"https:\/\/enlarapita.com\/es\/wp-json\/wp\/v2\/pages\/13624\/revisions"}],"predecessor-version":[{"id":33318,"href":"https:\/\/enlarapita.com\/es\/wp-json\/wp\/v2\/pages\/13624\/revisions\/33318"}],"up":[{"embeddable":true,"href":"https:\/\/enlarapita.com\/es\/wp-json\/wp\/v2\/pages\/13616"}],"wp:featuredmedia":[{"embeddable":true,"href":"https:\/\/enlarapita.com\/es\/wp-json\/wp\/v2\/media\/14492"}],"wp:attachment":[{"href":"https:\/\/enlarapita.com\/es\/wp-json\/wp\/v2\/media?parent=13624"}],"curies":[{"name":"wp","href":"https:\/\/api.w.org\/{rel}","templated":true}]}}