{"id":13590,"date":"2023-02-15T17:27:58","date_gmt":"2023-02-15T16:27:58","guid":{"rendered":"https:\/\/globals.app\/enlarapita\/que-hacer-o-ver\/naturaleza-y-aventura\/alquiler-bicicletas\/"},"modified":"2023-03-14T20:30:10","modified_gmt":"2023-03-14T19:30:10","slug":"alquiler-bicicletas","status":"publish","type":"page","link":"https:\/\/enlarapita.com\/es\/que-hacer-o-ver\/naturaleza-y-aventura\/alquiler-bicicletas\/","title":{"rendered":"Alquiler de bicis en La R\u00e0pita"},"content":{"rendered":"\t\t<div data-elementor-type=\"wp-page\" data-elementor-id=\"13590\" class=\"elementor elementor-13590 elementor-13317\" data-elementor-post-type=\"page\">\n\t\t\t\t\t\t<section class=\"elementor-section elementor-top-section elementor-element elementor-element-645cf984 elementor-section-content-middle elementor-section-boxed elementor-section-height-default elementor-section-height-default\" data-id=\"645cf984\" data-element_type=\"section\" data-e-type=\"section\">\n\t\t\t\t\t\t<div class=\"elementor-container elementor-column-gap-default\">\n\t\t\t\t\t<div class=\"elementor-column elementor-col-50 elementor-top-column elementor-element elementor-element-60c44437\" data-id=\"60c44437\" data-element_type=\"column\" data-e-type=\"column\">\n\t\t\t<div class=\"elementor-widget-wrap elementor-element-populated\">\n\t\t\t\t\t\t<div class=\"elementor-element elementor-element-75691fba elementor-widget elementor-widget-heading\" data-id=\"75691fba\" data-element_type=\"widget\" data-e-type=\"widget\" data-widget_type=\"heading.default\">\n\t\t\t\t<div class=\"elementor-widget-container\">\n\t\t\t\t\t<h2 class=\"elementor-heading-title elementor-size-default\">Pedalea y experimenta la naturaleza<\/h2>\t\t\t\t<\/div>\n\t\t\t\t<\/div>\n\t\t\t\t<div class=\"elementor-element elementor-element-4bef704 elementor-widget elementor-widget-text-editor\" data-id=\"4bef704\" data-element_type=\"widget\" data-e-type=\"widget\" data-widget_type=\"text-editor.default\">\n\t\t\t\t<div class=\"elementor-widget-container\">\n\t\t\t\t\t\t\t\t\t<p>Disfrutar de La R\u00e0pita y de su entorno natural en bicicleta es una experiencia incre\u00edble por la sensaci\u00f3n de paz y libertad que respiras. Ponemos a tu disposici\u00f3n el alquiler de bicis en La R\u00e0pita para que empieces a pedalear y descubras nuevas rutas.<\/p>\n\t\t\t\t\t\t\t\t<\/div>\n\t\t\t\t<\/div>\n\t\t\t\t<div class=\"elementor-element elementor-element-545d148d elementor-widget elementor-widget-heading\" data-id=\"545d148d\" data-element_type=\"widget\" data-e-type=\"widget\" data-widget_type=\"heading.default\">\n\t\t\t\t<div class=\"elementor-widget-container\">\n\t\t\t\t\t<h2 class=\"elementor-heading-title elementor-size-default\">Caminos rurales para circular en bicicleta por La R\u00e0pita<\/h2>\t\t\t\t<\/div>\n\t\t\t\t<\/div>\n\t\t\t\t<div class=\"elementor-element elementor-element-4ffc4dbf elementor-widget elementor-widget-text-editor\" data-id=\"4ffc4dbf\" data-element_type=\"widget\" data-e-type=\"widget\" data-widget_type=\"text-editor.default\">\n\t\t\t\t<div class=\"elementor-widget-container\">\n\t\t\t\t\t\t\t\t\t<p>En La R\u00e0pita encontrar\u00e1s caminos rurales y para bicis que te garantizan la tranquilidad de poder circular en bicicleta sin tener que competir con el tr\u00e1fico de veh\u00edculos. Si vas con cr\u00edos, con los amigos o con la pareja, la mejor forma de hacer deporte y descubrir la naturaleza del delta del Ebro es alquilando una bici.<\/p>\n\t\t\t\t\t\t\t\t<\/div>\n\t\t\t\t<\/div>\n\t\t\t\t<div class=\"elementor-element elementor-element-4c1693fa elementor-widget elementor-widget-heading\" data-id=\"4c1693fa\" data-element_type=\"widget\" data-e-type=\"widget\" data-widget_type=\"heading.default\">\n\t\t\t\t<div class=\"elementor-widget-container\">\n\t\t\t\t\t<h2 class=\"elementor-heading-title elementor-size-default\">Rutas en bici por La R\u00e0pita y el delta del Ebro<\/h2>\t\t\t\t<\/div>\n\t\t\t\t<\/div>\n\t\t\t\t<div class=\"elementor-element elementor-element-32900965 elementor-widget elementor-widget-text-editor\" data-id=\"32900965\" data-element_type=\"widget\" data-e-type=\"widget\" data-widget_type=\"text-editor.default\">\n\t\t\t\t<div class=\"elementor-widget-container\">\n\t\t\t\t\t\t\t\t\t<p>Atr\u00e9vete a descubrir los lugares m\u00e1s emblem\u00e1ticos de La R\u00e0pita y el delta del Ebro en bici. Podr\u00e1s hacerlo a tu aire, pero tenemos el alquiler de bicicletas y todo el material que necesites con profesionales que te guiar\u00e1n para que conozcas las lagunas de L\u2019Encanyissada y la Tancada, para que no te pierdas la observaci\u00f3n de aves acu\u00e1ticas y para que disfrutes de un paseo y una buena comida con los productos km 0 que te ofrecen los restauradores locales.<\/p>\n<p>En la Estaci\u00f3n N\u00e1utica La R\u00e0pita &#8211; Delta del Ebro tenemos para ti experiencias de naturaleza y aventura en La R\u00e0pita que seguro te seducir\u00e1n, sobre todo si practicas el ecoturismo y buscas actividades respetuosas con el medioambiente.<\/p>\n\t\t\t\t\t\t\t\t<\/div>\n\t\t\t\t<\/div>\n\t\t\t\t\t<\/div>\n\t\t<\/div>\n\t\t\t\t<div class=\"elementor-column elementor-col-50 elementor-top-column elementor-element elementor-element-93dcc94\" data-id=\"93dcc94\" data-element_type=\"column\" data-e-type=\"column\">\n\t\t\t<div class=\"elementor-widget-wrap elementor-element-populated\">\n\t\t\t\t\t\t<div class=\"elementor-element elementor-element-5e5f3ebd elementor-widget elementor-widget-image\" data-id=\"5e5f3ebd\" data-element_type=\"widget\" data-e-type=\"widget\" data-widget_type=\"image.default\">\n\t\t\t\t<div class=\"elementor-widget-container\">\n\t\t\t\t\t\t\t\t\t\t\t\t\t\t\t<img fetchpriority=\"high\" decoding=\"async\" width=\"880\" height=\"1053\" src=\"https:\/\/enlarapita.com\/wp-content\/uploads\/2023\/03\/0C2A7011b-1.jpg\" class=\"attachment-full size-full wp-image-15524\" alt=\"\" srcset=\"https:\/\/enlarapita.com\/wp-content\/uploads\/2023\/03\/0C2A7011b-1.jpg 880w, https:\/\/enlarapita.com\/wp-content\/uploads\/2023\/03\/0C2A7011b-1-251x300.jpg 251w, https:\/\/enlarapita.com\/wp-content\/uploads\/2023\/03\/0C2A7011b-1-856x1024.jpg 856w, https:\/\/enlarapita.com\/wp-content\/uploads\/2023\/03\/0C2A7011b-1-768x919.jpg 768w\" sizes=\"(max-width: 880px) 100vw, 880px\" style=\"width:100%;height:119.66%;max-width:880px\" \/>\t\t\t\t\t\t\t\t\t\t\t\t\t\t\t<\/div>\n\t\t\t\t<\/div>\n\t\t\t\t\t<\/div>\n\t\t<\/div>\n\t\t\t\t\t<\/div>\n\t\t<\/section>\n\t\t\t\t<\/div>\n\t\t","protected":false},"excerpt":{"rendered":"<p>Pedalea y experimenta la naturaleza Disfrutar de La R\u00e0pita y de su entorno natural en bicicleta es una experiencia incre\u00edble por la sensaci\u00f3n de paz y libertad que respiras. Ponemos a tu disposici\u00f3n el alquiler de bicis en La R\u00e0pita para que empieces a pedalear y descubras nuevas rutas. Caminos rurales para circular en bicicleta&hellip; <a class=\"more-link\" href=\"https:\/\/enlarapita.com\/es\/que-hacer-o-ver\/naturaleza-y-aventura\/alquiler-bicicletas\/\">Seguir leyendo <span class=\"screen-reader-text\">Alquiler de bicis en La R\u00e0pita<\/span><\/a><\/p>\n","protected":false},"author":1,"featured_media":4730,"parent":13589,"menu_order":0,"comment_status":"closed","ping_status":"closed","template":"page-categories.php","meta":{"_acf_changed":false,"footnotes":""},"class_list":["post-13590","page","type-page","status-publish","has-post-thumbnail","hentry","entry"],"acf":[],"yoast_head":"<!-- This site is optimized with the Yoast SEO plugin v27.4 - https:\/\/yoast.com\/product\/yoast-seo-wordpress\/ -->\n<title>Alquiler de bicis en La R\u00e0pita - Naturaleza y aventura<\/title>\n<meta name=\"description\" content=\"Ponemos a tu disposici\u00f3n el servicio de alquiler de bicis en La R\u00e0pita para que empieces a pedalear y descubrir nuevas rutas.\" \/>\n<meta name=\"robots\" content=\"index, follow, max-snippet:-1, max-image-preview:large, max-video-preview:-1\" \/>\n<link rel=\"canonical\" href=\"https:\/\/enlarapita.com\/es\/que-hacer-o-ver\/naturaleza-y-aventura\/alquiler-bicicletas\/\" \/>\n<meta property=\"og:locale\" content=\"es_ES\" \/>\n<meta property=\"og:type\" content=\"article\" \/>\n<meta property=\"og:title\" content=\"Alquiler de bicis en La R\u00e0pita - Naturaleza y aventura\" \/>\n<meta property=\"og:description\" content=\"Ponemos a tu disposici\u00f3n el servicio de alquiler de bicis en La R\u00e0pita para que empieces a pedalear y descubrir nuevas rutas.\" \/>\n<meta property=\"og:url\" content=\"https:\/\/enlarapita.com\/es\/que-hacer-o-ver\/naturaleza-y-aventura\/alquiler-bicicletas\/\" \/>\n<meta property=\"og:site_name\" content=\"En la R\u00e0pita\" \/>\n<meta property=\"article:modified_time\" content=\"2023-03-14T19:30:10+00:00\" \/>\n<meta property=\"og:image\" content=\"https:\/\/enlarapita.com\/wp-content\/uploads\/2021\/06\/5_1_rutes_bici.jpg\" \/>\n\t<meta property=\"og:image:width\" content=\"1920\" \/>\n\t<meta property=\"og:image:height\" content=\"1080\" \/>\n\t<meta property=\"og:image:type\" content=\"image\/jpeg\" \/>\n<meta name=\"twitter:card\" content=\"summary_large_image\" \/>\n<meta name=\"twitter:label1\" content=\"Tiempo de lectura\" \/>\n\t<meta name=\"twitter:data1\" content=\"2 minutos\" \/>\n<script type=\"application\/ld+json\" class=\"yoast-schema-graph\">{\"@context\":\"https:\\\/\\\/schema.org\",\"@graph\":[{\"@type\":\"WebPage\",\"@id\":\"https:\\\/\\\/enlarapita.com\\\/es\\\/que-hacer-o-ver\\\/naturaleza-y-aventura\\\/alquiler-bicicletas\\\/\",\"url\":\"https:\\\/\\\/enlarapita.com\\\/es\\\/que-hacer-o-ver\\\/naturaleza-y-aventura\\\/alquiler-bicicletas\\\/\",\"name\":\"Alquiler de bicis en La R\u00e0pita - Naturaleza y aventura\",\"isPartOf\":{\"@id\":\"https:\\\/\\\/enlarapita.com\\\/es\\\/#website\"},\"primaryImageOfPage\":{\"@id\":\"https:\\\/\\\/enlarapita.com\\\/es\\\/que-hacer-o-ver\\\/naturaleza-y-aventura\\\/alquiler-bicicletas\\\/#primaryimage\"},\"image\":{\"@id\":\"https:\\\/\\\/enlarapita.com\\\/es\\\/que-hacer-o-ver\\\/naturaleza-y-aventura\\\/alquiler-bicicletas\\\/#primaryimage\"},\"thumbnailUrl\":\"https:\\\/\\\/enlarapita.com\\\/wp-content\\\/uploads\\\/2021\\\/06\\\/5_1_rutes_bici.jpg\",\"datePublished\":\"2023-02-15T16:27:58+00:00\",\"dateModified\":\"2023-03-14T19:30:10+00:00\",\"description\":\"Ponemos a tu disposici\u00f3n el servicio de alquiler de bicis en La R\u00e0pita para que empieces a pedalear y descubrir nuevas rutas.\",\"breadcrumb\":{\"@id\":\"https:\\\/\\\/enlarapita.com\\\/es\\\/que-hacer-o-ver\\\/naturaleza-y-aventura\\\/alquiler-bicicletas\\\/#breadcrumb\"},\"inLanguage\":\"es\",\"potentialAction\":[{\"@type\":\"ReadAction\",\"target\":[\"https:\\\/\\\/enlarapita.com\\\/es\\\/que-hacer-o-ver\\\/naturaleza-y-aventura\\\/alquiler-bicicletas\\\/\"]}]},{\"@type\":\"ImageObject\",\"inLanguage\":\"es\",\"@id\":\"https:\\\/\\\/enlarapita.com\\\/es\\\/que-hacer-o-ver\\\/naturaleza-y-aventura\\\/alquiler-bicicletas\\\/#primaryimage\",\"url\":\"https:\\\/\\\/enlarapita.com\\\/wp-content\\\/uploads\\\/2021\\\/06\\\/5_1_rutes_bici.jpg\",\"contentUrl\":\"https:\\\/\\\/enlarapita.com\\\/wp-content\\\/uploads\\\/2021\\\/06\\\/5_1_rutes_bici.jpg\",\"width\":1920,\"height\":1080,\"caption\":\"Alquiler de de bicis en La R\u00e0pita\"},{\"@type\":\"BreadcrumbList\",\"@id\":\"https:\\\/\\\/enlarapita.com\\\/es\\\/que-hacer-o-ver\\\/naturaleza-y-aventura\\\/alquiler-bicicletas\\\/#breadcrumb\",\"itemListElement\":[{\"@type\":\"ListItem\",\"position\":1,\"name\":\"Portada\",\"item\":\"https:\\\/\\\/enlarapita.com\\\/es\\\/\"},{\"@type\":\"ListItem\",\"position\":2,\"name\":\"Qu\u00e9 hacer o ver en La R\u00e0pita\",\"item\":\"https:\\\/\\\/enlarapita.com\\\/es\\\/que-hacer-o-ver\\\/\"},{\"@type\":\"ListItem\",\"position\":3,\"name\":\"Naturaleza y aventura en La R\u00e0pita\",\"item\":\"https:\\\/\\\/enlarapita.com\\\/es\\\/que-hacer-o-ver\\\/naturaleza-y-aventura\\\/\"},{\"@type\":\"ListItem\",\"position\":4,\"name\":\"Alquiler de bicis en La R\u00e0pita\"}]},{\"@type\":\"WebSite\",\"@id\":\"https:\\\/\\\/enlarapita.com\\\/es\\\/#website\",\"url\":\"https:\\\/\\\/enlarapita.com\\\/es\\\/\",\"name\":\"En la R\u00e0pita\",\"description\":\"\",\"publisher\":{\"@id\":\"https:\\\/\\\/enlarapita.com\\\/es\\\/#organization\"},\"potentialAction\":[{\"@type\":\"SearchAction\",\"target\":{\"@type\":\"EntryPoint\",\"urlTemplate\":\"https:\\\/\\\/enlarapita.com\\\/es\\\/?s={search_term_string}\"},\"query-input\":{\"@type\":\"PropertyValueSpecification\",\"valueRequired\":true,\"valueName\":\"search_term_string\"}}],\"inLanguage\":\"es\"},{\"@type\":\"Organization\",\"@id\":\"https:\\\/\\\/enlarapita.com\\\/es\\\/#organization\",\"name\":\"En la R\u00e0pita\",\"url\":\"https:\\\/\\\/enlarapita.com\\\/es\\\/\",\"logo\":{\"@type\":\"ImageObject\",\"inLanguage\":\"es\",\"@id\":\"https:\\\/\\\/enlarapita.com\\\/es\\\/#\\\/schema\\\/logo\\\/image\\\/\",\"url\":\"https:\\\/\\\/enlarapita.com\\\/wp-content\\\/uploads\\\/2021\\\/04\\\/cropped-logo-enlarapita-blau.png\",\"contentUrl\":\"https:\\\/\\\/enlarapita.com\\\/wp-content\\\/uploads\\\/2021\\\/04\\\/cropped-logo-enlarapita-blau.png\",\"width\":130,\"height\":19,\"caption\":\"En la R\u00e0pita\"},\"image\":{\"@id\":\"https:\\\/\\\/enlarapita.com\\\/es\\\/#\\\/schema\\\/logo\\\/image\\\/\"}}]}<\/script>\n<!-- \/ Yoast SEO plugin. -->","yoast_head_json":{"title":"Alquiler de bicis en La R\u00e0pita - Naturaleza y aventura","description":"Ponemos a tu disposici\u00f3n el servicio de alquiler de bicis en La R\u00e0pita para que empieces a pedalear y descubrir nuevas rutas.","robots":{"index":"index","follow":"follow","max-snippet":"max-snippet:-1","max-image-preview":"max-image-preview:large","max-video-preview":"max-video-preview:-1"},"canonical":"https:\/\/enlarapita.com\/es\/que-hacer-o-ver\/naturaleza-y-aventura\/alquiler-bicicletas\/","og_locale":"es_ES","og_type":"article","og_title":"Alquiler de bicis en La R\u00e0pita - Naturaleza y aventura","og_description":"Ponemos a tu disposici\u00f3n el servicio de alquiler de bicis en La R\u00e0pita para que empieces a pedalear y descubrir nuevas rutas.","og_url":"https:\/\/enlarapita.com\/es\/que-hacer-o-ver\/naturaleza-y-aventura\/alquiler-bicicletas\/","og_site_name":"En la R\u00e0pita","article_modified_time":"2023-03-14T19:30:10+00:00","og_image":[{"width":1920,"height":1080,"url":"https:\/\/enlarapita.com\/wp-content\/uploads\/2021\/06\/5_1_rutes_bici.jpg","type":"image\/jpeg"}],"twitter_card":"summary_large_image","twitter_misc":{"Tiempo de lectura":"2 minutos"},"schema":{"@context":"https:\/\/schema.org","@graph":[{"@type":"WebPage","@id":"https:\/\/enlarapita.com\/es\/que-hacer-o-ver\/naturaleza-y-aventura\/alquiler-bicicletas\/","url":"https:\/\/enlarapita.com\/es\/que-hacer-o-ver\/naturaleza-y-aventura\/alquiler-bicicletas\/","name":"Alquiler de bicis en La R\u00e0pita - Naturaleza y aventura","isPartOf":{"@id":"https:\/\/enlarapita.com\/es\/#website"},"primaryImageOfPage":{"@id":"https:\/\/enlarapita.com\/es\/que-hacer-o-ver\/naturaleza-y-aventura\/alquiler-bicicletas\/#primaryimage"},"image":{"@id":"https:\/\/enlarapita.com\/es\/que-hacer-o-ver\/naturaleza-y-aventura\/alquiler-bicicletas\/#primaryimage"},"thumbnailUrl":"https:\/\/enlarapita.com\/wp-content\/uploads\/2021\/06\/5_1_rutes_bici.jpg","datePublished":"2023-02-15T16:27:58+00:00","dateModified":"2023-03-14T19:30:10+00:00","description":"Ponemos a tu disposici\u00f3n el servicio de alquiler de bicis en La R\u00e0pita para que empieces a pedalear y descubrir nuevas rutas.","breadcrumb":{"@id":"https:\/\/enlarapita.com\/es\/que-hacer-o-ver\/naturaleza-y-aventura\/alquiler-bicicletas\/#breadcrumb"},"inLanguage":"es","potentialAction":[{"@type":"ReadAction","target":["https:\/\/enlarapita.com\/es\/que-hacer-o-ver\/naturaleza-y-aventura\/alquiler-bicicletas\/"]}]},{"@type":"ImageObject","inLanguage":"es","@id":"https:\/\/enlarapita.com\/es\/que-hacer-o-ver\/naturaleza-y-aventura\/alquiler-bicicletas\/#primaryimage","url":"https:\/\/enlarapita.com\/wp-content\/uploads\/2021\/06\/5_1_rutes_bici.jpg","contentUrl":"https:\/\/enlarapita.com\/wp-content\/uploads\/2021\/06\/5_1_rutes_bici.jpg","width":1920,"height":1080,"caption":"Alquiler de de bicis en La R\u00e0pita"},{"@type":"BreadcrumbList","@id":"https:\/\/enlarapita.com\/es\/que-hacer-o-ver\/naturaleza-y-aventura\/alquiler-bicicletas\/#breadcrumb","itemListElement":[{"@type":"ListItem","position":1,"name":"Portada","item":"https:\/\/enlarapita.com\/es\/"},{"@type":"ListItem","position":2,"name":"Qu\u00e9 hacer o ver en La R\u00e0pita","item":"https:\/\/enlarapita.com\/es\/que-hacer-o-ver\/"},{"@type":"ListItem","position":3,"name":"Naturaleza y aventura en La R\u00e0pita","item":"https:\/\/enlarapita.com\/es\/que-hacer-o-ver\/naturaleza-y-aventura\/"},{"@type":"ListItem","position":4,"name":"Alquiler de bicis en La R\u00e0pita"}]},{"@type":"WebSite","@id":"https:\/\/enlarapita.com\/es\/#website","url":"https:\/\/enlarapita.com\/es\/","name":"En la R\u00e0pita","description":"","publisher":{"@id":"https:\/\/enlarapita.com\/es\/#organization"},"potentialAction":[{"@type":"SearchAction","target":{"@type":"EntryPoint","urlTemplate":"https:\/\/enlarapita.com\/es\/?s={search_term_string}"},"query-input":{"@type":"PropertyValueSpecification","valueRequired":true,"valueName":"search_term_string"}}],"inLanguage":"es"},{"@type":"Organization","@id":"https:\/\/enlarapita.com\/es\/#organization","name":"En la R\u00e0pita","url":"https:\/\/enlarapita.com\/es\/","logo":{"@type":"ImageObject","inLanguage":"es","@id":"https:\/\/enlarapita.com\/es\/#\/schema\/logo\/image\/","url":"https:\/\/enlarapita.com\/wp-content\/uploads\/2021\/04\/cropped-logo-enlarapita-blau.png","contentUrl":"https:\/\/enlarapita.com\/wp-content\/uploads\/2021\/04\/cropped-logo-enlarapita-blau.png","width":130,"height":19,"caption":"En la R\u00e0pita"},"image":{"@id":"https:\/\/enlarapita.com\/es\/#\/schema\/logo\/image\/"}}]}},"_links":{"self":[{"href":"https:\/\/enlarapita.com\/es\/wp-json\/wp\/v2\/pages\/13590","targetHints":{"allow":["GET"]}}],"collection":[{"href":"https:\/\/enlarapita.com\/es\/wp-json\/wp\/v2\/pages"}],"about":[{"href":"https:\/\/enlarapita.com\/es\/wp-json\/wp\/v2\/types\/page"}],"author":[{"embeddable":true,"href":"https:\/\/enlarapita.com\/es\/wp-json\/wp\/v2\/users\/1"}],"replies":[{"embeddable":true,"href":"https:\/\/enlarapita.com\/es\/wp-json\/wp\/v2\/comments?post=13590"}],"version-history":[{"count":0,"href":"https:\/\/enlarapita.com\/es\/wp-json\/wp\/v2\/pages\/13590\/revisions"}],"up":[{"embeddable":true,"href":"https:\/\/enlarapita.com\/es\/wp-json\/wp\/v2\/pages\/13589"}],"wp:featuredmedia":[{"embeddable":true,"href":"https:\/\/enlarapita.com\/es\/wp-json\/wp\/v2\/media\/4730"}],"wp:attachment":[{"href":"https:\/\/enlarapita.com\/es\/wp-json\/wp\/v2\/media?parent=13590"}],"curies":[{"name":"wp","href":"https:\/\/api.w.org\/{rel}","templated":true}]}}