{"id":13589,"date":"2023-02-15T17:26:26","date_gmt":"2023-02-15T16:26:26","guid":{"rendered":"https:\/\/globals.app\/enlarapita\/que-hacer-o-ver\/naturaleza-y-aventura\/"},"modified":"2023-07-06T08:21:56","modified_gmt":"2023-07-06T06:21:56","slug":"naturaleza-y-aventura","status":"publish","type":"page","link":"https:\/\/enlarapita.com\/es\/que-hacer-o-ver\/naturaleza-y-aventura\/","title":{"rendered":"Naturaleza y aventura en La R\u00e0pita"},"content":{"rendered":"\t\t<div data-elementor-type=\"wp-page\" data-elementor-id=\"13589\" class=\"elementor elementor-13589 elementor-13313\" data-elementor-post-type=\"page\">\n\t\t\t\t\t\t<section class=\"elementor-section elementor-top-section elementor-element elementor-element-45d01aaf elementor-section-content-middle elementor-section-boxed elementor-section-height-default elementor-section-height-default\" data-id=\"45d01aaf\" data-element_type=\"section\" data-e-type=\"section\">\n\t\t\t\t\t\t<div class=\"elementor-container elementor-column-gap-default\">\n\t\t\t\t\t<div class=\"elementor-column elementor-col-50 elementor-top-column elementor-element elementor-element-5f5e6c8e\" data-id=\"5f5e6c8e\" data-element_type=\"column\" data-e-type=\"column\">\n\t\t\t<div class=\"elementor-widget-wrap elementor-element-populated\">\n\t\t\t\t\t\t<div class=\"elementor-element elementor-element-366c7019 elementor-widget elementor-widget-heading\" data-id=\"366c7019\" data-element_type=\"widget\" data-e-type=\"widget\" data-widget_type=\"heading.default\">\n\t\t\t\t<div class=\"elementor-widget-container\">\n\t\t\t\t\t<h2 class=\"elementor-heading-title elementor-size-default\">Disfruta de experiencias de naturaleza y aventura en La R\u00e0pita<\/h2>\t\t\t\t<\/div>\n\t\t\t\t<\/div>\n\t\t\t\t<div class=\"elementor-element elementor-element-6365e860 elementor-widget elementor-widget-text-editor\" data-id=\"6365e860\" data-element_type=\"widget\" data-e-type=\"widget\" data-widget_type=\"text-editor.default\">\n\t\t\t\t<div class=\"elementor-widget-container\">\n\t\t\t\t\t\t\t\t\t<p>Disfrutar de la naturaleza y la aventura en La R\u00e0pita es una de las experiencias m\u00e1s agradables y sostenibles que podr\u00e1s hacer durante unos d\u00edas en nuestro pueblo. Apostamos decididamente por el ecoturismo y ponemos a tu disposici\u00f3n salidas con bicicleta por los caminos de La R\u00e0pita y del delta del Ebro para que descubras los lugares m\u00e1s emblem\u00e1ticos del parque natural. Aqu\u00ed podr\u00e1s recorrer caminos verdes, playas v\u00edrgenes y contemplar paisajes id\u00edlicos.<\/p>\n\t\t\t\t\t\t\t\t<\/div>\n\t\t\t\t<\/div>\n\t\t\t\t<div class=\"elementor-element elementor-element-3ef35610 elementor-widget elementor-widget-heading\" data-id=\"3ef35610\" data-element_type=\"widget\" data-e-type=\"widget\" data-widget_type=\"heading.default\">\n\t\t\t\t<div class=\"elementor-widget-container\">\n\t\t\t\t\t<h2 class=\"elementor-heading-title elementor-size-default\">T\u00fa escoges la compa\u00f1\u00eda y nosotros ponemos naturaleza y aventura<\/h2>\t\t\t\t<\/div>\n\t\t\t\t<\/div>\n\t\t\t\t<div class=\"elementor-element elementor-element-639c6d4d elementor-widget elementor-widget-text-editor\" data-id=\"639c6d4d\" data-element_type=\"widget\" data-e-type=\"widget\" data-widget_type=\"text-editor.default\">\n\t\t\t\t<div class=\"elementor-widget-container\">\n\t\t\t\t\t\t\t\t\t<p>Hacer una salida para recorrer la naturaleza de La R\u00e0pita es f\u00e1cil para todos los p\u00fablicos gracias a las caracter\u00edsticas morfol\u00f3gicas de la zona, donde el terreno es totalmente llano y los caminos, transitables para veh\u00edculos sin motor. T\u00fa decides si vas solo, con la familia, la pareja o los amigos y nosotros ponemos todos los medios a tu alcance para que disfrutes al m\u00e1ximo de actividades de naturaleza y aventura.<\/p>\n\t\t\t\t\t\t\t\t<\/div>\n\t\t\t\t<\/div>\n\t\t\t\t\t<\/div>\n\t\t<\/div>\n\t\t\t\t<div class=\"elementor-column elementor-col-50 elementor-top-column elementor-element elementor-element-2f3b72b1\" data-id=\"2f3b72b1\" data-element_type=\"column\" data-e-type=\"column\">\n\t\t\t<div class=\"elementor-widget-wrap elementor-element-populated\">\n\t\t\t\t\t\t<div class=\"elementor-element elementor-element-46f352b1 elementor-widget elementor-widget-image\" data-id=\"46f352b1\" data-element_type=\"widget\" data-e-type=\"widget\" data-widget_type=\"image.default\">\n\t\t\t\t<div class=\"elementor-widget-container\">\n\t\t\t\t\t\t\t\t\t\t\t\t\t\t\t<img fetchpriority=\"high\" decoding=\"async\" width=\"880\" height=\"1053\" src=\"https:\/\/enlarapita.com\/wp-content\/uploads\/2023\/03\/DSC05216.jpg\" class=\"attachment-full size-full wp-image-15496\" alt=\"\" srcset=\"https:\/\/enlarapita.com\/wp-content\/uploads\/2023\/03\/DSC05216.jpg 880w, https:\/\/enlarapita.com\/wp-content\/uploads\/2023\/03\/DSC05216-251x300.jpg 251w, https:\/\/enlarapita.com\/wp-content\/uploads\/2023\/03\/DSC05216-856x1024.jpg 856w, https:\/\/enlarapita.com\/wp-content\/uploads\/2023\/03\/DSC05216-768x919.jpg 768w\" sizes=\"(max-width: 880px) 100vw, 880px\" style=\"width:100%;height:119.66%;max-width:880px\" \/>\t\t\t\t\t\t\t\t\t\t\t\t\t\t\t<\/div>\n\t\t\t\t<\/div>\n\t\t\t\t\t<\/div>\n\t\t<\/div>\n\t\t\t\t\t<\/div>\n\t\t<\/section>\n\t\t\t\t<section class=\"elementor-section elementor-top-section elementor-element elementor-element-244bcf60 elementor-section-content-middle elementor-reverse-tablet elementor-reverse-mobile elementor-section-boxed elementor-section-height-default elementor-section-height-default\" data-id=\"244bcf60\" data-element_type=\"section\" data-e-type=\"section\">\n\t\t\t\t\t\t<div class=\"elementor-container elementor-column-gap-default\">\n\t\t\t\t\t<div class=\"elementor-column elementor-col-50 elementor-top-column elementor-element elementor-element-3f292683\" data-id=\"3f292683\" data-element_type=\"column\" data-e-type=\"column\">\n\t\t\t<div class=\"elementor-widget-wrap elementor-element-populated\">\n\t\t\t\t\t\t<div class=\"elementor-element elementor-element-61195f6f elementor-widget elementor-widget-image\" data-id=\"61195f6f\" data-element_type=\"widget\" data-e-type=\"widget\" data-widget_type=\"image.default\">\n\t\t\t\t<div class=\"elementor-widget-container\">\n\t\t\t\t\t\t\t\t\t\t\t\t\t\t\t<img decoding=\"async\" width=\"880\" height=\"1053\" src=\"https:\/\/enlarapita.com\/wp-content\/uploads\/2023\/03\/0C2A7011b.jpg\" class=\"attachment-full size-full wp-image-15500\" alt=\"\" srcset=\"https:\/\/enlarapita.com\/wp-content\/uploads\/2023\/03\/0C2A7011b.jpg 880w, https:\/\/enlarapita.com\/wp-content\/uploads\/2023\/03\/0C2A7011b-251x300.jpg 251w, https:\/\/enlarapita.com\/wp-content\/uploads\/2023\/03\/0C2A7011b-856x1024.jpg 856w, https:\/\/enlarapita.com\/wp-content\/uploads\/2023\/03\/0C2A7011b-768x919.jpg 768w\" sizes=\"(max-width: 880px) 100vw, 880px\" style=\"width:100%;height:119.66%;max-width:880px\" \/>\t\t\t\t\t\t\t\t\t\t\t\t\t\t\t<\/div>\n\t\t\t\t<\/div>\n\t\t\t\t\t<\/div>\n\t\t<\/div>\n\t\t\t\t<div class=\"elementor-column elementor-col-50 elementor-top-column elementor-element elementor-element-532f5249\" data-id=\"532f5249\" data-element_type=\"column\" data-e-type=\"column\">\n\t\t\t<div class=\"elementor-widget-wrap elementor-element-populated\">\n\t\t\t\t\t\t<div class=\"elementor-element elementor-element-7a938765 elementor-widget elementor-widget-heading\" data-id=\"7a938765\" data-element_type=\"widget\" data-e-type=\"widget\" data-widget_type=\"heading.default\">\n\t\t\t\t<div class=\"elementor-widget-container\">\n\t\t\t\t\t<h2 class=\"elementor-heading-title elementor-size-default\">Alquila una bicicleta y pedalea por el parque natural<\/h2>\t\t\t\t<\/div>\n\t\t\t\t<\/div>\n\t\t\t\t<div class=\"elementor-element elementor-element-4d0ec3d elementor-widget elementor-widget-text-editor\" data-id=\"4d0ec3d\" data-element_type=\"widget\" data-e-type=\"widget\" data-widget_type=\"text-editor.default\">\n\t\t\t\t<div class=\"elementor-widget-container\">\n\t\t\t\t\t\t\t\t\t<p>Experimentar la naturaleza y la aventura en La R\u00e0pita te va a ser muy f\u00e1cil. Nosotros te alquilamos las bicis y t\u00fa empiezas a pedalear para descubrir los rincones m\u00e1s escondidos de este espacio natural. Tenemos a tu disposici\u00f3n alquiler de bicicletas en La R\u00e0pita con una ruta autoguiada para descubrir las lagunas de l&#8217;Encanyissada y la Tancada, con paradas en los miradores para contemplar un paisaje \u00fanico y observar la fauna y flora.<\/p>\n\t\t\t\t\t\t\t\t<\/div>\n\t\t\t\t<\/div>\n\t\t\t\t<div class=\"elementor-element elementor-element-5ebe1591 elementor-widget elementor-widget-text-editor\" data-id=\"5ebe1591\" data-element_type=\"widget\" data-e-type=\"widget\" data-widget_type=\"text-editor.default\">\n\t\t\t\t<div class=\"elementor-widget-container\">\n\t\t\t\t\t\t\t\t\t<p>En la Estaci\u00f3n N\u00e1utica La R\u00e0pita \u2013 Delta del Ebro apostamos por un turismo sostenible, que respete el medioambiente y sobre todo cuidadoso con la pervivencia de este espacio natural \u00fanico. Para que puedas disfrutarlo al m\u00e1ximo, te ofrecemos experiencias tur\u00edsticas de naturaleza y aventura en La R\u00e0pita que seguro te seducir\u00e1n.<\/p>\n\t\t\t\t\t\t\t\t<\/div>\n\t\t\t\t<\/div>\n\t\t\t\t\t<\/div>\n\t\t<\/div>\n\t\t\t\t\t<\/div>\n\t\t<\/section>\n\t\t\t\t<\/div>\n\t\t","protected":false},"excerpt":{"rendered":"<p>Disfruta de experiencias de naturaleza y aventura en La R\u00e0pita Disfrutar de la naturaleza y la aventura en La R\u00e0pita es una de las experiencias m\u00e1s agradables y sostenibles que podr\u00e1s hacer durante unos d\u00edas en nuestro pueblo. Apostamos decididamente por el ecoturismo y ponemos a tu disposici\u00f3n salidas con bicicleta por los caminos de&hellip; <a class=\"more-link\" href=\"https:\/\/enlarapita.com\/es\/que-hacer-o-ver\/naturaleza-y-aventura\/\">Seguir leyendo <span class=\"screen-reader-text\">Naturaleza y aventura en La R\u00e0pita<\/span><\/a><\/p>\n","protected":false},"author":1,"featured_media":4601,"parent":2686,"menu_order":0,"comment_status":"closed","ping_status":"closed","template":"page-categories.php","meta":{"_acf_changed":false,"footnotes":""},"class_list":["post-13589","page","type-page","status-publish","has-post-thumbnail","hentry","entry"],"acf":[],"yoast_head":"<!-- This site is optimized with the Yoast SEO plugin v27.3 - https:\/\/yoast.com\/product\/yoast-seo-wordpress\/ -->\n<title>Naturaleza y aventura en La R\u00e0pita - Qu\u00e9 hacer<\/title>\n<meta name=\"description\" content=\"Disfruta al m\u00e1ximo de actividades de naturaleza y aventura en La R\u00e0pita. \u00a1Alquila una bicicleta y pedalea por el parque natural del delta del Ebro!\" \/>\n<meta name=\"robots\" content=\"index, follow, max-snippet:-1, max-image-preview:large, max-video-preview:-1\" \/>\n<link rel=\"canonical\" href=\"https:\/\/enlarapita.com\/es\/que-hacer-o-ver\/naturaleza-y-aventura\/\" \/>\n<meta property=\"og:locale\" content=\"es_ES\" \/>\n<meta property=\"og:type\" content=\"article\" \/>\n<meta property=\"og:title\" content=\"Naturaleza y aventura en La R\u00e0pita - Qu\u00e9 hacer\" \/>\n<meta property=\"og:description\" content=\"Disfruta al m\u00e1ximo de actividades de naturaleza y aventura en La R\u00e0pita. \u00a1Alquila una bicicleta y pedalea por el parque natural del delta del Ebro!\" \/>\n<meta property=\"og:url\" content=\"https:\/\/enlarapita.com\/es\/que-hacer-o-ver\/naturaleza-y-aventura\/\" \/>\n<meta property=\"og:site_name\" content=\"En la R\u00e0pita\" \/>\n<meta property=\"article:modified_time\" content=\"2023-07-06T06:21:56+00:00\" \/>\n<meta property=\"og:image\" content=\"https:\/\/enlarapita.com\/wp-content\/uploads\/2021\/06\/5_naturaiecoturisme.jpg\" \/>\n\t<meta property=\"og:image:width\" content=\"1920\" \/>\n\t<meta property=\"og:image:height\" content=\"1080\" \/>\n\t<meta property=\"og:image:type\" content=\"image\/jpeg\" \/>\n<meta name=\"twitter:card\" content=\"summary_large_image\" \/>\n<meta name=\"twitter:label1\" content=\"Tiempo de lectura\" \/>\n\t<meta name=\"twitter:data1\" content=\"3 minutos\" \/>\n<script type=\"application\/ld+json\" class=\"yoast-schema-graph\">{\"@context\":\"https:\\\/\\\/schema.org\",\"@graph\":[{\"@type\":\"WebPage\",\"@id\":\"https:\\\/\\\/enlarapita.com\\\/es\\\/que-hacer-o-ver\\\/naturaleza-y-aventura\\\/\",\"url\":\"https:\\\/\\\/enlarapita.com\\\/es\\\/que-hacer-o-ver\\\/naturaleza-y-aventura\\\/\",\"name\":\"Naturaleza y aventura en La R\u00e0pita - Qu\u00e9 hacer\",\"isPartOf\":{\"@id\":\"https:\\\/\\\/enlarapita.com\\\/es\\\/#website\"},\"primaryImageOfPage\":{\"@id\":\"https:\\\/\\\/enlarapita.com\\\/es\\\/que-hacer-o-ver\\\/naturaleza-y-aventura\\\/#primaryimage\"},\"image\":{\"@id\":\"https:\\\/\\\/enlarapita.com\\\/es\\\/que-hacer-o-ver\\\/naturaleza-y-aventura\\\/#primaryimage\"},\"thumbnailUrl\":\"https:\\\/\\\/enlarapita.com\\\/wp-content\\\/uploads\\\/2021\\\/06\\\/5_naturaiecoturisme.jpg\",\"datePublished\":\"2023-02-15T16:26:26+00:00\",\"dateModified\":\"2023-07-06T06:21:56+00:00\",\"description\":\"Disfruta al m\u00e1ximo de actividades de naturaleza y aventura en La R\u00e0pita. \u00a1Alquila una bicicleta y pedalea por el parque natural del delta del Ebro!\",\"breadcrumb\":{\"@id\":\"https:\\\/\\\/enlarapita.com\\\/es\\\/que-hacer-o-ver\\\/naturaleza-y-aventura\\\/#breadcrumb\"},\"inLanguage\":\"es\",\"potentialAction\":[{\"@type\":\"ReadAction\",\"target\":[\"https:\\\/\\\/enlarapita.com\\\/es\\\/que-hacer-o-ver\\\/naturaleza-y-aventura\\\/\"]}]},{\"@type\":\"ImageObject\",\"inLanguage\":\"es\",\"@id\":\"https:\\\/\\\/enlarapita.com\\\/es\\\/que-hacer-o-ver\\\/naturaleza-y-aventura\\\/#primaryimage\",\"url\":\"https:\\\/\\\/enlarapita.com\\\/wp-content\\\/uploads\\\/2021\\\/06\\\/5_naturaiecoturisme.jpg\",\"contentUrl\":\"https:\\\/\\\/enlarapita.com\\\/wp-content\\\/uploads\\\/2021\\\/06\\\/5_naturaiecoturisme.jpg\",\"width\":1920,\"height\":1080,\"caption\":\"Natura i aventura al delta de l'Ebre\"},{\"@type\":\"BreadcrumbList\",\"@id\":\"https:\\\/\\\/enlarapita.com\\\/es\\\/que-hacer-o-ver\\\/naturaleza-y-aventura\\\/#breadcrumb\",\"itemListElement\":[{\"@type\":\"ListItem\",\"position\":1,\"name\":\"Portada\",\"item\":\"https:\\\/\\\/enlarapita.com\\\/es\\\/\"},{\"@type\":\"ListItem\",\"position\":2,\"name\":\"Qu\u00e9 hacer o ver en La R\u00e0pita\",\"item\":\"https:\\\/\\\/enlarapita.com\\\/es\\\/que-hacer-o-ver\\\/\"},{\"@type\":\"ListItem\",\"position\":3,\"name\":\"Naturaleza y aventura en La R\u00e0pita\"}]},{\"@type\":\"WebSite\",\"@id\":\"https:\\\/\\\/enlarapita.com\\\/es\\\/#website\",\"url\":\"https:\\\/\\\/enlarapita.com\\\/es\\\/\",\"name\":\"En la R\u00e0pita\",\"description\":\"\",\"publisher\":{\"@id\":\"https:\\\/\\\/enlarapita.com\\\/es\\\/#organization\"},\"potentialAction\":[{\"@type\":\"SearchAction\",\"target\":{\"@type\":\"EntryPoint\",\"urlTemplate\":\"https:\\\/\\\/enlarapita.com\\\/es\\\/?s={search_term_string}\"},\"query-input\":{\"@type\":\"PropertyValueSpecification\",\"valueRequired\":true,\"valueName\":\"search_term_string\"}}],\"inLanguage\":\"es\"},{\"@type\":\"Organization\",\"@id\":\"https:\\\/\\\/enlarapita.com\\\/es\\\/#organization\",\"name\":\"En la R\u00e0pita\",\"url\":\"https:\\\/\\\/enlarapita.com\\\/es\\\/\",\"logo\":{\"@type\":\"ImageObject\",\"inLanguage\":\"es\",\"@id\":\"https:\\\/\\\/enlarapita.com\\\/es\\\/#\\\/schema\\\/logo\\\/image\\\/\",\"url\":\"https:\\\/\\\/enlarapita.com\\\/wp-content\\\/uploads\\\/2021\\\/04\\\/cropped-logo-enlarapita-blau.png\",\"contentUrl\":\"https:\\\/\\\/enlarapita.com\\\/wp-content\\\/uploads\\\/2021\\\/04\\\/cropped-logo-enlarapita-blau.png\",\"width\":130,\"height\":19,\"caption\":\"En la R\u00e0pita\"},\"image\":{\"@id\":\"https:\\\/\\\/enlarapita.com\\\/es\\\/#\\\/schema\\\/logo\\\/image\\\/\"}}]}<\/script>\n<!-- \/ Yoast SEO plugin. -->","yoast_head_json":{"title":"Naturaleza y aventura en La R\u00e0pita - Qu\u00e9 hacer","description":"Disfruta al m\u00e1ximo de actividades de naturaleza y aventura en La R\u00e0pita. \u00a1Alquila una bicicleta y pedalea por el parque natural del delta del Ebro!","robots":{"index":"index","follow":"follow","max-snippet":"max-snippet:-1","max-image-preview":"max-image-preview:large","max-video-preview":"max-video-preview:-1"},"canonical":"https:\/\/enlarapita.com\/es\/que-hacer-o-ver\/naturaleza-y-aventura\/","og_locale":"es_ES","og_type":"article","og_title":"Naturaleza y aventura en La R\u00e0pita - Qu\u00e9 hacer","og_description":"Disfruta al m\u00e1ximo de actividades de naturaleza y aventura en La R\u00e0pita. \u00a1Alquila una bicicleta y pedalea por el parque natural del delta del Ebro!","og_url":"https:\/\/enlarapita.com\/es\/que-hacer-o-ver\/naturaleza-y-aventura\/","og_site_name":"En la R\u00e0pita","article_modified_time":"2023-07-06T06:21:56+00:00","og_image":[{"width":1920,"height":1080,"url":"https:\/\/enlarapita.com\/wp-content\/uploads\/2021\/06\/5_naturaiecoturisme.jpg","type":"image\/jpeg"}],"twitter_card":"summary_large_image","twitter_misc":{"Tiempo de lectura":"3 minutos"},"schema":{"@context":"https:\/\/schema.org","@graph":[{"@type":"WebPage","@id":"https:\/\/enlarapita.com\/es\/que-hacer-o-ver\/naturaleza-y-aventura\/","url":"https:\/\/enlarapita.com\/es\/que-hacer-o-ver\/naturaleza-y-aventura\/","name":"Naturaleza y aventura en La R\u00e0pita - Qu\u00e9 hacer","isPartOf":{"@id":"https:\/\/enlarapita.com\/es\/#website"},"primaryImageOfPage":{"@id":"https:\/\/enlarapita.com\/es\/que-hacer-o-ver\/naturaleza-y-aventura\/#primaryimage"},"image":{"@id":"https:\/\/enlarapita.com\/es\/que-hacer-o-ver\/naturaleza-y-aventura\/#primaryimage"},"thumbnailUrl":"https:\/\/enlarapita.com\/wp-content\/uploads\/2021\/06\/5_naturaiecoturisme.jpg","datePublished":"2023-02-15T16:26:26+00:00","dateModified":"2023-07-06T06:21:56+00:00","description":"Disfruta al m\u00e1ximo de actividades de naturaleza y aventura en La R\u00e0pita. \u00a1Alquila una bicicleta y pedalea por el parque natural del delta del Ebro!","breadcrumb":{"@id":"https:\/\/enlarapita.com\/es\/que-hacer-o-ver\/naturaleza-y-aventura\/#breadcrumb"},"inLanguage":"es","potentialAction":[{"@type":"ReadAction","target":["https:\/\/enlarapita.com\/es\/que-hacer-o-ver\/naturaleza-y-aventura\/"]}]},{"@type":"ImageObject","inLanguage":"es","@id":"https:\/\/enlarapita.com\/es\/que-hacer-o-ver\/naturaleza-y-aventura\/#primaryimage","url":"https:\/\/enlarapita.com\/wp-content\/uploads\/2021\/06\/5_naturaiecoturisme.jpg","contentUrl":"https:\/\/enlarapita.com\/wp-content\/uploads\/2021\/06\/5_naturaiecoturisme.jpg","width":1920,"height":1080,"caption":"Natura i aventura al delta de l'Ebre"},{"@type":"BreadcrumbList","@id":"https:\/\/enlarapita.com\/es\/que-hacer-o-ver\/naturaleza-y-aventura\/#breadcrumb","itemListElement":[{"@type":"ListItem","position":1,"name":"Portada","item":"https:\/\/enlarapita.com\/es\/"},{"@type":"ListItem","position":2,"name":"Qu\u00e9 hacer o ver en La R\u00e0pita","item":"https:\/\/enlarapita.com\/es\/que-hacer-o-ver\/"},{"@type":"ListItem","position":3,"name":"Naturaleza y aventura en La R\u00e0pita"}]},{"@type":"WebSite","@id":"https:\/\/enlarapita.com\/es\/#website","url":"https:\/\/enlarapita.com\/es\/","name":"En la R\u00e0pita","description":"","publisher":{"@id":"https:\/\/enlarapita.com\/es\/#organization"},"potentialAction":[{"@type":"SearchAction","target":{"@type":"EntryPoint","urlTemplate":"https:\/\/enlarapita.com\/es\/?s={search_term_string}"},"query-input":{"@type":"PropertyValueSpecification","valueRequired":true,"valueName":"search_term_string"}}],"inLanguage":"es"},{"@type":"Organization","@id":"https:\/\/enlarapita.com\/es\/#organization","name":"En la R\u00e0pita","url":"https:\/\/enlarapita.com\/es\/","logo":{"@type":"ImageObject","inLanguage":"es","@id":"https:\/\/enlarapita.com\/es\/#\/schema\/logo\/image\/","url":"https:\/\/enlarapita.com\/wp-content\/uploads\/2021\/04\/cropped-logo-enlarapita-blau.png","contentUrl":"https:\/\/enlarapita.com\/wp-content\/uploads\/2021\/04\/cropped-logo-enlarapita-blau.png","width":130,"height":19,"caption":"En la R\u00e0pita"},"image":{"@id":"https:\/\/enlarapita.com\/es\/#\/schema\/logo\/image\/"}}]}},"_links":{"self":[{"href":"https:\/\/enlarapita.com\/es\/wp-json\/wp\/v2\/pages\/13589","targetHints":{"allow":["GET"]}}],"collection":[{"href":"https:\/\/enlarapita.com\/es\/wp-json\/wp\/v2\/pages"}],"about":[{"href":"https:\/\/enlarapita.com\/es\/wp-json\/wp\/v2\/types\/page"}],"author":[{"embeddable":true,"href":"https:\/\/enlarapita.com\/es\/wp-json\/wp\/v2\/users\/1"}],"replies":[{"embeddable":true,"href":"https:\/\/enlarapita.com\/es\/wp-json\/wp\/v2\/comments?post=13589"}],"version-history":[{"count":2,"href":"https:\/\/enlarapita.com\/es\/wp-json\/wp\/v2\/pages\/13589\/revisions"}],"predecessor-version":[{"id":17704,"href":"https:\/\/enlarapita.com\/es\/wp-json\/wp\/v2\/pages\/13589\/revisions\/17704"}],"up":[{"embeddable":true,"href":"https:\/\/enlarapita.com\/es\/wp-json\/wp\/v2\/pages\/2686"}],"wp:featuredmedia":[{"embeddable":true,"href":"https:\/\/enlarapita.com\/es\/wp-json\/wp\/v2\/media\/4601"}],"wp:attachment":[{"href":"https:\/\/enlarapita.com\/es\/wp-json\/wp\/v2\/media?parent=13589"}],"curies":[{"name":"wp","href":"https:\/\/api.w.org\/{rel}","templated":true}]}}