{"id":13580,"date":"2023-02-15T16:53:05","date_gmt":"2023-02-15T15:53:05","guid":{"rendered":"https:\/\/globals.app\/enlarapita\/que-hacer-o-ver\/cultura-y-patrimonio\/"},"modified":"2023-07-06T08:24:25","modified_gmt":"2023-07-06T06:24:25","slug":"cultura-y-patrimonio","status":"publish","type":"page","link":"https:\/\/enlarapita.com\/es\/que-hacer-o-ver\/cultura-y-patrimonio\/","title":{"rendered":"Cultura y patrimonio en La R\u00e0pita"},"content":{"rendered":"\t\t<div data-elementor-type=\"wp-page\" data-elementor-id=\"13580\" class=\"elementor elementor-13580 elementor-13383\" data-elementor-post-type=\"page\">\n\t\t\t\t\t\t<section class=\"elementor-section elementor-top-section elementor-element elementor-element-2408d40b elementor-section-content-middle elementor-section-boxed elementor-section-height-default elementor-section-height-default\" data-id=\"2408d40b\" data-element_type=\"section\" data-e-type=\"section\">\n\t\t\t\t\t\t<div class=\"elementor-container elementor-column-gap-default\">\n\t\t\t\t\t<div class=\"elementor-column elementor-col-50 elementor-top-column elementor-element elementor-element-6cad1f69\" data-id=\"6cad1f69\" data-element_type=\"column\" data-e-type=\"column\">\n\t\t\t<div class=\"elementor-widget-wrap elementor-element-populated\">\n\t\t\t\t\t\t<div class=\"elementor-element elementor-element-35317cbb elementor-widget elementor-widget-heading\" data-id=\"35317cbb\" data-element_type=\"widget\" data-e-type=\"widget\" data-widget_type=\"heading.default\">\n\t\t\t\t<div class=\"elementor-widget-container\">\n\t\t\t\t\t<h2 class=\"elementor-heading-title elementor-size-default\">Pasea por la cultura y el patrimonio de La R\u00e0pita<\/h2>\t\t\t\t<\/div>\n\t\t\t\t<\/div>\n\t\t\t\t<div class=\"elementor-element elementor-element-42e24c93 elementor-widget elementor-widget-text-editor\" data-id=\"42e24c93\" data-element_type=\"widget\" data-e-type=\"widget\" data-widget_type=\"text-editor.default\">\n\t\t\t\t<div class=\"elementor-widget-container\">\n\t\t\t\t\t\t\t\t\t<p>Descubrir tu lugar de vacaciones o escapadas paseando por sus calles y hablando con su gente te proporcionan una idea sobre su historia, pero si de verdad quieres conocer en profundidad la cultura y patrimonio rapitense, tenemos una variada oferta de actividades para saber nuestra historia y que tu estancia sea completa.<\/p>\n\t\t\t\t\t\t\t\t<\/div>\n\t\t\t\t<\/div>\n\t\t\t\t<div class=\"elementor-element elementor-element-179e1477 elementor-widget elementor-widget-heading\" data-id=\"179e1477\" data-element_type=\"widget\" data-e-type=\"widget\" data-widget_type=\"heading.default\">\n\t\t\t\t<div class=\"elementor-widget-container\">\n\t\t\t\t\t<h2 class=\"elementor-heading-title elementor-size-default\">Visitas por los espacios culturales y el patrimonio de La R\u00e0pita<\/h2>\t\t\t\t<\/div>\n\t\t\t\t<\/div>\n\t\t\t\t<div class=\"elementor-element elementor-element-2cb6ad21 elementor-widget elementor-widget-text-editor\" data-id=\"2cb6ad21\" data-element_type=\"widget\" data-e-type=\"widget\" data-widget_type=\"text-editor.default\">\n\t\t\t\t<div class=\"elementor-widget-container\">\n\t\t\t\t\t\t\t\t\t<p>Si buscas ideas sobre qu\u00e9 hacer en La R\u00e0pita, qu\u00e9 ver para conocer nuestra cultura y patrimonio, te proponemos actividades para hacer con tu pareja, tu familia y amigos que te acercaran a la esencia rapitense. Visitas guiadas por el centro hist\u00f3rico de La R\u00e0pita y el Museo del Mar del Ebro, una ruta a la laguna de la Encanyissada para conocer ancestrales artes de pesca y rutas para vivir el arte del Ebro en un museo al aire libre son algunas de las experiencias que te ofrecemos.<\/p>\n\t\t\t\t\t\t\t\t<\/div>\n\t\t\t\t<\/div>\n\t\t\t\t\t<\/div>\n\t\t<\/div>\n\t\t\t\t<div class=\"elementor-column elementor-col-50 elementor-top-column elementor-element elementor-element-2f1da573\" data-id=\"2f1da573\" data-element_type=\"column\" data-e-type=\"column\">\n\t\t\t<div class=\"elementor-widget-wrap elementor-element-populated\">\n\t\t\t\t\t\t<div class=\"elementor-element elementor-element-132b5349 elementor-widget elementor-widget-image\" data-id=\"132b5349\" data-element_type=\"widget\" data-e-type=\"widget\" data-widget_type=\"image.default\">\n\t\t\t\t<div class=\"elementor-widget-container\">\n\t\t\t\t\t\t\t\t\t\t\t\t\t\t\t<img fetchpriority=\"high\" decoding=\"async\" width=\"589\" height=\"579\" src=\"https:\/\/enlarapita.com\/wp-content\/uploads\/2023\/04\/plata-rapita.png\" class=\"attachment-full size-full wp-image-16651\" alt=\"\" srcset=\"https:\/\/enlarapita.com\/wp-content\/uploads\/2023\/04\/plata-rapita.png 589w, https:\/\/enlarapita.com\/wp-content\/uploads\/2023\/04\/plata-rapita-300x295.png 300w\" sizes=\"(max-width: 589px) 100vw, 589px\" style=\"width:100%;height:98.3%;max-width:589px\" \/>\t\t\t\t\t\t\t\t\t\t\t\t\t\t\t<\/div>\n\t\t\t\t<\/div>\n\t\t\t\t\t<\/div>\n\t\t<\/div>\n\t\t\t\t\t<\/div>\n\t\t<\/section>\n\t\t\t\t<section class=\"elementor-section elementor-top-section elementor-element elementor-element-5c4a1af0 elementor-section-content-middle elementor-reverse-tablet elementor-reverse-mobile elementor-section-boxed elementor-section-height-default elementor-section-height-default\" data-id=\"5c4a1af0\" data-element_type=\"section\" data-e-type=\"section\">\n\t\t\t\t\t\t<div class=\"elementor-container elementor-column-gap-default\">\n\t\t\t\t\t<div class=\"elementor-column elementor-col-50 elementor-top-column elementor-element elementor-element-53209dce\" data-id=\"53209dce\" data-element_type=\"column\" data-e-type=\"column\">\n\t\t\t<div class=\"elementor-widget-wrap elementor-element-populated\">\n\t\t\t\t\t\t<div class=\"elementor-element elementor-element-6cf024d0 elementor-widget elementor-widget-image\" data-id=\"6cf024d0\" data-element_type=\"widget\" data-e-type=\"widget\" data-widget_type=\"image.default\">\n\t\t\t\t<div class=\"elementor-widget-container\">\n\t\t\t\t\t\t\t\t\t\t\t\t\t\t\t<img decoding=\"async\" width=\"568\" height=\"508\" src=\"https:\/\/enlarapita.com\/wp-content\/uploads\/2023\/04\/rapita-1.png\" class=\"attachment-full size-full wp-image-16659\" alt=\"\" srcset=\"https:\/\/enlarapita.com\/wp-content\/uploads\/2023\/04\/rapita-1.png 568w, https:\/\/enlarapita.com\/wp-content\/uploads\/2023\/04\/rapita-1-300x268.png 300w\" sizes=\"(max-width: 568px) 100vw, 568px\" style=\"width:100%;height:89.44%;max-width:568px\" \/>\t\t\t\t\t\t\t\t\t\t\t\t\t\t\t<\/div>\n\t\t\t\t<\/div>\n\t\t\t\t\t<\/div>\n\t\t<\/div>\n\t\t\t\t<div class=\"elementor-column elementor-col-50 elementor-top-column elementor-element elementor-element-194f021e\" data-id=\"194f021e\" data-element_type=\"column\" data-e-type=\"column\">\n\t\t\t<div class=\"elementor-widget-wrap elementor-element-populated\">\n\t\t\t\t\t\t<div class=\"elementor-element elementor-element-6d979c60 elementor-widget elementor-widget-heading\" data-id=\"6d979c60\" data-element_type=\"widget\" data-e-type=\"widget\" data-widget_type=\"heading.default\">\n\t\t\t\t<div class=\"elementor-widget-container\">\n\t\t\t\t\t<h3 class=\"elementor-heading-title elementor-size-default\">Ruta de la pantena de la Encanyissada<\/h3>\t\t\t\t<\/div>\n\t\t\t\t<\/div>\n\t\t\t\t<div class=\"elementor-element elementor-element-1fab1d55 elementor-widget elementor-widget-text-editor\" data-id=\"1fab1d55\" data-element_type=\"widget\" data-e-type=\"widget\" data-widget_type=\"text-editor.default\">\n\t\t\t\t<div class=\"elementor-widget-container\">\n\t\t\t\t\t\t\t\t\t<p>Aprender tradicionales medios de pesca en las lagunas del delta del Ebro es una manera de conocer la cultura y el patrimonio de La R\u00e0pita. Nuestros pescadores te ense\u00f1ar\u00e1n m\u00e9todos de pesca ancestrales mientras disfrutas de la paz que se respira y tambi\u00e9n de una degustaci\u00f3n de productos t\u00edpicos, como el cangrejo azul que ellos mismos cocinan. Avent\u00farate a descubrir cultura y patrimonio en La R\u00e0pita con la tradicional pesca en la pantena en la Encanyissada.<\/p>\n\t\t\t\t\t\t\t\t<\/div>\n\t\t\t\t<\/div>\n\t\t\t\t<div class=\"elementor-element elementor-element-c617eb5 elementor-widget elementor-widget-heading\" data-id=\"c617eb5\" data-element_type=\"widget\" data-e-type=\"widget\" data-widget_type=\"heading.default\">\n\t\t\t\t<div class=\"elementor-widget-container\">\n\t\t\t\t\t<h3 class=\"elementor-heading-title elementor-size-default\">Vive el arte del Ebro en medio de la naturaleza<\/h3>\t\t\t\t<\/div>\n\t\t\t\t<\/div>\n\t\t\t\t<div class=\"elementor-element elementor-element-78bf4c6b elementor-widget elementor-widget-text-editor\" data-id=\"78bf4c6b\" data-element_type=\"widget\" data-e-type=\"widget\" data-widget_type=\"text-editor.default\">\n\t\t\t\t<div class=\"elementor-widget-container\">\n\t\t\t\t\t\t\t\t\t<p>En nuestro destino tur\u00edstico la naturaleza es la gran protagonista y tambi\u00e9n lo es en esta experiencia que te proponemos para conocer la cultura y el patrimonio de La R\u00e0pita. Es una visita inexcusable a Art-Contemporary, un parque de esculturas de artistas catalanes e internacionales en una finca de olivares ancestrales en la falda de la sierra del Montsi\u00e0. Seguro que no visitar\u00e1s nada tan excepcional solo, con tu pareja, la familia o los amigos durante tu estancia con nosotros.<\/p>\n\t\t\t\t\t\t\t\t<\/div>\n\t\t\t\t<\/div>\n\t\t\t\t\t<\/div>\n\t\t<\/div>\n\t\t\t\t\t<\/div>\n\t\t<\/section>\n\t\t\t\t<section class=\"elementor-section elementor-top-section elementor-element elementor-element-158f4cf elementor-section-content-middle elementor-section-boxed elementor-section-height-default elementor-section-height-default\" data-id=\"158f4cf\" data-element_type=\"section\" data-e-type=\"section\">\n\t\t\t\t\t\t<div class=\"elementor-container elementor-column-gap-default\">\n\t\t\t\t\t<div class=\"elementor-column elementor-col-50 elementor-top-column elementor-element elementor-element-d39a2d2\" data-id=\"d39a2d2\" data-element_type=\"column\" data-e-type=\"column\">\n\t\t\t<div class=\"elementor-widget-wrap elementor-element-populated\">\n\t\t\t\t\t\t<div class=\"elementor-element elementor-element-77e5faa6 elementor-widget elementor-widget-text-editor\" data-id=\"77e5faa6\" data-element_type=\"widget\" data-e-type=\"widget\" data-widget_type=\"text-editor.default\">\n\t\t\t\t<div class=\"elementor-widget-container\">\n\t\t\t\t\t\t\t\t\t<p>Des de la Estaci\u00f3n N\u00e1utica La R\u00e0pita \u2013 Delta del Ebro queremos que conozcas en profundidad nuestra cultura y patrimonio, por ello te facilitamos todos los recursos que tenemos para que te enamores de la historia de La R\u00e0pita, construyas tu propia historia y nos conviertas en tu destino tur\u00edstico predilecto.<\/p>\n\t\t\t\t\t\t\t\t<\/div>\n\t\t\t\t<\/div>\n\t\t\t\t\t<\/div>\n\t\t<\/div>\n\t\t\t\t<div class=\"elementor-column elementor-col-50 elementor-top-column elementor-element elementor-element-1be3bd8\" data-id=\"1be3bd8\" data-element_type=\"column\" data-e-type=\"column\">\n\t\t\t<div class=\"elementor-widget-wrap elementor-element-populated\">\n\t\t\t\t\t\t<div class=\"elementor-element elementor-element-1771017 elementor-widget elementor-widget-image\" data-id=\"1771017\" data-element_type=\"widget\" data-e-type=\"widget\" data-widget_type=\"image.default\">\n\t\t\t\t<div class=\"elementor-widget-container\">\n\t\t\t\t\t\t\t\t\t\t\t\t\t\t\t<img decoding=\"async\" width=\"883\" height=\"500\" src=\"https:\/\/enlarapita.com\/wp-content\/uploads\/2023\/04\/rapita222.png\" class=\"attachment-full size-full wp-image-16664\" alt=\"\" srcset=\"https:\/\/enlarapita.com\/wp-content\/uploads\/2023\/04\/rapita222.png 883w, https:\/\/enlarapita.com\/wp-content\/uploads\/2023\/04\/rapita222-300x170.png 300w, https:\/\/enlarapita.com\/wp-content\/uploads\/2023\/04\/rapita222-768x435.png 768w\" sizes=\"(max-width: 883px) 100vw, 883px\" style=\"width:100%;height:56.63%;max-width:883px\" \/>\t\t\t\t\t\t\t\t\t\t\t\t\t\t\t<\/div>\n\t\t\t\t<\/div>\n\t\t\t\t\t<\/div>\n\t\t<\/div>\n\t\t\t\t\t<\/div>\n\t\t<\/section>\n\t\t\t\t<\/div>\n\t\t","protected":false},"excerpt":{"rendered":"<p>Pasea por la cultura y el patrimonio de La R\u00e0pita Descubrir tu lugar de vacaciones o escapadas paseando por sus calles y hablando con su gente te proporcionan una idea sobre su historia, pero si de verdad quieres conocer en profundidad la cultura y patrimonio rapitense, tenemos una variada oferta de actividades para saber nuestra&hellip; <a class=\"more-link\" href=\"https:\/\/enlarapita.com\/es\/que-hacer-o-ver\/cultura-y-patrimonio\/\">Seguir leyendo <span class=\"screen-reader-text\">Cultura y patrimonio en La R\u00e0pita<\/span><\/a><\/p>\n","protected":false},"author":1,"featured_media":16671,"parent":2686,"menu_order":0,"comment_status":"closed","ping_status":"closed","template":"page-categories.php","meta":{"_acf_changed":false,"footnotes":""},"class_list":["post-13580","page","type-page","status-publish","has-post-thumbnail","hentry","entry"],"acf":[],"yoast_head":"<!-- This site is optimized with the Yoast SEO plugin v27.4 - https:\/\/yoast.com\/product\/yoast-seo-wordpress\/ -->\n<title>Cultura y patrimonio en La R\u00e0pita - Qu\u00e9 ver<\/title>\n<meta name=\"description\" content=\"Si buscas ideas sobre qu\u00e9 hacer o qu\u00e9 ver para conocer cultura y patrimonio en La R\u00e0pita, te proponemos actividades y visitas guiadas.\" \/>\n<meta name=\"robots\" content=\"index, follow, max-snippet:-1, max-image-preview:large, max-video-preview:-1\" \/>\n<link rel=\"canonical\" href=\"https:\/\/enlarapita.com\/es\/que-hacer-o-ver\/cultura-y-patrimonio\/\" \/>\n<meta property=\"og:locale\" content=\"es_ES\" \/>\n<meta property=\"og:type\" content=\"article\" \/>\n<meta property=\"og:title\" content=\"Cultura y patrimonio en La R\u00e0pita - Qu\u00e9 ver\" \/>\n<meta property=\"og:description\" content=\"Si buscas ideas sobre qu\u00e9 hacer o qu\u00e9 ver para conocer cultura y patrimonio en La R\u00e0pita, te proponemos actividades y visitas guiadas.\" \/>\n<meta property=\"og:url\" content=\"https:\/\/enlarapita.com\/es\/que-hacer-o-ver\/cultura-y-patrimonio\/\" \/>\n<meta property=\"og:site_name\" content=\"En la R\u00e0pita\" \/>\n<meta property=\"article:modified_time\" content=\"2023-07-06T06:24:25+00:00\" \/>\n<meta property=\"og:image\" content=\"https:\/\/enlarapita.com\/wp-content\/uploads\/2023\/04\/rapita.jpg\" \/>\n\t<meta property=\"og:image:width\" content=\"1560\" \/>\n\t<meta property=\"og:image:height\" content=\"326\" \/>\n\t<meta property=\"og:image:type\" content=\"image\/jpeg\" \/>\n<meta name=\"twitter:card\" content=\"summary_large_image\" \/>\n<meta name=\"twitter:label1\" content=\"Tiempo de lectura\" \/>\n\t<meta name=\"twitter:data1\" content=\"3 minutos\" \/>\n<script type=\"application\/ld+json\" class=\"yoast-schema-graph\">{\"@context\":\"https:\\\/\\\/schema.org\",\"@graph\":[{\"@type\":\"WebPage\",\"@id\":\"https:\\\/\\\/enlarapita.com\\\/es\\\/que-hacer-o-ver\\\/cultura-y-patrimonio\\\/\",\"url\":\"https:\\\/\\\/enlarapita.com\\\/es\\\/que-hacer-o-ver\\\/cultura-y-patrimonio\\\/\",\"name\":\"Cultura y patrimonio en La R\u00e0pita - Qu\u00e9 ver\",\"isPartOf\":{\"@id\":\"https:\\\/\\\/enlarapita.com\\\/es\\\/#website\"},\"primaryImageOfPage\":{\"@id\":\"https:\\\/\\\/enlarapita.com\\\/es\\\/que-hacer-o-ver\\\/cultura-y-patrimonio\\\/#primaryimage\"},\"image\":{\"@id\":\"https:\\\/\\\/enlarapita.com\\\/es\\\/que-hacer-o-ver\\\/cultura-y-patrimonio\\\/#primaryimage\"},\"thumbnailUrl\":\"https:\\\/\\\/enlarapita.com\\\/wp-content\\\/uploads\\\/2023\\\/04\\\/rapita.jpg\",\"datePublished\":\"2023-02-15T15:53:05+00:00\",\"dateModified\":\"2023-07-06T06:24:25+00:00\",\"description\":\"Si buscas ideas sobre qu\u00e9 hacer o qu\u00e9 ver para conocer cultura y patrimonio en La R\u00e0pita, te proponemos actividades y visitas guiadas.\",\"breadcrumb\":{\"@id\":\"https:\\\/\\\/enlarapita.com\\\/es\\\/que-hacer-o-ver\\\/cultura-y-patrimonio\\\/#breadcrumb\"},\"inLanguage\":\"es\",\"potentialAction\":[{\"@type\":\"ReadAction\",\"target\":[\"https:\\\/\\\/enlarapita.com\\\/es\\\/que-hacer-o-ver\\\/cultura-y-patrimonio\\\/\"]}]},{\"@type\":\"ImageObject\",\"inLanguage\":\"es\",\"@id\":\"https:\\\/\\\/enlarapita.com\\\/es\\\/que-hacer-o-ver\\\/cultura-y-patrimonio\\\/#primaryimage\",\"url\":\"https:\\\/\\\/enlarapita.com\\\/wp-content\\\/uploads\\\/2023\\\/04\\\/rapita.jpg\",\"contentUrl\":\"https:\\\/\\\/enlarapita.com\\\/wp-content\\\/uploads\\\/2023\\\/04\\\/rapita.jpg\",\"width\":1560,\"height\":326},{\"@type\":\"BreadcrumbList\",\"@id\":\"https:\\\/\\\/enlarapita.com\\\/es\\\/que-hacer-o-ver\\\/cultura-y-patrimonio\\\/#breadcrumb\",\"itemListElement\":[{\"@type\":\"ListItem\",\"position\":1,\"name\":\"Portada\",\"item\":\"https:\\\/\\\/enlarapita.com\\\/es\\\/\"},{\"@type\":\"ListItem\",\"position\":2,\"name\":\"Qu\u00e9 hacer o ver en La R\u00e0pita\",\"item\":\"https:\\\/\\\/enlarapita.com\\\/es\\\/que-hacer-o-ver\\\/\"},{\"@type\":\"ListItem\",\"position\":3,\"name\":\"Cultura y patrimonio en La R\u00e0pita\"}]},{\"@type\":\"WebSite\",\"@id\":\"https:\\\/\\\/enlarapita.com\\\/es\\\/#website\",\"url\":\"https:\\\/\\\/enlarapita.com\\\/es\\\/\",\"name\":\"En la R\u00e0pita\",\"description\":\"\",\"publisher\":{\"@id\":\"https:\\\/\\\/enlarapita.com\\\/es\\\/#organization\"},\"potentialAction\":[{\"@type\":\"SearchAction\",\"target\":{\"@type\":\"EntryPoint\",\"urlTemplate\":\"https:\\\/\\\/enlarapita.com\\\/es\\\/?s={search_term_string}\"},\"query-input\":{\"@type\":\"PropertyValueSpecification\",\"valueRequired\":true,\"valueName\":\"search_term_string\"}}],\"inLanguage\":\"es\"},{\"@type\":\"Organization\",\"@id\":\"https:\\\/\\\/enlarapita.com\\\/es\\\/#organization\",\"name\":\"En la R\u00e0pita\",\"url\":\"https:\\\/\\\/enlarapita.com\\\/es\\\/\",\"logo\":{\"@type\":\"ImageObject\",\"inLanguage\":\"es\",\"@id\":\"https:\\\/\\\/enlarapita.com\\\/es\\\/#\\\/schema\\\/logo\\\/image\\\/\",\"url\":\"https:\\\/\\\/enlarapita.com\\\/wp-content\\\/uploads\\\/2021\\\/04\\\/cropped-logo-enlarapita-blau.png\",\"contentUrl\":\"https:\\\/\\\/enlarapita.com\\\/wp-content\\\/uploads\\\/2021\\\/04\\\/cropped-logo-enlarapita-blau.png\",\"width\":130,\"height\":19,\"caption\":\"En la R\u00e0pita\"},\"image\":{\"@id\":\"https:\\\/\\\/enlarapita.com\\\/es\\\/#\\\/schema\\\/logo\\\/image\\\/\"}}]}<\/script>\n<!-- \/ Yoast SEO plugin. -->","yoast_head_json":{"title":"Cultura y patrimonio en La R\u00e0pita - Qu\u00e9 ver","description":"Si buscas ideas sobre qu\u00e9 hacer o qu\u00e9 ver para conocer cultura y patrimonio en La R\u00e0pita, te proponemos actividades y visitas guiadas.","robots":{"index":"index","follow":"follow","max-snippet":"max-snippet:-1","max-image-preview":"max-image-preview:large","max-video-preview":"max-video-preview:-1"},"canonical":"https:\/\/enlarapita.com\/es\/que-hacer-o-ver\/cultura-y-patrimonio\/","og_locale":"es_ES","og_type":"article","og_title":"Cultura y patrimonio en La R\u00e0pita - Qu\u00e9 ver","og_description":"Si buscas ideas sobre qu\u00e9 hacer o qu\u00e9 ver para conocer cultura y patrimonio en La R\u00e0pita, te proponemos actividades y visitas guiadas.","og_url":"https:\/\/enlarapita.com\/es\/que-hacer-o-ver\/cultura-y-patrimonio\/","og_site_name":"En la R\u00e0pita","article_modified_time":"2023-07-06T06:24:25+00:00","og_image":[{"width":1560,"height":326,"url":"https:\/\/enlarapita.com\/wp-content\/uploads\/2023\/04\/rapita.jpg","type":"image\/jpeg"}],"twitter_card":"summary_large_image","twitter_misc":{"Tiempo de lectura":"3 minutos"},"schema":{"@context":"https:\/\/schema.org","@graph":[{"@type":"WebPage","@id":"https:\/\/enlarapita.com\/es\/que-hacer-o-ver\/cultura-y-patrimonio\/","url":"https:\/\/enlarapita.com\/es\/que-hacer-o-ver\/cultura-y-patrimonio\/","name":"Cultura y patrimonio en La R\u00e0pita - Qu\u00e9 ver","isPartOf":{"@id":"https:\/\/enlarapita.com\/es\/#website"},"primaryImageOfPage":{"@id":"https:\/\/enlarapita.com\/es\/que-hacer-o-ver\/cultura-y-patrimonio\/#primaryimage"},"image":{"@id":"https:\/\/enlarapita.com\/es\/que-hacer-o-ver\/cultura-y-patrimonio\/#primaryimage"},"thumbnailUrl":"https:\/\/enlarapita.com\/wp-content\/uploads\/2023\/04\/rapita.jpg","datePublished":"2023-02-15T15:53:05+00:00","dateModified":"2023-07-06T06:24:25+00:00","description":"Si buscas ideas sobre qu\u00e9 hacer o qu\u00e9 ver para conocer cultura y patrimonio en La R\u00e0pita, te proponemos actividades y visitas guiadas.","breadcrumb":{"@id":"https:\/\/enlarapita.com\/es\/que-hacer-o-ver\/cultura-y-patrimonio\/#breadcrumb"},"inLanguage":"es","potentialAction":[{"@type":"ReadAction","target":["https:\/\/enlarapita.com\/es\/que-hacer-o-ver\/cultura-y-patrimonio\/"]}]},{"@type":"ImageObject","inLanguage":"es","@id":"https:\/\/enlarapita.com\/es\/que-hacer-o-ver\/cultura-y-patrimonio\/#primaryimage","url":"https:\/\/enlarapita.com\/wp-content\/uploads\/2023\/04\/rapita.jpg","contentUrl":"https:\/\/enlarapita.com\/wp-content\/uploads\/2023\/04\/rapita.jpg","width":1560,"height":326},{"@type":"BreadcrumbList","@id":"https:\/\/enlarapita.com\/es\/que-hacer-o-ver\/cultura-y-patrimonio\/#breadcrumb","itemListElement":[{"@type":"ListItem","position":1,"name":"Portada","item":"https:\/\/enlarapita.com\/es\/"},{"@type":"ListItem","position":2,"name":"Qu\u00e9 hacer o ver en La R\u00e0pita","item":"https:\/\/enlarapita.com\/es\/que-hacer-o-ver\/"},{"@type":"ListItem","position":3,"name":"Cultura y patrimonio en La R\u00e0pita"}]},{"@type":"WebSite","@id":"https:\/\/enlarapita.com\/es\/#website","url":"https:\/\/enlarapita.com\/es\/","name":"En la R\u00e0pita","description":"","publisher":{"@id":"https:\/\/enlarapita.com\/es\/#organization"},"potentialAction":[{"@type":"SearchAction","target":{"@type":"EntryPoint","urlTemplate":"https:\/\/enlarapita.com\/es\/?s={search_term_string}"},"query-input":{"@type":"PropertyValueSpecification","valueRequired":true,"valueName":"search_term_string"}}],"inLanguage":"es"},{"@type":"Organization","@id":"https:\/\/enlarapita.com\/es\/#organization","name":"En la R\u00e0pita","url":"https:\/\/enlarapita.com\/es\/","logo":{"@type":"ImageObject","inLanguage":"es","@id":"https:\/\/enlarapita.com\/es\/#\/schema\/logo\/image\/","url":"https:\/\/enlarapita.com\/wp-content\/uploads\/2021\/04\/cropped-logo-enlarapita-blau.png","contentUrl":"https:\/\/enlarapita.com\/wp-content\/uploads\/2021\/04\/cropped-logo-enlarapita-blau.png","width":130,"height":19,"caption":"En la R\u00e0pita"},"image":{"@id":"https:\/\/enlarapita.com\/es\/#\/schema\/logo\/image\/"}}]}},"_links":{"self":[{"href":"https:\/\/enlarapita.com\/es\/wp-json\/wp\/v2\/pages\/13580","targetHints":{"allow":["GET"]}}],"collection":[{"href":"https:\/\/enlarapita.com\/es\/wp-json\/wp\/v2\/pages"}],"about":[{"href":"https:\/\/enlarapita.com\/es\/wp-json\/wp\/v2\/types\/page"}],"author":[{"embeddable":true,"href":"https:\/\/enlarapita.com\/es\/wp-json\/wp\/v2\/users\/1"}],"replies":[{"embeddable":true,"href":"https:\/\/enlarapita.com\/es\/wp-json\/wp\/v2\/comments?post=13580"}],"version-history":[{"count":2,"href":"https:\/\/enlarapita.com\/es\/wp-json\/wp\/v2\/pages\/13580\/revisions"}],"predecessor-version":[{"id":17708,"href":"https:\/\/enlarapita.com\/es\/wp-json\/wp\/v2\/pages\/13580\/revisions\/17708"}],"up":[{"embeddable":true,"href":"https:\/\/enlarapita.com\/es\/wp-json\/wp\/v2\/pages\/2686"}],"wp:featuredmedia":[{"embeddable":true,"href":"https:\/\/enlarapita.com\/es\/wp-json\/wp\/v2\/media\/16671"}],"wp:attachment":[{"href":"https:\/\/enlarapita.com\/es\/wp-json\/wp\/v2\/media?parent=13580"}],"curies":[{"name":"wp","href":"https:\/\/api.w.org\/{rel}","templated":true}]}}