{"id":13553,"date":"2023-02-15T16:19:14","date_gmt":"2023-02-15T15:19:14","guid":{"rendered":"https:\/\/globals.app\/enlarapita\/que-hacer-o-ver\/ruta-de-las-mejilloneras\/avi-agusti\/"},"modified":"2025-04-03T15:13:46","modified_gmt":"2025-04-03T13:13:46","slug":"avi-agusti","status":"publish","type":"page","link":"https:\/\/enlarapita.com\/es\/que-hacer-o-ver\/ruta-de-las-mejilloneras\/avi-agusti\/","title":{"rendered":"Mejillonera del Avi Agust\u00ed"},"content":{"rendered":"\t\t<div data-elementor-type=\"wp-page\" data-elementor-id=\"13553\" class=\"elementor elementor-13553 elementor-13370\" data-elementor-post-type=\"page\">\n\t\t\t\t\t\t<section class=\"elementor-section elementor-top-section elementor-element elementor-element-77fe3c40 elementor-section-content-middle elementor-section-boxed elementor-section-height-default elementor-section-height-default\" data-id=\"77fe3c40\" data-element_type=\"section\" data-e-type=\"section\">\n\t\t\t\t\t\t<div class=\"elementor-container elementor-column-gap-default\">\n\t\t\t\t\t<div class=\"elementor-column elementor-col-50 elementor-top-column elementor-element elementor-element-14a07810\" data-id=\"14a07810\" data-element_type=\"column\" data-e-type=\"column\">\n\t\t\t<div class=\"elementor-widget-wrap elementor-element-populated\">\n\t\t\t\t\t\t<div class=\"elementor-element elementor-element-23245e97 elementor-widget elementor-widget-heading\" data-id=\"23245e97\" data-element_type=\"widget\" data-e-type=\"widget\" data-widget_type=\"heading.default\">\n\t\t\t\t<div class=\"elementor-widget-container\">\n\t\t\t\t\t<h2 class=\"elementor-heading-title elementor-size-default\">Degusta el mar del Ebro en la mejillonera del Avi Agust\u00ed <\/h2>\t\t\t\t<\/div>\n\t\t\t\t<\/div>\n\t\t\t\t<div class=\"elementor-element elementor-element-6cab34f6 elementor-widget elementor-widget-text-editor\" data-id=\"6cab34f6\" data-element_type=\"widget\" data-e-type=\"widget\" data-widget_type=\"text-editor.default\">\n\t\t\t\t<div class=\"elementor-widget-container\">\n\t\t\t\t\t\t\t\t\t<p>Si quieres degustar los exquisitos mejillones y ostras del mar del Ebro, tu excursi\u00f3n inexcusable es la mejillonera del Avi Agust\u00ed, que te ofrece el placer de una degustaci\u00f3n de los productos estrella de la bah\u00eda de Els Alfacs en un entorno incomparable en medio del mar.<\/p>\n\t\t\t\t\t\t\t\t<\/div>\n\t\t\t\t<\/div>\n\t\t\t\t<div class=\"elementor-element elementor-element-5656a5ac elementor-widget elementor-widget-heading\" data-id=\"5656a5ac\" data-element_type=\"widget\" data-e-type=\"widget\" data-widget_type=\"heading.default\">\n\t\t\t\t<div class=\"elementor-widget-container\">\n\t\t\t\t\t<h2 class=\"elementor-heading-title elementor-size-default\">Una experiencia \u00fanica en el Mediterr\u00e1neo<\/h2>\t\t\t\t<\/div>\n\t\t\t\t<\/div>\n\t\t\t\t<div class=\"elementor-element elementor-element-2b2cf948 elementor-widget elementor-widget-text-editor\" data-id=\"2b2cf948\" data-element_type=\"widget\" data-e-type=\"widget\" data-widget_type=\"text-editor.default\">\n\t\t\t\t<div class=\"elementor-widget-container\">\n\t\t\t\t\t\t\t\t\t<p>La mejillonera del Avi Agust\u00ed ha conseguido poner a tu disposici\u00f3n una experiencia \u00fanica en el Mediterr\u00e1neo: la degustaci\u00f3n de los excelentes productos en las mismas mejilloneras, despu\u00e9s de a\u00f1os de trabajo duro y tenaz en la promoci\u00f3n de la producci\u00f3n acu\u00edcola de los mejillones y las ostras en el delta del Ebro.<\/p>\n\t\t\t\t\t\t\t\t<\/div>\n\t\t\t\t<\/div>\n\t\t\t\t\t<\/div>\n\t\t<\/div>\n\t\t\t\t<div class=\"elementor-column elementor-col-50 elementor-top-column elementor-element elementor-element-746f158e\" data-id=\"746f158e\" data-element_type=\"column\" data-e-type=\"column\">\n\t\t\t<div class=\"elementor-widget-wrap elementor-element-populated\">\n\t\t\t\t\t\t<div class=\"elementor-element elementor-element-13b2d7be elementor-widget elementor-widget-image\" data-id=\"13b2d7be\" data-element_type=\"widget\" data-e-type=\"widget\" data-widget_type=\"image.default\">\n\t\t\t\t<div class=\"elementor-widget-container\">\n\t\t\t\t\t\t\t\t\t\t\t\t\t\t\t<img fetchpriority=\"high\" decoding=\"async\" width=\"1500\" height=\"844\" src=\"https:\/\/enlarapita.com\/wp-content\/uploads\/2023\/07\/1W6A9881-R-1.jpg\" class=\"attachment-full size-full wp-image-17723\" alt=\"\" srcset=\"https:\/\/enlarapita.com\/wp-content\/uploads\/2023\/07\/1W6A9881-R-1.jpg 1500w, https:\/\/enlarapita.com\/wp-content\/uploads\/2023\/07\/1W6A9881-R-1-300x169.jpg 300w, https:\/\/enlarapita.com\/wp-content\/uploads\/2023\/07\/1W6A9881-R-1-1024x576.jpg 1024w, https:\/\/enlarapita.com\/wp-content\/uploads\/2023\/07\/1W6A9881-R-1-768x432.jpg 768w\" sizes=\"(max-width: 1500px) 100vw, 1500px\" style=\"width:100%;height:56.27%;max-width:1500px\" \/>\t\t\t\t\t\t\t\t\t\t\t\t\t\t\t<\/div>\n\t\t\t\t<\/div>\n\t\t\t\t\t<\/div>\n\t\t<\/div>\n\t\t\t\t\t<\/div>\n\t\t<\/section>\n\t\t\t\t<section class=\"elementor-section elementor-top-section elementor-element elementor-element-6c02d8a4 elementor-section-content-middle elementor-reverse-tablet elementor-reverse-mobile elementor-section-boxed elementor-section-height-default elementor-section-height-default\" data-id=\"6c02d8a4\" data-element_type=\"section\" data-e-type=\"section\">\n\t\t\t\t\t\t<div class=\"elementor-container elementor-column-gap-default\">\n\t\t\t\t\t<div class=\"elementor-column elementor-col-50 elementor-top-column elementor-element elementor-element-72039984\" data-id=\"72039984\" data-element_type=\"column\" data-e-type=\"column\">\n\t\t\t<div class=\"elementor-widget-wrap elementor-element-populated\">\n\t\t\t\t\t\t<div class=\"elementor-element elementor-element-6b060d91 elementor-widget elementor-widget-image\" data-id=\"6b060d91\" data-element_type=\"widget\" data-e-type=\"widget\" data-widget_type=\"image.default\">\n\t\t\t\t<div class=\"elementor-widget-container\">\n\t\t\t\t\t\t\t\t\t\t\t\t\t\t\t<img decoding=\"async\" width=\"1000\" height=\"563\" src=\"https:\/\/enlarapita.com\/wp-content\/uploads\/2023\/07\/1W6A0098-R-e1688655512302.jpg\" class=\"attachment-full size-full wp-image-17686\" alt=\"\" srcset=\"https:\/\/enlarapita.com\/wp-content\/uploads\/2023\/07\/1W6A0098-R-e1688655512302.jpg 1000w, https:\/\/enlarapita.com\/wp-content\/uploads\/2023\/07\/1W6A0098-R-e1688655512302-300x169.jpg 300w, https:\/\/enlarapita.com\/wp-content\/uploads\/2023\/07\/1W6A0098-R-e1688655512302-768x432.jpg 768w\" sizes=\"(max-width: 1000px) 100vw, 1000px\" style=\"width:100%;height:56.3%;max-width:1000px\" \/>\t\t\t\t\t\t\t\t\t\t\t\t\t\t\t<\/div>\n\t\t\t\t<\/div>\n\t\t\t\t\t<\/div>\n\t\t<\/div>\n\t\t\t\t<div class=\"elementor-column elementor-col-50 elementor-top-column elementor-element elementor-element-a54f219\" data-id=\"a54f219\" data-element_type=\"column\" data-e-type=\"column\">\n\t\t\t<div class=\"elementor-widget-wrap elementor-element-populated\">\n\t\t\t\t\t\t<div class=\"elementor-element elementor-element-4db14aef elementor-widget elementor-widget-heading\" data-id=\"4db14aef\" data-element_type=\"widget\" data-e-type=\"widget\" data-widget_type=\"heading.default\">\n\t\t\t\t<div class=\"elementor-widget-container\">\n\t\t\t\t\t<h2 class=\"elementor-heading-title elementor-size-default\">Saborea los productos del mar en la mejillonera del Avi Agust\u00ed<\/h2>\t\t\t\t<\/div>\n\t\t\t\t<\/div>\n\t\t\t\t<div class=\"elementor-element elementor-element-1989353d elementor-widget elementor-widget-text-editor\" data-id=\"1989353d\" data-element_type=\"widget\" data-e-type=\"widget\" data-widget_type=\"text-editor.default\">\n\t\t\t\t<div class=\"elementor-widget-container\">\n\t\t\t\t\t\t\t\t\t<p>Vive una experiencia \u00fanica en el del delta del Ebro: emb\u00e1rcate en el barco taxi del Avi Agust\u00ed desde el puerto de la R\u00e0pita y navega por la tranquila bah\u00eda dels Alfacs. En la mejillonera, en pleno mar, descubrir\u00e1s los secretos del cultivo de moluscos y degustar\u00e1s sus productos gourmet, frescos y deliciosos, que har\u00e1n viajar tus sentidos.<\/p>\t\t\t\t\t\t\t\t<\/div>\n\t\t\t\t<\/div>\n\t\t\t\t<div class=\"elementor-element elementor-element-52e226c8 elementor-widget elementor-widget-heading\" data-id=\"52e226c8\" data-element_type=\"widget\" data-e-type=\"widget\" data-widget_type=\"heading.default\">\n\t\t\t\t<div class=\"elementor-widget-container\">\n\t\t\t\t\t<h2 class=\"elementor-heading-title elementor-size-default\">Visita las mejilloneras a tu aire<\/h2>\t\t\t\t<\/div>\n\t\t\t\t<\/div>\n\t\t\t\t<div class=\"elementor-element elementor-element-363bca0f elementor-widget elementor-widget-text-editor\" data-id=\"363bca0f\" data-element_type=\"widget\" data-e-type=\"widget\" data-widget_type=\"text-editor.default\">\n\t\t\t\t<div class=\"elementor-widget-container\">\n\t\t\t\t\t\t\t\t\t<p>Si prefieres disfrutar de los espect\u00e1culos que te ofrece la bah\u00eda de Els Alfacs a tu aire, tambi\u00e9n podr\u00e1s degustar los mejillones y ostras en la mejillonera del Avi Agust\u00ed llegando por tu cuenta. Te ofrecemos el alquiler de barca, kayak, tabla de paddle surf, windsurf o bicicleta de agua para que recorras la bah\u00eda hasta las mejilloneras.<\/p>\n\t\t\t\t\t\t\t\t<\/div>\n\t\t\t\t<\/div>\n\t\t\t\t<div class=\"elementor-element elementor-element-1e4ce13b elementor-widget elementor-widget-text-editor\" data-id=\"1e4ce13b\" data-element_type=\"widget\" data-e-type=\"widget\" data-widget_type=\"text-editor.default\">\n\t\t\t\t<div class=\"elementor-widget-container\">\n\t\t\t\t\t\t\t\t\t<p>En la Estaci\u00f3n N\u00e1utica La R\u00e0pita &#8211; Delta del Ebro queremos que vivas al m\u00e1ximo la experiencia m\u00e1s <i>top<\/i> que puedas hacer durante unas vacaciones o escapada con nosotros, ya vengas solo, con la pareja, la familia o los amigos, porqu\u00e9 ser\u00e1 una historia que recordar\u00e1s siempre.<\/p>\n\t\t\t\t\t\t\t\t<\/div>\n\t\t\t\t<\/div>\n\t\t\t\t\t<\/div>\n\t\t<\/div>\n\t\t\t\t\t<\/div>\n\t\t<\/section>\n\t\t\t\t<\/div>\n\t\t","protected":false},"excerpt":{"rendered":"<p>Degusta el mar del Ebro en la mejillonera del Avi Agust\u00ed Si quieres degustar los exquisitos mejillones y ostras del mar del Ebro, tu excursi\u00f3n inexcusable es la mejillonera del Avi Agust\u00ed, que te ofrece el placer de una degustaci\u00f3n de los productos estrella de la bah\u00eda de Els Alfacs en un entorno incomparable en&hellip; <a class=\"more-link\" href=\"https:\/\/enlarapita.com\/es\/que-hacer-o-ver\/ruta-de-las-mejilloneras\/avi-agusti\/\">Seguir leyendo <span class=\"screen-reader-text\">Mejillonera del Avi Agust\u00ed<\/span><\/a><\/p>\n","protected":false},"author":1,"featured_media":34398,"parent":13528,"menu_order":0,"comment_status":"closed","ping_status":"closed","template":"page-categories.php","meta":{"_acf_changed":false,"footnotes":""},"class_list":["post-13553","page","type-page","status-publish","has-post-thumbnail","hentry","entry"],"acf":[],"yoast_head":"<!-- This site is optimized with the Yoast SEO plugin v27.3 - https:\/\/yoast.com\/product\/yoast-seo-wordpress\/ -->\n<title>Mejillonera del Avi Agust\u00ed - Ruta de las mejilloneras en La R\u00e0pita<\/title>\n<meta name=\"description\" content=\"En la mejillonera del Avi Agust\u00ed en La R\u00e0pita puedes disfrutar de la experiencia de degustar mejillones y ostras en medio del mar.\" \/>\n<meta name=\"robots\" content=\"index, follow, max-snippet:-1, max-image-preview:large, max-video-preview:-1\" \/>\n<link rel=\"canonical\" href=\"https:\/\/enlarapita.com\/es\/que-hacer-o-ver\/ruta-de-las-mejilloneras\/avi-agusti\/\" \/>\n<meta property=\"og:locale\" content=\"es_ES\" \/>\n<meta property=\"og:type\" content=\"article\" \/>\n<meta property=\"og:title\" content=\"Mejillonera del Avi Agust\u00ed - Ruta de las mejilloneras en La R\u00e0pita\" \/>\n<meta property=\"og:description\" content=\"En la mejillonera del Avi Agust\u00ed en La R\u00e0pita puedes disfrutar de la experiencia de degustar mejillones y ostras en medio del mar.\" \/>\n<meta property=\"og:url\" content=\"https:\/\/enlarapita.com\/es\/que-hacer-o-ver\/ruta-de-las-mejilloneras\/avi-agusti\/\" \/>\n<meta property=\"og:site_name\" content=\"En la R\u00e0pita\" \/>\n<meta property=\"article:modified_time\" content=\"2025-04-03T13:13:46+00:00\" \/>\n<meta property=\"og:image\" content=\"https:\/\/enlarapita.com\/wp-content\/uploads\/2024\/03\/1W6A9881-R.jpg\" \/>\n\t<meta property=\"og:image:width\" content=\"1500\" \/>\n\t<meta property=\"og:image:height\" content=\"844\" \/>\n\t<meta property=\"og:image:type\" content=\"image\/jpeg\" \/>\n<meta name=\"twitter:card\" content=\"summary_large_image\" \/>\n<meta name=\"twitter:label1\" content=\"Tiempo de lectura\" \/>\n\t<meta name=\"twitter:data1\" content=\"2 minutos\" \/>\n<script type=\"application\/ld+json\" class=\"yoast-schema-graph\">{\"@context\":\"https:\\\/\\\/schema.org\",\"@graph\":[{\"@type\":\"WebPage\",\"@id\":\"https:\\\/\\\/enlarapita.com\\\/es\\\/que-hacer-o-ver\\\/ruta-de-las-mejilloneras\\\/avi-agusti\\\/\",\"url\":\"https:\\\/\\\/enlarapita.com\\\/es\\\/que-hacer-o-ver\\\/ruta-de-las-mejilloneras\\\/avi-agusti\\\/\",\"name\":\"Mejillonera del Avi Agust\u00ed - Ruta de las mejilloneras en La R\u00e0pita\",\"isPartOf\":{\"@id\":\"https:\\\/\\\/enlarapita.com\\\/es\\\/#website\"},\"primaryImageOfPage\":{\"@id\":\"https:\\\/\\\/enlarapita.com\\\/es\\\/que-hacer-o-ver\\\/ruta-de-las-mejilloneras\\\/avi-agusti\\\/#primaryimage\"},\"image\":{\"@id\":\"https:\\\/\\\/enlarapita.com\\\/es\\\/que-hacer-o-ver\\\/ruta-de-las-mejilloneras\\\/avi-agusti\\\/#primaryimage\"},\"thumbnailUrl\":\"https:\\\/\\\/enlarapita.com\\\/wp-content\\\/uploads\\\/2026\\\/03\\\/Avi-Agusti-en-sol.png\",\"datePublished\":\"2023-02-15T15:19:14+00:00\",\"dateModified\":\"2025-04-03T13:13:46+00:00\",\"description\":\"En la mejillonera del Avi Agust\u00ed en La R\u00e0pita puedes disfrutar de la experiencia de degustar mejillones y ostras en medio del mar.\",\"breadcrumb\":{\"@id\":\"https:\\\/\\\/enlarapita.com\\\/es\\\/que-hacer-o-ver\\\/ruta-de-las-mejilloneras\\\/avi-agusti\\\/#breadcrumb\"},\"inLanguage\":\"es\",\"potentialAction\":[{\"@type\":\"ReadAction\",\"target\":[\"https:\\\/\\\/enlarapita.com\\\/es\\\/que-hacer-o-ver\\\/ruta-de-las-mejilloneras\\\/avi-agusti\\\/\"]}]},{\"@type\":\"ImageObject\",\"inLanguage\":\"es\",\"@id\":\"https:\\\/\\\/enlarapita.com\\\/es\\\/que-hacer-o-ver\\\/ruta-de-las-mejilloneras\\\/avi-agusti\\\/#primaryimage\",\"url\":\"https:\\\/\\\/enlarapita.com\\\/wp-content\\\/uploads\\\/2026\\\/03\\\/Avi-Agusti-en-sol.png\",\"contentUrl\":\"https:\\\/\\\/enlarapita.com\\\/wp-content\\\/uploads\\\/2026\\\/03\\\/Avi-Agusti-en-sol.png\",\"width\":921,\"height\":1152},{\"@type\":\"BreadcrumbList\",\"@id\":\"https:\\\/\\\/enlarapita.com\\\/es\\\/que-hacer-o-ver\\\/ruta-de-las-mejilloneras\\\/avi-agusti\\\/#breadcrumb\",\"itemListElement\":[{\"@type\":\"ListItem\",\"position\":1,\"name\":\"Portada\",\"item\":\"https:\\\/\\\/enlarapita.com\\\/es\\\/\"},{\"@type\":\"ListItem\",\"position\":2,\"name\":\"Qu\u00e9 hacer o ver en La R\u00e0pita\",\"item\":\"https:\\\/\\\/enlarapita.com\\\/es\\\/que-hacer-o-ver\\\/\"},{\"@type\":\"ListItem\",\"position\":3,\"name\":\"Ruta de las mejilloneras en la R\u00e0pita\",\"item\":\"https:\\\/\\\/enlarapita.com\\\/es\\\/que-hacer-o-ver\\\/ruta-de-las-mejilloneras\\\/\"},{\"@type\":\"ListItem\",\"position\":4,\"name\":\"Mejillonera del Avi Agust\u00ed\"}]},{\"@type\":\"WebSite\",\"@id\":\"https:\\\/\\\/enlarapita.com\\\/es\\\/#website\",\"url\":\"https:\\\/\\\/enlarapita.com\\\/es\\\/\",\"name\":\"En la R\u00e0pita\",\"description\":\"\",\"publisher\":{\"@id\":\"https:\\\/\\\/enlarapita.com\\\/es\\\/#organization\"},\"potentialAction\":[{\"@type\":\"SearchAction\",\"target\":{\"@type\":\"EntryPoint\",\"urlTemplate\":\"https:\\\/\\\/enlarapita.com\\\/es\\\/?s={search_term_string}\"},\"query-input\":{\"@type\":\"PropertyValueSpecification\",\"valueRequired\":true,\"valueName\":\"search_term_string\"}}],\"inLanguage\":\"es\"},{\"@type\":\"Organization\",\"@id\":\"https:\\\/\\\/enlarapita.com\\\/es\\\/#organization\",\"name\":\"En la R\u00e0pita\",\"url\":\"https:\\\/\\\/enlarapita.com\\\/es\\\/\",\"logo\":{\"@type\":\"ImageObject\",\"inLanguage\":\"es\",\"@id\":\"https:\\\/\\\/enlarapita.com\\\/es\\\/#\\\/schema\\\/logo\\\/image\\\/\",\"url\":\"https:\\\/\\\/enlarapita.com\\\/wp-content\\\/uploads\\\/2021\\\/04\\\/cropped-logo-enlarapita-blau.png\",\"contentUrl\":\"https:\\\/\\\/enlarapita.com\\\/wp-content\\\/uploads\\\/2021\\\/04\\\/cropped-logo-enlarapita-blau.png\",\"width\":130,\"height\":19,\"caption\":\"En la R\u00e0pita\"},\"image\":{\"@id\":\"https:\\\/\\\/enlarapita.com\\\/es\\\/#\\\/schema\\\/logo\\\/image\\\/\"}}]}<\/script>\n<!-- \/ Yoast SEO plugin. -->","yoast_head_json":{"title":"Mejillonera del Avi Agust\u00ed - Ruta de las mejilloneras en La R\u00e0pita","description":"En la mejillonera del Avi Agust\u00ed en La R\u00e0pita puedes disfrutar de la experiencia de degustar mejillones y ostras en medio del mar.","robots":{"index":"index","follow":"follow","max-snippet":"max-snippet:-1","max-image-preview":"max-image-preview:large","max-video-preview":"max-video-preview:-1"},"canonical":"https:\/\/enlarapita.com\/es\/que-hacer-o-ver\/ruta-de-las-mejilloneras\/avi-agusti\/","og_locale":"es_ES","og_type":"article","og_title":"Mejillonera del Avi Agust\u00ed - Ruta de las mejilloneras en La R\u00e0pita","og_description":"En la mejillonera del Avi Agust\u00ed en La R\u00e0pita puedes disfrutar de la experiencia de degustar mejillones y ostras en medio del mar.","og_url":"https:\/\/enlarapita.com\/es\/que-hacer-o-ver\/ruta-de-las-mejilloneras\/avi-agusti\/","og_site_name":"En la R\u00e0pita","article_modified_time":"2025-04-03T13:13:46+00:00","og_image":[{"width":1500,"height":844,"url":"https:\/\/enlarapita.com\/wp-content\/uploads\/2024\/03\/1W6A9881-R.jpg","type":"image\/jpeg"}],"twitter_card":"summary_large_image","twitter_misc":{"Tiempo de lectura":"2 minutos"},"schema":{"@context":"https:\/\/schema.org","@graph":[{"@type":"WebPage","@id":"https:\/\/enlarapita.com\/es\/que-hacer-o-ver\/ruta-de-las-mejilloneras\/avi-agusti\/","url":"https:\/\/enlarapita.com\/es\/que-hacer-o-ver\/ruta-de-las-mejilloneras\/avi-agusti\/","name":"Mejillonera del Avi Agust\u00ed - Ruta de las mejilloneras en La R\u00e0pita","isPartOf":{"@id":"https:\/\/enlarapita.com\/es\/#website"},"primaryImageOfPage":{"@id":"https:\/\/enlarapita.com\/es\/que-hacer-o-ver\/ruta-de-las-mejilloneras\/avi-agusti\/#primaryimage"},"image":{"@id":"https:\/\/enlarapita.com\/es\/que-hacer-o-ver\/ruta-de-las-mejilloneras\/avi-agusti\/#primaryimage"},"thumbnailUrl":"https:\/\/enlarapita.com\/wp-content\/uploads\/2026\/03\/Avi-Agusti-en-sol.png","datePublished":"2023-02-15T15:19:14+00:00","dateModified":"2025-04-03T13:13:46+00:00","description":"En la mejillonera del Avi Agust\u00ed en La R\u00e0pita puedes disfrutar de la experiencia de degustar mejillones y ostras en medio del mar.","breadcrumb":{"@id":"https:\/\/enlarapita.com\/es\/que-hacer-o-ver\/ruta-de-las-mejilloneras\/avi-agusti\/#breadcrumb"},"inLanguage":"es","potentialAction":[{"@type":"ReadAction","target":["https:\/\/enlarapita.com\/es\/que-hacer-o-ver\/ruta-de-las-mejilloneras\/avi-agusti\/"]}]},{"@type":"ImageObject","inLanguage":"es","@id":"https:\/\/enlarapita.com\/es\/que-hacer-o-ver\/ruta-de-las-mejilloneras\/avi-agusti\/#primaryimage","url":"https:\/\/enlarapita.com\/wp-content\/uploads\/2026\/03\/Avi-Agusti-en-sol.png","contentUrl":"https:\/\/enlarapita.com\/wp-content\/uploads\/2026\/03\/Avi-Agusti-en-sol.png","width":921,"height":1152},{"@type":"BreadcrumbList","@id":"https:\/\/enlarapita.com\/es\/que-hacer-o-ver\/ruta-de-las-mejilloneras\/avi-agusti\/#breadcrumb","itemListElement":[{"@type":"ListItem","position":1,"name":"Portada","item":"https:\/\/enlarapita.com\/es\/"},{"@type":"ListItem","position":2,"name":"Qu\u00e9 hacer o ver en La R\u00e0pita","item":"https:\/\/enlarapita.com\/es\/que-hacer-o-ver\/"},{"@type":"ListItem","position":3,"name":"Ruta de las mejilloneras en la R\u00e0pita","item":"https:\/\/enlarapita.com\/es\/que-hacer-o-ver\/ruta-de-las-mejilloneras\/"},{"@type":"ListItem","position":4,"name":"Mejillonera del Avi Agust\u00ed"}]},{"@type":"WebSite","@id":"https:\/\/enlarapita.com\/es\/#website","url":"https:\/\/enlarapita.com\/es\/","name":"En la R\u00e0pita","description":"","publisher":{"@id":"https:\/\/enlarapita.com\/es\/#organization"},"potentialAction":[{"@type":"SearchAction","target":{"@type":"EntryPoint","urlTemplate":"https:\/\/enlarapita.com\/es\/?s={search_term_string}"},"query-input":{"@type":"PropertyValueSpecification","valueRequired":true,"valueName":"search_term_string"}}],"inLanguage":"es"},{"@type":"Organization","@id":"https:\/\/enlarapita.com\/es\/#organization","name":"En la R\u00e0pita","url":"https:\/\/enlarapita.com\/es\/","logo":{"@type":"ImageObject","inLanguage":"es","@id":"https:\/\/enlarapita.com\/es\/#\/schema\/logo\/image\/","url":"https:\/\/enlarapita.com\/wp-content\/uploads\/2021\/04\/cropped-logo-enlarapita-blau.png","contentUrl":"https:\/\/enlarapita.com\/wp-content\/uploads\/2021\/04\/cropped-logo-enlarapita-blau.png","width":130,"height":19,"caption":"En la R\u00e0pita"},"image":{"@id":"https:\/\/enlarapita.com\/es\/#\/schema\/logo\/image\/"}}]}},"_links":{"self":[{"href":"https:\/\/enlarapita.com\/es\/wp-json\/wp\/v2\/pages\/13553","targetHints":{"allow":["GET"]}}],"collection":[{"href":"https:\/\/enlarapita.com\/es\/wp-json\/wp\/v2\/pages"}],"about":[{"href":"https:\/\/enlarapita.com\/es\/wp-json\/wp\/v2\/types\/page"}],"author":[{"embeddable":true,"href":"https:\/\/enlarapita.com\/es\/wp-json\/wp\/v2\/users\/1"}],"replies":[{"embeddable":true,"href":"https:\/\/enlarapita.com\/es\/wp-json\/wp\/v2\/comments?post=13553"}],"version-history":[{"count":9,"href":"https:\/\/enlarapita.com\/es\/wp-json\/wp\/v2\/pages\/13553\/revisions"}],"predecessor-version":[{"id":33027,"href":"https:\/\/enlarapita.com\/es\/wp-json\/wp\/v2\/pages\/13553\/revisions\/33027"}],"up":[{"embeddable":true,"href":"https:\/\/enlarapita.com\/es\/wp-json\/wp\/v2\/pages\/13528"}],"wp:featuredmedia":[{"embeddable":true,"href":"https:\/\/enlarapita.com\/es\/wp-json\/wp\/v2\/media\/34398"}],"wp:attachment":[{"href":"https:\/\/enlarapita.com\/es\/wp-json\/wp\/v2\/media?parent=13553"}],"curies":[{"name":"wp","href":"https:\/\/api.w.org\/{rel}","templated":true}]}}