{"id":13478,"date":"2023-02-15T09:48:50","date_gmt":"2023-02-15T08:48:50","guid":{"rendered":"https:\/\/globals.app\/enlarapita\/que-hacer-o-ver\/actividades-acuaticas\/windsurf\/"},"modified":"2023-03-02T12:16:21","modified_gmt":"2023-03-02T11:16:21","slug":"windsurf","status":"publish","type":"page","link":"https:\/\/enlarapita.com\/es\/que-hacer-o-ver\/actividades-acuaticas\/windsurf\/","title":{"rendered":"Windsurf en La R\u00e0pita"},"content":{"rendered":"\t\t<div data-elementor-type=\"wp-page\" data-elementor-id=\"13478\" class=\"elementor elementor-13478 elementor-13331\" data-elementor-post-type=\"page\">\n\t\t\t\t\t\t<section class=\"elementor-section elementor-top-section elementor-element elementor-element-2ee71218 elementor-section-content-middle elementor-section-boxed elementor-section-height-default elementor-section-height-default\" data-id=\"2ee71218\" data-element_type=\"section\" data-e-type=\"section\">\n\t\t\t\t\t\t<div class=\"elementor-container elementor-column-gap-default\">\n\t\t\t\t\t<div class=\"elementor-column elementor-col-50 elementor-top-column elementor-element elementor-element-36447829\" data-id=\"36447829\" data-element_type=\"column\" data-e-type=\"column\">\n\t\t\t<div class=\"elementor-widget-wrap elementor-element-populated\">\n\t\t\t\t\t\t<div class=\"elementor-element elementor-element-7e7d2f53 elementor-widget elementor-widget-heading\" data-id=\"7e7d2f53\" data-element_type=\"widget\" data-e-type=\"widget\" data-widget_type=\"heading.default\">\n\t\t\t\t<div class=\"elementor-widget-container\">\n\t\t\t\t\t<h2 class=\"elementor-heading-title elementor-size-default\">Ad\u00e9ntrate en la bah\u00eda surfeando<\/h2>\t\t\t\t<\/div>\n\t\t\t\t<\/div>\n\t\t\t\t<div class=\"elementor-element elementor-element-64fd6a81 elementor-widget elementor-widget-text-editor\" data-id=\"64fd6a81\" data-element_type=\"widget\" data-e-type=\"widget\" data-widget_type=\"text-editor.default\">\n\t\t\t\t<div class=\"elementor-widget-container\">\n\t\t\t\t\t\t\t\t\t<p>Aprovecha la velocidad del viento, la formaci\u00f3n de las olas y ad\u00e9ntrate en la bah\u00eda de Els Alfacs haciendo surf en La R\u00e0pita. Si eres un experto, te ofrecemos el alquiler de todo el material para hacer surf, tabla, vela, botavara, neoprenos, y puedes planear sobre el mar del Ebro desde las playas o desde el puerto de La R\u00e0pita.<\/p>\n\t\t\t\t\t\t\t\t<\/div>\n\t\t\t\t<\/div>\n\t\t\t\t<div class=\"elementor-element elementor-element-5298da80 elementor-widget elementor-widget-heading\" data-id=\"5298da80\" data-element_type=\"widget\" data-e-type=\"widget\" data-widget_type=\"heading.default\">\n\t\t\t\t<div class=\"elementor-widget-container\">\n\t\t\t\t\t<h2 class=\"elementor-heading-title elementor-size-default\">Aprende windsurf desde el primer d\u00eda<\/h2>\t\t\t\t<\/div>\n\t\t\t\t<\/div>\n\t\t\t\t<div class=\"elementor-element elementor-element-361052c elementor-widget elementor-widget-text-editor\" data-id=\"361052c\" data-element_type=\"widget\" data-e-type=\"widget\" data-widget_type=\"text-editor.default\">\n\t\t\t\t<div class=\"elementor-widget-container\">\n\t\t\t\t\t\t\t\t\t<p>Si tu deseo es aprender windsurf en La R\u00e0pita, encontrar\u00e1s las mejores condiciones para hacer que esta actividad acu\u00e1tica sea tu predilecta, porque las aguas y los vientos de la bah\u00eda de Els Alfacs, junto con el m\u00e9todo eficiente de nuestros profesionales, har\u00e1n que puedas aprender a surfear desde el primer d\u00eda.<\/p>\n\t\t\t\t\t\t\t\t<\/div>\n\t\t\t\t<\/div>\n\t\t\t\t\t<\/div>\n\t\t<\/div>\n\t\t\t\t<div class=\"elementor-column elementor-col-50 elementor-top-column elementor-element elementor-element-1d3d6605\" data-id=\"1d3d6605\" data-element_type=\"column\" data-e-type=\"column\">\n\t\t\t<div class=\"elementor-widget-wrap elementor-element-populated\">\n\t\t\t\t\t\t<div class=\"elementor-element elementor-element-5ab1ac88 elementor-widget elementor-widget-image\" data-id=\"5ab1ac88\" data-element_type=\"widget\" data-e-type=\"widget\" data-widget_type=\"image.default\">\n\t\t\t\t<div class=\"elementor-widget-container\">\n\t\t\t\t\t\t\t\t\t\t\t\t\t\t\t<img fetchpriority=\"high\" decoding=\"async\" width=\"880\" height=\"640\" src=\"https:\/\/enlarapita.com\/wp-content\/uploads\/2023\/02\/880x640windsurf.jpg\" class=\"attachment-full size-full wp-image-14361\" alt=\"\" srcset=\"https:\/\/enlarapita.com\/wp-content\/uploads\/2023\/02\/880x640windsurf.jpg 880w, https:\/\/enlarapita.com\/wp-content\/uploads\/2023\/02\/880x640windsurf-300x218.jpg 300w, https:\/\/enlarapita.com\/wp-content\/uploads\/2023\/02\/880x640windsurf-768x559.jpg 768w\" sizes=\"(max-width: 880px) 100vw, 880px\" style=\"width:100%;height:72.73%;max-width:880px\" \/>\t\t\t\t\t\t\t\t\t\t\t\t\t\t\t<\/div>\n\t\t\t\t<\/div>\n\t\t\t\t\t<\/div>\n\t\t<\/div>\n\t\t\t\t\t<\/div>\n\t\t<\/section>\n\t\t\t\t<section class=\"elementor-section elementor-top-section elementor-element elementor-element-2a4a617e elementor-section-content-middle elementor-reverse-tablet elementor-reverse-mobile elementor-section-boxed elementor-section-height-default elementor-section-height-default\" data-id=\"2a4a617e\" data-element_type=\"section\" data-e-type=\"section\">\n\t\t\t\t\t\t<div class=\"elementor-container elementor-column-gap-default\">\n\t\t\t\t\t<div class=\"elementor-column elementor-col-50 elementor-top-column elementor-element elementor-element-398157f3\" data-id=\"398157f3\" data-element_type=\"column\" data-e-type=\"column\">\n\t\t\t<div class=\"elementor-widget-wrap elementor-element-populated\">\n\t\t\t\t\t\t<div class=\"elementor-element elementor-element-50e38699 elementor-widget elementor-widget-image\" data-id=\"50e38699\" data-element_type=\"widget\" data-e-type=\"widget\" data-widget_type=\"image.default\">\n\t\t\t\t<div class=\"elementor-widget-container\">\n\t\t\t\t\t\t\t\t\t\t\t\t\t\t\t<img decoding=\"async\" width=\"880\" height=\"640\" src=\"https:\/\/enlarapita.com\/wp-content\/uploads\/2023\/02\/880x640_2windsurf.jpg\" class=\"attachment-full size-full wp-image-14369\" alt=\"\" srcset=\"https:\/\/enlarapita.com\/wp-content\/uploads\/2023\/02\/880x640_2windsurf.jpg 880w, https:\/\/enlarapita.com\/wp-content\/uploads\/2023\/02\/880x640_2windsurf-300x218.jpg 300w, https:\/\/enlarapita.com\/wp-content\/uploads\/2023\/02\/880x640_2windsurf-768x559.jpg 768w\" sizes=\"(max-width: 880px) 100vw, 880px\" style=\"width:100%;height:72.73%;max-width:880px\" \/>\t\t\t\t\t\t\t\t\t\t\t\t\t\t\t<\/div>\n\t\t\t\t<\/div>\n\t\t\t\t\t<\/div>\n\t\t<\/div>\n\t\t\t\t<div class=\"elementor-column elementor-col-50 elementor-top-column elementor-element elementor-element-219d6a9\" data-id=\"219d6a9\" data-element_type=\"column\" data-e-type=\"column\">\n\t\t\t<div class=\"elementor-widget-wrap elementor-element-populated\">\n\t\t\t\t\t\t<div class=\"elementor-element elementor-element-ebe0215 elementor-widget elementor-widget-heading\" data-id=\"ebe0215\" data-element_type=\"widget\" data-e-type=\"widget\" data-widget_type=\"heading.default\">\n\t\t\t\t<div class=\"elementor-widget-container\">\n\t\t\t\t\t<h2 class=\"elementor-heading-title elementor-size-default\">Surfea en pareja<\/h2>\t\t\t\t<\/div>\n\t\t\t\t<\/div>\n\t\t\t\t<div class=\"elementor-element elementor-element-4761dcc8 elementor-widget elementor-widget-text-editor\" data-id=\"4761dcc8\" data-element_type=\"widget\" data-e-type=\"widget\" data-widget_type=\"text-editor.default\">\n\t\t\t\t<div class=\"elementor-widget-container\">\n\t\t\t\t\t\t\t\t\t<p>Vivir la experiencia del surf en pareja es una manera distinta de disfrutar de tus vacaciones o escapadas tur\u00edsticas en La R\u00e0pita. Tenemos sesiones de windsurf para que aprend\u00e1is juntos a coordinaros para una navegaci\u00f3n ideal y para vivir de otra forma el aprendizaje del surf en unas condiciones perfectas.<\/p>\n\t\t\t\t\t\t\t\t<\/div>\n\t\t\t\t<\/div>\n\t\t\t\t<div class=\"elementor-element elementor-element-90e1ec3 elementor-widget elementor-widget-text-editor\" data-id=\"90e1ec3\" data-element_type=\"widget\" data-e-type=\"widget\" data-widget_type=\"text-editor.default\">\n\t\t\t\t<div class=\"elementor-widget-container\">\n\t\t\t\t\t\t\t\t\t<p>Desde la Estaci\u00f3n N\u00e1utica La R\u00e0pita &#8211; Delta del Ebro os recomendamos que, si quer\u00e9is una experiencia diferente, os decid\u00e1is por el windsurf en La R\u00e0pita. Os garantizamos que podr\u00e9is navegar desde el primer d\u00eda y aprovechar\u00e9is al m\u00e1ximo vuestra estancia con nosotros.<\/p>\n\t\t\t\t\t\t\t\t<\/div>\n\t\t\t\t<\/div>\n\t\t\t\t\t<\/div>\n\t\t<\/div>\n\t\t\t\t\t<\/div>\n\t\t<\/section>\n\t\t\t\t<\/div>\n\t\t","protected":false},"excerpt":{"rendered":"<p>Ad\u00e9ntrate en la bah\u00eda surfeando Aprovecha la velocidad del viento, la formaci\u00f3n de las olas y ad\u00e9ntrate en la bah\u00eda de Els Alfacs haciendo surf en La R\u00e0pita. Si eres un experto, te ofrecemos el alquiler de todo el material para hacer surf, tabla, vela, botavara, neoprenos, y puedes planear sobre el mar del Ebro&hellip; <a class=\"more-link\" href=\"https:\/\/enlarapita.com\/es\/que-hacer-o-ver\/actividades-acuaticas\/windsurf\/\">Seguir leyendo <span class=\"screen-reader-text\">Windsurf en La R\u00e0pita<\/span><\/a><\/p>\n","protected":false},"author":1,"featured_media":14380,"parent":13447,"menu_order":0,"comment_status":"closed","ping_status":"closed","template":"page-categories.php","meta":{"_acf_changed":false,"footnotes":""},"class_list":["post-13478","page","type-page","status-publish","has-post-thumbnail","hentry","entry"],"acf":[],"yoast_head":"<!-- This site is optimized with the Yoast SEO plugin v27.4 - https:\/\/yoast.com\/product\/yoast-seo-wordpress\/ -->\n<title>Windsurf en La R\u00e0pita - Actividades acu\u00e1ticas<\/title>\n<meta name=\"description\" content=\"\u00bfHas planeado alguna vez sobre el mar haciendo windsurf en La R\u00e0pita? Aqu\u00ed dominar las olas y los vientos es toda una experiencia.\" \/>\n<meta name=\"robots\" content=\"index, follow, max-snippet:-1, max-image-preview:large, max-video-preview:-1\" \/>\n<link rel=\"canonical\" href=\"https:\/\/enlarapita.com\/es\/que-hacer-o-ver\/actividades-acuaticas\/windsurf\/\" \/>\n<meta property=\"og:locale\" content=\"es_ES\" \/>\n<meta property=\"og:type\" content=\"article\" \/>\n<meta property=\"og:title\" content=\"Windsurf en La R\u00e0pita - Actividades acu\u00e1ticas\" \/>\n<meta property=\"og:description\" content=\"\u00bfHas planeado alguna vez sobre el mar haciendo windsurf en La R\u00e0pita? Aqu\u00ed dominar las olas y los vientos es toda una experiencia.\" \/>\n<meta property=\"og:url\" content=\"https:\/\/enlarapita.com\/es\/que-hacer-o-ver\/actividades-acuaticas\/windsurf\/\" \/>\n<meta property=\"og:site_name\" content=\"En la R\u00e0pita\" \/>\n<meta property=\"article:modified_time\" content=\"2023-03-02T11:16:21+00:00\" \/>\n<meta property=\"og:image\" content=\"https:\/\/enlarapita.com\/wp-content\/uploads\/2023\/02\/1920x400windsurf.jpg\" \/>\n\t<meta property=\"og:image:width\" content=\"1920\" \/>\n\t<meta property=\"og:image:height\" content=\"400\" \/>\n\t<meta property=\"og:image:type\" content=\"image\/jpeg\" \/>\n<meta name=\"twitter:card\" content=\"summary_large_image\" \/>\n<meta name=\"twitter:label1\" content=\"Tiempo de lectura\" \/>\n\t<meta name=\"twitter:data1\" content=\"2 minutos\" \/>\n<script type=\"application\/ld+json\" class=\"yoast-schema-graph\">{\"@context\":\"https:\\\/\\\/schema.org\",\"@graph\":[{\"@type\":\"WebPage\",\"@id\":\"https:\\\/\\\/enlarapita.com\\\/es\\\/que-hacer-o-ver\\\/actividades-acuaticas\\\/windsurf\\\/\",\"url\":\"https:\\\/\\\/enlarapita.com\\\/es\\\/que-hacer-o-ver\\\/actividades-acuaticas\\\/windsurf\\\/\",\"name\":\"Windsurf en La R\u00e0pita - Actividades acu\u00e1ticas\",\"isPartOf\":{\"@id\":\"https:\\\/\\\/enlarapita.com\\\/es\\\/#website\"},\"primaryImageOfPage\":{\"@id\":\"https:\\\/\\\/enlarapita.com\\\/es\\\/que-hacer-o-ver\\\/actividades-acuaticas\\\/windsurf\\\/#primaryimage\"},\"image\":{\"@id\":\"https:\\\/\\\/enlarapita.com\\\/es\\\/que-hacer-o-ver\\\/actividades-acuaticas\\\/windsurf\\\/#primaryimage\"},\"thumbnailUrl\":\"https:\\\/\\\/enlarapita.com\\\/wp-content\\\/uploads\\\/2023\\\/02\\\/1920x400windsurf.jpg\",\"datePublished\":\"2023-02-15T08:48:50+00:00\",\"dateModified\":\"2023-03-02T11:16:21+00:00\",\"description\":\"\u00bfHas planeado alguna vez sobre el mar haciendo windsurf en La R\u00e0pita? Aqu\u00ed dominar las olas y los vientos es toda una experiencia.\",\"breadcrumb\":{\"@id\":\"https:\\\/\\\/enlarapita.com\\\/es\\\/que-hacer-o-ver\\\/actividades-acuaticas\\\/windsurf\\\/#breadcrumb\"},\"inLanguage\":\"es\",\"potentialAction\":[{\"@type\":\"ReadAction\",\"target\":[\"https:\\\/\\\/enlarapita.com\\\/es\\\/que-hacer-o-ver\\\/actividades-acuaticas\\\/windsurf\\\/\"]}]},{\"@type\":\"ImageObject\",\"inLanguage\":\"es\",\"@id\":\"https:\\\/\\\/enlarapita.com\\\/es\\\/que-hacer-o-ver\\\/actividades-acuaticas\\\/windsurf\\\/#primaryimage\",\"url\":\"https:\\\/\\\/enlarapita.com\\\/wp-content\\\/uploads\\\/2023\\\/02\\\/1920x400windsurf.jpg\",\"contentUrl\":\"https:\\\/\\\/enlarapita.com\\\/wp-content\\\/uploads\\\/2023\\\/02\\\/1920x400windsurf.jpg\",\"width\":1920,\"height\":400,\"caption\":\"Windsurf a la R\u00e0pita\"},{\"@type\":\"BreadcrumbList\",\"@id\":\"https:\\\/\\\/enlarapita.com\\\/es\\\/que-hacer-o-ver\\\/actividades-acuaticas\\\/windsurf\\\/#breadcrumb\",\"itemListElement\":[{\"@type\":\"ListItem\",\"position\":1,\"name\":\"Portada\",\"item\":\"https:\\\/\\\/enlarapita.com\\\/es\\\/\"},{\"@type\":\"ListItem\",\"position\":2,\"name\":\"Qu\u00e9 hacer o ver en La R\u00e0pita\",\"item\":\"https:\\\/\\\/enlarapita.com\\\/es\\\/que-hacer-o-ver\\\/\"},{\"@type\":\"ListItem\",\"position\":3,\"name\":\"Actividades acu\u00e1ticas en La R\u00e0pita\",\"item\":\"https:\\\/\\\/enlarapita.com\\\/es\\\/que-hacer-o-ver\\\/actividades-acuaticas\\\/\"},{\"@type\":\"ListItem\",\"position\":4,\"name\":\"Windsurf en La R\u00e0pita\"}]},{\"@type\":\"WebSite\",\"@id\":\"https:\\\/\\\/enlarapita.com\\\/es\\\/#website\",\"url\":\"https:\\\/\\\/enlarapita.com\\\/es\\\/\",\"name\":\"En la R\u00e0pita\",\"description\":\"\",\"publisher\":{\"@id\":\"https:\\\/\\\/enlarapita.com\\\/es\\\/#organization\"},\"potentialAction\":[{\"@type\":\"SearchAction\",\"target\":{\"@type\":\"EntryPoint\",\"urlTemplate\":\"https:\\\/\\\/enlarapita.com\\\/es\\\/?s={search_term_string}\"},\"query-input\":{\"@type\":\"PropertyValueSpecification\",\"valueRequired\":true,\"valueName\":\"search_term_string\"}}],\"inLanguage\":\"es\"},{\"@type\":\"Organization\",\"@id\":\"https:\\\/\\\/enlarapita.com\\\/es\\\/#organization\",\"name\":\"En la R\u00e0pita\",\"url\":\"https:\\\/\\\/enlarapita.com\\\/es\\\/\",\"logo\":{\"@type\":\"ImageObject\",\"inLanguage\":\"es\",\"@id\":\"https:\\\/\\\/enlarapita.com\\\/es\\\/#\\\/schema\\\/logo\\\/image\\\/\",\"url\":\"https:\\\/\\\/enlarapita.com\\\/wp-content\\\/uploads\\\/2021\\\/04\\\/cropped-logo-enlarapita-blau.png\",\"contentUrl\":\"https:\\\/\\\/enlarapita.com\\\/wp-content\\\/uploads\\\/2021\\\/04\\\/cropped-logo-enlarapita-blau.png\",\"width\":130,\"height\":19,\"caption\":\"En la R\u00e0pita\"},\"image\":{\"@id\":\"https:\\\/\\\/enlarapita.com\\\/es\\\/#\\\/schema\\\/logo\\\/image\\\/\"}}]}<\/script>\n<!-- \/ Yoast SEO plugin. -->","yoast_head_json":{"title":"Windsurf en La R\u00e0pita - Actividades acu\u00e1ticas","description":"\u00bfHas planeado alguna vez sobre el mar haciendo windsurf en La R\u00e0pita? Aqu\u00ed dominar las olas y los vientos es toda una experiencia.","robots":{"index":"index","follow":"follow","max-snippet":"max-snippet:-1","max-image-preview":"max-image-preview:large","max-video-preview":"max-video-preview:-1"},"canonical":"https:\/\/enlarapita.com\/es\/que-hacer-o-ver\/actividades-acuaticas\/windsurf\/","og_locale":"es_ES","og_type":"article","og_title":"Windsurf en La R\u00e0pita - Actividades acu\u00e1ticas","og_description":"\u00bfHas planeado alguna vez sobre el mar haciendo windsurf en La R\u00e0pita? Aqu\u00ed dominar las olas y los vientos es toda una experiencia.","og_url":"https:\/\/enlarapita.com\/es\/que-hacer-o-ver\/actividades-acuaticas\/windsurf\/","og_site_name":"En la R\u00e0pita","article_modified_time":"2023-03-02T11:16:21+00:00","og_image":[{"width":1920,"height":400,"url":"https:\/\/enlarapita.com\/wp-content\/uploads\/2023\/02\/1920x400windsurf.jpg","type":"image\/jpeg"}],"twitter_card":"summary_large_image","twitter_misc":{"Tiempo de lectura":"2 minutos"},"schema":{"@context":"https:\/\/schema.org","@graph":[{"@type":"WebPage","@id":"https:\/\/enlarapita.com\/es\/que-hacer-o-ver\/actividades-acuaticas\/windsurf\/","url":"https:\/\/enlarapita.com\/es\/que-hacer-o-ver\/actividades-acuaticas\/windsurf\/","name":"Windsurf en La R\u00e0pita - Actividades acu\u00e1ticas","isPartOf":{"@id":"https:\/\/enlarapita.com\/es\/#website"},"primaryImageOfPage":{"@id":"https:\/\/enlarapita.com\/es\/que-hacer-o-ver\/actividades-acuaticas\/windsurf\/#primaryimage"},"image":{"@id":"https:\/\/enlarapita.com\/es\/que-hacer-o-ver\/actividades-acuaticas\/windsurf\/#primaryimage"},"thumbnailUrl":"https:\/\/enlarapita.com\/wp-content\/uploads\/2023\/02\/1920x400windsurf.jpg","datePublished":"2023-02-15T08:48:50+00:00","dateModified":"2023-03-02T11:16:21+00:00","description":"\u00bfHas planeado alguna vez sobre el mar haciendo windsurf en La R\u00e0pita? Aqu\u00ed dominar las olas y los vientos es toda una experiencia.","breadcrumb":{"@id":"https:\/\/enlarapita.com\/es\/que-hacer-o-ver\/actividades-acuaticas\/windsurf\/#breadcrumb"},"inLanguage":"es","potentialAction":[{"@type":"ReadAction","target":["https:\/\/enlarapita.com\/es\/que-hacer-o-ver\/actividades-acuaticas\/windsurf\/"]}]},{"@type":"ImageObject","inLanguage":"es","@id":"https:\/\/enlarapita.com\/es\/que-hacer-o-ver\/actividades-acuaticas\/windsurf\/#primaryimage","url":"https:\/\/enlarapita.com\/wp-content\/uploads\/2023\/02\/1920x400windsurf.jpg","contentUrl":"https:\/\/enlarapita.com\/wp-content\/uploads\/2023\/02\/1920x400windsurf.jpg","width":1920,"height":400,"caption":"Windsurf a la R\u00e0pita"},{"@type":"BreadcrumbList","@id":"https:\/\/enlarapita.com\/es\/que-hacer-o-ver\/actividades-acuaticas\/windsurf\/#breadcrumb","itemListElement":[{"@type":"ListItem","position":1,"name":"Portada","item":"https:\/\/enlarapita.com\/es\/"},{"@type":"ListItem","position":2,"name":"Qu\u00e9 hacer o ver en La R\u00e0pita","item":"https:\/\/enlarapita.com\/es\/que-hacer-o-ver\/"},{"@type":"ListItem","position":3,"name":"Actividades acu\u00e1ticas en La R\u00e0pita","item":"https:\/\/enlarapita.com\/es\/que-hacer-o-ver\/actividades-acuaticas\/"},{"@type":"ListItem","position":4,"name":"Windsurf en La R\u00e0pita"}]},{"@type":"WebSite","@id":"https:\/\/enlarapita.com\/es\/#website","url":"https:\/\/enlarapita.com\/es\/","name":"En la R\u00e0pita","description":"","publisher":{"@id":"https:\/\/enlarapita.com\/es\/#organization"},"potentialAction":[{"@type":"SearchAction","target":{"@type":"EntryPoint","urlTemplate":"https:\/\/enlarapita.com\/es\/?s={search_term_string}"},"query-input":{"@type":"PropertyValueSpecification","valueRequired":true,"valueName":"search_term_string"}}],"inLanguage":"es"},{"@type":"Organization","@id":"https:\/\/enlarapita.com\/es\/#organization","name":"En la R\u00e0pita","url":"https:\/\/enlarapita.com\/es\/","logo":{"@type":"ImageObject","inLanguage":"es","@id":"https:\/\/enlarapita.com\/es\/#\/schema\/logo\/image\/","url":"https:\/\/enlarapita.com\/wp-content\/uploads\/2021\/04\/cropped-logo-enlarapita-blau.png","contentUrl":"https:\/\/enlarapita.com\/wp-content\/uploads\/2021\/04\/cropped-logo-enlarapita-blau.png","width":130,"height":19,"caption":"En la R\u00e0pita"},"image":{"@id":"https:\/\/enlarapita.com\/es\/#\/schema\/logo\/image\/"}}]}},"_links":{"self":[{"href":"https:\/\/enlarapita.com\/es\/wp-json\/wp\/v2\/pages\/13478","targetHints":{"allow":["GET"]}}],"collection":[{"href":"https:\/\/enlarapita.com\/es\/wp-json\/wp\/v2\/pages"}],"about":[{"href":"https:\/\/enlarapita.com\/es\/wp-json\/wp\/v2\/types\/page"}],"author":[{"embeddable":true,"href":"https:\/\/enlarapita.com\/es\/wp-json\/wp\/v2\/users\/1"}],"replies":[{"embeddable":true,"href":"https:\/\/enlarapita.com\/es\/wp-json\/wp\/v2\/comments?post=13478"}],"version-history":[{"count":0,"href":"https:\/\/enlarapita.com\/es\/wp-json\/wp\/v2\/pages\/13478\/revisions"}],"up":[{"embeddable":true,"href":"https:\/\/enlarapita.com\/es\/wp-json\/wp\/v2\/pages\/13447"}],"wp:featuredmedia":[{"embeddable":true,"href":"https:\/\/enlarapita.com\/es\/wp-json\/wp\/v2\/media\/14380"}],"wp:attachment":[{"href":"https:\/\/enlarapita.com\/es\/wp-json\/wp\/v2\/media?parent=13478"}],"curies":[{"name":"wp","href":"https:\/\/api.w.org\/{rel}","templated":true}]}}