{"id":13476,"date":"2023-02-15T09:47:51","date_gmt":"2023-02-15T08:47:51","guid":{"rendered":"https:\/\/globals.app\/enlarapita\/que-hacer-o-ver\/actividades-acuaticas\/sea-bike\/"},"modified":"2023-03-17T20:05:46","modified_gmt":"2023-03-17T19:05:46","slug":"sea-bike","status":"publish","type":"page","link":"https:\/\/enlarapita.com\/es\/que-hacer-o-ver\/actividades-acuaticas\/sea-bike\/","title":{"rendered":"Sea bike en La R\u00e0pita"},"content":{"rendered":"\t\t<div data-elementor-type=\"wp-page\" data-elementor-id=\"13476\" class=\"elementor elementor-13476 elementor-13335\" data-elementor-post-type=\"page\">\n\t\t\t\t\t\t<section class=\"elementor-section elementor-top-section elementor-element elementor-element-14b234cb elementor-section-content-middle elementor-section-boxed elementor-section-height-default elementor-section-height-default\" data-id=\"14b234cb\" data-element_type=\"section\" data-e-type=\"section\">\n\t\t\t\t\t\t<div class=\"elementor-container elementor-column-gap-default\">\n\t\t\t\t\t<div class=\"elementor-column elementor-col-50 elementor-top-column elementor-element elementor-element-57a6ae50\" data-id=\"57a6ae50\" data-element_type=\"column\" data-e-type=\"column\">\n\t\t\t<div class=\"elementor-widget-wrap elementor-element-populated\">\n\t\t\t\t\t\t<div class=\"elementor-element elementor-element-7e10c115 elementor-widget elementor-widget-heading\" data-id=\"7e10c115\" data-element_type=\"widget\" data-e-type=\"widget\" data-widget_type=\"heading.default\">\n\t\t\t\t<div class=\"elementor-widget-container\">\n\t\t\t\t\t<h2 class=\"elementor-heading-title elementor-size-default\">M\u00f3ntate en una bicicleta de agua en La R\u00e0pita<\/h2>\t\t\t\t<\/div>\n\t\t\t\t<\/div>\n\t\t\t\t<div class=\"elementor-element elementor-element-4484c43f elementor-widget elementor-widget-text-editor\" data-id=\"4484c43f\" data-element_type=\"widget\" data-e-type=\"widget\" data-widget_type=\"text-editor.default\">\n\t\t\t\t<div class=\"elementor-widget-container\">\n\t\t\t\t\t\t\t\t\t<p>Tenemos una oportunidad \u00fanica para ti que no puedes dejar escapar, porque subir a una <i>sea bike<\/i> en La R\u00e0pita es sin\u00f3nimo de diversi\u00f3n segura. Una actividad que puede hacer cualquier persona porque una bici de agua es muy f\u00e1cil de manejar y porque tenemos las aguas ideales de la bah\u00eda de Els Alfacs. Ser\u00e1 como ir por las calles de tu ciudad.<\/p>\n\t\t\t\t\t\t\t\t<\/div>\n\t\t\t\t<\/div>\n\t\t\t\t<div class=\"elementor-element elementor-element-6d2d05c3 elementor-widget elementor-widget-heading\" data-id=\"6d2d05c3\" data-element_type=\"widget\" data-e-type=\"widget\" data-widget_type=\"heading.default\">\n\t\t\t\t<div class=\"elementor-widget-container\">\n\t\t\t\t\t<h2 class=\"elementor-heading-title elementor-size-default\">Una manera diferente de disfrutar del mar<\/h2>\t\t\t\t<\/div>\n\t\t\t\t<\/div>\n\t\t\t\t<div class=\"elementor-element elementor-element-6b45574d elementor-widget elementor-widget-text-editor\" data-id=\"6b45574d\" data-element_type=\"widget\" data-e-type=\"widget\" data-widget_type=\"text-editor.default\">\n\t\t\t\t<div class=\"elementor-widget-container\">\n\t\t\t\t\t\t\t\t\t<p>Si buscas una manera diferente de disfrutar del mar, pasear, descubrir espacios naturales, contemplar el vuelo de los flamencos, dejarte llevar y divertirte, la mejor opci\u00f3n es subir en una de nuestras bicicletas de agua y empezar a pedalear sobre el mar del Ebro.<\/p>\n\t\t\t\t\t\t\t\t<\/div>\n\t\t\t\t<\/div>\n\t\t\t\t\t<\/div>\n\t\t<\/div>\n\t\t\t\t<div class=\"elementor-column elementor-col-50 elementor-top-column elementor-element elementor-element-749c6fd2\" data-id=\"749c6fd2\" data-element_type=\"column\" data-e-type=\"column\">\n\t\t\t<div class=\"elementor-widget-wrap elementor-element-populated\">\n\t\t\t\t\t\t<div class=\"elementor-element elementor-element-1d5cc98 elementor-widget elementor-widget-image\" data-id=\"1d5cc98\" data-element_type=\"widget\" data-e-type=\"widget\" data-widget_type=\"image.default\">\n\t\t\t\t<div class=\"elementor-widget-container\">\n\t\t\t\t\t\t\t\t\t\t\t\t\t\t\t<img fetchpriority=\"high\" decoding=\"async\" width=\"880\" height=\"880\" src=\"https:\/\/enlarapita.com\/wp-content\/uploads\/2023\/03\/880-1-imagen_exp.jpg\" class=\"attachment-full size-full wp-image-15771\" alt=\"\" srcset=\"https:\/\/enlarapita.com\/wp-content\/uploads\/2023\/03\/880-1-imagen_exp.jpg 880w, https:\/\/enlarapita.com\/wp-content\/uploads\/2023\/03\/880-1-imagen_exp-300x300.jpg 300w, https:\/\/enlarapita.com\/wp-content\/uploads\/2023\/03\/880-1-imagen_exp-150x150.jpg 150w, https:\/\/enlarapita.com\/wp-content\/uploads\/2023\/03\/880-1-imagen_exp-768x768.jpg 768w\" sizes=\"(max-width: 880px) 100vw, 880px\" style=\"width:100%;height:100%;max-width:880px\" \/>\t\t\t\t\t\t\t\t\t\t\t\t\t\t\t<\/div>\n\t\t\t\t<\/div>\n\t\t\t\t\t<\/div>\n\t\t<\/div>\n\t\t\t\t\t<\/div>\n\t\t<\/section>\n\t\t\t\t<section class=\"elementor-section elementor-top-section elementor-element elementor-element-3a0225e3 elementor-section-content-middle elementor-reverse-tablet elementor-reverse-mobile elementor-section-boxed elementor-section-height-default elementor-section-height-default\" data-id=\"3a0225e3\" data-element_type=\"section\" data-e-type=\"section\">\n\t\t\t\t\t\t<div class=\"elementor-container elementor-column-gap-default\">\n\t\t\t\t\t<div class=\"elementor-column elementor-col-50 elementor-top-column elementor-element elementor-element-25d8c682\" data-id=\"25d8c682\" data-element_type=\"column\" data-e-type=\"column\">\n\t\t\t<div class=\"elementor-widget-wrap elementor-element-populated\">\n\t\t\t\t\t\t<div class=\"elementor-element elementor-element-83dd8cd elementor-widget elementor-widget-image\" data-id=\"83dd8cd\" data-element_type=\"widget\" data-e-type=\"widget\" data-widget_type=\"image.default\">\n\t\t\t\t<div class=\"elementor-widget-container\">\n\t\t\t\t\t\t\t\t\t\t\t\t\t\t\t<img decoding=\"async\" width=\"880\" height=\"880\" src=\"https:\/\/enlarapita.com\/wp-content\/uploads\/2023\/03\/880-2imagen_exp.jpg\" class=\"attachment-full size-full wp-image-15775\" alt=\"\" srcset=\"https:\/\/enlarapita.com\/wp-content\/uploads\/2023\/03\/880-2imagen_exp.jpg 880w, https:\/\/enlarapita.com\/wp-content\/uploads\/2023\/03\/880-2imagen_exp-300x300.jpg 300w, https:\/\/enlarapita.com\/wp-content\/uploads\/2023\/03\/880-2imagen_exp-150x150.jpg 150w, https:\/\/enlarapita.com\/wp-content\/uploads\/2023\/03\/880-2imagen_exp-768x768.jpg 768w\" sizes=\"(max-width: 880px) 100vw, 880px\" style=\"width:100%;height:100%;max-width:880px\" \/>\t\t\t\t\t\t\t\t\t\t\t\t\t\t\t<\/div>\n\t\t\t\t<\/div>\n\t\t\t\t\t<\/div>\n\t\t<\/div>\n\t\t\t\t<div class=\"elementor-column elementor-col-50 elementor-top-column elementor-element elementor-element-25362c04\" data-id=\"25362c04\" data-element_type=\"column\" data-e-type=\"column\">\n\t\t\t<div class=\"elementor-widget-wrap elementor-element-populated\">\n\t\t\t\t\t\t<div class=\"elementor-element elementor-element-7d0ba400 elementor-widget elementor-widget-heading\" data-id=\"7d0ba400\" data-element_type=\"widget\" data-e-type=\"widget\" data-widget_type=\"heading.default\">\n\t\t\t\t<div class=\"elementor-widget-container\">\n\t\t\t\t\t<h3 class=\"elementor-heading-title elementor-size-default\">Diversi\u00f3n segura en una bici de agua<\/h3>\t\t\t\t<\/div>\n\t\t\t\t<\/div>\n\t\t\t\t<div class=\"elementor-element elementor-element-7d812f7 elementor-widget elementor-widget-text-editor\" data-id=\"7d812f7\" data-element_type=\"widget\" data-e-type=\"widget\" data-widget_type=\"text-editor.default\">\n\t\t\t\t<div class=\"elementor-widget-container\">\n\t\t\t\t\t\t\t\t\t<p>Si no has subido nunca a una bicicleta de agua es una actividad acu\u00e1tica perfecta para los amantes de las bicis y una experiencia imprescindible para todas las personas que buscan la m\u00e1xima diversi\u00f3n y nuevas sensaciones. Sea solo o en compa\u00f1\u00eda, te ofrecemos el alquiler de <i>sea bikes<\/i> en La R\u00e0pita para que disfrutes de unas vacaciones ideales o un fin de semana inolvidable.<\/p>\n\t\t\t\t\t\t\t\t<\/div>\n\t\t\t\t<\/div>\n\t\t\t\t<div class=\"elementor-element elementor-element-cf0aea9 elementor-widget elementor-widget-text-editor\" data-id=\"cf0aea9\" data-element_type=\"widget\" data-e-type=\"widget\" data-widget_type=\"text-editor.default\">\n\t\t\t\t<div class=\"elementor-widget-container\">\n\t\t\t\t\t\t\t\t\t<p>En la Estaci\u00f3n N\u00e1utica La R\u00e0pita &#8211; Delta del Ebro te proponemos una variada oferta de actividades acu\u00e1ticas y deportes n\u00e1uticos para que vivas al m\u00e1ximo las sensaciones que te ofrece el mar y te aseguramos la diversi\u00f3n con las rutas en bicicletas de agua que te proponemos.<\/p>\n\t\t\t\t\t\t\t\t<\/div>\n\t\t\t\t<\/div>\n\t\t\t\t\t<\/div>\n\t\t<\/div>\n\t\t\t\t\t<\/div>\n\t\t<\/section>\n\t\t\t\t<\/div>\n\t\t","protected":false},"excerpt":{"rendered":"<p>M\u00f3ntate en una bicicleta de agua en La R\u00e0pita Tenemos una oportunidad \u00fanica para ti que no puedes dejar escapar, porque subir a una sea bike en La R\u00e0pita es sin\u00f3nimo de diversi\u00f3n segura. Una actividad que puede hacer cualquier persona porque una bici de agua es muy f\u00e1cil de manejar y porque tenemos las&hellip; <a class=\"more-link\" href=\"https:\/\/enlarapita.com\/es\/que-hacer-o-ver\/actividades-acuaticas\/sea-bike\/\">Seguir leyendo <span class=\"screen-reader-text\">Sea bike en La R\u00e0pita<\/span><\/a><\/p>\n","protected":false},"author":1,"featured_media":15630,"parent":13447,"menu_order":0,"comment_status":"closed","ping_status":"closed","template":"page-categories.php","meta":{"_acf_changed":false,"footnotes":""},"class_list":["post-13476","page","type-page","status-publish","has-post-thumbnail","hentry","entry"],"acf":[],"yoast_head":"<!-- This site is optimized with the Yoast SEO plugin v27.4 - https:\/\/yoast.com\/product\/yoast-seo-wordpress\/ -->\n<title>Sea bike en La R\u00e0pita - Actividades acu\u00e1ticas<\/title>\n<meta name=\"description\" content=\"\u00bfHas probado alguna vez pedalear sobre el mar? Te ofrecemos la posibilidad de disfrutar de una experiencia \u00fanica con sea bike en La R\u00e0pita.\" \/>\n<meta name=\"robots\" content=\"index, follow, max-snippet:-1, max-image-preview:large, max-video-preview:-1\" \/>\n<link rel=\"canonical\" href=\"https:\/\/enlarapita.com\/es\/que-hacer-o-ver\/actividades-acuaticas\/sea-bike\/\" \/>\n<meta property=\"og:locale\" content=\"es_ES\" \/>\n<meta property=\"og:type\" content=\"article\" \/>\n<meta property=\"og:title\" content=\"Sea bike en La R\u00e0pita - Actividades acu\u00e1ticas\" \/>\n<meta property=\"og:description\" content=\"\u00bfHas probado alguna vez pedalear sobre el mar? Te ofrecemos la posibilidad de disfrutar de una experiencia \u00fanica con sea bike en La R\u00e0pita.\" \/>\n<meta property=\"og:url\" content=\"https:\/\/enlarapita.com\/es\/que-hacer-o-ver\/actividades-acuaticas\/sea-bike\/\" \/>\n<meta property=\"og:site_name\" content=\"En la R\u00e0pita\" \/>\n<meta property=\"article:modified_time\" content=\"2023-03-17T19:05:46+00:00\" \/>\n<meta property=\"og:image\" content=\"https:\/\/enlarapita.com\/wp-content\/uploads\/2023\/03\/1920-trabucador.jpg\" \/>\n\t<meta property=\"og:image:width\" content=\"1920\" \/>\n\t<meta property=\"og:image:height\" content=\"400\" \/>\n\t<meta property=\"og:image:type\" content=\"image\/jpeg\" \/>\n<meta name=\"twitter:card\" content=\"summary_large_image\" \/>\n<meta name=\"twitter:label1\" content=\"Tiempo de lectura\" \/>\n\t<meta name=\"twitter:data1\" content=\"2 minutos\" \/>\n<script type=\"application\/ld+json\" class=\"yoast-schema-graph\">{\"@context\":\"https:\\\/\\\/schema.org\",\"@graph\":[{\"@type\":\"WebPage\",\"@id\":\"https:\\\/\\\/enlarapita.com\\\/es\\\/que-hacer-o-ver\\\/actividades-acuaticas\\\/sea-bike\\\/\",\"url\":\"https:\\\/\\\/enlarapita.com\\\/es\\\/que-hacer-o-ver\\\/actividades-acuaticas\\\/sea-bike\\\/\",\"name\":\"Sea bike en La R\u00e0pita - Actividades acu\u00e1ticas\",\"isPartOf\":{\"@id\":\"https:\\\/\\\/enlarapita.com\\\/es\\\/#website\"},\"primaryImageOfPage\":{\"@id\":\"https:\\\/\\\/enlarapita.com\\\/es\\\/que-hacer-o-ver\\\/actividades-acuaticas\\\/sea-bike\\\/#primaryimage\"},\"image\":{\"@id\":\"https:\\\/\\\/enlarapita.com\\\/es\\\/que-hacer-o-ver\\\/actividades-acuaticas\\\/sea-bike\\\/#primaryimage\"},\"thumbnailUrl\":\"https:\\\/\\\/enlarapita.com\\\/wp-content\\\/uploads\\\/2023\\\/03\\\/1920-trabucador.jpg\",\"datePublished\":\"2023-02-15T08:47:51+00:00\",\"dateModified\":\"2023-03-17T19:05:46+00:00\",\"description\":\"\u00bfHas probado alguna vez pedalear sobre el mar? Te ofrecemos la posibilidad de disfrutar de una experiencia \u00fanica con sea bike en La R\u00e0pita.\",\"breadcrumb\":{\"@id\":\"https:\\\/\\\/enlarapita.com\\\/es\\\/que-hacer-o-ver\\\/actividades-acuaticas\\\/sea-bike\\\/#breadcrumb\"},\"inLanguage\":\"es\",\"potentialAction\":[{\"@type\":\"ReadAction\",\"target\":[\"https:\\\/\\\/enlarapita.com\\\/es\\\/que-hacer-o-ver\\\/actividades-acuaticas\\\/sea-bike\\\/\"]}]},{\"@type\":\"ImageObject\",\"inLanguage\":\"es\",\"@id\":\"https:\\\/\\\/enlarapita.com\\\/es\\\/que-hacer-o-ver\\\/actividades-acuaticas\\\/sea-bike\\\/#primaryimage\",\"url\":\"https:\\\/\\\/enlarapita.com\\\/wp-content\\\/uploads\\\/2023\\\/03\\\/1920-trabucador.jpg\",\"contentUrl\":\"https:\\\/\\\/enlarapita.com\\\/wp-content\\\/uploads\\\/2023\\\/03\\\/1920-trabucador.jpg\",\"width\":1920,\"height\":400},{\"@type\":\"BreadcrumbList\",\"@id\":\"https:\\\/\\\/enlarapita.com\\\/es\\\/que-hacer-o-ver\\\/actividades-acuaticas\\\/sea-bike\\\/#breadcrumb\",\"itemListElement\":[{\"@type\":\"ListItem\",\"position\":1,\"name\":\"Portada\",\"item\":\"https:\\\/\\\/enlarapita.com\\\/es\\\/\"},{\"@type\":\"ListItem\",\"position\":2,\"name\":\"Qu\u00e9 hacer o ver en La R\u00e0pita\",\"item\":\"https:\\\/\\\/enlarapita.com\\\/es\\\/que-hacer-o-ver\\\/\"},{\"@type\":\"ListItem\",\"position\":3,\"name\":\"Actividades acu\u00e1ticas en La R\u00e0pita\",\"item\":\"https:\\\/\\\/enlarapita.com\\\/es\\\/que-hacer-o-ver\\\/actividades-acuaticas\\\/\"},{\"@type\":\"ListItem\",\"position\":4,\"name\":\"Sea bike en La R\u00e0pita\"}]},{\"@type\":\"WebSite\",\"@id\":\"https:\\\/\\\/enlarapita.com\\\/es\\\/#website\",\"url\":\"https:\\\/\\\/enlarapita.com\\\/es\\\/\",\"name\":\"En la R\u00e0pita\",\"description\":\"\",\"publisher\":{\"@id\":\"https:\\\/\\\/enlarapita.com\\\/es\\\/#organization\"},\"potentialAction\":[{\"@type\":\"SearchAction\",\"target\":{\"@type\":\"EntryPoint\",\"urlTemplate\":\"https:\\\/\\\/enlarapita.com\\\/es\\\/?s={search_term_string}\"},\"query-input\":{\"@type\":\"PropertyValueSpecification\",\"valueRequired\":true,\"valueName\":\"search_term_string\"}}],\"inLanguage\":\"es\"},{\"@type\":\"Organization\",\"@id\":\"https:\\\/\\\/enlarapita.com\\\/es\\\/#organization\",\"name\":\"En la R\u00e0pita\",\"url\":\"https:\\\/\\\/enlarapita.com\\\/es\\\/\",\"logo\":{\"@type\":\"ImageObject\",\"inLanguage\":\"es\",\"@id\":\"https:\\\/\\\/enlarapita.com\\\/es\\\/#\\\/schema\\\/logo\\\/image\\\/\",\"url\":\"https:\\\/\\\/enlarapita.com\\\/wp-content\\\/uploads\\\/2021\\\/04\\\/cropped-logo-enlarapita-blau.png\",\"contentUrl\":\"https:\\\/\\\/enlarapita.com\\\/wp-content\\\/uploads\\\/2021\\\/04\\\/cropped-logo-enlarapita-blau.png\",\"width\":130,\"height\":19,\"caption\":\"En la R\u00e0pita\"},\"image\":{\"@id\":\"https:\\\/\\\/enlarapita.com\\\/es\\\/#\\\/schema\\\/logo\\\/image\\\/\"}}]}<\/script>\n<!-- \/ Yoast SEO plugin. -->","yoast_head_json":{"title":"Sea bike en La R\u00e0pita - Actividades acu\u00e1ticas","description":"\u00bfHas probado alguna vez pedalear sobre el mar? Te ofrecemos la posibilidad de disfrutar de una experiencia \u00fanica con sea bike en La R\u00e0pita.","robots":{"index":"index","follow":"follow","max-snippet":"max-snippet:-1","max-image-preview":"max-image-preview:large","max-video-preview":"max-video-preview:-1"},"canonical":"https:\/\/enlarapita.com\/es\/que-hacer-o-ver\/actividades-acuaticas\/sea-bike\/","og_locale":"es_ES","og_type":"article","og_title":"Sea bike en La R\u00e0pita - Actividades acu\u00e1ticas","og_description":"\u00bfHas probado alguna vez pedalear sobre el mar? Te ofrecemos la posibilidad de disfrutar de una experiencia \u00fanica con sea bike en La R\u00e0pita.","og_url":"https:\/\/enlarapita.com\/es\/que-hacer-o-ver\/actividades-acuaticas\/sea-bike\/","og_site_name":"En la R\u00e0pita","article_modified_time":"2023-03-17T19:05:46+00:00","og_image":[{"width":1920,"height":400,"url":"https:\/\/enlarapita.com\/wp-content\/uploads\/2023\/03\/1920-trabucador.jpg","type":"image\/jpeg"}],"twitter_card":"summary_large_image","twitter_misc":{"Tiempo de lectura":"2 minutos"},"schema":{"@context":"https:\/\/schema.org","@graph":[{"@type":"WebPage","@id":"https:\/\/enlarapita.com\/es\/que-hacer-o-ver\/actividades-acuaticas\/sea-bike\/","url":"https:\/\/enlarapita.com\/es\/que-hacer-o-ver\/actividades-acuaticas\/sea-bike\/","name":"Sea bike en La R\u00e0pita - Actividades acu\u00e1ticas","isPartOf":{"@id":"https:\/\/enlarapita.com\/es\/#website"},"primaryImageOfPage":{"@id":"https:\/\/enlarapita.com\/es\/que-hacer-o-ver\/actividades-acuaticas\/sea-bike\/#primaryimage"},"image":{"@id":"https:\/\/enlarapita.com\/es\/que-hacer-o-ver\/actividades-acuaticas\/sea-bike\/#primaryimage"},"thumbnailUrl":"https:\/\/enlarapita.com\/wp-content\/uploads\/2023\/03\/1920-trabucador.jpg","datePublished":"2023-02-15T08:47:51+00:00","dateModified":"2023-03-17T19:05:46+00:00","description":"\u00bfHas probado alguna vez pedalear sobre el mar? Te ofrecemos la posibilidad de disfrutar de una experiencia \u00fanica con sea bike en La R\u00e0pita.","breadcrumb":{"@id":"https:\/\/enlarapita.com\/es\/que-hacer-o-ver\/actividades-acuaticas\/sea-bike\/#breadcrumb"},"inLanguage":"es","potentialAction":[{"@type":"ReadAction","target":["https:\/\/enlarapita.com\/es\/que-hacer-o-ver\/actividades-acuaticas\/sea-bike\/"]}]},{"@type":"ImageObject","inLanguage":"es","@id":"https:\/\/enlarapita.com\/es\/que-hacer-o-ver\/actividades-acuaticas\/sea-bike\/#primaryimage","url":"https:\/\/enlarapita.com\/wp-content\/uploads\/2023\/03\/1920-trabucador.jpg","contentUrl":"https:\/\/enlarapita.com\/wp-content\/uploads\/2023\/03\/1920-trabucador.jpg","width":1920,"height":400},{"@type":"BreadcrumbList","@id":"https:\/\/enlarapita.com\/es\/que-hacer-o-ver\/actividades-acuaticas\/sea-bike\/#breadcrumb","itemListElement":[{"@type":"ListItem","position":1,"name":"Portada","item":"https:\/\/enlarapita.com\/es\/"},{"@type":"ListItem","position":2,"name":"Qu\u00e9 hacer o ver en La R\u00e0pita","item":"https:\/\/enlarapita.com\/es\/que-hacer-o-ver\/"},{"@type":"ListItem","position":3,"name":"Actividades acu\u00e1ticas en La R\u00e0pita","item":"https:\/\/enlarapita.com\/es\/que-hacer-o-ver\/actividades-acuaticas\/"},{"@type":"ListItem","position":4,"name":"Sea bike en La R\u00e0pita"}]},{"@type":"WebSite","@id":"https:\/\/enlarapita.com\/es\/#website","url":"https:\/\/enlarapita.com\/es\/","name":"En la R\u00e0pita","description":"","publisher":{"@id":"https:\/\/enlarapita.com\/es\/#organization"},"potentialAction":[{"@type":"SearchAction","target":{"@type":"EntryPoint","urlTemplate":"https:\/\/enlarapita.com\/es\/?s={search_term_string}"},"query-input":{"@type":"PropertyValueSpecification","valueRequired":true,"valueName":"search_term_string"}}],"inLanguage":"es"},{"@type":"Organization","@id":"https:\/\/enlarapita.com\/es\/#organization","name":"En la R\u00e0pita","url":"https:\/\/enlarapita.com\/es\/","logo":{"@type":"ImageObject","inLanguage":"es","@id":"https:\/\/enlarapita.com\/es\/#\/schema\/logo\/image\/","url":"https:\/\/enlarapita.com\/wp-content\/uploads\/2021\/04\/cropped-logo-enlarapita-blau.png","contentUrl":"https:\/\/enlarapita.com\/wp-content\/uploads\/2021\/04\/cropped-logo-enlarapita-blau.png","width":130,"height":19,"caption":"En la R\u00e0pita"},"image":{"@id":"https:\/\/enlarapita.com\/es\/#\/schema\/logo\/image\/"}}]}},"_links":{"self":[{"href":"https:\/\/enlarapita.com\/es\/wp-json\/wp\/v2\/pages\/13476","targetHints":{"allow":["GET"]}}],"collection":[{"href":"https:\/\/enlarapita.com\/es\/wp-json\/wp\/v2\/pages"}],"about":[{"href":"https:\/\/enlarapita.com\/es\/wp-json\/wp\/v2\/types\/page"}],"author":[{"embeddable":true,"href":"https:\/\/enlarapita.com\/es\/wp-json\/wp\/v2\/users\/1"}],"replies":[{"embeddable":true,"href":"https:\/\/enlarapita.com\/es\/wp-json\/wp\/v2\/comments?post=13476"}],"version-history":[{"count":0,"href":"https:\/\/enlarapita.com\/es\/wp-json\/wp\/v2\/pages\/13476\/revisions"}],"up":[{"embeddable":true,"href":"https:\/\/enlarapita.com\/es\/wp-json\/wp\/v2\/pages\/13447"}],"wp:featuredmedia":[{"embeddable":true,"href":"https:\/\/enlarapita.com\/es\/wp-json\/wp\/v2\/media\/15630"}],"wp:attachment":[{"href":"https:\/\/enlarapita.com\/es\/wp-json\/wp\/v2\/media?parent=13476"}],"curies":[{"name":"wp","href":"https:\/\/api.w.org\/{rel}","templated":true}]}}