{"id":13475,"date":"2023-02-15T09:47:33","date_gmt":"2023-02-15T08:47:33","guid":{"rendered":"https:\/\/globals.app\/enlarapita\/que-hacer-o-ver\/actividades-acuaticas\/paddle-surf\/"},"modified":"2023-03-02T11:44:46","modified_gmt":"2023-03-02T10:44:46","slug":"paddle-surf","status":"publish","type":"page","link":"https:\/\/enlarapita.com\/es\/que-hacer-o-ver\/actividades-acuaticas\/paddle-surf\/","title":{"rendered":"Paddle surf en La R\u00e0pita"},"content":{"rendered":"\t\t<div data-elementor-type=\"wp-page\" data-elementor-id=\"13475\" class=\"elementor elementor-13475 elementor-13329\" data-elementor-post-type=\"page\">\n\t\t\t\t\t\t<section class=\"elementor-section elementor-top-section elementor-element elementor-element-71bcd0ab elementor-section-content-middle elementor-section-boxed elementor-section-height-default elementor-section-height-default\" data-id=\"71bcd0ab\" data-element_type=\"section\" data-e-type=\"section\">\n\t\t\t\t\t\t<div class=\"elementor-container elementor-column-gap-default\">\n\t\t\t\t\t<div class=\"elementor-column elementor-col-50 elementor-top-column elementor-element elementor-element-7b16867d\" data-id=\"7b16867d\" data-element_type=\"column\" data-e-type=\"column\">\n\t\t\t<div class=\"elementor-widget-wrap elementor-element-populated\">\n\t\t\t\t\t\t<div class=\"elementor-element elementor-element-65c1d2c9 elementor-widget elementor-widget-heading\" data-id=\"65c1d2c9\" data-element_type=\"widget\" data-e-type=\"widget\" data-widget_type=\"heading.default\">\n\t\t\t\t<div class=\"elementor-widget-container\">\n\t\t\t\t\t<h2 class=\"elementor-heading-title elementor-size-default\">Pasea en una tabla de paddle surf<\/h2>\t\t\t\t<\/div>\n\t\t\t\t<\/div>\n\t\t\t\t<div class=\"elementor-element elementor-element-4c40c9b6 elementor-widget elementor-widget-text-editor\" data-id=\"4c40c9b6\" data-element_type=\"widget\" data-e-type=\"widget\" data-widget_type=\"text-editor.default\">\n\t\t\t\t<div class=\"elementor-widget-container\">\n\t\t\t\t\t\t\t\t\t<p>Pasear en una tabla de paddle surf sobre las calmadas aguas de la bah\u00eda de Els Alfacs, ver un salida de sol en el medio del mar, acercarte pausadamente a las aves, descubrir la curiosa flora marina y visitar las mejilloneras son algunas de las experiencias indescriptibles que solo podr\u00e1s vivir aqu\u00ed.<\/p>\n\t\t\t\t\t\t\t\t<\/div>\n\t\t\t\t<\/div>\n\t\t\t\t<div class=\"elementor-element elementor-element-40869e64 elementor-widget elementor-widget-heading\" data-id=\"40869e64\" data-element_type=\"widget\" data-e-type=\"widget\" data-widget_type=\"heading.default\">\n\t\t\t\t<div class=\"elementor-widget-container\">\n\t\t\t\t\t<h2 class=\"elementor-heading-title elementor-size-default\">Descubre los rincones de la bah\u00eda de Els Alfacs<\/h2>\t\t\t\t<\/div>\n\t\t\t\t<\/div>\n\t\t\t\t<div class=\"elementor-element elementor-element-7f68ef58 elementor-widget elementor-widget-text-editor\" data-id=\"7f68ef58\" data-element_type=\"widget\" data-e-type=\"widget\" data-widget_type=\"text-editor.default\">\n\t\t\t\t<div class=\"elementor-widget-container\">\n\t\t\t\t\t\t\t\t\t<p>Una jornada de paddle surf en La R\u00e0pita la podr\u00e1s hacer todo el a\u00f1o, porque tenemos propuestas que no podr\u00e1s rechazar. Te ofrecemos alquiler de tablas de paddle surf (SUP) y todo el material que necesites para salir al mar y, si lo prefieres, tenemos rutas con nuestros profesionales que te ense\u00f1ar\u00e1n los rincones m\u00e1s escondidos de la bah\u00eda y te dar\u00e1n la seguridad que buscas con la ayuda extra de una lancha motora.<\/p>\n\t\t\t\t\t\t\t\t<\/div>\n\t\t\t\t<\/div>\n\t\t\t\t\t<\/div>\n\t\t<\/div>\n\t\t\t\t<div class=\"elementor-column elementor-col-50 elementor-top-column elementor-element elementor-element-7625bbb8\" data-id=\"7625bbb8\" data-element_type=\"column\" data-e-type=\"column\">\n\t\t\t<div class=\"elementor-widget-wrap elementor-element-populated\">\n\t\t\t\t\t\t<div class=\"elementor-element elementor-element-60237b23 elementor-widget elementor-widget-image\" data-id=\"60237b23\" data-element_type=\"widget\" data-e-type=\"widget\" data-widget_type=\"image.default\">\n\t\t\t\t<div class=\"elementor-widget-container\">\n\t\t\t\t\t\t\t\t\t\t\t\t\t\t\t<img fetchpriority=\"high\" decoding=\"async\" width=\"880\" height=\"640\" src=\"https:\/\/enlarapita.com\/wp-content\/uploads\/2023\/02\/880x640paddlesurf.jpg\" class=\"attachment-full size-full wp-image-14340\" alt=\"\" srcset=\"https:\/\/enlarapita.com\/wp-content\/uploads\/2023\/02\/880x640paddlesurf.jpg 880w, https:\/\/enlarapita.com\/wp-content\/uploads\/2023\/02\/880x640paddlesurf-300x218.jpg 300w, https:\/\/enlarapita.com\/wp-content\/uploads\/2023\/02\/880x640paddlesurf-768x559.jpg 768w\" sizes=\"(max-width: 880px) 100vw, 880px\" style=\"width:100%;height:72.73%;max-width:880px\" \/>\t\t\t\t\t\t\t\t\t\t\t\t\t\t\t<\/div>\n\t\t\t\t<\/div>\n\t\t\t\t\t<\/div>\n\t\t<\/div>\n\t\t\t\t\t<\/div>\n\t\t<\/section>\n\t\t\t\t<section class=\"elementor-section elementor-top-section elementor-element elementor-element-2be83be8 elementor-section-content-middle elementor-reverse-tablet elementor-reverse-mobile elementor-section-boxed elementor-section-height-default elementor-section-height-default\" data-id=\"2be83be8\" data-element_type=\"section\" data-e-type=\"section\">\n\t\t\t\t\t\t<div class=\"elementor-container elementor-column-gap-default\">\n\t\t\t\t\t<div class=\"elementor-column elementor-col-50 elementor-top-column elementor-element elementor-element-1e83e180\" data-id=\"1e83e180\" data-element_type=\"column\" data-e-type=\"column\">\n\t\t\t<div class=\"elementor-widget-wrap elementor-element-populated\">\n\t\t\t\t\t\t<div class=\"elementor-element elementor-element-5017e540 elementor-widget elementor-widget-image\" data-id=\"5017e540\" data-element_type=\"widget\" data-e-type=\"widget\" data-widget_type=\"image.default\">\n\t\t\t\t<div class=\"elementor-widget-container\">\n\t\t\t\t\t\t\t\t\t\t\t\t\t\t\t<img decoding=\"async\" width=\"880\" height=\"640\" src=\"https:\/\/enlarapita.com\/wp-content\/uploads\/2023\/02\/880x640_2paddlesurf.jpg\" class=\"attachment-full size-full wp-image-14344\" alt=\"\" srcset=\"https:\/\/enlarapita.com\/wp-content\/uploads\/2023\/02\/880x640_2paddlesurf.jpg 880w, https:\/\/enlarapita.com\/wp-content\/uploads\/2023\/02\/880x640_2paddlesurf-300x218.jpg 300w, https:\/\/enlarapita.com\/wp-content\/uploads\/2023\/02\/880x640_2paddlesurf-768x559.jpg 768w\" sizes=\"(max-width: 880px) 100vw, 880px\" style=\"width:100%;height:72.73%;max-width:880px\" \/>\t\t\t\t\t\t\t\t\t\t\t\t\t\t\t<\/div>\n\t\t\t\t<\/div>\n\t\t\t\t\t<\/div>\n\t\t<\/div>\n\t\t\t\t<div class=\"elementor-column elementor-col-50 elementor-top-column elementor-element elementor-element-56ce0061\" data-id=\"56ce0061\" data-element_type=\"column\" data-e-type=\"column\">\n\t\t\t<div class=\"elementor-widget-wrap elementor-element-populated\">\n\t\t\t\t\t\t<div class=\"elementor-element elementor-element-138bb00f elementor-widget elementor-widget-heading\" data-id=\"138bb00f\" data-element_type=\"widget\" data-e-type=\"widget\" data-widget_type=\"heading.default\">\n\t\t\t\t<div class=\"elementor-widget-container\">\n\t\t\t\t\t<h2 class=\"elementor-heading-title elementor-size-default\">Con o sin experiencia, practica el SUP<\/h2>\t\t\t\t<\/div>\n\t\t\t\t<\/div>\n\t\t\t\t<div class=\"elementor-element elementor-element-263bc527 elementor-widget elementor-widget-text-editor\" data-id=\"263bc527\" data-element_type=\"widget\" data-e-type=\"widget\" data-widget_type=\"text-editor.default\">\n\t\t\t\t<div class=\"elementor-widget-container\">\n\t\t\t\t\t\t\t\t\t<p>Aunque el equilibrio es importante, practicar el SUP en La R\u00e0pita ser\u00e1 una experiencia muy f\u00e1cil y divertida porque en la tabla puedes ir de pie, de rodillas o sentado y podr\u00e1s salir desde la playa de Garb\u00ed, con poca profundidad, y bordear las playas locales. En cambio, si ya eres un experto y quieres demostrar tu destreza y dominio sobre la tabla, podr\u00e1s salir del puerto de La R\u00e0pita y adentrarte en la bah\u00eda.<\/p>\n\t\t\t\t\t\t\t\t<\/div>\n\t\t\t\t<\/div>\n\t\t\t\t<div class=\"elementor-element elementor-element-5c578425 elementor-widget elementor-widget-text-editor\" data-id=\"5c578425\" data-element_type=\"widget\" data-e-type=\"widget\" data-widget_type=\"text-editor.default\">\n\t\t\t\t<div class=\"elementor-widget-container\">\n\t\t\t\t\t\t\t\t\t<p>Si buscas experimentar sensaciones \u00fanicas caminando sobre el agua, en la Estaci\u00f3n N\u00e1utica La R\u00e0pita &#8211; Delta del Ebro tenemos las propuestas m\u00e1s divertidas para que puedas hacer paddle surf los 365 d\u00edas del a\u00f1o. \u00a1Seguro que repetir\u00e1s!<\/p>\n\t\t\t\t\t\t\t\t<\/div>\n\t\t\t\t<\/div>\n\t\t\t\t\t<\/div>\n\t\t<\/div>\n\t\t\t\t\t<\/div>\n\t\t<\/section>\n\t\t\t\t<\/div>\n\t\t","protected":false},"excerpt":{"rendered":"<p>Pasea en una tabla de paddle surf Pasear en una tabla de paddle surf sobre las calmadas aguas de la bah\u00eda de Els Alfacs, ver un salida de sol en el medio del mar, acercarte pausadamente a las aves, descubrir la curiosa flora marina y visitar las mejilloneras son algunas de las experiencias indescriptibles que&hellip; <a class=\"more-link\" href=\"https:\/\/enlarapita.com\/es\/que-hacer-o-ver\/actividades-acuaticas\/paddle-surf\/\">Seguir leyendo <span class=\"screen-reader-text\">Paddle surf en La R\u00e0pita<\/span><\/a><\/p>\n","protected":false},"author":1,"featured_media":14355,"parent":13447,"menu_order":0,"comment_status":"closed","ping_status":"closed","template":"page-categories.php","meta":{"_acf_changed":false,"footnotes":""},"class_list":["post-13475","page","type-page","status-publish","has-post-thumbnail","hentry","entry"],"acf":[],"yoast_head":"<!-- This site is optimized with the Yoast SEO plugin v27.3 - https:\/\/yoast.com\/product\/yoast-seo-wordpress\/ -->\n<title>Paddle surf en La R\u00e0pita - Actividades acu\u00e1ticas<\/title>\n<meta name=\"description\" content=\"El paddle surf en La R\u00e0pita es una actividad acu\u00e1tica donde podr\u00e1s experimentar el placer de poder caminar sobre el mar.\" \/>\n<meta name=\"robots\" content=\"index, follow, max-snippet:-1, max-image-preview:large, max-video-preview:-1\" \/>\n<link rel=\"canonical\" href=\"https:\/\/enlarapita.com\/es\/que-hacer-o-ver\/actividades-acuaticas\/paddle-surf\/\" \/>\n<meta property=\"og:locale\" content=\"es_ES\" \/>\n<meta property=\"og:type\" content=\"article\" \/>\n<meta property=\"og:title\" content=\"Paddle surf en La R\u00e0pita - Actividades acu\u00e1ticas\" \/>\n<meta property=\"og:description\" content=\"El paddle surf en La R\u00e0pita es una actividad acu\u00e1tica donde podr\u00e1s experimentar el placer de poder caminar sobre el mar.\" \/>\n<meta property=\"og:url\" content=\"https:\/\/enlarapita.com\/es\/que-hacer-o-ver\/actividades-acuaticas\/paddle-surf\/\" \/>\n<meta property=\"og:site_name\" content=\"En la R\u00e0pita\" \/>\n<meta property=\"article:modified_time\" content=\"2023-03-02T10:44:46+00:00\" \/>\n<meta property=\"og:image\" content=\"https:\/\/enlarapita.com\/wp-content\/uploads\/2023\/02\/1920x400paddlesurf.jpg\" \/>\n\t<meta property=\"og:image:width\" content=\"1920\" \/>\n\t<meta property=\"og:image:height\" content=\"400\" \/>\n\t<meta property=\"og:image:type\" content=\"image\/jpeg\" \/>\n<meta name=\"twitter:card\" content=\"summary_large_image\" \/>\n<meta name=\"twitter:label1\" content=\"Tiempo de lectura\" \/>\n\t<meta name=\"twitter:data1\" content=\"2 minutos\" \/>\n<script type=\"application\/ld+json\" class=\"yoast-schema-graph\">{\"@context\":\"https:\\\/\\\/schema.org\",\"@graph\":[{\"@type\":\"WebPage\",\"@id\":\"https:\\\/\\\/enlarapita.com\\\/es\\\/que-hacer-o-ver\\\/actividades-acuaticas\\\/paddle-surf\\\/\",\"url\":\"https:\\\/\\\/enlarapita.com\\\/es\\\/que-hacer-o-ver\\\/actividades-acuaticas\\\/paddle-surf\\\/\",\"name\":\"Paddle surf en La R\u00e0pita - Actividades acu\u00e1ticas\",\"isPartOf\":{\"@id\":\"https:\\\/\\\/enlarapita.com\\\/es\\\/#website\"},\"primaryImageOfPage\":{\"@id\":\"https:\\\/\\\/enlarapita.com\\\/es\\\/que-hacer-o-ver\\\/actividades-acuaticas\\\/paddle-surf\\\/#primaryimage\"},\"image\":{\"@id\":\"https:\\\/\\\/enlarapita.com\\\/es\\\/que-hacer-o-ver\\\/actividades-acuaticas\\\/paddle-surf\\\/#primaryimage\"},\"thumbnailUrl\":\"https:\\\/\\\/enlarapita.com\\\/wp-content\\\/uploads\\\/2023\\\/02\\\/1920x400paddlesurf.jpg\",\"datePublished\":\"2023-02-15T08:47:33+00:00\",\"dateModified\":\"2023-03-02T10:44:46+00:00\",\"description\":\"El paddle surf en La R\u00e0pita es una actividad acu\u00e1tica donde podr\u00e1s experimentar el placer de poder caminar sobre el mar.\",\"breadcrumb\":{\"@id\":\"https:\\\/\\\/enlarapita.com\\\/es\\\/que-hacer-o-ver\\\/actividades-acuaticas\\\/paddle-surf\\\/#breadcrumb\"},\"inLanguage\":\"es\",\"potentialAction\":[{\"@type\":\"ReadAction\",\"target\":[\"https:\\\/\\\/enlarapita.com\\\/es\\\/que-hacer-o-ver\\\/actividades-acuaticas\\\/paddle-surf\\\/\"]}]},{\"@type\":\"ImageObject\",\"inLanguage\":\"es\",\"@id\":\"https:\\\/\\\/enlarapita.com\\\/es\\\/que-hacer-o-ver\\\/actividades-acuaticas\\\/paddle-surf\\\/#primaryimage\",\"url\":\"https:\\\/\\\/enlarapita.com\\\/wp-content\\\/uploads\\\/2023\\\/02\\\/1920x400paddlesurf.jpg\",\"contentUrl\":\"https:\\\/\\\/enlarapita.com\\\/wp-content\\\/uploads\\\/2023\\\/02\\\/1920x400paddlesurf.jpg\",\"width\":1920,\"height\":400,\"caption\":\"Paddle surf a la R\u00e0pita\"},{\"@type\":\"BreadcrumbList\",\"@id\":\"https:\\\/\\\/enlarapita.com\\\/es\\\/que-hacer-o-ver\\\/actividades-acuaticas\\\/paddle-surf\\\/#breadcrumb\",\"itemListElement\":[{\"@type\":\"ListItem\",\"position\":1,\"name\":\"Portada\",\"item\":\"https:\\\/\\\/enlarapita.com\\\/es\\\/\"},{\"@type\":\"ListItem\",\"position\":2,\"name\":\"Qu\u00e9 hacer o ver en La R\u00e0pita\",\"item\":\"https:\\\/\\\/enlarapita.com\\\/es\\\/que-hacer-o-ver\\\/\"},{\"@type\":\"ListItem\",\"position\":3,\"name\":\"Actividades acu\u00e1ticas en La R\u00e0pita\",\"item\":\"https:\\\/\\\/enlarapita.com\\\/es\\\/que-hacer-o-ver\\\/actividades-acuaticas\\\/\"},{\"@type\":\"ListItem\",\"position\":4,\"name\":\"Paddle surf en La R\u00e0pita\"}]},{\"@type\":\"WebSite\",\"@id\":\"https:\\\/\\\/enlarapita.com\\\/es\\\/#website\",\"url\":\"https:\\\/\\\/enlarapita.com\\\/es\\\/\",\"name\":\"En la R\u00e0pita\",\"description\":\"\",\"publisher\":{\"@id\":\"https:\\\/\\\/enlarapita.com\\\/es\\\/#organization\"},\"potentialAction\":[{\"@type\":\"SearchAction\",\"target\":{\"@type\":\"EntryPoint\",\"urlTemplate\":\"https:\\\/\\\/enlarapita.com\\\/es\\\/?s={search_term_string}\"},\"query-input\":{\"@type\":\"PropertyValueSpecification\",\"valueRequired\":true,\"valueName\":\"search_term_string\"}}],\"inLanguage\":\"es\"},{\"@type\":\"Organization\",\"@id\":\"https:\\\/\\\/enlarapita.com\\\/es\\\/#organization\",\"name\":\"En la R\u00e0pita\",\"url\":\"https:\\\/\\\/enlarapita.com\\\/es\\\/\",\"logo\":{\"@type\":\"ImageObject\",\"inLanguage\":\"es\",\"@id\":\"https:\\\/\\\/enlarapita.com\\\/es\\\/#\\\/schema\\\/logo\\\/image\\\/\",\"url\":\"https:\\\/\\\/enlarapita.com\\\/wp-content\\\/uploads\\\/2021\\\/04\\\/cropped-logo-enlarapita-blau.png\",\"contentUrl\":\"https:\\\/\\\/enlarapita.com\\\/wp-content\\\/uploads\\\/2021\\\/04\\\/cropped-logo-enlarapita-blau.png\",\"width\":130,\"height\":19,\"caption\":\"En la R\u00e0pita\"},\"image\":{\"@id\":\"https:\\\/\\\/enlarapita.com\\\/es\\\/#\\\/schema\\\/logo\\\/image\\\/\"}}]}<\/script>\n<!-- \/ Yoast SEO plugin. -->","yoast_head_json":{"title":"Paddle surf en La R\u00e0pita - Actividades acu\u00e1ticas","description":"El paddle surf en La R\u00e0pita es una actividad acu\u00e1tica donde podr\u00e1s experimentar el placer de poder caminar sobre el mar.","robots":{"index":"index","follow":"follow","max-snippet":"max-snippet:-1","max-image-preview":"max-image-preview:large","max-video-preview":"max-video-preview:-1"},"canonical":"https:\/\/enlarapita.com\/es\/que-hacer-o-ver\/actividades-acuaticas\/paddle-surf\/","og_locale":"es_ES","og_type":"article","og_title":"Paddle surf en La R\u00e0pita - Actividades acu\u00e1ticas","og_description":"El paddle surf en La R\u00e0pita es una actividad acu\u00e1tica donde podr\u00e1s experimentar el placer de poder caminar sobre el mar.","og_url":"https:\/\/enlarapita.com\/es\/que-hacer-o-ver\/actividades-acuaticas\/paddle-surf\/","og_site_name":"En la R\u00e0pita","article_modified_time":"2023-03-02T10:44:46+00:00","og_image":[{"width":1920,"height":400,"url":"https:\/\/enlarapita.com\/wp-content\/uploads\/2023\/02\/1920x400paddlesurf.jpg","type":"image\/jpeg"}],"twitter_card":"summary_large_image","twitter_misc":{"Tiempo de lectura":"2 minutos"},"schema":{"@context":"https:\/\/schema.org","@graph":[{"@type":"WebPage","@id":"https:\/\/enlarapita.com\/es\/que-hacer-o-ver\/actividades-acuaticas\/paddle-surf\/","url":"https:\/\/enlarapita.com\/es\/que-hacer-o-ver\/actividades-acuaticas\/paddle-surf\/","name":"Paddle surf en La R\u00e0pita - Actividades acu\u00e1ticas","isPartOf":{"@id":"https:\/\/enlarapita.com\/es\/#website"},"primaryImageOfPage":{"@id":"https:\/\/enlarapita.com\/es\/que-hacer-o-ver\/actividades-acuaticas\/paddle-surf\/#primaryimage"},"image":{"@id":"https:\/\/enlarapita.com\/es\/que-hacer-o-ver\/actividades-acuaticas\/paddle-surf\/#primaryimage"},"thumbnailUrl":"https:\/\/enlarapita.com\/wp-content\/uploads\/2023\/02\/1920x400paddlesurf.jpg","datePublished":"2023-02-15T08:47:33+00:00","dateModified":"2023-03-02T10:44:46+00:00","description":"El paddle surf en La R\u00e0pita es una actividad acu\u00e1tica donde podr\u00e1s experimentar el placer de poder caminar sobre el mar.","breadcrumb":{"@id":"https:\/\/enlarapita.com\/es\/que-hacer-o-ver\/actividades-acuaticas\/paddle-surf\/#breadcrumb"},"inLanguage":"es","potentialAction":[{"@type":"ReadAction","target":["https:\/\/enlarapita.com\/es\/que-hacer-o-ver\/actividades-acuaticas\/paddle-surf\/"]}]},{"@type":"ImageObject","inLanguage":"es","@id":"https:\/\/enlarapita.com\/es\/que-hacer-o-ver\/actividades-acuaticas\/paddle-surf\/#primaryimage","url":"https:\/\/enlarapita.com\/wp-content\/uploads\/2023\/02\/1920x400paddlesurf.jpg","contentUrl":"https:\/\/enlarapita.com\/wp-content\/uploads\/2023\/02\/1920x400paddlesurf.jpg","width":1920,"height":400,"caption":"Paddle surf a la R\u00e0pita"},{"@type":"BreadcrumbList","@id":"https:\/\/enlarapita.com\/es\/que-hacer-o-ver\/actividades-acuaticas\/paddle-surf\/#breadcrumb","itemListElement":[{"@type":"ListItem","position":1,"name":"Portada","item":"https:\/\/enlarapita.com\/es\/"},{"@type":"ListItem","position":2,"name":"Qu\u00e9 hacer o ver en La R\u00e0pita","item":"https:\/\/enlarapita.com\/es\/que-hacer-o-ver\/"},{"@type":"ListItem","position":3,"name":"Actividades acu\u00e1ticas en La R\u00e0pita","item":"https:\/\/enlarapita.com\/es\/que-hacer-o-ver\/actividades-acuaticas\/"},{"@type":"ListItem","position":4,"name":"Paddle surf en La R\u00e0pita"}]},{"@type":"WebSite","@id":"https:\/\/enlarapita.com\/es\/#website","url":"https:\/\/enlarapita.com\/es\/","name":"En la R\u00e0pita","description":"","publisher":{"@id":"https:\/\/enlarapita.com\/es\/#organization"},"potentialAction":[{"@type":"SearchAction","target":{"@type":"EntryPoint","urlTemplate":"https:\/\/enlarapita.com\/es\/?s={search_term_string}"},"query-input":{"@type":"PropertyValueSpecification","valueRequired":true,"valueName":"search_term_string"}}],"inLanguage":"es"},{"@type":"Organization","@id":"https:\/\/enlarapita.com\/es\/#organization","name":"En la R\u00e0pita","url":"https:\/\/enlarapita.com\/es\/","logo":{"@type":"ImageObject","inLanguage":"es","@id":"https:\/\/enlarapita.com\/es\/#\/schema\/logo\/image\/","url":"https:\/\/enlarapita.com\/wp-content\/uploads\/2021\/04\/cropped-logo-enlarapita-blau.png","contentUrl":"https:\/\/enlarapita.com\/wp-content\/uploads\/2021\/04\/cropped-logo-enlarapita-blau.png","width":130,"height":19,"caption":"En la R\u00e0pita"},"image":{"@id":"https:\/\/enlarapita.com\/es\/#\/schema\/logo\/image\/"}}]}},"_links":{"self":[{"href":"https:\/\/enlarapita.com\/es\/wp-json\/wp\/v2\/pages\/13475","targetHints":{"allow":["GET"]}}],"collection":[{"href":"https:\/\/enlarapita.com\/es\/wp-json\/wp\/v2\/pages"}],"about":[{"href":"https:\/\/enlarapita.com\/es\/wp-json\/wp\/v2\/types\/page"}],"author":[{"embeddable":true,"href":"https:\/\/enlarapita.com\/es\/wp-json\/wp\/v2\/users\/1"}],"replies":[{"embeddable":true,"href":"https:\/\/enlarapita.com\/es\/wp-json\/wp\/v2\/comments?post=13475"}],"version-history":[{"count":0,"href":"https:\/\/enlarapita.com\/es\/wp-json\/wp\/v2\/pages\/13475\/revisions"}],"up":[{"embeddable":true,"href":"https:\/\/enlarapita.com\/es\/wp-json\/wp\/v2\/pages\/13447"}],"wp:featuredmedia":[{"embeddable":true,"href":"https:\/\/enlarapita.com\/es\/wp-json\/wp\/v2\/media\/14355"}],"wp:attachment":[{"href":"https:\/\/enlarapita.com\/es\/wp-json\/wp\/v2\/media?parent=13475"}],"curies":[{"name":"wp","href":"https:\/\/api.w.org\/{rel}","templated":true}]}}