{"id":13170,"date":"2023-02-08T11:29:40","date_gmt":"2023-02-08T10:29:40","guid":{"rendered":"https:\/\/globals.app\/enlarapita\/terres-de-lebre\/"},"modified":"2025-05-13T18:10:34","modified_gmt":"2025-05-13T16:10:34","slug":"cerca-de-la-rapita","status":"publish","type":"page","link":"https:\/\/enlarapita.com\/es\/que-hacer-o-ver\/cerca-de-la-rapita\/","title":{"rendered":"Qu\u00e9 ver cerca de La R\u00e0pita"},"content":{"rendered":"\t\t<div data-elementor-type=\"wp-page\" data-elementor-id=\"13170\" class=\"elementor elementor-13170 elementor-13146\" data-elementor-post-type=\"page\">\n\t\t\t\t\t\t<section class=\"elementor-section elementor-top-section elementor-element elementor-element-4373006b elementor-section-content-middle elementor-section-boxed elementor-section-height-default elementor-section-height-default\" data-id=\"4373006b\" data-element_type=\"section\" data-e-type=\"section\">\n\t\t\t\t\t\t<div class=\"elementor-container elementor-column-gap-default\">\n\t\t\t\t\t<div class=\"elementor-column elementor-col-50 elementor-top-column elementor-element elementor-element-4c27d071\" data-id=\"4c27d071\" data-element_type=\"column\" data-e-type=\"column\">\n\t\t\t<div class=\"elementor-widget-wrap elementor-element-populated\">\n\t\t\t\t\t\t<div class=\"elementor-element elementor-element-2574a508 elementor-widget elementor-widget-heading\" data-id=\"2574a508\" data-element_type=\"widget\" data-e-type=\"widget\" data-widget_type=\"heading.default\">\n\t\t\t\t<div class=\"elementor-widget-container\">\n\t\t\t\t\t<h2 class=\"elementor-heading-title elementor-size-default\">Lugares emblem\u00e1ticos para ver cerca de La R\u00e0pita<\/h2>\t\t\t\t<\/div>\n\t\t\t\t<\/div>\n\t\t\t\t<div class=\"elementor-element elementor-element-7a98a1af elementor-widget elementor-widget-text-editor\" data-id=\"7a98a1af\" data-element_type=\"widget\" data-e-type=\"widget\" data-widget_type=\"text-editor.default\">\n\t\t\t\t<div class=\"elementor-widget-container\">\n\t\t\t\t\t\t\t\t\t<p>Si buscas qu\u00e9 hacer o qu\u00e9 ver cerca de la R\u00e0pita, te presentamos diversas actividades y experiencias para conocer la trayectoria hist\u00f3rica y cultural de algunos de los pueblos m\u00e1s cercanos. Rutas y visitas que te permitir\u00e1n descubrir de d\u00f3nde procedemos la gente del Ebro y hacerte una idea de la identidad ebrense, como visitar el patrimonio monumental de Tortosa o respirar entre campos de olivares milenarios en Ulldecona.<\/p>\n\t\t\t\t\t\t\t\t<\/div>\n\t\t\t\t<\/div>\n\t\t\t\t\t<\/div>\n\t\t<\/div>\n\t\t\t\t<div class=\"elementor-column elementor-col-50 elementor-top-column elementor-element elementor-element-599c2d0e\" data-id=\"599c2d0e\" data-element_type=\"column\" data-e-type=\"column\">\n\t\t\t<div class=\"elementor-widget-wrap elementor-element-populated\">\n\t\t\t\t\t\t<div class=\"elementor-element elementor-element-2bca8017 elementor-widget elementor-widget-image\" data-id=\"2bca8017\" data-element_type=\"widget\" data-e-type=\"widget\" data-widget_type=\"image.default\">\n\t\t\t\t<div class=\"elementor-widget-container\">\n\t\t\t\t\t\t\t\t\t\t\t\t\t\t\t<img fetchpriority=\"high\" decoding=\"async\" width=\"960\" height=\"720\" src=\"https:\/\/enlarapita.com\/wp-content\/uploads\/2025\/05\/Tortosa_-_La_Suda.jpg\" class=\"attachment-full size-full wp-image-33360\" alt=\"Castell de la Suda, Tortosa\" srcset=\"https:\/\/enlarapita.com\/wp-content\/uploads\/2025\/05\/Tortosa_-_La_Suda.jpg 960w, https:\/\/enlarapita.com\/wp-content\/uploads\/2025\/05\/Tortosa_-_La_Suda-300x225.jpg 300w, https:\/\/enlarapita.com\/wp-content\/uploads\/2025\/05\/Tortosa_-_La_Suda-768x576.jpg 768w\" sizes=\"(max-width: 960px) 100vw, 960px\" style=\"width:100%;height:75%;max-width:960px\" \/>\t\t\t\t\t\t\t\t\t\t\t\t\t\t\t<\/div>\n\t\t\t\t<\/div>\n\t\t\t\t\t<\/div>\n\t\t<\/div>\n\t\t\t\t\t<\/div>\n\t\t<\/section>\n\t\t\t\t<section class=\"elementor-section elementor-top-section elementor-element elementor-element-3a311dfa elementor-section-content-middle elementor-reverse-tablet elementor-reverse-mobile elementor-section-boxed elementor-section-height-default elementor-section-height-default\" data-id=\"3a311dfa\" data-element_type=\"section\" data-e-type=\"section\">\n\t\t\t\t\t\t<div class=\"elementor-container elementor-column-gap-default\">\n\t\t\t\t\t<div class=\"elementor-column elementor-col-50 elementor-top-column elementor-element elementor-element-4699378\" data-id=\"4699378\" data-element_type=\"column\" data-e-type=\"column\">\n\t\t\t<div class=\"elementor-widget-wrap elementor-element-populated\">\n\t\t\t\t\t\t<div class=\"elementor-element elementor-element-218330cb elementor-widget elementor-widget-image\" data-id=\"218330cb\" data-element_type=\"widget\" data-e-type=\"widget\" data-widget_type=\"image.default\">\n\t\t\t\t<div class=\"elementor-widget-container\">\n\t\t\t\t\t\t\t\t\t\t\t\t\t\t\t<img decoding=\"async\" width=\"1200\" height=\"675\" src=\"https:\/\/enlarapita.com\/wp-content\/uploads\/2023\/04\/TortosaWEB.jpg\" class=\"attachment-full size-full wp-image-17189\" alt=\"\" srcset=\"https:\/\/enlarapita.com\/wp-content\/uploads\/2023\/04\/TortosaWEB.jpg 1200w, https:\/\/enlarapita.com\/wp-content\/uploads\/2023\/04\/TortosaWEB-300x169.jpg 300w, https:\/\/enlarapita.com\/wp-content\/uploads\/2023\/04\/TortosaWEB-1024x576.jpg 1024w, https:\/\/enlarapita.com\/wp-content\/uploads\/2023\/04\/TortosaWEB-768x432.jpg 768w\" sizes=\"(max-width: 1200px) 100vw, 1200px\" style=\"width:100%;height:56.25%;max-width:1200px\" \/>\t\t\t\t\t\t\t\t\t\t\t\t\t\t\t<\/div>\n\t\t\t\t<\/div>\n\t\t\t\t\t<\/div>\n\t\t<\/div>\n\t\t\t\t<div class=\"elementor-column elementor-col-50 elementor-top-column elementor-element elementor-element-6cd4ce0e\" data-id=\"6cd4ce0e\" data-element_type=\"column\" data-e-type=\"column\">\n\t\t\t<div class=\"elementor-widget-wrap elementor-element-populated\">\n\t\t\t\t\t\t<div class=\"elementor-element elementor-element-3a5198ed elementor-widget elementor-widget-heading\" data-id=\"3a5198ed\" data-element_type=\"widget\" data-e-type=\"widget\" data-widget_type=\"heading.default\">\n\t\t\t\t<div class=\"elementor-widget-container\">\n\t\t\t\t\t<h2 class=\"elementor-heading-title elementor-size-default\">Recorre la ciudad bimilenaria de Tortosa<\/h2>\t\t\t\t<\/div>\n\t\t\t\t<\/div>\n\t\t\t\t<div class=\"elementor-element elementor-element-57c3d9ce elementor-widget elementor-widget-text-editor\" data-id=\"57c3d9ce\" data-element_type=\"widget\" data-e-type=\"widget\" data-widget_type=\"text-editor.default\">\n\t\t\t\t<div class=\"elementor-widget-container\">\n\t\t\t\t\t\t\t\t\t<p>Entre los lugares que ver cerca de La R\u00e0pita tenemos visitas guiadas para conocer el patrimonio hist\u00f3rico de la capital de las Terres de l&#8217;Ebre, Tortosa. Edificios emblem\u00e1ticos como el castillo de la Suda, donde se ubica un parador nacional, o el conjunto de la Catedral de Tortosa. Tambi\u00e9n podr\u00e1s navegar por el r\u00edo Ebro con un la\u00fad cl\u00e1sico, <em>Lo Sirgador<\/em>, construido en madera y vela latina que ha sido motorizado para que descubras pausadamente otros rincones de Tortosa, amenizado con actuaciones musicales o un piscolabis.<\/p>\n\t\t\t\t\t\t\t\t<\/div>\n\t\t\t\t<\/div>\n\t\t\t\t\t<\/div>\n\t\t<\/div>\n\t\t\t\t\t<\/div>\n\t\t<\/section>\n\t\t\t\t<section class=\"elementor-section elementor-top-section elementor-element elementor-element-8b78961 elementor-section-content-middle elementor-section-boxed elementor-section-height-default elementor-section-height-default\" data-id=\"8b78961\" data-element_type=\"section\" data-e-type=\"section\">\n\t\t\t\t\t\t<div class=\"elementor-container elementor-column-gap-default\">\n\t\t\t\t\t<div class=\"elementor-column elementor-col-50 elementor-top-column elementor-element elementor-element-166a149\" data-id=\"166a149\" data-element_type=\"column\" data-e-type=\"column\">\n\t\t\t<div class=\"elementor-widget-wrap elementor-element-populated\">\n\t\t\t\t\t\t<div class=\"elementor-element elementor-element-6f09a812 elementor-widget elementor-widget-heading\" data-id=\"6f09a812\" data-element_type=\"widget\" data-e-type=\"widget\" data-widget_type=\"heading.default\">\n\t\t\t\t<div class=\"elementor-widget-container\">\n\t\t\t\t\t<h2 class=\"elementor-heading-title elementor-size-default\">Vive la historia de Ulldecona<\/h2>\t\t\t\t<\/div>\n\t\t\t\t<\/div>\n\t\t\t\t<div class=\"elementor-element elementor-element-d813e5c elementor-widget elementor-widget-text-editor\" data-id=\"d813e5c\" data-element_type=\"widget\" data-e-type=\"widget\" data-widget_type=\"text-editor.default\">\n\t\t\t\t<div class=\"elementor-widget-container\">\n\t\t\t\t\t\t\t\t\t<p>En Ulldecona te proponemos varias actividades para ver cerca de La R\u00e0pita porque su rica historia te permitir\u00e1 conocer nuestros or\u00edgenes con el conjunto de pinturas rupestres de la sierra de Godall, declaradas Patrimonio Mundial por la UNESCO en 1998, conocer la \u00e9poca medieval y los vestigios \u00e1rabes en el castillo y descubrir el pasado m\u00e1s reciente en el Museo Natural de Olivares Milenarios del Arion. Un conjunto de visitas guiadas cerca de La R\u00e0pita para hacer un recorrido por la historia de Ulldecona.<\/p>\n\t\t\t\t\t\t\t\t<\/div>\n\t\t\t\t<\/div>\n\t\t\t\t<div class=\"elementor-element elementor-element-5845d84 elementor-widget elementor-widget-text-editor\" data-id=\"5845d84\" data-element_type=\"widget\" data-e-type=\"widget\" data-widget_type=\"text-editor.default\">\n\t\t\t\t<div class=\"elementor-widget-container\">\n\t\t\t\t\t\t\t\t\t<p>En la Estaci\u00f3n N\u00e1utica La R\u00e0pita \u2013 Delta del Ebro estamos seguros que podemos convertirnos en tu destino tur\u00edstico predilecto y pensamos en todo lo que puedes necesitar para que tu estancia con nosotros sea perfecta, con visitas guiadas, actividades y experiencias para que puedas escoger qu\u00e9 ver en La R\u00e0pita y alrededores.<\/p>\n\t\t\t\t\t\t\t\t<\/div>\n\t\t\t\t<\/div>\n\t\t\t\t\t<\/div>\n\t\t<\/div>\n\t\t\t\t<div class=\"elementor-column elementor-col-50 elementor-top-column elementor-element elementor-element-0a19fc1\" data-id=\"0a19fc1\" data-element_type=\"column\" data-e-type=\"column\">\n\t\t\t<div class=\"elementor-widget-wrap elementor-element-populated\">\n\t\t\t\t\t\t<div class=\"elementor-element elementor-element-4ef552d elementor-widget elementor-widget-image\" data-id=\"4ef552d\" data-element_type=\"widget\" data-e-type=\"widget\" data-widget_type=\"image.default\">\n\t\t\t\t<div class=\"elementor-widget-container\">\n\t\t\t\t\t\t\t\t\t\t\t\t\t\t\t<img decoding=\"async\" width=\"1200\" height=\"583\" src=\"https:\/\/enlarapita.com\/wp-content\/uploads\/2023\/04\/oliveres.jpg\" class=\"attachment-full size-full wp-image-17196\" alt=\"\" srcset=\"https:\/\/enlarapita.com\/wp-content\/uploads\/2023\/04\/oliveres.jpg 1200w, https:\/\/enlarapita.com\/wp-content\/uploads\/2023\/04\/oliveres-300x146.jpg 300w, https:\/\/enlarapita.com\/wp-content\/uploads\/2023\/04\/oliveres-1024x497.jpg 1024w, https:\/\/enlarapita.com\/wp-content\/uploads\/2023\/04\/oliveres-768x373.jpg 768w\" sizes=\"(max-width: 1200px) 100vw, 1200px\" style=\"width:100%;height:48.58%;max-width:1200px\" \/>\t\t\t\t\t\t\t\t\t\t\t\t\t\t\t<\/div>\n\t\t\t\t<\/div>\n\t\t\t\t\t<\/div>\n\t\t<\/div>\n\t\t\t\t\t<\/div>\n\t\t<\/section>\n\t\t\t\t<\/div>\n\t\t","protected":false},"excerpt":{"rendered":"<p>Lugares emblem\u00e1ticos para ver cerca de La R\u00e0pita Si buscas qu\u00e9 hacer o qu\u00e9 ver cerca de la R\u00e0pita, te presentamos diversas actividades y experiencias para conocer la trayectoria hist\u00f3rica y cultural de algunos de los pueblos m\u00e1s cercanos. Rutas y visitas que te permitir\u00e1n descubrir de d\u00f3nde procedemos la gente del Ebro y hacerte&hellip; <a class=\"more-link\" href=\"https:\/\/enlarapita.com\/es\/que-hacer-o-ver\/cerca-de-la-rapita\/\">Seguir leyendo <span class=\"screen-reader-text\">Qu\u00e9 ver cerca de La R\u00e0pita<\/span><\/a><\/p>\n","protected":false},"author":1,"featured_media":17189,"parent":2686,"menu_order":0,"comment_status":"closed","ping_status":"closed","template":"page-categories.php","meta":{"_acf_changed":false,"footnotes":""},"class_list":["post-13170","page","type-page","status-publish","has-post-thumbnail","hentry","entry"],"acf":[],"yoast_head":"<!-- This site is optimized with the Yoast SEO plugin v27.4 - https:\/\/yoast.com\/product\/yoast-seo-wordpress\/ -->\n<title>Qu\u00e9 ver cerca de La R\u00e0pita - Terres de l&#039;Ebre<\/title>\n<meta name=\"description\" content=\"Te proponemos qu\u00e9 ver cerca de La R\u00e0pita para que conozcas tradiciones, cultura, historia y patrimonio de las Terres de l&#039;Ebre.\" \/>\n<meta name=\"robots\" content=\"index, follow, max-snippet:-1, max-image-preview:large, max-video-preview:-1\" \/>\n<link rel=\"canonical\" href=\"https:\/\/enlarapita.com\/es\/que-hacer-o-ver\/cerca-de-la-rapita\/\" \/>\n<meta property=\"og:locale\" content=\"es_ES\" \/>\n<meta property=\"og:type\" content=\"article\" \/>\n<meta property=\"og:title\" content=\"Qu\u00e9 ver cerca de La R\u00e0pita - Terres de l&#039;Ebre\" \/>\n<meta property=\"og:description\" content=\"Te proponemos qu\u00e9 ver cerca de La R\u00e0pita para que conozcas tradiciones, cultura, historia y patrimonio de las Terres de l&#039;Ebre.\" \/>\n<meta property=\"og:url\" content=\"https:\/\/enlarapita.com\/es\/que-hacer-o-ver\/cerca-de-la-rapita\/\" \/>\n<meta property=\"og:site_name\" content=\"En la R\u00e0pita\" \/>\n<meta property=\"article:modified_time\" content=\"2025-05-13T16:10:34+00:00\" \/>\n<meta property=\"og:image\" content=\"https:\/\/enlarapita.com\/wp-content\/uploads\/2023\/04\/TortosaWEB.jpg\" \/>\n\t<meta property=\"og:image:width\" content=\"1200\" \/>\n\t<meta property=\"og:image:height\" content=\"675\" \/>\n\t<meta property=\"og:image:type\" content=\"image\/jpeg\" \/>\n<meta name=\"twitter:card\" content=\"summary_large_image\" \/>\n<meta name=\"twitter:label1\" content=\"Tiempo de lectura\" \/>\n\t<meta name=\"twitter:data1\" content=\"3 minutos\" \/>\n<script type=\"application\/ld+json\" class=\"yoast-schema-graph\">{\"@context\":\"https:\\\/\\\/schema.org\",\"@graph\":[{\"@type\":\"WebPage\",\"@id\":\"https:\\\/\\\/enlarapita.com\\\/es\\\/que-hacer-o-ver\\\/cerca-de-la-rapita\\\/\",\"url\":\"https:\\\/\\\/enlarapita.com\\\/es\\\/que-hacer-o-ver\\\/cerca-de-la-rapita\\\/\",\"name\":\"Qu\u00e9 ver cerca de La R\u00e0pita - Terres de l'Ebre\",\"isPartOf\":{\"@id\":\"https:\\\/\\\/enlarapita.com\\\/es\\\/#website\"},\"primaryImageOfPage\":{\"@id\":\"https:\\\/\\\/enlarapita.com\\\/es\\\/que-hacer-o-ver\\\/cerca-de-la-rapita\\\/#primaryimage\"},\"image\":{\"@id\":\"https:\\\/\\\/enlarapita.com\\\/es\\\/que-hacer-o-ver\\\/cerca-de-la-rapita\\\/#primaryimage\"},\"thumbnailUrl\":\"https:\\\/\\\/enlarapita.com\\\/wp-content\\\/uploads\\\/2023\\\/04\\\/TortosaWEB.jpg\",\"datePublished\":\"2023-02-08T10:29:40+00:00\",\"dateModified\":\"2025-05-13T16:10:34+00:00\",\"description\":\"Te proponemos qu\u00e9 ver cerca de La R\u00e0pita para que conozcas tradiciones, cultura, historia y patrimonio de las Terres de l'Ebre.\",\"breadcrumb\":{\"@id\":\"https:\\\/\\\/enlarapita.com\\\/es\\\/que-hacer-o-ver\\\/cerca-de-la-rapita\\\/#breadcrumb\"},\"inLanguage\":\"es\",\"potentialAction\":[{\"@type\":\"ReadAction\",\"target\":[\"https:\\\/\\\/enlarapita.com\\\/es\\\/que-hacer-o-ver\\\/cerca-de-la-rapita\\\/\"]}]},{\"@type\":\"ImageObject\",\"inLanguage\":\"es\",\"@id\":\"https:\\\/\\\/enlarapita.com\\\/es\\\/que-hacer-o-ver\\\/cerca-de-la-rapita\\\/#primaryimage\",\"url\":\"https:\\\/\\\/enlarapita.com\\\/wp-content\\\/uploads\\\/2023\\\/04\\\/TortosaWEB.jpg\",\"contentUrl\":\"https:\\\/\\\/enlarapita.com\\\/wp-content\\\/uploads\\\/2023\\\/04\\\/TortosaWEB.jpg\",\"width\":1200,\"height\":675},{\"@type\":\"BreadcrumbList\",\"@id\":\"https:\\\/\\\/enlarapita.com\\\/es\\\/que-hacer-o-ver\\\/cerca-de-la-rapita\\\/#breadcrumb\",\"itemListElement\":[{\"@type\":\"ListItem\",\"position\":1,\"name\":\"Portada\",\"item\":\"https:\\\/\\\/enlarapita.com\\\/es\\\/\"},{\"@type\":\"ListItem\",\"position\":2,\"name\":\"Qu\u00e9 hacer o ver en La R\u00e0pita\",\"item\":\"https:\\\/\\\/enlarapita.com\\\/es\\\/que-hacer-o-ver\\\/\"},{\"@type\":\"ListItem\",\"position\":3,\"name\":\"Qu\u00e9 ver cerca de La R\u00e0pita\"}]},{\"@type\":\"WebSite\",\"@id\":\"https:\\\/\\\/enlarapita.com\\\/es\\\/#website\",\"url\":\"https:\\\/\\\/enlarapita.com\\\/es\\\/\",\"name\":\"En la R\u00e0pita\",\"description\":\"\",\"publisher\":{\"@id\":\"https:\\\/\\\/enlarapita.com\\\/es\\\/#organization\"},\"potentialAction\":[{\"@type\":\"SearchAction\",\"target\":{\"@type\":\"EntryPoint\",\"urlTemplate\":\"https:\\\/\\\/enlarapita.com\\\/es\\\/?s={search_term_string}\"},\"query-input\":{\"@type\":\"PropertyValueSpecification\",\"valueRequired\":true,\"valueName\":\"search_term_string\"}}],\"inLanguage\":\"es\"},{\"@type\":\"Organization\",\"@id\":\"https:\\\/\\\/enlarapita.com\\\/es\\\/#organization\",\"name\":\"En la R\u00e0pita\",\"url\":\"https:\\\/\\\/enlarapita.com\\\/es\\\/\",\"logo\":{\"@type\":\"ImageObject\",\"inLanguage\":\"es\",\"@id\":\"https:\\\/\\\/enlarapita.com\\\/es\\\/#\\\/schema\\\/logo\\\/image\\\/\",\"url\":\"https:\\\/\\\/enlarapita.com\\\/wp-content\\\/uploads\\\/2021\\\/04\\\/cropped-logo-enlarapita-blau.png\",\"contentUrl\":\"https:\\\/\\\/enlarapita.com\\\/wp-content\\\/uploads\\\/2021\\\/04\\\/cropped-logo-enlarapita-blau.png\",\"width\":130,\"height\":19,\"caption\":\"En la R\u00e0pita\"},\"image\":{\"@id\":\"https:\\\/\\\/enlarapita.com\\\/es\\\/#\\\/schema\\\/logo\\\/image\\\/\"}}]}<\/script>\n<!-- \/ Yoast SEO plugin. -->","yoast_head_json":{"title":"Qu\u00e9 ver cerca de La R\u00e0pita - Terres de l'Ebre","description":"Te proponemos qu\u00e9 ver cerca de La R\u00e0pita para que conozcas tradiciones, cultura, historia y patrimonio de las Terres de l'Ebre.","robots":{"index":"index","follow":"follow","max-snippet":"max-snippet:-1","max-image-preview":"max-image-preview:large","max-video-preview":"max-video-preview:-1"},"canonical":"https:\/\/enlarapita.com\/es\/que-hacer-o-ver\/cerca-de-la-rapita\/","og_locale":"es_ES","og_type":"article","og_title":"Qu\u00e9 ver cerca de La R\u00e0pita - Terres de l'Ebre","og_description":"Te proponemos qu\u00e9 ver cerca de La R\u00e0pita para que conozcas tradiciones, cultura, historia y patrimonio de las Terres de l'Ebre.","og_url":"https:\/\/enlarapita.com\/es\/que-hacer-o-ver\/cerca-de-la-rapita\/","og_site_name":"En la R\u00e0pita","article_modified_time":"2025-05-13T16:10:34+00:00","og_image":[{"width":1200,"height":675,"url":"https:\/\/enlarapita.com\/wp-content\/uploads\/2023\/04\/TortosaWEB.jpg","type":"image\/jpeg"}],"twitter_card":"summary_large_image","twitter_misc":{"Tiempo de lectura":"3 minutos"},"schema":{"@context":"https:\/\/schema.org","@graph":[{"@type":"WebPage","@id":"https:\/\/enlarapita.com\/es\/que-hacer-o-ver\/cerca-de-la-rapita\/","url":"https:\/\/enlarapita.com\/es\/que-hacer-o-ver\/cerca-de-la-rapita\/","name":"Qu\u00e9 ver cerca de La R\u00e0pita - Terres de l'Ebre","isPartOf":{"@id":"https:\/\/enlarapita.com\/es\/#website"},"primaryImageOfPage":{"@id":"https:\/\/enlarapita.com\/es\/que-hacer-o-ver\/cerca-de-la-rapita\/#primaryimage"},"image":{"@id":"https:\/\/enlarapita.com\/es\/que-hacer-o-ver\/cerca-de-la-rapita\/#primaryimage"},"thumbnailUrl":"https:\/\/enlarapita.com\/wp-content\/uploads\/2023\/04\/TortosaWEB.jpg","datePublished":"2023-02-08T10:29:40+00:00","dateModified":"2025-05-13T16:10:34+00:00","description":"Te proponemos qu\u00e9 ver cerca de La R\u00e0pita para que conozcas tradiciones, cultura, historia y patrimonio de las Terres de l'Ebre.","breadcrumb":{"@id":"https:\/\/enlarapita.com\/es\/que-hacer-o-ver\/cerca-de-la-rapita\/#breadcrumb"},"inLanguage":"es","potentialAction":[{"@type":"ReadAction","target":["https:\/\/enlarapita.com\/es\/que-hacer-o-ver\/cerca-de-la-rapita\/"]}]},{"@type":"ImageObject","inLanguage":"es","@id":"https:\/\/enlarapita.com\/es\/que-hacer-o-ver\/cerca-de-la-rapita\/#primaryimage","url":"https:\/\/enlarapita.com\/wp-content\/uploads\/2023\/04\/TortosaWEB.jpg","contentUrl":"https:\/\/enlarapita.com\/wp-content\/uploads\/2023\/04\/TortosaWEB.jpg","width":1200,"height":675},{"@type":"BreadcrumbList","@id":"https:\/\/enlarapita.com\/es\/que-hacer-o-ver\/cerca-de-la-rapita\/#breadcrumb","itemListElement":[{"@type":"ListItem","position":1,"name":"Portada","item":"https:\/\/enlarapita.com\/es\/"},{"@type":"ListItem","position":2,"name":"Qu\u00e9 hacer o ver en La R\u00e0pita","item":"https:\/\/enlarapita.com\/es\/que-hacer-o-ver\/"},{"@type":"ListItem","position":3,"name":"Qu\u00e9 ver cerca de La R\u00e0pita"}]},{"@type":"WebSite","@id":"https:\/\/enlarapita.com\/es\/#website","url":"https:\/\/enlarapita.com\/es\/","name":"En la R\u00e0pita","description":"","publisher":{"@id":"https:\/\/enlarapita.com\/es\/#organization"},"potentialAction":[{"@type":"SearchAction","target":{"@type":"EntryPoint","urlTemplate":"https:\/\/enlarapita.com\/es\/?s={search_term_string}"},"query-input":{"@type":"PropertyValueSpecification","valueRequired":true,"valueName":"search_term_string"}}],"inLanguage":"es"},{"@type":"Organization","@id":"https:\/\/enlarapita.com\/es\/#organization","name":"En la R\u00e0pita","url":"https:\/\/enlarapita.com\/es\/","logo":{"@type":"ImageObject","inLanguage":"es","@id":"https:\/\/enlarapita.com\/es\/#\/schema\/logo\/image\/","url":"https:\/\/enlarapita.com\/wp-content\/uploads\/2021\/04\/cropped-logo-enlarapita-blau.png","contentUrl":"https:\/\/enlarapita.com\/wp-content\/uploads\/2021\/04\/cropped-logo-enlarapita-blau.png","width":130,"height":19,"caption":"En la R\u00e0pita"},"image":{"@id":"https:\/\/enlarapita.com\/es\/#\/schema\/logo\/image\/"}}]}},"_links":{"self":[{"href":"https:\/\/enlarapita.com\/es\/wp-json\/wp\/v2\/pages\/13170","targetHints":{"allow":["GET"]}}],"collection":[{"href":"https:\/\/enlarapita.com\/es\/wp-json\/wp\/v2\/pages"}],"about":[{"href":"https:\/\/enlarapita.com\/es\/wp-json\/wp\/v2\/types\/page"}],"author":[{"embeddable":true,"href":"https:\/\/enlarapita.com\/es\/wp-json\/wp\/v2\/users\/1"}],"replies":[{"embeddable":true,"href":"https:\/\/enlarapita.com\/es\/wp-json\/wp\/v2\/comments?post=13170"}],"version-history":[{"count":16,"href":"https:\/\/enlarapita.com\/es\/wp-json\/wp\/v2\/pages\/13170\/revisions"}],"predecessor-version":[{"id":33365,"href":"https:\/\/enlarapita.com\/es\/wp-json\/wp\/v2\/pages\/13170\/revisions\/33365"}],"up":[{"embeddable":true,"href":"https:\/\/enlarapita.com\/es\/wp-json\/wp\/v2\/pages\/2686"}],"wp:featuredmedia":[{"embeddable":true,"href":"https:\/\/enlarapita.com\/es\/wp-json\/wp\/v2\/media\/17189"}],"wp:attachment":[{"href":"https:\/\/enlarapita.com\/es\/wp-json\/wp\/v2\/media?parent=13170"}],"curies":[{"name":"wp","href":"https:\/\/api.w.org\/{rel}","templated":true}]}}