{"id":12942,"date":"2023-02-06T18:13:27","date_gmt":"2023-02-06T17:13:27","guid":{"rendered":"https:\/\/globals.app\/enlarapita\/alojamientos\/apartamentos-en-la-rapita\/"},"modified":"2026-03-26T15:00:51","modified_gmt":"2026-03-26T14:00:51","slug":"apartamentos","status":"publish","type":"page","link":"https:\/\/enlarapita.com\/es\/alojamientos\/apartamentos\/","title":{"rendered":"Apartamentos en La R\u00e0pita"},"content":{"rendered":"\t\t<div data-elementor-type=\"wp-page\" data-elementor-id=\"12942\" class=\"elementor elementor-12942 elementor-12773\" data-elementor-post-type=\"page\">\n\t\t\t\t\t\t<section class=\"elementor-section elementor-top-section elementor-element elementor-element-7b21503 elementor-section-content-middle elementor-section-boxed elementor-section-height-default elementor-section-height-default\" data-id=\"7b21503\" data-element_type=\"section\" data-e-type=\"section\">\n\t\t\t\t\t\t<div class=\"elementor-container elementor-column-gap-default\">\n\t\t\t\t\t<div class=\"elementor-column elementor-col-50 elementor-top-column elementor-element elementor-element-c6ebe87\" data-id=\"c6ebe87\" data-element_type=\"column\" data-e-type=\"column\">\n\t\t\t<div class=\"elementor-widget-wrap elementor-element-populated\">\n\t\t\t\t\t\t<div class=\"elementor-element elementor-element-ac44907 elementor-widget elementor-widget-heading\" data-id=\"ac44907\" data-element_type=\"widget\" data-e-type=\"widget\" data-widget_type=\"heading.default\">\n\t\t\t\t<div class=\"elementor-widget-container\">\n\t\t\t\t\t<h2 class=\"elementor-heading-title elementor-size-default\">Para unas vacaciones a tu manera, escoge apartamentos en La R\u00e0pita<\/h2>\t\t\t\t<\/div>\n\t\t\t\t<\/div>\n\t\t\t\t<div class=\"elementor-element elementor-element-8b068a2 elementor-widget elementor-widget-text-editor\" data-id=\"8b068a2\" data-element_type=\"widget\" data-e-type=\"widget\" data-widget_type=\"text-editor.default\">\n\t\t\t\t<div class=\"elementor-widget-container\">\n\t\t\t\t\t\t\t\t\t<p>El alquiler de apartamentos y alojamientos de uso tur\u00edstico es una buena manera de disfrutar como en casa de unas vacaciones y escapadas de ocio con la familia, con la pareja, los amigos o los compa\u00f1eros. Nuestros apartamentos cuentan con espacio para varias personas en una, dos o tres habitaciones, con todas las comodidades y confortabilidad de un hogar, incluso para personas con movilidad reducida. Equipados y amueblados con todos los servicios necesarios para el d\u00eda a d\u00eda, no tendr\u00e1s que pensar en nada m\u00e1s que en instalarte.<\/p>\n\t\t\t\t\t\t\t\t<\/div>\n\t\t\t\t<\/div>\n\t\t\t\t\t<\/div>\n\t\t<\/div>\n\t\t\t\t<div class=\"elementor-column elementor-col-50 elementor-top-column elementor-element elementor-element-c5ab40b\" data-id=\"c5ab40b\" data-element_type=\"column\" data-e-type=\"column\">\n\t\t\t<div class=\"elementor-widget-wrap elementor-element-populated\">\n\t\t\t\t\t\t<div class=\"elementor-element elementor-element-454737a elementor-widget elementor-widget-image\" data-id=\"454737a\" data-element_type=\"widget\" data-e-type=\"widget\" data-widget_type=\"image.default\">\n\t\t\t\t<div class=\"elementor-widget-container\">\n\t\t\t\t\t\t\t\t\t\t\t\t\t\t\t<img fetchpriority=\"high\" decoding=\"async\" width=\"1200\" height=\"800\" src=\"https:\/\/enlarapita.com\/wp-content\/uploads\/2026\/03\/Apartament-voramar-1.jpg\" class=\"attachment-full size-full wp-image-34326\" alt=\"\" srcset=\"https:\/\/enlarapita.com\/wp-content\/uploads\/2026\/03\/Apartament-voramar-1.jpg 1200w, https:\/\/enlarapita.com\/wp-content\/uploads\/2026\/03\/Apartament-voramar-1-300x200.jpg 300w, https:\/\/enlarapita.com\/wp-content\/uploads\/2026\/03\/Apartament-voramar-1-1024x683.jpg 1024w, https:\/\/enlarapita.com\/wp-content\/uploads\/2026\/03\/Apartament-voramar-1-768x512.jpg 768w\" sizes=\"(max-width: 1200px) 100vw, 1200px\" style=\"width:100%;height:66.67%;max-width:1200px\" \/>\t\t\t\t\t\t\t\t\t\t\t\t\t\t\t<\/div>\n\t\t\t\t<\/div>\n\t\t\t\t\t<\/div>\n\t\t<\/div>\n\t\t\t\t\t<\/div>\n\t\t<\/section>\n\t\t\t\t<section class=\"elementor-section elementor-top-section elementor-element elementor-element-1dc20715 elementor-section-content-middle elementor-reverse-tablet elementor-reverse-mobile elementor-section-boxed elementor-section-height-default elementor-section-height-default\" data-id=\"1dc20715\" data-element_type=\"section\" data-e-type=\"section\">\n\t\t\t\t\t\t<div class=\"elementor-container elementor-column-gap-default\">\n\t\t\t\t\t<div class=\"elementor-column elementor-col-50 elementor-top-column elementor-element elementor-element-5e2e9e96\" data-id=\"5e2e9e96\" data-element_type=\"column\" data-e-type=\"column\">\n\t\t\t<div class=\"elementor-widget-wrap elementor-element-populated\">\n\t\t\t\t\t\t<div class=\"elementor-element elementor-element-4c0f3d4e elementor-widget elementor-widget-image\" data-id=\"4c0f3d4e\" data-element_type=\"widget\" data-e-type=\"widget\" data-widget_type=\"image.default\">\n\t\t\t\t<div class=\"elementor-widget-container\">\n\t\t\t\t\t\t\t\t\t\t\t\t\t\t\t<img decoding=\"async\" src=\"https:\/\/enlarapita.com\/wp-content\/uploads\/elementor\/thumbs\/Apartament-delicies-6-rl2qxpbcbxhih22sh14nntknxt73p6u60xyhluxsak.jpg\" title=\"Apartament delicies 6\" alt=\"Apartament delicies 6\" loading=\"lazy\" \/>\t\t\t\t\t\t\t\t\t\t\t\t\t\t\t<\/div>\n\t\t\t\t<\/div>\n\t\t\t\t\t<\/div>\n\t\t<\/div>\n\t\t\t\t<div class=\"elementor-column elementor-col-50 elementor-top-column elementor-element elementor-element-50caa329\" data-id=\"50caa329\" data-element_type=\"column\" data-e-type=\"column\">\n\t\t\t<div class=\"elementor-widget-wrap elementor-element-populated\">\n\t\t\t\t\t\t<div class=\"elementor-element elementor-element-c610b90 elementor-widget elementor-widget-text-editor\" data-id=\"c610b90\" data-element_type=\"widget\" data-e-type=\"widget\" data-widget_type=\"text-editor.default\">\n\t\t\t\t<div class=\"elementor-widget-container\">\n\t\t\t\t\t\t\t\t\t<p>Su excelente ubicaci\u00f3n cerca del mar y del centro del pueblo te facilitar\u00e1 el acceso a las zonas comerciales, deportivas y de ocio de La R\u00e0pita. Disfrutar de las muchas actividades que puedes hacer solo tendr\u00e1 un inconveniente, tener que escoger cu\u00e1l prefieres hacer antes.<\/p>\n\t\t\t\t\t\t\t\t<\/div>\n\t\t\t\t<\/div>\n\t\t\t\t<div class=\"elementor-element elementor-element-ef11e5b elementor-widget elementor-widget-heading\" data-id=\"ef11e5b\" data-element_type=\"widget\" data-e-type=\"widget\" data-widget_type=\"heading.default\">\n\t\t\t\t<div class=\"elementor-widget-container\">\n\t\t\t\t\t<h2 class=\"elementor-heading-title elementor-size-default\">Vive tus experiencias desde los apartamentos de La R\u00e0pita<\/h2>\t\t\t\t<\/div>\n\t\t\t\t<\/div>\n\t\t\t\t<div class=\"elementor-element elementor-element-39a8a365 elementor-widget elementor-widget-text-editor\" data-id=\"39a8a365\" data-element_type=\"widget\" data-e-type=\"widget\" data-widget_type=\"text-editor.default\">\n\t\t\t\t<div class=\"elementor-widget-container\">\n\t\t\t\t\t\t\t\t\t<p>Tienes al alcance de la mano poder zambullirte en las tranquilas aguas de las playas de La R\u00e0pita, pasear por las calles del pueblo donde podr\u00e1s vivir la esencia de esta villa y de su gente, encontrar los rincones m\u00e1s escondidos, como el convento de las monjas sanjuanistas, o ir al puerto pesquero para conocer el funcionamiento de la subasta del pescado en la lonja que m\u00e1s captura y factura de toda Catalu\u00f1a.<\/p>\n\t\t\t\t\t\t\t\t<\/div>\n\t\t\t\t<\/div>\n\t\t\t\t\t<\/div>\n\t\t<\/div>\n\t\t\t\t\t<\/div>\n\t\t<\/section>\n\t\t\t\t<section class=\"elementor-section elementor-top-section elementor-element elementor-element-70d6f1f5 elementor-section-content-middle elementor-section-boxed elementor-section-height-default elementor-section-height-default\" data-id=\"70d6f1f5\" data-element_type=\"section\" data-e-type=\"section\">\n\t\t\t\t\t\t<div class=\"elementor-container elementor-column-gap-default\">\n\t\t\t\t\t<div class=\"elementor-column elementor-col-50 elementor-top-column elementor-element elementor-element-796af685\" data-id=\"796af685\" data-element_type=\"column\" data-e-type=\"column\">\n\t\t\t<div class=\"elementor-widget-wrap elementor-element-populated\">\n\t\t\t\t\t\t<div class=\"elementor-element elementor-element-1a51825f elementor-widget elementor-widget-text-editor\" data-id=\"1a51825f\" data-element_type=\"widget\" data-e-type=\"widget\" data-widget_type=\"text-editor.default\">\n\t\t\t\t<div class=\"elementor-widget-container\">\n\t\t\t\t\t\t\t\t\t<p>En el puerto deportivo tendr\u00e1s acceso a multitud de actividades acu\u00e1ticas para vivir experiencias \u00fanicas en la bah\u00eda dels Alfacs, desde la pr\u00e1ctica de kayak, bici o vela, hasta paseos en barca y degustaciones de mejillones y ostras en medio del mar del Ebro. Sin olvidar las rutas tur\u00edsticas que puedes hacer en el delta del Ebro o en otros municipios de las Terres de l&#8217;Ebre.<\/p>\n\t\t\t\t\t\t\t\t<\/div>\n\t\t\t\t<\/div>\n\t\t\t\t<div class=\"elementor-element elementor-element-7d64353 elementor-widget elementor-widget-text-editor\" data-id=\"7d64353\" data-element_type=\"widget\" data-e-type=\"widget\" data-widget_type=\"text-editor.default\">\n\t\t\t\t<div class=\"elementor-widget-container\">\n\t\t\t\t\t\t\t\t\t<p>Para vivir unas vacaciones a tu manera, no hay nada mejor que elegir los alojamientos de uso tur\u00edstico y apartamentos de La R\u00e0pita. En la Estaci\u00f3n N\u00e1utica La R\u00e0pita \u2013 Delta del Ebro ponemos a tu disposici\u00f3n la lista de apartamentos para que tu estancia sea una experiencia c\u00f3moda.<\/p>\n\t\t\t\t\t\t\t\t<\/div>\n\t\t\t\t<\/div>\n\t\t\t\t\t<\/div>\n\t\t<\/div>\n\t\t\t\t<div class=\"elementor-column elementor-col-50 elementor-top-column elementor-element elementor-element-7e67df54\" data-id=\"7e67df54\" data-element_type=\"column\" data-e-type=\"column\">\n\t\t\t<div class=\"elementor-widget-wrap elementor-element-populated\">\n\t\t\t\t\t\t<div class=\"elementor-element elementor-element-2c60d837 elementor-widget elementor-widget-image\" data-id=\"2c60d837\" data-element_type=\"widget\" data-e-type=\"widget\" data-widget_type=\"image.default\">\n\t\t\t\t<div class=\"elementor-widget-container\">\n\t\t\t\t\t\t\t\t\t\t\t\t\t\t\t<img decoding=\"async\" width=\"1200\" height=\"800\" src=\"https:\/\/enlarapita.com\/wp-content\/uploads\/2026\/03\/Apartament-delicies7.jpg\" class=\"attachment-full size-full wp-image-34324\" alt=\"\" srcset=\"https:\/\/enlarapita.com\/wp-content\/uploads\/2026\/03\/Apartament-delicies7.jpg 1200w, https:\/\/enlarapita.com\/wp-content\/uploads\/2026\/03\/Apartament-delicies7-300x200.jpg 300w, https:\/\/enlarapita.com\/wp-content\/uploads\/2026\/03\/Apartament-delicies7-1024x683.jpg 1024w, https:\/\/enlarapita.com\/wp-content\/uploads\/2026\/03\/Apartament-delicies7-768x512.jpg 768w\" sizes=\"(max-width: 1200px) 100vw, 1200px\" style=\"width:100%;height:66.67%;max-width:1200px\" \/>\t\t\t\t\t\t\t\t\t\t\t\t\t\t\t<\/div>\n\t\t\t\t<\/div>\n\t\t\t\t\t<\/div>\n\t\t<\/div>\n\t\t\t\t\t<\/div>\n\t\t<\/section>\n\t\t\t\t<\/div>\n\t\t","protected":false},"excerpt":{"rendered":"<p>Para unas vacaciones a tu manera, escoge apartamentos en La R\u00e0pita El alquiler de apartamentos y alojamientos de uso tur\u00edstico es una buena manera de disfrutar como en casa de unas vacaciones y escapadas de ocio con la familia, con la pareja, los amigos o los compa\u00f1eros. Nuestros apartamentos cuentan con espacio para varias personas&hellip; <a class=\"more-link\" href=\"https:\/\/enlarapita.com\/es\/alojamientos\/apartamentos\/\">Seguir leyendo <span class=\"screen-reader-text\">Apartamentos en La R\u00e0pita<\/span><\/a><\/p>\n","protected":false},"author":1,"featured_media":34306,"parent":2687,"menu_order":0,"comment_status":"closed","ping_status":"closed","template":"page-categories.php","meta":{"_acf_changed":false,"footnotes":""},"class_list":["post-12942","page","type-page","status-publish","has-post-thumbnail","hentry","entry"],"acf":[],"yoast_head":"<!-- This site is optimized with the Yoast SEO plugin v27.3 - https:\/\/yoast.com\/product\/yoast-seo-wordpress\/ -->\n<title>Apartamentos en La R\u00e0pita \u2013 D\u00f3nde dormir<\/title>\n<meta name=\"description\" content=\"Si quieres disfrutar como en casa de tus vacaciones o escapadas con tu familia, pareja o amigos, elige apartamentos en La R\u00e0pita.\" \/>\n<meta name=\"robots\" content=\"index, follow, max-snippet:-1, max-image-preview:large, max-video-preview:-1\" \/>\n<link rel=\"canonical\" href=\"https:\/\/enlarapita.com\/es\/alojamientos\/apartamentos\/\" \/>\n<meta property=\"og:locale\" content=\"es_ES\" \/>\n<meta property=\"og:type\" content=\"article\" \/>\n<meta property=\"og:title\" content=\"Apartamentos en La R\u00e0pita \u2013 D\u00f3nde dormir\" \/>\n<meta property=\"og:description\" content=\"Si quieres disfrutar como en casa de tus vacaciones o escapadas con tu familia, pareja o amigos, elige apartamentos en La R\u00e0pita.\" \/>\n<meta property=\"og:url\" content=\"https:\/\/enlarapita.com\/es\/alojamientos\/apartamentos\/\" \/>\n<meta property=\"og:site_name\" content=\"En la R\u00e0pita\" \/>\n<meta property=\"article:modified_time\" content=\"2026-03-26T14:00:51+00:00\" \/>\n<meta property=\"og:image\" content=\"https:\/\/enlarapita.com\/wp-content\/uploads\/2026\/03\/Apartament-voramar-11_comprimida.jpg\" \/>\n\t<meta property=\"og:image:width\" content=\"1536\" \/>\n\t<meta property=\"og:image:height\" content=\"2048\" \/>\n\t<meta property=\"og:image:type\" content=\"image\/jpeg\" \/>\n<meta name=\"twitter:card\" content=\"summary_large_image\" \/>\n<meta name=\"twitter:label1\" content=\"Tiempo de lectura\" \/>\n\t<meta name=\"twitter:data1\" content=\"3 minutos\" \/>\n<script type=\"application\/ld+json\" class=\"yoast-schema-graph\">{\"@context\":\"https:\\\/\\\/schema.org\",\"@graph\":[{\"@type\":\"WebPage\",\"@id\":\"https:\\\/\\\/enlarapita.com\\\/es\\\/alojamientos\\\/apartamentos\\\/\",\"url\":\"https:\\\/\\\/enlarapita.com\\\/es\\\/alojamientos\\\/apartamentos\\\/\",\"name\":\"Apartamentos en La R\u00e0pita \u2013 D\u00f3nde dormir\",\"isPartOf\":{\"@id\":\"https:\\\/\\\/enlarapita.com\\\/es\\\/#website\"},\"primaryImageOfPage\":{\"@id\":\"https:\\\/\\\/enlarapita.com\\\/es\\\/alojamientos\\\/apartamentos\\\/#primaryimage\"},\"image\":{\"@id\":\"https:\\\/\\\/enlarapita.com\\\/es\\\/alojamientos\\\/apartamentos\\\/#primaryimage\"},\"thumbnailUrl\":\"https:\\\/\\\/enlarapita.com\\\/wp-content\\\/uploads\\\/2026\\\/03\\\/Apartament-voramar-11_comprimida.jpg\",\"datePublished\":\"2023-02-06T17:13:27+00:00\",\"dateModified\":\"2026-03-26T14:00:51+00:00\",\"description\":\"Si quieres disfrutar como en casa de tus vacaciones o escapadas con tu familia, pareja o amigos, elige apartamentos en La R\u00e0pita.\",\"breadcrumb\":{\"@id\":\"https:\\\/\\\/enlarapita.com\\\/es\\\/alojamientos\\\/apartamentos\\\/#breadcrumb\"},\"inLanguage\":\"es\",\"potentialAction\":[{\"@type\":\"ReadAction\",\"target\":[\"https:\\\/\\\/enlarapita.com\\\/es\\\/alojamientos\\\/apartamentos\\\/\"]}]},{\"@type\":\"ImageObject\",\"inLanguage\":\"es\",\"@id\":\"https:\\\/\\\/enlarapita.com\\\/es\\\/alojamientos\\\/apartamentos\\\/#primaryimage\",\"url\":\"https:\\\/\\\/enlarapita.com\\\/wp-content\\\/uploads\\\/2026\\\/03\\\/Apartament-voramar-11_comprimida.jpg\",\"contentUrl\":\"https:\\\/\\\/enlarapita.com\\\/wp-content\\\/uploads\\\/2026\\\/03\\\/Apartament-voramar-11_comprimida.jpg\",\"width\":1536,\"height\":2048},{\"@type\":\"BreadcrumbList\",\"@id\":\"https:\\\/\\\/enlarapita.com\\\/es\\\/alojamientos\\\/apartamentos\\\/#breadcrumb\",\"itemListElement\":[{\"@type\":\"ListItem\",\"position\":1,\"name\":\"Portada\",\"item\":\"https:\\\/\\\/enlarapita.com\\\/es\\\/\"},{\"@type\":\"ListItem\",\"position\":2,\"name\":\"Alojamientos en La R\u00e0pita\",\"item\":\"https:\\\/\\\/enlarapita.com\\\/es\\\/allotjaments\\\/\"},{\"@type\":\"ListItem\",\"position\":3,\"name\":\"Apartamentos en La R\u00e0pita\"}]},{\"@type\":\"WebSite\",\"@id\":\"https:\\\/\\\/enlarapita.com\\\/es\\\/#website\",\"url\":\"https:\\\/\\\/enlarapita.com\\\/es\\\/\",\"name\":\"En la R\u00e0pita\",\"description\":\"\",\"publisher\":{\"@id\":\"https:\\\/\\\/enlarapita.com\\\/es\\\/#organization\"},\"potentialAction\":[{\"@type\":\"SearchAction\",\"target\":{\"@type\":\"EntryPoint\",\"urlTemplate\":\"https:\\\/\\\/enlarapita.com\\\/es\\\/?s={search_term_string}\"},\"query-input\":{\"@type\":\"PropertyValueSpecification\",\"valueRequired\":true,\"valueName\":\"search_term_string\"}}],\"inLanguage\":\"es\"},{\"@type\":\"Organization\",\"@id\":\"https:\\\/\\\/enlarapita.com\\\/es\\\/#organization\",\"name\":\"En la R\u00e0pita\",\"url\":\"https:\\\/\\\/enlarapita.com\\\/es\\\/\",\"logo\":{\"@type\":\"ImageObject\",\"inLanguage\":\"es\",\"@id\":\"https:\\\/\\\/enlarapita.com\\\/es\\\/#\\\/schema\\\/logo\\\/image\\\/\",\"url\":\"https:\\\/\\\/enlarapita.com\\\/wp-content\\\/uploads\\\/2021\\\/04\\\/cropped-logo-enlarapita-blau.png\",\"contentUrl\":\"https:\\\/\\\/enlarapita.com\\\/wp-content\\\/uploads\\\/2021\\\/04\\\/cropped-logo-enlarapita-blau.png\",\"width\":130,\"height\":19,\"caption\":\"En la R\u00e0pita\"},\"image\":{\"@id\":\"https:\\\/\\\/enlarapita.com\\\/es\\\/#\\\/schema\\\/logo\\\/image\\\/\"}}]}<\/script>\n<!-- \/ Yoast SEO plugin. -->","yoast_head_json":{"title":"Apartamentos en La R\u00e0pita \u2013 D\u00f3nde dormir","description":"Si quieres disfrutar como en casa de tus vacaciones o escapadas con tu familia, pareja o amigos, elige apartamentos en La R\u00e0pita.","robots":{"index":"index","follow":"follow","max-snippet":"max-snippet:-1","max-image-preview":"max-image-preview:large","max-video-preview":"max-video-preview:-1"},"canonical":"https:\/\/enlarapita.com\/es\/alojamientos\/apartamentos\/","og_locale":"es_ES","og_type":"article","og_title":"Apartamentos en La R\u00e0pita \u2013 D\u00f3nde dormir","og_description":"Si quieres disfrutar como en casa de tus vacaciones o escapadas con tu familia, pareja o amigos, elige apartamentos en La R\u00e0pita.","og_url":"https:\/\/enlarapita.com\/es\/alojamientos\/apartamentos\/","og_site_name":"En la R\u00e0pita","article_modified_time":"2026-03-26T14:00:51+00:00","og_image":[{"width":1536,"height":2048,"url":"https:\/\/enlarapita.com\/wp-content\/uploads\/2026\/03\/Apartament-voramar-11_comprimida.jpg","type":"image\/jpeg"}],"twitter_card":"summary_large_image","twitter_misc":{"Tiempo de lectura":"3 minutos"},"schema":{"@context":"https:\/\/schema.org","@graph":[{"@type":"WebPage","@id":"https:\/\/enlarapita.com\/es\/alojamientos\/apartamentos\/","url":"https:\/\/enlarapita.com\/es\/alojamientos\/apartamentos\/","name":"Apartamentos en La R\u00e0pita \u2013 D\u00f3nde dormir","isPartOf":{"@id":"https:\/\/enlarapita.com\/es\/#website"},"primaryImageOfPage":{"@id":"https:\/\/enlarapita.com\/es\/alojamientos\/apartamentos\/#primaryimage"},"image":{"@id":"https:\/\/enlarapita.com\/es\/alojamientos\/apartamentos\/#primaryimage"},"thumbnailUrl":"https:\/\/enlarapita.com\/wp-content\/uploads\/2026\/03\/Apartament-voramar-11_comprimida.jpg","datePublished":"2023-02-06T17:13:27+00:00","dateModified":"2026-03-26T14:00:51+00:00","description":"Si quieres disfrutar como en casa de tus vacaciones o escapadas con tu familia, pareja o amigos, elige apartamentos en La R\u00e0pita.","breadcrumb":{"@id":"https:\/\/enlarapita.com\/es\/alojamientos\/apartamentos\/#breadcrumb"},"inLanguage":"es","potentialAction":[{"@type":"ReadAction","target":["https:\/\/enlarapita.com\/es\/alojamientos\/apartamentos\/"]}]},{"@type":"ImageObject","inLanguage":"es","@id":"https:\/\/enlarapita.com\/es\/alojamientos\/apartamentos\/#primaryimage","url":"https:\/\/enlarapita.com\/wp-content\/uploads\/2026\/03\/Apartament-voramar-11_comprimida.jpg","contentUrl":"https:\/\/enlarapita.com\/wp-content\/uploads\/2026\/03\/Apartament-voramar-11_comprimida.jpg","width":1536,"height":2048},{"@type":"BreadcrumbList","@id":"https:\/\/enlarapita.com\/es\/alojamientos\/apartamentos\/#breadcrumb","itemListElement":[{"@type":"ListItem","position":1,"name":"Portada","item":"https:\/\/enlarapita.com\/es\/"},{"@type":"ListItem","position":2,"name":"Alojamientos en La R\u00e0pita","item":"https:\/\/enlarapita.com\/es\/allotjaments\/"},{"@type":"ListItem","position":3,"name":"Apartamentos en La R\u00e0pita"}]},{"@type":"WebSite","@id":"https:\/\/enlarapita.com\/es\/#website","url":"https:\/\/enlarapita.com\/es\/","name":"En la R\u00e0pita","description":"","publisher":{"@id":"https:\/\/enlarapita.com\/es\/#organization"},"potentialAction":[{"@type":"SearchAction","target":{"@type":"EntryPoint","urlTemplate":"https:\/\/enlarapita.com\/es\/?s={search_term_string}"},"query-input":{"@type":"PropertyValueSpecification","valueRequired":true,"valueName":"search_term_string"}}],"inLanguage":"es"},{"@type":"Organization","@id":"https:\/\/enlarapita.com\/es\/#organization","name":"En la R\u00e0pita","url":"https:\/\/enlarapita.com\/es\/","logo":{"@type":"ImageObject","inLanguage":"es","@id":"https:\/\/enlarapita.com\/es\/#\/schema\/logo\/image\/","url":"https:\/\/enlarapita.com\/wp-content\/uploads\/2021\/04\/cropped-logo-enlarapita-blau.png","contentUrl":"https:\/\/enlarapita.com\/wp-content\/uploads\/2021\/04\/cropped-logo-enlarapita-blau.png","width":130,"height":19,"caption":"En la R\u00e0pita"},"image":{"@id":"https:\/\/enlarapita.com\/es\/#\/schema\/logo\/image\/"}}]}},"_links":{"self":[{"href":"https:\/\/enlarapita.com\/es\/wp-json\/wp\/v2\/pages\/12942","targetHints":{"allow":["GET"]}}],"collection":[{"href":"https:\/\/enlarapita.com\/es\/wp-json\/wp\/v2\/pages"}],"about":[{"href":"https:\/\/enlarapita.com\/es\/wp-json\/wp\/v2\/types\/page"}],"author":[{"embeddable":true,"href":"https:\/\/enlarapita.com\/es\/wp-json\/wp\/v2\/users\/1"}],"replies":[{"embeddable":true,"href":"https:\/\/enlarapita.com\/es\/wp-json\/wp\/v2\/comments?post=12942"}],"version-history":[{"count":10,"href":"https:\/\/enlarapita.com\/es\/wp-json\/wp\/v2\/pages\/12942\/revisions"}],"predecessor-version":[{"id":34495,"href":"https:\/\/enlarapita.com\/es\/wp-json\/wp\/v2\/pages\/12942\/revisions\/34495"}],"up":[{"embeddable":true,"href":"https:\/\/enlarapita.com\/es\/wp-json\/wp\/v2\/pages\/2687"}],"wp:featuredmedia":[{"embeddable":true,"href":"https:\/\/enlarapita.com\/es\/wp-json\/wp\/v2\/media\/34306"}],"wp:attachment":[{"href":"https:\/\/enlarapita.com\/es\/wp-json\/wp\/v2\/media?parent=12942"}],"curies":[{"name":"wp","href":"https:\/\/api.w.org\/{rel}","templated":true}]}}