{"id":12920,"date":"2023-02-06T17:55:32","date_gmt":"2023-02-06T16:55:32","guid":{"rendered":"https:\/\/globals.app\/enlarapita\/alojamientos\/hoteles-en-la-rapita\/"},"modified":"2023-02-27T16:06:49","modified_gmt":"2023-02-27T15:06:49","slug":"hoteles","status":"publish","type":"page","link":"https:\/\/enlarapita.com\/es\/alojamientos\/hoteles\/","title":{"rendered":"Hoteles en La R\u00e0pita"},"content":{"rendered":"\t\t<div data-elementor-type=\"wp-page\" data-elementor-id=\"12920\" class=\"elementor elementor-12920 elementor-12775\" data-elementor-post-type=\"page\">\n\t\t\t\t\t\t<section class=\"elementor-section elementor-top-section elementor-element elementor-element-77831074 elementor-section-content-middle elementor-section-boxed elementor-section-height-default elementor-section-height-default\" data-id=\"77831074\" data-element_type=\"section\" data-e-type=\"section\">\n\t\t\t\t\t\t<div class=\"elementor-container elementor-column-gap-default\">\n\t\t\t\t\t<div class=\"elementor-column elementor-col-50 elementor-top-column elementor-element elementor-element-50534532\" data-id=\"50534532\" data-element_type=\"column\" data-e-type=\"column\">\n\t\t\t<div class=\"elementor-widget-wrap elementor-element-populated\">\n\t\t\t\t\t\t<div class=\"elementor-element elementor-element-5a3a678a elementor-widget elementor-widget-heading\" data-id=\"5a3a678a\" data-element_type=\"widget\" data-e-type=\"widget\" data-widget_type=\"heading.default\">\n\t\t\t\t<div class=\"elementor-widget-container\">\n\t\t\t\t\t<h2 class=\"elementor-heading-title elementor-size-default\">Hoteles en La R\u00e0pita para disfrutar de unas vacaciones en primera l\u00ednea de mar<\/h2>\t\t\t\t<\/div>\n\t\t\t\t<\/div>\n\t\t\t\t<div class=\"elementor-element elementor-element-49dc166e elementor-widget elementor-widget-text-editor\" data-id=\"49dc166e\" data-element_type=\"widget\" data-e-type=\"widget\" data-widget_type=\"text-editor.default\">\n\t\t\t\t<div class=\"elementor-widget-container\">\n\t\t\t\t\t\t\t\t\t<p>Situados en primera l\u00ednea de mar o en el centro del pueblo, sus instalaciones te aportar\u00e1n el confort que deseas y cubrir\u00e1n todas tus necesidades. Encontrar\u00e1s desde piscina, salas de reuniones, espacios de juegos para los ni\u00f1os, zonas de descanso y ocio, todo acondicionado para que sea sostenible ecol\u00f3gicamente. Gran parte de estos establecimientos tienen tambi\u00e9n restaurante propio, con una excelente cocina de productos de proximidad que har\u00e1n las delicias de tu paladar.<\/p>\n\t\t\t\t\t\t\t\t<\/div>\n\t\t\t\t<\/div>\n\t\t\t\t<div class=\"elementor-element elementor-element-75a0ac5 elementor-widget elementor-widget-text-editor\" data-id=\"75a0ac5\" data-element_type=\"widget\" data-e-type=\"widget\" data-widget_type=\"text-editor.default\">\n\t\t\t\t<div class=\"elementor-widget-container\">\n\t\t\t\t\t\t\t\t\t<p>Los hoteles de La R\u00e0pita son perfectos para desconectar durante los d\u00edas de vacaciones o las escapadas de fin de semana y festivos de la vor\u00e1gine habitual del d\u00eda a d\u00eda. Podr\u00e1s disfrutar sin salir de sus dominios y, sobretodo, podr\u00e1s disfrutar de su refugio despu\u00e9s de un recorrido tur\u00edstico que te permitir\u00e1 conocer, vivir y sentir este para\u00edso que son las Terres de l&#8217;Ebre.<\/p>\n\t\t\t\t\t\t\t\t<\/div>\n\t\t\t\t<\/div>\n\t\t\t\t\t<\/div>\n\t\t<\/div>\n\t\t\t\t<div class=\"elementor-column elementor-col-50 elementor-top-column elementor-element elementor-element-21d58bd2\" data-id=\"21d58bd2\" data-element_type=\"column\" data-e-type=\"column\">\n\t\t\t<div class=\"elementor-widget-wrap elementor-element-populated\">\n\t\t\t\t\t\t<div class=\"elementor-element elementor-element-508e09c4 elementor-widget elementor-widget-image\" data-id=\"508e09c4\" data-element_type=\"widget\" data-e-type=\"widget\" data-widget_type=\"image.default\">\n\t\t\t\t<div class=\"elementor-widget-container\">\n\t\t\t\t\t\t\t\t\t\t\t\t\t\t\t<img fetchpriority=\"high\" decoding=\"async\" width=\"880\" height=\"640\" src=\"https:\/\/enlarapita.com\/wp-content\/uploads\/2023\/02\/880x640hotels.jpg\" class=\"attachment-full size-full wp-image-14150\" alt=\"\" srcset=\"https:\/\/enlarapita.com\/wp-content\/uploads\/2023\/02\/880x640hotels.jpg 880w, https:\/\/enlarapita.com\/wp-content\/uploads\/2023\/02\/880x640hotels-300x218.jpg 300w, https:\/\/enlarapita.com\/wp-content\/uploads\/2023\/02\/880x640hotels-768x559.jpg 768w\" sizes=\"(max-width: 880px) 100vw, 880px\" style=\"width:100%;height:72.73%;max-width:880px\" \/>\t\t\t\t\t\t\t\t\t\t\t\t\t\t\t<\/div>\n\t\t\t\t<\/div>\n\t\t\t\t\t<\/div>\n\t\t<\/div>\n\t\t\t\t\t<\/div>\n\t\t<\/section>\n\t\t\t\t<section class=\"elementor-section elementor-top-section elementor-element elementor-element-50fee38a elementor-section-content-middle elementor-reverse-tablet elementor-reverse-mobile elementor-section-boxed elementor-section-height-default elementor-section-height-default\" data-id=\"50fee38a\" data-element_type=\"section\" data-e-type=\"section\">\n\t\t\t\t\t\t<div class=\"elementor-container elementor-column-gap-default\">\n\t\t\t\t\t<div class=\"elementor-column elementor-col-50 elementor-top-column elementor-element elementor-element-330c10cc\" data-id=\"330c10cc\" data-element_type=\"column\" data-e-type=\"column\">\n\t\t\t<div class=\"elementor-widget-wrap elementor-element-populated\">\n\t\t\t\t\t\t<div class=\"elementor-element elementor-element-234e3098 elementor-widget elementor-widget-image\" data-id=\"234e3098\" data-element_type=\"widget\" data-e-type=\"widget\" data-widget_type=\"image.default\">\n\t\t\t\t<div class=\"elementor-widget-container\">\n\t\t\t\t\t\t\t\t\t\t\t\t\t\t\t<img decoding=\"async\" width=\"880\" height=\"640\" src=\"https:\/\/enlarapita.com\/wp-content\/uploads\/2023\/02\/880x640_2hotels.jpg\" class=\"attachment-full size-full wp-image-14146\" alt=\"\" srcset=\"https:\/\/enlarapita.com\/wp-content\/uploads\/2023\/02\/880x640_2hotels.jpg 880w, https:\/\/enlarapita.com\/wp-content\/uploads\/2023\/02\/880x640_2hotels-300x218.jpg 300w, https:\/\/enlarapita.com\/wp-content\/uploads\/2023\/02\/880x640_2hotels-768x559.jpg 768w\" sizes=\"(max-width: 880px) 100vw, 880px\" style=\"width:100%;height:72.73%;max-width:880px\" \/>\t\t\t\t\t\t\t\t\t\t\t\t\t\t\t<\/div>\n\t\t\t\t<\/div>\n\t\t\t\t\t<\/div>\n\t\t<\/div>\n\t\t\t\t<div class=\"elementor-column elementor-col-50 elementor-top-column elementor-element elementor-element-124a5b2c\" data-id=\"124a5b2c\" data-element_type=\"column\" data-e-type=\"column\">\n\t\t\t<div class=\"elementor-widget-wrap elementor-element-populated\">\n\t\t\t\t\t\t<div class=\"elementor-element elementor-element-05133df elementor-widget elementor-widget-heading\" data-id=\"05133df\" data-element_type=\"widget\" data-e-type=\"widget\" data-widget_type=\"heading.default\">\n\t\t\t\t<div class=\"elementor-widget-container\">\n\t\t\t\t\t<h2 class=\"elementor-heading-title elementor-size-default\">Aprovecha los #365d\u00edas para disfrutar desde los hoteles de La R\u00e0pita<\/h2>\t\t\t\t<\/div>\n\t\t\t\t<\/div>\n\t\t\t\t<div class=\"elementor-element elementor-element-5b9125be elementor-widget elementor-widget-text-editor\" data-id=\"5b9125be\" data-element_type=\"widget\" data-e-type=\"widget\" data-widget_type=\"text-editor.default\">\n\t\t\t\t<div class=\"elementor-widget-container\">\n\t\t\t\t\t\t\t\t\t<p>Recorrer los rincones de esta villa marinera, subir hasta el mirador de la cima de la Foradada en la sierra del Montsi\u00e0, adentrarte en las actividades n\u00e1uticas en la bah\u00eda dels Alfacs, degustar los productos estrella del delta del Ebro, la ostra y el mejill\u00f3n, en medio del mar; pedalear por los caminos del parque natural del delta del Ebro; descansar en los kil\u00f3metros de playas v\u00edrgenes o zambullirse en el Mediterr\u00e1neo son algunas de las experiencias tur\u00edsticas que puedes vivir antes de recluirte para el descanso en uno de los hoteles de La R\u00e0pita.<\/p>\n\t\t\t\t\t\t\t\t<\/div>\n\t\t\t\t<\/div>\n\t\t\t\t<div class=\"elementor-element elementor-element-4a989b9 elementor-widget elementor-widget-text-editor\" data-id=\"4a989b9\" data-element_type=\"widget\" data-e-type=\"widget\" data-widget_type=\"text-editor.default\">\n\t\t\t\t<div class=\"elementor-widget-container\">\n\t\t\t\t\t\t\t\t\t<p>Los hoteleros de La R\u00e0pita apuestan fervientemente por la atenci\u00f3n al cliente y por la voluntad de servicio, as\u00ed proponen ofertas para todos los gustos durante los #365d\u00edas del a\u00f1o que har\u00e1n imposible que renuncies.<\/p>\n\t\t\t\t\t\t\t\t<\/div>\n\t\t\t\t<\/div>\n\t\t\t\t<div class=\"elementor-element elementor-element-6fda70d2 elementor-widget elementor-widget-text-editor\" data-id=\"6fda70d2\" data-element_type=\"widget\" data-e-type=\"widget\" data-widget_type=\"text-editor.default\">\n\t\t\t\t<div class=\"elementor-widget-container\">\n\t\t\t\t\t\t\t\t\t<p>Desde la Estaci\u00f3n N\u00e1utica La R\u00e0pita \u2013 Delta del Ebro te garantizamos una variada y extensa oferta de los mejores hoteles en La R\u00e0pita. D\u00e9jate aconsejar y reg\u00e1late unos d\u00edas de descanso perfectos.<\/p>\n\t\t\t\t\t\t\t\t<\/div>\n\t\t\t\t<\/div>\n\t\t\t\t\t<\/div>\n\t\t<\/div>\n\t\t\t\t\t<\/div>\n\t\t<\/section>\n\t\t\t\t<\/div>\n\t\t","protected":false},"excerpt":{"rendered":"<p>Hoteles en La R\u00e0pita para disfrutar de unas vacaciones en primera l\u00ednea de mar Situados en primera l\u00ednea de mar o en el centro del pueblo, sus instalaciones te aportar\u00e1n el confort que deseas y cubrir\u00e1n todas tus necesidades. Encontrar\u00e1s desde piscina, salas de reuniones, espacios de juegos para los ni\u00f1os, zonas de descanso y&hellip; <a class=\"more-link\" href=\"https:\/\/enlarapita.com\/es\/alojamientos\/hoteles\/\">Seguir leyendo <span class=\"screen-reader-text\">Hoteles en La R\u00e0pita<\/span><\/a><\/p>\n","protected":false},"author":1,"featured_media":14157,"parent":2687,"menu_order":0,"comment_status":"closed","ping_status":"closed","template":"page-categories.php","meta":{"_acf_changed":false,"footnotes":""},"class_list":["post-12920","page","type-page","status-publish","has-post-thumbnail","hentry","entry"],"acf":[],"yoast_head":"<!-- This site is optimized with the Yoast SEO plugin v27.4 - https:\/\/yoast.com\/product\/yoast-seo-wordpress\/ -->\n<title>Hoteles en La R\u00e0pita \u2013 D\u00f3nde dormir<\/title>\n<meta name=\"description\" content=\"Los mejores hoteles en La R\u00e0pita te est\u00e1n esperando. Elige d\u00f3nde dormir para disfrutar de tus vacaciones en primera l\u00ednea de mar.\" \/>\n<meta name=\"robots\" content=\"index, follow, max-snippet:-1, max-image-preview:large, max-video-preview:-1\" \/>\n<link rel=\"canonical\" href=\"https:\/\/enlarapita.com\/es\/alojamientos\/hoteles\/\" \/>\n<meta property=\"og:locale\" content=\"es_ES\" \/>\n<meta property=\"og:type\" content=\"article\" \/>\n<meta property=\"og:title\" content=\"Hoteles en La R\u00e0pita \u2013 D\u00f3nde dormir\" \/>\n<meta property=\"og:description\" content=\"Los mejores hoteles en La R\u00e0pita te est\u00e1n esperando. Elige d\u00f3nde dormir para disfrutar de tus vacaciones en primera l\u00ednea de mar.\" \/>\n<meta property=\"og:url\" content=\"https:\/\/enlarapita.com\/es\/alojamientos\/hoteles\/\" \/>\n<meta property=\"og:site_name\" content=\"En la R\u00e0pita\" \/>\n<meta property=\"article:modified_time\" content=\"2023-02-27T15:06:49+00:00\" \/>\n<meta property=\"og:image\" content=\"https:\/\/enlarapita.com\/wp-content\/uploads\/2023\/02\/1920x400hotels.jpg\" \/>\n\t<meta property=\"og:image:width\" content=\"1920\" \/>\n\t<meta property=\"og:image:height\" content=\"400\" \/>\n\t<meta property=\"og:image:type\" content=\"image\/jpeg\" \/>\n<meta name=\"twitter:card\" content=\"summary_large_image\" \/>\n<meta name=\"twitter:label1\" content=\"Tiempo de lectura\" \/>\n\t<meta name=\"twitter:data1\" content=\"3 minutos\" \/>\n<script type=\"application\/ld+json\" class=\"yoast-schema-graph\">{\"@context\":\"https:\\\/\\\/schema.org\",\"@graph\":[{\"@type\":\"WebPage\",\"@id\":\"https:\\\/\\\/enlarapita.com\\\/es\\\/alojamientos\\\/hoteles\\\/\",\"url\":\"https:\\\/\\\/enlarapita.com\\\/es\\\/alojamientos\\\/hoteles\\\/\",\"name\":\"Hoteles en La R\u00e0pita \u2013 D\u00f3nde dormir\",\"isPartOf\":{\"@id\":\"https:\\\/\\\/enlarapita.com\\\/es\\\/#website\"},\"primaryImageOfPage\":{\"@id\":\"https:\\\/\\\/enlarapita.com\\\/es\\\/alojamientos\\\/hoteles\\\/#primaryimage\"},\"image\":{\"@id\":\"https:\\\/\\\/enlarapita.com\\\/es\\\/alojamientos\\\/hoteles\\\/#primaryimage\"},\"thumbnailUrl\":\"https:\\\/\\\/enlarapita.com\\\/wp-content\\\/uploads\\\/2023\\\/02\\\/1920x400hotels.jpg\",\"datePublished\":\"2023-02-06T16:55:32+00:00\",\"dateModified\":\"2023-02-27T15:06:49+00:00\",\"description\":\"Los mejores hoteles en La R\u00e0pita te est\u00e1n esperando. Elige d\u00f3nde dormir para disfrutar de tus vacaciones en primera l\u00ednea de mar.\",\"breadcrumb\":{\"@id\":\"https:\\\/\\\/enlarapita.com\\\/es\\\/alojamientos\\\/hoteles\\\/#breadcrumb\"},\"inLanguage\":\"es\",\"potentialAction\":[{\"@type\":\"ReadAction\",\"target\":[\"https:\\\/\\\/enlarapita.com\\\/es\\\/alojamientos\\\/hoteles\\\/\"]}]},{\"@type\":\"ImageObject\",\"inLanguage\":\"es\",\"@id\":\"https:\\\/\\\/enlarapita.com\\\/es\\\/alojamientos\\\/hoteles\\\/#primaryimage\",\"url\":\"https:\\\/\\\/enlarapita.com\\\/wp-content\\\/uploads\\\/2023\\\/02\\\/1920x400hotels.jpg\",\"contentUrl\":\"https:\\\/\\\/enlarapita.com\\\/wp-content\\\/uploads\\\/2023\\\/02\\\/1920x400hotels.jpg\",\"width\":1920,\"height\":400},{\"@type\":\"BreadcrumbList\",\"@id\":\"https:\\\/\\\/enlarapita.com\\\/es\\\/alojamientos\\\/hoteles\\\/#breadcrumb\",\"itemListElement\":[{\"@type\":\"ListItem\",\"position\":1,\"name\":\"Portada\",\"item\":\"https:\\\/\\\/enlarapita.com\\\/es\\\/\"},{\"@type\":\"ListItem\",\"position\":2,\"name\":\"Alojamientos en La R\u00e0pita\",\"item\":\"https:\\\/\\\/enlarapita.com\\\/es\\\/allotjaments\\\/\"},{\"@type\":\"ListItem\",\"position\":3,\"name\":\"Hoteles en La R\u00e0pita\"}]},{\"@type\":\"WebSite\",\"@id\":\"https:\\\/\\\/enlarapita.com\\\/es\\\/#website\",\"url\":\"https:\\\/\\\/enlarapita.com\\\/es\\\/\",\"name\":\"En la R\u00e0pita\",\"description\":\"\",\"publisher\":{\"@id\":\"https:\\\/\\\/enlarapita.com\\\/es\\\/#organization\"},\"potentialAction\":[{\"@type\":\"SearchAction\",\"target\":{\"@type\":\"EntryPoint\",\"urlTemplate\":\"https:\\\/\\\/enlarapita.com\\\/es\\\/?s={search_term_string}\"},\"query-input\":{\"@type\":\"PropertyValueSpecification\",\"valueRequired\":true,\"valueName\":\"search_term_string\"}}],\"inLanguage\":\"es\"},{\"@type\":\"Organization\",\"@id\":\"https:\\\/\\\/enlarapita.com\\\/es\\\/#organization\",\"name\":\"En la R\u00e0pita\",\"url\":\"https:\\\/\\\/enlarapita.com\\\/es\\\/\",\"logo\":{\"@type\":\"ImageObject\",\"inLanguage\":\"es\",\"@id\":\"https:\\\/\\\/enlarapita.com\\\/es\\\/#\\\/schema\\\/logo\\\/image\\\/\",\"url\":\"https:\\\/\\\/enlarapita.com\\\/wp-content\\\/uploads\\\/2021\\\/04\\\/cropped-logo-enlarapita-blau.png\",\"contentUrl\":\"https:\\\/\\\/enlarapita.com\\\/wp-content\\\/uploads\\\/2021\\\/04\\\/cropped-logo-enlarapita-blau.png\",\"width\":130,\"height\":19,\"caption\":\"En la R\u00e0pita\"},\"image\":{\"@id\":\"https:\\\/\\\/enlarapita.com\\\/es\\\/#\\\/schema\\\/logo\\\/image\\\/\"}}]}<\/script>\n<!-- \/ Yoast SEO plugin. -->","yoast_head_json":{"title":"Hoteles en La R\u00e0pita \u2013 D\u00f3nde dormir","description":"Los mejores hoteles en La R\u00e0pita te est\u00e1n esperando. Elige d\u00f3nde dormir para disfrutar de tus vacaciones en primera l\u00ednea de mar.","robots":{"index":"index","follow":"follow","max-snippet":"max-snippet:-1","max-image-preview":"max-image-preview:large","max-video-preview":"max-video-preview:-1"},"canonical":"https:\/\/enlarapita.com\/es\/alojamientos\/hoteles\/","og_locale":"es_ES","og_type":"article","og_title":"Hoteles en La R\u00e0pita \u2013 D\u00f3nde dormir","og_description":"Los mejores hoteles en La R\u00e0pita te est\u00e1n esperando. Elige d\u00f3nde dormir para disfrutar de tus vacaciones en primera l\u00ednea de mar.","og_url":"https:\/\/enlarapita.com\/es\/alojamientos\/hoteles\/","og_site_name":"En la R\u00e0pita","article_modified_time":"2023-02-27T15:06:49+00:00","og_image":[{"width":1920,"height":400,"url":"https:\/\/enlarapita.com\/wp-content\/uploads\/2023\/02\/1920x400hotels.jpg","type":"image\/jpeg"}],"twitter_card":"summary_large_image","twitter_misc":{"Tiempo de lectura":"3 minutos"},"schema":{"@context":"https:\/\/schema.org","@graph":[{"@type":"WebPage","@id":"https:\/\/enlarapita.com\/es\/alojamientos\/hoteles\/","url":"https:\/\/enlarapita.com\/es\/alojamientos\/hoteles\/","name":"Hoteles en La R\u00e0pita \u2013 D\u00f3nde dormir","isPartOf":{"@id":"https:\/\/enlarapita.com\/es\/#website"},"primaryImageOfPage":{"@id":"https:\/\/enlarapita.com\/es\/alojamientos\/hoteles\/#primaryimage"},"image":{"@id":"https:\/\/enlarapita.com\/es\/alojamientos\/hoteles\/#primaryimage"},"thumbnailUrl":"https:\/\/enlarapita.com\/wp-content\/uploads\/2023\/02\/1920x400hotels.jpg","datePublished":"2023-02-06T16:55:32+00:00","dateModified":"2023-02-27T15:06:49+00:00","description":"Los mejores hoteles en La R\u00e0pita te est\u00e1n esperando. Elige d\u00f3nde dormir para disfrutar de tus vacaciones en primera l\u00ednea de mar.","breadcrumb":{"@id":"https:\/\/enlarapita.com\/es\/alojamientos\/hoteles\/#breadcrumb"},"inLanguage":"es","potentialAction":[{"@type":"ReadAction","target":["https:\/\/enlarapita.com\/es\/alojamientos\/hoteles\/"]}]},{"@type":"ImageObject","inLanguage":"es","@id":"https:\/\/enlarapita.com\/es\/alojamientos\/hoteles\/#primaryimage","url":"https:\/\/enlarapita.com\/wp-content\/uploads\/2023\/02\/1920x400hotels.jpg","contentUrl":"https:\/\/enlarapita.com\/wp-content\/uploads\/2023\/02\/1920x400hotels.jpg","width":1920,"height":400},{"@type":"BreadcrumbList","@id":"https:\/\/enlarapita.com\/es\/alojamientos\/hoteles\/#breadcrumb","itemListElement":[{"@type":"ListItem","position":1,"name":"Portada","item":"https:\/\/enlarapita.com\/es\/"},{"@type":"ListItem","position":2,"name":"Alojamientos en La R\u00e0pita","item":"https:\/\/enlarapita.com\/es\/allotjaments\/"},{"@type":"ListItem","position":3,"name":"Hoteles en La R\u00e0pita"}]},{"@type":"WebSite","@id":"https:\/\/enlarapita.com\/es\/#website","url":"https:\/\/enlarapita.com\/es\/","name":"En la R\u00e0pita","description":"","publisher":{"@id":"https:\/\/enlarapita.com\/es\/#organization"},"potentialAction":[{"@type":"SearchAction","target":{"@type":"EntryPoint","urlTemplate":"https:\/\/enlarapita.com\/es\/?s={search_term_string}"},"query-input":{"@type":"PropertyValueSpecification","valueRequired":true,"valueName":"search_term_string"}}],"inLanguage":"es"},{"@type":"Organization","@id":"https:\/\/enlarapita.com\/es\/#organization","name":"En la R\u00e0pita","url":"https:\/\/enlarapita.com\/es\/","logo":{"@type":"ImageObject","inLanguage":"es","@id":"https:\/\/enlarapita.com\/es\/#\/schema\/logo\/image\/","url":"https:\/\/enlarapita.com\/wp-content\/uploads\/2021\/04\/cropped-logo-enlarapita-blau.png","contentUrl":"https:\/\/enlarapita.com\/wp-content\/uploads\/2021\/04\/cropped-logo-enlarapita-blau.png","width":130,"height":19,"caption":"En la R\u00e0pita"},"image":{"@id":"https:\/\/enlarapita.com\/es\/#\/schema\/logo\/image\/"}}]}},"_links":{"self":[{"href":"https:\/\/enlarapita.com\/es\/wp-json\/wp\/v2\/pages\/12920","targetHints":{"allow":["GET"]}}],"collection":[{"href":"https:\/\/enlarapita.com\/es\/wp-json\/wp\/v2\/pages"}],"about":[{"href":"https:\/\/enlarapita.com\/es\/wp-json\/wp\/v2\/types\/page"}],"author":[{"embeddable":true,"href":"https:\/\/enlarapita.com\/es\/wp-json\/wp\/v2\/users\/1"}],"replies":[{"embeddable":true,"href":"https:\/\/enlarapita.com\/es\/wp-json\/wp\/v2\/comments?post=12920"}],"version-history":[{"count":0,"href":"https:\/\/enlarapita.com\/es\/wp-json\/wp\/v2\/pages\/12920\/revisions"}],"up":[{"embeddable":true,"href":"https:\/\/enlarapita.com\/es\/wp-json\/wp\/v2\/pages\/2687"}],"wp:featuredmedia":[{"embeddable":true,"href":"https:\/\/enlarapita.com\/es\/wp-json\/wp\/v2\/media\/14157"}],"wp:attachment":[{"href":"https:\/\/enlarapita.com\/es\/wp-json\/wp\/v2\/media?parent=12920"}],"curies":[{"name":"wp","href":"https:\/\/api.w.org\/{rel}","templated":true}]}}