{"id":14093,"date":"2023-02-27T09:14:37","date_gmt":"2023-02-27T08:14:37","guid":{"rendered":"https:\/\/globals.app\/enlarapita\/what-to-do-or-see\/aquatic-activities\/kitesurf\/"},"modified":"2023-02-27T09:18:37","modified_gmt":"2023-02-27T08:18:37","slug":"kitesurf","status":"publish","type":"page","link":"https:\/\/enlarapita.com\/en\/what-to-do-or-see\/aquatic-activities\/kitesurf\/","title":{"rendered":"Kitesurf a la R\u00e0pita"},"content":{"rendered":"\t\t<div data-elementor-type=\"wp-page\" data-elementor-id=\"14093\" class=\"elementor elementor-14093 elementor-13373\" data-elementor-post-type=\"page\">\n\t\t\t\t\t\t<section class=\"elementor-section elementor-top-section elementor-element elementor-element-2583fde elementor-section-content-middle elementor-section-boxed elementor-section-height-default elementor-section-height-default\" data-id=\"2583fde\" data-element_type=\"section\" data-e-type=\"section\">\n\t\t\t\t\t\t<div class=\"elementor-container elementor-column-gap-default\">\n\t\t\t\t\t<div class=\"elementor-column elementor-col-50 elementor-top-column elementor-element elementor-element-50145d16\" data-id=\"50145d16\" data-element_type=\"column\" data-e-type=\"column\">\n\t\t\t<div class=\"elementor-widget-wrap elementor-element-populated\">\n\t\t\t\t\t\t<div class=\"elementor-element elementor-element-1981ff96 elementor-widget elementor-widget-heading\" data-id=\"1981ff96\" data-element_type=\"widget\" data-e-type=\"widget\" data-widget_type=\"heading.default\">\n\t\t\t\t<div class=\"elementor-widget-container\">\n\t\t\t\t\t<h2 class=\"elementor-heading-title elementor-size-default\">Empr\u00e8n el vol amb una planxa de surf d\u2019estel <\/h2>\t\t\t\t<\/div>\n\t\t\t\t<\/div>\n\t\t\t\t<div class=\"elementor-element elementor-element-1d0df1f2 elementor-widget elementor-widget-text-editor\" data-id=\"1d0df1f2\" data-element_type=\"widget\" data-e-type=\"widget\" data-widget_type=\"text-editor.default\">\n\t\t\t\t<div class=\"elementor-widget-container\">\n\t\t\t\t\t\t\t\t\t<p>Les condicions clim\u00e0tiques i l\u2019amplitud i extensi\u00f3 de la badia dels Alfacs fan que sigui f\u00e0cil emprendre el vol amb una planxa de surf d\u2019estel a la R\u00e0pita. A les platges locals de les Del\u00edcies, de Garb\u00ed, dels Hortets, de la Senieta, i especialment des del Trabucador, podr\u00e0s gaudir al m\u00e0xim d\u2019aquesta activitat aqu\u00e0tica a la R\u00e0pita durant els dies que passis amb nosaltres.<\/p>\n\t\t\t\t\t\t\t\t<\/div>\n\t\t\t\t<\/div>\n\t\t\t\t<div class=\"elementor-element elementor-element-8b7aa5d elementor-widget elementor-widget-heading\" data-id=\"8b7aa5d\" data-element_type=\"widget\" data-e-type=\"widget\" data-widget_type=\"heading.default\">\n\t\t\t\t<div class=\"elementor-widget-container\">\n\t\t\t\t\t<h2 class=\"elementor-heading-title elementor-size-default\">El surf d\u2019estel de moda?<\/h2>\t\t\t\t<\/div>\n\t\t\t\t<\/div>\n\t\t\t\t<div class=\"elementor-element elementor-element-67a0dda elementor-widget elementor-widget-text-editor\" data-id=\"67a0dda\" data-element_type=\"widget\" data-e-type=\"widget\" data-widget_type=\"text-editor.default\">\n\t\t\t\t<div class=\"elementor-widget-container\">\n\t\t\t\t\t\t\t\t\t<p>Segur que has sentit a parlar del <em>kitesurf<\/em> darrerament, sembla que \u00e9s una de les activitats aqu\u00e0tiques que estan m\u00e9s de moda i nosaltres t\u2019oferim la possibilitat que puguis aprendre\u2019n o practicar-ne els 365 dies de l\u2019any. Si nom\u00e9s necessites el material, tenim a la teva disposici\u00f3 lloguer de planxes de surf, barres, estels, arnesos, tot all\u00f2 indispensable. I si vols aprendre\u2019n, tenim professors a la teva disposici\u00f3 perqu\u00e8 puguis volar amb el surf d\u2019estel.<\/p>\n\t\t\t\t\t\t\t\t<\/div>\n\t\t\t\t<\/div>\n\t\t\t\t<div class=\"elementor-element elementor-element-9e41af8 elementor-widget elementor-widget-text-editor\" data-id=\"9e41af8\" data-element_type=\"widget\" data-e-type=\"widget\" data-widget_type=\"text-editor.default\">\n\t\t\t\t<div class=\"elementor-widget-container\">\n\t\t\t\t\t\t\t\t\t<p>A la R\u00e0pita tenim un espai natural \u00fanic a la Mediterr\u00e0nia amb aig\u00fces tranquil\u00b7les i vents adequats perqu\u00e8 t\u2019enlaires amb facilitat amb el surf d\u2019estel des de les nostres platges. Des de l\u2019Estaci\u00f3 N\u00e0utica la R\u00e0pita &#8211; Delta de l\u2019Ebre posem a la teva disposici\u00f3 diverses propostes perqu\u00e8 t\u2019atreveixis a provar d\u2019enlairar-te i gaudir dels millors vols en <em>kitesurf<\/em> a la R\u00e0pita.<\/p>\n\t\t\t\t\t\t\t\t<\/div>\n\t\t\t\t<\/div>\n\t\t\t\t\t<\/div>\n\t\t<\/div>\n\t\t\t\t<div class=\"elementor-column elementor-col-50 elementor-top-column elementor-element elementor-element-28df5888\" data-id=\"28df5888\" data-element_type=\"column\" data-e-type=\"column\">\n\t\t\t<div class=\"elementor-widget-wrap elementor-element-populated\">\n\t\t\t\t\t\t<div class=\"elementor-element elementor-element-7e89c5e5 elementor-widget elementor-widget-image\" data-id=\"7e89c5e5\" data-element_type=\"widget\" data-e-type=\"widget\" data-widget_type=\"image.default\">\n\t\t\t\t<div class=\"elementor-widget-container\">\n\t\t\t\t\t\t\t\t\t\t\t\t\t\t\t<img fetchpriority=\"high\" decoding=\"async\" width=\"1440\" height=\"1800\" src=\"https:\/\/enlarapita.com\/wp-content\/uploads\/2022\/12\/Experience12.jpg\" class=\"attachment-full size-full wp-image-12275\" alt=\"\" srcset=\"https:\/\/enlarapita.com\/wp-content\/uploads\/2022\/12\/Experience12.jpg 1440w, https:\/\/enlarapita.com\/wp-content\/uploads\/2022\/12\/Experience12-240x300.jpg 240w, https:\/\/enlarapita.com\/wp-content\/uploads\/2022\/12\/Experience12-819x1024.jpg 819w, https:\/\/enlarapita.com\/wp-content\/uploads\/2022\/12\/Experience12-768x960.jpg 768w, https:\/\/enlarapita.com\/wp-content\/uploads\/2022\/12\/Experience12-1229x1536.jpg 1229w\" sizes=\"(max-width: 1440px) 100vw, 1440px\" style=\"width:100%;height:125%;max-width:1440px\" \/>\t\t\t\t\t\t\t\t\t\t\t\t\t\t\t<\/div>\n\t\t\t\t<\/div>\n\t\t\t\t\t<\/div>\n\t\t<\/div>\n\t\t\t\t\t<\/div>\n\t\t<\/section>\n\t\t\t\t<\/div>\n\t\t","protected":false},"excerpt":{"rendered":"","protected":false},"author":1,"featured_media":14422,"parent":13458,"menu_order":0,"comment_status":"closed","ping_status":"closed","template":"page-categories.php","meta":{"_acf_changed":false,"footnotes":""},"class_list":["post-14093","page","type-page","status-publish","has-post-thumbnail","hentry","entry"],"acf":[],"yoast_head":"<!-- This site is optimized with the Yoast SEO plugin v27.4 - https:\/\/yoast.com\/product\/yoast-seo-wordpress\/ -->\n<title>Kitesurf a la R\u00e0pita - En la R\u00e0pita<\/title>\n<meta name=\"robots\" content=\"index, follow, max-snippet:-1, max-image-preview:large, max-video-preview:-1\" \/>\n<link rel=\"canonical\" href=\"https:\/\/enlarapita.com\/en\/what-to-do-or-see\/aquatic-activities\/kitesurf\/\" \/>\n<meta property=\"og:locale\" content=\"en_US\" \/>\n<meta property=\"og:type\" content=\"article\" \/>\n<meta property=\"og:title\" content=\"Kitesurf a la R\u00e0pita - En la R\u00e0pita\" \/>\n<meta property=\"og:url\" content=\"https:\/\/enlarapita.com\/en\/what-to-do-or-see\/aquatic-activities\/kitesurf\/\" \/>\n<meta property=\"og:site_name\" content=\"En la R\u00e0pita\" \/>\n<meta property=\"article:modified_time\" content=\"2023-02-27T08:18:37+00:00\" \/>\n<meta property=\"og:image\" content=\"https:\/\/enlarapita.com\/wp-content\/uploads\/2023\/02\/1920x400kitesurf.jpg\" \/>\n\t<meta property=\"og:image:width\" content=\"1920\" \/>\n\t<meta property=\"og:image:height\" content=\"400\" \/>\n\t<meta property=\"og:image:type\" content=\"image\/jpeg\" \/>\n<meta name=\"twitter:card\" content=\"summary_large_image\" \/>\n<meta name=\"twitter:label1\" content=\"Est. reading time\" \/>\n\t<meta name=\"twitter:data1\" content=\"2 minutes\" \/>\n<script type=\"application\/ld+json\" class=\"yoast-schema-graph\">{\"@context\":\"https:\\\/\\\/schema.org\",\"@graph\":[{\"@type\":\"WebPage\",\"@id\":\"https:\\\/\\\/enlarapita.com\\\/en\\\/what-to-do-or-see\\\/aquatic-activities\\\/kitesurf\\\/\",\"url\":\"https:\\\/\\\/enlarapita.com\\\/en\\\/what-to-do-or-see\\\/aquatic-activities\\\/kitesurf\\\/\",\"name\":\"Kitesurf a la R\u00e0pita - En la R\u00e0pita\",\"isPartOf\":{\"@id\":\"https:\\\/\\\/enlarapita.com\\\/en\\\/#website\"},\"primaryImageOfPage\":{\"@id\":\"https:\\\/\\\/enlarapita.com\\\/en\\\/what-to-do-or-see\\\/aquatic-activities\\\/kitesurf\\\/#primaryimage\"},\"image\":{\"@id\":\"https:\\\/\\\/enlarapita.com\\\/en\\\/what-to-do-or-see\\\/aquatic-activities\\\/kitesurf\\\/#primaryimage\"},\"thumbnailUrl\":\"https:\\\/\\\/enlarapita.com\\\/wp-content\\\/uploads\\\/2023\\\/02\\\/1920x400kitesurf.jpg\",\"datePublished\":\"2023-02-27T08:14:37+00:00\",\"dateModified\":\"2023-02-27T08:18:37+00:00\",\"breadcrumb\":{\"@id\":\"https:\\\/\\\/enlarapita.com\\\/en\\\/what-to-do-or-see\\\/aquatic-activities\\\/kitesurf\\\/#breadcrumb\"},\"inLanguage\":\"en-US\",\"potentialAction\":[{\"@type\":\"ReadAction\",\"target\":[\"https:\\\/\\\/enlarapita.com\\\/en\\\/what-to-do-or-see\\\/aquatic-activities\\\/kitesurf\\\/\"]}]},{\"@type\":\"ImageObject\",\"inLanguage\":\"en-US\",\"@id\":\"https:\\\/\\\/enlarapita.com\\\/en\\\/what-to-do-or-see\\\/aquatic-activities\\\/kitesurf\\\/#primaryimage\",\"url\":\"https:\\\/\\\/enlarapita.com\\\/wp-content\\\/uploads\\\/2023\\\/02\\\/1920x400kitesurf.jpg\",\"contentUrl\":\"https:\\\/\\\/enlarapita.com\\\/wp-content\\\/uploads\\\/2023\\\/02\\\/1920x400kitesurf.jpg\",\"width\":1920,\"height\":400,\"caption\":\"Kitesurf a la R\u00e0pita\"},{\"@type\":\"BreadcrumbList\",\"@id\":\"https:\\\/\\\/enlarapita.com\\\/en\\\/what-to-do-or-see\\\/aquatic-activities\\\/kitesurf\\\/#breadcrumb\",\"itemListElement\":[{\"@type\":\"ListItem\",\"position\":1,\"name\":\"Portada\",\"item\":\"https:\\\/\\\/enlarapita.com\\\/en\\\/\"},{\"@type\":\"ListItem\",\"position\":2,\"name\":\"What to do or see in La Rapita\",\"item\":\"https:\\\/\\\/enlarapita.com\\\/en\\\/what-to-do-or-see\\\/\"},{\"@type\":\"ListItem\",\"position\":3,\"name\":\"Aquatic activities in La R\u00e0pita\",\"item\":\"https:\\\/\\\/enlarapita.com\\\/en\\\/what-to-do-or-see\\\/aquatic-activities\\\/\"},{\"@type\":\"ListItem\",\"position\":4,\"name\":\"Kitesurf a la R\u00e0pita\"}]},{\"@type\":\"WebSite\",\"@id\":\"https:\\\/\\\/enlarapita.com\\\/en\\\/#website\",\"url\":\"https:\\\/\\\/enlarapita.com\\\/en\\\/\",\"name\":\"En la R\u00e0pita\",\"description\":\"\",\"publisher\":{\"@id\":\"https:\\\/\\\/enlarapita.com\\\/en\\\/#organization\"},\"potentialAction\":[{\"@type\":\"SearchAction\",\"target\":{\"@type\":\"EntryPoint\",\"urlTemplate\":\"https:\\\/\\\/enlarapita.com\\\/en\\\/?s={search_term_string}\"},\"query-input\":{\"@type\":\"PropertyValueSpecification\",\"valueRequired\":true,\"valueName\":\"search_term_string\"}}],\"inLanguage\":\"en-US\"},{\"@type\":\"Organization\",\"@id\":\"https:\\\/\\\/enlarapita.com\\\/en\\\/#organization\",\"name\":\"En la R\u00e0pita\",\"url\":\"https:\\\/\\\/enlarapita.com\\\/en\\\/\",\"logo\":{\"@type\":\"ImageObject\",\"inLanguage\":\"en-US\",\"@id\":\"https:\\\/\\\/enlarapita.com\\\/en\\\/#\\\/schema\\\/logo\\\/image\\\/\",\"url\":\"https:\\\/\\\/enlarapita.com\\\/wp-content\\\/uploads\\\/2021\\\/04\\\/cropped-logo-enlarapita-blau.png\",\"contentUrl\":\"https:\\\/\\\/enlarapita.com\\\/wp-content\\\/uploads\\\/2021\\\/04\\\/cropped-logo-enlarapita-blau.png\",\"width\":130,\"height\":19,\"caption\":\"En la R\u00e0pita\"},\"image\":{\"@id\":\"https:\\\/\\\/enlarapita.com\\\/en\\\/#\\\/schema\\\/logo\\\/image\\\/\"}}]}<\/script>\n<!-- \/ Yoast SEO plugin. -->","yoast_head_json":{"title":"Kitesurf a la R\u00e0pita - En la R\u00e0pita","robots":{"index":"index","follow":"follow","max-snippet":"max-snippet:-1","max-image-preview":"max-image-preview:large","max-video-preview":"max-video-preview:-1"},"canonical":"https:\/\/enlarapita.com\/en\/what-to-do-or-see\/aquatic-activities\/kitesurf\/","og_locale":"en_US","og_type":"article","og_title":"Kitesurf a la R\u00e0pita - En la R\u00e0pita","og_url":"https:\/\/enlarapita.com\/en\/what-to-do-or-see\/aquatic-activities\/kitesurf\/","og_site_name":"En la R\u00e0pita","article_modified_time":"2023-02-27T08:18:37+00:00","og_image":[{"width":1920,"height":400,"url":"https:\/\/enlarapita.com\/wp-content\/uploads\/2023\/02\/1920x400kitesurf.jpg","type":"image\/jpeg"}],"twitter_card":"summary_large_image","twitter_misc":{"Est. reading time":"2 minutes"},"schema":{"@context":"https:\/\/schema.org","@graph":[{"@type":"WebPage","@id":"https:\/\/enlarapita.com\/en\/what-to-do-or-see\/aquatic-activities\/kitesurf\/","url":"https:\/\/enlarapita.com\/en\/what-to-do-or-see\/aquatic-activities\/kitesurf\/","name":"Kitesurf a la R\u00e0pita - En la R\u00e0pita","isPartOf":{"@id":"https:\/\/enlarapita.com\/en\/#website"},"primaryImageOfPage":{"@id":"https:\/\/enlarapita.com\/en\/what-to-do-or-see\/aquatic-activities\/kitesurf\/#primaryimage"},"image":{"@id":"https:\/\/enlarapita.com\/en\/what-to-do-or-see\/aquatic-activities\/kitesurf\/#primaryimage"},"thumbnailUrl":"https:\/\/enlarapita.com\/wp-content\/uploads\/2023\/02\/1920x400kitesurf.jpg","datePublished":"2023-02-27T08:14:37+00:00","dateModified":"2023-02-27T08:18:37+00:00","breadcrumb":{"@id":"https:\/\/enlarapita.com\/en\/what-to-do-or-see\/aquatic-activities\/kitesurf\/#breadcrumb"},"inLanguage":"en-US","potentialAction":[{"@type":"ReadAction","target":["https:\/\/enlarapita.com\/en\/what-to-do-or-see\/aquatic-activities\/kitesurf\/"]}]},{"@type":"ImageObject","inLanguage":"en-US","@id":"https:\/\/enlarapita.com\/en\/what-to-do-or-see\/aquatic-activities\/kitesurf\/#primaryimage","url":"https:\/\/enlarapita.com\/wp-content\/uploads\/2023\/02\/1920x400kitesurf.jpg","contentUrl":"https:\/\/enlarapita.com\/wp-content\/uploads\/2023\/02\/1920x400kitesurf.jpg","width":1920,"height":400,"caption":"Kitesurf a la R\u00e0pita"},{"@type":"BreadcrumbList","@id":"https:\/\/enlarapita.com\/en\/what-to-do-or-see\/aquatic-activities\/kitesurf\/#breadcrumb","itemListElement":[{"@type":"ListItem","position":1,"name":"Portada","item":"https:\/\/enlarapita.com\/en\/"},{"@type":"ListItem","position":2,"name":"What to do or see in La Rapita","item":"https:\/\/enlarapita.com\/en\/what-to-do-or-see\/"},{"@type":"ListItem","position":3,"name":"Aquatic activities in La R\u00e0pita","item":"https:\/\/enlarapita.com\/en\/what-to-do-or-see\/aquatic-activities\/"},{"@type":"ListItem","position":4,"name":"Kitesurf a la R\u00e0pita"}]},{"@type":"WebSite","@id":"https:\/\/enlarapita.com\/en\/#website","url":"https:\/\/enlarapita.com\/en\/","name":"En la R\u00e0pita","description":"","publisher":{"@id":"https:\/\/enlarapita.com\/en\/#organization"},"potentialAction":[{"@type":"SearchAction","target":{"@type":"EntryPoint","urlTemplate":"https:\/\/enlarapita.com\/en\/?s={search_term_string}"},"query-input":{"@type":"PropertyValueSpecification","valueRequired":true,"valueName":"search_term_string"}}],"inLanguage":"en-US"},{"@type":"Organization","@id":"https:\/\/enlarapita.com\/en\/#organization","name":"En la R\u00e0pita","url":"https:\/\/enlarapita.com\/en\/","logo":{"@type":"ImageObject","inLanguage":"en-US","@id":"https:\/\/enlarapita.com\/en\/#\/schema\/logo\/image\/","url":"https:\/\/enlarapita.com\/wp-content\/uploads\/2021\/04\/cropped-logo-enlarapita-blau.png","contentUrl":"https:\/\/enlarapita.com\/wp-content\/uploads\/2021\/04\/cropped-logo-enlarapita-blau.png","width":130,"height":19,"caption":"En la R\u00e0pita"},"image":{"@id":"https:\/\/enlarapita.com\/en\/#\/schema\/logo\/image\/"}}]}},"_links":{"self":[{"href":"https:\/\/enlarapita.com\/en\/wp-json\/wp\/v2\/pages\/14093","targetHints":{"allow":["GET"]}}],"collection":[{"href":"https:\/\/enlarapita.com\/en\/wp-json\/wp\/v2\/pages"}],"about":[{"href":"https:\/\/enlarapita.com\/en\/wp-json\/wp\/v2\/types\/page"}],"author":[{"embeddable":true,"href":"https:\/\/enlarapita.com\/en\/wp-json\/wp\/v2\/users\/1"}],"replies":[{"embeddable":true,"href":"https:\/\/enlarapita.com\/en\/wp-json\/wp\/v2\/comments?post=14093"}],"version-history":[{"count":0,"href":"https:\/\/enlarapita.com\/en\/wp-json\/wp\/v2\/pages\/14093\/revisions"}],"up":[{"embeddable":true,"href":"https:\/\/enlarapita.com\/en\/wp-json\/wp\/v2\/pages\/13458"}],"wp:featuredmedia":[{"embeddable":true,"href":"https:\/\/enlarapita.com\/en\/wp-json\/wp\/v2\/media\/14422"}],"wp:attachment":[{"href":"https:\/\/enlarapita.com\/en\/wp-json\/wp\/v2\/media?parent=14093"}],"curies":[{"name":"wp","href":"https:\/\/api.w.org\/{rel}","templated":true}]}}