{"id":13558,"date":"2023-02-15T16:20:46","date_gmt":"2023-02-15T15:20:46","guid":{"rendered":"https:\/\/globals.app\/enlarapita\/what-to-do-or-see\/mussel-beds-route\/avi-agusti\/"},"modified":"2025-04-03T15:14:41","modified_gmt":"2025-04-03T13:14:41","slug":"avi-agusti","status":"publish","type":"page","link":"https:\/\/enlarapita.com\/en\/what-to-do-or-see\/mussel-beds-route\/avi-agusti\/","title":{"rendered":"Musclera de l&#8217;Avi Agust\u00ed"},"content":{"rendered":"\t\t<div data-elementor-type=\"wp-page\" data-elementor-id=\"13558\" class=\"elementor elementor-13558 elementor-13370\" data-elementor-post-type=\"page\">\n\t\t\t\t\t\t<section class=\"elementor-section elementor-top-section elementor-element elementor-element-ebce191 elementor-section-boxed elementor-section-height-default elementor-section-height-default\" data-id=\"ebce191\" data-element_type=\"section\" data-e-type=\"section\">\n\t\t\t\t\t\t<div class=\"elementor-container elementor-column-gap-default\">\n\t\t\t\t\t<div class=\"elementor-column elementor-col-100 elementor-top-column elementor-element elementor-element-79082d4b\" data-id=\"79082d4b\" data-element_type=\"column\" data-e-type=\"column\">\n\t\t\t<div class=\"elementor-widget-wrap elementor-element-populated\">\n\t\t\t\t\t\t<div class=\"elementor-element elementor-element-72f43e3c elementor-widget elementor-widget-text-editor\" data-id=\"72f43e3c\" data-element_type=\"widget\" data-e-type=\"widget\" data-widget_type=\"text-editor.default\">\n\t\t\t\t<div class=\"elementor-widget-container\">\n\t\t\t\t\t\t\t\t\t<p>L&#8217;Avi Agusti (Grandfather Agust\u00ed) was a pioneer in promoting the mussels of the Alfacs Bay. You will find the essence of the finest seafood in a traditional mussel farm that has preserved its rustic style.<\/p><p><br><\/p><h3 data-start=\"77\" data-end=\"149\" class=\"\"><strong data-start=\"86\" data-end=\"147\">Taste the Flavours of the Sea at Avi Agust\u00ed\u2019s Mussel Farm<\/strong><\/h3><p>\n<\/p><p data-start=\"150\" data-end=\"483\" class=\"\">Enjoy a unique experience in the heart of the Ebro Delta: hop on Avi Agust\u00ed\u2019s boat taxi from the port of La R\u00e0pita and sail across the calm waters of the Alfacs Bay. At the mussel farm, right in the middle of the sea, you\u2019ll discover the secrets of mollusc farming and savour fresh, gourmet products that will awaken all your senses.<\/p>\t\t\t\t\t\t\t\t<\/div>\n\t\t\t\t<\/div>\n\t\t\t\t\t<\/div>\n\t\t<\/div>\n\t\t\t\t\t<\/div>\n\t\t<\/section>\n\t\t\t\t<\/div>\n\t\t","protected":false},"excerpt":{"rendered":"<p>L&#8217;Avi Agusti (Grandfather Agust\u00ed) was a pioneer in promoting the mussels of the Alfacs Bay. You will find the essence of the finest seafood in a traditional mussel farm that has preserved its rustic style. Taste the Flavours of the Sea at Avi Agust\u00ed\u2019s Mussel Farm Enjoy a unique experience in the heart of the&hellip; <a class=\"more-link\" href=\"https:\/\/enlarapita.com\/en\/what-to-do-or-see\/mussel-beds-route\/avi-agusti\/\">Continue reading <span class=\"screen-reader-text\">Musclera de l&#8217;Avi Agust\u00ed<\/span><\/a><\/p>\n","protected":false},"author":1,"featured_media":34400,"parent":13536,"menu_order":0,"comment_status":"closed","ping_status":"closed","template":"page-categories.php","meta":{"_acf_changed":false,"footnotes":""},"class_list":["post-13558","page","type-page","status-publish","has-post-thumbnail","hentry","entry"],"acf":[],"yoast_head":"<!-- This site is optimized with the Yoast SEO plugin v27.4 - https:\/\/yoast.com\/product\/yoast-seo-wordpress\/ -->\n<title>Musclera de l&#039;Avi Agust\u00ed - En la R\u00e0pita<\/title>\n<meta name=\"robots\" content=\"index, follow, max-snippet:-1, max-image-preview:large, max-video-preview:-1\" \/>\n<link rel=\"canonical\" href=\"https:\/\/enlarapita.com\/en\/what-to-do-or-see\/mussel-beds-route\/avi-agusti\/\" \/>\n<meta property=\"og:locale\" content=\"en_US\" \/>\n<meta property=\"og:type\" content=\"article\" \/>\n<meta property=\"og:title\" content=\"Musclera de l&#039;Avi Agust\u00ed - En la R\u00e0pita\" \/>\n<meta property=\"og:description\" content=\"L&#8217;Avi Agusti (Grandfather Agust\u00ed) was a pioneer in promoting the mussels of the Alfacs Bay. You will find the essence of the finest seafood in a traditional mussel farm that has preserved its rustic style. Taste the Flavours of the Sea at Avi Agust\u00ed\u2019s Mussel Farm Enjoy a unique experience in the heart of the&hellip; Continue reading Musclera de l&#8217;Avi Agust\u00ed\" \/>\n<meta property=\"og:url\" content=\"https:\/\/enlarapita.com\/en\/what-to-do-or-see\/mussel-beds-route\/avi-agusti\/\" \/>\n<meta property=\"og:site_name\" content=\"En la R\u00e0pita\" \/>\n<meta property=\"article:modified_time\" content=\"2025-04-03T13:14:41+00:00\" \/>\n<meta property=\"og:image\" content=\"https:\/\/enlarapita.com\/wp-content\/uploads\/2024\/03\/1W6A9881-R.jpg\" \/>\n\t<meta property=\"og:image:width\" content=\"1500\" \/>\n\t<meta property=\"og:image:height\" content=\"844\" \/>\n\t<meta property=\"og:image:type\" content=\"image\/jpeg\" \/>\n<meta name=\"twitter:card\" content=\"summary_large_image\" \/>\n<meta name=\"twitter:label1\" content=\"Est. reading time\" \/>\n\t<meta name=\"twitter:data1\" content=\"1 minute\" \/>\n<script type=\"application\/ld+json\" class=\"yoast-schema-graph\">{\"@context\":\"https:\\\/\\\/schema.org\",\"@graph\":[{\"@type\":\"WebPage\",\"@id\":\"https:\\\/\\\/enlarapita.com\\\/en\\\/what-to-do-or-see\\\/mussel-beds-route\\\/avi-agusti\\\/\",\"url\":\"https:\\\/\\\/enlarapita.com\\\/en\\\/what-to-do-or-see\\\/mussel-beds-route\\\/avi-agusti\\\/\",\"name\":\"Musclera de l'Avi Agust\u00ed - En la R\u00e0pita\",\"isPartOf\":{\"@id\":\"https:\\\/\\\/enlarapita.com\\\/en\\\/#website\"},\"primaryImageOfPage\":{\"@id\":\"https:\\\/\\\/enlarapita.com\\\/en\\\/what-to-do-or-see\\\/mussel-beds-route\\\/avi-agusti\\\/#primaryimage\"},\"image\":{\"@id\":\"https:\\\/\\\/enlarapita.com\\\/en\\\/what-to-do-or-see\\\/mussel-beds-route\\\/avi-agusti\\\/#primaryimage\"},\"thumbnailUrl\":\"https:\\\/\\\/enlarapita.com\\\/wp-content\\\/uploads\\\/2026\\\/03\\\/Avi-Agusti-en-sol.png\",\"datePublished\":\"2023-02-15T15:20:46+00:00\",\"dateModified\":\"2025-04-03T13:14:41+00:00\",\"breadcrumb\":{\"@id\":\"https:\\\/\\\/enlarapita.com\\\/en\\\/what-to-do-or-see\\\/mussel-beds-route\\\/avi-agusti\\\/#breadcrumb\"},\"inLanguage\":\"en-US\",\"potentialAction\":[{\"@type\":\"ReadAction\",\"target\":[\"https:\\\/\\\/enlarapita.com\\\/en\\\/what-to-do-or-see\\\/mussel-beds-route\\\/avi-agusti\\\/\"]}]},{\"@type\":\"ImageObject\",\"inLanguage\":\"en-US\",\"@id\":\"https:\\\/\\\/enlarapita.com\\\/en\\\/what-to-do-or-see\\\/mussel-beds-route\\\/avi-agusti\\\/#primaryimage\",\"url\":\"https:\\\/\\\/enlarapita.com\\\/wp-content\\\/uploads\\\/2026\\\/03\\\/Avi-Agusti-en-sol.png\",\"contentUrl\":\"https:\\\/\\\/enlarapita.com\\\/wp-content\\\/uploads\\\/2026\\\/03\\\/Avi-Agusti-en-sol.png\",\"width\":921,\"height\":1152},{\"@type\":\"BreadcrumbList\",\"@id\":\"https:\\\/\\\/enlarapita.com\\\/en\\\/what-to-do-or-see\\\/mussel-beds-route\\\/avi-agusti\\\/#breadcrumb\",\"itemListElement\":[{\"@type\":\"ListItem\",\"position\":1,\"name\":\"Portada\",\"item\":\"https:\\\/\\\/enlarapita.com\\\/en\\\/\"},{\"@type\":\"ListItem\",\"position\":2,\"name\":\"What to do or see in La Rapita\",\"item\":\"https:\\\/\\\/enlarapita.com\\\/en\\\/what-to-do-or-see\\\/\"},{\"@type\":\"ListItem\",\"position\":3,\"name\":\"Mussel-beds route in la R\u00e0pita\",\"item\":\"https:\\\/\\\/enlarapita.com\\\/en\\\/what-to-do-or-see\\\/mussel-beds-route\\\/\"},{\"@type\":\"ListItem\",\"position\":4,\"name\":\"Musclera de l&#8217;Avi Agust\u00ed\"}]},{\"@type\":\"WebSite\",\"@id\":\"https:\\\/\\\/enlarapita.com\\\/en\\\/#website\",\"url\":\"https:\\\/\\\/enlarapita.com\\\/en\\\/\",\"name\":\"En la R\u00e0pita\",\"description\":\"\",\"publisher\":{\"@id\":\"https:\\\/\\\/enlarapita.com\\\/en\\\/#organization\"},\"potentialAction\":[{\"@type\":\"SearchAction\",\"target\":{\"@type\":\"EntryPoint\",\"urlTemplate\":\"https:\\\/\\\/enlarapita.com\\\/en\\\/?s={search_term_string}\"},\"query-input\":{\"@type\":\"PropertyValueSpecification\",\"valueRequired\":true,\"valueName\":\"search_term_string\"}}],\"inLanguage\":\"en-US\"},{\"@type\":\"Organization\",\"@id\":\"https:\\\/\\\/enlarapita.com\\\/en\\\/#organization\",\"name\":\"En la R\u00e0pita\",\"url\":\"https:\\\/\\\/enlarapita.com\\\/en\\\/\",\"logo\":{\"@type\":\"ImageObject\",\"inLanguage\":\"en-US\",\"@id\":\"https:\\\/\\\/enlarapita.com\\\/en\\\/#\\\/schema\\\/logo\\\/image\\\/\",\"url\":\"https:\\\/\\\/enlarapita.com\\\/wp-content\\\/uploads\\\/2021\\\/04\\\/cropped-logo-enlarapita-blau.png\",\"contentUrl\":\"https:\\\/\\\/enlarapita.com\\\/wp-content\\\/uploads\\\/2021\\\/04\\\/cropped-logo-enlarapita-blau.png\",\"width\":130,\"height\":19,\"caption\":\"En la R\u00e0pita\"},\"image\":{\"@id\":\"https:\\\/\\\/enlarapita.com\\\/en\\\/#\\\/schema\\\/logo\\\/image\\\/\"}}]}<\/script>\n<!-- \/ Yoast SEO plugin. -->","yoast_head_json":{"title":"Musclera de l'Avi Agust\u00ed - En la R\u00e0pita","robots":{"index":"index","follow":"follow","max-snippet":"max-snippet:-1","max-image-preview":"max-image-preview:large","max-video-preview":"max-video-preview:-1"},"canonical":"https:\/\/enlarapita.com\/en\/what-to-do-or-see\/mussel-beds-route\/avi-agusti\/","og_locale":"en_US","og_type":"article","og_title":"Musclera de l'Avi Agust\u00ed - En la R\u00e0pita","og_description":"L&#8217;Avi Agusti (Grandfather Agust\u00ed) was a pioneer in promoting the mussels of the Alfacs Bay. You will find the essence of the finest seafood in a traditional mussel farm that has preserved its rustic style. Taste the Flavours of the Sea at Avi Agust\u00ed\u2019s Mussel Farm Enjoy a unique experience in the heart of the&hellip; Continue reading Musclera de l&#8217;Avi Agust\u00ed","og_url":"https:\/\/enlarapita.com\/en\/what-to-do-or-see\/mussel-beds-route\/avi-agusti\/","og_site_name":"En la R\u00e0pita","article_modified_time":"2025-04-03T13:14:41+00:00","og_image":[{"width":1500,"height":844,"url":"https:\/\/enlarapita.com\/wp-content\/uploads\/2024\/03\/1W6A9881-R.jpg","type":"image\/jpeg"}],"twitter_card":"summary_large_image","twitter_misc":{"Est. reading time":"1 minute"},"schema":{"@context":"https:\/\/schema.org","@graph":[{"@type":"WebPage","@id":"https:\/\/enlarapita.com\/en\/what-to-do-or-see\/mussel-beds-route\/avi-agusti\/","url":"https:\/\/enlarapita.com\/en\/what-to-do-or-see\/mussel-beds-route\/avi-agusti\/","name":"Musclera de l'Avi Agust\u00ed - En la R\u00e0pita","isPartOf":{"@id":"https:\/\/enlarapita.com\/en\/#website"},"primaryImageOfPage":{"@id":"https:\/\/enlarapita.com\/en\/what-to-do-or-see\/mussel-beds-route\/avi-agusti\/#primaryimage"},"image":{"@id":"https:\/\/enlarapita.com\/en\/what-to-do-or-see\/mussel-beds-route\/avi-agusti\/#primaryimage"},"thumbnailUrl":"https:\/\/enlarapita.com\/wp-content\/uploads\/2026\/03\/Avi-Agusti-en-sol.png","datePublished":"2023-02-15T15:20:46+00:00","dateModified":"2025-04-03T13:14:41+00:00","breadcrumb":{"@id":"https:\/\/enlarapita.com\/en\/what-to-do-or-see\/mussel-beds-route\/avi-agusti\/#breadcrumb"},"inLanguage":"en-US","potentialAction":[{"@type":"ReadAction","target":["https:\/\/enlarapita.com\/en\/what-to-do-or-see\/mussel-beds-route\/avi-agusti\/"]}]},{"@type":"ImageObject","inLanguage":"en-US","@id":"https:\/\/enlarapita.com\/en\/what-to-do-or-see\/mussel-beds-route\/avi-agusti\/#primaryimage","url":"https:\/\/enlarapita.com\/wp-content\/uploads\/2026\/03\/Avi-Agusti-en-sol.png","contentUrl":"https:\/\/enlarapita.com\/wp-content\/uploads\/2026\/03\/Avi-Agusti-en-sol.png","width":921,"height":1152},{"@type":"BreadcrumbList","@id":"https:\/\/enlarapita.com\/en\/what-to-do-or-see\/mussel-beds-route\/avi-agusti\/#breadcrumb","itemListElement":[{"@type":"ListItem","position":1,"name":"Portada","item":"https:\/\/enlarapita.com\/en\/"},{"@type":"ListItem","position":2,"name":"What to do or see in La Rapita","item":"https:\/\/enlarapita.com\/en\/what-to-do-or-see\/"},{"@type":"ListItem","position":3,"name":"Mussel-beds route in la R\u00e0pita","item":"https:\/\/enlarapita.com\/en\/what-to-do-or-see\/mussel-beds-route\/"},{"@type":"ListItem","position":4,"name":"Musclera de l&#8217;Avi Agust\u00ed"}]},{"@type":"WebSite","@id":"https:\/\/enlarapita.com\/en\/#website","url":"https:\/\/enlarapita.com\/en\/","name":"En la R\u00e0pita","description":"","publisher":{"@id":"https:\/\/enlarapita.com\/en\/#organization"},"potentialAction":[{"@type":"SearchAction","target":{"@type":"EntryPoint","urlTemplate":"https:\/\/enlarapita.com\/en\/?s={search_term_string}"},"query-input":{"@type":"PropertyValueSpecification","valueRequired":true,"valueName":"search_term_string"}}],"inLanguage":"en-US"},{"@type":"Organization","@id":"https:\/\/enlarapita.com\/en\/#organization","name":"En la R\u00e0pita","url":"https:\/\/enlarapita.com\/en\/","logo":{"@type":"ImageObject","inLanguage":"en-US","@id":"https:\/\/enlarapita.com\/en\/#\/schema\/logo\/image\/","url":"https:\/\/enlarapita.com\/wp-content\/uploads\/2021\/04\/cropped-logo-enlarapita-blau.png","contentUrl":"https:\/\/enlarapita.com\/wp-content\/uploads\/2021\/04\/cropped-logo-enlarapita-blau.png","width":130,"height":19,"caption":"En la R\u00e0pita"},"image":{"@id":"https:\/\/enlarapita.com\/en\/#\/schema\/logo\/image\/"}}]}},"_links":{"self":[{"href":"https:\/\/enlarapita.com\/en\/wp-json\/wp\/v2\/pages\/13558","targetHints":{"allow":["GET"]}}],"collection":[{"href":"https:\/\/enlarapita.com\/en\/wp-json\/wp\/v2\/pages"}],"about":[{"href":"https:\/\/enlarapita.com\/en\/wp-json\/wp\/v2\/types\/page"}],"author":[{"embeddable":true,"href":"https:\/\/enlarapita.com\/en\/wp-json\/wp\/v2\/users\/1"}],"replies":[{"embeddable":true,"href":"https:\/\/enlarapita.com\/en\/wp-json\/wp\/v2\/comments?post=13558"}],"version-history":[{"count":6,"href":"https:\/\/enlarapita.com\/en\/wp-json\/wp\/v2\/pages\/13558\/revisions"}],"predecessor-version":[{"id":33030,"href":"https:\/\/enlarapita.com\/en\/wp-json\/wp\/v2\/pages\/13558\/revisions\/33030"}],"up":[{"embeddable":true,"href":"https:\/\/enlarapita.com\/en\/wp-json\/wp\/v2\/pages\/13536"}],"wp:featuredmedia":[{"embeddable":true,"href":"https:\/\/enlarapita.com\/en\/wp-json\/wp\/v2\/media\/34400"}],"wp:attachment":[{"href":"https:\/\/enlarapita.com\/en\/wp-json\/wp\/v2\/media?parent=13558"}],"curies":[{"name":"wp","href":"https:\/\/api.w.org\/{rel}","templated":true}]}}