{"id":597,"date":"2021-03-09T09:28:45","date_gmt":"2021-03-09T09:28:45","guid":{"rendered":"https:\/\/enlarapita.com\/deltalovers\/?page_id=597"},"modified":"2021-03-17T11:04:45","modified_gmt":"2021-03-17T11:04:45","slug":"contacte","status":"publish","type":"page","link":"https:\/\/enlarapita.com\/deltalovers\/contacte\/","title":{"rendered":"Contacte"},"content":{"rendered":"\t\t<div data-elementor-type=\"wp-page\" data-elementor-id=\"597\" class=\"elementor elementor-597\">\n\t\t\t\t\t\t<section class=\"elementor-section elementor-top-section elementor-element elementor-element-3fa9f93d landing_seccio-1 elementor-section-boxed elementor-section-height-default elementor-section-height-default\" data-id=\"3fa9f93d\" data-element_type=\"section\" data-e-type=\"section\" data-settings=\"{&quot;background_background&quot;:&quot;classic&quot;}\">\n\t\t\t\t\t\t\t<div class=\"elementor-background-overlay\"><\/div>\n\t\t\t\t\t\t\t<div class=\"elementor-container elementor-column-gap-default\">\n\t\t\t\t\t<div class=\"elementor-column elementor-col-100 elementor-top-column elementor-element elementor-element-224efe3a\" data-id=\"224efe3a\" data-element_type=\"column\" data-e-type=\"column\">\n\t\t\t<div class=\"elementor-widget-wrap elementor-element-populated\">\n\t\t\t\t\t\t<div class=\"elementor-element elementor-element-77213c82 elementor-widget__width-initial elementor-widget elementor-widget-text-editor\" data-id=\"77213c82\" data-element_type=\"widget\" data-e-type=\"widget\" data-widget_type=\"text-editor.default\">\n\t\t\t\t<div class=\"elementor-widget-container\">\n\t\t\t\t\t\t\t\t\t<h1>Delta lovers<br> \n<span class=\"font-bold\">Viu l\u2019Ebre com mai!<\/span><\/h1>\t\t\t\t\t\t\t\t<\/div>\n\t\t\t\t<\/div>\n\t\t\t\t<div class=\"elementor-element elementor-element-2a9ef11 elementor-widget__width-initial elementor-widget elementor-widget-text-editor\" data-id=\"2a9ef11\" data-element_type=\"widget\" data-e-type=\"widget\" data-widget_type=\"text-editor.default\">\n\t\t\t\t<div class=\"elementor-widget-container\">\n\t\t\t\t\t\t\t\t\tGaudeix un m\u00f3n d\u2019activitats<br> i experi\u00e8ncies \u00faniques al teu gust\t\t\t\t\t\t\t\t<\/div>\n\t\t\t\t<\/div>\n\t\t\t\t\t<\/div>\n\t\t<\/div>\n\t\t\t\t\t<\/div>\n\t\t<\/section>\n\t\t\t\t<section class=\"elementor-section elementor-top-section elementor-element elementor-element-7eb7ce6b contacte_contacta elementor-section-boxed elementor-section-height-default elementor-section-height-default\" data-id=\"7eb7ce6b\" data-element_type=\"section\" data-e-type=\"section\">\n\t\t\t\t\t\t<div class=\"elementor-container elementor-column-gap-default\">\n\t\t\t\t\t<div class=\"elementor-column elementor-col-100 elementor-top-column elementor-element elementor-element-3b55421c\" data-id=\"3b55421c\" data-element_type=\"column\" data-e-type=\"column\">\n\t\t\t<div class=\"elementor-widget-wrap elementor-element-populated\">\n\t\t\t\t\t\t<div class=\"elementor-element elementor-element-db6b12a elementor-widget elementor-widget-text-editor\" data-id=\"db6b12a\" data-element_type=\"widget\" data-e-type=\"widget\" data-widget_type=\"text-editor.default\">\n\t\t\t\t<div class=\"elementor-widget-container\">\n\t\t\t\t\t\t\t\t\t<h2 class=\"font-bold\">Contacta<\/h2>\t\t\t\t\t\t\t\t<\/div>\n\t\t\t\t<\/div>\n\t\t\t\t<div class=\"elementor-element elementor-element-3a3e3443 elementor-widget elementor-widget-text-editor\" data-id=\"3a3e3443\" data-element_type=\"widget\" data-e-type=\"widget\" data-widget_type=\"text-editor.default\">\n\t\t\t\t<div class=\"elementor-widget-container\">\n\t\t\t\t\t\t\t\t\t<p>deltalovers@enlarapita.com<br> +34 977 10 10 10<\/p>\n<p>Parc de Garb\u00ed s\/n<br> 43540 La R\u00e0pita<\/p>\n\t\t\t\t\t\t\t\t<\/div>\n\t\t\t\t<\/div>\n\t\t\t\t\t<\/div>\n\t\t<\/div>\n\t\t\t\t\t<\/div>\n\t\t<\/section>\n\t\t\t\t<section class=\"elementor-section elementor-top-section elementor-element elementor-element-15d921b2 landing_formulari elementor-section-boxed elementor-section-height-default elementor-section-height-default\" data-id=\"15d921b2\" data-element_type=\"section\" data-e-type=\"section\">\n\t\t\t\t\t\t<div class=\"elementor-container elementor-column-gap-default\">\n\t\t\t\t\t<div class=\"elementor-column elementor-col-100 elementor-top-column elementor-element elementor-element-5dc1d1cf\" data-id=\"5dc1d1cf\" data-element_type=\"column\" data-e-type=\"column\">\n\t\t\t<div class=\"elementor-widget-wrap elementor-element-populated\">\n\t\t\t\t\t\t<div class=\"elementor-element elementor-element-32bca6f4 elementor-widget elementor-widget-text-editor\" data-id=\"32bca6f4\" data-element_type=\"widget\" data-e-type=\"widget\" data-widget_type=\"text-editor.default\">\n\t\t\t\t<div class=\"elementor-widget-container\">\n\t\t\t\t\t\t\t\t\tEnvia\u2019ns un missatge\t\t\t\t\t\t\t\t<\/div>\n\t\t\t\t<\/div>\n\t\t\t\t<div class=\"elementor-element elementor-element-57c92e3 formulari-contacte eael-contact-form-7-button-align-left eael-contact-form-7-button-custom elementor-widget elementor-widget-eael-contact-form-7\" data-id=\"57c92e3\" data-element_type=\"widget\" data-e-type=\"widget\" data-widget_type=\"eael-contact-form-7.default\">\n\t\t\t\t<div class=\"elementor-widget-container\">\n\t\t\t\t\t<div class=\"eael-contact-form-7-wrapper\">\n                <div class=\"eael-contact-form eael-contact-form-7 eael-contact-form-57c92e3 placeholder-show eael-contact-form-align-default\">\n<div class=\"wpcf7 no-js\" id=\"wpcf7-f187-o1\" lang=\"es-ES\" dir=\"ltr\" data-wpcf7-id=\"187\">\n<div class=\"screen-reader-response\"><p role=\"status\" aria-live=\"polite\" aria-atomic=\"true\"><\/p> <ul><\/ul><\/div>\n<form action=\"\/deltalovers\/wp-json\/wp\/v2\/pages\/597#wpcf7-f187-o1\" method=\"post\" class=\"wpcf7-form init wpcf7-acceptance-as-validation\" aria-label=\"Formulario de contacto\" novalidate=\"novalidate\" data-status=\"init\">\n<fieldset class=\"hidden-fields-container\"><input type=\"hidden\" name=\"_wpcf7\" value=\"187\" \/><input type=\"hidden\" name=\"_wpcf7_version\" value=\"6.1.5\" \/><input type=\"hidden\" name=\"_wpcf7_locale\" value=\"es_ES\" \/><input type=\"hidden\" name=\"_wpcf7_unit_tag\" value=\"wpcf7-f187-o1\" \/><input type=\"hidden\" name=\"_wpcf7_container_post\" value=\"0\" \/><input type=\"hidden\" name=\"_wpcf7_posted_data_hash\" value=\"\" \/><input type=\"hidden\" name=\"_wpcf7_recaptcha_response\" value=\"\" \/>\n<\/fieldset>\n<div class=\"contenedor-formulari\">\n\t<div class=\"element-formulari\">\n\t\t<p><span class=\"wpcf7-form-control-wrap\" data-name=\"your-name\"><input size=\"40\" maxlength=\"400\" class=\"wpcf7-form-control wpcf7-text wpcf7-validates-as-required\" aria-required=\"true\" aria-invalid=\"false\" placeholder=\"Nom\" value=\"\" type=\"text\" name=\"your-name\" \/><\/span>\n\t\t<\/p>\n\t<\/div>\n\t<div class=\"element-formulari\">\n\t\t<p><span class=\"wpcf7-form-control-wrap\" data-name=\"your-email\"><input size=\"40\" maxlength=\"400\" class=\"wpcf7-form-control wpcf7-email wpcf7-validates-as-required wpcf7-text wpcf7-validates-as-email\" aria-required=\"true\" aria-invalid=\"false\" placeholder=\"Email\" value=\"\" type=\"email\" name=\"your-email\" \/><\/span>\n\t\t<\/p>\n\t<\/div>\n\t<div class=\"element-formulari\">\n\t\t<p><span class=\"wpcf7-form-control-wrap\" data-name=\"your-phone\"><input size=\"40\" maxlength=\"400\" class=\"wpcf7-form-control wpcf7-tel wpcf7-validates-as-required wpcf7-text wpcf7-validates-as-tel\" aria-required=\"true\" aria-invalid=\"false\" placeholder=\"Tel\" value=\"\" type=\"tel\" name=\"your-phone\" \/><\/span>\n\t\t<\/p>\n\t<\/div>\n\t<div class=\"element-formulari\">\n\t\t<p><span class=\"wpcf7-form-control-wrap\" data-name=\"poblacio\"><input size=\"40\" maxlength=\"400\" class=\"wpcf7-form-control wpcf7-text wpcf7-validates-as-required\" aria-required=\"true\" aria-invalid=\"false\" placeholder=\"Poblaci\u00f3\" value=\"\" type=\"text\" name=\"poblacio\" \/><\/span>\n\t\t<\/p>\n\t<\/div>\n<\/div>\n<div class=\"formulari-textarea\">\n\t<p><span class=\"wpcf7-form-control-wrap\" data-name=\"your-message\"><textarea cols=\"40\" rows=\"10\" maxlength=\"2000\" class=\"wpcf7-form-control wpcf7-textarea\" aria-invalid=\"false\" placeholder=\"Missatge\" name=\"your-message\"><\/textarea><\/span>\n\t<\/p>\n<\/div>\n<div class=\"acordeon\">\n\t<h4>Protecci\u00f3 de dades personals<i class=\"fa fa-plus\"><\/i>\n\t<\/h4>\n\t<div class=\"interior\">\n\t\t<p>Utilitzarem les seves dades per respondre consultes i efectuar estudis estad\u00edstics. Per a m\u00e9s informaci\u00f3 sobre el<br \/>\ntractament i els vostres drets, consulteu la <a href=\"https:\/\/enlarapita.com\/politica-privacitat\/\" target=\"_blank\">Pol\u00edtica de privacitat<\/a>\n\t\t<\/p>\n\t<\/div>\n<\/div>\n<div class=\"contacte-accepto\">\n\t<p><span class=\"wpcf7-form-control-wrap\" data-name=\"your-consent\"><span class=\"wpcf7-form-control wpcf7-acceptance\"><span class=\"wpcf7-list-item\"><label><input type=\"checkbox\" name=\"your-consent\" value=\"1\" aria-invalid=\"false\" \/><span class=\"wpcf7-list-item-label\">Accepto que es tractin les meves dades per enviar comunicacions comercials<\/span><\/label><\/span><\/span><\/span>\n\t<\/p>\n<\/div>\n<div class=\"formulari-enviar\">\n\t<p><input class=\"wpcf7-form-control wpcf7-submit has-spinner boto-vert-blanc\" type=\"submit\" value=\"Envia\" \/>\n\t<\/p>\n<\/div><div class=\"wpcf7-response-output\" aria-hidden=\"true\"><\/div>\n<\/form>\n<\/div>\n<\/div>\n            <\/div>\t\t\t\t<\/div>\n\t\t\t\t<\/div>\n\t\t\t\t\t<\/div>\n\t\t<\/div>\n\t\t\t\t\t<\/div>\n\t\t<\/section>\n\t\t\t\t<section class=\"elementor-section elementor-top-section elementor-element elementor-element-b2a9ab2 elementor-section-full_width elementor-section-height-default elementor-section-height-default\" data-id=\"b2a9ab2\" data-element_type=\"section\" data-e-type=\"section\">\n\t\t\t\t\t\t<div class=\"elementor-container elementor-column-gap-default\">\n\t\t\t\t\t<div class=\"elementor-column elementor-col-100 elementor-top-column elementor-element elementor-element-1a274a2\" data-id=\"1a274a2\" data-element_type=\"column\" data-e-type=\"column\">\n\t\t\t<div class=\"elementor-widget-wrap elementor-element-populated\">\n\t\t\t\t\t\t<div class=\"elementor-element elementor-element-f1dcf9b elementor-widget elementor-widget-google_maps\" data-id=\"f1dcf9b\" data-element_type=\"widget\" data-e-type=\"widget\" data-widget_type=\"google_maps.default\">\n\t\t\t\t<div class=\"elementor-widget-container\">\n\t\t\t\t\t\t\t<div class=\"elementor-custom-embed\">\n\t\t\t<iframe loading=\"lazy\"\n\t\t\t\t\tsrc=\"https:\/\/maps.google.com\/maps?q=Estaci%C3%B3%20N%C3%A0utica%20la%20R%C3%A0pita%20-%20Delta%20de%20l%27Ebre&#038;t=m&#038;z=12&#038;output=embed&#038;iwloc=near\"\n\t\t\t\t\ttitle=\"Estaci\u00f3 N\u00e0utica la R\u00e0pita - Delta de l&#039;Ebre\"\n\t\t\t\t\taria-label=\"Estaci\u00f3 N\u00e0utica la R\u00e0pita - Delta de l&#039;Ebre\"\n\t\t\t><\/iframe>\n\t\t<\/div>\n\t\t\t\t\t\t<\/div>\n\t\t\t\t<\/div>\n\t\t\t\t\t<\/div>\n\t\t<\/div>\n\t\t\t\t\t<\/div>\n\t\t<\/section>\n\t\t\t\t<section class=\"elementor-section elementor-top-section elementor-element elementor-element-2a412477 elementor-section-boxed elementor-section-height-default elementor-section-height-default\" data-id=\"2a412477\" data-element_type=\"section\" data-e-type=\"section\">\n\t\t\t\t\t\t<div class=\"elementor-container elementor-column-gap-default\">\n\t\t\t\t\t<div class=\"elementor-column elementor-col-50 elementor-top-column elementor-element elementor-element-38188bc9\" data-id=\"38188bc9\" data-element_type=\"column\" data-e-type=\"column\" data-settings=\"{&quot;background_background&quot;:&quot;classic&quot;}\">\n\t\t\t<div class=\"elementor-widget-wrap elementor-element-populated\">\n\t\t\t\t\t\t<div class=\"elementor-element elementor-element-1e843281 elementor-widget elementor-widget-text-editor\" data-id=\"1e843281\" data-element_type=\"widget\" data-e-type=\"widget\" data-widget_type=\"text-editor.default\">\n\t\t\t\t<div class=\"elementor-widget-container\">\n\t\t\t\t\t\t\t\t\t<a href=\"https:\/\/enlarapita.com\/\" target=\"_blank\">\n<div class=\"landing_club-content\">\n\nTot l\u2019Ebre a les teves mans\n<h2><span class=\"font-bold\">en<\/span>larapita.com<\/h2>\n<p class=\"font-26\">Totes les experi\u00e8ncies de la Estaci\u00f3 N\u00e0utica La R\u00e0pita \u00b7 Delta de l\u2019Ebre a un click<\/p>\n\n<\/div>\n<\/a>\t\t\t\t\t\t\t\t<\/div>\n\t\t\t\t<\/div>\n\t\t\t\t\t<\/div>\n\t\t<\/div>\n\t\t\t\t<div class=\"elementor-column elementor-col-50 elementor-top-column elementor-element elementor-element-17cdb2a3\" data-id=\"17cdb2a3\" data-element_type=\"column\" data-e-type=\"column\" data-settings=\"{&quot;background_background&quot;:&quot;classic&quot;}\">\n\t\t\t<div class=\"elementor-widget-wrap elementor-element-populated\">\n\t\t\t\t\t\t<div class=\"elementor-element elementor-element-4df400c0 elementor-widget elementor-widget-text-editor\" data-id=\"4df400c0\" data-element_type=\"widget\" data-e-type=\"widget\" data-widget_type=\"text-editor.default\">\n\t\t\t\t<div class=\"elementor-widget-container\">\n\t\t\t\t\t\t\t\t\t<a href=\"https:\/\/enlarapita.com\/\" target=\"_blank\">\n<div class=\"landing_club-content\">\n\nGuanya ingressos extra\n<h2><span class=\"font-bold\">hosts<\/span>en!<\/h2>\n<p class=\"font-26\">Fes-te teus els productes de la Estaci\u00f3 N\u00e0utica La R\u00e0pita \u00b7 Terres de l\u2019Ebre<\/p>\n\n<\/div>\n<\/a>\t\t\t\t\t\t\t\t<\/div>\n\t\t\t\t<\/div>\n\t\t\t\t\t<\/div>\n\t\t<\/div>\n\t\t\t\t\t<\/div>\n\t\t<\/section>\n\t\t\t\t<\/div>\n\t\t","protected":false},"excerpt":{"rendered":"<p>Delta lovers Viu l\u2019Ebre com mai! Gaudeix un m\u00f3n d\u2019activitats i experi\u00e8ncies \u00faniques al teu gust Contacta deltalovers@enlarapita.com +34 977 10 10 10 Parc de Garb\u00ed s\/n 43540 La R\u00e0pita Envia\u2019ns un missatge Tot l\u2019Ebre a les teves mans enlarapita.com Totes les experi\u00e8ncies de la Estaci\u00f3 N\u00e0utica La R\u00e0pita \u00b7 Delta de l\u2019Ebre a un&hellip; <a class=\"more-link\" href=\"https:\/\/enlarapita.com\/deltalovers\/contacte\/\">Seguir leyendo <span class=\"screen-reader-text\">Contacte<\/span><\/a><\/p>\n","protected":false},"author":1,"featured_media":0,"parent":0,"menu_order":0,"comment_status":"closed","ping_status":"closed","template":"elementor_header_footer","meta":{"footnotes":""},"class_list":["post-597","page","type-page","status-publish","hentry","entry"],"_links":{"self":[{"href":"https:\/\/enlarapita.com\/deltalovers\/wp-json\/wp\/v2\/pages\/597","targetHints":{"allow":["GET"]}}],"collection":[{"href":"https:\/\/enlarapita.com\/deltalovers\/wp-json\/wp\/v2\/pages"}],"about":[{"href":"https:\/\/enlarapita.com\/deltalovers\/wp-json\/wp\/v2\/types\/page"}],"author":[{"embeddable":true,"href":"https:\/\/enlarapita.com\/deltalovers\/wp-json\/wp\/v2\/users\/1"}],"replies":[{"embeddable":true,"href":"https:\/\/enlarapita.com\/deltalovers\/wp-json\/wp\/v2\/comments?post=597"}],"version-history":[{"count":1,"href":"https:\/\/enlarapita.com\/deltalovers\/wp-json\/wp\/v2\/pages\/597\/revisions"}],"predecessor-version":[{"id":787,"href":"https:\/\/enlarapita.com\/deltalovers\/wp-json\/wp\/v2\/pages\/597\/revisions\/787"}],"wp:attachment":[{"href":"https:\/\/enlarapita.com\/deltalovers\/wp-json\/wp\/v2\/media?parent=597"}],"curies":[{"name":"wp","href":"https:\/\/api.w.org\/{rel}","templated":true}]}}