{"id":476,"date":"2021-03-08T10:32:51","date_gmt":"2021-03-08T10:32:51","guid":{"rendered":"https:\/\/enlarapita.com\/deltalovers\/?page_id=476"},"modified":"2021-03-17T10:42:38","modified_gmt":"2021-03-17T10:42:38","slug":"avantatges","status":"publish","type":"page","link":"https:\/\/enlarapita.com\/deltalovers\/avantatges\/","title":{"rendered":"Avantatges"},"content":{"rendered":"\t\t<div data-elementor-type=\"wp-page\" data-elementor-id=\"476\" class=\"elementor elementor-476\">\n\t\t\t\t\t\t<section class=\"elementor-section elementor-top-section elementor-element elementor-element-2c1786e1 landing_seccio-1 elementor-section-boxed elementor-section-height-default elementor-section-height-default\" data-id=\"2c1786e1\" data-element_type=\"section\" data-e-type=\"section\" data-settings=\"{&quot;background_background&quot;:&quot;classic&quot;}\">\n\t\t\t\t\t\t\t<div class=\"elementor-background-overlay\"><\/div>\n\t\t\t\t\t\t\t<div class=\"elementor-container elementor-column-gap-default\">\n\t\t\t\t\t<div class=\"elementor-column elementor-col-100 elementor-top-column elementor-element elementor-element-1aae43e4\" data-id=\"1aae43e4\" data-element_type=\"column\" data-e-type=\"column\">\n\t\t\t<div class=\"elementor-widget-wrap elementor-element-populated\">\n\t\t\t\t\t\t<div class=\"elementor-element elementor-element-5706b6b9 elementor-widget__width-initial elementor-widget elementor-widget-text-editor\" data-id=\"5706b6b9\" data-element_type=\"widget\" data-e-type=\"widget\" data-widget_type=\"text-editor.default\">\n\t\t\t\t<div class=\"elementor-widget-container\">\n\t\t\t\t\t\t\t\t\t<h1>Delta lovers<br> \n<span class=\"font-bold\">Viu l\u2019Ebre com mai!<\/span><\/h1>\t\t\t\t\t\t\t\t<\/div>\n\t\t\t\t<\/div>\n\t\t\t\t<div class=\"elementor-element elementor-element-6a92dfe4 elementor-widget__width-initial elementor-widget elementor-widget-text-editor\" data-id=\"6a92dfe4\" data-element_type=\"widget\" data-e-type=\"widget\" data-widget_type=\"text-editor.default\">\n\t\t\t\t<div class=\"elementor-widget-container\">\n\t\t\t\t\t\t\t\t\tGaudeix un m\u00f3n d\u2019activitats<br> i experi\u00e8ncies \u00faniques al teu gust\t\t\t\t\t\t\t\t<\/div>\n\t\t\t\t<\/div>\n\t\t\t\t\t<\/div>\n\t\t<\/div>\n\t\t\t\t\t<\/div>\n\t\t<\/section>\n\t\t\t\t<section class=\"elementor-section elementor-top-section elementor-element elementor-element-75968326 avantatges_avantatges elementor-section-boxed elementor-section-height-default elementor-section-height-default\" data-id=\"75968326\" data-element_type=\"section\" data-e-type=\"section\">\n\t\t\t\t\t\t<div class=\"elementor-container elementor-column-gap-default\">\n\t\t\t\t\t<div class=\"elementor-column elementor-col-100 elementor-top-column elementor-element elementor-element-492e4fa1\" data-id=\"492e4fa1\" data-element_type=\"column\" data-e-type=\"column\">\n\t\t\t<div class=\"elementor-widget-wrap elementor-element-populated\">\n\t\t\t\t\t\t<div class=\"elementor-element elementor-element-3de2e189 elementor-widget elementor-widget-text-editor\" data-id=\"3de2e189\" data-element_type=\"widget\" data-e-type=\"widget\" data-widget_type=\"text-editor.default\">\n\t\t\t\t<div class=\"elementor-widget-container\">\n\t\t\t\t\t\t\t\t\t<h2 class=\"font-bold\">Avantatges<\/h2>\t\t\t\t\t\t\t\t<\/div>\n\t\t\t\t<\/div>\n\t\t\t\t<div class=\"elementor-element elementor-element-2e262dac elementor-widget elementor-widget-text-editor\" data-id=\"2e262dac\" data-element_type=\"widget\" data-e-type=\"widget\" data-widget_type=\"text-editor.default\">\n\t\t\t\t<div class=\"elementor-widget-container\">\n\t\t\t\t\t\t\t\t\t<p class=\"font-bold\">Registra\u2019t al club i participa en el sorteig d\u2019experi\u00e8ncies gratu\u00eftes per tu i els teus! Gaudir\u00e0s de descomptes, sortejos, recomanacions personalitzades i molts avantatges m\u00e9s.<\/p>\n\n<p class=\"font-bold\">Ser membre del club \u00e9s completament gratu\u00eft!<\/p>\n\n<p class=\"font-bold\">Nom\u00e9s per registrar-te entrar\u00e0s a formar part en el sorteig d\u2019experi\u00e8ncies que l\u2019Estaci\u00f3 N\u00e0utica posa al teu abast.<\/p>\n\n<p class=\"font-bold\">Obsequi de benvinguda al club<\/p>\n\n<p class=\"font-bold\">Gaudir\u00e0s d\u2019avantatges en esdeveniments, places preferents i obsequis especials!<\/p>\n\n<p class=\"font-bold\">Disposar\u00e0s d\u2019un ampli ventall d\u2019activitats n\u00e0utiques, de natura i aventura, cultura, gastronomia i allotjaments amb ofertes exclusives!<\/p>\n\n<p class=\"font-bold\">Accedeix a CODIS PROMOCIONALS EXCLUSIUS<\/p>\t\t\t\t\t\t\t\t<\/div>\n\t\t\t\t<\/div>\n\t\t\t\t\t<\/div>\n\t\t<\/div>\n\t\t\t\t\t<\/div>\n\t\t<\/section>\n\t\t\t\t<section class=\"elementor-section elementor-top-section elementor-element elementor-element-87152e3 elementor-section-boxed elementor-section-height-default elementor-section-height-default\" data-id=\"87152e3\" data-element_type=\"section\" data-e-type=\"section\">\n\t\t\t\t\t\t<div class=\"elementor-container elementor-column-gap-default\">\n\t\t\t\t\t<div class=\"elementor-column elementor-col-50 elementor-top-column elementor-element elementor-element-28a8841\" data-id=\"28a8841\" data-element_type=\"column\" data-e-type=\"column\" data-settings=\"{&quot;background_background&quot;:&quot;classic&quot;}\">\n\t\t\t<div class=\"elementor-widget-wrap elementor-element-populated\">\n\t\t\t\t\t\t<div class=\"elementor-element elementor-element-8a5cce1 elementor-widget elementor-widget-text-editor\" data-id=\"8a5cce1\" data-element_type=\"widget\" data-e-type=\"widget\" data-widget_type=\"text-editor.default\">\n\t\t\t\t<div class=\"elementor-widget-container\">\n\t\t\t\t\t\t\t\t\t<a href=\"https:\/\/enlarapita.com\/\" target=\"_blank\">\n<div class=\"landing_club-content\">\n\nTot l\u2019Ebre a les teves mans\n<h2><span class=\"font-bold\">en<\/span>larapita.com<\/h2>\n<p class=\"font-26\">Totes les experi\u00e8ncies de la Estaci\u00f3 N\u00e0utica La R\u00e0pita \u00b7 Delta de l\u2019Ebre a un click<\/p>\n\n<\/div>\n<\/a>\t\t\t\t\t\t\t\t<\/div>\n\t\t\t\t<\/div>\n\t\t\t\t\t<\/div>\n\t\t<\/div>\n\t\t\t\t<div class=\"elementor-column elementor-col-50 elementor-top-column elementor-element elementor-element-c5d0d24\" data-id=\"c5d0d24\" data-element_type=\"column\" data-e-type=\"column\" data-settings=\"{&quot;background_background&quot;:&quot;classic&quot;}\">\n\t\t\t<div class=\"elementor-widget-wrap elementor-element-populated\">\n\t\t\t\t\t\t<div class=\"elementor-element elementor-element-698ed29 elementor-widget elementor-widget-text-editor\" data-id=\"698ed29\" data-element_type=\"widget\" data-e-type=\"widget\" data-widget_type=\"text-editor.default\">\n\t\t\t\t<div class=\"elementor-widget-container\">\n\t\t\t\t\t\t\t\t\t<a href=\"https:\/\/enlarapita.com\/\" target=\"_blank\">\n<div class=\"landing_club-content\">\n\nGuanya ingressos extra\n<h2><span class=\"font-bold\">hosts<\/span>en!<\/h2>\n<p class=\"font-26\">Fes-te teus els productes de la Estaci\u00f3 N\u00e0utica La R\u00e0pita \u00b7 Terres de l\u2019Ebre<\/p>\n\n<\/div>\n<\/a>\t\t\t\t\t\t\t\t<\/div>\n\t\t\t\t<\/div>\n\t\t\t\t\t<\/div>\n\t\t<\/div>\n\t\t\t\t\t<\/div>\n\t\t<\/section>\n\t\t\t\t<section class=\"elementor-section elementor-top-section elementor-element elementor-element-1beaea04 landing_formulari elementor-section-boxed elementor-section-height-default elementor-section-height-default\" data-id=\"1beaea04\" data-element_type=\"section\" data-e-type=\"section\">\n\t\t\t\t\t\t<div class=\"elementor-container elementor-column-gap-default\">\n\t\t\t\t\t<div class=\"elementor-column elementor-col-100 elementor-top-column elementor-element elementor-element-31a71fdf\" data-id=\"31a71fdf\" data-element_type=\"column\" data-e-type=\"column\">\n\t\t\t<div class=\"elementor-widget-wrap elementor-element-populated\">\n\t\t\t\t\t\t<div class=\"elementor-element elementor-element-2e5944ee elementor-widget elementor-widget-text-editor\" data-id=\"2e5944ee\" data-element_type=\"widget\" data-e-type=\"widget\" data-widget_type=\"text-editor.default\">\n\t\t\t\t<div class=\"elementor-widget-container\">\n\t\t\t\t\t\t\t\t\tContacta\t\t\t\t\t\t\t\t<\/div>\n\t\t\t\t<\/div>\n\t\t\t\t<div class=\"elementor-element elementor-element-6f1cb620 elementor-widget elementor-widget-text-editor\" data-id=\"6f1cb620\" data-element_type=\"widget\" data-e-type=\"widget\" data-widget_type=\"text-editor.default\">\n\t\t\t\t<div class=\"elementor-widget-container\">\n\t\t\t\t\t\t\t\t\tEnvia\u2019ns un missatge\t\t\t\t\t\t\t\t<\/div>\n\t\t\t\t<\/div>\n\t\t\t\t<div class=\"elementor-element elementor-element-1a857ce3 formulari-contacte eael-contact-form-7-button-align-left eael-contact-form-7-button-custom elementor-widget elementor-widget-eael-contact-form-7\" data-id=\"1a857ce3\" data-element_type=\"widget\" data-e-type=\"widget\" data-widget_type=\"eael-contact-form-7.default\">\n\t\t\t\t<div class=\"elementor-widget-container\">\n\t\t\t\t\t<div class=\"eael-contact-form-7-wrapper\">\n                <div class=\"eael-contact-form eael-contact-form-7 eael-contact-form-1a857ce3 placeholder-show eael-contact-form-align-default\">\n<div class=\"wpcf7 no-js\" id=\"wpcf7-f187-o1\" lang=\"es-ES\" dir=\"ltr\" data-wpcf7-id=\"187\">\n<div class=\"screen-reader-response\"><p role=\"status\" aria-live=\"polite\" aria-atomic=\"true\"><\/p> <ul><\/ul><\/div>\n<form action=\"\/deltalovers\/wp-json\/wp\/v2\/pages\/476#wpcf7-f187-o1\" method=\"post\" class=\"wpcf7-form init wpcf7-acceptance-as-validation\" aria-label=\"Formulario de contacto\" novalidate=\"novalidate\" data-status=\"init\">\n<fieldset class=\"hidden-fields-container\"><input type=\"hidden\" name=\"_wpcf7\" value=\"187\" \/><input type=\"hidden\" name=\"_wpcf7_version\" value=\"6.1.5\" \/><input type=\"hidden\" name=\"_wpcf7_locale\" value=\"es_ES\" \/><input type=\"hidden\" name=\"_wpcf7_unit_tag\" value=\"wpcf7-f187-o1\" \/><input type=\"hidden\" name=\"_wpcf7_container_post\" value=\"0\" \/><input type=\"hidden\" name=\"_wpcf7_posted_data_hash\" value=\"\" \/><input type=\"hidden\" name=\"_wpcf7_recaptcha_response\" value=\"\" \/>\n<\/fieldset>\n<div class=\"contenedor-formulari\">\n\t<div class=\"element-formulari\">\n\t\t<p><span class=\"wpcf7-form-control-wrap\" data-name=\"your-name\"><input size=\"40\" maxlength=\"400\" class=\"wpcf7-form-control wpcf7-text wpcf7-validates-as-required\" aria-required=\"true\" aria-invalid=\"false\" placeholder=\"Nom\" value=\"\" type=\"text\" name=\"your-name\" \/><\/span>\n\t\t<\/p>\n\t<\/div>\n\t<div class=\"element-formulari\">\n\t\t<p><span class=\"wpcf7-form-control-wrap\" data-name=\"your-email\"><input size=\"40\" maxlength=\"400\" class=\"wpcf7-form-control wpcf7-email wpcf7-validates-as-required wpcf7-text wpcf7-validates-as-email\" aria-required=\"true\" aria-invalid=\"false\" placeholder=\"Email\" value=\"\" type=\"email\" name=\"your-email\" \/><\/span>\n\t\t<\/p>\n\t<\/div>\n\t<div class=\"element-formulari\">\n\t\t<p><span class=\"wpcf7-form-control-wrap\" data-name=\"your-phone\"><input size=\"40\" maxlength=\"400\" class=\"wpcf7-form-control wpcf7-tel wpcf7-validates-as-required wpcf7-text wpcf7-validates-as-tel\" aria-required=\"true\" aria-invalid=\"false\" placeholder=\"Tel\" value=\"\" type=\"tel\" name=\"your-phone\" \/><\/span>\n\t\t<\/p>\n\t<\/div>\n\t<div class=\"element-formulari\">\n\t\t<p><span class=\"wpcf7-form-control-wrap\" data-name=\"poblacio\"><input size=\"40\" maxlength=\"400\" class=\"wpcf7-form-control wpcf7-text wpcf7-validates-as-required\" aria-required=\"true\" aria-invalid=\"false\" placeholder=\"Poblaci\u00f3\" value=\"\" type=\"text\" name=\"poblacio\" \/><\/span>\n\t\t<\/p>\n\t<\/div>\n<\/div>\n<div class=\"formulari-textarea\">\n\t<p><span class=\"wpcf7-form-control-wrap\" data-name=\"your-message\"><textarea cols=\"40\" rows=\"10\" maxlength=\"2000\" class=\"wpcf7-form-control wpcf7-textarea\" aria-invalid=\"false\" placeholder=\"Missatge\" name=\"your-message\"><\/textarea><\/span>\n\t<\/p>\n<\/div>\n<div class=\"acordeon\">\n\t<h4>Protecci\u00f3 de dades personals<i class=\"fa fa-plus\"><\/i>\n\t<\/h4>\n\t<div class=\"interior\">\n\t\t<p>Utilitzarem les seves dades per respondre consultes i efectuar estudis estad\u00edstics. Per a m\u00e9s informaci\u00f3 sobre el<br \/>\ntractament i els vostres drets, consulteu la <a href=\"https:\/\/enlarapita.com\/politica-privacitat\/\" target=\"_blank\">Pol\u00edtica de privacitat<\/a>\n\t\t<\/p>\n\t<\/div>\n<\/div>\n<div class=\"contacte-accepto\">\n\t<p><span class=\"wpcf7-form-control-wrap\" data-name=\"your-consent\"><span class=\"wpcf7-form-control wpcf7-acceptance\"><span class=\"wpcf7-list-item\"><label><input type=\"checkbox\" name=\"your-consent\" value=\"1\" aria-invalid=\"false\" \/><span class=\"wpcf7-list-item-label\">Accepto que es tractin les meves dades per enviar comunicacions comercials<\/span><\/label><\/span><\/span><\/span>\n\t<\/p>\n<\/div>\n<div class=\"formulari-enviar\">\n\t<p><input class=\"wpcf7-form-control wpcf7-submit has-spinner boto-vert-blanc\" type=\"submit\" value=\"Envia\" \/>\n\t<\/p>\n<\/div><div class=\"wpcf7-response-output\" aria-hidden=\"true\"><\/div>\n<\/form>\n<\/div>\n<\/div>\n            <\/div>\t\t\t\t<\/div>\n\t\t\t\t<\/div>\n\t\t\t\t\t<\/div>\n\t\t<\/div>\n\t\t\t\t\t<\/div>\n\t\t<\/section>\n\t\t\t\t<\/div>\n\t\t","protected":false},"excerpt":{"rendered":"<p>Delta lovers Viu l\u2019Ebre com mai! Gaudeix un m\u00f3n d\u2019activitats i experi\u00e8ncies \u00faniques al teu gust Avantatges Registra\u2019t al club i participa en el sorteig d\u2019experi\u00e8ncies gratu\u00eftes per tu i els teus! Gaudir\u00e0s de descomptes, sortejos, recomanacions personalitzades i molts avantatges m\u00e9s. Ser membre del club \u00e9s completament gratu\u00eft! Nom\u00e9s per registrar-te entrar\u00e0s a formar&hellip; <a class=\"more-link\" href=\"https:\/\/enlarapita.com\/deltalovers\/avantatges\/\">Seguir leyendo <span class=\"screen-reader-text\">Avantatges<\/span><\/a><\/p>\n","protected":false},"author":1,"featured_media":0,"parent":0,"menu_order":0,"comment_status":"closed","ping_status":"closed","template":"elementor_header_footer","meta":{"footnotes":""},"class_list":["post-476","page","type-page","status-publish","hentry","entry"],"_links":{"self":[{"href":"https:\/\/enlarapita.com\/deltalovers\/wp-json\/wp\/v2\/pages\/476","targetHints":{"allow":["GET"]}}],"collection":[{"href":"https:\/\/enlarapita.com\/deltalovers\/wp-json\/wp\/v2\/pages"}],"about":[{"href":"https:\/\/enlarapita.com\/deltalovers\/wp-json\/wp\/v2\/types\/page"}],"author":[{"embeddable":true,"href":"https:\/\/enlarapita.com\/deltalovers\/wp-json\/wp\/v2\/users\/1"}],"replies":[{"embeddable":true,"href":"https:\/\/enlarapita.com\/deltalovers\/wp-json\/wp\/v2\/comments?post=476"}],"version-history":[{"count":0,"href":"https:\/\/enlarapita.com\/deltalovers\/wp-json\/wp\/v2\/pages\/476\/revisions"}],"wp:attachment":[{"href":"https:\/\/enlarapita.com\/deltalovers\/wp-json\/wp\/v2\/media?parent=476"}],"curies":[{"name":"wp","href":"https:\/\/api.w.org\/{rel}","templated":true}]}}