{"id":389,"date":"2021-03-10T07:20:41","date_gmt":"2021-03-10T07:20:41","guid":{"rendered":"https:\/\/enlarapita.com\/deltahosts\/?page_id=389"},"modified":"2021-10-07T14:59:13","modified_gmt":"2021-10-07T14:59:13","slug":"uneix-te","status":"publish","type":"page","link":"https:\/\/enlarapita.com\/deltahosts\/uneix-te\/","title":{"rendered":"Uneix-te"},"content":{"rendered":"\t\t<div data-elementor-type=\"wp-page\" data-elementor-id=\"389\" class=\"elementor elementor-389\" data-elementor-settings=\"[]\">\n\t\t\t\t\t\t<div class=\"elementor-inner\">\n\t\t\t\t\t\t\t<div class=\"elementor-section-wrap\">\n\t\t\t\t\t\t\t<section class=\"elementor-section elementor-top-section elementor-element elementor-element-690c684e landing_seccio-1 seccio-lateral-30 elementor-section-boxed elementor-section-height-default elementor-section-height-default\" data-id=\"690c684e\" data-element_type=\"section\" data-settings=\"{&quot;background_background&quot;:&quot;classic&quot;}\">\n\t\t\t\t\t\t\t<div class=\"elementor-background-overlay\"><\/div>\n\t\t\t\t\t\t\t<div class=\"elementor-container elementor-column-gap-default\">\n\t\t\t\t\t\t\t<div class=\"elementor-row\">\n\t\t\t\t\t<div class=\"elementor-column elementor-col-100 elementor-top-column elementor-element elementor-element-32335877\" data-id=\"32335877\" data-element_type=\"column\">\n\t\t\t<div class=\"elementor-column-wrap elementor-element-populated\">\n\t\t\t\t\t\t\t<div class=\"elementor-widget-wrap\">\n\t\t\t\t\t\t<div class=\"elementor-element elementor-element-2f312289 elementor-widget__width-initial elementor-widget elementor-widget-text-editor\" data-id=\"2f312289\" data-element_type=\"widget\" data-widget_type=\"text-editor.default\">\n\t\t\t\t<div class=\"elementor-widget-container\">\n\t\t\t\t\t\t\t\t<div class=\"elementor-text-editor elementor-clearfix\">\n\t\t\t\t<h2>Promou els productes de l\u2019Estaci\u00f3 N\u00e0utica i fes-ne un actiu personal<\/h2>\t\t\t\t\t<\/div>\n\t\t\t\t\t\t<\/div>\n\t\t\t\t<\/div>\n\t\t\t\t<div class=\"elementor-element elementor-element-905c31b elementor-widget__width-initial elementor-widget elementor-widget-text-editor\" data-id=\"905c31b\" data-element_type=\"widget\" data-widget_type=\"text-editor.default\">\n\t\t\t\t<div class=\"elementor-widget-container\">\n\t\t\t\t\t\t\t\t<div class=\"elementor-text-editor elementor-clearfix\">\n\t\t\t\tUsa la teva audi\u00e8ncia o contactes per a divulgar els productes i serveis de l\u2019Estaci\u00f3 N\u00e0utica i guanya ingressos extra per cada venda com Amfitri\u00f3\/na.\t\t\t\t\t<\/div>\n\t\t\t\t\t\t<\/div>\n\t\t\t\t<\/div>\n\t\t\t\t\t\t<\/div>\n\t\t\t\t\t<\/div>\n\t\t<\/div>\n\t\t\t\t\t\t\t\t<\/div>\n\t\t\t\t\t<\/div>\n\t\t<\/section>\n\t\t\t\t<section class=\"elementor-section elementor-top-section elementor-element elementor-element-6f29345d home_seccio-empreses elementor-section-boxed elementor-section-height-default elementor-section-height-default\" data-id=\"6f29345d\" data-element_type=\"section\">\n\t\t\t\t\t\t<div class=\"elementor-container elementor-column-gap-default\">\n\t\t\t\t\t\t\t<div class=\"elementor-row\">\n\t\t\t\t\t<div class=\"elementor-column elementor-col-100 elementor-top-column elementor-element elementor-element-e7a0387\" data-id=\"e7a0387\" data-element_type=\"column\">\n\t\t\t<div class=\"elementor-column-wrap elementor-element-populated\">\n\t\t\t\t\t\t\t<div class=\"elementor-widget-wrap\">\n\t\t\t\t\t\t<div class=\"elementor-element elementor-element-786fe573 elementor-widget elementor-widget-text-editor\" data-id=\"786fe573\" data-element_type=\"widget\" data-widget_type=\"text-editor.default\">\n\t\t\t\t<div class=\"elementor-widget-container\">\n\t\t\t\t\t\t\t\t<div class=\"elementor-text-editor elementor-clearfix\">\n\t\t\t\t<h1>Uneix-te<\/h1>\t\t\t\t\t<\/div>\n\t\t\t\t\t\t<\/div>\n\t\t\t\t<\/div>\n\t\t\t\t<div class=\"elementor-element elementor-element-60649d0 uneixte__formularis formulari-contacte elementor-widget elementor-widget-eael-adv-tabs\" data-id=\"60649d0\" data-element_type=\"widget\" data-widget_type=\"eael-adv-tabs.default\">\n\t\t\t\t<div class=\"elementor-widget-container\">\n\t\t\t        <div id=\"eael-advance-tabs-60649d0\" class=\"eael-advance-tabs eael-tabs-horizontal\" data-tabid=\"60649d0\">\n            <div class=\"eael-tabs-nav\">\n                <ul class=\"eael-tab-inline-icon\">\n                                            <li id=\"empresa\" class=\"inactive eael-tab-item-trigger\">\n                            \n                                                                <i class=\"fas fa-store\"><\/i>                                                            \n                                                            <span class=\"eael-tab-title title-after-icon\">Empresa<\/span>\n                            \n                                                    <\/li>\n                                            <li id=\"particular\" class=\"inactive eael-tab-item-trigger\">\n                            \n                                                                <i class=\"far fa-user\"><\/i>                                                            \n                                                            <span class=\"eael-tab-title title-after-icon\">Particular<\/span>\n                            \n                                                    <\/li>\n                                    <\/ul>\n            <\/div>\n            <div class=\"eael-tabs-content\">\n\t\t        \n                    <div id=\"empresa-tab\" class=\"clearfix eael-tab-content-item inactive\" data-title-link=\"empresa-tab\">\n\t\t\t\t        \t\t\t\t\t        <strong>Ets empresa tur\u00edstica, tens un blog o una web?<\/strong>\n<strong>Registra\u2019t a HOSTS.EN i obtindr\u00e0s molts avantatges!<\/strong>\n\nL\u2019Estaci\u00f3 N\u00e0utica t\u2019ofereix un ampli ventall d\u2019activitats per a complementar la teva oferta i et donem les eines necess\u00e0ries per implentar-ho a la teva empresa.\n<ul>\n \t<li>Opci\u00f3 1: Guanya comissions! Per cada reserva realitzada en el teu canal, t\u2019emportar\u00e0s un 10% de comissi\u00f3 sobre el PVP.<\/li>\n \t<li>Opci\u00f3 2: Ofereix descomptes, ofertes i promocions d\u2019activitats als teus clients potencials.<\/li>\n<\/ul>\nA m\u00e9s, ser HOST et permetr\u00e0:\n<ul>\n \t<li>Oferir activitats complement\u00e0ries als teus clients (valor afegit).<\/li>\n \t<li>Augmentar la teva visibilitat online (web, xarxes socials, ...)<\/li>\n \t<li>Establir relacions de cooperaci\u00f3 i col\u00b7laboraci\u00f3 amb empreses del territori registrades al club.<\/li>\n<\/ul>\nEn tot moment podr\u00e0s fer el seguiment de les teves reserves al teu canal\/espai empresa.\n<div class=\"uneixte__botons\">\n<a class=\"boto-vert-blanc\" href=\"https:\/\/mrplan.io\/experiencias\/modulos\/TCodDescuento\/alta_agencia.php?h=40419334f4df7dfd39186e059bb3b27300046b8cfc5f5ec0877eb75bf8d5eaa1\" target=\"_blank\">Empresa amb descompte<\/a>\n<a class=\"boto-vert-blanc\" href=\"https:\/\/mrplan.io\/experiencias\/modulos\/TCodDescuento\/alta_agencia.php?h=8b9d906b1d74cf32c5d2935ad0a9d0220b0ea0fda10fc811a9503adf64129571\" target=\"_blank\">Empresa amb comisi\u00f3<\/a>\n<\/div>\t\t\t\t                            <\/div>\n\t\t        \n                    <div id=\"particular-tab\" class=\"clearfix eael-tab-content-item inactive\" data-title-link=\"particular-tab\">\n\t\t\t\t        \t\t\t\t\t        <strong>Fes-te HOST.EN i podr\u00e0s obtenir ingressos complementaris!<\/strong>\n\nAjuda\u2019ns a compartir el Delta!\n\nPorta els teus amics i coneguts a fer activitats i aconsegueix ingressos extra! Registra\u2019t, i comparteix el codi QR o el link que et proporcionarem per tal que el comparteixis amb el teu grup d\u2019amics, familiars o seguidors. Per cada reserva, obtindr\u00e0s un 10% de comissi\u00f3!\n\nTens un blog personal? Registra\u2019t i podr\u00e0s enlla\u00e7ar les nostres activitats a la teva web.Per cada reserva realitzada en el teu canal, t\u2019emportar\u00e0s un 10% de comissi\u00f3 sobre el PVP.\n\nEn tot moment, podr\u00e0s fer el seguiment de les teves reserves al teu canal\/espai particular.\n<div class=\"uneixte__botons\">\n<a class=\"boto-vert-blanc\" href=\"https:\/\/mrplan.io\/experiencias\/modulos\/TCodDescuento\/alta_agencia.php?h=ca3d3f8cc1be614364e3d26a6cd1952b04d4efd77fa7ce2851c3c53f1275d9ce\" target=\"_blank\">Particulars amb comisi\u00f3<\/a>\n<\/div>\t\t\t\t                            <\/div>\n\t\t                    <\/div>\n        <\/div>\n\t\t<\/div>\n\t\t\t\t<\/div>\n\t\t\t\t\t\t<\/div>\n\t\t\t\t\t<\/div>\n\t\t<\/div>\n\t\t\t\t\t\t\t\t<\/div>\n\t\t\t\t\t<\/div>\n\t\t<\/section>\n\t\t\t\t<section class=\"elementor-section elementor-top-section elementor-element elementor-element-3c780fce landing_club elementor-section-boxed elementor-section-height-default elementor-section-height-default\" data-id=\"3c780fce\" data-element_type=\"section\" data-settings=\"{&quot;background_background&quot;:&quot;classic&quot;}\">\n\t\t\t\t\t\t<div class=\"elementor-container elementor-column-gap-default\">\n\t\t\t\t\t\t\t<div class=\"elementor-row\">\n\t\t\t\t\t<div class=\"elementor-column elementor-col-50 elementor-top-column elementor-element elementor-element-7fd256cf\" data-id=\"7fd256cf\" data-element_type=\"column\" data-settings=\"{&quot;background_background&quot;:&quot;classic&quot;}\">\n\t\t\t<div class=\"elementor-column-wrap elementor-element-populated\">\n\t\t\t\t\t\t\t<div class=\"elementor-widget-wrap\">\n\t\t\t\t\t\t<div class=\"elementor-element elementor-element-2958e419 elementor-widget elementor-widget-text-editor\" data-id=\"2958e419\" data-element_type=\"widget\" data-widget_type=\"text-editor.default\">\n\t\t\t\t<div class=\"elementor-widget-container\">\n\t\t\t\t\t\t\t\t<div class=\"elementor-text-editor elementor-clearfix\">\n\t\t\t\t<a href=\"https:\/\/enlarapita.com\/\" target=\"_blank\">\n<div class=\"landing_club-content\">\n\nTot l\u2019Ebre a les teves mans\n<h2><span class=\"titol-bold\">en<\/span>larapita.com<\/h2>\n<p class=\"font-26\">Totes les experi\u00e8ncies de la Estaci\u00f3 N\u00e0utica La R\u00e0pita \u00b7 Delta de l\u2019Ebre a un click<\/p>\n\n<\/div>\n<\/a>\t\t\t\t\t<\/div>\n\t\t\t\t\t\t<\/div>\n\t\t\t\t<\/div>\n\t\t\t\t\t\t<\/div>\n\t\t\t\t\t<\/div>\n\t\t<\/div>\n\t\t\t\t<div class=\"elementor-column elementor-col-50 elementor-top-column elementor-element elementor-element-5b7947a6\" data-id=\"5b7947a6\" data-element_type=\"column\" data-settings=\"{&quot;background_background&quot;:&quot;classic&quot;}\">\n\t\t\t<div class=\"elementor-column-wrap elementor-element-populated\">\n\t\t\t\t\t\t\t<div class=\"elementor-widget-wrap\">\n\t\t\t\t\t\t<div class=\"elementor-element elementor-element-78cfbe23 elementor-widget__width-initial elementor-widget elementor-widget-text-editor\" data-id=\"78cfbe23\" data-element_type=\"widget\" data-widget_type=\"text-editor.default\">\n\t\t\t\t<div class=\"elementor-widget-container\">\n\t\t\t\t\t\t\t\t<div class=\"elementor-text-editor elementor-clearfix\">\n\t\t\t\t<a href=\"https:\/\/enlarapita.com\/deltalovers\/\" target=\"_blank\">\n<div class=\"landing_club-content\">\n<p>Uneix-te gratu\u00eftament<\/p>\n<h2><span class=\"titol-bold\">delta<\/span>lovers!<\/h2>\n<p class=\"font-26\">Gaudeix un m\u00f3n d\u2019activitats i experi\u00e8ncies \u00faniques al teu gust<\/p>\n<\/div>\n<\/a>\t\t\t\t\t<\/div>\n\t\t\t\t\t\t<\/div>\n\t\t\t\t<\/div>\n\t\t\t\t\t\t<\/div>\n\t\t\t\t\t<\/div>\n\t\t<\/div>\n\t\t\t\t\t\t\t\t<\/div>\n\t\t\t\t\t<\/div>\n\t\t<\/section>\n\t\t\t\t<section class=\"elementor-section elementor-top-section elementor-element elementor-element-24bd8e47 landing_formulari elementor-section-boxed elementor-section-height-default elementor-section-height-default\" data-id=\"24bd8e47\" data-element_type=\"section\">\n\t\t\t\t\t\t<div class=\"elementor-container elementor-column-gap-default\">\n\t\t\t\t\t\t\t<div class=\"elementor-row\">\n\t\t\t\t\t<div class=\"elementor-column elementor-col-100 elementor-top-column elementor-element elementor-element-1c1941d8\" data-id=\"1c1941d8\" data-element_type=\"column\">\n\t\t\t<div class=\"elementor-column-wrap elementor-element-populated\">\n\t\t\t\t\t\t\t<div class=\"elementor-widget-wrap\">\n\t\t\t\t\t\t<div class=\"elementor-element elementor-element-32d2b7f9 elementor-widget elementor-widget-text-editor\" data-id=\"32d2b7f9\" data-element_type=\"widget\" data-widget_type=\"text-editor.default\">\n\t\t\t\t<div class=\"elementor-widget-container\">\n\t\t\t\t\t\t\t\t<div class=\"elementor-text-editor elementor-clearfix\">\n\t\t\t\tContacta\t\t\t\t\t<\/div>\n\t\t\t\t\t\t<\/div>\n\t\t\t\t<\/div>\n\t\t\t\t<div class=\"elementor-element elementor-element-6c160a7c elementor-widget elementor-widget-text-editor\" data-id=\"6c160a7c\" data-element_type=\"widget\" data-widget_type=\"text-editor.default\">\n\t\t\t\t<div class=\"elementor-widget-container\">\n\t\t\t\t\t\t\t\t<div class=\"elementor-text-editor elementor-clearfix\">\n\t\t\t\tEnvia\u2019ns un missatge\t\t\t\t\t<\/div>\n\t\t\t\t\t\t<\/div>\n\t\t\t\t<\/div>\n\t\t\t\t<div class=\"elementor-element elementor-element-66b0b458 formulari-contacte eael-contact-form-7-button-align-left eael-contact-form-7-button-custom elementor-widget elementor-widget-eael-contact-form-7\" data-id=\"66b0b458\" data-element_type=\"widget\" data-widget_type=\"eael-contact-form-7.default\">\n\t\t\t\t<div class=\"elementor-widget-container\">\n\t\t\t<div class=\"eael-contact-form-7-wrapper\">\n                <div class=\"eael-contact-form eael-contact-form-7 eael-contact-form-66b0b458 placeholder-show eael-contact-form-align-default\"><div role=\"form\" class=\"wpcf7\" id=\"wpcf7-f187-o1\" lang=\"es-ES\" dir=\"ltr\">\n<div class=\"screen-reader-response\"><p role=\"status\" aria-live=\"polite\" aria-atomic=\"true\"><\/p> <ul><\/ul><\/div>\n<form action=\"\/deltahosts\/wp-json\/wp\/v2\/pages\/389#wpcf7-f187-o1\" method=\"post\" class=\"wpcf7-form init wpcf7-acceptance-as-validation\" novalidate=\"novalidate\" data-status=\"init\">\n<div style=\"display: none;\">\n<input type=\"hidden\" name=\"_wpcf7\" value=\"187\" \/>\n<input type=\"hidden\" name=\"_wpcf7_version\" value=\"5.5.4\" \/>\n<input type=\"hidden\" name=\"_wpcf7_locale\" value=\"es_ES\" \/>\n<input type=\"hidden\" name=\"_wpcf7_unit_tag\" value=\"wpcf7-f187-o1\" \/>\n<input type=\"hidden\" name=\"_wpcf7_container_post\" value=\"0\" \/>\n<input type=\"hidden\" name=\"_wpcf7_posted_data_hash\" value=\"\" \/>\n<input type=\"hidden\" name=\"_wpcf7_recaptcha_response\" value=\"\" \/>\n<\/div>\n<div class=\"contenedor-formulari\">\n<div class=\"element-formulari\">\n<span class=\"wpcf7-form-control-wrap your-name\"><input type=\"text\" name=\"your-name\" value=\"\" size=\"40\" class=\"wpcf7-form-control wpcf7-text wpcf7-validates-as-required\" aria-required=\"true\" aria-invalid=\"false\" placeholder=\"Nom\" \/><\/span>\n<\/div>\n<div class=\"element-formulari\">\n<span class=\"wpcf7-form-control-wrap your-email\"><input type=\"email\" name=\"your-email\" value=\"\" size=\"40\" class=\"wpcf7-form-control wpcf7-text wpcf7-email wpcf7-validates-as-required wpcf7-validates-as-email\" aria-required=\"true\" aria-invalid=\"false\" placeholder=\"Email\" \/><\/span>\n<\/div>\n<div class=\"element-formulari\">\n<span class=\"wpcf7-form-control-wrap your-phone\"><input type=\"tel\" name=\"your-phone\" value=\"\" size=\"40\" class=\"wpcf7-form-control wpcf7-text wpcf7-tel wpcf7-validates-as-required wpcf7-validates-as-tel\" aria-required=\"true\" aria-invalid=\"false\" placeholder=\"Tel\" \/><\/span>\n<\/div>\n<\/div>\n<div class=\"formulari-textarea\">\n<span class=\"wpcf7-form-control-wrap your-message\"><textarea name=\"your-message\" cols=\"1\" rows=\"5\" class=\"wpcf7-form-control wpcf7-textarea\" aria-invalid=\"false\" placeholder=\"Missatge\"><\/textarea><\/span>\n<\/div>\n<div class=\"acordeon\">\n<h4>Abans d\u2019acceptar, llegeix el consentiment per al tractament de dades personals<i class=\"fa fa-plus\"><\/i><\/h4>\n<div class=\"interior\">De conformitat amb les normatives de protecci\u00f3 de dades, li facilitem la seg\u00fcent informaci\u00f3 del tractament:<br \/>\nResponsable:  ASSOCIACI\u00d3 ESTACI\u00d3 N\u00c0UTICA SANT CARLES DE LA R\u00c0PITA - DELTA DE L'EBRE<br \/>\nFinalitats del tractament: mantenir una relaci\u00f3 comercial i enviar comunicacions de productes o serveis<br \/>\nDrets que teniu: acc\u00e9s, rectificaci\u00f3, portabilitat, supressi\u00f3, limitaci\u00f3 i oposici\u00f3<br \/>\nM\u00e9s informaci\u00f3 del tractament a la <a href=\"https:\/\/enlarapita.com\/ca\/politica-de-privacitat.html\" target=\"_blank\">Pol\u00edtica de privacitat<\/a>\n<\/div>\n<\/div>\n<div class=\"contacte-accepto\">\n<span class=\"wpcf7-form-control-wrap your-consent\"><span class=\"wpcf7-form-control wpcf7-acceptance\"><span class=\"wpcf7-list-item\"><label><input type=\"checkbox\" name=\"your-consent\" value=\"1\" aria-invalid=\"false\" \/><span class=\"wpcf7-list-item-label\">Accepto que es tractin les meves dades per rebre comunicacions de productes o serveis<\/span><\/label><\/span><\/span><\/span>\n<\/div>\n<div class=\"formulari-enviar\">\n<input type=\"submit\" value=\"Enviar missatge\" class=\"wpcf7-form-control has-spinner wpcf7-submit boto-vert-blanc\" \/>\n<\/div>\n<div class=\"wpcf7-response-output\" aria-hidden=\"true\"><\/div><\/form><\/div><\/div>\n            <\/div>\t\t<\/div>\n\t\t\t\t<\/div>\n\t\t\t\t\t\t<\/div>\n\t\t\t\t\t<\/div>\n\t\t<\/div>\n\t\t\t\t\t\t\t\t<\/div>\n\t\t\t\t\t<\/div>\n\t\t<\/section>\n\t\t\t\t\t\t<\/div>\n\t\t\t\t\t\t<\/div>\n\t\t\t\t\t<\/div>\n\t\t","protected":false},"excerpt":{"rendered":"<p>Promou els productes de l\u2019Estaci\u00f3 N\u00e0utica i fes-ne un actiu personal Usa la teva audi\u00e8ncia o contactes per a divulgar els productes i serveis de l\u2019Estaci\u00f3 N\u00e0utica i guanya ingressos extra per cada venda com Amfitri\u00f3\/na. Uneix-te Empresa Particular Ets empresa tur\u00edstica, tens un blog o una web? Registra\u2019t a HOSTS.EN i obtindr\u00e0s molts avantatges!&hellip; <a class=\"more-link\" href=\"https:\/\/enlarapita.com\/deltahosts\/uneix-te\/\">Seguir leyendo <span class=\"screen-reader-text\">Uneix-te<\/span><\/a><\/p>\n","protected":false},"author":1,"featured_media":0,"parent":0,"menu_order":0,"comment_status":"closed","ping_status":"closed","template":"elementor_header_footer","meta":{"footnotes":""},"class_list":["post-389","page","type-page","status-publish","hentry","entry"],"_links":{"self":[{"href":"https:\/\/enlarapita.com\/deltahosts\/wp-json\/wp\/v2\/pages\/389","targetHints":{"allow":["GET"]}}],"collection":[{"href":"https:\/\/enlarapita.com\/deltahosts\/wp-json\/wp\/v2\/pages"}],"about":[{"href":"https:\/\/enlarapita.com\/deltahosts\/wp-json\/wp\/v2\/types\/page"}],"author":[{"embeddable":true,"href":"https:\/\/enlarapita.com\/deltahosts\/wp-json\/wp\/v2\/users\/1"}],"replies":[{"embeddable":true,"href":"https:\/\/enlarapita.com\/deltahosts\/wp-json\/wp\/v2\/comments?post=389"}],"version-history":[{"count":21,"href":"https:\/\/enlarapita.com\/deltahosts\/wp-json\/wp\/v2\/pages\/389\/revisions"}],"predecessor-version":[{"id":625,"href":"https:\/\/enlarapita.com\/deltahosts\/wp-json\/wp\/v2\/pages\/389\/revisions\/625"}],"wp:attachment":[{"href":"https:\/\/enlarapita.com\/deltahosts\/wp-json\/wp\/v2\/media?parent=389"}],"curies":[{"name":"wp","href":"https:\/\/api.w.org\/{rel}","templated":true}]}}